{"id":14,"date":"2022-06-23T08:42:55","date_gmt":"2022-06-23T08:42:55","guid":{"rendered":"https:\/\/sites.uef.fi\/biopro\/?page_id=14"},"modified":"2025-10-17T10:10:25","modified_gmt":"2025-10-17T07:10:25","slug":"front-page","status":"publish","type":"page","link":"https:\/\/sites.uef.fi\/biopro\/","title":{"rendered":"Presentation"},"content":{"rendered":"\n<h1 class=\"wp-block-heading\">Biomass Production<\/h1>\n\n\n\n<div class=\"wp-block-group\"><div class=\"wp-block-group__inner-container is-layout-constrained wp-block-group-is-layout-constrained\">\n<div class=\"wp-block-group\"><div class=\"wp-block-group__inner-container is-layout-constrained wp-block-group-is-layout-constrained\">\n<div class=\"wp-block-group\"><div class=\"wp-block-group__inner-container is-layout-constrained wp-block-group-is-layout-constrained\">\n<div class=\"wp-block-group\"><div class=\"wp-block-group__inner-container is-layout-constrained wp-block-group-is-layout-constrained\">\n<h2 class=\"wp-block-heading\">Presentation<\/h2>\n\n\n\n<p>Part of the School of Forest Sciences of the UEF, the Research Group of <strong>Biomass Production<\/strong> studies sustainable approaches to produce biomass for the growing bioeconomy. Intensive forestry and plantations have the potential to deliver large amounts of biomass as well as additional ecosystem services related to soil, water and biodiversity. At the same time, there are rising problems derived from the intensive exploitation of biomass resources. Risks, whether biotic (pests and diseases), abiotic (fire, wind or erosion) or social (forest conflicts) affect and disrupt the production of biomass; governance and wood valorisation are tools that can be integrated in risk management strategies to address these threats.<\/p>\n\n\n\n<p>The group is integrated in several international research networks and counts with researchers with a wide array of backgrounds, from forest modelling to wood valorization.<\/p>\n<\/div><\/div>\n\n\n\n<p class=\"has-text-align-center has-background\" style=\"background-color:#f5f5f5\"><a href=\"http:\/\/www.linkedin.com\/comm\/mynetwork\/discovery-see-all?usecase=PEOPLE_FOLLOWS&amp;followMember=blasmola\">Follow LinkedIn<\/a> &#8211; <a href=\"https:\/\/sites.google.com\/view\/blasmola\/\">Google sites<\/a> &#8211; <a href=\"https:\/\/sites.google.com\/d\/1z7VlFFyYjXBtwEH3cTw5o4itNdpjf2o7\/p\/1wa3nYZshWvJqJ3EIYoI3I_AqY4-OjJ53\/edit\">Research<\/a> &#8211; <a href=\"https:\/\/sites.google.com\/view\/blasmola\/dissemination\">News<\/a><\/p>\n<\/div><\/div>\n\n\n\n<div class=\"wp-block-group\"><div class=\"wp-block-group__inner-container is-layout-constrained wp-block-group-is-layout-constrained\">\n<h2 class=\"wp-block-heading\">Featuring latest research<\/h2>\n\n\n\n<p>Pineda\u2010Zapata, S., &amp; Mola\u2010Yudego, B. (2025). European Biomass Production Systems: Characterization and Potential Contribution to Land Use Diversity. GCB Bioenergy, 17(7), e70057. [<a href=\"https:\/\/onlinelibrary.wiley.com\/doi\/10.1111\/gcbb.70057\" target=\"_blank\" rel=\"noreferrer noopener\">PDF<\/a>][<a href=\"https:\/\/www.researchgate.net\/journal\/GCB-Bioenergy-1757-1707\/publication\/392919422_European_Biomass_Production_Systems_Characterization_and_Potential_Contribution_to_Land_Use_Diversity\/links\/6858e90ee8fa0f5c2825cb34\/European-Biomass-Production-Systems-Characterization-and-Potential-Contribution-to-Land-Use-Diversity.pdf?origin=publicationDetail&amp;_sg%5B0%5D=hVgP5d3hD8VKHrNAUD88548ZckgekP0zyYPeRTv4EerBzgK_jksexIUE9xW-Dj3eYUoS-tpcXUu0R50WomcAQw.-UF63aQK5-t2AMObWk_BtJXpDE5ZyuKiEIK7ke3nuZhpm1NbnojxQPs9SI91T88zbScdg4Qy4Ldyk-2zVyK_rg&amp;_sg%5B1%5D=RaAaCeU9J9515zDfeI97q9p-EfRM_sK3xe9uvCDs97ZxFwAK8r-32qmRWVLds5W1gQc4JjQ_vdcP1WetC3w_Yqes2LpwH0WQabj98iVdi7bx.-UF63aQK5-t2AMObWk_BtJXpDE5ZyuKiEIK7ke3nuZhpm1NbnojxQPs9SI91T88zbScdg4Qy4Ldyk-2zVyK_rg&amp;_iepl=&amp;_rtd=eyJjb250ZW50SW50ZW50IjoibWFpbkl0ZW0ifQ%3D%3D&amp;_tp=eyJjb250ZXh0Ijp7ImZpcnN0UGFnZSI6ImhvbWUiLCJwYWdlIjoicHVibGljYXRpb24iLCJwb3NpdGlvbiI6InBhZ2VIZWFkZXIifX0\" target=\"_blank\" rel=\"noreferrer noopener\">RG<\/a>]&nbsp;<a href=\"https:\/\/doi.org\/10.1111\/gcbb.70057\" target=\"_blank\" rel=\"noreferrer noopener\">https:\/\/doi.org\/10.1111\/gcbb.70057<\/a><\/p>\n\n\n\n<p>Papamatthaiakis, N., Barbero-L\u00f3pez, A., Eronen, E., J\u00e4nis, J., Mola-Yudego, B., &amp; Haapala, A. (2025). Hydrothermal Liquefaction of Coffee Silverskin and Spent Coffee Grounds: Bioenergy and Biochemical Potential.&nbsp;<em>BioEnergy Research<\/em>,&nbsp;<em>18<\/em>(1), 1-12.[<a href=\"https:\/\/link.springer.com\/article\/10.1007\/s12155-025-10867-3\" target=\"_blank\" rel=\"noreferrer noopener\">PDF<\/a>][<a href=\"https:\/\/www.researchgate.net\/journal\/BioEnergy-Research-1939-1242\/publication\/393538103_Hydrothermal_Liquefaction_of_Coffee_Silverskin_and_Spent_Coffee_Grounds_Bioenergy_and_Biochemical_Potential\/links\/686f2098b991270ef3026f30\/Hydrothermal-Liquefaction-of-Coffee-Silverskin-and-Spent-Coffee-Grounds-Bioenergy-and-Biochemical-Potential.pdf?origin=publicationDetail&amp;_sg%5B0%5D=F6VOGN8KwrxPuzDvXLxn9qE-4DiIZayOZ2C5mCk8i6dxDZyeg5KW8eNZ6QzYoYQT3wZwpEmjB_PjAsxrNYxMLA.DqHEbatzdsVboOXdirGm-wLjLySR55cf13zGeGPS09vcEnIn34UsI6E7x8cugOgywEtgoVaM4L7OmDpbRlDMqA&amp;_sg%5B1%5D=5CeD0_qUhwU-oOt7iDQkLV4VDDr97xcI-lSkx95TAS1skNOYxSsiqp9EuBb2t_9tbsy42XNM0hzYXO-ZcFLGnUjuRWqBU1fDomx-ynUIeugV.DqHEbatzdsVboOXdirGm-wLjLySR55cf13zGeGPS09vcEnIn34UsI6E7x8cugOgywEtgoVaM4L7OmDpbRlDMqA&amp;_iepl=&amp;_rtd=eyJjb250ZW50SW50ZW50IjoibWFpbkl0ZW0ifQ%3D%3D&amp;_tp=eyJjb250ZXh0Ijp7ImZpcnN0UGFnZSI6ImhvbWUiLCJwYWdlIjoicHVibGljYXRpb24iLCJwcmV2aW91c1BhZ2UiOiJzZWFyY2giLCJwb3NpdGlvbiI6InBhZ2VIZWFkZXIifX0\">RG<\/a>]&nbsp;<a href=\"https:\/\/doi.org\/10.1007\/s12155-025-10867-3\">https:\/\/doi.org\/10.1007\/s12155-025-10867-3<\/a><\/p>\n\n\n\n<p>Schilling, C., Mola-Yudego, B., Marinescu, M., Gaston, C., &amp; R\u00f6ser, D. (2025). Biomass gasification as a viable alternative for small-scaled combined heat and power technologies in remote communities in Canada.&nbsp;<em>BioEnergy Research<\/em>,&nbsp;<em>18<\/em>(1), 19.[<a href=\"https:\/\/link.springer.com\/article\/10.1007\/s12155-024-10812-w\">PDF<\/a>][<a href=\"https:\/\/www.researchgate.net\/journal\/BioEnergy-Research-1939-1242\/publication\/388564978_Biomass_Gasification_as_a_Viable_Alternative_for_Small-scaled_Combined_Heat_and_Power_Technologies_in_Remote_Communities_in_Canada\/links\/679d943d4c479b26c9c6bcfc\/Biomass-Gasification-as-a-Viable-Alternative-for-Small-scaled-Combined-Heat-and-Power-Technologies-in-Remote-Communities-in-Canada.pdf?origin=publicationDetail&amp;_sg%5B0%5D=rO_WNSvjfJG8KQsKC4QbHuLRZXQv0v7FmaSq4hwCcqPJX6Gh3CAZ42T-3LIue53LqWzvrYVQPsk5Ul8s0bMxqA.1QwWRe6SGHLv0SHiGq34uFKjZuz0pB1PntXqK7MC0FKJIhY5RCNh6eBeESkydUmH-JlvQD2vZQE77wYfm7iFOw&amp;_sg%5B1%5D=4M0ou3UemITZcOANRUqMSWLxSIT0vvMfAIKW-MYEO_rDYSxtl3EMPwlmROmoPEPaJalbHoXyr9ey2jOXSPawC-nSk6c_kQgbr21k6MJgwUfQ.1QwWRe6SGHLv0SHiGq34uFKjZuz0pB1PntXqK7MC0FKJIhY5RCNh6eBeESkydUmH-JlvQD2vZQE77wYfm7iFOw&amp;_iepl=&amp;_rtd=eyJjb250ZW50SW50ZW50IjoibWFpbkl0ZW0ifQ%3D%3D&amp;_tp=eyJjb250ZXh0Ijp7ImZpcnN0UGFnZSI6ImhvbWUiLCJwYWdlIjoicHVibGljYXRpb24iLCJwb3NpdGlvbiI6InBhZ2VIZWFkZXIifX0\">RG<\/a>]&nbsp;<a href=\"https:\/\/doi.org\/10.1007\/s12155-024-10812-w\">https:\/\/doi.org\/10.1007\/s12155-024-10812-w<\/a><\/p>\n\n\n\n<p>Peris-Llopis, M., Vastaranta, M., Saarinen, N., Gonz\u00e1lez-Olabarria, J. R., Garc\u00eda-Gonzalo, J., &amp; Mola-Yudego, B. (2024). <a href=\"https:\/\/www.researchgate.net\/publication\/382020379_Post-fire_vegetation_dynamics_and_location_as_main_drivers_of_fire_recurrence_in_Mediterranean_forests\">Post-fire vegetation dynamics and location as main drivers of fire recurrence in Mediterranean forests<\/a>. Forest Ecology and Management, 568, 122126.[<a href=\"https:\/\/www.sciencedirect.com\/science\/article\/pii\/S0378112724004389\">PDF<\/a>][<a href=\"https:\/\/www.researchgate.net\/publication\/382020379_Post-fire_vegetation_dynamics_and_location_as_main_drivers_of_fire_recurrence_in_Mediterranean_forests\">RG<\/a>]<\/p>\n\n\n\n<p>Peris-Llopis, M., Mola-Yudego, B., Berninger, F.,&nbsp;Garcia-Gonzalo, J., Gonzalez-Olabarria JR.&nbsp;<a href=\"https:\/\/www.researchgate.net\/publication\/379808828_Impact_of_species_composition_on_fire-induced_stand_damage_in_Spanish_forests\">Impact of species composition on fire-induced stand damage in Spanish forests<\/a>.&nbsp;Sci Rep&nbsp;14, 8594 (2024). [<a href=\"https:\/\/www.researchgate.net\/publication\/379808828_Impact_of_species_composition_on_fire-induced_stand_damage_in_Spanish_forests\">PDF<\/a>][<a href=\"https:\/\/www.researchgate.net\/publication\/379808828_Impact_of_species_composition_on_fire-induced_stand_damage_in_Spanish_forests\">RG<\/a>]<\/p>\n\n\n\n<p>Mola-Yudego, B., Dimitriou, I., Gagnon, B., Schweinle, J., &amp; Kuli\u0161i\u0107, B. (2024). <a href=\"https:\/\/www.researchgate.net\/publication\/376321049_Priorities_for_the_sustainability_criteria_of_biomass_supply_chains_for_energy\">Priorities for the sustainability criteria of biomass supply chains for energy<\/a>.&nbsp;<em>Journal of Cleaner Production<\/em>,&nbsp;<em>434<\/em>, 140075. [<a href=\"https:\/\/www.sciencedirect.com\/science\/article\/pii\/S0959652623042336\">PDF<\/a>][<a href=\"https:\/\/www.researchgate.net\/publication\/376321049_Priorities_for_the_sustainability_criteria_of_biomass_supply_chains_for_energy\">RG<\/a>]<\/p>\n\n\n\n<p>Barbero-L\u00f3pez, A., L\u00f3pez-G\u00f3mez, Y. M., Carrasco, J., Jokinen, N., Lappalainen, R., Akkanen, J., Mola-Yudego &amp; Haapala, A. (2024). <a href=\"https:\/\/www.researchgate.net\/publication\/376859159_Characterization_and_antifungal_properties_against_wood_decaying_fungi_of_hydrothermal_liquefaction_liquids_from_spent_mushroom_substrate_and_tomato_residues\">Characterization and antifungal properties against wood decaying fungi of hydrothermal liquefaction liquids from spent mushroom substrate and tomato residues<\/a>.&nbsp;<em>Biomass and Bioenergy<\/em>,&nbsp;<em>181<\/em>, 107035.[<a href=\"https:\/\/www.sciencedirect.com\/science\/article\/pii\/S0961953423003343\">PDF<\/a>][<a href=\"https:\/\/www.researchgate.net\/publication\/376859159_Characterization_and_antifungal_properties_against_wood_decaying_fungi_of_hydrothermal_liquefaction_liquids_from_spent_mushroom_substrate_and_tomato_residues\">RG<\/a>]<\/p>\n\n\n\n<p>Chen, L., Keski\u2010Saari, S., Kontunen\u2010Soppela, S., Zhu, X., Zhou, X., H\u00e4nninen, H., &#8230; &amp; Berninger, F. (2023). <a href=\"https:\/\/www.researchgate.net\/publication\/370681915_Immediate_and_carry-over_effects_of_late-spring_frost_and_growing_season_drought_on_forest_gross_primary_productivity_capacity_in_the_Northern_Hemisphere\">Immediate and carry\u2010over effects of late\u2010spring frost and growing season drought on forest gross primary productivity capacity in the Northern Hemisphere<\/a>.&nbsp;<em>Global Change Biology<\/em>.[<a href=\"https:\/\/onlinelibrary.wiley.com\/doi\/10.1111\/gcb.16751\">PDF<\/a>][<a href=\"https:\/\/www.researchgate.net\/publication\/370681915_Immediate_and_carry-over_effects_of_late-spring_frost_and_growing_season_drought_on_forest_gross_primary_productivity_capacity_in_the_Northern_Hemisphere\">RG<\/a>]<\/p>\n<\/div><\/div>\n<\/div><\/div>\n<\/div><\/div>\n","protected":false},"excerpt":{"rendered":"<p>Biomass Production Presentation Part of the School of Forest Sciences of the UEF, the Research Group of Biomass Production studies sustainable approaches to produce biomass for the growing bioeconomy. Intensive forestry and plantations have the potential to deliver large amounts of biomass as well as additional ecosystem services related to soil, water and biodiversity. At &hellip; <\/p>\n<p class=\"link-more\"><a href=\"https:\/\/sites.uef.fi\/biopro\/\" class=\"more-link\">Continue reading<span class=\"screen-reader-text\"> &#8220;Presentation&#8221;<\/span><\/a><\/p>\n","protected":false},"author":836,"featured_media":0,"parent":0,"menu_order":1,"comment_status":"closed","ping_status":"closed","template":"","meta":{"_acf_changed":false,"footnotes":""},"class_list":["post-14","page","type-page","status-publish","hentry"],"acf":[],"yoast_head":"<!-- This site is optimized with the Yoast SEO plugin v27.1.1 - https:\/\/yoast.com\/product\/yoast-seo-wordpress\/ -->\n<title>Presentation - Biomass Production<\/title>\n<meta name=\"description\" content=\"The Research Group of Biomass Production studies sustainable approaches to produce biomass for the growing bioeconomy.\" \/>\n<meta name=\"robots\" content=\"index, follow, max-snippet:-1, max-image-preview:large, max-video-preview:-1\" \/>\n<link rel=\"canonical\" href=\"https:\/\/sites.uef.fi\/biopro\/\" \/>\n<meta property=\"og:locale\" content=\"en_US\" \/>\n<meta property=\"og:type\" content=\"article\" \/>\n<meta property=\"og:title\" content=\"Presentation - Biomass Production\" \/>\n<meta property=\"og:description\" content=\"The Research Group of Biomass Production studies sustainable approaches to produce biomass for the growing bioeconomy.\" \/>\n<meta property=\"og:url\" content=\"https:\/\/sites.uef.fi\/biopro\/\" \/>\n<meta property=\"og:site_name\" content=\"Biomass Production\" \/>\n<meta property=\"article:modified_time\" content=\"2025-10-17T07:10:25+00:00\" \/>\n<meta name=\"twitter:card\" content=\"summary_large_image\" \/>\n<meta name=\"twitter:label1\" content=\"Est. reading time\" \/>\n\t<meta name=\"twitter:data1\" content=\"2 minutes\" \/>\n<script type=\"application\/ld+json\" class=\"yoast-schema-graph\">{\"@context\":\"https:\/\/schema.org\",\"@graph\":[{\"@type\":\"WebPage\",\"@id\":\"https:\/\/sites.uef.fi\/biopro\/\",\"url\":\"https:\/\/sites.uef.fi\/biopro\/\",\"name\":\"Presentation - Biomass Production\",\"isPartOf\":{\"@id\":\"https:\/\/sites.uef.fi\/biopro\/#website\"},\"datePublished\":\"2022-06-23T08:42:55+00:00\",\"dateModified\":\"2025-10-17T07:10:25+00:00\",\"description\":\"The Research Group of Biomass Production studies sustainable approaches to produce biomass for the growing bioeconomy.\",\"breadcrumb\":{\"@id\":\"https:\/\/sites.uef.fi\/biopro\/#breadcrumb\"},\"inLanguage\":\"en-US\",\"potentialAction\":[{\"@type\":\"ReadAction\",\"target\":[\"https:\/\/sites.uef.fi\/biopro\/\"]}]},{\"@type\":\"BreadcrumbList\",\"@id\":\"https:\/\/sites.uef.fi\/biopro\/#breadcrumb\",\"itemListElement\":[{\"@type\":\"ListItem\",\"position\":1,\"name\":\"Home\",\"item\":\"https:\/\/sites.uef.fi\/biopro\/\"},{\"@type\":\"ListItem\",\"position\":2,\"name\":\"Presentation\"}]},{\"@type\":\"WebSite\",\"@id\":\"https:\/\/sites.uef.fi\/biopro\/#website\",\"url\":\"https:\/\/sites.uef.fi\/biopro\/\",\"name\":\"Biomass Production\",\"description\":\"\",\"publisher\":{\"@id\":\"https:\/\/sites.uef.fi\/biopro\/#organization\"},\"potentialAction\":[{\"@type\":\"SearchAction\",\"target\":{\"@type\":\"EntryPoint\",\"urlTemplate\":\"https:\/\/sites.uef.fi\/biopro\/?s={search_term_string}\"},\"query-input\":{\"@type\":\"PropertyValueSpecification\",\"valueRequired\":true,\"valueName\":\"search_term_string\"}}],\"inLanguage\":\"en-US\"},{\"@type\":\"Organization\",\"@id\":\"https:\/\/sites.uef.fi\/biopro\/#organization\",\"name\":\"Biomass Production\",\"url\":\"https:\/\/sites.uef.fi\/biopro\/\",\"logo\":{\"@type\":\"ImageObject\",\"inLanguage\":\"en-US\",\"@id\":\"https:\/\/sites.uef.fi\/biopro\/#\/schema\/logo\/image\/\",\"url\":\"https:\/\/sites.uef.fi\/biopro\/wp-content\/uploads\/sites\/380\/2025\/08\/cropped-Biomass-Production-Research-Group-Logo-Square.png\",\"contentUrl\":\"https:\/\/sites.uef.fi\/biopro\/wp-content\/uploads\/sites\/380\/2025\/08\/cropped-Biomass-Production-Research-Group-Logo-Square.png\",\"width\":250,\"height\":250,\"caption\":\"Biomass Production\"},\"image\":{\"@id\":\"https:\/\/sites.uef.fi\/biopro\/#\/schema\/logo\/image\/\"}}]}<\/script>\n<!-- \/ Yoast SEO plugin. -->","yoast_head_json":{"title":"Presentation - Biomass Production","description":"The Research Group of Biomass Production studies sustainable approaches to produce biomass for the growing bioeconomy.","robots":{"index":"index","follow":"follow","max-snippet":"max-snippet:-1","max-image-preview":"max-image-preview:large","max-video-preview":"max-video-preview:-1"},"canonical":"https:\/\/sites.uef.fi\/biopro\/","og_locale":"en_US","og_type":"article","og_title":"Presentation - Biomass Production","og_description":"The Research Group of Biomass Production studies sustainable approaches to produce biomass for the growing bioeconomy.","og_url":"https:\/\/sites.uef.fi\/biopro\/","og_site_name":"Biomass Production","article_modified_time":"2025-10-17T07:10:25+00:00","twitter_card":"summary_large_image","twitter_misc":{"Est. reading time":"2 minutes"},"schema":{"@context":"https:\/\/schema.org","@graph":[{"@type":"WebPage","@id":"https:\/\/sites.uef.fi\/biopro\/","url":"https:\/\/sites.uef.fi\/biopro\/","name":"Presentation - Biomass Production","isPartOf":{"@id":"https:\/\/sites.uef.fi\/biopro\/#website"},"datePublished":"2022-06-23T08:42:55+00:00","dateModified":"2025-10-17T07:10:25+00:00","description":"The Research Group of Biomass Production studies sustainable approaches to produce biomass for the growing bioeconomy.","breadcrumb":{"@id":"https:\/\/sites.uef.fi\/biopro\/#breadcrumb"},"inLanguage":"en-US","potentialAction":[{"@type":"ReadAction","target":["https:\/\/sites.uef.fi\/biopro\/"]}]},{"@type":"BreadcrumbList","@id":"https:\/\/sites.uef.fi\/biopro\/#breadcrumb","itemListElement":[{"@type":"ListItem","position":1,"name":"Home","item":"https:\/\/sites.uef.fi\/biopro\/"},{"@type":"ListItem","position":2,"name":"Presentation"}]},{"@type":"WebSite","@id":"https:\/\/sites.uef.fi\/biopro\/#website","url":"https:\/\/sites.uef.fi\/biopro\/","name":"Biomass Production","description":"","publisher":{"@id":"https:\/\/sites.uef.fi\/biopro\/#organization"},"potentialAction":[{"@type":"SearchAction","target":{"@type":"EntryPoint","urlTemplate":"https:\/\/sites.uef.fi\/biopro\/?s={search_term_string}"},"query-input":{"@type":"PropertyValueSpecification","valueRequired":true,"valueName":"search_term_string"}}],"inLanguage":"en-US"},{"@type":"Organization","@id":"https:\/\/sites.uef.fi\/biopro\/#organization","name":"Biomass Production","url":"https:\/\/sites.uef.fi\/biopro\/","logo":{"@type":"ImageObject","inLanguage":"en-US","@id":"https:\/\/sites.uef.fi\/biopro\/#\/schema\/logo\/image\/","url":"https:\/\/sites.uef.fi\/biopro\/wp-content\/uploads\/sites\/380\/2025\/08\/cropped-Biomass-Production-Research-Group-Logo-Square.png","contentUrl":"https:\/\/sites.uef.fi\/biopro\/wp-content\/uploads\/sites\/380\/2025\/08\/cropped-Biomass-Production-Research-Group-Logo-Square.png","width":250,"height":250,"caption":"Biomass Production"},"image":{"@id":"https:\/\/sites.uef.fi\/biopro\/#\/schema\/logo\/image\/"}}]}},"_links":{"self":[{"href":"https:\/\/sites.uef.fi\/biopro\/wp-json\/wp\/v2\/pages\/14","targetHints":{"allow":["GET"]}}],"collection":[{"href":"https:\/\/sites.uef.fi\/biopro\/wp-json\/wp\/v2\/pages"}],"about":[{"href":"https:\/\/sites.uef.fi\/biopro\/wp-json\/wp\/v2\/types\/page"}],"author":[{"embeddable":true,"href":"https:\/\/sites.uef.fi\/biopro\/wp-json\/wp\/v2\/users\/836"}],"replies":[{"embeddable":true,"href":"https:\/\/sites.uef.fi\/biopro\/wp-json\/wp\/v2\/comments?post=14"}],"version-history":[{"count":2,"href":"https:\/\/sites.uef.fi\/biopro\/wp-json\/wp\/v2\/pages\/14\/revisions"}],"predecessor-version":[{"id":2035,"href":"https:\/\/sites.uef.fi\/biopro\/wp-json\/wp\/v2\/pages\/14\/revisions\/2035"}],"wp:attachment":[{"href":"https:\/\/sites.uef.fi\/biopro\/wp-json\/wp\/v2\/media?parent=14"}],"curies":[{"name":"wp","href":"https:\/\/api.w.org\/{rel}","templated":true}]}}