{"id":418,"date":"2023-01-30T22:31:54","date_gmt":"2023-01-30T20:31:54","guid":{"rendered":"https:\/\/sites.uef.fi\/biopro\/?page_id=418"},"modified":"2026-03-26T12:13:55","modified_gmt":"2026-03-26T10:13:55","slug":"iea-task-43-projects","status":"publish","type":"page","link":"https:\/\/sites.uef.fi\/biopro\/projects\/iea-task-43-projects\/","title":{"rendered":"IEA Task 43 Projects"},"content":{"rendered":"\n<div class=\"wp-block-group\"><div class=\"wp-block-group__inner-container is-layout-constrained wp-block-group-is-layout-constrained\">\n<h1 class=\"wp-block-heading\" id=\"IEATask43-Introduction\">Introduction<\/h1>\n\n\n\n<p>The International Energy Agency, Task 43 (Biomass) aims to explore technical and economic strategies to increase the quantity of biomass available, improve the quality of biomass delivered for different energy purposes, and explore strategies to increase the value and foster confidence in biomass supply for both direct and cascade use of biomass for energy.<\/p>\n\n\n\n<ul class=\"wp-block-list\">\n<li>Develop, refine, compare and promote sustainable integrated land management strategies that contribute to increased, competitive biomass mobilisation through engaged stakeholder groups in existing and emerging agriculture and forestry lignocellulosic systems.<\/li>\n\n\n\n<li>Develop, refine, compare and promote innovative biomass supply chain and logistics systems through engaged stakeholder groups that more efficiently recover and deliver more high-quality biomass for multiple products and markets including bioenergy.<\/li>\n\n\n\n<li>Explore emerging bioeconomy supply chain and logistics systems to develop integrated solutions for the production and supply of more high-quality biomass.<\/li>\n\n\n\n<li>Foster international collaboration and shared views on strategies to increase the quantity, quality, value, and reliability of biomass supply and logistics.<\/li>\n<\/ul>\n<\/div><\/div>\n\n\n\n<div class=\"wp-block-group\"><div class=\"wp-block-group__inner-container is-layout-constrained wp-block-group-is-layout-constrained\">\n<h1 class=\"wp-block-heading\" id=\"IEATask43-Projects\">Projects<\/h1>\n\n\n\n<div class=\"wp-block-group\"><div class=\"wp-block-group__inner-container is-layout-constrained wp-block-group-is-layout-constrained\">\n<h2 class=\"wp-block-heading\" id=\"IEATask43-Improvingframeworkconditionsforbioenergysupplychainswithinbioeconomy\u2013anapproachforshapingevidence-basedpolicies\">Improving framework conditions for bioenergy supply chains within bioeconomy \u2013 an approach for shaping evidence-based policies<\/h2>\n\n\n\n<p>Team leaders: Biljana Kuli\u0161i\u0107 (EIHP), Blas Mola-Yudego (UEF), Ioannis Dimitriou (SLU), J\u00f6rg Schweinle (Th\u00fcnen-Institute)<\/p>\n\n\n\n<p>This project addresses how supply chains for a certain biomass affect the ability of bioenergy projects to curb the GHG emissions. The project aims to identify what would be the setting of an optimal supply chain for bioenergy with respect to GHG saving in a specific country and what would be the country specific restrictions affecting the supply chain in terms of e.g. policy framework, biomass availability? The project also tries to identify major economic, social and environmental trade-offs of biomass supply chains in a country specific context.<\/p>\n\n\n\n<p>The activity develops a method that can assist decision makers assessing major economic, social and environmental impacts associated with a certain supply chain by ranking different criteria and goals relevant for a decision. Although the methodology is built upon the EU perspective on contribution to the Paris Agreement, the decision making process is applicable beyond the EU countries as it demonstrates decision-making approach.<\/p>\n<\/div><\/div>\n\n\n\n<div class=\"wp-block-group\"><div class=\"wp-block-group__inner-container is-layout-constrained wp-block-group-is-layout-constrained\">\n<h2 class=\"wp-block-heading\" id=\"IEATask43-Ifadvancedbiofuelsassumebiomassgrowing,howshouldwethinkwhendecidingabouttheoptimalproductionsystemandwhataboutthepotentialtrade-offs?\">If advanced biofuels assume biomass growing, how should we think when deciding about the optimal production system and what about the potential trade-offs?<\/h2>\n\n\n\n<p>Team leaders:&nbsp;Biljana Kuli\u0161i\u0107 (EIHP), Blas Mola-Yudego (UEF), Ioannis Dimitriou (SLU)<\/p>\n\n\n\n<p>Stable, secure, homogeneous and quality biomass supply is a condition&nbsp;<em>sine qua non<\/em>&nbsp;to reach competitiveness margin in advanced biofuels production. The economics of advanced biofuels production are on the margin, which motivates investors to maximise the control over the biomass supply. Lignocellulosic material, suitable for advanced biofuels production, is still not a worldwide tradeable bioenergy good as pellets, chips and 1G biofuel. Until the world trade on lignocellulosic material matures, the option for the investor to have the maximum control is to grow a large proportion (say 80%) of biomass and the rest to be found on the open market. The purpose of this project is to highlight how different biomass growing systems (land intensification or extensification the role of ecosystem services, what type of dedicated crops\u2026) to supply advanced biofuels are resulting in different effects on climate change mitigation goals, given the sustainability constraints.<\/p>\n\n\n\n<div class=\"wp-block-group\"><div class=\"wp-block-group__inner-container is-layout-constrained wp-block-group-is-layout-constrained\">\n<h1 class=\"wp-block-heading\">Publications<\/h1>\n\n\n\n<p>Mola-Yudego, B., Dimitriou, I., Gagnon, B., Schweinle, J., &amp; Kuli\u0161i\u0107, B. (2023). Priorities for the sustainability criteria of biomass supply chains for energy. Journal of Cleaner Production, 140075. [<a href=\"https:\/\/www.sciencedirect.com\/science\/article\/pii\/S0959652623042336\">PDF<\/a>] [<a href=\"https:\/\/www.researchgate.net\/publication\/376321049_Priorities_for_the_sustainability_criteria_of_biomass_supply_chains_for_energy\">RG<\/a>] <a href=\"https:\/\/doi.org\/10.1016\/j.jclepro.2023.140075\" target=\"_blank\" rel=\"noreferrer noopener\">https:\/\/doi.org\/10.1016\/j.jclepro.2023.140075<\/a><\/p>\n\n\n\n<p>Englund, O., Mola\u2010Yudego, B., B\u00f6rjesson, P., Cederberg, C., Dimitriou, I., Scarlat, N., &amp; Berndes, G. (2023). <a href=\"https:\/\/onlinelibrary.wiley.com\/doi\/full\/10.1111\/gcbb.13015\">Large\u2010scale deployment of grass in crop rotations as a multifunctional climate mitigation strategy<\/a>. GCB Bioenergy, 15(2), 166-184 [<a href=\"https:\/\/www.researchgate.net\/publication\/365331327_Large-scale_deployment_of_grass_in_crop_rotations_as_a_multifunctional_climate_mitigation_strategy\">RG<\/a>]<\/p>\n\n\n\n<p>Kons, K., Blagojevi\u0107, B., Mola-Yudego, B., Prinz, R., Routa, J., Kulisic, B., &#8230; &amp; Bergstr\u00f6m, D. (2022). <a href=\"https:\/\/doi.org\/10.3390\/en15103721\" target=\"_blank\" rel=\"noreferrer noopener\">Industrial End-Users\u2019 Preferred Characteristics for Wood Biomass Feedstocks<\/a>.&nbsp;<em>Energies<\/em>,&nbsp;<em>15<\/em>(10), 3721. <a href=\"https:\/\/doi.org\/10.3390\/en15103721\" target=\"_blank\" rel=\"noreferrer noopener\">https:\/\/doi.org\/10.3390\/en15103721<\/a> [<a href=\"https:\/\/www.researchgate.net\/publication\/360741246_Industrial_End-Users'_Preferred_Characteristics_for_Wood_Biomass_Feedstocks\/fulltext\/629188b06886635d5ca882d3\/Industrial-End-Users-Preferred-Characteristics-for-Wood-Biomass-Feedstocks.pdf?origin=publicationDetail&amp;_sg%5B0%5D=Tjr0cf225kkUDp5SMA1ntQyEzND2Ra7lhqu-oh9Noo6W2NDs-YVp-9a7xsTi-CbpWFwkMfltIV9VoGlz7660yw.Axv12Uxza6JENsGoeqGuh2lDzU0HuDo1Yyp6vU7-ZzifV2G-Ok6_Uj-7RKn0uGSIF3qOopD6sx6jVuKTW4OQZA&amp;_sg%5B1%5D=LhHvB0gTTJNSmTD2ILNqZoZQ3eK6yEmYb510P3zihqfgDeH1Wr8tuxVJWqNTKcV28toybDHmUo4nJxMuQnBK14xDiJkXCqEsolJhFNmIQztj.Axv12Uxza6JENsGoeqGuh2lDzU0HuDo1Yyp6vU7-ZzifV2G-Ok6_Uj-7RKn0uGSIF3qOopD6sx6jVuKTW4OQZA&amp;_sg%5B2%5D=EnQvuosDqSBT-bnGFeI1mWiKuFGDdrOZa3HpZpQUCNb94jJNLohRm42JNAx0RA1K2BQ065nHanFMgBA.PG8Pz1_bfiwdswyFkmnugRZSQzVQrDZgMvTWDcRSbNJ6JS58eq4ID8mzhqmZbIHHyiZGw50OiUTHdpPudvKltw&amp;_iepl=&amp;_rtd=eyJjb250ZW50SW50ZW50IjoibWFpbkl0ZW0ifQ%3D%3D&amp;_tp=eyJjb250ZXh0Ijp7ImZpcnN0UGFnZSI6Il9kaXJlY3QiLCJwYWdlIjoiX2RpcmVjdCJ9fQ\">RG<\/a>]<\/p>\n\n\n\n<p>Englund, O., B\u00f6rjesson, P., Mola-Yudego, B., Berndes, G., Dimitriou, I., Cederberg, C., &amp; Scarlat, N. (2021). <a href=\"https:\/\/www.nature.com\/articles\/s43247-021-00247-y#Ack1\">Strategic deployment of riparian buffers and windbreaks in Europe can co-deliver biomass and environmental benefits<\/a>. Communications Earth &amp; Environment, 2(1), 176 [<a href=\"https:\/\/www.researchgate.net\/publication\/354177012_Strategic_deployment_of_riparian_buffers_and_windbreaks_in_Europe_can_co-deliver_biomass_and_environmental_benefits\">RG<\/a>]<\/p>\n\n\n\n<p>Kulisic, B., Dimitriou, I., &amp; Mola-Yudego, B. (2021). <a rel=\"noreferrer noopener\" href=\"https:\/\/doi.org\/10.1016\/j.enpol.2021.112355\" target=\"_blank\">From preferences to concerted policy on mandated share for renewable energy in transport<\/a>.&nbsp;<em>Energy Policy<\/em>,&nbsp;<em>155<\/em>, 112355. <a rel=\"noreferrer noopener\" href=\"https:\/\/doi.org\/10.1016\/j.enpol.2021.112355\" target=\"_blank\">https:\/\/doi.org\/10.1016\/j.enpol.2021.112355<\/a> [<a href=\"https:\/\/www.researchgate.net\/publication\/351683787_From_preferences_to_concerted_policy_on_mandated_share_for_renewable_energy_in_transport\">RG<\/a>]<\/p>\n\n\n\n<p>Kuli\u0161i\u0107, B., Dimitriou, I., &amp; Mola-Yudego, B. (2022). <a rel=\"noreferrer noopener\" href=\"https:\/\/doi.org\/10.1080\/17597269.2021.1984165\" target=\"_blank\">Positioning the biofuel policy in the bioeconomy of the BioEast macro-region<\/a>.&nbsp;<em>Biofuels<\/em>,&nbsp;<em>13<\/em>(7), 833-842. <a rel=\"noreferrer noopener\" href=\"https:\/\/doi.org\/10.1080\/17597269.2021.1984165\" target=\"_blank\">https:\/\/doi.org\/10.1080\/17597269.2021.1984165<\/a> [<a href=\"https:\/\/www.researchgate.net\/publication\/355189729_Positioning_the_biofuel_policy_in_the_bioeconomy_of_the_BioEast_macro-region\">RG<\/a>]<\/p>\n\n\n\n<p>Englund, O., Dimitriou, I., Dale, V. H., Kline, K. L., Mola\u2010Yudego, B., Murphy, F., \u2026 &amp; Mishra, S. K. (2020). <a href=\"https:\/\/wires.onlinelibrary.wiley.com\/doi\/full\/10.1002\/wene.375\">Multifunctional perennial production systems for bioenergy: performance and progress<\/a>. Wiley Interdisciplinary Reviews: Energy and Environment, 9(5), e375. [<a href=\"https:\/\/www.researchgate.net\/publication\/341314559_Multifunctional_perennial_production_systems_for_bioenergy_performance_and_progress\">RG<\/a>]<\/p>\n\n\n\n<p>Mola-Yudego, B., Rahlf, J., Astrup, R., &amp; Dimitriou, I. (2016). <em><a href=\"https:\/\/onlinelibrary.wiley.com\/doi\/epdf\/10.1111\/gcbb.12332\" target=\"_blank\" rel=\"noreferrer noopener\">Spatial yield estimates of fast-growing willow plantations for energy based on climatic variables in northern Europe<\/a><\/em>. <em>GCB Bioenergy, 8<\/em>, 1093\u20131105. <a href=\"https:\/\/doi.org\/10.1111\/gcbb.12332\">https:\/\/doi.org\/10.1111\/gcbb.12332<\/a> [<a href=\"https:\/\/www.researchgate.net\/publication\/288933396_Spatial_yield_estimates_of_fast-growing_willow_plantations_for_energy_based_on_climatic_variables_in_Northern_Europe\" id=\"https:\/\/www.researchgate.net\/publication\/288933396_Spatial_yield_estimates_of_fast-growing_willow_plantations_for_energy_based_on_climatic_variables_in_Northern_Europe\">RG<\/a>][<a href=\"https:\/\/www.researchgate.net\/profile\/Blas-Mola-Yudego\/publication\/288933396\/figure\/fig6\/AS:11431282021082899@1774367738844\/Yield-estimates-of-energy-crops-in-the-Nordic-area-Mola-Yudego-et-al-2015_W640.jpg\" id=\"https:\/\/www.researchgate.net\/profile\/Blas-Mola-Yudego\/publication\/288933396\/figure\/fig6\/AS:11431282021082899@1774367738844\/Yield-estimates-of-energy-crops-in-the-Nordic-area-Mola-Yudego-et-al-2015_W640.jpg\">infograph<\/a>][<a href=\"https:\/\/biomass-production.blogspot.com\/2026\/03\/mapping-yields-of-energy-crops-in.html\" id=\"https:\/\/biomass-production.blogspot.com\/2026\/03\/mapping-yields-of-energy-crops-in.html\">blog<\/a>][LinkedIn]<\/p>\n<\/div><\/div>\n<\/div><\/div>\n<\/div><\/div>\n","protected":false},"excerpt":{"rendered":"<p>Introduction The International Energy Agency, Task 43 (Biomass) aims to explore technical and economic strategies to increase the quantity of biomass available, improve the quality of biomass delivered for different energy purposes, and explore strategies to increase the value and foster confidence in biomass supply for both direct and cascade use of biomass for energy. &hellip; <\/p>\n<p class=\"link-more\"><a href=\"https:\/\/sites.uef.fi\/biopro\/projects\/iea-task-43-projects\/\" class=\"more-link\">Continue reading<span class=\"screen-reader-text\"> &#8220;IEA Task 43 Projects&#8221;<\/span><\/a><\/p>\n","protected":false},"author":836,"featured_media":0,"parent":75,"menu_order":3,"comment_status":"closed","ping_status":"closed","template":"","meta":{"_acf_changed":false,"footnotes":""},"class_list":["post-418","page","type-page","status-publish","hentry"],"acf":[],"yoast_head":"<!-- This site is optimized with the Yoast SEO plugin v27.1.1 - https:\/\/yoast.com\/product\/yoast-seo-wordpress\/ -->\n<title>IEA Task 43 Projects - Biomass Production<\/title>\n<meta name=\"description\" content=\"The International Energy Agency, Task 43 (Biomass) aims to explore technical and economic strategies to increase the quantity of biomass available, improve the quality of biomass delivered for different energy purposes, and explore strategies to increase the value and foster confidence in biomass supply for both direct and cascade use of biomass for energy.\" \/>\n<meta name=\"robots\" content=\"index, follow, max-snippet:-1, max-image-preview:large, max-video-preview:-1\" \/>\n<link rel=\"canonical\" href=\"https:\/\/sites.uef.fi\/biopro\/projects\/iea-task-43-projects\/\" \/>\n<meta property=\"og:locale\" content=\"en_US\" \/>\n<meta property=\"og:type\" content=\"article\" \/>\n<meta property=\"og:title\" content=\"IEA Task 43 Projects - Biomass Production\" \/>\n<meta property=\"og:description\" content=\"The International Energy Agency, Task 43 (Biomass) aims to explore technical and economic strategies to increase the quantity of biomass available, improve the quality of biomass delivered for different energy purposes, and explore strategies to increase the value and foster confidence in biomass supply for both direct and cascade use of biomass for energy.\" \/>\n<meta property=\"og:url\" content=\"https:\/\/sites.uef.fi\/biopro\/projects\/iea-task-43-projects\/\" \/>\n<meta property=\"og:site_name\" content=\"Biomass Production\" \/>\n<meta property=\"article:modified_time\" content=\"2026-03-26T10:13:55+00:00\" \/>\n<meta name=\"twitter:card\" content=\"summary_large_image\" \/>\n<meta name=\"twitter:label1\" content=\"Est. reading time\" \/>\n\t<meta name=\"twitter:data1\" content=\"4 minutes\" \/>\n<script type=\"application\/ld+json\" class=\"yoast-schema-graph\">{\"@context\":\"https:\/\/schema.org\",\"@graph\":[{\"@type\":\"WebPage\",\"@id\":\"https:\/\/sites.uef.fi\/biopro\/projects\/iea-task-43-projects\/\",\"url\":\"https:\/\/sites.uef.fi\/biopro\/projects\/iea-task-43-projects\/\",\"name\":\"IEA Task 43 Projects - Biomass Production\",\"isPartOf\":{\"@id\":\"https:\/\/sites.uef.fi\/biopro\/#website\"},\"datePublished\":\"2023-01-30T20:31:54+00:00\",\"dateModified\":\"2026-03-26T10:13:55+00:00\",\"description\":\"The International Energy Agency, Task 43 (Biomass) aims to explore technical and economic strategies to increase the quantity of biomass available, improve the quality of biomass delivered for different energy purposes, and explore strategies to increase the value and foster confidence in biomass supply for both direct and cascade use of biomass for energy.\",\"breadcrumb\":{\"@id\":\"https:\/\/sites.uef.fi\/biopro\/projects\/iea-task-43-projects\/#breadcrumb\"},\"inLanguage\":\"en-US\",\"potentialAction\":[{\"@type\":\"ReadAction\",\"target\":[\"https:\/\/sites.uef.fi\/biopro\/projects\/iea-task-43-projects\/\"]}]},{\"@type\":\"BreadcrumbList\",\"@id\":\"https:\/\/sites.uef.fi\/biopro\/projects\/iea-task-43-projects\/#breadcrumb\",\"itemListElement\":[{\"@type\":\"ListItem\",\"position\":1,\"name\":\"Home\",\"item\":\"https:\/\/sites.uef.fi\/biopro\/\"},{\"@type\":\"ListItem\",\"position\":2,\"name\":\"Projects\",\"item\":\"https:\/\/sites.uef.fi\/biopro\/projects\/\"},{\"@type\":\"ListItem\",\"position\":3,\"name\":\"IEA Task 43 Projects\"}]},{\"@type\":\"WebSite\",\"@id\":\"https:\/\/sites.uef.fi\/biopro\/#website\",\"url\":\"https:\/\/sites.uef.fi\/biopro\/\",\"name\":\"Biomass Production\",\"description\":\"\",\"publisher\":{\"@id\":\"https:\/\/sites.uef.fi\/biopro\/#organization\"},\"potentialAction\":[{\"@type\":\"SearchAction\",\"target\":{\"@type\":\"EntryPoint\",\"urlTemplate\":\"https:\/\/sites.uef.fi\/biopro\/?s={search_term_string}\"},\"query-input\":{\"@type\":\"PropertyValueSpecification\",\"valueRequired\":true,\"valueName\":\"search_term_string\"}}],\"inLanguage\":\"en-US\"},{\"@type\":\"Organization\",\"@id\":\"https:\/\/sites.uef.fi\/biopro\/#organization\",\"name\":\"Biomass Production\",\"url\":\"https:\/\/sites.uef.fi\/biopro\/\",\"logo\":{\"@type\":\"ImageObject\",\"inLanguage\":\"en-US\",\"@id\":\"https:\/\/sites.uef.fi\/biopro\/#\/schema\/logo\/image\/\",\"url\":\"https:\/\/sites.uef.fi\/biopro\/wp-content\/uploads\/sites\/380\/2025\/08\/cropped-Biomass-Production-Research-Group-Logo-Square.png\",\"contentUrl\":\"https:\/\/sites.uef.fi\/biopro\/wp-content\/uploads\/sites\/380\/2025\/08\/cropped-Biomass-Production-Research-Group-Logo-Square.png\",\"width\":250,\"height\":250,\"caption\":\"Biomass Production\"},\"image\":{\"@id\":\"https:\/\/sites.uef.fi\/biopro\/#\/schema\/logo\/image\/\"}}]}<\/script>\n<!-- \/ Yoast SEO plugin. -->","yoast_head_json":{"title":"IEA Task 43 Projects - Biomass Production","description":"The International Energy Agency, Task 43 (Biomass) aims to explore technical and economic strategies to increase the quantity of biomass available, improve the quality of biomass delivered for different energy purposes, and explore strategies to increase the value and foster confidence in biomass supply for both direct and cascade use of biomass for energy.","robots":{"index":"index","follow":"follow","max-snippet":"max-snippet:-1","max-image-preview":"max-image-preview:large","max-video-preview":"max-video-preview:-1"},"canonical":"https:\/\/sites.uef.fi\/biopro\/projects\/iea-task-43-projects\/","og_locale":"en_US","og_type":"article","og_title":"IEA Task 43 Projects - Biomass Production","og_description":"The International Energy Agency, Task 43 (Biomass) aims to explore technical and economic strategies to increase the quantity of biomass available, improve the quality of biomass delivered for different energy purposes, and explore strategies to increase the value and foster confidence in biomass supply for both direct and cascade use of biomass for energy.","og_url":"https:\/\/sites.uef.fi\/biopro\/projects\/iea-task-43-projects\/","og_site_name":"Biomass Production","article_modified_time":"2026-03-26T10:13:55+00:00","twitter_card":"summary_large_image","twitter_misc":{"Est. reading time":"4 minutes"},"schema":{"@context":"https:\/\/schema.org","@graph":[{"@type":"WebPage","@id":"https:\/\/sites.uef.fi\/biopro\/projects\/iea-task-43-projects\/","url":"https:\/\/sites.uef.fi\/biopro\/projects\/iea-task-43-projects\/","name":"IEA Task 43 Projects - Biomass Production","isPartOf":{"@id":"https:\/\/sites.uef.fi\/biopro\/#website"},"datePublished":"2023-01-30T20:31:54+00:00","dateModified":"2026-03-26T10:13:55+00:00","description":"The International Energy Agency, Task 43 (Biomass) aims to explore technical and economic strategies to increase the quantity of biomass available, improve the quality of biomass delivered for different energy purposes, and explore strategies to increase the value and foster confidence in biomass supply for both direct and cascade use of biomass for energy.","breadcrumb":{"@id":"https:\/\/sites.uef.fi\/biopro\/projects\/iea-task-43-projects\/#breadcrumb"},"inLanguage":"en-US","potentialAction":[{"@type":"ReadAction","target":["https:\/\/sites.uef.fi\/biopro\/projects\/iea-task-43-projects\/"]}]},{"@type":"BreadcrumbList","@id":"https:\/\/sites.uef.fi\/biopro\/projects\/iea-task-43-projects\/#breadcrumb","itemListElement":[{"@type":"ListItem","position":1,"name":"Home","item":"https:\/\/sites.uef.fi\/biopro\/"},{"@type":"ListItem","position":2,"name":"Projects","item":"https:\/\/sites.uef.fi\/biopro\/projects\/"},{"@type":"ListItem","position":3,"name":"IEA Task 43 Projects"}]},{"@type":"WebSite","@id":"https:\/\/sites.uef.fi\/biopro\/#website","url":"https:\/\/sites.uef.fi\/biopro\/","name":"Biomass Production","description":"","publisher":{"@id":"https:\/\/sites.uef.fi\/biopro\/#organization"},"potentialAction":[{"@type":"SearchAction","target":{"@type":"EntryPoint","urlTemplate":"https:\/\/sites.uef.fi\/biopro\/?s={search_term_string}"},"query-input":{"@type":"PropertyValueSpecification","valueRequired":true,"valueName":"search_term_string"}}],"inLanguage":"en-US"},{"@type":"Organization","@id":"https:\/\/sites.uef.fi\/biopro\/#organization","name":"Biomass Production","url":"https:\/\/sites.uef.fi\/biopro\/","logo":{"@type":"ImageObject","inLanguage":"en-US","@id":"https:\/\/sites.uef.fi\/biopro\/#\/schema\/logo\/image\/","url":"https:\/\/sites.uef.fi\/biopro\/wp-content\/uploads\/sites\/380\/2025\/08\/cropped-Biomass-Production-Research-Group-Logo-Square.png","contentUrl":"https:\/\/sites.uef.fi\/biopro\/wp-content\/uploads\/sites\/380\/2025\/08\/cropped-Biomass-Production-Research-Group-Logo-Square.png","width":250,"height":250,"caption":"Biomass Production"},"image":{"@id":"https:\/\/sites.uef.fi\/biopro\/#\/schema\/logo\/image\/"}}]}},"_links":{"self":[{"href":"https:\/\/sites.uef.fi\/biopro\/wp-json\/wp\/v2\/pages\/418","targetHints":{"allow":["GET"]}}],"collection":[{"href":"https:\/\/sites.uef.fi\/biopro\/wp-json\/wp\/v2\/pages"}],"about":[{"href":"https:\/\/sites.uef.fi\/biopro\/wp-json\/wp\/v2\/types\/page"}],"author":[{"embeddable":true,"href":"https:\/\/sites.uef.fi\/biopro\/wp-json\/wp\/v2\/users\/836"}],"replies":[{"embeddable":true,"href":"https:\/\/sites.uef.fi\/biopro\/wp-json\/wp\/v2\/comments?post=418"}],"version-history":[{"count":1,"href":"https:\/\/sites.uef.fi\/biopro\/wp-json\/wp\/v2\/pages\/418\/revisions"}],"predecessor-version":[{"id":2131,"href":"https:\/\/sites.uef.fi\/biopro\/wp-json\/wp\/v2\/pages\/418\/revisions\/2131"}],"up":[{"embeddable":true,"href":"https:\/\/sites.uef.fi\/biopro\/wp-json\/wp\/v2\/pages\/75"}],"wp:attachment":[{"href":"https:\/\/sites.uef.fi\/biopro\/wp-json\/wp\/v2\/media?parent=418"}],"curies":[{"name":"wp","href":"https:\/\/api.w.org\/{rel}","templated":true}]}}