{"id":815,"date":"2023-06-16T02:11:17","date_gmt":"2023-06-15T23:11:17","guid":{"rendered":"https:\/\/sites.uef.fi\/biopro\/?page_id=815"},"modified":"2025-11-21T08:53:12","modified_gmt":"2025-11-21T06:53:12","slug":"news","status":"publish","type":"page","link":"https:\/\/sites.uef.fi\/biopro\/news\/","title":{"rendered":"News"},"content":{"rendered":"\n<div class=\"wp-block-group\"><div class=\"wp-block-group__inner-container is-layout-constrained wp-block-group-is-layout-constrained\">\n<h1 class=\"wp-block-heading\">Fama ex gestis<\/h1>\n\n\n\n<p>\u5434\u666e\u7279\u7387\u56e2\u51fa\u8bbf\u745e\u5178\u3001\u82ac\u5170\u548c\u4e39\u9ea6\u9ad8\u6821, <a href=\"https:\/\/news.nwsuaf.edu.cn\/xnxw\/5691c7bf328c4a7baf08d9a51331f145.htm\">NWA&amp;FU News<\/a>, 20 Oct, 2025<\/p>\n\n\n\n<p><em>Tulevaisuuden mets\u00e4ala \u2212 poikkitieteellisyytt\u00e4, s\u00e4\u00e4ntely\u00e4 ja uskoa tulevaisuuteen <\/em><a href=\"https:\/\/valtioneuvosto.fi\/-\/1410837\/tulevaisuuden-metsaala-poikkitieteellisyytta-saantelya-ja-uskoa-tulevaisuuteen\">maa- ja mets\u00e4talousministeri\u00f6<\/a>, 19 Nov, 2024.<\/p>\n\n\n\n<p><em>\u6797\u5b66\u9662\u6210\u529f\u4e3e\u529e\u201c\u4e09\u5206\u949f\u201d\u8bba\u6587\u6f14\u8bb2\u9009\u62d4\u8d5b<\/em>, <a href=\"https:\/\/mp.weixin.qq.com\/s?__biz=MzI1MzY5NzAwOA==&amp;mid=2247595234&amp;idx=1&amp;sn=7358881d6e2f444aabc8c06ec76eb385&amp;chksm=e88b29cbdaedb1516796c301dbcf9bc81b28c27883b091ca4533f50d401f1cb407e367a35746&amp;scene=27\">Weixing<\/a>, 30 Oct, 2024.<\/p>\n\n\n\n<p><em>\u7b2c\u5341\u516b\u5c4a\u6768\u51cc\u56fd\u9645\u519c\u4e1a\u79d1\u6280\u8bba\u575b\u201c\u751f\u6001\u7cfb\u7edf\u670d\u52a1\u4e0e\u5e94\u5bf9\u6c14\u5019\u53d8\u5316\u201d\u4e3b\u9898\u8bba\u575b\u5706\u6ee1\u7ed3\u675f<\/em>, <a href=\"https:\/\/mp.weixin.qq.com\/s?__biz=MzI1MzY5NzAwOA==&amp;mid=2247595055&amp;idx=1&amp;sn=d1e4cc9093be9da948dd0f6a86039acc&amp;chksm=e85ff749892fa7df13a29cc81397f1075b8cf57e35394ad36419dedcf89578f33da32f908071&amp;scene=27\">Weixin<\/a>, 27 Oct, 2024.<\/p>\n\n\n\n<p><em>Muchas zonas ya quemadas volver\u00e1n a arder este verano: sabemos cu\u00e1les y por qu\u00e9<\/em>. <a href=\"https:\/\/www.elconfidencial.com\/tecnologia\/ciencia\/2024-07-19\/verano-incendios-espana_3928129\/\">El Confidencial<\/a>, 19 Jul, 2024. [<a href=\"https:\/\/www.sciencedirect.com\/science\/article\/pii\/S0378112724004389\">paper<\/a>][<a href=\"https:\/\/www.nature.com\/articles\/s41598-024-59210-4\">paper<\/a>]<\/p>\n\n\n\n<p><em>Bans, flagships, and a green pivot: the state of EU-China research relations.<\/em> <a href=\"https:\/\/sciencebusiness.net\/news\/horizon-europe\/bans-flagships-and-green-pivot-state-eu-china-research-relations\">ScienceBusiness<\/a>, 1 Aug, 2023. [<a href=\"https:\/\/www.eco2adapt.eu\/about\">project<\/a>]<\/p>\n\n\n\n<p>Project SINTETIC gathers 21 partners from the EU to help degitize the forest sector. <a href=\"https:\/\/www.medmodelforest.net\/en\/news-archive\/project-sintetic-kicks-off-in-solsona.html\">Forest Models<\/a>. 22 June, 2023. [<a href=\"https:\/\/sites.uef.fi\/biopro\/projects\/sintetic\/\">project<\/a>][<a href=\"https:\/\/sinteticproject.eu\/\">project<\/a>]<\/p>\n\n\n\n<p>El CTFC desenvolupa models per a la simulaci\u00f3 d\u2019escenaris forestals en funci\u00f3 del clima i la gesti\u00f3, <a href=\"https:\/\/blog.ctfc.cat\/ca\/el-ctfc-desenvolupa-models-per-a-la-simulacio-descenaris-forestals-en-funcio-del-clima-i-la-gestio\/\">CTFC<\/a>, <a href=\"https:\/\/www.ctfc.cat\/formes.php\">FORMES<\/a>. [<a href=\"https:\/\/www.sciencedirect.com\/science\/article\/pii\/S0378112721010008\">paper<\/a>]<\/p>\n\n\n\n<p>Multifunctional perennial production systems for bioenergy: performance and progress. [<a href=\"https:\/\/www.anl.gov\/argonne-scientific-publications\/pub\/160463\">paper<\/a>]<\/p>\n\n\n\n<p>Fler\u00e5riga gr\u00f6dor till nytta f\u00f6r klimat och milj\u00f6, <a href=\"https:\/\/www.slu.se\/ew-nyheter\/2021\/9\/flerariga-grodor-till-nytta-for-klimat-och-miljo\/\">SLU nyheter<\/a>, <a href=\"https:\/\/www.miun.se\/kontakt\/press\/nyhetsarkiv\/2021-9\/flerariga-grodor-kan-gora-dubbel-nytta-for-klimat-och-miljo\/\">MiUN<\/a>, 21 Sept, 2021. [<a href=\"https:\/\/www.nature.com\/articles\/s43247-021-00247-y\">paper<\/a>]<\/p>\n\n\n\n<p>Monik\u00e4ytt\u00f6iset biomassaviljelm\u00e4t tuottavat sek\u00e4 biomassaa ett\u00e4 ymp\u00e4rist\u00f6hy\u00f6tyj\u00e4. <a href=\"https:\/\/www.uef.fi\/fi\/artikkeli\/monikayttoiset-biomassaviljelmat-tuottavat-seka-biomassaa-etta-ymparistohyotyja\">UEF News<\/a>. 21 Sept, 2021. [<a href=\"https:\/\/www.nature.com\/articles\/s43247-021-00247-y\">paper<\/a>]<\/p>\n\n\n\n<p><em>\u4e0e\u4e1c\u82ac\u5170\u5927\u5b66\u5408\u4f5c\u5f00\u8bbe\u7684\u7814\u7a76\u751f\u8bfe\u7a0b\u5706\u6ee1\u7ed3\u675f<\/em>, <a href=\"https:\/\/news.nwafu.edu.cn\/yxxw\/83163.htm\">News Nwsuaf<\/a>. 22 June, 2018.<\/p>\n\n\n\n<p><em>\u4e1c\u82ac\u5170\u5927\u5b66\u6559\u6388\u6765\u6211\u516c\u53f8\u57fa\u5730\u8003\u5bdf\u5b66\u4e60<\/em>, <a href=\"http:\/\/www.jinshan01.com\/meitibaodao\/218540.html\">Jignshan Agriculture<\/a>. 3 Dec, 2015.<\/p>\n\n\n\n<p>Una vintena d&#8217;experts de deu pa\u00efsos es reuneixen al campus de Cappont, <a href=\"https:\/\/www.udl.cat\/ca\/serveis\/oficina\/Noticies\/La-UdL-en-un-projecte-europeu-sobre-patogens-invasors-als-boscos\/\">Udl News<\/a>, 11 Feb, 2015. [<a href=\"https:\/\/www.nature.com\/articles\/s41598-020-61990-4\">paper<\/a>]<\/p>\n\n\n\n<p>La Universitat de Lleida participa en un projecte europeu sobre pat\u00f2gens invasors als boscos, <a href=\"https:\/\/www.lavanguardia.com\/local\/lleida\/20150211\/54426066262\/la-universitat-de-lleida-participa-en-un-projecte-europeu-sobre-patogens-invasors-als-boscos.html\">La Vanguardia<\/a>, 11 Feb, 2015. [<a href=\"https:\/\/www.nature.com\/articles\/s41598-020-61990-4\">paper<\/a>]<\/p>\n\n\n\n<p>UdL participa en un proyecto europeo sobre pat\u00f3genos invasores en los bosques, <a href=\"https:\/\/www.lavanguardia.com\/economia\/20150211\/54426074663\/udl-participa-en-un-proyecto-europeo-sobre-patogenos-invasores-en-los-bosques.html\">La Vanguardia<\/a>, 11 Feb, 2015. [<a href=\"https:\/\/www.nature.com\/articles\/s41598-020-61990-4\">paper<\/a>]<\/p>\n\n\n\n<p>La Universitat de Lleida participa en un projecte europeu sobre pat\u00f2gens invasors als boscos, <a href=\"https:\/\/directe.larepublica.cat\/acn\/667861\/la-universitat-de-lleida-participa-en-un-projecte-europeu-sobre-patogens-invasors-als-bosc\">La Republica<\/a>, 11 Feb, 2015. [<a href=\"https:\/\/www.nature.com\/articles\/s41598-020-61990-4\">paper<\/a>]<\/p>\n<\/div><\/div>\n","protected":false},"excerpt":{"rendered":"<p>Fama ex gestis \u5434\u666e\u7279\u7387\u56e2\u51fa\u8bbf\u745e\u5178\u3001\u82ac\u5170\u548c\u4e39\u9ea6\u9ad8\u6821, NWA&amp;FU News, 20 Oct, 2025 Tulevaisuuden mets\u00e4ala \u2212 poikkitieteellisyytt\u00e4, s\u00e4\u00e4ntely\u00e4 ja uskoa tulevaisuuteen maa- ja mets\u00e4talousministeri\u00f6, 19 Nov, 2024. \u6797\u5b66\u9662\u6210\u529f\u4e3e\u529e\u201c\u4e09\u5206\u949f\u201d\u8bba\u6587\u6f14\u8bb2\u9009\u62d4\u8d5b, Weixing, 30 Oct, 2024. \u7b2c\u5341\u516b\u5c4a\u6768\u51cc\u56fd\u9645\u519c\u4e1a\u79d1\u6280\u8bba\u575b\u201c\u751f\u6001\u7cfb\u7edf\u670d\u52a1\u4e0e\u5e94\u5bf9\u6c14\u5019\u53d8\u5316\u201d\u4e3b\u9898\u8bba\u575b\u5706\u6ee1\u7ed3\u675f, Weixin, 27 Oct, 2024. Muchas zonas ya quemadas volver\u00e1n a arder este verano: sabemos cu\u00e1les y por qu\u00e9. El Confidencial, 19 Jul, 2024. [paper][paper] Bans, flagships, &hellip; <\/p>\n<p class=\"link-more\"><a href=\"https:\/\/sites.uef.fi\/biopro\/news\/\" class=\"more-link\">Continue reading<span class=\"screen-reader-text\"> &#8220;News&#8221;<\/span><\/a><\/p>\n","protected":false},"author":836,"featured_media":0,"parent":0,"menu_order":0,"comment_status":"closed","ping_status":"closed","template":"","meta":{"_acf_changed":false,"footnotes":""},"class_list":["post-815","page","type-page","status-publish","hentry"],"acf":[],"yoast_head":"<!-- This site is optimized with the Yoast SEO plugin v27.1.1 - https:\/\/yoast.com\/product\/yoast-seo-wordpress\/ -->\n<title>News - Biomass Production<\/title>\n<meta name=\"description\" content=\"News from the research group Biomass Production, University of Eastern Finland, UEF\" \/>\n<meta name=\"robots\" content=\"index, follow, max-snippet:-1, max-image-preview:large, max-video-preview:-1\" \/>\n<link rel=\"canonical\" href=\"https:\/\/sites.uef.fi\/biopro\/news\/\" \/>\n<meta property=\"og:locale\" content=\"en_US\" \/>\n<meta property=\"og:type\" content=\"article\" \/>\n<meta property=\"og:title\" content=\"News - Biomass Production\" \/>\n<meta property=\"og:description\" content=\"News from the research group Biomass Production, University of Eastern Finland, UEF\" \/>\n<meta property=\"og:url\" content=\"https:\/\/sites.uef.fi\/biopro\/news\/\" \/>\n<meta property=\"og:site_name\" content=\"Biomass Production\" \/>\n<meta property=\"article:modified_time\" content=\"2025-11-21T06:53:12+00:00\" \/>\n<meta name=\"twitter:card\" content=\"summary_large_image\" \/>\n<meta name=\"twitter:label1\" content=\"Est. reading time\" \/>\n\t<meta name=\"twitter:data1\" content=\"2 minutes\" \/>\n<script type=\"application\/ld+json\" class=\"yoast-schema-graph\">{\"@context\":\"https:\/\/schema.org\",\"@graph\":[{\"@type\":\"WebPage\",\"@id\":\"https:\/\/sites.uef.fi\/biopro\/news\/\",\"url\":\"https:\/\/sites.uef.fi\/biopro\/news\/\",\"name\":\"News - Biomass Production\",\"isPartOf\":{\"@id\":\"https:\/\/sites.uef.fi\/biopro\/#website\"},\"datePublished\":\"2023-06-15T23:11:17+00:00\",\"dateModified\":\"2025-11-21T06:53:12+00:00\",\"description\":\"News from the research group Biomass Production, University of Eastern Finland, UEF\",\"breadcrumb\":{\"@id\":\"https:\/\/sites.uef.fi\/biopro\/news\/#breadcrumb\"},\"inLanguage\":\"en-US\",\"potentialAction\":[{\"@type\":\"ReadAction\",\"target\":[\"https:\/\/sites.uef.fi\/biopro\/news\/\"]}]},{\"@type\":\"BreadcrumbList\",\"@id\":\"https:\/\/sites.uef.fi\/biopro\/news\/#breadcrumb\",\"itemListElement\":[{\"@type\":\"ListItem\",\"position\":1,\"name\":\"Home\",\"item\":\"https:\/\/sites.uef.fi\/biopro\/\"},{\"@type\":\"ListItem\",\"position\":2,\"name\":\"News\"}]},{\"@type\":\"WebSite\",\"@id\":\"https:\/\/sites.uef.fi\/biopro\/#website\",\"url\":\"https:\/\/sites.uef.fi\/biopro\/\",\"name\":\"Biomass Production\",\"description\":\"\",\"publisher\":{\"@id\":\"https:\/\/sites.uef.fi\/biopro\/#organization\"},\"potentialAction\":[{\"@type\":\"SearchAction\",\"target\":{\"@type\":\"EntryPoint\",\"urlTemplate\":\"https:\/\/sites.uef.fi\/biopro\/?s={search_term_string}\"},\"query-input\":{\"@type\":\"PropertyValueSpecification\",\"valueRequired\":true,\"valueName\":\"search_term_string\"}}],\"inLanguage\":\"en-US\"},{\"@type\":\"Organization\",\"@id\":\"https:\/\/sites.uef.fi\/biopro\/#organization\",\"name\":\"Biomass Production\",\"url\":\"https:\/\/sites.uef.fi\/biopro\/\",\"logo\":{\"@type\":\"ImageObject\",\"inLanguage\":\"en-US\",\"@id\":\"https:\/\/sites.uef.fi\/biopro\/#\/schema\/logo\/image\/\",\"url\":\"https:\/\/sites.uef.fi\/biopro\/wp-content\/uploads\/sites\/380\/2025\/08\/cropped-Biomass-Production-Research-Group-Logo-Square.png\",\"contentUrl\":\"https:\/\/sites.uef.fi\/biopro\/wp-content\/uploads\/sites\/380\/2025\/08\/cropped-Biomass-Production-Research-Group-Logo-Square.png\",\"width\":250,\"height\":250,\"caption\":\"Biomass Production\"},\"image\":{\"@id\":\"https:\/\/sites.uef.fi\/biopro\/#\/schema\/logo\/image\/\"}}]}<\/script>\n<!-- \/ Yoast SEO plugin. -->","yoast_head_json":{"title":"News - Biomass Production","description":"News from the research group Biomass Production, University of Eastern Finland, UEF","robots":{"index":"index","follow":"follow","max-snippet":"max-snippet:-1","max-image-preview":"max-image-preview:large","max-video-preview":"max-video-preview:-1"},"canonical":"https:\/\/sites.uef.fi\/biopro\/news\/","og_locale":"en_US","og_type":"article","og_title":"News - Biomass Production","og_description":"News from the research group Biomass Production, University of Eastern Finland, UEF","og_url":"https:\/\/sites.uef.fi\/biopro\/news\/","og_site_name":"Biomass Production","article_modified_time":"2025-11-21T06:53:12+00:00","twitter_card":"summary_large_image","twitter_misc":{"Est. reading time":"2 minutes"},"schema":{"@context":"https:\/\/schema.org","@graph":[{"@type":"WebPage","@id":"https:\/\/sites.uef.fi\/biopro\/news\/","url":"https:\/\/sites.uef.fi\/biopro\/news\/","name":"News - Biomass Production","isPartOf":{"@id":"https:\/\/sites.uef.fi\/biopro\/#website"},"datePublished":"2023-06-15T23:11:17+00:00","dateModified":"2025-11-21T06:53:12+00:00","description":"News from the research group Biomass Production, University of Eastern Finland, UEF","breadcrumb":{"@id":"https:\/\/sites.uef.fi\/biopro\/news\/#breadcrumb"},"inLanguage":"en-US","potentialAction":[{"@type":"ReadAction","target":["https:\/\/sites.uef.fi\/biopro\/news\/"]}]},{"@type":"BreadcrumbList","@id":"https:\/\/sites.uef.fi\/biopro\/news\/#breadcrumb","itemListElement":[{"@type":"ListItem","position":1,"name":"Home","item":"https:\/\/sites.uef.fi\/biopro\/"},{"@type":"ListItem","position":2,"name":"News"}]},{"@type":"WebSite","@id":"https:\/\/sites.uef.fi\/biopro\/#website","url":"https:\/\/sites.uef.fi\/biopro\/","name":"Biomass Production","description":"","publisher":{"@id":"https:\/\/sites.uef.fi\/biopro\/#organization"},"potentialAction":[{"@type":"SearchAction","target":{"@type":"EntryPoint","urlTemplate":"https:\/\/sites.uef.fi\/biopro\/?s={search_term_string}"},"query-input":{"@type":"PropertyValueSpecification","valueRequired":true,"valueName":"search_term_string"}}],"inLanguage":"en-US"},{"@type":"Organization","@id":"https:\/\/sites.uef.fi\/biopro\/#organization","name":"Biomass Production","url":"https:\/\/sites.uef.fi\/biopro\/","logo":{"@type":"ImageObject","inLanguage":"en-US","@id":"https:\/\/sites.uef.fi\/biopro\/#\/schema\/logo\/image\/","url":"https:\/\/sites.uef.fi\/biopro\/wp-content\/uploads\/sites\/380\/2025\/08\/cropped-Biomass-Production-Research-Group-Logo-Square.png","contentUrl":"https:\/\/sites.uef.fi\/biopro\/wp-content\/uploads\/sites\/380\/2025\/08\/cropped-Biomass-Production-Research-Group-Logo-Square.png","width":250,"height":250,"caption":"Biomass Production"},"image":{"@id":"https:\/\/sites.uef.fi\/biopro\/#\/schema\/logo\/image\/"}}]}},"_links":{"self":[{"href":"https:\/\/sites.uef.fi\/biopro\/wp-json\/wp\/v2\/pages\/815","targetHints":{"allow":["GET"]}}],"collection":[{"href":"https:\/\/sites.uef.fi\/biopro\/wp-json\/wp\/v2\/pages"}],"about":[{"href":"https:\/\/sites.uef.fi\/biopro\/wp-json\/wp\/v2\/types\/page"}],"author":[{"embeddable":true,"href":"https:\/\/sites.uef.fi\/biopro\/wp-json\/wp\/v2\/users\/836"}],"replies":[{"embeddable":true,"href":"https:\/\/sites.uef.fi\/biopro\/wp-json\/wp\/v2\/comments?post=815"}],"version-history":[{"count":2,"href":"https:\/\/sites.uef.fi\/biopro\/wp-json\/wp\/v2\/pages\/815\/revisions"}],"predecessor-version":[{"id":2099,"href":"https:\/\/sites.uef.fi\/biopro\/wp-json\/wp\/v2\/pages\/815\/revisions\/2099"}],"wp:attachment":[{"href":"https:\/\/sites.uef.fi\/biopro\/wp-json\/wp\/v2\/media?parent=815"}],"curies":[{"name":"wp","href":"https:\/\/api.w.org\/{rel}","templated":true}]}}