{"id":404,"date":"2021-06-17T13:50:11","date_gmt":"2021-06-17T10:50:11","guid":{"rendered":"https:\/\/sites.uef.fi\/bomocult-conference\/?page_id=404"},"modified":"2025-10-06T10:00:43","modified_gmt":"2025-10-06T07:00:43","slug":"programme","status":"publish","type":"page","link":"https:\/\/sites.uef.fi\/bomocult-conference\/programme\/","title":{"rendered":"Programme"},"content":{"rendered":"\n<h2 class=\"wp-block-heading has-text-align-left\">Narrativising Borders, Mobilities and Cultural Encounters: 2025 BOMOCULT Conference<\/h2>\n\n\n\n<h3 class=\"wp-block-heading has-text-align-left\"><strong>2-3 October 2025<\/strong><\/h3>\n\n\n\n<p class=\"has-text-align-left\"><em>University of Eastern Finland, <strong>Agora Building<\/strong>, Joensuu campus, Yliopistokatu 4, 80100 Joensuu<\/em><\/p>\n\n\n\n<h4 class=\"wp-block-heading has-text-align-center\">Program<\/h4>\n\n\n\n<h4 class=\"wp-block-heading has-text-align-center\">Thursday 2 October 2025<\/h4>\n\n\n\n<p class=\"has-text-align-left\">Room AT100, Agora Building<\/p>\n\n\n\n<h5 class=\"wp-block-heading\">10.00-10.15&nbsp;&nbsp;Conference Opening<\/h5>\n\n\n\n<p>Chair: Jopi Nyman (School of Humanities, UEF), James W. Scott (Karelian Institute, UEF)<\/p>\n\n\n\n<h5 class=\"wp-block-heading\">10.15-12.00&nbsp;&nbsp;Plenary session<\/h5>\n\n\n\n<p>Chair: James W. Scott (Karelian Institute, UEF), Jopi Nyman (School of Humanities, UEF)<\/p>\n\n\n\n<p><strong>Keynote 1<\/strong><\/p>\n\n\n\n<p>Professor Sanjay Chaturvedi (South Asian University, India): <a href=\"https:\/\/sites.uef.fi\/bomocult-conference\/keynote-speakers\/\">Interrogating \u2018Planetary Boundaries\u2019 of the Anthropocene: Borderlands, Justice, and Re-Ordering<\/a><\/p>\n\n\n\n<p><strong>Keynote 2<\/strong><\/p>\n\n\n\n<p>Professor Elisabeth Bekers (Vrije Universiteit Brussel, Belgium): <a href=\"https:\/\/sites.uef.fi\/bomocult-conference\/keynote-speakers\/\">Unexplored Literary Territory: Brussels Through the Eyes of Outsiders<\/a><\/p>\n\n\n\n<p>12.00-13.00&nbsp;&nbsp; <strong>Lunch Break<\/strong><\/p>\n\n\n\n<h5 class=\"wp-block-heading\">13.00-15.00 <a href=\"https:\/\/sites.uef.fi\/bomocult-conference\/call-for-papers\/\">Panel 1a<\/a><\/h5>\n\n\n\n<p>Room AG100, Agora Building<\/p>\n\n\n\n<p>Chair: Timo Kallinen (School of Theology, UEF)<\/p>\n\n\n\n<p>Ari R\u00e4is\u00e4nen (School of Humanities, UEF): <strong>Embodied Mobilities and Transcultural Memory in Atticus Lish\u2019s <em>Preparation for the Next Life<\/em><\/strong><\/p>\n\n\n\n<p>Eila Rantonen (Literature Studies, University of Turku): <strong>Memories of Industrial Work in Sweden-Finnish Literature<\/strong><\/p>\n\n\n\n<p>Olga Davydova-Minguet, Olga Filippova, Tetiana Nahirniak (Karelian Institute, UEF): <strong>\u201cImmigrating into History&#8221;: Immigrant Encounters with Finnish WWII Memory<\/strong><\/p>\n\n\n\n<p>Alena Fedotova (ExpREES, Aleksanteri Institute, University of Helsinki): <strong>True Crime as a Death Penalty\u2019s Cross-Narrative in Modern Russia<\/strong><\/p>\n\n\n\n<h5 class=\"wp-block-heading\"><a href=\"https:\/\/sites.uef.fi\/bomocult-conference\/call-for-papers\/\">Panel 1b<\/a>: Non-Western Migration Regimes in a Global Perspective, MARS<\/h5>\n\n\n\n<p>Room AG104, Agora Building<\/p>\n\n\n\n<p>Chair: Joni Virkkunen (Karelian Institute, UEF)<\/p>\n\n\n\n<p>Tiina Sotkasiira (Department of Social Sciences, UEF): <strong>The Securitisation of Transnational Influences of Media in the Russian-Speaking Diaspora<\/strong><\/p>\n\n\n\n<p>Aija Lulle (Department of Geographical and Historical Studies, UEF): <strong>Caring for Democracy in Geopolitical Uncertainty<\/strong><\/p>\n\n\n\n<p>Minna Piipponen (Karelian Institute, UEF): <strong>International Migration and Policy Responses in Kazakhstan<\/strong><\/p>\n\n\n\n<p>Saara Koikkalainen (Karelian Institute, UEF): <strong>Europeans in Cairo \u2013 a Research Plan<\/strong><\/p>\n\n\n\n<p><strong>15.00-15.15&nbsp;&nbsp; Coffee<\/strong><\/p>\n\n\n\n<p>Room AG101, Agora Building<\/p>\n\n\n\n<h5 class=\"wp-block-heading\">15.15-17.15&nbsp;&nbsp;<a href=\"https:\/\/sites.uef.fi\/bomocult-conference\/call-for-papers\/\">Panel 2a<\/a><\/h5>\n\n\n\n<p>Chair: Tiina Sotkasiira (Department of Social Sciences, UEF)<\/p>\n\n\n\n<p>Teele J\u00e4nes (Department of Social Sciences, UEF): <strong>Protectors of State and Protectors of People. A Practitioner&#8217;s View into the Baltic Asylum Systems<\/strong><\/p>\n\n\n\n<p>Ville R. Hartonen (School of Applied Educational Science and Teacher Education, UEF): <strong>The Threshold: What is Most Important in Life for Asylum Seekers<\/strong><\/p>\n\n\n\n<p>Marco Ghisetti (Faculty of Social Sciences, University of Lapland, Visiting Researcher, Arctic Centre): <strong>The American Frontier Marches Northward: Greenland\u2019s Annexation in U.S. Geopolitical Thought and Narrative<\/strong><\/p>\n\n\n\n<h5 class=\"wp-block-heading\"><a href=\"https:\/\/sites.uef.fi\/bomocult-conference\/call-for-papers\/\">Panel 2b<\/a>: Borders and Border Crossings in Art and Activism I<\/h5>\n\n\n\n<p>Room AG102, Agora Building<\/p>\n\n\n\n<p>Chair: Pauliina Lukinmaa (School of Humanities, UEF)<\/p>\n\n\n\n<p>Inga Kontkanen (School of Humanities, UEF): <strong>Translocal Poetics: Galina Rymbu and the School of Experimental Writing<\/strong><\/p>\n\n\n\n<p>Vassa Yakymets (School of Humanities, UEF): <strong>Queering the Vyshyvanka for Ukrainian Unity: Queer Activism during the Russo-Ukrainian War<\/strong><\/p>\n\n\n\n<p>Daniil Zhaivoronok (Tampere University): <strong>Cyberfeminism as a Negotiation Space between Russia and the West, and between Politics and Art<\/strong><\/p>\n\n\n\n<p>Erja Vottonen, Marja Sorvari (School of Humanities, UEF): <strong>Images of Russia and Russianness in Translation: The Reception of Oksana Vasyakina\u2019s Finnish Translations<\/strong><\/p>\n\n\n\n<p><strong>17.15-17.30&nbsp;&nbsp; Technical break<\/strong><\/p>\n\n\n\n<h5 class=\"wp-block-heading\">17.30-19.00&nbsp;&nbsp;<a href=\"https:\/\/sites.uef.fi\/bomocult-conference\/call-for-papers\/\">Panel 3a<\/a><\/h5>\n\n\n\n<p>Room AG101, Agora Building<\/p>\n\n\n\n<p>Chair: Simo Mikkonen (School of Humanities, UEF)<\/p>\n\n\n\n<p>Ilaria Sicari (Ca\u2019 Foscari University of Venice; Leiden University College): <strong>Topography of Cultural Cold War: Transnational Nodes, Routes and Networks of Tamizdat<\/strong><\/p>\n\n\n\n<p>Sofia Schulgin (School of Humanities, UEF): <strong>\u201cReaders from Kuokkala to Cairo&#8221; The Transnational Impact of the Magazine <em>\u017durnal Sodru\u017eestva<\/em> (1933\u20131938)<\/strong><\/p>\n\n\n\n<p>Juho Suokas, Erja Vottonen, Elina Kainulainen, Helka Riionheimo, Esa Penttil\u00e4 (School of Humanities, ReTra research group, UEF): <strong>Multilingualism in English-Dominated Scientific Research<\/strong><\/p>\n\n\n\n<h5 class=\"wp-block-heading\"><a href=\"https:\/\/sites.uef.fi\/bomocult-conference\/call-for-papers\/\">Panel 3b<\/a>: Borders and Border Crossings in Art and Activism II<\/h5>\n\n\n\n<p>Room AG102, Agora Building<\/p>\n\n\n\n<p>Chair: Marja Sorvari (School of Humanities, UEF)<\/p>\n\n\n\n<p>Pauliina Lukinmaa (School of Humanities, UEF): <strong>Assemblages of Art and Identity in Transit: The Novye Khudozhniki and Their Reception in Finland<\/strong><\/p>\n\n\n\n<p>Sini Siitonen (School of Humanities, UEF): <strong>The Finnish Reception of Maxim Gorky\u2019s Literary Works, 1900-1939<\/strong><\/p>\n\n\n\n<p>Kati Launis, Marja Sorvari (School of Humanities, UEF): <strong>Cultural Border-Crossings: Texts and Women on the Move in the Literary Field of Finland, Russia, and the Soviet Union<\/strong><\/p>\n\n\n\n<h5 class=\"wp-block-heading has-text-align-left\"><strong>19.00-20.30&nbsp;BOMOCULT Networking Event, Agora Caf\u00e9 (pre-registration necessary) <\/strong><\/h5>\n\n\n\n<p><\/p>\n\n\n\n<h4 class=\"wp-block-heading has-text-align-center\">Friday 3 October 2025<\/h4>\n\n\n\n<h5 class=\"wp-block-heading\">10.00-11.30&nbsp;&nbsp;<a href=\"https:\/\/sites.uef.fi\/bomocult-conference\/call-for-papers\/\">Panel 4a<\/a><\/h5>\n\n\n\n<p>Room AG100, Agora Building<\/p>\n\n\n\n<p>Chair: James W. Scott (Karelian Institute, UEF)<\/p>\n\n\n\n<p>Pasi Tuunainen (Department of Geographical and Historical Studies, UEF): <strong>The 1922 Soviet-Finnish Border Peace Agreement and its Impact on Finnish Defense Preparations and Operations at the beginning of the Winter War (1939-1940)<\/strong><\/p>\n\n\n\n<p>James W. Scott (Karelian Institute, UEF): <strong>Wicked Cities, Guilty Cities. Narrating the Urban \u201cOther\u201d as Socio-Political Bordering<\/strong><\/p>\n\n\n\n<p>Mair\u00e9ad Lordan (Karelian Institute, UEF): <strong>Shifting Identities in Northern Ireland and the Narrativisation of the Irish Border<\/strong><\/p>\n\n\n\n<h5 class=\"wp-block-heading\"><a href=\"https:\/\/sites.uef.fi\/bomocult-conference\/call-for-papers\/\">Panel 4b<\/a>: Mobilities and Migrations<\/h5>\n\n\n\n<p>Room AG109, Agora Building<\/p>\n\n\n\n<p>Chair: Sanna Mustasaari (School of Law, UEF)<\/p>\n\n\n\n<p>Tuomo Alhoj\u00e4rvi (School of Humanities, UEF): <strong>Postdystopian Care: Climate Mobilities, Anticipatory Geomedia and Ecosocial Infrastructuring<\/strong><\/p>\n\n\n\n<p>Anna-Leena Toivanen (School of Humanities, UEF): <strong>Narrativising Postcolonial Aviation: Aeromobile Chronotopes in Francophone African Fiction<\/strong><\/p>\n\n\n\n<p>Rodwell Makombe (Department of English, North-West University, South-Africa; Humboldt&nbsp; Fellow, University of Bonn): <strong>Migrant Masculinities in NoViolet Bulawayo\u2019s <em>We Need New Names<\/em> and Tendai Huchu\u2019s <em>The Maestro, the Magistrate and the Mathematician<\/em><\/strong><\/p>\n\n\n\n<p><strong>11.30-12.30&nbsp;&nbsp; Lunch Break<\/strong><\/p>\n\n\n\n<h5 class=\"wp-block-heading\">12.30-14.00&nbsp;&nbsp;<a href=\"https:\/\/sites.uef.fi\/bomocult-conference\/call-for-papers\/\">Panel 5a<\/a><\/h5>\n\n\n\n<p>Room AG101, Agora Building<\/p>\n\n\n\n<p>Chair: Jopi Nyman (School of Humanities, UEF)<\/p>\n\n\n\n<p>Olga Cielemecka, Jussi Laine (Karelian Institute, UEF): <strong>Narrating Insecurity: Border Fences as Symbolic Politics<\/strong><\/p>\n\n\n\n<p>Anupam Kamal Sen (School of Humanities, UEF): <strong>Encountering Living Borders in Denis Villeneuve\u2019s Dune<\/strong><\/p>\n\n\n\n<p>Priyanka Muhury (School of Humanities, UEF): <strong>Border Crossings and Borderscapes: Reframing Diasporic Belonging in Lahiri\u2019s <em>The Namesake<\/em><\/strong><\/p>\n\n\n\n<h5 class=\"wp-block-heading\"><a href=\"https:\/\/sites.uef.fi\/bomocult-conference\/call-for-papers\/\">Panel 5b<\/a> <\/h5>\n\n\n\n<p><strong>Room AG109, Agora Building<\/strong><\/p>\n\n\n\n<p>Chair: Joni Virkkunen (Karelian Institute, UEF)<\/p>\n\n\n\n<p>Virpi Kaisto (Karelian Institute, UEF): <strong>How to Explore Border Narratives through Visual Analysis: The Case of the Finnish\u2013Russian Border<\/strong><\/p>\n\n\n\n<p>Anni-Maria Peltola (School of Theology, UEF): <strong>Bible References in Patriarch Kirill\u2019s Statements During the Russo-Ukrainian War<\/strong><\/p>\n\n\n\n<p>Chao Jiang (Karelian Institute, UEF): <strong>Surplus Value, Synergetic Space, and Spatial Organization in Cross-border Cooperation<\/strong><\/p>\n\n\n\n<p><strong>14.00-14.30&nbsp;&nbsp; Coffee<\/strong><\/p>\n\n\n\n<h5 class=\"wp-block-heading\">14.30-16.00&nbsp;&nbsp;<a href=\"https:\/\/sites.uef.fi\/bomocult-conference\/call-for-papers\/\">Panel 6<\/a>: Transnational Death in Discussions and Practices<\/h5>\n\n\n\n<p>Room AG109, Agora Building<\/p>\n\n\n\n<p>Chair: Olga Davydova-Minguet (Karelian Institute, UEF)<\/p>\n\n\n\n<p>Teemu Oivo (Karelian Institute, UEF): <strong>Finnish-Russian Transnationals and Dividing Ideoscapes of Death<\/strong><\/p>\n\n\n\n<p>Pirjo P\u00f6ll\u00e4nen, Olga Davydova-Minguet (Karelian Institute, UEF): <strong>Discussing Religiosity and Non-Religiosity in Russian Speakers\u2019 Deaths in Finland<\/strong><\/p>\n\n\n\n<p>Ismo Bj\u00f6rn, Pirjo P\u00f6ll\u00e4nen (Karelian Institute, UEF): <strong>The Gendered Everyday Care of (Transnational) Cemeteries in Rural Border Region North Karelia<\/strong><\/p>\n\n\n\n<p><strong>16.00-16.15&nbsp;&nbsp; Closing Words<\/strong><\/p>\n\n\n\n<figure class=\"wp-block-image size-full is-resized\"><img loading=\"lazy\" decoding=\"async\" width=\"1000\" height=\"300\" src=\"https:\/\/sites.uef.fi\/bomocult-conference\/wp-content\/uploads\/sites\/307\/2023\/06\/UEF_Bomocult_Logo-003.png\" alt=\"Logo depicts globe inside a placemark\" class=\"wp-image-683\" style=\"width:340px;height:102px\" srcset=\"https:\/\/sites.uef.fi\/bomocult-conference\/wp-content\/uploads\/sites\/307\/2023\/06\/UEF_Bomocult_Logo-003.png 1000w, https:\/\/sites.uef.fi\/bomocult-conference\/wp-content\/uploads\/sites\/307\/2023\/06\/UEF_Bomocult_Logo-003-300x90.png 300w, https:\/\/sites.uef.fi\/bomocult-conference\/wp-content\/uploads\/sites\/307\/2023\/06\/UEF_Bomocult_Logo-003-768x230.png 768w\" sizes=\"auto, (max-width: 1000px) 100vw, 1000px\" \/><\/figure>\n","protected":false},"excerpt":{"rendered":"<p>Narrativising Borders, Mobilities and Cultural Encounters: 2025 BOMOCULT Conference 2-3 October 2025 University of Eastern Finland, Agora Building, Joensuu campus, Yliopistokatu 4, 80100 Joensuu Program Thursday 2 October 2025 Room AT100, Agora Building 10.00-10.15&nbsp;&nbsp;Conference Opening Chair: Jopi Nyman (School of Humanities, UEF), James W. Scott (Karelian Institute, UEF) 10.15-12.00&nbsp;&nbsp;Plenary session Chair: James W. Scott (Karelian [&hellip;]<\/p>\n","protected":false},"author":600,"featured_media":0,"parent":0,"menu_order":0,"comment_status":"closed","ping_status":"closed","template":"","meta":{"_acf_changed":false,"footnotes":""},"class_list":["post-404","page","type-page","status-publish","hentry"],"acf":[],"yoast_head":"<!-- This site is optimized with the Yoast SEO plugin v27.1.1 - https:\/\/yoast.com\/product\/yoast-seo-wordpress\/ -->\n<title>Programme - BOMOCULT Conference<\/title>\n<meta name=\"robots\" content=\"index, follow, max-snippet:-1, max-image-preview:large, max-video-preview:-1\" \/>\n<link rel=\"canonical\" href=\"https:\/\/sites.uef.fi\/bomocult-conference\/programme\/\" \/>\n<meta property=\"og:locale\" content=\"en_US\" \/>\n<meta property=\"og:type\" content=\"article\" \/>\n<meta property=\"og:title\" content=\"Programme - BOMOCULT Conference\" \/>\n<meta property=\"og:description\" content=\"Narrativising Borders, Mobilities and Cultural Encounters: 2025 BOMOCULT Conference 2-3 October 2025 University of Eastern Finland, Agora Building, Joensuu campus, Yliopistokatu 4, 80100 Joensuu Program Thursday 2 October 2025 Room AT100, Agora Building 10.00-10.15&nbsp;&nbsp;Conference Opening Chair: Jopi Nyman (School of Humanities, UEF), James W. Scott (Karelian Institute, UEF) 10.15-12.00&nbsp;&nbsp;Plenary session Chair: James W. Scott (Karelian [&hellip;]\" \/>\n<meta property=\"og:url\" content=\"https:\/\/sites.uef.fi\/bomocult-conference\/programme\/\" \/>\n<meta property=\"og:site_name\" content=\"BOMOCULT Conference\" \/>\n<meta property=\"article:modified_time\" content=\"2025-10-06T07:00:43+00:00\" \/>\n<meta property=\"og:image\" content=\"https:\/\/sites.uef.fi\/bomocult-conference\/wp-content\/uploads\/sites\/307\/2023\/06\/UEF_Bomocult_Logo-003.png\" \/>\n\t<meta property=\"og:image:width\" content=\"1000\" \/>\n\t<meta property=\"og:image:height\" content=\"300\" \/>\n\t<meta property=\"og:image:type\" content=\"image\/png\" \/>\n<meta name=\"twitter:card\" content=\"summary_large_image\" \/>\n<meta name=\"twitter:label1\" content=\"Est. reading time\" \/>\n\t<meta name=\"twitter:data1\" content=\"5 minutes\" \/>\n<script type=\"application\/ld+json\" class=\"yoast-schema-graph\">{\"@context\":\"https:\/\/schema.org\",\"@graph\":[{\"@type\":\"WebPage\",\"@id\":\"https:\/\/sites.uef.fi\/bomocult-conference\/programme\/\",\"url\":\"https:\/\/sites.uef.fi\/bomocult-conference\/programme\/\",\"name\":\"Programme - BOMOCULT Conference\",\"isPartOf\":{\"@id\":\"https:\/\/sites.uef.fi\/bomocult-conference\/#website\"},\"primaryImageOfPage\":{\"@id\":\"https:\/\/sites.uef.fi\/bomocult-conference\/programme\/#primaryimage\"},\"image\":{\"@id\":\"https:\/\/sites.uef.fi\/bomocult-conference\/programme\/#primaryimage\"},\"thumbnailUrl\":\"https:\/\/sites.uef.fi\/bomocult-conference\/wp-content\/uploads\/sites\/307\/2023\/06\/UEF_Bomocult_Logo-003.png\",\"datePublished\":\"2021-06-17T10:50:11+00:00\",\"dateModified\":\"2025-10-06T07:00:43+00:00\",\"breadcrumb\":{\"@id\":\"https:\/\/sites.uef.fi\/bomocult-conference\/programme\/#breadcrumb\"},\"inLanguage\":\"en-US\",\"potentialAction\":[{\"@type\":\"ReadAction\",\"target\":[\"https:\/\/sites.uef.fi\/bomocult-conference\/programme\/\"]}]},{\"@type\":\"ImageObject\",\"inLanguage\":\"en-US\",\"@id\":\"https:\/\/sites.uef.fi\/bomocult-conference\/programme\/#primaryimage\",\"url\":\"https:\/\/sites.uef.fi\/bomocult-conference\/wp-content\/uploads\/sites\/307\/2023\/06\/UEF_Bomocult_Logo-003.png\",\"contentUrl\":\"https:\/\/sites.uef.fi\/bomocult-conference\/wp-content\/uploads\/sites\/307\/2023\/06\/UEF_Bomocult_Logo-003.png\",\"width\":1000,\"height\":300,\"caption\":\"Logo depicts globe inside a placemark\"},{\"@type\":\"BreadcrumbList\",\"@id\":\"https:\/\/sites.uef.fi\/bomocult-conference\/programme\/#breadcrumb\",\"itemListElement\":[{\"@type\":\"ListItem\",\"position\":1,\"name\":\"Home\",\"item\":\"https:\/\/sites.uef.fi\/bomocult-conference\/\"},{\"@type\":\"ListItem\",\"position\":2,\"name\":\"Programme\"}]},{\"@type\":\"WebSite\",\"@id\":\"https:\/\/sites.uef.fi\/bomocult-conference\/#website\",\"url\":\"https:\/\/sites.uef.fi\/bomocult-conference\/\",\"name\":\"BOMOCULT Conference\",\"description\":\"\",\"potentialAction\":[{\"@type\":\"SearchAction\",\"target\":{\"@type\":\"EntryPoint\",\"urlTemplate\":\"https:\/\/sites.uef.fi\/bomocult-conference\/?s={search_term_string}\"},\"query-input\":{\"@type\":\"PropertyValueSpecification\",\"valueRequired\":true,\"valueName\":\"search_term_string\"}}],\"inLanguage\":\"en-US\"}]}<\/script>\n<!-- \/ Yoast SEO plugin. -->","yoast_head_json":{"title":"Programme - BOMOCULT Conference","robots":{"index":"index","follow":"follow","max-snippet":"max-snippet:-1","max-image-preview":"max-image-preview:large","max-video-preview":"max-video-preview:-1"},"canonical":"https:\/\/sites.uef.fi\/bomocult-conference\/programme\/","og_locale":"en_US","og_type":"article","og_title":"Programme - BOMOCULT Conference","og_description":"Narrativising Borders, Mobilities and Cultural Encounters: 2025 BOMOCULT Conference 2-3 October 2025 University of Eastern Finland, Agora Building, Joensuu campus, Yliopistokatu 4, 80100 Joensuu Program Thursday 2 October 2025 Room AT100, Agora Building 10.00-10.15&nbsp;&nbsp;Conference Opening Chair: Jopi Nyman (School of Humanities, UEF), James W. Scott (Karelian Institute, UEF) 10.15-12.00&nbsp;&nbsp;Plenary session Chair: James W. Scott (Karelian [&hellip;]","og_url":"https:\/\/sites.uef.fi\/bomocult-conference\/programme\/","og_site_name":"BOMOCULT Conference","article_modified_time":"2025-10-06T07:00:43+00:00","og_image":[{"width":1000,"height":300,"url":"https:\/\/sites.uef.fi\/bomocult-conference\/wp-content\/uploads\/sites\/307\/2023\/06\/UEF_Bomocult_Logo-003.png","type":"image\/png"}],"twitter_card":"summary_large_image","twitter_misc":{"Est. reading time":"5 minutes"},"schema":{"@context":"https:\/\/schema.org","@graph":[{"@type":"WebPage","@id":"https:\/\/sites.uef.fi\/bomocult-conference\/programme\/","url":"https:\/\/sites.uef.fi\/bomocult-conference\/programme\/","name":"Programme - BOMOCULT Conference","isPartOf":{"@id":"https:\/\/sites.uef.fi\/bomocult-conference\/#website"},"primaryImageOfPage":{"@id":"https:\/\/sites.uef.fi\/bomocult-conference\/programme\/#primaryimage"},"image":{"@id":"https:\/\/sites.uef.fi\/bomocult-conference\/programme\/#primaryimage"},"thumbnailUrl":"https:\/\/sites.uef.fi\/bomocult-conference\/wp-content\/uploads\/sites\/307\/2023\/06\/UEF_Bomocult_Logo-003.png","datePublished":"2021-06-17T10:50:11+00:00","dateModified":"2025-10-06T07:00:43+00:00","breadcrumb":{"@id":"https:\/\/sites.uef.fi\/bomocult-conference\/programme\/#breadcrumb"},"inLanguage":"en-US","potentialAction":[{"@type":"ReadAction","target":["https:\/\/sites.uef.fi\/bomocult-conference\/programme\/"]}]},{"@type":"ImageObject","inLanguage":"en-US","@id":"https:\/\/sites.uef.fi\/bomocult-conference\/programme\/#primaryimage","url":"https:\/\/sites.uef.fi\/bomocult-conference\/wp-content\/uploads\/sites\/307\/2023\/06\/UEF_Bomocult_Logo-003.png","contentUrl":"https:\/\/sites.uef.fi\/bomocult-conference\/wp-content\/uploads\/sites\/307\/2023\/06\/UEF_Bomocult_Logo-003.png","width":1000,"height":300,"caption":"Logo depicts globe inside a placemark"},{"@type":"BreadcrumbList","@id":"https:\/\/sites.uef.fi\/bomocult-conference\/programme\/#breadcrumb","itemListElement":[{"@type":"ListItem","position":1,"name":"Home","item":"https:\/\/sites.uef.fi\/bomocult-conference\/"},{"@type":"ListItem","position":2,"name":"Programme"}]},{"@type":"WebSite","@id":"https:\/\/sites.uef.fi\/bomocult-conference\/#website","url":"https:\/\/sites.uef.fi\/bomocult-conference\/","name":"BOMOCULT Conference","description":"","potentialAction":[{"@type":"SearchAction","target":{"@type":"EntryPoint","urlTemplate":"https:\/\/sites.uef.fi\/bomocult-conference\/?s={search_term_string}"},"query-input":{"@type":"PropertyValueSpecification","valueRequired":true,"valueName":"search_term_string"}}],"inLanguage":"en-US"}]}},"_links":{"self":[{"href":"https:\/\/sites.uef.fi\/bomocult-conference\/wp-json\/wp\/v2\/pages\/404","targetHints":{"allow":["GET"]}}],"collection":[{"href":"https:\/\/sites.uef.fi\/bomocult-conference\/wp-json\/wp\/v2\/pages"}],"about":[{"href":"https:\/\/sites.uef.fi\/bomocult-conference\/wp-json\/wp\/v2\/types\/page"}],"author":[{"embeddable":true,"href":"https:\/\/sites.uef.fi\/bomocult-conference\/wp-json\/wp\/v2\/users\/600"}],"replies":[{"embeddable":true,"href":"https:\/\/sites.uef.fi\/bomocult-conference\/wp-json\/wp\/v2\/comments?post=404"}],"version-history":[{"count":2,"href":"https:\/\/sites.uef.fi\/bomocult-conference\/wp-json\/wp\/v2\/pages\/404\/revisions"}],"predecessor-version":[{"id":1593,"href":"https:\/\/sites.uef.fi\/bomocult-conference\/wp-json\/wp\/v2\/pages\/404\/revisions\/1593"}],"wp:attachment":[{"href":"https:\/\/sites.uef.fi\/bomocult-conference\/wp-json\/wp\/v2\/media?parent=404"}],"curies":[{"name":"wp","href":"https:\/\/api.w.org\/{rel}","templated":true}]}}