{"id":19,"date":"2024-04-02T07:53:01","date_gmt":"2024-04-02T07:53:01","guid":{"rendered":"https:\/\/sites.uef.fi\/bru?page_id=19"},"modified":"2026-04-20T10:47:08","modified_gmt":"2026-04-20T08:47:08","slug":"etusivu","status":"publish","type":"page","link":"https:\/\/sites.uef.fi\/bru\/","title":{"rendered":"Etusivu"},"content":{"rendered":"\n<p><br><br><strong>UEF Aivotutkimusyksikk\u00f6 tarjoaa yrityksille, akateemisille toimijoille sek\u00e4 sosiaali- ja terveydenhuollolle korkeatasoisia ja laadukkaita kliinisi\u00e4 tutkimuspalveluja, jotka liittyv\u00e4t aivosairauksiin, niiden riskitekij\u00f6ihin ja ennaltaehk\u00e4isyyn sek\u00e4 terveiden aivojen toimintaan.<\/strong><br><\/p>\n\n\n\n<p>Aivotutkimusyksikk\u00f6 on It\u00e4-Suomen yliopiston kliinisen l\u00e4\u00e4ketieteen yksik\u00f6n neurologian oppiaineeseen kuuluva <strong>palveluyksikk\u00f6<\/strong>, joka tarjoaa korkealaatuisia <strong>kliinisi\u00e4<\/strong> <strong>tutkimuspalveluja akateemisille toimijoille, terveydenhuollolle sek\u00e4 yrityksille<\/strong>.&nbsp;<\/p>\n\n\n\n<p>Ydinosaamisalueitamme<strong> <\/strong>ovat neurologisten sairauksien ohella erilaiset biomarkkeritutkimukset. <\/p>\n\n\n\n<p>Aivotutkimusyksikk\u00f6 on keskeinen osa It\u00e4-Suomen yliopiston <a href=\"https:\/\/www.uef.fi\/fi\/tutkimusyhteiso\/neurotieteet\" target=\"_blank\" rel=\"noreferrer noopener\">neurotieteiden tutkimusyhteis\u00f6n<\/a> (NEURO-RC) tutkimusinfrastruktuuria sek\u00e4 Kansallisen Neurokeskuksen <a href=\"https:\/\/kuopio.neurocenterfinland.fi\/\" target=\"_blank\" rel=\"noreferrer noopener\">Kuopio Brain &amp; Mind -aluetoimintaa<\/a>. Tiivis toiminta It\u00e4-Suomen yliopiston akateemisten tutkijoiden kanssa antaa valmiudet tutkia tautien geneettist\u00e4 taustaa, riskitekij\u00f6it\u00e4, syntymekanismeja, ennaltaehk\u00e4isy\u00e4 ja diagnostiikkaa. Avohoidon l\u00e4\u00e4ke- ja laitetutkimukset toteutamme Aivotutkimusyksik\u00f6ss\u00e4. Sairaalaymp\u00e4rist\u00f6\u00e4 vaativia tutkimuksia, kuten akuutteihin sairauksiin liittyvi\u00e4 vaativia l\u00e4\u00e4ketutkimuksia, teemme yhteisty\u00f6ss\u00e4 <a href=\"https:\/\/pshyvinvointialue.fi\/kys-kuopion-yliopistollinen-sairaala\" target=\"_blank\" rel=\"noreferrer noopener\">Kuopion yliopistollisen sairaalan<\/a> (KYS) kanssa. Yhteisty\u00f6verkostomme mahdollistaa my\u00f6s n\u00e4ihin liittyvien tutkimuspalveluiden tarjoamisen yrityksille ja akateemisille yhteisty\u00f6kumppaneille.<\/p>\n\n\n\n<p>Lue lis\u00e4\u00e4 meist\u00e4 <a href=\"https:\/\/sites.uef.fi\/bru\/keita-me-olemme\/\">Keit\u00e4 me olemme<\/a> -sivulta ja tutustu <a href=\"https:\/\/sites.uef.fi\/bru\/ajankohtaista\/\" id=\"https:\/\/sites.uef.fi\/bru\/ajankohtaista\/\">Ajankohtaisiin uutisiimme<\/a>. <\/p>\n\n\n\n<figure class=\"wp-block-image size-large is-resized\"><img loading=\"lazy\" decoding=\"async\" width=\"1024\" height=\"682\" src=\"https:\/\/sites.uef.fi\/bru\/wp-content\/uploads\/sites\/472\/2024\/04\/Solje-Eino-1238-1024x682.jpg\" alt=\"\" class=\"wp-image-529\" style=\"width:810px;height:auto\" srcset=\"https:\/\/sites.uef.fi\/bru\/wp-content\/uploads\/sites\/472\/2024\/04\/Solje-Eino-1238-1024x682.jpg 1024w, https:\/\/sites.uef.fi\/bru\/wp-content\/uploads\/sites\/472\/2024\/04\/Solje-Eino-1238-300x200.jpg 300w, https:\/\/sites.uef.fi\/bru\/wp-content\/uploads\/sites\/472\/2024\/04\/Solje-Eino-1238-768x512.jpg 768w, https:\/\/sites.uef.fi\/bru\/wp-content\/uploads\/sites\/472\/2024\/04\/Solje-Eino-1238-1536x1024.jpg 1536w, https:\/\/sites.uef.fi\/bru\/wp-content\/uploads\/sites\/472\/2024\/04\/Solje-Eino-1238.jpg 2000w\" sizes=\"auto, (max-width: 1024px) 100vw, 1024px\" \/><\/figure>\n\n\n\n<div class=\"links-block\">\n\n            <h3>Etsitk\u00f6 tilaustutkimuksen toteuttajaa tai kumppania tutkimusyhteisty\u00f6h\u00f6n? <\/h3>\n    \n    <ul class=\"link-list\">\n        \n            \n            <li class=\"link-list-item\">\n                <a href=\"https:\/\/sites.uef.fi\/bru\/palvelumme-yrityksille\/\" class=\"link-reset link hover-scale-down\">\n                    <svg\n        width=\"43\" height=\"25\"\n        viewBox=\"0 0 43 25\"\n        xmlns=\"http:\/\/www.w3.org\/2000\/svg\">\n    <path\n        d=\"M30.027 0 43 12.5 30.027 25 27 22.083 34.351 15H0v-5h34.351L27 2.917z\"\n        fill=\"currentColor\"\n        fill-rule=\"evenodd\"\/>\n<\/svg>                    <div>Palvelumme yrityksille<\/div>\n                <\/a>\n                <div class=\"link-info\">\n                                    <\/div>\n            <\/li>\n\n        \n            <li class=\"link-list-item\">\n                <a href=\"https:\/\/sites.uef.fi\/bru\/palvelumme-akateemisille-yhteistyokumppaneille\/\" class=\"link-reset link hover-scale-down\">\n                    <svg\n        width=\"43\" height=\"25\"\n        viewBox=\"0 0 43 25\"\n        xmlns=\"http:\/\/www.w3.org\/2000\/svg\">\n    <path\n        d=\"M30.027 0 43 12.5 30.027 25 27 22.083 34.351 15H0v-5h34.351L27 2.917z\"\n        fill=\"currentColor\"\n        fill-rule=\"evenodd\"\/>\n<\/svg>                    <div>Palvelumme akateemisille yhteisty\u00f6kumppaneille<\/div>\n                <\/a>\n                <div class=\"link-info\">\n                                    <\/div>\n            <\/li>\n\n                <\/ul>\n<\/div>\n\n\n<div class=\"links-block\">\n\n            <h3>Hakeudu tutkittavaksi kliiniseen tutkimukseen<\/h3>\n    \n    <ul class=\"link-list\">\n        \n            \n            <li class=\"link-list-item\">\n                <a href=\"https:\/\/sites.uef.fi\/bru\/oletko-kiinnostunut-osallistumaan-tutkimukseen-nain-ilmoittaudut\/\" class=\"link-reset link hover-scale-down\">\n                    <svg\n        width=\"43\" height=\"25\"\n        viewBox=\"0 0 43 25\"\n        xmlns=\"http:\/\/www.w3.org\/2000\/svg\">\n    <path\n        d=\"M30.027 0 43 12.5 30.027 25 27 22.083 34.351 15H0v-5h34.351L27 2.917z\"\n        fill=\"currentColor\"\n        fill-rule=\"evenodd\"\/>\n<\/svg>                    <div>Oletko kiinnostunut osallistumaan tutkimukseen <\/div>\n                <\/a>\n                <div class=\"link-info\">\n                                    <\/div>\n            <\/li>\n\n                <\/ul>\n<\/div>\n\n\n<div class=\"links-block\">\n\n            <h3>Seuraa meit\u00e4 sosiaalisessa mediassa!<\/h3>\n    \n    <ul class=\"link-list\">\n        \n            \n            <li class=\"link-list-item\">\n                <a href=\"https:\/\/www.instagram.com\/uefaivotutkimusyksikko\/\" class=\"link-reset link hover-scale-down\">\n                    <svg\n        width=\"43\" height=\"25\"\n        viewBox=\"0 0 43 25\"\n        xmlns=\"http:\/\/www.w3.org\/2000\/svg\">\n    <path\n        d=\"M30.027 0 43 12.5 30.027 25 27 22.083 34.351 15H0v-5h34.351L27 2.917z\"\n        fill=\"currentColor\"\n        fill-rule=\"evenodd\"\/>\n<\/svg>                    <div>Instagram<\/div>\n                <\/a>\n                <div class=\"link-info\">\n                                    <\/div>\n            <\/li>\n\n        \n            <li class=\"link-list-item\">\n                <a href=\"https:\/\/www.facebook.com\/Aivotutkimusyksikko\" class=\"link-reset link hover-scale-down\">\n                    <svg\n        width=\"43\" height=\"25\"\n        viewBox=\"0 0 43 25\"\n        xmlns=\"http:\/\/www.w3.org\/2000\/svg\">\n    <path\n        d=\"M30.027 0 43 12.5 30.027 25 27 22.083 34.351 15H0v-5h34.351L27 2.917z\"\n        fill=\"currentColor\"\n        fill-rule=\"evenodd\"\/>\n<\/svg>                    <div>Facebook<\/div>\n                <\/a>\n                <div class=\"link-info\">\n                                    <\/div>\n            <\/li>\n\n        \n            <li class=\"link-list-item\">\n                <a href=\"https:\/\/www.linkedin.com\/company\/uef-brain-research-unit\/\" class=\"link-reset link hover-scale-down\">\n                    <svg\n        width=\"43\" height=\"25\"\n        viewBox=\"0 0 43 25\"\n        xmlns=\"http:\/\/www.w3.org\/2000\/svg\">\n    <path\n        d=\"M30.027 0 43 12.5 30.027 25 27 22.083 34.351 15H0v-5h34.351L27 2.917z\"\n        fill=\"currentColor\"\n        fill-rule=\"evenodd\"\/>\n<\/svg>                    <div>LinkedIn<\/div>\n                <\/a>\n                <div class=\"link-info\">\n                                    <\/div>\n            <\/li>\n\n                <\/ul>\n<\/div>\n\n\n<h2 class=\"wp-block-heading\">Katso esittelyvideomme<\/h2>\n\n\n<iframe loading=\"lazy\" src=\"https:\/\/uef.cloud.panopto.eu\/Panopto\/Pages\/Embed.aspx?id=076f953f-0db4-4c46-a90b-b29200e1a259&autoplay=false&offerviewer=true&showtitle=true&showbrand=true&captions=false&interactivity=all\" height=\"405\" width=\"720\" style=\"border: 1px solid #464646;\" allowfullscreen allow=\"autoplay\" aria-label=\"Panopto Embedded Video Player\" aria-description=\"UEF Aivotutkimusyksikk\u00f6_ATY_FIN\" ><\/iframe>\n\n\n\n<p><\/p>\n\n\n<iframe loading=\"lazy\" src=\"https:\/\/uef.cloud.panopto.eu\/Panopto\/Pages\/Embed.aspx?id=024bb106-a0f6-4749-8803-b29800d2eb86&autoplay=false&offerviewer=true&showtitle=true&showbrand=true&captions=false&interactivity=all\" height=\"405\" width=\"720\" style=\"border: 1px solid #464646;\" allowfullscreen allow=\"autoplay\" aria-label=\"Panopto Embedded Video Player\" aria-description=\"UEF_Biomarkkerilaboratorio_FIN\" ><\/iframe>\n\n\n\n<p><\/p>\n\n\n\n<p>P\u00e4ivitetty 20.4.2026<\/p>\n","protected":false},"excerpt":{"rendered":"<p>UEF Aivotutkimusyksikk\u00f6 tarjoaa yrityksille, akateemisille toimijoille sek\u00e4 sosiaali- ja terveydenhuollolle korkeatasoisia ja laadukkaita kliinisi\u00e4 tutkimuspalveluja, jotka liittyv\u00e4t aivosairauksiin, niiden riskitekij\u00f6ihin ja ennaltaehk\u00e4isyyn sek\u00e4 terveiden aivojen toimintaan. Aivotutkimusyksikk\u00f6 on It\u00e4-Suomen yliopiston kliinisen l\u00e4\u00e4ketieteen yksik\u00f6n neurologian oppiaineeseen kuuluva palveluyksikk\u00f6, joka tarjoaa korkealaatuisia kliinisi\u00e4 tutkimuspalveluja akateemisille toimijoille, terveydenhuollolle sek\u00e4 yrityksille.&nbsp; Ydinosaamisalueitamme ovat neurologisten sairauksien ohella erilaiset biomarkkeritutkimukset. Aivotutkimusyksikk\u00f6 [&hellip;]<\/p>\n","protected":false},"author":2,"featured_media":0,"parent":0,"menu_order":0,"comment_status":"closed","ping_status":"closed","template":"","meta":{"_acf_changed":false,"footnotes":""},"class_list":["post-19","page","type-page","status-publish","hentry"],"acf":[],"yoast_head":"<!-- This site is optimized with the Yoast SEO plugin v27.3 - https:\/\/yoast.com\/product\/yoast-seo-wordpress\/ -->\n<title>Etusivu - UEF Aivotutkimusyksikk\u00f6<\/title>\n<meta name=\"robots\" content=\"index, follow, max-snippet:-1, max-image-preview:large, max-video-preview:-1\" \/>\n<link rel=\"canonical\" href=\"https:\/\/sites.uef.fi\/bru\/\" \/>\n<meta property=\"og:locale\" content=\"fi_FI\" \/>\n<meta property=\"og:type\" content=\"article\" \/>\n<meta property=\"og:title\" content=\"Etusivu - UEF Aivotutkimusyksikk\u00f6\" \/>\n<meta property=\"og:description\" content=\"UEF Aivotutkimusyksikk\u00f6 tarjoaa yrityksille, akateemisille toimijoille sek\u00e4 sosiaali- ja terveydenhuollolle korkeatasoisia ja laadukkaita kliinisi\u00e4 tutkimuspalveluja, jotka liittyv\u00e4t aivosairauksiin, niiden riskitekij\u00f6ihin ja ennaltaehk\u00e4isyyn sek\u00e4 terveiden aivojen toimintaan. Aivotutkimusyksikk\u00f6 on It\u00e4-Suomen yliopiston kliinisen l\u00e4\u00e4ketieteen yksik\u00f6n neurologian oppiaineeseen kuuluva palveluyksikk\u00f6, joka tarjoaa korkealaatuisia kliinisi\u00e4 tutkimuspalveluja akateemisille toimijoille, terveydenhuollolle sek\u00e4 yrityksille.&nbsp; Ydinosaamisalueitamme ovat neurologisten sairauksien ohella erilaiset biomarkkeritutkimukset. Aivotutkimusyksikk\u00f6 [&hellip;]\" \/>\n<meta property=\"og:url\" content=\"https:\/\/sites.uef.fi\/bru\/\" \/>\n<meta property=\"og:site_name\" content=\"UEF Aivotutkimusyksikk\u00f6\" \/>\n<meta property=\"article:modified_time\" content=\"2026-04-20T08:47:08+00:00\" \/>\n<meta property=\"og:image\" content=\"https:\/\/sites.uef.fi\/bru\/wp-content\/uploads\/sites\/472\/2024\/04\/Solje-Eino-1238.jpg\" \/>\n\t<meta property=\"og:image:width\" content=\"2000\" \/>\n\t<meta property=\"og:image:height\" content=\"1333\" \/>\n\t<meta property=\"og:image:type\" content=\"image\/jpeg\" \/>\n<meta name=\"twitter:card\" content=\"summary_large_image\" \/>\n<meta name=\"twitter:label1\" content=\"Arvioitu lukuaika\" \/>\n\t<meta name=\"twitter:data1\" content=\"2 minuuttia\" \/>\n<script type=\"application\/ld+json\" class=\"yoast-schema-graph\">{\"@context\":\"https:\\\/\\\/schema.org\",\"@graph\":[{\"@type\":\"WebPage\",\"@id\":\"https:\\\/\\\/sites.uef.fi\\\/bru\\\/\",\"url\":\"https:\\\/\\\/sites.uef.fi\\\/bru\\\/\",\"name\":\"Etusivu - UEF Aivotutkimusyksikk\u00f6\",\"isPartOf\":{\"@id\":\"https:\\\/\\\/sites.uef.fi\\\/bru\\\/#website\"},\"primaryImageOfPage\":{\"@id\":\"https:\\\/\\\/sites.uef.fi\\\/bru\\\/#primaryimage\"},\"image\":{\"@id\":\"https:\\\/\\\/sites.uef.fi\\\/bru\\\/#primaryimage\"},\"thumbnailUrl\":\"https:\\\/\\\/sites.uef.fi\\\/bru\\\/wp-content\\\/uploads\\\/sites\\\/472\\\/2024\\\/04\\\/Solje-Eino-1238-1024x682.jpg\",\"datePublished\":\"2024-04-02T07:53:01+00:00\",\"dateModified\":\"2026-04-20T08:47:08+00:00\",\"breadcrumb\":{\"@id\":\"https:\\\/\\\/sites.uef.fi\\\/bru\\\/#breadcrumb\"},\"inLanguage\":\"fi\",\"potentialAction\":[{\"@type\":\"ReadAction\",\"target\":[\"https:\\\/\\\/sites.uef.fi\\\/bru\\\/\"]}]},{\"@type\":\"ImageObject\",\"inLanguage\":\"fi\",\"@id\":\"https:\\\/\\\/sites.uef.fi\\\/bru\\\/#primaryimage\",\"url\":\"https:\\\/\\\/sites.uef.fi\\\/bru\\\/wp-content\\\/uploads\\\/sites\\\/472\\\/2024\\\/04\\\/Solje-Eino-1238.jpg\",\"contentUrl\":\"https:\\\/\\\/sites.uef.fi\\\/bru\\\/wp-content\\\/uploads\\\/sites\\\/472\\\/2024\\\/04\\\/Solje-Eino-1238.jpg\",\"width\":2000,\"height\":1333},{\"@type\":\"BreadcrumbList\",\"@id\":\"https:\\\/\\\/sites.uef.fi\\\/bru\\\/#breadcrumb\",\"itemListElement\":[{\"@type\":\"ListItem\",\"position\":1,\"name\":\"Home\",\"item\":\"https:\\\/\\\/sites.uef.fi\\\/bru\\\/\"},{\"@type\":\"ListItem\",\"position\":2,\"name\":\"Etusivu\"}]},{\"@type\":\"WebSite\",\"@id\":\"https:\\\/\\\/sites.uef.fi\\\/bru\\\/#website\",\"url\":\"https:\\\/\\\/sites.uef.fi\\\/bru\\\/\",\"name\":\"UEF Aivotutkimusyksikk\u00f6\",\"description\":\"\",\"potentialAction\":[{\"@type\":\"SearchAction\",\"target\":{\"@type\":\"EntryPoint\",\"urlTemplate\":\"https:\\\/\\\/sites.uef.fi\\\/bru\\\/?s={search_term_string}\"},\"query-input\":{\"@type\":\"PropertyValueSpecification\",\"valueRequired\":true,\"valueName\":\"search_term_string\"}}],\"inLanguage\":\"fi\"}]}<\/script>\n<!-- \/ Yoast SEO plugin. -->","yoast_head_json":{"title":"Etusivu - UEF Aivotutkimusyksikk\u00f6","robots":{"index":"index","follow":"follow","max-snippet":"max-snippet:-1","max-image-preview":"max-image-preview:large","max-video-preview":"max-video-preview:-1"},"canonical":"https:\/\/sites.uef.fi\/bru\/","og_locale":"fi_FI","og_type":"article","og_title":"Etusivu - UEF Aivotutkimusyksikk\u00f6","og_description":"UEF Aivotutkimusyksikk\u00f6 tarjoaa yrityksille, akateemisille toimijoille sek\u00e4 sosiaali- ja terveydenhuollolle korkeatasoisia ja laadukkaita kliinisi\u00e4 tutkimuspalveluja, jotka liittyv\u00e4t aivosairauksiin, niiden riskitekij\u00f6ihin ja ennaltaehk\u00e4isyyn sek\u00e4 terveiden aivojen toimintaan. Aivotutkimusyksikk\u00f6 on It\u00e4-Suomen yliopiston kliinisen l\u00e4\u00e4ketieteen yksik\u00f6n neurologian oppiaineeseen kuuluva palveluyksikk\u00f6, joka tarjoaa korkealaatuisia kliinisi\u00e4 tutkimuspalveluja akateemisille toimijoille, terveydenhuollolle sek\u00e4 yrityksille.&nbsp; Ydinosaamisalueitamme ovat neurologisten sairauksien ohella erilaiset biomarkkeritutkimukset. Aivotutkimusyksikk\u00f6 [&hellip;]","og_url":"https:\/\/sites.uef.fi\/bru\/","og_site_name":"UEF Aivotutkimusyksikk\u00f6","article_modified_time":"2026-04-20T08:47:08+00:00","og_image":[{"width":2000,"height":1333,"url":"https:\/\/sites.uef.fi\/bru\/wp-content\/uploads\/sites\/472\/2024\/04\/Solje-Eino-1238.jpg","type":"image\/jpeg"}],"twitter_card":"summary_large_image","twitter_misc":{"Arvioitu lukuaika":"2 minuuttia"},"schema":{"@context":"https:\/\/schema.org","@graph":[{"@type":"WebPage","@id":"https:\/\/sites.uef.fi\/bru\/","url":"https:\/\/sites.uef.fi\/bru\/","name":"Etusivu - UEF Aivotutkimusyksikk\u00f6","isPartOf":{"@id":"https:\/\/sites.uef.fi\/bru\/#website"},"primaryImageOfPage":{"@id":"https:\/\/sites.uef.fi\/bru\/#primaryimage"},"image":{"@id":"https:\/\/sites.uef.fi\/bru\/#primaryimage"},"thumbnailUrl":"https:\/\/sites.uef.fi\/bru\/wp-content\/uploads\/sites\/472\/2024\/04\/Solje-Eino-1238-1024x682.jpg","datePublished":"2024-04-02T07:53:01+00:00","dateModified":"2026-04-20T08:47:08+00:00","breadcrumb":{"@id":"https:\/\/sites.uef.fi\/bru\/#breadcrumb"},"inLanguage":"fi","potentialAction":[{"@type":"ReadAction","target":["https:\/\/sites.uef.fi\/bru\/"]}]},{"@type":"ImageObject","inLanguage":"fi","@id":"https:\/\/sites.uef.fi\/bru\/#primaryimage","url":"https:\/\/sites.uef.fi\/bru\/wp-content\/uploads\/sites\/472\/2024\/04\/Solje-Eino-1238.jpg","contentUrl":"https:\/\/sites.uef.fi\/bru\/wp-content\/uploads\/sites\/472\/2024\/04\/Solje-Eino-1238.jpg","width":2000,"height":1333},{"@type":"BreadcrumbList","@id":"https:\/\/sites.uef.fi\/bru\/#breadcrumb","itemListElement":[{"@type":"ListItem","position":1,"name":"Home","item":"https:\/\/sites.uef.fi\/bru\/"},{"@type":"ListItem","position":2,"name":"Etusivu"}]},{"@type":"WebSite","@id":"https:\/\/sites.uef.fi\/bru\/#website","url":"https:\/\/sites.uef.fi\/bru\/","name":"UEF Aivotutkimusyksikk\u00f6","description":"","potentialAction":[{"@type":"SearchAction","target":{"@type":"EntryPoint","urlTemplate":"https:\/\/sites.uef.fi\/bru\/?s={search_term_string}"},"query-input":{"@type":"PropertyValueSpecification","valueRequired":true,"valueName":"search_term_string"}}],"inLanguage":"fi"}]}},"_links":{"self":[{"href":"https:\/\/sites.uef.fi\/bru\/wp-json\/wp\/v2\/pages\/19","targetHints":{"allow":["GET"]}}],"collection":[{"href":"https:\/\/sites.uef.fi\/bru\/wp-json\/wp\/v2\/pages"}],"about":[{"href":"https:\/\/sites.uef.fi\/bru\/wp-json\/wp\/v2\/types\/page"}],"author":[{"embeddable":true,"href":"https:\/\/sites.uef.fi\/bru\/wp-json\/wp\/v2\/users\/2"}],"replies":[{"embeddable":true,"href":"https:\/\/sites.uef.fi\/bru\/wp-json\/wp\/v2\/comments?post=19"}],"version-history":[{"count":2,"href":"https:\/\/sites.uef.fi\/bru\/wp-json\/wp\/v2\/pages\/19\/revisions"}],"predecessor-version":[{"id":4083,"href":"https:\/\/sites.uef.fi\/bru\/wp-json\/wp\/v2\/pages\/19\/revisions\/4083"}],"wp:attachment":[{"href":"https:\/\/sites.uef.fi\/bru\/wp-json\/wp\/v2\/media?parent=19"}],"curies":[{"name":"wp","href":"https:\/\/api.w.org\/{rel}","templated":true}]}}