{"id":2029,"date":"2024-06-26T13:24:21","date_gmt":"2024-06-26T11:24:21","guid":{"rendered":"https:\/\/sites.uef.fi\/bru\/?page_id=2029"},"modified":"2026-01-12T10:39:12","modified_gmt":"2026-01-12T08:39:12","slug":"tyonhakijalle","status":"publish","type":"page","link":"https:\/\/sites.uef.fi\/bru\/tyonhakijalle\/","title":{"rendered":"Ty\u00f6nhakijalle"},"content":{"rendered":"\n<p>Avoinna olevat teht\u00e4v\u00e4t julkaistaan&nbsp;<a href=\"https:\/\/www.uef.fi\/fi\/avoimet-tyopaikat\">It\u00e4-Suomen yliopiston verkkosivuilla<\/a>.<\/p>\n\n\n\n<p>Voit j\u00e4tt\u00e4\u00e4 meille sit\u00e4 kautta my\u00f6s avoimen hakemuksen.<\/p>\n\n\n\n<p>P\u00e4ivitetty 12.1.2026<\/p>\n","protected":false},"excerpt":{"rendered":"<p>Avoinna olevat teht\u00e4v\u00e4t julkaistaan&nbsp;It\u00e4-Suomen yliopiston verkkosivuilla. Voit j\u00e4tt\u00e4\u00e4 meille sit\u00e4 kautta my\u00f6s avoimen hakemuksen. P\u00e4ivitetty 12.1.2026<\/p>\n","protected":false},"author":1121,"featured_media":0,"parent":0,"menu_order":0,"comment_status":"closed","ping_status":"closed","template":"","meta":{"_acf_changed":false,"footnotes":""},"class_list":["post-2029","page","type-page","status-publish","hentry"],"acf":[],"yoast_head":"<!-- This site is optimized with the Yoast SEO plugin v27.3 - https:\/\/yoast.com\/product\/yoast-seo-wordpress\/ -->\n<title>Ty\u00f6nhakijalle - UEF Aivotutkimusyksikk\u00f6<\/title>\n<meta name=\"robots\" content=\"index, follow, max-snippet:-1, max-image-preview:large, max-video-preview:-1\" \/>\n<link rel=\"canonical\" href=\"https:\/\/sites.uef.fi\/bru\/tyonhakijalle\/\" \/>\n<meta property=\"og:locale\" content=\"fi_FI\" \/>\n<meta property=\"og:type\" content=\"article\" \/>\n<meta property=\"og:title\" content=\"Ty\u00f6nhakijalle - UEF Aivotutkimusyksikk\u00f6\" \/>\n<meta property=\"og:description\" content=\"Avoinna olevat teht\u00e4v\u00e4t julkaistaan&nbsp;It\u00e4-Suomen yliopiston verkkosivuilla. Voit j\u00e4tt\u00e4\u00e4 meille sit\u00e4 kautta my\u00f6s avoimen hakemuksen. P\u00e4ivitetty 12.1.2026\" \/>\n<meta property=\"og:url\" content=\"https:\/\/sites.uef.fi\/bru\/tyonhakijalle\/\" \/>\n<meta property=\"og:site_name\" content=\"UEF Aivotutkimusyksikk\u00f6\" \/>\n<meta property=\"article:modified_time\" content=\"2026-01-12T08:39:12+00:00\" \/>\n<meta name=\"twitter:card\" content=\"summary_large_image\" \/>\n<meta name=\"twitter:label1\" content=\"Arvioitu lukuaika\" \/>\n\t<meta name=\"twitter:data1\" content=\"1 minuutti\" \/>\n<script type=\"application\/ld+json\" class=\"yoast-schema-graph\">{\"@context\":\"https:\\\/\\\/schema.org\",\"@graph\":[{\"@type\":\"WebPage\",\"@id\":\"https:\\\/\\\/sites.uef.fi\\\/bru\\\/tyonhakijalle\\\/\",\"url\":\"https:\\\/\\\/sites.uef.fi\\\/bru\\\/tyonhakijalle\\\/\",\"name\":\"Ty\u00f6nhakijalle - UEF Aivotutkimusyksikk\u00f6\",\"isPartOf\":{\"@id\":\"https:\\\/\\\/sites.uef.fi\\\/bru\\\/#website\"},\"datePublished\":\"2024-06-26T11:24:21+00:00\",\"dateModified\":\"2026-01-12T08:39:12+00:00\",\"breadcrumb\":{\"@id\":\"https:\\\/\\\/sites.uef.fi\\\/bru\\\/tyonhakijalle\\\/#breadcrumb\"},\"inLanguage\":\"fi\",\"potentialAction\":[{\"@type\":\"ReadAction\",\"target\":[\"https:\\\/\\\/sites.uef.fi\\\/bru\\\/tyonhakijalle\\\/\"]}]},{\"@type\":\"BreadcrumbList\",\"@id\":\"https:\\\/\\\/sites.uef.fi\\\/bru\\\/tyonhakijalle\\\/#breadcrumb\",\"itemListElement\":[{\"@type\":\"ListItem\",\"position\":1,\"name\":\"Home\",\"item\":\"https:\\\/\\\/sites.uef.fi\\\/bru\\\/\"},{\"@type\":\"ListItem\",\"position\":2,\"name\":\"Ty\u00f6nhakijalle\"}]},{\"@type\":\"WebSite\",\"@id\":\"https:\\\/\\\/sites.uef.fi\\\/bru\\\/#website\",\"url\":\"https:\\\/\\\/sites.uef.fi\\\/bru\\\/\",\"name\":\"UEF Aivotutkimusyksikk\u00f6\",\"description\":\"\",\"potentialAction\":[{\"@type\":\"SearchAction\",\"target\":{\"@type\":\"EntryPoint\",\"urlTemplate\":\"https:\\\/\\\/sites.uef.fi\\\/bru\\\/?s={search_term_string}\"},\"query-input\":{\"@type\":\"PropertyValueSpecification\",\"valueRequired\":true,\"valueName\":\"search_term_string\"}}],\"inLanguage\":\"fi\"}]}<\/script>\n<!-- \/ Yoast SEO plugin. -->","yoast_head_json":{"title":"Ty\u00f6nhakijalle - UEF Aivotutkimusyksikk\u00f6","robots":{"index":"index","follow":"follow","max-snippet":"max-snippet:-1","max-image-preview":"max-image-preview:large","max-video-preview":"max-video-preview:-1"},"canonical":"https:\/\/sites.uef.fi\/bru\/tyonhakijalle\/","og_locale":"fi_FI","og_type":"article","og_title":"Ty\u00f6nhakijalle - UEF Aivotutkimusyksikk\u00f6","og_description":"Avoinna olevat teht\u00e4v\u00e4t julkaistaan&nbsp;It\u00e4-Suomen yliopiston verkkosivuilla. Voit j\u00e4tt\u00e4\u00e4 meille sit\u00e4 kautta my\u00f6s avoimen hakemuksen. P\u00e4ivitetty 12.1.2026","og_url":"https:\/\/sites.uef.fi\/bru\/tyonhakijalle\/","og_site_name":"UEF Aivotutkimusyksikk\u00f6","article_modified_time":"2026-01-12T08:39:12+00:00","twitter_card":"summary_large_image","twitter_misc":{"Arvioitu lukuaika":"1 minuutti"},"schema":{"@context":"https:\/\/schema.org","@graph":[{"@type":"WebPage","@id":"https:\/\/sites.uef.fi\/bru\/tyonhakijalle\/","url":"https:\/\/sites.uef.fi\/bru\/tyonhakijalle\/","name":"Ty\u00f6nhakijalle - UEF Aivotutkimusyksikk\u00f6","isPartOf":{"@id":"https:\/\/sites.uef.fi\/bru\/#website"},"datePublished":"2024-06-26T11:24:21+00:00","dateModified":"2026-01-12T08:39:12+00:00","breadcrumb":{"@id":"https:\/\/sites.uef.fi\/bru\/tyonhakijalle\/#breadcrumb"},"inLanguage":"fi","potentialAction":[{"@type":"ReadAction","target":["https:\/\/sites.uef.fi\/bru\/tyonhakijalle\/"]}]},{"@type":"BreadcrumbList","@id":"https:\/\/sites.uef.fi\/bru\/tyonhakijalle\/#breadcrumb","itemListElement":[{"@type":"ListItem","position":1,"name":"Home","item":"https:\/\/sites.uef.fi\/bru\/"},{"@type":"ListItem","position":2,"name":"Ty\u00f6nhakijalle"}]},{"@type":"WebSite","@id":"https:\/\/sites.uef.fi\/bru\/#website","url":"https:\/\/sites.uef.fi\/bru\/","name":"UEF Aivotutkimusyksikk\u00f6","description":"","potentialAction":[{"@type":"SearchAction","target":{"@type":"EntryPoint","urlTemplate":"https:\/\/sites.uef.fi\/bru\/?s={search_term_string}"},"query-input":{"@type":"PropertyValueSpecification","valueRequired":true,"valueName":"search_term_string"}}],"inLanguage":"fi"}]}},"_links":{"self":[{"href":"https:\/\/sites.uef.fi\/bru\/wp-json\/wp\/v2\/pages\/2029","targetHints":{"allow":["GET"]}}],"collection":[{"href":"https:\/\/sites.uef.fi\/bru\/wp-json\/wp\/v2\/pages"}],"about":[{"href":"https:\/\/sites.uef.fi\/bru\/wp-json\/wp\/v2\/types\/page"}],"author":[{"embeddable":true,"href":"https:\/\/sites.uef.fi\/bru\/wp-json\/wp\/v2\/users\/1121"}],"replies":[{"embeddable":true,"href":"https:\/\/sites.uef.fi\/bru\/wp-json\/wp\/v2\/comments?post=2029"}],"version-history":[{"count":2,"href":"https:\/\/sites.uef.fi\/bru\/wp-json\/wp\/v2\/pages\/2029\/revisions"}],"predecessor-version":[{"id":3953,"href":"https:\/\/sites.uef.fi\/bru\/wp-json\/wp\/v2\/pages\/2029\/revisions\/3953"}],"wp:attachment":[{"href":"https:\/\/sites.uef.fi\/bru\/wp-json\/wp\/v2\/media?parent=2029"}],"curies":[{"name":"wp","href":"https:\/\/api.w.org\/{rel}","templated":true}]}}