{"id":2240,"date":"2024-04-16T14:31:59","date_gmt":"2024-04-16T12:31:59","guid":{"rendered":"https:\/\/sites.uef.fi\/bru\/?page_id=2240"},"modified":"2026-01-12T10:45:47","modified_gmt":"2026-01-12T08:45:47","slug":"collaboration-partners","status":"publish","type":"page","link":"https:\/\/sites.uef.fi\/bru\/collaboration-partners\/?lang=en","title":{"rendered":"Collaboration partners"},"content":{"rendered":"\n<p>The Brain Research Unit is involved in vibrant national and international cooperation networks. We cooperate closely with local, Finnish and foreign research groups and the pharmaceutical industry.<\/p>\n\n\n\t<div id=\"accordion-block_fc3e62de2433cee11f501c8fabcb6b44\" class=\"accordions\">\n\t\t\t\t\t<div class=\"accordion accordion-js\">\n\t\t\t\t<button class=\"accordion__button\" aria-controls=\"content-1981\" aria-expanded=\"false\" id=\"accordion-control-1981\">\n\t\t\t\t\t<h3 class=\"accordion__heading\" >\n\t\t\t\t\t\tOur collaboration partners\t\t\t\t\t<\/h3>\n\t\t\t\t<\/button>\n\t\t\t\t<div class=\"accordion__content\" role=\"region\" aria-labelledby=\"accordion-control-1981\" aria-hidden=\"true\" id=\"content-1981\">\n\t\t\t\t\t<h4><strong>School of Medicine<\/strong><\/h4>\n<p><a href=\"https:\/\/uefconnect.uef.fi\/en\/person\/ville.leinonen\/\"><strong>Ville Leinonen<\/strong><\/a>, 1st Vice Dean, Professor, School of Medicine, UEF<\/p>\n<h4><a href=\"https:\/\/www.uef.fi\/en\/research-community\/neuroscience-neuro\"><strong>UEF Neuroscience Research Community<\/strong><\/a><\/h4>\n<p><a href=\"https:\/\/www.uef.fi\/en\/research-community\/neuroscience-neuro\"><img loading=\"lazy\" decoding=\"async\" class=\"alignnone size-medium wp-image-1024\" src=\"https:\/\/sites.uef.fi\/bru\/wp-content\/uploads\/sites\/472\/2024\/04\/NeuroRC-300x75.png\" alt=\"\" width=\"300\" height=\"75\" srcset=\"https:\/\/sites.uef.fi\/bru\/wp-content\/uploads\/sites\/472\/2024\/04\/NeuroRC-300x75.png 300w, https:\/\/sites.uef.fi\/bru\/wp-content\/uploads\/sites\/472\/2024\/04\/NeuroRC-768x192.png 768w, https:\/\/sites.uef.fi\/bru\/wp-content\/uploads\/sites\/472\/2024\/04\/NeuroRC.png 935w\" sizes=\"auto, (max-width: 300px) 100vw, 300px\" \/><\/a><\/p>\n<p><a href=\"https:\/\/uefconnect.uef.fi\/en\/person\/mikko.hiltunen\/\"><strong>Mikko Hiltunen<\/strong><\/a>, Professor of Tissue and Cell Biology<br \/>\nInstitute of Biomedicine, School of Medicine, UEF<\/p>\n<p><a href=\"https:\/\/uefconnect.uef.fi\/en\/person\/annakaisa.haapasalo\/\"><strong>Annakaisa Haapasalo<\/strong><\/a>, Professor in Molecular Neurodegeneration<br \/>\nA.I. Virtanen Institute for Molecular Sciences, UEF<\/p>\n<p><a href=\"https:\/\/uefconnect.uef.fi\/en\/person\/jussi.tohka\/\"><strong>Jussi Tohka<\/strong><\/a>, Professor of biomedical image analysis<br \/>\nA.I. Virtanen Institute for Molecular Sciences, UEF<\/p>\n<p><a href=\"https:\/\/uefconnect.uef.fi\/en\/person\/paivi.eriksson\/\"><strong>P\u00e4ivi Eriksson<\/strong><\/a>, Professor of Management<br \/>\nBusiness School, UEF<\/p>\n<p><a href=\"https:\/\/uefconnect.uef.fi\/en\/person\/anna.maki-petaja-leinonen\/\"><strong>Anna M\u00e4ki-Pet\u00e4j\u00e4-Leinonen<\/strong><\/a>, Professor of Law and Ageing, Law School, UEF<\/p>\n\t\t\t\t<\/div>\n\t\t\t<\/div>\n\t\t\t\t\t<div class=\"accordion accordion-js\">\n\t\t\t\t<button class=\"accordion__button\" aria-controls=\"content-3895\" aria-expanded=\"false\" id=\"accordion-control-3895\">\n\t\t\t\t\t<h3 class=\"accordion__heading\" >\n\t\t\t\t\t\tOur cooperation networks\t\t\t\t\t<\/h3>\n\t\t\t\t<\/button>\n\t\t\t\t<div class=\"accordion__content\" role=\"region\" aria-labelledby=\"accordion-control-3895\" aria-hidden=\"true\" id=\"content-3895\">\n\t\t\t\t\t<h4><a href=\"https:\/\/www.uef.fi\/en\/research-community\/neuroscience-neuro\">UEF Neuroscience Research Community<\/a><\/h4>\n<p><a href=\"https:\/\/www.uef.fi\/en\/research-community\/neuroscience-neuro\"><img loading=\"lazy\" decoding=\"async\" class=\"alignnone size-medium wp-image-1024\" src=\"https:\/\/sites.uef.fi\/bru\/wp-content\/uploads\/sites\/472\/2024\/04\/NeuroRC-300x75.png\" alt=\"\" width=\"300\" height=\"75\" srcset=\"https:\/\/sites.uef.fi\/bru\/wp-content\/uploads\/sites\/472\/2024\/04\/NeuroRC-300x75.png 300w, https:\/\/sites.uef.fi\/bru\/wp-content\/uploads\/sites\/472\/2024\/04\/NeuroRC-768x192.png 768w, https:\/\/sites.uef.fi\/bru\/wp-content\/uploads\/sites\/472\/2024\/04\/NeuroRC.png 935w\" sizes=\"auto, (max-width: 300px) 100vw, 300px\" \/><\/a><\/p>\n<h4><a href=\"https:\/\/sites.uef.fi\/kuopiobrainandmind\/\">Kuopio Brain &amp; Mind<\/a><\/h4>\n<p><a href=\"https:\/\/neurocenterfinland.fi\/\"><img loading=\"lazy\" decoding=\"async\" class=\"alignnone wp-image-1042\" src=\"https:\/\/sites.uef.fi\/bru\/wp-content\/uploads\/sites\/472\/2024\/04\/Neurokeskus-300x117.png\" alt=\"\" width=\"244\" height=\"95\" srcset=\"https:\/\/sites.uef.fi\/bru\/wp-content\/uploads\/sites\/472\/2024\/04\/Neurokeskus-300x117.png 300w, https:\/\/sites.uef.fi\/bru\/wp-content\/uploads\/sites\/472\/2024\/04\/Neurokeskus.png 361w\" sizes=\"auto, (max-width: 244px) 100vw, 244px\" \/><\/a><\/p>\n<h4><a href=\"https:\/\/neurocenterfinland.fi\/\">Neurocenter Finland<\/a><\/h4>\n<p>Read more about the Neurocenter Finland and the Kuopio Brain &amp; Mind in the <a href=\"https:\/\/www.esitteemme.fi\/neurocenterfinland\/MailView\/\"><strong>brochure found behind the link<\/strong>.<\/a><\/p>\n<h4><a href=\"https:\/\/pshyvinvointialue.fi\/web\/en\">Wellbeing services county of North Savo<\/a><\/h4>\n<p><a href=\"https:\/\/pshyvinvointialue.fi\/web\/en\"><img loading=\"lazy\" decoding=\"async\" class=\"alignnone size-medium wp-image-2928\" src=\"https:\/\/sites.uef.fi\/bru\/wp-content\/uploads\/sites\/472\/2024\/08\/PSHVA-LOGO-EN-300x59.jpg\" alt=\"\" width=\"300\" height=\"59\" srcset=\"https:\/\/sites.uef.fi\/bru\/wp-content\/uploads\/sites\/472\/2024\/08\/PSHVA-LOGO-EN-300x59.jpg 300w, https:\/\/sites.uef.fi\/bru\/wp-content\/uploads\/sites\/472\/2024\/08\/PSHVA-LOGO-EN-1024x202.jpg 1024w, https:\/\/sites.uef.fi\/bru\/wp-content\/uploads\/sites\/472\/2024\/08\/PSHVA-LOGO-EN-768x152.jpg 768w, https:\/\/sites.uef.fi\/bru\/wp-content\/uploads\/sites\/472\/2024\/08\/PSHVA-LOGO-EN.jpg 1280w\" sizes=\"auto, (max-width: 300px) 100vw, 300px\" \/><\/a><\/p>\n<h4><a href=\"https:\/\/pshyvinvointialue.fi\/neurokeskus\">KYS Neurokeskus<\/a><u> (in Finnish)<\/u><\/h4>\n<h4><a href=\"https:\/\/kuopiohealth.fi\/en\/front-page\/\">Kuopio Health<\/a><\/h4>\n<p><a href=\"https:\/\/kuopiohealth.fi\/en\/front-page\/\"><img loading=\"lazy\" decoding=\"async\" class=\"alignnone size-medium wp-image-1051\" src=\"https:\/\/sites.uef.fi\/bru\/wp-content\/uploads\/sites\/472\/2024\/04\/Kuopio-Health-300x38.png\" alt=\"\" width=\"300\" height=\"38\" srcset=\"https:\/\/sites.uef.fi\/bru\/wp-content\/uploads\/sites\/472\/2024\/04\/Kuopio-Health-300x38.png 300w, https:\/\/sites.uef.fi\/bru\/wp-content\/uploads\/sites\/472\/2024\/04\/Kuopio-Health.png 348w\" sizes=\"auto, (max-width: 300px) 100vw, 300px\" \/><\/a><\/p>\n<h4><a href=\"https:\/\/www.psmuisti.fi\/\">Pohjois-Savon Muisti ry<\/a><u> (in Finnish)<\/u><\/h4>\n<p><a href=\"https:\/\/www.psmuisti.fi\/\"><img loading=\"lazy\" decoding=\"async\" class=\"alignnone wp-image-1248\" src=\"https:\/\/sites.uef.fi\/bru\/wp-content\/uploads\/sites\/472\/2024\/04\/MUISTILIITTOnetti-Pohjois-Savon-Muisti-ry-logo-20133-rgb-vaaka-300x87.jpg\" alt=\"\" width=\"252\" height=\"73\" srcset=\"https:\/\/sites.uef.fi\/bru\/wp-content\/uploads\/sites\/472\/2024\/04\/MUISTILIITTOnetti-Pohjois-Savon-Muisti-ry-logo-20133-rgb-vaaka-300x87.jpg 300w, https:\/\/sites.uef.fi\/bru\/wp-content\/uploads\/sites\/472\/2024\/04\/MUISTILIITTOnetti-Pohjois-Savon-Muisti-ry-logo-20133-rgb-vaaka.jpg 500w\" sizes=\"auto, (max-width: 252px) 100vw, 252px\" \/><\/a><\/p>\n<h4><a href=\"https:\/\/www.muistiliitto.fi\/en\/frontpage\">The Alzheimer Society of Finland (Muistiliitto)<\/a><\/h4>\n<p><a href=\"https:\/\/www.muistiliitto.fi\/en\/frontpage\"><img loading=\"lazy\" decoding=\"async\" class=\"alignnone size-full wp-image-1464\" src=\"https:\/\/sites.uef.fi\/bru\/wp-content\/uploads\/sites\/472\/2024\/04\/Muistiliiton-logo.jpg\" alt=\"\" width=\"158\" height=\"38\" \/><\/a><\/p>\n<h4><a href=\"https:\/\/www.epilepsia.fi\/en\/home\/\">Finnish Epilepsy Association (Epilepsialiitto)<\/a><\/h4>\n<p><a href=\"https:\/\/www.epilepsia.fi\/en\/home\/\"><img loading=\"lazy\" decoding=\"async\" class=\"alignnone wp-image-2449\" src=\"https:\/\/sites.uef.fi\/bru\/wp-content\/uploads\/sites\/472\/2024\/08\/epilepsialiitto-300x86.jpg\" alt=\"\" width=\"216\" height=\"62\" srcset=\"https:\/\/sites.uef.fi\/bru\/wp-content\/uploads\/sites\/472\/2024\/08\/epilepsialiitto-300x86.jpg 300w, https:\/\/sites.uef.fi\/bru\/wp-content\/uploads\/sites\/472\/2024\/08\/epilepsialiitto.jpg 720w\" sizes=\"auto, (max-width: 216px) 100vw, 216px\" \/><\/a><\/p>\n\t\t\t\t<\/div>\n\t\t\t<\/div>\n\t\t\t<\/div>\n\t\n\n\n<p>Updated 12.1.2026<\/p>\n","protected":false},"excerpt":{"rendered":"<p>The Brain Research Unit is involved in vibrant national and international cooperation networks. We cooperate closely with local, Finnish and foreign research groups and the pharmaceutical industry. Updated 12.1.2026<\/p>\n","protected":false},"author":1118,"featured_media":0,"parent":0,"menu_order":0,"comment_status":"closed","ping_status":"closed","template":"","meta":{"_acf_changed":false,"footnotes":""},"class_list":["post-2240","page","type-page","status-publish","hentry"],"acf":[],"yoast_head":"<!-- This site is optimized with the Yoast SEO plugin v27.1.1 - https:\/\/yoast.com\/product\/yoast-seo-wordpress\/ -->\n<title>Collaboration partners - UEF Aivotutkimusyksikk\u00f6<\/title>\n<meta name=\"robots\" content=\"index, follow, max-snippet:-1, max-image-preview:large, max-video-preview:-1\" \/>\n<link rel=\"canonical\" href=\"https:\/\/sites.uef.fi\/bru\/collaboration-partners\/\" \/>\n<meta property=\"og:locale\" content=\"fi_FI\" \/>\n<meta property=\"og:type\" content=\"article\" \/>\n<meta property=\"og:title\" content=\"Collaboration partners - UEF Aivotutkimusyksikk\u00f6\" \/>\n<meta property=\"og:description\" content=\"The Brain Research Unit is involved in vibrant national and international cooperation networks. We cooperate closely with local, Finnish and foreign research groups and the pharmaceutical industry. Updated 12.1.2026\" \/>\n<meta property=\"og:url\" content=\"https:\/\/sites.uef.fi\/bru\/collaboration-partners\/?lang=en\" \/>\n<meta property=\"og:site_name\" content=\"UEF Aivotutkimusyksikk\u00f6\" \/>\n<meta property=\"article:modified_time\" content=\"2026-01-12T08:45:47+00:00\" \/>\n<meta name=\"twitter:card\" content=\"summary_large_image\" \/>\n<meta name=\"twitter:label1\" content=\"Arvioitu lukuaika\" \/>\n\t<meta name=\"twitter:data1\" content=\"1 minuutti\" \/>\n<script type=\"application\/ld+json\" class=\"yoast-schema-graph\">{\"@context\":\"https:\/\/schema.org\",\"@graph\":[{\"@type\":\"WebPage\",\"@id\":\"https:\/\/sites.uef.fi\/bru\/collaboration-partners\/?lang=en\",\"url\":\"https:\/\/sites.uef.fi\/bru\/collaboration-partners\/?lang=en\",\"name\":\"Collaboration partners - UEF Aivotutkimusyksikk\u00f6\",\"isPartOf\":{\"@id\":\"https:\/\/sites.uef.fi\/bru\/#website\"},\"datePublished\":\"2024-04-16T12:31:59+00:00\",\"dateModified\":\"2026-01-12T08:45:47+00:00\",\"breadcrumb\":{\"@id\":\"https:\/\/sites.uef.fi\/bru\/collaboration-partners\/?lang=en#breadcrumb\"},\"inLanguage\":\"fi\",\"potentialAction\":[{\"@type\":\"ReadAction\",\"target\":[\"https:\/\/sites.uef.fi\/bru\/collaboration-partners\/?lang=en\"]}]},{\"@type\":\"BreadcrumbList\",\"@id\":\"https:\/\/sites.uef.fi\/bru\/collaboration-partners\/?lang=en#breadcrumb\",\"itemListElement\":[{\"@type\":\"ListItem\",\"position\":1,\"name\":\"Home\",\"item\":\"https:\/\/sites.uef.fi\/bru\/\"},{\"@type\":\"ListItem\",\"position\":2,\"name\":\"Collaboration partners\"}]},{\"@type\":\"WebSite\",\"@id\":\"https:\/\/sites.uef.fi\/bru\/#website\",\"url\":\"https:\/\/sites.uef.fi\/bru\/\",\"name\":\"UEF Aivotutkimusyksikk\u00f6\",\"description\":\"\",\"potentialAction\":[{\"@type\":\"SearchAction\",\"target\":{\"@type\":\"EntryPoint\",\"urlTemplate\":\"https:\/\/sites.uef.fi\/bru\/?s={search_term_string}\"},\"query-input\":{\"@type\":\"PropertyValueSpecification\",\"valueRequired\":true,\"valueName\":\"search_term_string\"}}],\"inLanguage\":\"fi\"}]}<\/script>\n<!-- \/ Yoast SEO plugin. -->","yoast_head_json":{"title":"Collaboration partners - UEF Aivotutkimusyksikk\u00f6","robots":{"index":"index","follow":"follow","max-snippet":"max-snippet:-1","max-image-preview":"max-image-preview:large","max-video-preview":"max-video-preview:-1"},"canonical":"https:\/\/sites.uef.fi\/bru\/collaboration-partners\/","og_locale":"fi_FI","og_type":"article","og_title":"Collaboration partners - UEF Aivotutkimusyksikk\u00f6","og_description":"The Brain Research Unit is involved in vibrant national and international cooperation networks. We cooperate closely with local, Finnish and foreign research groups and the pharmaceutical industry. Updated 12.1.2026","og_url":"https:\/\/sites.uef.fi\/bru\/collaboration-partners\/?lang=en","og_site_name":"UEF Aivotutkimusyksikk\u00f6","article_modified_time":"2026-01-12T08:45:47+00:00","twitter_card":"summary_large_image","twitter_misc":{"Arvioitu lukuaika":"1 minuutti"},"schema":{"@context":"https:\/\/schema.org","@graph":[{"@type":"WebPage","@id":"https:\/\/sites.uef.fi\/bru\/collaboration-partners\/?lang=en","url":"https:\/\/sites.uef.fi\/bru\/collaboration-partners\/?lang=en","name":"Collaboration partners - UEF Aivotutkimusyksikk\u00f6","isPartOf":{"@id":"https:\/\/sites.uef.fi\/bru\/#website"},"datePublished":"2024-04-16T12:31:59+00:00","dateModified":"2026-01-12T08:45:47+00:00","breadcrumb":{"@id":"https:\/\/sites.uef.fi\/bru\/collaboration-partners\/?lang=en#breadcrumb"},"inLanguage":"fi","potentialAction":[{"@type":"ReadAction","target":["https:\/\/sites.uef.fi\/bru\/collaboration-partners\/?lang=en"]}]},{"@type":"BreadcrumbList","@id":"https:\/\/sites.uef.fi\/bru\/collaboration-partners\/?lang=en#breadcrumb","itemListElement":[{"@type":"ListItem","position":1,"name":"Home","item":"https:\/\/sites.uef.fi\/bru\/"},{"@type":"ListItem","position":2,"name":"Collaboration partners"}]},{"@type":"WebSite","@id":"https:\/\/sites.uef.fi\/bru\/#website","url":"https:\/\/sites.uef.fi\/bru\/","name":"UEF Aivotutkimusyksikk\u00f6","description":"","potentialAction":[{"@type":"SearchAction","target":{"@type":"EntryPoint","urlTemplate":"https:\/\/sites.uef.fi\/bru\/?s={search_term_string}"},"query-input":{"@type":"PropertyValueSpecification","valueRequired":true,"valueName":"search_term_string"}}],"inLanguage":"fi"}]}},"_links":{"self":[{"href":"https:\/\/sites.uef.fi\/bru\/wp-json\/wp\/v2\/pages\/2240","targetHints":{"allow":["GET"]}}],"collection":[{"href":"https:\/\/sites.uef.fi\/bru\/wp-json\/wp\/v2\/pages"}],"about":[{"href":"https:\/\/sites.uef.fi\/bru\/wp-json\/wp\/v2\/types\/page"}],"author":[{"embeddable":true,"href":"https:\/\/sites.uef.fi\/bru\/wp-json\/wp\/v2\/users\/1118"}],"replies":[{"embeddable":true,"href":"https:\/\/sites.uef.fi\/bru\/wp-json\/wp\/v2\/comments?post=2240"}],"version-history":[{"count":1,"href":"https:\/\/sites.uef.fi\/bru\/wp-json\/wp\/v2\/pages\/2240\/revisions"}],"predecessor-version":[{"id":3958,"href":"https:\/\/sites.uef.fi\/bru\/wp-json\/wp\/v2\/pages\/2240\/revisions\/3958"}],"wp:attachment":[{"href":"https:\/\/sites.uef.fi\/bru\/wp-json\/wp\/v2\/media?parent=2240"}],"curies":[{"name":"wp","href":"https:\/\/api.w.org\/{rel}","templated":true}]}}