{"id":309,"date":"2024-04-11T10:26:27","date_gmt":"2024-04-11T08:26:27","guid":{"rendered":"https:\/\/sites.uef.fi\/bru\/?page_id=309"},"modified":"2026-01-12T10:30:03","modified_gmt":"2026-01-12T08:30:03","slug":"palvelumme-yrityksille","status":"publish","type":"page","link":"https:\/\/sites.uef.fi\/bru\/palvelumme-yrityksille\/","title":{"rendered":"Palvelumme yrityksille"},"content":{"rendered":"\n<p>Aivotutkimusyksikk\u00f6 tuottaa sairauksien hoitoon tarkoitettujen l\u00e4\u00e4kkeiden ja laitteiden tutkimuspalveluja tutkimuksen tilaajan tarpeiden mukaisesti eettisi\u00e4 periaatteita noudattaen.&nbsp;<\/p>\n\n\n\n<p><strong>Palveluihimme kuuluu esimerkiksi:<\/strong>&nbsp;<\/p>\n\n\n\n<ul class=\"wp-block-list\">\n<li>Tutkittavien rekrytointi&nbsp; &#8211; lue lis\u00e4\u00e4 alta<\/li>\n\n\n\n<li>Tutkimusk\u00e4yntien aikataulutus ja organisointi&nbsp;<\/li>\n\n\n\n<li>Tutkimusprotokollakohtaisten kliinisten tutkimustoimenpiteiden toteuttaminen: \n<ul class=\"wp-block-list\">\n<li>Tutkimushoitajan\/tutkijal\u00e4\u00e4k\u00e4rin vastaanotto&nbsp;<\/li>\n\n\n\n<li>N\u00e4ytteenotto (esimerkiksi veri- ja aivoselk\u00e4ydinnesten\u00e4ytteet, ihobiopsiat) ja k\u00e4sittely&nbsp;<\/li>\n\n\n\n<li>Mittaukset (EKG, Spirometria, RR ym.)&nbsp;<\/li>\n\n\n\n<li>Kognition testaus ja muut tutkimuspsykologien tekem\u00e4t arviot&nbsp;<\/li>\n\n\n\n<li>L\u00e4\u00e4keannostelu&nbsp;<\/li>\n\n\n\n<li>Kuvantamistutkimusten koordinointi: rakenteellisen kuvantamisen osalta yhteisty\u00f6t\u00e4 tehd\u00e4\u00e4n KYS Kuvantamiskeskuksen tai yksityisten palveluntarjoajien kanssa; Isotooppikuvantaminen yhteisty\u00f6ss\u00e4 KYS Kuvantamiskeskuksen kanssa&nbsp;<\/li>\n\n\n\n<li><a href=\"https:\/\/sites.uef.fi\/bru\/wp-content\/uploads\/sites\/472\/2025\/02\/PPI-palvelukuvaus_Tilaustutkimukset.pdf\">Potilaiden osallisuus tutkimusprojekteissa<\/a> (PPI-kokonaisuudet)&nbsp;<\/li>\n\n\n\n<li>Datan ker\u00e4\u00e4minen ja tallentaminen (eCRF)&nbsp;<\/li>\n<\/ul>\n<\/li>\n\n\n\n<li>Tutkimuksen p\u00e4\u00e4tt\u00e4miseen liittyv\u00e4t toimenpiteet, mm. tutkimusaineistojen luovuttaminen tutkimuksen tilaajalle sek\u00e4 tutkimuksen sulkeminen ja arkistointi&nbsp;<\/li>\n\n\n\n<li>Tutkimushallinto: hinnoittelu, budjetointi, talouden seuranta ja laskutus, tutkimusetiikka ja sopimuspalvelut<\/li>\n<\/ul>\n\n\n\n<figure class=\"wp-block-image size-large is-resized\"><img loading=\"lazy\" decoding=\"async\" width=\"1024\" height=\"683\" src=\"https:\/\/sites.uef.fi\/bru\/wp-content\/uploads\/sites\/472\/2024\/06\/aivotutkimusyksikko-1270a-1024x683.jpg\" alt=\"\" class=\"wp-image-2101\" style=\"width:628px;height:auto\" srcset=\"https:\/\/sites.uef.fi\/bru\/wp-content\/uploads\/sites\/472\/2024\/06\/aivotutkimusyksikko-1270a-1024x683.jpg 1024w, https:\/\/sites.uef.fi\/bru\/wp-content\/uploads\/sites\/472\/2024\/06\/aivotutkimusyksikko-1270a-300x200.jpg 300w, https:\/\/sites.uef.fi\/bru\/wp-content\/uploads\/sites\/472\/2024\/06\/aivotutkimusyksikko-1270a-768x512.jpg 768w, https:\/\/sites.uef.fi\/bru\/wp-content\/uploads\/sites\/472\/2024\/06\/aivotutkimusyksikko-1270a-1536x1024.jpg 1536w, https:\/\/sites.uef.fi\/bru\/wp-content\/uploads\/sites\/472\/2024\/06\/aivotutkimusyksikko-1270a-2048x1365.jpg 2048w\" sizes=\"auto, (max-width: 1024px) 100vw, 1024px\" \/><\/figure>\n\n\n\n<h2 class=\"wp-block-heading\"><strong>Uudet palvelukokonaisuutemme<\/strong><\/h2>\n\n\n\t<div id=\"accordion-block_ed86fd7a8710704f52caefbe58cf4c04\" class=\"accordions\">\n\t\t\t\t\t<div class=\"accordion accordion-js\">\n\t\t\t\t<button class=\"accordion__button\" aria-controls=\"content-1663\" aria-expanded=\"false\" id=\"accordion-control-1663\">\n\t\t\t\t\t<h3 class=\"accordion__heading\" >\n\t\t\t\t\t\tTakaisinkutsututkimus (recall) \u2013 tutkittavien kutsuminen biopankin kauttatieteelliseen tutkimukseen\t\t\t\t\t<\/h3>\n\t\t\t\t<\/button>\n\t\t\t\t<div class=\"accordion__content\" role=\"region\" aria-labelledby=\"accordion-control-1663\" aria-hidden=\"true\" id=\"content-1663\">\n\t\t\t\t\t<p>Biopankkisuostumuksessaan n\u00e4ytteen antaja voi antaa luvan biopankin yhteydenottoon muihin tutkimuksiin liittyen. T\u00e4ll\u00e4 luvalla suostumuksenantajia on mahdollista kutsua biopankin kautta niin kutsuttuun takaisinkutsututkimukseen. Biopankki voi tunnistaa tutkimukseen mahdollisesti soveltuvia henkil\u00f6it\u00e4 sis\u00e4\u00e4notto- ja poissulkukriteereiden perusteella yhdist\u00e4m\u00e4ll\u00e4 geno- ja fenotyyppidataa. Takaisinkutsu tapahtuu biopankin toimesta.<\/p>\n<p>Meill\u00e4 on valmius toteuttaa <strong>takaisinkutsututkimuksia, joissa geneettisess\u00e4 riskiss\u00e4 olevia tai muulla tavalla tunnistettuja tutkittavia (esim. tietyn sairauden diagnoosi)<\/strong> kutsutaan biopankeista tieteellisiin tutkimuksiin. Takaisinkutsututkimuksen kulku on kuvattu <a href=\"https:\/\/sites.uef.fi\/bru\/wp-content\/uploads\/sites\/472\/2025\/02\/Aivotutkimusyksikon-takaisinkutsututkimus_13.2.2025.pdf\">liitteess\u00e4<\/a>.<\/p>\n\t\t\t\t<\/div>\n\t\t\t<\/div>\n\t\t\t<\/div>\n\t\n\n\n<p><\/p>\n\n\n\n<p>Yksik\u00f6n yhteydess\u00e4 toimii <strong>akkreditoitu <\/strong><a href=\"https:\/\/sites.uef.fi\/aivobiomarkkeritutkimukset\/\" target=\"_blank\" rel=\"noreferrer noopener\"><strong>Biomarkkerilaboratorio<\/strong><\/a>, joka tekee Alzheimerin taudin merkkiaineanalyysej\u00e4 plasma- ja selk\u00e4ydinnesten\u00e4ytteist\u00e4 sek\u00e4 neurofilamentin analytiikkaa plasman\u00e4ytteist\u00e4. &nbsp;<\/p>\n\n\n\n<p>Palveluja ja toimintaa kehitet\u00e4\u00e4n aktiivisesti (esim. UEF Aivotutkimusyksikk\u00f6 2.0 EAKR-kehitt\u00e4mishanke 2023\u20132025).<\/p>\n\n\n\n<p><strong>Palvelukokonaisuutta voimme r\u00e4\u00e4t\u00e4l\u00f6id\u00e4 tarpeen mukaan.<\/strong> <strong>Ota yhteytt\u00e4 ja kysy!<\/strong><\/p>\n\n\n\n<h2 class=\"wp-block-heading\"><strong>Lis\u00e4tietoja<\/strong><\/h2>\n\n\n\n<p><br>Aivotutkimusyksik\u00f6n johtaja<br><strong>Eino Solje<\/strong>, LT, apulaisprofessori, neurologi, apulaisylil\u00e4\u00e4k\u00e4ri<br>Puhelin: +358 50 56505 98&nbsp;<br>S\u00e4hk\u00f6posti: bru@uef.fi<\/p>\n\n\n\t<div id=\"accordion-block_1ab7701e81557f162989b4c8214b3c39\" class=\"accordions\">\n\t\t\t\t\t<div class=\"accordion accordion-js\">\n\t\t\t\t<button class=\"accordion__button\" aria-controls=\"content-7693\" aria-expanded=\"false\" id=\"accordion-control-7693\">\n\t\t\t\t\t<h3 class=\"accordion__heading\" >\n\t\t\t\t\t\tLue lis\u00e4\u00e4 tutkittavien rekrytoinnista\t\t\t\t\t<\/h3>\n\t\t\t\t<\/button>\n\t\t\t\t<div class=\"accordion__content\" role=\"region\" aria-labelledby=\"accordion-control-7693\" aria-hidden=\"true\" id=\"content-7693\">\n\t\t\t\t\t<ul>\n<li><span data-contrast=\"none\">Potilasrekrytoinnit hyv\u00e4ss\u00e4 yhteisty\u00f6ss\u00e4 hyvinvointialueiden kanssa<\/span><span data-ccp-props=\"{&quot;134233117&quot;:false,&quot;134233118&quot;:false,&quot;201341983&quot;:0,&quot;335551550&quot;:0,&quot;335551620&quot;:0,&quot;335559685&quot;:0,&quot;335559737&quot;:0,&quot;335559738&quot;:0,&quot;335559739&quot;:0,&quot;335559740&quot;:259}\">\u00a0<\/span><\/li>\n<li><span data-contrast=\"none\">Tiivis yhteisty\u00f6 potilasj\u00e4rjest\u00f6jen kanssa ja potilaiden osallisuus tutkimusprojekteissa (PPI)<\/span><span data-ccp-props=\"{&quot;134233117&quot;:false,&quot;134233118&quot;:false,&quot;201341983&quot;:0,&quot;335551550&quot;:0,&quot;335551620&quot;:0,&quot;335559685&quot;:0,&quot;335559737&quot;:0,&quot;335559738&quot;:0,&quot;335559739&quot;:0,&quot;335559740&quot;:259}\">\u00a0<\/span><\/li>\n<li><span data-contrast=\"none\">Sosiaalisen median vuorovaikutus<\/span><span data-ccp-props=\"{&quot;134233117&quot;:false,&quot;134233118&quot;:false,&quot;201341983&quot;:0,&quot;335551550&quot;:0,&quot;335551620&quot;:0,&quot;335559685&quot;:0,&quot;335559737&quot;:0,&quot;335559738&quot;:0,&quot;335559739&quot;:0,&quot;335559740&quot;:259}\">\u00a0<\/span><\/li>\n<li><span data-contrast=\"none\">Tutkittavat voivat hakeutua tutkimuksiin my\u00f6s itsen\u00e4isesti (puhelimitse, s\u00e4hk\u00f6postitse)<\/span><span data-ccp-props=\"{&quot;134233117&quot;:false,&quot;134233118&quot;:false,&quot;201341983&quot;:0,&quot;335551550&quot;:0,&quot;335551620&quot;:0,&quot;335559685&quot;:0,&quot;335559737&quot;:0,&quot;335559738&quot;:0,&quot;335559739&quot;:0,&quot;335559740&quot;:259}\">\u00a0<\/span><\/li>\n<li><b><span data-contrast=\"none\">Aivotutkimusyksik\u00f6n verkkosivuille on <a href=\"https:\/\/sites.uef.fi\/bru\/oletko-kiinnostunut-osallistumaan-tutkimukseen-nain-ilmoittaudut\/\">listattu k\u00e4ynniss\u00e4 olevat l\u00e4\u00e4ketutkimukset<\/a>, joihin rekrytoidaan uusia tutkittavia\u00a0<\/span><\/b><\/li>\n<li><b><span data-contrast=\"none\">Meill\u00e4 on k\u00e4yt\u00f6ss\u00e4 tietoturvallinen palvelu<\/span><\/b><span data-contrast=\"none\">, jossa kuka tahansa voi rekister\u00f6ity\u00e4 vapaaehtoiseksi osallistumaan kliiniseen tieteelliseen tutkimukseen. Palveluun p\u00e4\u00e4see <a href=\"https:\/\/sites.uef.fi\/bru\/oletko-kiinnostunut-osallistumaan-tutkimukseen-nain-ilmoittaudut\/\">verkkosivuilta<\/a> l\u00f6ytyv\u00e4n linkin kautta.\u00a0<\/span><\/li>\n<li><span data-contrast=\"none\">Potilas ja omainen voivat aina tarkistaa k\u00e4ynniss\u00e4 olevien tutkimusten tilanteen <\/span><b><span data-contrast=\"none\">Kansallisen Neurokeskuksen verkkosivuilta<\/span><\/b><span data-contrast=\"none\"> (\u201chakeudu tutkimuspotilaaksi\u201d; <\/span><a href=\"https:\/\/neurocenterfinland.fi\/hakeudu-tutkittavaksi-kliiniseen-tutkimukseen\/\"><span data-contrast=\"none\">https:\/\/neurocenterfinland.fi\/hakeudu-tutkittavaksi-kliiniseen-tutkimukseen\/<\/span><\/a><span data-contrast=\"none\">)<\/span><span data-ccp-props=\"{&quot;134233117&quot;:false,&quot;134233118&quot;:false,&quot;201341983&quot;:0,&quot;335551550&quot;:0,&quot;335551620&quot;:0,&quot;335559685&quot;:0,&quot;335559737&quot;:0,&quot;335559738&quot;:0,&quot;335559739&quot;:0,&quot;335559740&quot;:259}\">\u00a0<\/span><\/li>\n<li>Fimean yll\u00e4pit\u00e4m\u00e4lle <strong>Osallistujia hakevat l\u00e4\u00e4ketutkimukset <\/strong>-sivulle on koottu Suomessa k\u00e4ynniss\u00e4 olevien ja potilaita sis\u00e4\u00e4n ottavien kliinisten l\u00e4\u00e4ketutkimusten tiedot yleisell\u00e4 tasolla: <a style=\"font-size: 1rem\" href=\"https:\/\/fimea.fi\/valvonta\/kliiniset_laaketutkimukset\/rekrytoivat-tutkimukset\">https:\/\/fimea.fi\/valvonta\/kliiniset_laaketutkimukset\/rekrytoivat-tutkimukset<\/a><\/li>\n<\/ul>\n\t\t\t\t<\/div>\n\t\t\t<\/div>\n\t\t\t<\/div>\n\t\n\n\n<p><\/p>\n\n\n\n<div class=\"links-block\">\n\n    \n    <ul class=\"link-list\">\n        \n            \n            <li class=\"link-list-item\">\n                <a href=\"https:\/\/sites.uef.fi\/bru\/palvelumme-akateemisille-yhteistyokumppaneille\/\" class=\"link-reset link hover-scale-down\">\n                    <svg\n        width=\"43\" height=\"25\"\n        viewBox=\"0 0 43 25\"\n        xmlns=\"http:\/\/www.w3.org\/2000\/svg\">\n    <path\n        d=\"M30.027 0 43 12.5 30.027 25 27 22.083 34.351 15H0v-5h34.351L27 2.917z\"\n        fill=\"currentColor\"\n        fill-rule=\"evenodd\"\/>\n<\/svg>                    <div>Esimerkkej\u00e4 akateemisista tutkimushankkeistamme<\/div>\n                <\/a>\n                <div class=\"link-info\">\n                                    <\/div>\n            <\/li>\n\n                <\/ul>\n<\/div>\n\n\n<p>P\u00e4ivitetty 12.1.2026<\/p>\n\n\n\n<p><\/p>\n","protected":false},"excerpt":{"rendered":"<p>Aivotutkimusyksikk\u00f6 tuottaa sairauksien hoitoon tarkoitettujen l\u00e4\u00e4kkeiden ja laitteiden tutkimuspalveluja tutkimuksen tilaajan tarpeiden mukaisesti eettisi\u00e4 periaatteita noudattaen.&nbsp; Palveluihimme kuuluu esimerkiksi:&nbsp; Uudet palvelukokonaisuutemme Yksik\u00f6n yhteydess\u00e4 toimii akkreditoitu Biomarkkerilaboratorio, joka tekee Alzheimerin taudin merkkiaineanalyysej\u00e4 plasma- ja selk\u00e4ydinnesten\u00e4ytteist\u00e4 sek\u00e4 neurofilamentin analytiikkaa plasman\u00e4ytteist\u00e4. &nbsp; Palveluja ja toimintaa kehitet\u00e4\u00e4n aktiivisesti (esim. UEF Aivotutkimusyksikk\u00f6 2.0 EAKR-kehitt\u00e4mishanke 2023\u20132025). Palvelukokonaisuutta voimme r\u00e4\u00e4t\u00e4l\u00f6id\u00e4 tarpeen mukaan. [&hellip;]<\/p>\n","protected":false},"author":1118,"featured_media":0,"parent":0,"menu_order":0,"comment_status":"closed","ping_status":"closed","template":"","meta":{"_acf_changed":false,"footnotes":""},"class_list":["post-309","page","type-page","status-publish","hentry"],"acf":[],"yoast_head":"<!-- This site is optimized with the Yoast SEO plugin v27.1.1 - https:\/\/yoast.com\/product\/yoast-seo-wordpress\/ -->\n<title>Palvelumme yrityksille - UEF Aivotutkimusyksikk\u00f6<\/title>\n<meta name=\"robots\" content=\"index, follow, max-snippet:-1, max-image-preview:large, max-video-preview:-1\" \/>\n<link rel=\"canonical\" href=\"https:\/\/sites.uef.fi\/bru\/palvelumme-yrityksille\/\" \/>\n<meta property=\"og:locale\" content=\"fi_FI\" \/>\n<meta property=\"og:type\" content=\"article\" \/>\n<meta property=\"og:title\" content=\"Palvelumme yrityksille - UEF Aivotutkimusyksikk\u00f6\" \/>\n<meta property=\"og:description\" content=\"Aivotutkimusyksikk\u00f6 tuottaa sairauksien hoitoon tarkoitettujen l\u00e4\u00e4kkeiden ja laitteiden tutkimuspalveluja tutkimuksen tilaajan tarpeiden mukaisesti eettisi\u00e4 periaatteita noudattaen.&nbsp; Palveluihimme kuuluu esimerkiksi:&nbsp; Uudet palvelukokonaisuutemme Yksik\u00f6n yhteydess\u00e4 toimii akkreditoitu Biomarkkerilaboratorio, joka tekee Alzheimerin taudin merkkiaineanalyysej\u00e4 plasma- ja selk\u00e4ydinnesten\u00e4ytteist\u00e4 sek\u00e4 neurofilamentin analytiikkaa plasman\u00e4ytteist\u00e4. &nbsp; Palveluja ja toimintaa kehitet\u00e4\u00e4n aktiivisesti (esim. UEF Aivotutkimusyksikk\u00f6 2.0 EAKR-kehitt\u00e4mishanke 2023\u20132025). Palvelukokonaisuutta voimme r\u00e4\u00e4t\u00e4l\u00f6id\u00e4 tarpeen mukaan. [&hellip;]\" \/>\n<meta property=\"og:url\" content=\"https:\/\/sites.uef.fi\/bru\/palvelumme-yrityksille\/\" \/>\n<meta property=\"og:site_name\" content=\"UEF Aivotutkimusyksikk\u00f6\" \/>\n<meta property=\"article:modified_time\" content=\"2026-01-12T08:30:03+00:00\" \/>\n<meta property=\"og:image\" content=\"https:\/\/sites.uef.fi\/bru\/wp-content\/uploads\/sites\/472\/2024\/06\/aivotutkimusyksikko-1270a-1024x683.jpg\" \/>\n<meta name=\"twitter:card\" content=\"summary_large_image\" \/>\n<meta name=\"twitter:label1\" content=\"Arvioitu lukuaika\" \/>\n\t<meta name=\"twitter:data1\" content=\"2 minuuttia\" \/>\n<script type=\"application\/ld+json\" class=\"yoast-schema-graph\">{\"@context\":\"https:\/\/schema.org\",\"@graph\":[{\"@type\":\"WebPage\",\"@id\":\"https:\/\/sites.uef.fi\/bru\/palvelumme-yrityksille\/\",\"url\":\"https:\/\/sites.uef.fi\/bru\/palvelumme-yrityksille\/\",\"name\":\"Palvelumme yrityksille - UEF Aivotutkimusyksikk\u00f6\",\"isPartOf\":{\"@id\":\"https:\/\/sites.uef.fi\/bru\/#website\"},\"primaryImageOfPage\":{\"@id\":\"https:\/\/sites.uef.fi\/bru\/palvelumme-yrityksille\/#primaryimage\"},\"image\":{\"@id\":\"https:\/\/sites.uef.fi\/bru\/palvelumme-yrityksille\/#primaryimage\"},\"thumbnailUrl\":\"https:\/\/sites.uef.fi\/bru\/wp-content\/uploads\/sites\/472\/2024\/06\/aivotutkimusyksikko-1270a-1024x683.jpg\",\"datePublished\":\"2024-04-11T08:26:27+00:00\",\"dateModified\":\"2026-01-12T08:30:03+00:00\",\"breadcrumb\":{\"@id\":\"https:\/\/sites.uef.fi\/bru\/palvelumme-yrityksille\/#breadcrumb\"},\"inLanguage\":\"fi\",\"potentialAction\":[{\"@type\":\"ReadAction\",\"target\":[\"https:\/\/sites.uef.fi\/bru\/palvelumme-yrityksille\/\"]}]},{\"@type\":\"ImageObject\",\"inLanguage\":\"fi\",\"@id\":\"https:\/\/sites.uef.fi\/bru\/palvelumme-yrityksille\/#primaryimage\",\"url\":\"https:\/\/sites.uef.fi\/bru\/wp-content\/uploads\/sites\/472\/2024\/06\/aivotutkimusyksikko-1270a-scaled.jpg\",\"contentUrl\":\"https:\/\/sites.uef.fi\/bru\/wp-content\/uploads\/sites\/472\/2024\/06\/aivotutkimusyksikko-1270a-scaled.jpg\",\"width\":2560,\"height\":1707},{\"@type\":\"BreadcrumbList\",\"@id\":\"https:\/\/sites.uef.fi\/bru\/palvelumme-yrityksille\/#breadcrumb\",\"itemListElement\":[{\"@type\":\"ListItem\",\"position\":1,\"name\":\"Home\",\"item\":\"https:\/\/sites.uef.fi\/bru\/\"},{\"@type\":\"ListItem\",\"position\":2,\"name\":\"Palvelumme yrityksille\"}]},{\"@type\":\"WebSite\",\"@id\":\"https:\/\/sites.uef.fi\/bru\/#website\",\"url\":\"https:\/\/sites.uef.fi\/bru\/\",\"name\":\"UEF Aivotutkimusyksikk\u00f6\",\"description\":\"\",\"potentialAction\":[{\"@type\":\"SearchAction\",\"target\":{\"@type\":\"EntryPoint\",\"urlTemplate\":\"https:\/\/sites.uef.fi\/bru\/?s={search_term_string}\"},\"query-input\":{\"@type\":\"PropertyValueSpecification\",\"valueRequired\":true,\"valueName\":\"search_term_string\"}}],\"inLanguage\":\"fi\"}]}<\/script>\n<!-- \/ Yoast SEO plugin. -->","yoast_head_json":{"title":"Palvelumme yrityksille - UEF Aivotutkimusyksikk\u00f6","robots":{"index":"index","follow":"follow","max-snippet":"max-snippet:-1","max-image-preview":"max-image-preview:large","max-video-preview":"max-video-preview:-1"},"canonical":"https:\/\/sites.uef.fi\/bru\/palvelumme-yrityksille\/","og_locale":"fi_FI","og_type":"article","og_title":"Palvelumme yrityksille - UEF Aivotutkimusyksikk\u00f6","og_description":"Aivotutkimusyksikk\u00f6 tuottaa sairauksien hoitoon tarkoitettujen l\u00e4\u00e4kkeiden ja laitteiden tutkimuspalveluja tutkimuksen tilaajan tarpeiden mukaisesti eettisi\u00e4 periaatteita noudattaen.&nbsp; Palveluihimme kuuluu esimerkiksi:&nbsp; Uudet palvelukokonaisuutemme Yksik\u00f6n yhteydess\u00e4 toimii akkreditoitu Biomarkkerilaboratorio, joka tekee Alzheimerin taudin merkkiaineanalyysej\u00e4 plasma- ja selk\u00e4ydinnesten\u00e4ytteist\u00e4 sek\u00e4 neurofilamentin analytiikkaa plasman\u00e4ytteist\u00e4. &nbsp; Palveluja ja toimintaa kehitet\u00e4\u00e4n aktiivisesti (esim. UEF Aivotutkimusyksikk\u00f6 2.0 EAKR-kehitt\u00e4mishanke 2023\u20132025). Palvelukokonaisuutta voimme r\u00e4\u00e4t\u00e4l\u00f6id\u00e4 tarpeen mukaan. [&hellip;]","og_url":"https:\/\/sites.uef.fi\/bru\/palvelumme-yrityksille\/","og_site_name":"UEF Aivotutkimusyksikk\u00f6","article_modified_time":"2026-01-12T08:30:03+00:00","og_image":[{"url":"https:\/\/sites.uef.fi\/bru\/wp-content\/uploads\/sites\/472\/2024\/06\/aivotutkimusyksikko-1270a-1024x683.jpg","type":"","width":"","height":""}],"twitter_card":"summary_large_image","twitter_misc":{"Arvioitu lukuaika":"2 minuuttia"},"schema":{"@context":"https:\/\/schema.org","@graph":[{"@type":"WebPage","@id":"https:\/\/sites.uef.fi\/bru\/palvelumme-yrityksille\/","url":"https:\/\/sites.uef.fi\/bru\/palvelumme-yrityksille\/","name":"Palvelumme yrityksille - UEF Aivotutkimusyksikk\u00f6","isPartOf":{"@id":"https:\/\/sites.uef.fi\/bru\/#website"},"primaryImageOfPage":{"@id":"https:\/\/sites.uef.fi\/bru\/palvelumme-yrityksille\/#primaryimage"},"image":{"@id":"https:\/\/sites.uef.fi\/bru\/palvelumme-yrityksille\/#primaryimage"},"thumbnailUrl":"https:\/\/sites.uef.fi\/bru\/wp-content\/uploads\/sites\/472\/2024\/06\/aivotutkimusyksikko-1270a-1024x683.jpg","datePublished":"2024-04-11T08:26:27+00:00","dateModified":"2026-01-12T08:30:03+00:00","breadcrumb":{"@id":"https:\/\/sites.uef.fi\/bru\/palvelumme-yrityksille\/#breadcrumb"},"inLanguage":"fi","potentialAction":[{"@type":"ReadAction","target":["https:\/\/sites.uef.fi\/bru\/palvelumme-yrityksille\/"]}]},{"@type":"ImageObject","inLanguage":"fi","@id":"https:\/\/sites.uef.fi\/bru\/palvelumme-yrityksille\/#primaryimage","url":"https:\/\/sites.uef.fi\/bru\/wp-content\/uploads\/sites\/472\/2024\/06\/aivotutkimusyksikko-1270a-scaled.jpg","contentUrl":"https:\/\/sites.uef.fi\/bru\/wp-content\/uploads\/sites\/472\/2024\/06\/aivotutkimusyksikko-1270a-scaled.jpg","width":2560,"height":1707},{"@type":"BreadcrumbList","@id":"https:\/\/sites.uef.fi\/bru\/palvelumme-yrityksille\/#breadcrumb","itemListElement":[{"@type":"ListItem","position":1,"name":"Home","item":"https:\/\/sites.uef.fi\/bru\/"},{"@type":"ListItem","position":2,"name":"Palvelumme yrityksille"}]},{"@type":"WebSite","@id":"https:\/\/sites.uef.fi\/bru\/#website","url":"https:\/\/sites.uef.fi\/bru\/","name":"UEF Aivotutkimusyksikk\u00f6","description":"","potentialAction":[{"@type":"SearchAction","target":{"@type":"EntryPoint","urlTemplate":"https:\/\/sites.uef.fi\/bru\/?s={search_term_string}"},"query-input":{"@type":"PropertyValueSpecification","valueRequired":true,"valueName":"search_term_string"}}],"inLanguage":"fi"}]}},"_links":{"self":[{"href":"https:\/\/sites.uef.fi\/bru\/wp-json\/wp\/v2\/pages\/309","targetHints":{"allow":["GET"]}}],"collection":[{"href":"https:\/\/sites.uef.fi\/bru\/wp-json\/wp\/v2\/pages"}],"about":[{"href":"https:\/\/sites.uef.fi\/bru\/wp-json\/wp\/v2\/types\/page"}],"author":[{"embeddable":true,"href":"https:\/\/sites.uef.fi\/bru\/wp-json\/wp\/v2\/users\/1118"}],"replies":[{"embeddable":true,"href":"https:\/\/sites.uef.fi\/bru\/wp-json\/wp\/v2\/comments?post=309"}],"version-history":[{"count":2,"href":"https:\/\/sites.uef.fi\/bru\/wp-json\/wp\/v2\/pages\/309\/revisions"}],"predecessor-version":[{"id":3947,"href":"https:\/\/sites.uef.fi\/bru\/wp-json\/wp\/v2\/pages\/309\/revisions\/3947"}],"wp:attachment":[{"href":"https:\/\/sites.uef.fi\/bru\/wp-json\/wp\/v2\/media?parent=309"}],"curies":[{"name":"wp","href":"https:\/\/api.w.org\/{rel}","templated":true}]}}