{"id":336,"date":"2024-04-11T10:54:48","date_gmt":"2024-04-11T08:54:48","guid":{"rendered":"https:\/\/sites.uef.fi\/bru\/?page_id=336"},"modified":"2026-01-12T10:35:10","modified_gmt":"2026-01-12T08:35:10","slug":"oletko-kiinnostunut-osallistumaan-tutkimukseen-nain-ilmoittaudut","status":"publish","type":"page","link":"https:\/\/sites.uef.fi\/bru\/oletko-kiinnostunut-osallistumaan-tutkimukseen-nain-ilmoittaudut\/","title":{"rendered":"Oletko kiinnostunut osallistumaan tutkimukseen"},"content":{"rendered":"\n<p>T\u00e4lt\u00e4 sivulta l\u00f6yd\u00e4t tietoa meneill\u00e4\u00e4n olevista tutkimuksistamme, joihin etsimme lis\u00e4\u00e4 tutkittavia henkil\u00f6it\u00e4. Jos sinulle sopivaa tutkimusta ei ole t\u00e4ll\u00e4 hetkell\u00e4 meneill\u00e4\u00e4n, voit rekister\u00f6ity\u00e4 vapaaehtoiseksi tuleviin tutkimuksiimme. Lue lis\u00e4\u00e4 alta.<\/p>\n\n\n\n<figure class=\"wp-block-image size-large is-resized\"><img loading=\"lazy\" decoding=\"async\" width=\"1024\" height=\"683\" src=\"https:\/\/sites.uef.fi\/bru\/wp-content\/uploads\/sites\/472\/2024\/06\/18800841-rear-view-of-doctors-discussing-brain-scans_Mostphotos-1024x683.jpg\" alt=\"\" class=\"wp-image-2058\" style=\"width:622px;height:auto\" srcset=\"https:\/\/sites.uef.fi\/bru\/wp-content\/uploads\/sites\/472\/2024\/06\/18800841-rear-view-of-doctors-discussing-brain-scans_Mostphotos-1024x683.jpg 1024w, https:\/\/sites.uef.fi\/bru\/wp-content\/uploads\/sites\/472\/2024\/06\/18800841-rear-view-of-doctors-discussing-brain-scans_Mostphotos-300x200.jpg 300w, https:\/\/sites.uef.fi\/bru\/wp-content\/uploads\/sites\/472\/2024\/06\/18800841-rear-view-of-doctors-discussing-brain-scans_Mostphotos-768x512.jpg 768w, https:\/\/sites.uef.fi\/bru\/wp-content\/uploads\/sites\/472\/2024\/06\/18800841-rear-view-of-doctors-discussing-brain-scans_Mostphotos-1536x1024.jpg 1536w, https:\/\/sites.uef.fi\/bru\/wp-content\/uploads\/sites\/472\/2024\/06\/18800841-rear-view-of-doctors-discussing-brain-scans_Mostphotos-2048x1366.jpg 2048w\" sizes=\"auto, (max-width: 1024px) 100vw, 1024px\" \/><\/figure>\n\n\n\n<p><\/p>\n\n\n\t<div id=\"accordion-block_5ed3a4e3eebe0ecb33e4c860791e5fe8\" class=\"accordions\">\n\t\t\t\t\t<div class=\"accordion accordion-js\">\n\t\t\t\t<button class=\"accordion__button\" aria-controls=\"content-1148\" aria-expanded=\"false\" id=\"accordion-control-1148\">\n\t\t\t\t\t<h3 class=\"accordion__heading\" >\n\t\t\t\t\t\tHaemme tutkittavia seuraaviin l\u00e4\u00e4ketutkimuksiin \t\t\t\t\t<\/h3>\n\t\t\t\t<\/button>\n\t\t\t\t<div class=\"accordion__content\" role=\"region\" aria-labelledby=\"accordion-control-1148\" aria-hidden=\"true\" id=\"content-1148\">\n\t\t\t\t\t<h4>HAEMME 60-85 -VUOTIAITA OSALLISTUJIA ALZHEIMERIN TAUDIN L\u00c4\u00c4KETUTKIMUKSEEN<\/h1>\n<p>Kliinisess\u00e4 l\u00e4\u00e4ketutkimuksessa arvioidaan, voiko tutkimusvaiheessa oleva uusi yhdistelm\u00e4l\u00e4\u00e4ke parantaa muistia ja ajattelua sek\u00e4 arjessa selviytymist\u00e4 Alzheimerin taudissa. Lis\u00e4ksi selvitet\u00e4\u00e4n tutkimusl\u00e4\u00e4kkeen turvallisuutta ja siedett\u00e4vyytt\u00e4.<\/p>\n<h4>Saatat soveltua osallistujaksi t\u00e4h\u00e4n tutkimukseen, jos<\/h2>\n<ul>\n<li>olet 60-85 -vuotias;<\/li>\n<li>Sinulla on liev\u00e4ss\u00e4 tai keskivaikeassa vaiheessa oleva, l\u00e4\u00e4k\u00e4rin toteama Alzheimerin tauti;<\/li>\n<li>Sinulla on k\u00e4ytett\u00e4viss\u00e4si aikuinen tukihenkil\u00f6, joka voi tulla mukaasi kaikille tutkimusk\u00e4ynneille.<\/li>\n<\/ul>\n<p>Tutkimusl\u00e4\u00e4ke ja k\u00e4ynteihin liittyv\u00e4t tutkimukset ovat tutkittaville maksuttomia. Tutkimusk\u00e4yntien matkakulut korvataan. Tutkimus toteutetaan <i><strong>Kuopiossa Aivotutkimusyksik\u00f6ss\u00e4<\/strong><\/i><strong>.<\/strong> Tutkimukseen kuluu yhteens\u00e4 n. 12\u201314 k\u00e4ynti\u00e4. Jos osallistutte avoimeen jatkovaiheeseen, k\u00e4yntej\u00e4 on yhteens\u00e4 n. 18\u201320.<\/p>\n<p>Jos Sin\u00e4 tai l\u00e4heisesi on kiinnostunut tutkimukseen osallistumisesta, voit ottaa yhteytt\u00e4<\/p>\n<p>Aivotutkimusyksikk\u00f6\u00f6n p. +35850 565 0598 tai email: <a id=\"menur1q63\" class=\"fui-Link ___1q1shib f2hkw1w f3rmtva f1ewtqcl fyind8e f1k6fduh f1w7gpdv fk6fouc fjoy568 figsok6 f1s184ao f1mk8lai fnbmjn9 f1o700av f13mvf36 f1cmlufx f9n3di6 f1ids18y f1tx3yz7 f1deo86v f1eh06m1 f1iescvh fhgqx19 f1olyrje f1p93eir f1nev41a f1h8hb77 f1lqvz6u f10aw75t fsle3fq f17ae5zn\" title=\"mailto:bru@uef.fi\" href=\"mailto:bru@uef.fi\" target=\"_blank\" rel=\"noreferrer noopener\" aria-label=\"Linkki bru@uef.fi\">bru@uef.fi<\/a><\/p>\n\t\t\t\t<\/div>\n\t\t\t<\/div>\n\t\t\t\t\t<div class=\"accordion accordion-js\">\n\t\t\t\t<button class=\"accordion__button\" aria-controls=\"content-4320\" aria-expanded=\"false\" id=\"accordion-control-4320\">\n\t\t\t\t\t<h3 class=\"accordion__heading\" >\n\t\t\t\t\t\tRekister\u00f6idy vapaaehtoiseksi tuleviin tutkimuksiimme\t\t\t\t\t<\/h3>\n\t\t\t\t<\/button>\n\t\t\t\t<div class=\"accordion__content\" role=\"region\" aria-labelledby=\"accordion-control-4320\" aria-hidden=\"true\" id=\"content-4320\">\n\t\t\t\t\t<p>T\u00e4ytt\u00e4m\u00e4ll\u00e4 alla olevan s\u00e4hk\u00f6isen lomakkeen voit ilmoittautua vapaaehtoiseksi tutkimuksiimme. Otamme sinuun yhteytt\u00e4 mahdollisesti sopivan tutkimuksen alkaessa. Rekister\u00f6imi\u00e4si tietoja k\u00e4ytet\u00e4\u00e4n ainoastaan uusista tutkimuksista tiedottamiseen, eik\u00e4 rekister\u00f6ityminen sido teit\u00e4 mihink\u00e4\u00e4n.<\/p>\n<p><strong>Ennen ilmoittautumista<\/strong> tutkimuksiin tutustu <a href=\"https:\/\/www.uef.fi\/fi\/henkilotietojen-kasittely#paragraph-5909\"><strong>henkil\u00f6tietojen k\u00e4sittelyyn<\/strong><\/a><\/p>\n<p><a href=\"https:\/\/link.webropolsurveys.com\/S\/88B422B673D63038\"><strong>Rekister\u00f6idy vapaaehtoiseksi tuleviin tutkimuksiin t\u00e4st\u00e4<\/strong><\/a><\/p>\n<p><img loading=\"lazy\" decoding=\"async\" class=\"alignnone wp-image-2095\" src=\"https:\/\/sites.uef.fi\/bru\/wp-content\/uploads\/sites\/472\/2024\/06\/DSC7401-300x200.jpg\" alt=\"\" width=\"525\" height=\"350\" srcset=\"https:\/\/sites.uef.fi\/bru\/wp-content\/uploads\/sites\/472\/2024\/06\/DSC7401-300x200.jpg 300w, https:\/\/sites.uef.fi\/bru\/wp-content\/uploads\/sites\/472\/2024\/06\/DSC7401-1024x681.jpg 1024w, https:\/\/sites.uef.fi\/bru\/wp-content\/uploads\/sites\/472\/2024\/06\/DSC7401-768x511.jpg 768w, https:\/\/sites.uef.fi\/bru\/wp-content\/uploads\/sites\/472\/2024\/06\/DSC7401-1536x1022.jpg 1536w, https:\/\/sites.uef.fi\/bru\/wp-content\/uploads\/sites\/472\/2024\/06\/DSC7401-2048x1363.jpg 2048w\" sizes=\"auto, (max-width: 525px) 100vw, 525px\" \/><\/p>\n\t\t\t\t<\/div>\n\t\t\t<\/div>\n\t\t\t\t\t<div class=\"accordion accordion-js\">\n\t\t\t\t<button class=\"accordion__button\" aria-controls=\"content-8140\" aria-expanded=\"false\" id=\"accordion-control-8140\">\n\t\t\t\t\t<h3 class=\"accordion__heading\" >\n\t\t\t\t\t\tMuita sivustoja, joilta l\u00f6ytyy tietoa suomalaisista rekrytoivista kliinisist\u00e4 l\u00e4\u00e4ketutkimuksista\t\t\t\t\t<\/h3>\n\t\t\t\t<\/button>\n\t\t\t\t<div class=\"accordion__content\" role=\"region\" aria-labelledby=\"accordion-control-8140\" aria-hidden=\"true\" id=\"content-8140\">\n\t\t\t\t\t<p>Potilas ja omainen voivat aina tarkistaa k\u00e4ynniss\u00e4 olevien tutkimusten tilanteen <strong>Kansallisen Neurokeskuksen verkkosivuilta<\/strong> (\u201chakeudu tutkimuspotilaaksi\u201d: <a href=\"https:\/\/www.neurocenterfinland.fi\/palvelut-ja-toimenpiteet\/kliiniset-tutkimukset\/\">https:\/\/neurocenterfinland.fi\/hakeudu-tutkittavaksi-kliiniseen-tutkimukseen\/<\/a>)<\/p>\n<p><strong>Fimean<\/strong> yll\u00e4pit\u00e4m\u00e4lle <strong>Osallistujia hakevat l\u00e4\u00e4ketutkimukset <\/strong>-sivulle on koottu Suomessa k\u00e4ynniss\u00e4 olevien ja potilaita sis\u00e4\u00e4n ottavien kliinisten l\u00e4\u00e4ketutkimusten tiedot yleisell\u00e4 tasolla: <a href=\"https:\/\/fimea.fi\/valvonta\/kliiniset_laaketutkimukset\/rekrytoivat-tutkimukset\">https:\/\/fimea.fi\/valvonta\/kliiniset_laaketutkimukset\/rekrytoivat-tutkimukset<\/a><\/p>\n\t\t\t\t<\/div>\n\t\t\t<\/div>\n\t\t\t<\/div>\n\t\n\n\n<p><\/p>\n\n\n\n<div class=\"links-block\">\n\n    \n    <ul class=\"link-list\">\n            <\/ul>\n<\/div>\n\n\n<p>P\u00e4ivitetty 9.1.2026<\/p>\n","protected":false},"excerpt":{"rendered":"<p>T\u00e4lt\u00e4 sivulta l\u00f6yd\u00e4t tietoa meneill\u00e4\u00e4n olevista tutkimuksistamme, joihin etsimme lis\u00e4\u00e4 tutkittavia henkil\u00f6it\u00e4. Jos sinulle sopivaa tutkimusta ei ole t\u00e4ll\u00e4 hetkell\u00e4 meneill\u00e4\u00e4n, voit rekister\u00f6ity\u00e4 vapaaehtoiseksi tuleviin tutkimuksiimme. Lue lis\u00e4\u00e4 alta. P\u00e4ivitetty 9.1.2026<\/p>\n","protected":false},"author":1118,"featured_media":0,"parent":0,"menu_order":0,"comment_status":"closed","ping_status":"closed","template":"","meta":{"_acf_changed":false,"footnotes":""},"class_list":["post-336","page","type-page","status-publish","hentry"],"acf":[],"yoast_head":"<!-- This site is optimized with the Yoast SEO plugin v27.3 - https:\/\/yoast.com\/product\/yoast-seo-wordpress\/ -->\n<title>Oletko kiinnostunut osallistumaan tutkimukseen - UEF Aivotutkimusyksikk\u00f6<\/title>\n<meta name=\"robots\" content=\"index, follow, max-snippet:-1, max-image-preview:large, max-video-preview:-1\" \/>\n<link rel=\"canonical\" href=\"https:\/\/sites.uef.fi\/bru\/oletko-kiinnostunut-osallistumaan-tutkimukseen-nain-ilmoittaudut\/\" \/>\n<meta property=\"og:locale\" content=\"fi_FI\" \/>\n<meta property=\"og:type\" content=\"article\" \/>\n<meta property=\"og:title\" content=\"Oletko kiinnostunut osallistumaan tutkimukseen - UEF Aivotutkimusyksikk\u00f6\" \/>\n<meta property=\"og:description\" content=\"T\u00e4lt\u00e4 sivulta l\u00f6yd\u00e4t tietoa meneill\u00e4\u00e4n olevista tutkimuksistamme, joihin etsimme lis\u00e4\u00e4 tutkittavia henkil\u00f6it\u00e4. Jos sinulle sopivaa tutkimusta ei ole t\u00e4ll\u00e4 hetkell\u00e4 meneill\u00e4\u00e4n, voit rekister\u00f6ity\u00e4 vapaaehtoiseksi tuleviin tutkimuksiimme. Lue lis\u00e4\u00e4 alta. P\u00e4ivitetty 9.1.2026\" \/>\n<meta property=\"og:url\" content=\"https:\/\/sites.uef.fi\/bru\/oletko-kiinnostunut-osallistumaan-tutkimukseen-nain-ilmoittaudut\/\" \/>\n<meta property=\"og:site_name\" content=\"UEF Aivotutkimusyksikk\u00f6\" \/>\n<meta property=\"article:modified_time\" content=\"2026-01-12T08:35:10+00:00\" \/>\n<meta property=\"og:image\" content=\"https:\/\/sites.uef.fi\/bru\/wp-content\/uploads\/sites\/472\/2024\/06\/18800841-rear-view-of-doctors-discussing-brain-scans_Mostphotos-1024x683.jpg\" \/>\n<meta name=\"twitter:card\" content=\"summary_large_image\" \/>\n<meta name=\"twitter:label1\" content=\"Arvioitu lukuaika\" \/>\n\t<meta name=\"twitter:data1\" content=\"1 minuutti\" \/>\n<script type=\"application\/ld+json\" class=\"yoast-schema-graph\">{\"@context\":\"https:\\\/\\\/schema.org\",\"@graph\":[{\"@type\":\"WebPage\",\"@id\":\"https:\\\/\\\/sites.uef.fi\\\/bru\\\/oletko-kiinnostunut-osallistumaan-tutkimukseen-nain-ilmoittaudut\\\/\",\"url\":\"https:\\\/\\\/sites.uef.fi\\\/bru\\\/oletko-kiinnostunut-osallistumaan-tutkimukseen-nain-ilmoittaudut\\\/\",\"name\":\"Oletko kiinnostunut osallistumaan tutkimukseen - UEF Aivotutkimusyksikk\u00f6\",\"isPartOf\":{\"@id\":\"https:\\\/\\\/sites.uef.fi\\\/bru\\\/#website\"},\"primaryImageOfPage\":{\"@id\":\"https:\\\/\\\/sites.uef.fi\\\/bru\\\/oletko-kiinnostunut-osallistumaan-tutkimukseen-nain-ilmoittaudut\\\/#primaryimage\"},\"image\":{\"@id\":\"https:\\\/\\\/sites.uef.fi\\\/bru\\\/oletko-kiinnostunut-osallistumaan-tutkimukseen-nain-ilmoittaudut\\\/#primaryimage\"},\"thumbnailUrl\":\"https:\\\/\\\/sites.uef.fi\\\/bru\\\/wp-content\\\/uploads\\\/sites\\\/472\\\/2024\\\/06\\\/18800841-rear-view-of-doctors-discussing-brain-scans_Mostphotos-1024x683.jpg\",\"datePublished\":\"2024-04-11T08:54:48+00:00\",\"dateModified\":\"2026-01-12T08:35:10+00:00\",\"breadcrumb\":{\"@id\":\"https:\\\/\\\/sites.uef.fi\\\/bru\\\/oletko-kiinnostunut-osallistumaan-tutkimukseen-nain-ilmoittaudut\\\/#breadcrumb\"},\"inLanguage\":\"fi\",\"potentialAction\":[{\"@type\":\"ReadAction\",\"target\":[\"https:\\\/\\\/sites.uef.fi\\\/bru\\\/oletko-kiinnostunut-osallistumaan-tutkimukseen-nain-ilmoittaudut\\\/\"]}]},{\"@type\":\"ImageObject\",\"inLanguage\":\"fi\",\"@id\":\"https:\\\/\\\/sites.uef.fi\\\/bru\\\/oletko-kiinnostunut-osallistumaan-tutkimukseen-nain-ilmoittaudut\\\/#primaryimage\",\"url\":\"https:\\\/\\\/sites.uef.fi\\\/bru\\\/wp-content\\\/uploads\\\/sites\\\/472\\\/2024\\\/06\\\/18800841-rear-view-of-doctors-discussing-brain-scans_Mostphotos.jpg\",\"contentUrl\":\"https:\\\/\\\/sites.uef.fi\\\/bru\\\/wp-content\\\/uploads\\\/sites\\\/472\\\/2024\\\/06\\\/18800841-rear-view-of-doctors-discussing-brain-scans_Mostphotos.jpg\",\"width\":2500,\"height\":1667,\"caption\":\"Rear view of a male and female doctors discussing brain scans in hospital\"},{\"@type\":\"BreadcrumbList\",\"@id\":\"https:\\\/\\\/sites.uef.fi\\\/bru\\\/oletko-kiinnostunut-osallistumaan-tutkimukseen-nain-ilmoittaudut\\\/#breadcrumb\",\"itemListElement\":[{\"@type\":\"ListItem\",\"position\":1,\"name\":\"Home\",\"item\":\"https:\\\/\\\/sites.uef.fi\\\/bru\\\/\"},{\"@type\":\"ListItem\",\"position\":2,\"name\":\"Oletko kiinnostunut osallistumaan tutkimukseen\"}]},{\"@type\":\"WebSite\",\"@id\":\"https:\\\/\\\/sites.uef.fi\\\/bru\\\/#website\",\"url\":\"https:\\\/\\\/sites.uef.fi\\\/bru\\\/\",\"name\":\"UEF Aivotutkimusyksikk\u00f6\",\"description\":\"\",\"potentialAction\":[{\"@type\":\"SearchAction\",\"target\":{\"@type\":\"EntryPoint\",\"urlTemplate\":\"https:\\\/\\\/sites.uef.fi\\\/bru\\\/?s={search_term_string}\"},\"query-input\":{\"@type\":\"PropertyValueSpecification\",\"valueRequired\":true,\"valueName\":\"search_term_string\"}}],\"inLanguage\":\"fi\"}]}<\/script>\n<!-- \/ Yoast SEO plugin. -->","yoast_head_json":{"title":"Oletko kiinnostunut osallistumaan tutkimukseen - UEF Aivotutkimusyksikk\u00f6","robots":{"index":"index","follow":"follow","max-snippet":"max-snippet:-1","max-image-preview":"max-image-preview:large","max-video-preview":"max-video-preview:-1"},"canonical":"https:\/\/sites.uef.fi\/bru\/oletko-kiinnostunut-osallistumaan-tutkimukseen-nain-ilmoittaudut\/","og_locale":"fi_FI","og_type":"article","og_title":"Oletko kiinnostunut osallistumaan tutkimukseen - UEF Aivotutkimusyksikk\u00f6","og_description":"T\u00e4lt\u00e4 sivulta l\u00f6yd\u00e4t tietoa meneill\u00e4\u00e4n olevista tutkimuksistamme, joihin etsimme lis\u00e4\u00e4 tutkittavia henkil\u00f6it\u00e4. Jos sinulle sopivaa tutkimusta ei ole t\u00e4ll\u00e4 hetkell\u00e4 meneill\u00e4\u00e4n, voit rekister\u00f6ity\u00e4 vapaaehtoiseksi tuleviin tutkimuksiimme. Lue lis\u00e4\u00e4 alta. P\u00e4ivitetty 9.1.2026","og_url":"https:\/\/sites.uef.fi\/bru\/oletko-kiinnostunut-osallistumaan-tutkimukseen-nain-ilmoittaudut\/","og_site_name":"UEF Aivotutkimusyksikk\u00f6","article_modified_time":"2026-01-12T08:35:10+00:00","og_image":[{"url":"https:\/\/sites.uef.fi\/bru\/wp-content\/uploads\/sites\/472\/2024\/06\/18800841-rear-view-of-doctors-discussing-brain-scans_Mostphotos-1024x683.jpg","type":"","width":"","height":""}],"twitter_card":"summary_large_image","twitter_misc":{"Arvioitu lukuaika":"1 minuutti"},"schema":{"@context":"https:\/\/schema.org","@graph":[{"@type":"WebPage","@id":"https:\/\/sites.uef.fi\/bru\/oletko-kiinnostunut-osallistumaan-tutkimukseen-nain-ilmoittaudut\/","url":"https:\/\/sites.uef.fi\/bru\/oletko-kiinnostunut-osallistumaan-tutkimukseen-nain-ilmoittaudut\/","name":"Oletko kiinnostunut osallistumaan tutkimukseen - UEF Aivotutkimusyksikk\u00f6","isPartOf":{"@id":"https:\/\/sites.uef.fi\/bru\/#website"},"primaryImageOfPage":{"@id":"https:\/\/sites.uef.fi\/bru\/oletko-kiinnostunut-osallistumaan-tutkimukseen-nain-ilmoittaudut\/#primaryimage"},"image":{"@id":"https:\/\/sites.uef.fi\/bru\/oletko-kiinnostunut-osallistumaan-tutkimukseen-nain-ilmoittaudut\/#primaryimage"},"thumbnailUrl":"https:\/\/sites.uef.fi\/bru\/wp-content\/uploads\/sites\/472\/2024\/06\/18800841-rear-view-of-doctors-discussing-brain-scans_Mostphotos-1024x683.jpg","datePublished":"2024-04-11T08:54:48+00:00","dateModified":"2026-01-12T08:35:10+00:00","breadcrumb":{"@id":"https:\/\/sites.uef.fi\/bru\/oletko-kiinnostunut-osallistumaan-tutkimukseen-nain-ilmoittaudut\/#breadcrumb"},"inLanguage":"fi","potentialAction":[{"@type":"ReadAction","target":["https:\/\/sites.uef.fi\/bru\/oletko-kiinnostunut-osallistumaan-tutkimukseen-nain-ilmoittaudut\/"]}]},{"@type":"ImageObject","inLanguage":"fi","@id":"https:\/\/sites.uef.fi\/bru\/oletko-kiinnostunut-osallistumaan-tutkimukseen-nain-ilmoittaudut\/#primaryimage","url":"https:\/\/sites.uef.fi\/bru\/wp-content\/uploads\/sites\/472\/2024\/06\/18800841-rear-view-of-doctors-discussing-brain-scans_Mostphotos.jpg","contentUrl":"https:\/\/sites.uef.fi\/bru\/wp-content\/uploads\/sites\/472\/2024\/06\/18800841-rear-view-of-doctors-discussing-brain-scans_Mostphotos.jpg","width":2500,"height":1667,"caption":"Rear view of a male and female doctors discussing brain scans in hospital"},{"@type":"BreadcrumbList","@id":"https:\/\/sites.uef.fi\/bru\/oletko-kiinnostunut-osallistumaan-tutkimukseen-nain-ilmoittaudut\/#breadcrumb","itemListElement":[{"@type":"ListItem","position":1,"name":"Home","item":"https:\/\/sites.uef.fi\/bru\/"},{"@type":"ListItem","position":2,"name":"Oletko kiinnostunut osallistumaan tutkimukseen"}]},{"@type":"WebSite","@id":"https:\/\/sites.uef.fi\/bru\/#website","url":"https:\/\/sites.uef.fi\/bru\/","name":"UEF Aivotutkimusyksikk\u00f6","description":"","potentialAction":[{"@type":"SearchAction","target":{"@type":"EntryPoint","urlTemplate":"https:\/\/sites.uef.fi\/bru\/?s={search_term_string}"},"query-input":{"@type":"PropertyValueSpecification","valueRequired":true,"valueName":"search_term_string"}}],"inLanguage":"fi"}]}},"_links":{"self":[{"href":"https:\/\/sites.uef.fi\/bru\/wp-json\/wp\/v2\/pages\/336","targetHints":{"allow":["GET"]}}],"collection":[{"href":"https:\/\/sites.uef.fi\/bru\/wp-json\/wp\/v2\/pages"}],"about":[{"href":"https:\/\/sites.uef.fi\/bru\/wp-json\/wp\/v2\/types\/page"}],"author":[{"embeddable":true,"href":"https:\/\/sites.uef.fi\/bru\/wp-json\/wp\/v2\/users\/1118"}],"replies":[{"embeddable":true,"href":"https:\/\/sites.uef.fi\/bru\/wp-json\/wp\/v2\/comments?post=336"}],"version-history":[{"count":2,"href":"https:\/\/sites.uef.fi\/bru\/wp-json\/wp\/v2\/pages\/336\/revisions"}],"predecessor-version":[{"id":3951,"href":"https:\/\/sites.uef.fi\/bru\/wp-json\/wp\/v2\/pages\/336\/revisions\/3951"}],"wp:attachment":[{"href":"https:\/\/sites.uef.fi\/bru\/wp-json\/wp\/v2\/media?parent=336"}],"curies":[{"name":"wp","href":"https:\/\/api.w.org\/{rel}","templated":true}]}}