{"id":426,"date":"2024-04-11T13:20:29","date_gmt":"2024-04-11T11:20:29","guid":{"rendered":"https:\/\/sites.uef.fi\/bru\/?page_id=426"},"modified":"2025-02-18T10:31:58","modified_gmt":"2025-02-18T08:31:58","slug":"aivobiomarkkeritutkimukset","status":"publish","type":"page","link":"https:\/\/sites.uef.fi\/bru\/aivobiomarkkeritutkimukset\/","title":{"rendered":"Aivobiomarkkeritutkimukset"},"content":{"rendered":"\n<p>Aivotutkimusyksik\u00f6n yhteydess\u00e4 toimii diagnostisia palvelututkimuksia tarjoava <strong>akkreditoitu <\/strong><a href=\"https:\/\/sites.uef.fi\/aivobiomarkkeritutkimukset\/\" target=\"_blank\" rel=\"noreferrer noopener\"><strong>Biomarkkerilaboratorio<\/strong><\/a>, joka tekee Alzheimerin taudin merkkiaineanalyysej\u00e4 plasma- ja selk\u00e4ydinnesten\u00e4ytteist\u00e4 sek\u00e4 neurofilamentin analytiikkaa plasman\u00e4ytteist\u00e4. &nbsp;<\/p>\n\n\n\n<p>Biomarkkerilaboratorion palveluja ja toimintaa kehitet\u00e4\u00e4n aktiivisesti. Kehit\u00e4mme kansainv\u00e4listen yhteisty\u00f6kumppaneidemme kanssa menetelmi\u00e4 uusille tutkimuksesta nouseville biomarkkerikandidaateille. Laboratoriossa otettiin k\u00e4ytt\u00f6\u00f6n ensimm\u00e4inen Alzheimerin taudin verikoe diagnostisena palvelututkimuksena vuoden 2025 alkupuolella: fosforyloituneen tau-proteiinin (pTau217) m\u00e4\u00e4ritys Lumipulse G600II-laitteella. <a href=\"https:\/\/www.uef.fi\/fi\/artikkeli\/ensimmainen-alzheimerin-taudin-verikoe-kayttoon-ita-suomen-yliopiston-biomarkkerilaboratoriossa\">Lue lis\u00e4\u00e4.<\/a><\/p>\n\n\n\n<p>Analyysimenetelmien kehitt\u00e4mist\u00e4 tehd\u00e4\u00e4n my\u00f6s erilaisissa kehitt\u00e4mishankkeissa kuten esimerkiksi It\u00e4-Suomen yliopiston <a href=\"https:\/\/uefconnect.uef.fi\/uef-aivotutkimusyksikko-2.0\/\">UEF Aivotutkimusyksikk\u00f6 2.0<\/a> EAKR-hankkeessa (2023\u20132025).<\/p>\n\n\n\n<figure class=\"wp-block-image size-large is-resized\"><img loading=\"lazy\" decoding=\"async\" width=\"1024\" height=\"688\" src=\"https:\/\/sites.uef.fi\/bru\/wp-content\/uploads\/sites\/472\/2025\/02\/thumbnail_Lumipulse-naytekaruselli-oma-kuva-1024x688.jpg\" alt=\"\" class=\"wp-image-3763\" style=\"width:582px;height:auto\" srcset=\"https:\/\/sites.uef.fi\/bru\/wp-content\/uploads\/sites\/472\/2025\/02\/thumbnail_Lumipulse-naytekaruselli-oma-kuva-1024x688.jpg 1024w, https:\/\/sites.uef.fi\/bru\/wp-content\/uploads\/sites\/472\/2025\/02\/thumbnail_Lumipulse-naytekaruselli-oma-kuva-300x202.jpg 300w, https:\/\/sites.uef.fi\/bru\/wp-content\/uploads\/sites\/472\/2025\/02\/thumbnail_Lumipulse-naytekaruselli-oma-kuva-768x516.jpg 768w, https:\/\/sites.uef.fi\/bru\/wp-content\/uploads\/sites\/472\/2025\/02\/thumbnail_Lumipulse-naytekaruselli-oma-kuva-1536x1032.jpg 1536w, https:\/\/sites.uef.fi\/bru\/wp-content\/uploads\/sites\/472\/2025\/02\/thumbnail_Lumipulse-naytekaruselli-oma-kuva.jpg 1920w\" sizes=\"auto, (max-width: 1024px) 100vw, 1024px\" \/><\/figure>\n\n\n\n<figure class=\"wp-block-image size-full\"><img loading=\"lazy\" decoding=\"async\" width=\"572\" height=\"167\" src=\"https:\/\/sites.uef.fi\/bru\/wp-content\/uploads\/sites\/472\/2024\/04\/Biomarker-laboratorio.png\" alt=\"\" class=\"wp-image-429\" srcset=\"https:\/\/sites.uef.fi\/bru\/wp-content\/uploads\/sites\/472\/2024\/04\/Biomarker-laboratorio.png 572w, https:\/\/sites.uef.fi\/bru\/wp-content\/uploads\/sites\/472\/2024\/04\/Biomarker-laboratorio-300x88.png 300w\" sizes=\"auto, (max-width: 572px) 100vw, 572px\" \/><\/figure>\n\n\n\n<p>P\u00e4ivitetty 18.2.2025<\/p>\n","protected":false},"excerpt":{"rendered":"<p>Aivotutkimusyksik\u00f6n yhteydess\u00e4 toimii diagnostisia palvelututkimuksia tarjoava akkreditoitu Biomarkkerilaboratorio, joka tekee Alzheimerin taudin merkkiaineanalyysej\u00e4 plasma- ja selk\u00e4ydinnesten\u00e4ytteist\u00e4 sek\u00e4 neurofilamentin analytiikkaa plasman\u00e4ytteist\u00e4. &nbsp; Biomarkkerilaboratorion palveluja ja toimintaa kehitet\u00e4\u00e4n aktiivisesti. Kehit\u00e4mme kansainv\u00e4listen yhteisty\u00f6kumppaneidemme kanssa menetelmi\u00e4 uusille tutkimuksesta nouseville biomarkkerikandidaateille. Laboratoriossa otettiin k\u00e4ytt\u00f6\u00f6n ensimm\u00e4inen Alzheimerin taudin verikoe diagnostisena palvelututkimuksena vuoden 2025 alkupuolella: fosforyloituneen tau-proteiinin (pTau217) m\u00e4\u00e4ritys Lumipulse G600II-laitteella. Lue [&hellip;]<\/p>\n","protected":false},"author":1118,"featured_media":0,"parent":0,"menu_order":0,"comment_status":"closed","ping_status":"closed","template":"","meta":{"_acf_changed":false,"footnotes":""},"class_list":["post-426","page","type-page","status-publish","hentry"],"acf":[],"yoast_head":"<!-- This site is optimized with the Yoast SEO plugin v27.1.1 - https:\/\/yoast.com\/product\/yoast-seo-wordpress\/ -->\n<title>Aivobiomarkkeritutkimukset - UEF Aivotutkimusyksikk\u00f6<\/title>\n<meta name=\"robots\" content=\"index, follow, max-snippet:-1, max-image-preview:large, max-video-preview:-1\" \/>\n<link rel=\"canonical\" href=\"https:\/\/sites.uef.fi\/bru\/aivobiomarkkeritutkimukset\/\" \/>\n<meta property=\"og:locale\" content=\"fi_FI\" \/>\n<meta property=\"og:type\" content=\"article\" \/>\n<meta property=\"og:title\" content=\"Aivobiomarkkeritutkimukset - UEF Aivotutkimusyksikk\u00f6\" \/>\n<meta property=\"og:description\" content=\"Aivotutkimusyksik\u00f6n yhteydess\u00e4 toimii diagnostisia palvelututkimuksia tarjoava akkreditoitu Biomarkkerilaboratorio, joka tekee Alzheimerin taudin merkkiaineanalyysej\u00e4 plasma- ja selk\u00e4ydinnesten\u00e4ytteist\u00e4 sek\u00e4 neurofilamentin analytiikkaa plasman\u00e4ytteist\u00e4. &nbsp; Biomarkkerilaboratorion palveluja ja toimintaa kehitet\u00e4\u00e4n aktiivisesti. Kehit\u00e4mme kansainv\u00e4listen yhteisty\u00f6kumppaneidemme kanssa menetelmi\u00e4 uusille tutkimuksesta nouseville biomarkkerikandidaateille. Laboratoriossa otettiin k\u00e4ytt\u00f6\u00f6n ensimm\u00e4inen Alzheimerin taudin verikoe diagnostisena palvelututkimuksena vuoden 2025 alkupuolella: fosforyloituneen tau-proteiinin (pTau217) m\u00e4\u00e4ritys Lumipulse G600II-laitteella. Lue [&hellip;]\" \/>\n<meta property=\"og:url\" content=\"https:\/\/sites.uef.fi\/bru\/aivobiomarkkeritutkimukset\/\" \/>\n<meta property=\"og:site_name\" content=\"UEF Aivotutkimusyksikk\u00f6\" \/>\n<meta property=\"article:modified_time\" content=\"2025-02-18T08:31:58+00:00\" \/>\n<meta property=\"og:image\" content=\"https:\/\/sites.uef.fi\/bru\/wp-content\/uploads\/sites\/472\/2025\/02\/thumbnail_Lumipulse-naytekaruselli-oma-kuva-1024x688.jpg\" \/>\n<meta name=\"twitter:card\" content=\"summary_large_image\" \/>\n<meta name=\"twitter:label1\" content=\"Arvioitu lukuaika\" \/>\n\t<meta name=\"twitter:data1\" content=\"1 minuutti\" \/>\n<script type=\"application\/ld+json\" class=\"yoast-schema-graph\">{\"@context\":\"https:\/\/schema.org\",\"@graph\":[{\"@type\":\"WebPage\",\"@id\":\"https:\/\/sites.uef.fi\/bru\/aivobiomarkkeritutkimukset\/\",\"url\":\"https:\/\/sites.uef.fi\/bru\/aivobiomarkkeritutkimukset\/\",\"name\":\"Aivobiomarkkeritutkimukset - UEF Aivotutkimusyksikk\u00f6\",\"isPartOf\":{\"@id\":\"https:\/\/sites.uef.fi\/bru\/#website\"},\"primaryImageOfPage\":{\"@id\":\"https:\/\/sites.uef.fi\/bru\/aivobiomarkkeritutkimukset\/#primaryimage\"},\"image\":{\"@id\":\"https:\/\/sites.uef.fi\/bru\/aivobiomarkkeritutkimukset\/#primaryimage\"},\"thumbnailUrl\":\"https:\/\/sites.uef.fi\/bru\/wp-content\/uploads\/sites\/472\/2025\/02\/thumbnail_Lumipulse-naytekaruselli-oma-kuva-1024x688.jpg\",\"datePublished\":\"2024-04-11T11:20:29+00:00\",\"dateModified\":\"2025-02-18T08:31:58+00:00\",\"breadcrumb\":{\"@id\":\"https:\/\/sites.uef.fi\/bru\/aivobiomarkkeritutkimukset\/#breadcrumb\"},\"inLanguage\":\"fi\",\"potentialAction\":[{\"@type\":\"ReadAction\",\"target\":[\"https:\/\/sites.uef.fi\/bru\/aivobiomarkkeritutkimukset\/\"]}]},{\"@type\":\"ImageObject\",\"inLanguage\":\"fi\",\"@id\":\"https:\/\/sites.uef.fi\/bru\/aivobiomarkkeritutkimukset\/#primaryimage\",\"url\":\"https:\/\/sites.uef.fi\/bru\/wp-content\/uploads\/sites\/472\/2025\/02\/thumbnail_Lumipulse-naytekaruselli-oma-kuva.jpg\",\"contentUrl\":\"https:\/\/sites.uef.fi\/bru\/wp-content\/uploads\/sites\/472\/2025\/02\/thumbnail_Lumipulse-naytekaruselli-oma-kuva.jpg\",\"width\":1920,\"height\":1290},{\"@type\":\"BreadcrumbList\",\"@id\":\"https:\/\/sites.uef.fi\/bru\/aivobiomarkkeritutkimukset\/#breadcrumb\",\"itemListElement\":[{\"@type\":\"ListItem\",\"position\":1,\"name\":\"Home\",\"item\":\"https:\/\/sites.uef.fi\/bru\/\"},{\"@type\":\"ListItem\",\"position\":2,\"name\":\"Aivobiomarkkeritutkimukset\"}]},{\"@type\":\"WebSite\",\"@id\":\"https:\/\/sites.uef.fi\/bru\/#website\",\"url\":\"https:\/\/sites.uef.fi\/bru\/\",\"name\":\"UEF Aivotutkimusyksikk\u00f6\",\"description\":\"\",\"potentialAction\":[{\"@type\":\"SearchAction\",\"target\":{\"@type\":\"EntryPoint\",\"urlTemplate\":\"https:\/\/sites.uef.fi\/bru\/?s={search_term_string}\"},\"query-input\":{\"@type\":\"PropertyValueSpecification\",\"valueRequired\":true,\"valueName\":\"search_term_string\"}}],\"inLanguage\":\"fi\"}]}<\/script>\n<!-- \/ Yoast SEO plugin. -->","yoast_head_json":{"title":"Aivobiomarkkeritutkimukset - UEF Aivotutkimusyksikk\u00f6","robots":{"index":"index","follow":"follow","max-snippet":"max-snippet:-1","max-image-preview":"max-image-preview:large","max-video-preview":"max-video-preview:-1"},"canonical":"https:\/\/sites.uef.fi\/bru\/aivobiomarkkeritutkimukset\/","og_locale":"fi_FI","og_type":"article","og_title":"Aivobiomarkkeritutkimukset - UEF Aivotutkimusyksikk\u00f6","og_description":"Aivotutkimusyksik\u00f6n yhteydess\u00e4 toimii diagnostisia palvelututkimuksia tarjoava akkreditoitu Biomarkkerilaboratorio, joka tekee Alzheimerin taudin merkkiaineanalyysej\u00e4 plasma- ja selk\u00e4ydinnesten\u00e4ytteist\u00e4 sek\u00e4 neurofilamentin analytiikkaa plasman\u00e4ytteist\u00e4. &nbsp; Biomarkkerilaboratorion palveluja ja toimintaa kehitet\u00e4\u00e4n aktiivisesti. Kehit\u00e4mme kansainv\u00e4listen yhteisty\u00f6kumppaneidemme kanssa menetelmi\u00e4 uusille tutkimuksesta nouseville biomarkkerikandidaateille. Laboratoriossa otettiin k\u00e4ytt\u00f6\u00f6n ensimm\u00e4inen Alzheimerin taudin verikoe diagnostisena palvelututkimuksena vuoden 2025 alkupuolella: fosforyloituneen tau-proteiinin (pTau217) m\u00e4\u00e4ritys Lumipulse G600II-laitteella. Lue [&hellip;]","og_url":"https:\/\/sites.uef.fi\/bru\/aivobiomarkkeritutkimukset\/","og_site_name":"UEF Aivotutkimusyksikk\u00f6","article_modified_time":"2025-02-18T08:31:58+00:00","og_image":[{"url":"https:\/\/sites.uef.fi\/bru\/wp-content\/uploads\/sites\/472\/2025\/02\/thumbnail_Lumipulse-naytekaruselli-oma-kuva-1024x688.jpg","type":"","width":"","height":""}],"twitter_card":"summary_large_image","twitter_misc":{"Arvioitu lukuaika":"1 minuutti"},"schema":{"@context":"https:\/\/schema.org","@graph":[{"@type":"WebPage","@id":"https:\/\/sites.uef.fi\/bru\/aivobiomarkkeritutkimukset\/","url":"https:\/\/sites.uef.fi\/bru\/aivobiomarkkeritutkimukset\/","name":"Aivobiomarkkeritutkimukset - UEF Aivotutkimusyksikk\u00f6","isPartOf":{"@id":"https:\/\/sites.uef.fi\/bru\/#website"},"primaryImageOfPage":{"@id":"https:\/\/sites.uef.fi\/bru\/aivobiomarkkeritutkimukset\/#primaryimage"},"image":{"@id":"https:\/\/sites.uef.fi\/bru\/aivobiomarkkeritutkimukset\/#primaryimage"},"thumbnailUrl":"https:\/\/sites.uef.fi\/bru\/wp-content\/uploads\/sites\/472\/2025\/02\/thumbnail_Lumipulse-naytekaruselli-oma-kuva-1024x688.jpg","datePublished":"2024-04-11T11:20:29+00:00","dateModified":"2025-02-18T08:31:58+00:00","breadcrumb":{"@id":"https:\/\/sites.uef.fi\/bru\/aivobiomarkkeritutkimukset\/#breadcrumb"},"inLanguage":"fi","potentialAction":[{"@type":"ReadAction","target":["https:\/\/sites.uef.fi\/bru\/aivobiomarkkeritutkimukset\/"]}]},{"@type":"ImageObject","inLanguage":"fi","@id":"https:\/\/sites.uef.fi\/bru\/aivobiomarkkeritutkimukset\/#primaryimage","url":"https:\/\/sites.uef.fi\/bru\/wp-content\/uploads\/sites\/472\/2025\/02\/thumbnail_Lumipulse-naytekaruselli-oma-kuva.jpg","contentUrl":"https:\/\/sites.uef.fi\/bru\/wp-content\/uploads\/sites\/472\/2025\/02\/thumbnail_Lumipulse-naytekaruselli-oma-kuva.jpg","width":1920,"height":1290},{"@type":"BreadcrumbList","@id":"https:\/\/sites.uef.fi\/bru\/aivobiomarkkeritutkimukset\/#breadcrumb","itemListElement":[{"@type":"ListItem","position":1,"name":"Home","item":"https:\/\/sites.uef.fi\/bru\/"},{"@type":"ListItem","position":2,"name":"Aivobiomarkkeritutkimukset"}]},{"@type":"WebSite","@id":"https:\/\/sites.uef.fi\/bru\/#website","url":"https:\/\/sites.uef.fi\/bru\/","name":"UEF Aivotutkimusyksikk\u00f6","description":"","potentialAction":[{"@type":"SearchAction","target":{"@type":"EntryPoint","urlTemplate":"https:\/\/sites.uef.fi\/bru\/?s={search_term_string}"},"query-input":{"@type":"PropertyValueSpecification","valueRequired":true,"valueName":"search_term_string"}}],"inLanguage":"fi"}]}},"_links":{"self":[{"href":"https:\/\/sites.uef.fi\/bru\/wp-json\/wp\/v2\/pages\/426","targetHints":{"allow":["GET"]}}],"collection":[{"href":"https:\/\/sites.uef.fi\/bru\/wp-json\/wp\/v2\/pages"}],"about":[{"href":"https:\/\/sites.uef.fi\/bru\/wp-json\/wp\/v2\/types\/page"}],"author":[{"embeddable":true,"href":"https:\/\/sites.uef.fi\/bru\/wp-json\/wp\/v2\/users\/1118"}],"replies":[{"embeddable":true,"href":"https:\/\/sites.uef.fi\/bru\/wp-json\/wp\/v2\/comments?post=426"}],"version-history":[{"count":2,"href":"https:\/\/sites.uef.fi\/bru\/wp-json\/wp\/v2\/pages\/426\/revisions"}],"predecessor-version":[{"id":3775,"href":"https:\/\/sites.uef.fi\/bru\/wp-json\/wp\/v2\/pages\/426\/revisions\/3775"}],"wp:attachment":[{"href":"https:\/\/sites.uef.fi\/bru\/wp-json\/wp\/v2\/media?parent=426"}],"curies":[{"name":"wp","href":"https:\/\/api.w.org\/{rel}","templated":true}]}}