{"id":453,"date":"2024-04-16T14:31:59","date_gmt":"2024-04-16T12:31:59","guid":{"rendered":"https:\/\/sites.uef.fi\/bru\/?page_id=453"},"modified":"2026-01-12T10:23:42","modified_gmt":"2026-01-12T08:23:42","slug":"yhteistyokumppanimme","status":"publish","type":"page","link":"https:\/\/sites.uef.fi\/bru\/yhteistyokumppanimme\/","title":{"rendered":"Yhteisty\u00f6kumppanimme"},"content":{"rendered":"\n<p>Aivotutkimusyksik\u00f6ll\u00e4 on toimivat kansalliset ja kansainv\u00e4liset yhteisty\u00f6verkostot. Teemme tiivist\u00e4 yhteisty\u00f6t\u00e4 paikallisten, suomalaisten ja ulkomaisten tutkimusryhmien ja l\u00e4\u00e4keteollisuuden kanssa.<\/p>\n\n\n\t<div id=\"accordion-block_bc785ef84e321ffe45538f4ce6674b52\" class=\"accordions\">\n\t\t\t\t\t<div class=\"accordion accordion-js\">\n\t\t\t\t<button class=\"accordion__button\" aria-controls=\"content-8388\" aria-expanded=\"false\" id=\"accordion-control-8388\">\n\t\t\t\t\t<h3 class=\"accordion__heading\" >\n\t\t\t\t\t\tYhteisty\u00f6kumppaneitamme\t\t\t\t\t<\/h3>\n\t\t\t\t<\/button>\n\t\t\t\t<div class=\"accordion__content\" role=\"region\" aria-labelledby=\"accordion-control-8388\" aria-hidden=\"true\" id=\"content-8388\">\n\t\t\t\t\t<h4>L\u00e4\u00e4ketieteen laitos<\/h4>\n<p><a href=\"https:\/\/uefconnect.uef.fi\/henkilo\/ville.leinonen\/\"><strong>Ville Leinonen<\/strong><\/a>, 1. varadekaani, Professori<br \/>\nL\u00e4\u00e4ketieteen laitos, UEF<\/p>\n<h4>It\u00e4-Suomen yliopiston neurotieteiden tutkimusyhteis\u00f6 (NEURO RC)<\/h4>\n<p><a href=\"https:\/\/www.uef.fi\/fi\/tutkimusyhteiso\/neurotieteet\"><img loading=\"lazy\" decoding=\"async\" class=\"alignnone size-medium wp-image-1024\" src=\"https:\/\/sites.uef.fi\/bru\/wp-content\/uploads\/sites\/472\/2024\/04\/NeuroRC-300x75.png\" alt=\"\" width=\"300\" height=\"75\" srcset=\"https:\/\/sites.uef.fi\/bru\/wp-content\/uploads\/sites\/472\/2024\/04\/NeuroRC-300x75.png 300w, https:\/\/sites.uef.fi\/bru\/wp-content\/uploads\/sites\/472\/2024\/04\/NeuroRC-768x192.png 768w, https:\/\/sites.uef.fi\/bru\/wp-content\/uploads\/sites\/472\/2024\/04\/NeuroRC.png 935w\" sizes=\"auto, (max-width: 300px) 100vw, 300px\" \/><\/a><\/p>\n<p><a href=\"https:\/\/uefconnect.uef.fi\/henkilo\/mikko.hiltunen\/\"><strong>Mikko Hiltunen<\/strong><\/a>, Kudos- ja solubiologian professori<br \/>\nBiol\u00e4\u00e4ketieteen yksikk\u00f6, L\u00e4\u00e4ketieteen laitos, UEF<\/p>\n<p><a href=\"https:\/\/uefconnect.uef.fi\/henkilo\/annakaisa.haapasalo\/\"><strong>Annakaisa Haapasalo<\/strong><\/a>, Molekulaarisen neurodegeneraation professori<br \/>\nA.I. Virtanen -instituutti, UEF<\/p>\n<p><strong><a href=\"https:\/\/uefconnect.uef.fi\/henkilo\/jussi.tohka\/\">Jussi Tohka<\/a><\/strong>, Biol\u00e4\u00e4ketieteellisen kuva- ja signaalianalyysin professori<br \/>\nA.I. Virtanen -instituutti, UEF<\/p>\n<p><a href=\"https:\/\/uefconnect.uef.fi\/henkilo\/paivi.eriksson\/\"><strong>P\u00e4ivi Eriksson<\/strong><\/a>, Johtamisen professori<br \/>\nKauppatieteiden laitos, UEF<\/p>\n<p><a href=\"https:\/\/uefconnect.uef.fi\/henkilo\/anna.maki-petaja-leinonen\/\"><strong>Anna M\u00e4ki-Pet\u00e4j\u00e4-Leinonen<\/strong><\/a>, Vanhuusoikeuden professori<br \/>\nOikeustieteiden laitos, UEF<\/p>\n\t\t\t\t<\/div>\n\t\t\t<\/div>\n\t\t\t\t\t<div class=\"accordion accordion-js\">\n\t\t\t\t<button class=\"accordion__button\" aria-controls=\"content-6739\" aria-expanded=\"false\" id=\"accordion-control-6739\">\n\t\t\t\t\t<h3 class=\"accordion__heading\" >\n\t\t\t\t\t\tYhteisty\u00f6verkostojamme\t\t\t\t\t<\/h3>\n\t\t\t\t<\/button>\n\t\t\t\t<div class=\"accordion__content\" role=\"region\" aria-labelledby=\"accordion-control-6739\" aria-hidden=\"true\" id=\"content-6739\">\n\t\t\t\t\t<h4><a href=\"https:\/\/www.uef.fi\/fi\/tutkimusyhteiso\/neurotieteet\">It\u00e4-Suomen yliopiston neurotieteiden (NEURO) tutkimusyhteis\u00f6<\/a><\/h4>\n<p><a href=\"https:\/\/www.uef.fi\/fi\/tutkimusyhteiso\/neurotieteet\"><img loading=\"lazy\" decoding=\"async\" class=\"alignnone size-medium wp-image-1024\" src=\"https:\/\/sites.uef.fi\/bru\/wp-content\/uploads\/sites\/472\/2024\/04\/NeuroRC-300x75.png\" alt=\"\" width=\"300\" height=\"75\" srcset=\"https:\/\/sites.uef.fi\/bru\/wp-content\/uploads\/sites\/472\/2024\/04\/NeuroRC-300x75.png 300w, https:\/\/sites.uef.fi\/bru\/wp-content\/uploads\/sites\/472\/2024\/04\/NeuroRC-768x192.png 768w, https:\/\/sites.uef.fi\/bru\/wp-content\/uploads\/sites\/472\/2024\/04\/NeuroRC.png 935w\" sizes=\"auto, (max-width: 300px) 100vw, 300px\" \/><\/a><\/p>\n<h4><a href=\"https:\/\/sites.uef.fi\/kuopiobrainandmind\/\">Kuopio Brain &amp; Mind<\/a><\/h4>\n<p><a href=\"https:\/\/kuopio.neurocenterfinland.fi\/\"><img loading=\"lazy\" decoding=\"async\" class=\"alignnone size-medium wp-image-1039\" src=\"https:\/\/sites.uef.fi\/bru\/wp-content\/uploads\/sites\/472\/2024\/04\/Neurokeskus-300x117.png\" alt=\"\" width=\"300\" height=\"117\" srcset=\"https:\/\/sites.uef.fi\/bru\/wp-content\/uploads\/sites\/472\/2024\/04\/Neurokeskus-300x117.png 300w, https:\/\/sites.uef.fi\/bru\/wp-content\/uploads\/sites\/472\/2024\/04\/Neurokeskus.png 361w\" sizes=\"auto, (max-width: 300px) 100vw, 300px\" \/><\/a><\/p>\n<h4><a href=\"https:\/\/neurocenterfinland.fi\/\">Kansallinen Neurokeskus<\/a><\/h4>\n<p>Lue lis\u00e4\u00e4 Kansallisesta neurokeskuksesta sek\u00e4 Kuopio Brain &amp; Mind alueverkostosta linkin takaa l\u00f6ytyv\u00e4st\u00e4 <a href=\"https:\/\/www.esitteemme.fi\/neurocenterfinland\/MailView\/\"><strong>englanninkielisest\u00e4 esitteest\u00e4<\/strong><\/a>.<\/p>\n<h4><a href=\"https:\/\/pshyvinvointialue.fi\/\">Pohjois-Savon Hyvinvointialue<\/a><\/h4>\n<p><a href=\"https:\/\/pshyvinvointialue.fi\/\"><img loading=\"lazy\" decoding=\"async\" class=\"alignnone size-medium wp-image-1045\" src=\"https:\/\/sites.uef.fi\/bru\/wp-content\/uploads\/sites\/472\/2024\/04\/p-savo_liikemerkki-2-9999x500q85-300x71.jpg\" alt=\"\" width=\"300\" height=\"71\" srcset=\"https:\/\/sites.uef.fi\/bru\/wp-content\/uploads\/sites\/472\/2024\/04\/p-savo_liikemerkki-2-9999x500q85-300x71.jpg 300w, https:\/\/sites.uef.fi\/bru\/wp-content\/uploads\/sites\/472\/2024\/04\/p-savo_liikemerkki-2-9999x500q85-1024x242.jpg 1024w, https:\/\/sites.uef.fi\/bru\/wp-content\/uploads\/sites\/472\/2024\/04\/p-savo_liikemerkki-2-9999x500q85-768x181.jpg 768w, https:\/\/sites.uef.fi\/bru\/wp-content\/uploads\/sites\/472\/2024\/04\/p-savo_liikemerkki-2-9999x500q85-1536x363.jpg 1536w, https:\/\/sites.uef.fi\/bru\/wp-content\/uploads\/sites\/472\/2024\/04\/p-savo_liikemerkki-2-9999x500q85-2048x484.jpg 2048w\" sizes=\"auto, (max-width: 300px) 100vw, 300px\" \/><\/a><\/p>\n<h4><a href=\"https:\/\/pshyvinvointialue.fi\/neurokeskus\">KYS Neurokeskus<\/a><\/h4>\n<h4><a href=\"https:\/\/kuopiohealth.fi\/\">Kuopio Health<\/a><\/h4>\n<p><a href=\"https:\/\/kuopiohealth.fi\/\"><img loading=\"lazy\" decoding=\"async\" class=\"alignnone size-medium wp-image-1051\" src=\"https:\/\/sites.uef.fi\/bru\/wp-content\/uploads\/sites\/472\/2024\/04\/Kuopio-Health-300x38.png\" alt=\"\" width=\"300\" height=\"38\" srcset=\"https:\/\/sites.uef.fi\/bru\/wp-content\/uploads\/sites\/472\/2024\/04\/Kuopio-Health-300x38.png 300w, https:\/\/sites.uef.fi\/bru\/wp-content\/uploads\/sites\/472\/2024\/04\/Kuopio-Health.png 348w\" sizes=\"auto, (max-width: 300px) 100vw, 300px\" \/><\/a><\/p>\n<h4><a href=\"https:\/\/www.psmuisti.fi\/\">Pohjois-Savon Muisti ry<\/a><\/h4>\n<p><a href=\"https:\/\/www.psmuisti.fi\/\"><img loading=\"lazy\" decoding=\"async\" class=\"alignnone wp-image-1248\" src=\"https:\/\/sites.uef.fi\/bru\/wp-content\/uploads\/sites\/472\/2024\/04\/MUISTILIITTOnetti-Pohjois-Savon-Muisti-ry-logo-20133-rgb-vaaka-300x87.jpg\" alt=\"\" width=\"252\" height=\"73\" srcset=\"https:\/\/sites.uef.fi\/bru\/wp-content\/uploads\/sites\/472\/2024\/04\/MUISTILIITTOnetti-Pohjois-Savon-Muisti-ry-logo-20133-rgb-vaaka-300x87.jpg 300w, https:\/\/sites.uef.fi\/bru\/wp-content\/uploads\/sites\/472\/2024\/04\/MUISTILIITTOnetti-Pohjois-Savon-Muisti-ry-logo-20133-rgb-vaaka.jpg 500w\" sizes=\"auto, (max-width: 252px) 100vw, 252px\" \/><\/a><\/p>\n<h4><a href=\"https:\/\/www.muistiliitto.fi\/fi\/etusivu\">Muistiliitto<\/a><\/h4>\n<p><a href=\"https:\/\/www.muistiliitto.fi\/fi\/etusivu\"><img loading=\"lazy\" decoding=\"async\" class=\"alignnone size-full wp-image-1464\" src=\"https:\/\/sites.uef.fi\/bru\/wp-content\/uploads\/sites\/472\/2024\/04\/Muistiliiton-logo.jpg\" alt=\"\" width=\"158\" height=\"38\" \/><\/a><\/p>\n<h4><a href=\"https:\/\/www.epilepsia.fi\/\">Epilepsialiitto<\/a><\/h4>\n<p><a href=\"https:\/\/www.epilepsia.fi\/\"><img loading=\"lazy\" decoding=\"async\" class=\"alignnone size-medium wp-image-2446\" src=\"https:\/\/sites.uef.fi\/bru\/wp-content\/uploads\/sites\/472\/2024\/08\/epilepsialiitto-300x86.jpg\" alt=\"\" width=\"300\" height=\"86\" srcset=\"https:\/\/sites.uef.fi\/bru\/wp-content\/uploads\/sites\/472\/2024\/08\/epilepsialiitto-300x86.jpg 300w, https:\/\/sites.uef.fi\/bru\/wp-content\/uploads\/sites\/472\/2024\/08\/epilepsialiitto.jpg 720w\" sizes=\"auto, (max-width: 300px) 100vw, 300px\" \/><\/a><\/p>\n\t\t\t\t<\/div>\n\t\t\t<\/div>\n\t\t\t<\/div>\n\t\n\n\n<p>P\u00e4ivitetty 12.1.2026<\/p>\n","protected":false},"excerpt":{"rendered":"<p>Aivotutkimusyksik\u00f6ll\u00e4 on toimivat kansalliset ja kansainv\u00e4liset yhteisty\u00f6verkostot. Teemme tiivist\u00e4 yhteisty\u00f6t\u00e4 paikallisten, suomalaisten ja ulkomaisten tutkimusryhmien ja l\u00e4\u00e4keteollisuuden kanssa. P\u00e4ivitetty 12.1.2026<\/p>\n","protected":false},"author":1118,"featured_media":0,"parent":0,"menu_order":0,"comment_status":"closed","ping_status":"closed","template":"","meta":{"_acf_changed":false,"footnotes":""},"class_list":["post-453","page","type-page","status-publish","hentry"],"acf":[],"yoast_head":"<!-- This site is optimized with the Yoast SEO plugin v27.3 - https:\/\/yoast.com\/product\/yoast-seo-wordpress\/ -->\n<title>Yhteisty\u00f6kumppanimme - UEF Aivotutkimusyksikk\u00f6<\/title>\n<meta name=\"robots\" content=\"index, follow, max-snippet:-1, max-image-preview:large, max-video-preview:-1\" \/>\n<link rel=\"canonical\" href=\"https:\/\/sites.uef.fi\/bru\/yhteistyokumppanimme\/\" \/>\n<meta property=\"og:locale\" content=\"fi_FI\" \/>\n<meta property=\"og:type\" content=\"article\" \/>\n<meta property=\"og:title\" content=\"Yhteisty\u00f6kumppanimme - UEF Aivotutkimusyksikk\u00f6\" \/>\n<meta property=\"og:description\" content=\"Aivotutkimusyksik\u00f6ll\u00e4 on toimivat kansalliset ja kansainv\u00e4liset yhteisty\u00f6verkostot. Teemme tiivist\u00e4 yhteisty\u00f6t\u00e4 paikallisten, suomalaisten ja ulkomaisten tutkimusryhmien ja l\u00e4\u00e4keteollisuuden kanssa. P\u00e4ivitetty 12.1.2026\" \/>\n<meta property=\"og:url\" content=\"https:\/\/sites.uef.fi\/bru\/yhteistyokumppanimme\/\" \/>\n<meta property=\"og:site_name\" content=\"UEF Aivotutkimusyksikk\u00f6\" \/>\n<meta property=\"article:modified_time\" content=\"2026-01-12T08:23:42+00:00\" \/>\n<meta name=\"twitter:card\" content=\"summary_large_image\" \/>\n<meta name=\"twitter:label1\" content=\"Arvioitu lukuaika\" \/>\n\t<meta name=\"twitter:data1\" content=\"1 minuutti\" \/>\n<script type=\"application\/ld+json\" class=\"yoast-schema-graph\">{\"@context\":\"https:\\\/\\\/schema.org\",\"@graph\":[{\"@type\":\"WebPage\",\"@id\":\"https:\\\/\\\/sites.uef.fi\\\/bru\\\/yhteistyokumppanimme\\\/\",\"url\":\"https:\\\/\\\/sites.uef.fi\\\/bru\\\/yhteistyokumppanimme\\\/\",\"name\":\"Yhteisty\u00f6kumppanimme - UEF Aivotutkimusyksikk\u00f6\",\"isPartOf\":{\"@id\":\"https:\\\/\\\/sites.uef.fi\\\/bru\\\/#website\"},\"datePublished\":\"2024-04-16T12:31:59+00:00\",\"dateModified\":\"2026-01-12T08:23:42+00:00\",\"breadcrumb\":{\"@id\":\"https:\\\/\\\/sites.uef.fi\\\/bru\\\/yhteistyokumppanimme\\\/#breadcrumb\"},\"inLanguage\":\"fi\",\"potentialAction\":[{\"@type\":\"ReadAction\",\"target\":[\"https:\\\/\\\/sites.uef.fi\\\/bru\\\/yhteistyokumppanimme\\\/\"]}]},{\"@type\":\"BreadcrumbList\",\"@id\":\"https:\\\/\\\/sites.uef.fi\\\/bru\\\/yhteistyokumppanimme\\\/#breadcrumb\",\"itemListElement\":[{\"@type\":\"ListItem\",\"position\":1,\"name\":\"Home\",\"item\":\"https:\\\/\\\/sites.uef.fi\\\/bru\\\/\"},{\"@type\":\"ListItem\",\"position\":2,\"name\":\"Yhteisty\u00f6kumppanimme\"}]},{\"@type\":\"WebSite\",\"@id\":\"https:\\\/\\\/sites.uef.fi\\\/bru\\\/#website\",\"url\":\"https:\\\/\\\/sites.uef.fi\\\/bru\\\/\",\"name\":\"UEF Aivotutkimusyksikk\u00f6\",\"description\":\"\",\"potentialAction\":[{\"@type\":\"SearchAction\",\"target\":{\"@type\":\"EntryPoint\",\"urlTemplate\":\"https:\\\/\\\/sites.uef.fi\\\/bru\\\/?s={search_term_string}\"},\"query-input\":{\"@type\":\"PropertyValueSpecification\",\"valueRequired\":true,\"valueName\":\"search_term_string\"}}],\"inLanguage\":\"fi\"}]}<\/script>\n<!-- \/ Yoast SEO plugin. -->","yoast_head_json":{"title":"Yhteisty\u00f6kumppanimme - UEF Aivotutkimusyksikk\u00f6","robots":{"index":"index","follow":"follow","max-snippet":"max-snippet:-1","max-image-preview":"max-image-preview:large","max-video-preview":"max-video-preview:-1"},"canonical":"https:\/\/sites.uef.fi\/bru\/yhteistyokumppanimme\/","og_locale":"fi_FI","og_type":"article","og_title":"Yhteisty\u00f6kumppanimme - UEF Aivotutkimusyksikk\u00f6","og_description":"Aivotutkimusyksik\u00f6ll\u00e4 on toimivat kansalliset ja kansainv\u00e4liset yhteisty\u00f6verkostot. Teemme tiivist\u00e4 yhteisty\u00f6t\u00e4 paikallisten, suomalaisten ja ulkomaisten tutkimusryhmien ja l\u00e4\u00e4keteollisuuden kanssa. P\u00e4ivitetty 12.1.2026","og_url":"https:\/\/sites.uef.fi\/bru\/yhteistyokumppanimme\/","og_site_name":"UEF Aivotutkimusyksikk\u00f6","article_modified_time":"2026-01-12T08:23:42+00:00","twitter_card":"summary_large_image","twitter_misc":{"Arvioitu lukuaika":"1 minuutti"},"schema":{"@context":"https:\/\/schema.org","@graph":[{"@type":"WebPage","@id":"https:\/\/sites.uef.fi\/bru\/yhteistyokumppanimme\/","url":"https:\/\/sites.uef.fi\/bru\/yhteistyokumppanimme\/","name":"Yhteisty\u00f6kumppanimme - UEF Aivotutkimusyksikk\u00f6","isPartOf":{"@id":"https:\/\/sites.uef.fi\/bru\/#website"},"datePublished":"2024-04-16T12:31:59+00:00","dateModified":"2026-01-12T08:23:42+00:00","breadcrumb":{"@id":"https:\/\/sites.uef.fi\/bru\/yhteistyokumppanimme\/#breadcrumb"},"inLanguage":"fi","potentialAction":[{"@type":"ReadAction","target":["https:\/\/sites.uef.fi\/bru\/yhteistyokumppanimme\/"]}]},{"@type":"BreadcrumbList","@id":"https:\/\/sites.uef.fi\/bru\/yhteistyokumppanimme\/#breadcrumb","itemListElement":[{"@type":"ListItem","position":1,"name":"Home","item":"https:\/\/sites.uef.fi\/bru\/"},{"@type":"ListItem","position":2,"name":"Yhteisty\u00f6kumppanimme"}]},{"@type":"WebSite","@id":"https:\/\/sites.uef.fi\/bru\/#website","url":"https:\/\/sites.uef.fi\/bru\/","name":"UEF Aivotutkimusyksikk\u00f6","description":"","potentialAction":[{"@type":"SearchAction","target":{"@type":"EntryPoint","urlTemplate":"https:\/\/sites.uef.fi\/bru\/?s={search_term_string}"},"query-input":{"@type":"PropertyValueSpecification","valueRequired":true,"valueName":"search_term_string"}}],"inLanguage":"fi"}]}},"_links":{"self":[{"href":"https:\/\/sites.uef.fi\/bru\/wp-json\/wp\/v2\/pages\/453","targetHints":{"allow":["GET"]}}],"collection":[{"href":"https:\/\/sites.uef.fi\/bru\/wp-json\/wp\/v2\/pages"}],"about":[{"href":"https:\/\/sites.uef.fi\/bru\/wp-json\/wp\/v2\/types\/page"}],"author":[{"embeddable":true,"href":"https:\/\/sites.uef.fi\/bru\/wp-json\/wp\/v2\/users\/1118"}],"replies":[{"embeddable":true,"href":"https:\/\/sites.uef.fi\/bru\/wp-json\/wp\/v2\/comments?post=453"}],"version-history":[{"count":2,"href":"https:\/\/sites.uef.fi\/bru\/wp-json\/wp\/v2\/pages\/453\/revisions"}],"predecessor-version":[{"id":3944,"href":"https:\/\/sites.uef.fi\/bru\/wp-json\/wp\/v2\/pages\/453\/revisions\/3944"}],"wp:attachment":[{"href":"https:\/\/sites.uef.fi\/bru\/wp-json\/wp\/v2\/media?parent=453"}],"curies":[{"name":"wp","href":"https:\/\/api.w.org\/{rel}","templated":true}]}}