{"id":474,"date":"2024-04-11T14:17:56","date_gmt":"2024-04-11T12:17:56","guid":{"rendered":"https:\/\/sites.uef.fi\/bru\/?page_id=474"},"modified":"2024-08-27T11:49:58","modified_gmt":"2024-08-27T09:49:58","slug":"laadunhallinta-ja-toiminnan-kehittaminen","status":"publish","type":"page","link":"https:\/\/sites.uef.fi\/bru\/laadunhallinta-ja-toiminnan-kehittaminen\/","title":{"rendered":"Laadunhallinta ja toiminnan kehitt\u00e4minen"},"content":{"rendered":"\n<p>Laadunvarmistus on keskeinen osa toimintaamme, ja se kattaa kaikki toimintamme osa-alueet \u2013 henkil\u00f6st\u00f6n, tilat, laitteet, menetelm\u00e4t ja dokumentaation. Noudatamme <strong>GCP<\/strong>&nbsp;(Good Clinical Practise) -periaatteita, yliopiston laatuohjeistusta ja omaa laatuk\u00e4sikirjaamme, jota p\u00e4ivit\u00e4mme s\u00e4\u00e4nn\u00f6llisesti. <\/p>\n\n\n\n<p>Pyrimme jatkuvasti parantamaan ja kehitt\u00e4m\u00e4\u00e4n toimintaamme ja ottamaan huomioon asiakastarpeet, jotta voimme tarjota parasta mahdollista laatua ja palvelua.<\/p>\n\n\n\n<p>Palveluja ja toimintaa kehitet\u00e4\u00e4n aktiivisesti muun muassa meneill\u00e4\u00e4n olevan <a href=\"https:\/\/uefconnect.uef.fi\/tutkimusryhma\/uef-aivotutkimusyksikko-2.0\/\" target=\"_blank\" rel=\"noreferrer noopener\"><strong>UEF Aivotutkimusyksikk\u00f6 2.0 EAKR<\/strong><\/a>-kehitt\u00e4mishankkeen (2023\u20132025) kautta.<\/p>\n\n\n\n<p>P\u00e4ivitetty 27.8.2024<\/p>\n\n\n\n<figure class=\"wp-block-image size-large\"><img loading=\"lazy\" decoding=\"async\" width=\"1024\" height=\"683\" src=\"https:\/\/sites.uef.fi\/bru\/wp-content\/uploads\/sites\/472\/2024\/06\/32889887-science-chemical-medical-research-lab-for-background_Mosthotos-1024x683.jpg\" alt=\"\" class=\"wp-image-2064\" srcset=\"https:\/\/sites.uef.fi\/bru\/wp-content\/uploads\/sites\/472\/2024\/06\/32889887-science-chemical-medical-research-lab-for-background_Mosthotos-1024x683.jpg 1024w, https:\/\/sites.uef.fi\/bru\/wp-content\/uploads\/sites\/472\/2024\/06\/32889887-science-chemical-medical-research-lab-for-background_Mosthotos-300x200.jpg 300w, https:\/\/sites.uef.fi\/bru\/wp-content\/uploads\/sites\/472\/2024\/06\/32889887-science-chemical-medical-research-lab-for-background_Mosthotos-768x512.jpg 768w, https:\/\/sites.uef.fi\/bru\/wp-content\/uploads\/sites\/472\/2024\/06\/32889887-science-chemical-medical-research-lab-for-background_Mosthotos-1536x1024.jpg 1536w, https:\/\/sites.uef.fi\/bru\/wp-content\/uploads\/sites\/472\/2024\/06\/32889887-science-chemical-medical-research-lab-for-background_Mosthotos-2048x1366.jpg 2048w\" sizes=\"auto, (max-width: 1024px) 100vw, 1024px\" \/><\/figure>\n","protected":false},"excerpt":{"rendered":"<p>Laadunvarmistus on keskeinen osa toimintaamme, ja se kattaa kaikki toimintamme osa-alueet \u2013 henkil\u00f6st\u00f6n, tilat, laitteet, menetelm\u00e4t ja dokumentaation. Noudatamme GCP&nbsp;(Good Clinical Practise) -periaatteita, yliopiston laatuohjeistusta ja omaa laatuk\u00e4sikirjaamme, jota p\u00e4ivit\u00e4mme s\u00e4\u00e4nn\u00f6llisesti. Pyrimme jatkuvasti parantamaan ja kehitt\u00e4m\u00e4\u00e4n toimintaamme ja ottamaan huomioon asiakastarpeet, jotta voimme tarjota parasta mahdollista laatua ja palvelua. Palveluja ja toimintaa kehitet\u00e4\u00e4n aktiivisesti muun [&hellip;]<\/p>\n","protected":false},"author":1121,"featured_media":0,"parent":0,"menu_order":0,"comment_status":"closed","ping_status":"closed","template":"","meta":{"_acf_changed":false,"footnotes":""},"class_list":["post-474","page","type-page","status-publish","hentry"],"acf":[],"yoast_head":"<!-- This site is optimized with the Yoast SEO plugin v27.3 - https:\/\/yoast.com\/product\/yoast-seo-wordpress\/ -->\n<title>Laadunhallinta ja toiminnan kehitt\u00e4minen - UEF Aivotutkimusyksikk\u00f6<\/title>\n<meta name=\"robots\" content=\"index, follow, max-snippet:-1, max-image-preview:large, max-video-preview:-1\" \/>\n<link rel=\"canonical\" href=\"https:\/\/sites.uef.fi\/bru\/laadunhallinta-ja-toiminnan-kehittaminen\/\" \/>\n<meta property=\"og:locale\" content=\"fi_FI\" \/>\n<meta property=\"og:type\" content=\"article\" \/>\n<meta property=\"og:title\" content=\"Laadunhallinta ja toiminnan kehitt\u00e4minen - UEF Aivotutkimusyksikk\u00f6\" \/>\n<meta property=\"og:description\" content=\"Laadunvarmistus on keskeinen osa toimintaamme, ja se kattaa kaikki toimintamme osa-alueet \u2013 henkil\u00f6st\u00f6n, tilat, laitteet, menetelm\u00e4t ja dokumentaation. Noudatamme GCP&nbsp;(Good Clinical Practise) -periaatteita, yliopiston laatuohjeistusta ja omaa laatuk\u00e4sikirjaamme, jota p\u00e4ivit\u00e4mme s\u00e4\u00e4nn\u00f6llisesti. Pyrimme jatkuvasti parantamaan ja kehitt\u00e4m\u00e4\u00e4n toimintaamme ja ottamaan huomioon asiakastarpeet, jotta voimme tarjota parasta mahdollista laatua ja palvelua. Palveluja ja toimintaa kehitet\u00e4\u00e4n aktiivisesti muun [&hellip;]\" \/>\n<meta property=\"og:url\" content=\"https:\/\/sites.uef.fi\/bru\/laadunhallinta-ja-toiminnan-kehittaminen\/\" \/>\n<meta property=\"og:site_name\" content=\"UEF Aivotutkimusyksikk\u00f6\" \/>\n<meta property=\"article:modified_time\" content=\"2024-08-27T09:49:58+00:00\" \/>\n<meta property=\"og:image\" content=\"https:\/\/sites.uef.fi\/bru\/wp-content\/uploads\/sites\/472\/2024\/06\/32889887-science-chemical-medical-research-lab-for-background_Mosthotos-1024x683.jpg\" \/>\n<meta name=\"twitter:card\" content=\"summary_large_image\" \/>\n<meta name=\"twitter:label1\" content=\"Arvioitu lukuaika\" \/>\n\t<meta name=\"twitter:data1\" content=\"1 minuutti\" \/>\n<script type=\"application\/ld+json\" class=\"yoast-schema-graph\">{\"@context\":\"https:\\\/\\\/schema.org\",\"@graph\":[{\"@type\":\"WebPage\",\"@id\":\"https:\\\/\\\/sites.uef.fi\\\/bru\\\/laadunhallinta-ja-toiminnan-kehittaminen\\\/\",\"url\":\"https:\\\/\\\/sites.uef.fi\\\/bru\\\/laadunhallinta-ja-toiminnan-kehittaminen\\\/\",\"name\":\"Laadunhallinta ja toiminnan kehitt\u00e4minen - UEF Aivotutkimusyksikk\u00f6\",\"isPartOf\":{\"@id\":\"https:\\\/\\\/sites.uef.fi\\\/bru\\\/#website\"},\"primaryImageOfPage\":{\"@id\":\"https:\\\/\\\/sites.uef.fi\\\/bru\\\/laadunhallinta-ja-toiminnan-kehittaminen\\\/#primaryimage\"},\"image\":{\"@id\":\"https:\\\/\\\/sites.uef.fi\\\/bru\\\/laadunhallinta-ja-toiminnan-kehittaminen\\\/#primaryimage\"},\"thumbnailUrl\":\"https:\\\/\\\/sites.uef.fi\\\/bru\\\/wp-content\\\/uploads\\\/sites\\\/472\\\/2024\\\/06\\\/32889887-science-chemical-medical-research-lab-for-background_Mosthotos-1024x683.jpg\",\"datePublished\":\"2024-04-11T12:17:56+00:00\",\"dateModified\":\"2024-08-27T09:49:58+00:00\",\"breadcrumb\":{\"@id\":\"https:\\\/\\\/sites.uef.fi\\\/bru\\\/laadunhallinta-ja-toiminnan-kehittaminen\\\/#breadcrumb\"},\"inLanguage\":\"fi\",\"potentialAction\":[{\"@type\":\"ReadAction\",\"target\":[\"https:\\\/\\\/sites.uef.fi\\\/bru\\\/laadunhallinta-ja-toiminnan-kehittaminen\\\/\"]}]},{\"@type\":\"ImageObject\",\"inLanguage\":\"fi\",\"@id\":\"https:\\\/\\\/sites.uef.fi\\\/bru\\\/laadunhallinta-ja-toiminnan-kehittaminen\\\/#primaryimage\",\"url\":\"https:\\\/\\\/sites.uef.fi\\\/bru\\\/wp-content\\\/uploads\\\/sites\\\/472\\\/2024\\\/06\\\/32889887-science-chemical-medical-research-lab-for-background_Mosthotos.jpg\",\"contentUrl\":\"https:\\\/\\\/sites.uef.fi\\\/bru\\\/wp-content\\\/uploads\\\/sites\\\/472\\\/2024\\\/06\\\/32889887-science-chemical-medical-research-lab-for-background_Mosthotos.jpg\",\"width\":2500,\"height\":1667},{\"@type\":\"BreadcrumbList\",\"@id\":\"https:\\\/\\\/sites.uef.fi\\\/bru\\\/laadunhallinta-ja-toiminnan-kehittaminen\\\/#breadcrumb\",\"itemListElement\":[{\"@type\":\"ListItem\",\"position\":1,\"name\":\"Home\",\"item\":\"https:\\\/\\\/sites.uef.fi\\\/bru\\\/\"},{\"@type\":\"ListItem\",\"position\":2,\"name\":\"Laadunhallinta ja toiminnan kehitt\u00e4minen\"}]},{\"@type\":\"WebSite\",\"@id\":\"https:\\\/\\\/sites.uef.fi\\\/bru\\\/#website\",\"url\":\"https:\\\/\\\/sites.uef.fi\\\/bru\\\/\",\"name\":\"UEF Aivotutkimusyksikk\u00f6\",\"description\":\"\",\"potentialAction\":[{\"@type\":\"SearchAction\",\"target\":{\"@type\":\"EntryPoint\",\"urlTemplate\":\"https:\\\/\\\/sites.uef.fi\\\/bru\\\/?s={search_term_string}\"},\"query-input\":{\"@type\":\"PropertyValueSpecification\",\"valueRequired\":true,\"valueName\":\"search_term_string\"}}],\"inLanguage\":\"fi\"}]}<\/script>\n<!-- \/ Yoast SEO plugin. -->","yoast_head_json":{"title":"Laadunhallinta ja toiminnan kehitt\u00e4minen - UEF Aivotutkimusyksikk\u00f6","robots":{"index":"index","follow":"follow","max-snippet":"max-snippet:-1","max-image-preview":"max-image-preview:large","max-video-preview":"max-video-preview:-1"},"canonical":"https:\/\/sites.uef.fi\/bru\/laadunhallinta-ja-toiminnan-kehittaminen\/","og_locale":"fi_FI","og_type":"article","og_title":"Laadunhallinta ja toiminnan kehitt\u00e4minen - UEF Aivotutkimusyksikk\u00f6","og_description":"Laadunvarmistus on keskeinen osa toimintaamme, ja se kattaa kaikki toimintamme osa-alueet \u2013 henkil\u00f6st\u00f6n, tilat, laitteet, menetelm\u00e4t ja dokumentaation. Noudatamme GCP&nbsp;(Good Clinical Practise) -periaatteita, yliopiston laatuohjeistusta ja omaa laatuk\u00e4sikirjaamme, jota p\u00e4ivit\u00e4mme s\u00e4\u00e4nn\u00f6llisesti. Pyrimme jatkuvasti parantamaan ja kehitt\u00e4m\u00e4\u00e4n toimintaamme ja ottamaan huomioon asiakastarpeet, jotta voimme tarjota parasta mahdollista laatua ja palvelua. Palveluja ja toimintaa kehitet\u00e4\u00e4n aktiivisesti muun [&hellip;]","og_url":"https:\/\/sites.uef.fi\/bru\/laadunhallinta-ja-toiminnan-kehittaminen\/","og_site_name":"UEF Aivotutkimusyksikk\u00f6","article_modified_time":"2024-08-27T09:49:58+00:00","og_image":[{"url":"https:\/\/sites.uef.fi\/bru\/wp-content\/uploads\/sites\/472\/2024\/06\/32889887-science-chemical-medical-research-lab-for-background_Mosthotos-1024x683.jpg","type":"","width":"","height":""}],"twitter_card":"summary_large_image","twitter_misc":{"Arvioitu lukuaika":"1 minuutti"},"schema":{"@context":"https:\/\/schema.org","@graph":[{"@type":"WebPage","@id":"https:\/\/sites.uef.fi\/bru\/laadunhallinta-ja-toiminnan-kehittaminen\/","url":"https:\/\/sites.uef.fi\/bru\/laadunhallinta-ja-toiminnan-kehittaminen\/","name":"Laadunhallinta ja toiminnan kehitt\u00e4minen - UEF Aivotutkimusyksikk\u00f6","isPartOf":{"@id":"https:\/\/sites.uef.fi\/bru\/#website"},"primaryImageOfPage":{"@id":"https:\/\/sites.uef.fi\/bru\/laadunhallinta-ja-toiminnan-kehittaminen\/#primaryimage"},"image":{"@id":"https:\/\/sites.uef.fi\/bru\/laadunhallinta-ja-toiminnan-kehittaminen\/#primaryimage"},"thumbnailUrl":"https:\/\/sites.uef.fi\/bru\/wp-content\/uploads\/sites\/472\/2024\/06\/32889887-science-chemical-medical-research-lab-for-background_Mosthotos-1024x683.jpg","datePublished":"2024-04-11T12:17:56+00:00","dateModified":"2024-08-27T09:49:58+00:00","breadcrumb":{"@id":"https:\/\/sites.uef.fi\/bru\/laadunhallinta-ja-toiminnan-kehittaminen\/#breadcrumb"},"inLanguage":"fi","potentialAction":[{"@type":"ReadAction","target":["https:\/\/sites.uef.fi\/bru\/laadunhallinta-ja-toiminnan-kehittaminen\/"]}]},{"@type":"ImageObject","inLanguage":"fi","@id":"https:\/\/sites.uef.fi\/bru\/laadunhallinta-ja-toiminnan-kehittaminen\/#primaryimage","url":"https:\/\/sites.uef.fi\/bru\/wp-content\/uploads\/sites\/472\/2024\/06\/32889887-science-chemical-medical-research-lab-for-background_Mosthotos.jpg","contentUrl":"https:\/\/sites.uef.fi\/bru\/wp-content\/uploads\/sites\/472\/2024\/06\/32889887-science-chemical-medical-research-lab-for-background_Mosthotos.jpg","width":2500,"height":1667},{"@type":"BreadcrumbList","@id":"https:\/\/sites.uef.fi\/bru\/laadunhallinta-ja-toiminnan-kehittaminen\/#breadcrumb","itemListElement":[{"@type":"ListItem","position":1,"name":"Home","item":"https:\/\/sites.uef.fi\/bru\/"},{"@type":"ListItem","position":2,"name":"Laadunhallinta ja toiminnan kehitt\u00e4minen"}]},{"@type":"WebSite","@id":"https:\/\/sites.uef.fi\/bru\/#website","url":"https:\/\/sites.uef.fi\/bru\/","name":"UEF Aivotutkimusyksikk\u00f6","description":"","potentialAction":[{"@type":"SearchAction","target":{"@type":"EntryPoint","urlTemplate":"https:\/\/sites.uef.fi\/bru\/?s={search_term_string}"},"query-input":{"@type":"PropertyValueSpecification","valueRequired":true,"valueName":"search_term_string"}}],"inLanguage":"fi"}]}},"_links":{"self":[{"href":"https:\/\/sites.uef.fi\/bru\/wp-json\/wp\/v2\/pages\/474","targetHints":{"allow":["GET"]}}],"collection":[{"href":"https:\/\/sites.uef.fi\/bru\/wp-json\/wp\/v2\/pages"}],"about":[{"href":"https:\/\/sites.uef.fi\/bru\/wp-json\/wp\/v2\/types\/page"}],"author":[{"embeddable":true,"href":"https:\/\/sites.uef.fi\/bru\/wp-json\/wp\/v2\/users\/1121"}],"replies":[{"embeddable":true,"href":"https:\/\/sites.uef.fi\/bru\/wp-json\/wp\/v2\/comments?post=474"}],"version-history":[{"count":2,"href":"https:\/\/sites.uef.fi\/bru\/wp-json\/wp\/v2\/pages\/474\/revisions"}],"predecessor-version":[{"id":2760,"href":"https:\/\/sites.uef.fi\/bru\/wp-json\/wp\/v2\/pages\/474\/revisions\/2760"}],"wp:attachment":[{"href":"https:\/\/sites.uef.fi\/bru\/wp-json\/wp\/v2\/media?parent=474"}],"curies":[{"name":"wp","href":"https:\/\/api.w.org\/{rel}","templated":true}]}}