{"id":480,"date":"2024-04-11T14:19:29","date_gmt":"2024-04-11T12:19:29","guid":{"rendered":"https:\/\/sites.uef.fi\/bru\/?page_id=480"},"modified":"2026-01-12T10:40:30","modified_gmt":"2026-01-12T08:40:30","slug":"palaute","status":"publish","type":"page","link":"https:\/\/sites.uef.fi\/bru\/palaute\/","title":{"rendered":"Palaute"},"content":{"rendered":"\n<p>Voit antaa palautetta Aivotutkimusyksik\u00f6n palveluista. Palautteesi on meille arvokasta ja auttaa meit\u00e4 kehitt\u00e4m\u00e4\u00e4n toimintaamme ja parantamaan palvelujamme.<\/p>\n\n\n\n<p>Palautetta voit l\u00e4hett\u00e4\u00e4 t\u00e4ll\u00e4 <strong><a href=\"https:\/\/link.webropolsurveys.com\/S\/AEC9C1C89F76B4E5\">lomakkeella<\/a> <\/strong> tai s\u00e4hk\u00f6postitse osoitteeseen <a href=\"mailto:bru@uef.fi\">bru@uef.fi<\/a>. Voit ottaa my\u00f6s yhteytt\u00e4 yksikk\u00f6\u00f6mme puhelimitse (Puh. +358 50 5650598).<\/p>\n\n\n\n<p>P\u00e4ivitetty 12.1.2026\u00a0\u00a0\u00a0\u00a0\u00a0\u00a0\u00a0\u00a0\u00a0\u00a0\u00a0\u00a0\u00a0\u00a0\u00a0\u00a0\u00a0\u00a0\u00a0\u00a0\u00a0\u00a0\u00a0\u00a0\u00a0\u00a0\u00a0\u00a0\u00a0\u00a0\u00a0\u00a0\u00a0\u00a0\u00a0\u00a0\u00a0\u00a0\u00a0\u00a0\u00a0\u00a0\u00a0\u00a0\u00a0\u00a0\u00a0\u00a0\u00a0<\/p>\n","protected":false},"excerpt":{"rendered":"<p>Voit antaa palautetta Aivotutkimusyksik\u00f6n palveluista. Palautteesi on meille arvokasta ja auttaa meit\u00e4 kehitt\u00e4m\u00e4\u00e4n toimintaamme ja parantamaan palvelujamme. Palautetta voit l\u00e4hett\u00e4\u00e4 t\u00e4ll\u00e4 lomakkeella tai s\u00e4hk\u00f6postitse osoitteeseen bru@uef.fi. Voit ottaa my\u00f6s yhteytt\u00e4 yksikk\u00f6\u00f6mme puhelimitse (Puh. +358 50 5650598). P\u00e4ivitetty 12.1.2026\u00a0\u00a0\u00a0\u00a0\u00a0\u00a0\u00a0\u00a0\u00a0\u00a0\u00a0\u00a0\u00a0\u00a0\u00a0\u00a0\u00a0\u00a0\u00a0\u00a0\u00a0\u00a0\u00a0\u00a0\u00a0\u00a0\u00a0\u00a0\u00a0\u00a0\u00a0\u00a0\u00a0\u00a0\u00a0\u00a0\u00a0\u00a0\u00a0\u00a0\u00a0\u00a0\u00a0\u00a0\u00a0\u00a0\u00a0\u00a0\u00a0<\/p>\n","protected":false},"author":1121,"featured_media":0,"parent":0,"menu_order":0,"comment_status":"closed","ping_status":"closed","template":"","meta":{"_acf_changed":false,"footnotes":""},"class_list":["post-480","page","type-page","status-publish","hentry"],"acf":[],"yoast_head":"<!-- This site is optimized with the Yoast SEO plugin v27.3 - https:\/\/yoast.com\/product\/yoast-seo-wordpress\/ -->\n<title>Palaute - UEF Aivotutkimusyksikk\u00f6<\/title>\n<meta name=\"robots\" content=\"index, follow, max-snippet:-1, max-image-preview:large, max-video-preview:-1\" \/>\n<link rel=\"canonical\" href=\"https:\/\/sites.uef.fi\/bru\/palaute\/\" \/>\n<meta property=\"og:locale\" content=\"fi_FI\" \/>\n<meta property=\"og:type\" content=\"article\" \/>\n<meta property=\"og:title\" content=\"Palaute - UEF Aivotutkimusyksikk\u00f6\" \/>\n<meta property=\"og:description\" content=\"Voit antaa palautetta Aivotutkimusyksik\u00f6n palveluista. Palautteesi on meille arvokasta ja auttaa meit\u00e4 kehitt\u00e4m\u00e4\u00e4n toimintaamme ja parantamaan palvelujamme. Palautetta voit l\u00e4hett\u00e4\u00e4 t\u00e4ll\u00e4 lomakkeella tai s\u00e4hk\u00f6postitse osoitteeseen bru@uef.fi. Voit ottaa my\u00f6s yhteytt\u00e4 yksikk\u00f6\u00f6mme puhelimitse (Puh. +358 50 5650598). P\u00e4ivitetty 12.1.2026\u00a0\u00a0\u00a0\u00a0\u00a0\u00a0\u00a0\u00a0\u00a0\u00a0\u00a0\u00a0\u00a0\u00a0\u00a0\u00a0\u00a0\u00a0\u00a0\u00a0\u00a0\u00a0\u00a0\u00a0\u00a0\u00a0\u00a0\u00a0\u00a0\u00a0\u00a0\u00a0\u00a0\u00a0\u00a0\u00a0\u00a0\u00a0\u00a0\u00a0\u00a0\u00a0\u00a0\u00a0\u00a0\u00a0\u00a0\u00a0\u00a0\" \/>\n<meta property=\"og:url\" content=\"https:\/\/sites.uef.fi\/bru\/palaute\/\" \/>\n<meta property=\"og:site_name\" content=\"UEF Aivotutkimusyksikk\u00f6\" \/>\n<meta property=\"article:modified_time\" content=\"2026-01-12T08:40:30+00:00\" \/>\n<meta name=\"twitter:card\" content=\"summary_large_image\" \/>\n<meta name=\"twitter:label1\" content=\"Arvioitu lukuaika\" \/>\n\t<meta name=\"twitter:data1\" content=\"1 minuutti\" \/>\n<script type=\"application\/ld+json\" class=\"yoast-schema-graph\">{\"@context\":\"https:\\\/\\\/schema.org\",\"@graph\":[{\"@type\":\"WebPage\",\"@id\":\"https:\\\/\\\/sites.uef.fi\\\/bru\\\/palaute\\\/\",\"url\":\"https:\\\/\\\/sites.uef.fi\\\/bru\\\/palaute\\\/\",\"name\":\"Palaute - UEF Aivotutkimusyksikk\u00f6\",\"isPartOf\":{\"@id\":\"https:\\\/\\\/sites.uef.fi\\\/bru\\\/#website\"},\"datePublished\":\"2024-04-11T12:19:29+00:00\",\"dateModified\":\"2026-01-12T08:40:30+00:00\",\"breadcrumb\":{\"@id\":\"https:\\\/\\\/sites.uef.fi\\\/bru\\\/palaute\\\/#breadcrumb\"},\"inLanguage\":\"fi\",\"potentialAction\":[{\"@type\":\"ReadAction\",\"target\":[\"https:\\\/\\\/sites.uef.fi\\\/bru\\\/palaute\\\/\"]}]},{\"@type\":\"BreadcrumbList\",\"@id\":\"https:\\\/\\\/sites.uef.fi\\\/bru\\\/palaute\\\/#breadcrumb\",\"itemListElement\":[{\"@type\":\"ListItem\",\"position\":1,\"name\":\"Home\",\"item\":\"https:\\\/\\\/sites.uef.fi\\\/bru\\\/\"},{\"@type\":\"ListItem\",\"position\":2,\"name\":\"Palaute\"}]},{\"@type\":\"WebSite\",\"@id\":\"https:\\\/\\\/sites.uef.fi\\\/bru\\\/#website\",\"url\":\"https:\\\/\\\/sites.uef.fi\\\/bru\\\/\",\"name\":\"UEF Aivotutkimusyksikk\u00f6\",\"description\":\"\",\"potentialAction\":[{\"@type\":\"SearchAction\",\"target\":{\"@type\":\"EntryPoint\",\"urlTemplate\":\"https:\\\/\\\/sites.uef.fi\\\/bru\\\/?s={search_term_string}\"},\"query-input\":{\"@type\":\"PropertyValueSpecification\",\"valueRequired\":true,\"valueName\":\"search_term_string\"}}],\"inLanguage\":\"fi\"}]}<\/script>\n<!-- \/ Yoast SEO plugin. -->","yoast_head_json":{"title":"Palaute - UEF Aivotutkimusyksikk\u00f6","robots":{"index":"index","follow":"follow","max-snippet":"max-snippet:-1","max-image-preview":"max-image-preview:large","max-video-preview":"max-video-preview:-1"},"canonical":"https:\/\/sites.uef.fi\/bru\/palaute\/","og_locale":"fi_FI","og_type":"article","og_title":"Palaute - UEF Aivotutkimusyksikk\u00f6","og_description":"Voit antaa palautetta Aivotutkimusyksik\u00f6n palveluista. Palautteesi on meille arvokasta ja auttaa meit\u00e4 kehitt\u00e4m\u00e4\u00e4n toimintaamme ja parantamaan palvelujamme. Palautetta voit l\u00e4hett\u00e4\u00e4 t\u00e4ll\u00e4 lomakkeella tai s\u00e4hk\u00f6postitse osoitteeseen bru@uef.fi. Voit ottaa my\u00f6s yhteytt\u00e4 yksikk\u00f6\u00f6mme puhelimitse (Puh. +358 50 5650598). P\u00e4ivitetty 12.1.2026\u00a0\u00a0\u00a0\u00a0\u00a0\u00a0\u00a0\u00a0\u00a0\u00a0\u00a0\u00a0\u00a0\u00a0\u00a0\u00a0\u00a0\u00a0\u00a0\u00a0\u00a0\u00a0\u00a0\u00a0\u00a0\u00a0\u00a0\u00a0\u00a0\u00a0\u00a0\u00a0\u00a0\u00a0\u00a0\u00a0\u00a0\u00a0\u00a0\u00a0\u00a0\u00a0\u00a0\u00a0\u00a0\u00a0\u00a0\u00a0\u00a0","og_url":"https:\/\/sites.uef.fi\/bru\/palaute\/","og_site_name":"UEF Aivotutkimusyksikk\u00f6","article_modified_time":"2026-01-12T08:40:30+00:00","twitter_card":"summary_large_image","twitter_misc":{"Arvioitu lukuaika":"1 minuutti"},"schema":{"@context":"https:\/\/schema.org","@graph":[{"@type":"WebPage","@id":"https:\/\/sites.uef.fi\/bru\/palaute\/","url":"https:\/\/sites.uef.fi\/bru\/palaute\/","name":"Palaute - UEF Aivotutkimusyksikk\u00f6","isPartOf":{"@id":"https:\/\/sites.uef.fi\/bru\/#website"},"datePublished":"2024-04-11T12:19:29+00:00","dateModified":"2026-01-12T08:40:30+00:00","breadcrumb":{"@id":"https:\/\/sites.uef.fi\/bru\/palaute\/#breadcrumb"},"inLanguage":"fi","potentialAction":[{"@type":"ReadAction","target":["https:\/\/sites.uef.fi\/bru\/palaute\/"]}]},{"@type":"BreadcrumbList","@id":"https:\/\/sites.uef.fi\/bru\/palaute\/#breadcrumb","itemListElement":[{"@type":"ListItem","position":1,"name":"Home","item":"https:\/\/sites.uef.fi\/bru\/"},{"@type":"ListItem","position":2,"name":"Palaute"}]},{"@type":"WebSite","@id":"https:\/\/sites.uef.fi\/bru\/#website","url":"https:\/\/sites.uef.fi\/bru\/","name":"UEF Aivotutkimusyksikk\u00f6","description":"","potentialAction":[{"@type":"SearchAction","target":{"@type":"EntryPoint","urlTemplate":"https:\/\/sites.uef.fi\/bru\/?s={search_term_string}"},"query-input":{"@type":"PropertyValueSpecification","valueRequired":true,"valueName":"search_term_string"}}],"inLanguage":"fi"}]}},"_links":{"self":[{"href":"https:\/\/sites.uef.fi\/bru\/wp-json\/wp\/v2\/pages\/480","targetHints":{"allow":["GET"]}}],"collection":[{"href":"https:\/\/sites.uef.fi\/bru\/wp-json\/wp\/v2\/pages"}],"about":[{"href":"https:\/\/sites.uef.fi\/bru\/wp-json\/wp\/v2\/types\/page"}],"author":[{"embeddable":true,"href":"https:\/\/sites.uef.fi\/bru\/wp-json\/wp\/v2\/users\/1121"}],"replies":[{"embeddable":true,"href":"https:\/\/sites.uef.fi\/bru\/wp-json\/wp\/v2\/comments?post=480"}],"version-history":[{"count":3,"href":"https:\/\/sites.uef.fi\/bru\/wp-json\/wp\/v2\/pages\/480\/revisions"}],"predecessor-version":[{"id":3955,"href":"https:\/\/sites.uef.fi\/bru\/wp-json\/wp\/v2\/pages\/480\/revisions\/3955"}],"wp:attachment":[{"href":"https:\/\/sites.uef.fi\/bru\/wp-json\/wp\/v2\/media?parent=480"}],"curies":[{"name":"wp","href":"https:\/\/api.w.org\/{rel}","templated":true}]}}