{"id":486,"date":"2024-04-11T14:36:01","date_gmt":"2024-04-11T12:36:01","guid":{"rendered":"https:\/\/sites.uef.fi\/bru\/?page_id=486"},"modified":"2026-04-15T08:25:35","modified_gmt":"2026-04-15T06:25:35","slug":"ajankohtaista","status":"publish","type":"page","link":"https:\/\/sites.uef.fi\/bru\/ajankohtaista\/","title":{"rendered":"Ajankohtaista"},"content":{"rendered":"    <div class=\"funders grid\">\n                        <a href=\"https:\/\/www.uef.fi\/fi\/artikkeli\/jo-toinen-verikoe-kayttoon-alzheimerin-taudin-diagnostiikkaan-ita-suomen-yliopiston\" class=\"funders__link grid__item hover-scale-down\" title=\"Jo toinen verikoe k\u00e4ytt\u00f6\u00f6n Alzheimerin taudin diagnostiikkaan It\u00e4-Suomen yliopiston Biomarkkerilaboratoriossa\">\n                            <div class=\"funders__image\">\n                    <img decoding=\"async\" src=\"https:\/\/sites.uef.fi\/bru\/wp-content\/uploads\/sites\/472\/2026\/04\/Nayttokuva-2026-04-02-115813.png\" alt=\"Jo toinen verikoe k\u00e4ytt\u00f6\u00f6n Alzheimerin taudin diagnostiikkaan It\u00e4-Suomen yliopiston Biomarkkerilaboratoriossa\" \/>\n                <\/div>\n                                    <p class=\"funders__description\">Jo toinen verikoe k\u00e4ytt\u00f6\u00f6n Alzheimerin taudin diagnostiikkaan It\u00e4-Suomen yliopiston Biomarkkerilaboratoriossa<\/p>\n                                                    <div class=\"funders__arrow\">\n                    <svg xmlns=\"http:\/\/www.w3.org\/2000\/svg\" height=\"25px\" viewBox=\"0 -960 960 960\" width=\"24px\" ><path fill=\"currentColor\" d=\"M200-120q-33 0-56.5-23.5T120-200v-560q0-33 23.5-56.5T200-840h280v80H200v560h560v-280h80v280q0 33-23.5 56.5T760-120H200Zm188-212-56-56 372-372H560v-80h280v280h-80v-144L388-332Z\"\/><\/svg>                    <\/div>\n                <\/a>\n                            \n                        <a href=\"https:\/\/www.uef.fi\/fi\/artikkeli\/aivotutkimusyksikon-ja-novartiksen-yhteiskehittamishanke-tuotti-toimintamallin-sujuvampaan\" class=\"funders__link grid__item hover-scale-down\" title=\"It\u00e4-Suomen yliopiston Aivotutkimusyksikk\u00f6 ja Novartis ovat kehitt\u00e4neet yhdess\u00e4 uuden toimintamallin, joka tekee potilaiden osallistumisesta tieteellisiin tutkimuksiin sujuvampaa ja osaksi terveydenhuollon arkea. Lue lis\u00e4\u00e4.\">\n                            <div class=\"funders__image\">\n                    <img decoding=\"async\" src=\"https:\/\/sites.uef.fi\/bru\/wp-content\/uploads\/sites\/472\/2026\/02\/Tyopaja_Novartis_BRU.jpg\" alt=\"It\u00e4-Suomen yliopiston Aivotutkimusyksikk\u00f6 ja Novartis ovat kehitt\u00e4neet yhdess\u00e4 uuden toimintamallin, joka tekee potilaiden osallistumisesta tieteellisiin tutkimuksiin sujuvampaa ja osaksi terveydenhuollon arkea. Lue lis\u00e4\u00e4.\" \/>\n                <\/div>\n                                    <p class=\"funders__description\">It\u00e4-Suomen yliopiston Aivotutkimusyksikk\u00f6 ja Novartis ovat kehitt\u00e4neet yhdess\u00e4 uuden toimintamallin, joka tekee potilaiden osallistumisesta tieteellisiin tutkimuksiin sujuvampaa ja osaksi terveydenhuollon arkea. Lue lis\u00e4\u00e4.<\/p>\n                                                    <div class=\"funders__arrow\">\n                    <svg xmlns=\"http:\/\/www.w3.org\/2000\/svg\" height=\"25px\" viewBox=\"0 -960 960 960\" width=\"24px\" ><path fill=\"currentColor\" d=\"M200-120q-33 0-56.5-23.5T120-200v-560q0-33 23.5-56.5T200-840h280v80H200v560h560v-280h80v280q0 33-23.5 56.5T760-120H200Zm188-212-56-56 372-372H560v-80h280v280h-80v-144L388-332Z\"\/><\/svg>                    <\/div>\n                <\/a>\n                            \n                        <a href=\"https:\/\/sites.uef.fi\/neuro50\/\" class=\"funders__link grid__item hover-scale-down\" title=\"The 50th Anniversary Symposium of Neuroscience in Kuopio Music Centre 15\u201317 June 2026\">\n                            <div class=\"funders__image\">\n                    <img decoding=\"async\" src=\"https:\/\/sites.uef.fi\/bru\/wp-content\/uploads\/sites\/472\/2026\/03\/NS50-suom-scaled.jpg\" alt=\"Kuopio Neuroscience 50 years | Maisemakuva Kuopion Kallavedelt\u00e4\" \/>\n                <\/div>\n                                    <p class=\"funders__description\">The 50th Anniversary Symposium of Neuroscience in Kuopio Music Centre 15\u201317 June 2026<\/p>\n                                                    <div class=\"funders__arrow\">\n                    <svg\n        width=\"43\" height=\"25\"\n        viewBox=\"0 0 43 25\"\n        xmlns=\"http:\/\/www.w3.org\/2000\/svg\">\n    <path\n        d=\"M30.027 0 43 12.5 30.027 25 27 22.083 34.351 15H0v-5h34.351L27 2.917z\"\n        fill=\"currentColor\"\n        fill-rule=\"evenodd\"\/>\n<\/svg>                    <\/div>\n                <\/a>\n                            \n                        <a href=\"https:\/\/www.uef.fi\/fi\/artikkeli\/aivotutkimusten-uusi-palvelukonsepti-sopii-malliksi-muillekin-aloille\" class=\"funders__link grid__item hover-scale-down\" title=\"Aivotutkimusten uusi palvelukonsepti sopii malliksi muillekin aloille\">\n                            <div class=\"funders__image\">\n                    <img decoding=\"async\" src=\"https:\/\/sites.uef.fi\/bru\/wp-content\/uploads\/sites\/472\/2025\/02\/ryhmakuva-scaled.jpg\" alt=\"ATY2.0 loppuseminaarin kuvituskuva\" \/>\n                <\/div>\n                                    <p class=\"funders__description\">Aivotutkimusten uusi palvelukonsepti sopii malliksi muillekin aloille<\/p>\n                                                    <div class=\"funders__arrow\">\n                    <svg xmlns=\"http:\/\/www.w3.org\/2000\/svg\" height=\"25px\" viewBox=\"0 -960 960 960\" width=\"24px\" ><path fill=\"currentColor\" d=\"M200-120q-33 0-56.5-23.5T120-200v-560q0-33 23.5-56.5T200-840h280v80H200v560h560v-280h80v280q0 33-23.5 56.5T760-120H200Zm188-212-56-56 372-372H560v-80h280v280h-80v-144L388-332Z\"\/><\/svg>                    <\/div>\n                <\/a>\n                            \n                        <a href=\"https:\/\/www.uef.fi\/fi\/artikkeli\/ensimmainen-alzheimerin-taudin-verikoe-kayttoon-ita-suomen-yliopiston-biomarkkerilaboratoriossa\" class=\"funders__link grid__item hover-scale-down\" title=\"Ensimm\u00e4inen Alzheimerin taudin pTau217-verikoe k\u00e4ytt\u00f6\u00f6n It\u00e4-Suomen yliopiston Biomarkkerilaboratoriossa\">\n                            <div class=\"funders__image\">\n                    <img decoding=\"async\" src=\"https:\/\/sites.uef.fi\/bru\/wp-content\/uploads\/sites\/472\/2024\/09\/Lumipulse-sample-carousel.jpg\" alt=\"Ensimm\u00e4inen Alzheimerin taudin pTau217-verikoe k\u00e4ytt\u00f6\u00f6n It\u00e4-Suomen yliopiston Biomarkkerilaboratoriossa\" \/>\n                <\/div>\n                                    <p class=\"funders__description\">Ensimm\u00e4inen Alzheimerin taudin pTau217-verikoe k\u00e4ytt\u00f6\u00f6n It\u00e4-Suomen yliopiston Biomarkkerilaboratoriossa<\/p>\n                                                    <div class=\"funders__arrow\">\n                    <svg xmlns=\"http:\/\/www.w3.org\/2000\/svg\" height=\"25px\" viewBox=\"0 -960 960 960\" width=\"24px\" ><path fill=\"currentColor\" d=\"M200-120q-33 0-56.5-23.5T120-200v-560q0-33 23.5-56.5T200-840h280v80H200v560h560v-280h80v280q0 33-23.5 56.5T760-120H200Zm188-212-56-56 372-372H560v-80h280v280h-80v-144L388-332Z\"\/><\/svg>                    <\/div>\n                <\/a>\n                            \n                        <a href=\"https:\/\/youtu.be\/Cv--GF6NYHo\" class=\"funders__link grid__item hover-scale-down\" title=\"Alzheimer-\u200bhoidon k\u00e4\u00e4nnekohtia: Mit\u00e4 tutkitaan juuri nyt? Aivos\u00e4\u00e4ti\u00f6n webinaari\">\n                            <div class=\"funders__image\">\n                    <img decoding=\"async\" src=\"https:\/\/sites.uef.fi\/bru\/wp-content\/uploads\/sites\/472\/2024\/09\/AD-hoidon-kaannekohtia_webinar-12.9.2024.png\" alt=\"Alzheimer-\u200bhoidon k\u00e4\u00e4nnekohtia: Mit\u00e4 tutkitaan juuri nyt? Aivos\u00e4\u00e4ti\u00f6n webinaari\" \/>\n                <\/div>\n                                    <p class=\"funders__description\">Alzheimer-\u200bhoidon k\u00e4\u00e4nnekohtia: Mit\u00e4 tutkitaan juuri nyt? Aivos\u00e4\u00e4ti\u00f6n webinaari<\/p>\n                                                    <div class=\"funders__arrow\">\n                    <svg xmlns=\"http:\/\/www.w3.org\/2000\/svg\" height=\"25px\" viewBox=\"0 -960 960 960\" width=\"24px\" ><path fill=\"currentColor\" d=\"M200-120q-33 0-56.5-23.5T120-200v-560q0-33 23.5-56.5T200-840h280v80H200v560h560v-280h80v280q0 33-23.5 56.5T760-120H200Zm188-212-56-56 372-372H560v-80h280v280h-80v-144L388-332Z\"\/><\/svg>                    <\/div>\n                <\/a>\n                            \n                        <a href=\"https:\/\/www.uef.fi\/fi\/artikkeli\/aivotutkimusyksikon-uudessa-palvelussa-voi-ilmoittautua-vapaaehtoiseksi-tutkimuksiin\" class=\"funders__link grid__item hover-scale-down\" title=\"UEF Aivotutkimusyksikk\u00f6 2.0 \u2013 hankkeessa kehitetyn uuden tietoturvallisen palvelun avulla kuka tahansa voi rekister\u00f6ity\u00e4 vapaaehtoiseksi tutkimuksiin\">\n                            <div class=\"funders__image\">\n                    <img decoding=\"async\" src=\"https:\/\/sites.uef.fi\/bru\/wp-content\/uploads\/sites\/472\/2024\/04\/aivotutkimusyksikko-1281-1.jpg\" alt=\"Kuvituskuva n\u00e4ytteenotosta\" \/>\n                <\/div>\n                                    <p class=\"funders__description\">UEF Aivotutkimusyksikk\u00f6 2.0 \u2013 hankkeessa kehitetyn uuden tietoturvallisen palvelun avulla kuka tahansa voi rekister\u00f6ity\u00e4 vapaaehtoiseksi tutkimuksiin<\/p>\n                                                    <div class=\"funders__arrow\">\n                    <svg xmlns=\"http:\/\/www.w3.org\/2000\/svg\" height=\"25px\" viewBox=\"0 -960 960 960\" width=\"24px\" ><path fill=\"currentColor\" d=\"M200-120q-33 0-56.5-23.5T120-200v-560q0-33 23.5-56.5T200-840h280v80H200v560h560v-280h80v280q0 33-23.5 56.5T760-120H200Zm188-212-56-56 372-372H560v-80h280v280h-80v-144L388-332Z\"\/><\/svg>                    <\/div>\n                <\/a>\n                            \n            <\/div>\n\n\n\n<div class=\"links-block\">\n\n    \n    <ul class=\"link-list\">\n            <\/ul>\n<\/div>\n\n\n<p>P\u00e4ivitetty 1.4.2026<\/p>\n\n\n\n<p><\/p>\n","protected":false},"excerpt":{"rendered":"<p>P\u00e4ivitetty 1.4.2026<\/p>\n","protected":false},"author":1121,"featured_media":0,"parent":0,"menu_order":0,"comment_status":"closed","ping_status":"closed","template":"","meta":{"_acf_changed":false,"footnotes":""},"class_list":["post-486","page","type-page","status-publish","hentry"],"acf":[],"yoast_head":"<!-- This site is optimized with the Yoast SEO plugin v27.3 - https:\/\/yoast.com\/product\/yoast-seo-wordpress\/ -->\n<title>Ajankohtaista - UEF Aivotutkimusyksikk\u00f6<\/title>\n<meta name=\"robots\" content=\"index, follow, max-snippet:-1, max-image-preview:large, max-video-preview:-1\" \/>\n<link rel=\"canonical\" href=\"https:\/\/sites.uef.fi\/bru\/ajankohtaista\/\" \/>\n<meta property=\"og:locale\" content=\"fi_FI\" \/>\n<meta property=\"og:type\" content=\"article\" \/>\n<meta property=\"og:title\" content=\"Ajankohtaista - UEF Aivotutkimusyksikk\u00f6\" \/>\n<meta property=\"og:description\" content=\"P\u00e4ivitetty 1.4.2026\" \/>\n<meta property=\"og:url\" content=\"https:\/\/sites.uef.fi\/bru\/ajankohtaista\/\" \/>\n<meta property=\"og:site_name\" content=\"UEF Aivotutkimusyksikk\u00f6\" \/>\n<meta property=\"article:modified_time\" content=\"2026-04-15T06:25:35+00:00\" \/>\n<meta name=\"twitter:card\" content=\"summary_large_image\" \/>\n<meta name=\"twitter:label1\" content=\"Arvioitu lukuaika\" \/>\n\t<meta name=\"twitter:data1\" content=\"1 minuutti\" \/>\n<script type=\"application\/ld+json\" class=\"yoast-schema-graph\">{\"@context\":\"https:\\\/\\\/schema.org\",\"@graph\":[{\"@type\":\"WebPage\",\"@id\":\"https:\\\/\\\/sites.uef.fi\\\/bru\\\/ajankohtaista\\\/\",\"url\":\"https:\\\/\\\/sites.uef.fi\\\/bru\\\/ajankohtaista\\\/\",\"name\":\"Ajankohtaista - UEF Aivotutkimusyksikk\u00f6\",\"isPartOf\":{\"@id\":\"https:\\\/\\\/sites.uef.fi\\\/bru\\\/#website\"},\"datePublished\":\"2024-04-11T12:36:01+00:00\",\"dateModified\":\"2026-04-15T06:25:35+00:00\",\"breadcrumb\":{\"@id\":\"https:\\\/\\\/sites.uef.fi\\\/bru\\\/ajankohtaista\\\/#breadcrumb\"},\"inLanguage\":\"fi\",\"potentialAction\":[{\"@type\":\"ReadAction\",\"target\":[\"https:\\\/\\\/sites.uef.fi\\\/bru\\\/ajankohtaista\\\/\"]}]},{\"@type\":\"BreadcrumbList\",\"@id\":\"https:\\\/\\\/sites.uef.fi\\\/bru\\\/ajankohtaista\\\/#breadcrumb\",\"itemListElement\":[{\"@type\":\"ListItem\",\"position\":1,\"name\":\"Home\",\"item\":\"https:\\\/\\\/sites.uef.fi\\\/bru\\\/\"},{\"@type\":\"ListItem\",\"position\":2,\"name\":\"Ajankohtaista\"}]},{\"@type\":\"WebSite\",\"@id\":\"https:\\\/\\\/sites.uef.fi\\\/bru\\\/#website\",\"url\":\"https:\\\/\\\/sites.uef.fi\\\/bru\\\/\",\"name\":\"UEF Aivotutkimusyksikk\u00f6\",\"description\":\"\",\"potentialAction\":[{\"@type\":\"SearchAction\",\"target\":{\"@type\":\"EntryPoint\",\"urlTemplate\":\"https:\\\/\\\/sites.uef.fi\\\/bru\\\/?s={search_term_string}\"},\"query-input\":{\"@type\":\"PropertyValueSpecification\",\"valueRequired\":true,\"valueName\":\"search_term_string\"}}],\"inLanguage\":\"fi\"}]}<\/script>\n<!-- \/ Yoast SEO plugin. -->","yoast_head_json":{"title":"Ajankohtaista - UEF Aivotutkimusyksikk\u00f6","robots":{"index":"index","follow":"follow","max-snippet":"max-snippet:-1","max-image-preview":"max-image-preview:large","max-video-preview":"max-video-preview:-1"},"canonical":"https:\/\/sites.uef.fi\/bru\/ajankohtaista\/","og_locale":"fi_FI","og_type":"article","og_title":"Ajankohtaista - UEF Aivotutkimusyksikk\u00f6","og_description":"P\u00e4ivitetty 1.4.2026","og_url":"https:\/\/sites.uef.fi\/bru\/ajankohtaista\/","og_site_name":"UEF Aivotutkimusyksikk\u00f6","article_modified_time":"2026-04-15T06:25:35+00:00","twitter_card":"summary_large_image","twitter_misc":{"Arvioitu lukuaika":"1 minuutti"},"schema":{"@context":"https:\/\/schema.org","@graph":[{"@type":"WebPage","@id":"https:\/\/sites.uef.fi\/bru\/ajankohtaista\/","url":"https:\/\/sites.uef.fi\/bru\/ajankohtaista\/","name":"Ajankohtaista - UEF Aivotutkimusyksikk\u00f6","isPartOf":{"@id":"https:\/\/sites.uef.fi\/bru\/#website"},"datePublished":"2024-04-11T12:36:01+00:00","dateModified":"2026-04-15T06:25:35+00:00","breadcrumb":{"@id":"https:\/\/sites.uef.fi\/bru\/ajankohtaista\/#breadcrumb"},"inLanguage":"fi","potentialAction":[{"@type":"ReadAction","target":["https:\/\/sites.uef.fi\/bru\/ajankohtaista\/"]}]},{"@type":"BreadcrumbList","@id":"https:\/\/sites.uef.fi\/bru\/ajankohtaista\/#breadcrumb","itemListElement":[{"@type":"ListItem","position":1,"name":"Home","item":"https:\/\/sites.uef.fi\/bru\/"},{"@type":"ListItem","position":2,"name":"Ajankohtaista"}]},{"@type":"WebSite","@id":"https:\/\/sites.uef.fi\/bru\/#website","url":"https:\/\/sites.uef.fi\/bru\/","name":"UEF Aivotutkimusyksikk\u00f6","description":"","potentialAction":[{"@type":"SearchAction","target":{"@type":"EntryPoint","urlTemplate":"https:\/\/sites.uef.fi\/bru\/?s={search_term_string}"},"query-input":{"@type":"PropertyValueSpecification","valueRequired":true,"valueName":"search_term_string"}}],"inLanguage":"fi"}]}},"_links":{"self":[{"href":"https:\/\/sites.uef.fi\/bru\/wp-json\/wp\/v2\/pages\/486","targetHints":{"allow":["GET"]}}],"collection":[{"href":"https:\/\/sites.uef.fi\/bru\/wp-json\/wp\/v2\/pages"}],"about":[{"href":"https:\/\/sites.uef.fi\/bru\/wp-json\/wp\/v2\/types\/page"}],"author":[{"embeddable":true,"href":"https:\/\/sites.uef.fi\/bru\/wp-json\/wp\/v2\/users\/1121"}],"replies":[{"embeddable":true,"href":"https:\/\/sites.uef.fi\/bru\/wp-json\/wp\/v2\/comments?post=486"}],"version-history":[{"count":2,"href":"https:\/\/sites.uef.fi\/bru\/wp-json\/wp\/v2\/pages\/486\/revisions"}],"predecessor-version":[{"id":4079,"href":"https:\/\/sites.uef.fi\/bru\/wp-json\/wp\/v2\/pages\/486\/revisions\/4079"}],"wp:attachment":[{"href":"https:\/\/sites.uef.fi\/bru\/wp-json\/wp\/v2\/media?parent=486"}],"curies":[{"name":"wp","href":"https:\/\/api.w.org\/{rel}","templated":true}]}}