{"id":703,"date":"2024-04-16T14:18:00","date_gmt":"2024-04-16T12:18:00","guid":{"rendered":"https:\/\/sites.uef.fi\/bru\/?page_id=703"},"modified":"2026-01-09T10:54:13","modified_gmt":"2026-01-09T08:54:13","slug":"keita-me-olemme","status":"publish","type":"page","link":"https:\/\/sites.uef.fi\/bru\/keita-me-olemme\/","title":{"rendered":"Keit\u00e4 me olemme"},"content":{"rendered":"\n<p>Aivotutkimusyksikk\u00f6 on It\u00e4-Suomen yliopiston kliinisen l\u00e4\u00e4ketieteen yksik\u00f6n neurologian oppiaineeseen kuuluva <strong>palveluyksikk\u00f6<\/strong>. <\/p>\n\n\n\n<p>Tarjoamme korkealaatuisia<strong> kliinisi\u00e4 tutkimuspalveluja <\/strong>akateemisille toimijoille sek\u00e4 yrityksille.&nbsp;<\/p>\n\n\n\n<p>Ydinosaamisalueitamme<strong> <\/strong>ovat neurologisten sairauksien ohella erilaiset biomarkkeritutkimukset. <\/p>\n\n\n\n<p>Yksik\u00f6ll\u00e4mme on yli 30 vuoden kokemus kliinisten l\u00e4\u00e4ketutkimusten toteuttamisesta.<\/p>\n\n\n\n<p><\/p>\n\n\n\n<p><strong>Missio<\/strong><br>Tarjoamme korkeatasoisia neurologisia tutkimuspalveluja aivoterveyden ja hyvinvoinnin edist\u00e4miseksi.<\/p>\n\n\n\n<p><strong>Visio<\/strong><br>Olemme kliinisen aivotutkimuksen edell\u00e4k\u00e4vij\u00e4, joka tunnetaan laadukkaasta ty\u00f6st\u00e4\u00e4n, vahvasta yhteisty\u00f6st\u00e4\u00e4n ja toimintavarmuudestaan. Meid\u00e4n tavoitteenamme on tehd\u00e4 laajasti ty\u00f6t\u00e4 aivojemme hyv\u00e4ksi ja edist\u00e4\u00e4 hyv\u00e4\u00e4 el\u00e4m\u00e4\u00e4 ja hyv\u00e4\u00e4 el\u00e4m\u00e4nlaatua tarjoamalla korkeatasoisia kliinisi\u00e4 tutkimuspalveluja.<\/p>\n\n\n\n<p><strong>Arvot<\/strong><br>Laatu, yhteisty\u00f6 ja toimintavarmuus ovat toimintamme tunnusmerkkej\u00e4. Olemme sitoutuneet tarjoamaan korkealaatuisia kliinisi\u00e4 tutkimuspalveluja akateemisille toimijoille sek\u00e4 yrityksille. Tutkittavalle taataan kiireet\u00f6n, asiantunteva ja turvallinen ymp\u00e4rist\u00f6.<\/p>\n\n\n\n<p><strong>Tavoitteet<\/strong><br>Tavoitteenamme on olla laadukas, kansainv\u00e4lisesti ja kansallisesti tunnettu kliinisten tutkimuspalvelujen tuottaja ja luotettava yhteisty\u00f6kumppani. Haluamme olla tutkittavat osallistava palveluntarjoaja ja vetovoimainen, hyv\u00e4henkinen moniammatillinen ty\u00f6yhteis\u00f6, jolla on selke\u00e4t toimintaohjeet palvelun tuottamiseksi.<\/p>\n\n\n\n<figure class=\"wp-block-image size-large\"><img loading=\"lazy\" decoding=\"async\" width=\"1024\" height=\"506\" src=\"https:\/\/sites.uef.fi\/bru\/wp-content\/uploads\/sites\/472\/2024\/08\/Arvot-jne-kuva-1024x506.jpg\" alt=\"\" class=\"wp-image-2609\" srcset=\"https:\/\/sites.uef.fi\/bru\/wp-content\/uploads\/sites\/472\/2024\/08\/Arvot-jne-kuva-1024x506.jpg 1024w, https:\/\/sites.uef.fi\/bru\/wp-content\/uploads\/sites\/472\/2024\/08\/Arvot-jne-kuva-300x148.jpg 300w, https:\/\/sites.uef.fi\/bru\/wp-content\/uploads\/sites\/472\/2024\/08\/Arvot-jne-kuva-768x380.jpg 768w, https:\/\/sites.uef.fi\/bru\/wp-content\/uploads\/sites\/472\/2024\/08\/Arvot-jne-kuva.jpg 1250w\" sizes=\"auto, (max-width: 1024px) 100vw, 1024px\" \/><\/figure>\n\n\n\n<h2 class=\"wp-block-heading\">Ajankohtaista<\/h2>\n\n\n\n<p>Tutustu uutisiimme ja tiedotteisiimme. Olemme koonneet t\u00e4nne my\u00f6s ajankohtaisia blogeja.<\/p>\n\n\n    <div class=\"funders grid\">\n                        <a href=\"https:\/\/www.uef.fi\/fi\/artikkeli\/ita-suomen-yliopiston-aivotutkimusyksikko-tukee-potilaiden-osallisuutta-terveysalan\" class=\"funders__link grid__item hover-scale-down\" title=\"It\u00e4-Suomen yliopiston Aivotutkimusyksikk\u00f6 tukee potilaiden osallisuutta terveysalan yritystoiminnassa\">\n                            <div class=\"funders__image\">\n                    <img decoding=\"async\" src=\"https:\/\/sites.uef.fi\/bru\/wp-content\/uploads\/sites\/472\/2024\/06\/Aivotutkimusyksikko-tyopaja-1194-scaled.jpg\" alt=\"Osallistujia yrityksille suunnattuun PPI-ty\u00f6pajaan 6.5.2024\" \/>\n                <\/div>\n                                    <p class=\"funders__description\">It\u00e4-Suomen yliopiston Aivotutkimusyksikk\u00f6 tukee potilaiden osallisuutta terveysalan yritystoiminnassa<\/p>\n                                                    <div class=\"funders__arrow\">\n                    <svg xmlns=\"http:\/\/www.w3.org\/2000\/svg\" height=\"25px\" viewBox=\"0 -960 960 960\" width=\"24px\" ><path fill=\"currentColor\" d=\"M200-120q-33 0-56.5-23.5T120-200v-560q0-33 23.5-56.5T200-840h280v80H200v560h560v-280h80v280q0 33-23.5 56.5T760-120H200Zm188-212-56-56 372-372H560v-80h280v280h-80v-144L388-332Z\"\/><\/svg>                    <\/div>\n                <\/a>\n                            \n                        <a href=\"https:\/\/blogs.uef.fi\/puheenvuoroja\/category\/eino-solje\/\" class=\"funders__link grid__item hover-scale-down\" title=\"Eino Soljen blogikirjoitus muistisairauksista UEF Puheenvuoroja -blogisarjassa 26.3.2024 \">\n                            <div class=\"funders__image\">\n                    <img decoding=\"async\" src=\"https:\/\/sites.uef.fi\/bru\/wp-content\/uploads\/sites\/472\/2024\/04\/Solje-Eino-9155-1.jpg\" alt=\"Kuvituskuva, Eino Solje\" \/>\n                <\/div>\n                                    <p class=\"funders__description\">Eino Soljen blogikirjoitus muistisairauksista UEF Puheenvuoroja -blogisarjassa 26.3.2024 <\/p>\n                                                    <div class=\"funders__arrow\">\n                    <svg xmlns=\"http:\/\/www.w3.org\/2000\/svg\" height=\"25px\" viewBox=\"0 -960 960 960\" width=\"24px\" ><path fill=\"currentColor\" d=\"M200-120q-33 0-56.5-23.5T120-200v-560q0-33 23.5-56.5T200-840h280v80H200v560h560v-280h80v280q0 33-23.5 56.5T760-120H200Zm188-212-56-56 372-372H560v-80h280v280h-80v-144L388-332Z\"\/><\/svg>                    <\/div>\n                <\/a>\n                            \n                        <a href=\"https:\/\/www.uef.fi\/fi\/artikkeli\/aivotutkimusyksikon-uudessa-palvelussa-voi-ilmoittautua-vapaaehtoiseksi-tutkimuksiin\" class=\"funders__link grid__item hover-scale-down\" title=\"UEF Aivotutkimusyksikk\u00f6 2.0 \u2013 hankkeessa kehitetyn uuden tietoturvallisen palvelun avulla kuka tahansa voi rekister\u00f6ity\u00e4 vapaaehtoiseksi tutkimuksiin\">\n                            <div class=\"funders__image\">\n                    <img decoding=\"async\" src=\"https:\/\/sites.uef.fi\/bru\/wp-content\/uploads\/sites\/472\/2024\/04\/aivotutkimusyksikko-1281-1.jpg\" alt=\"Kuvituskuva n\u00e4ytteenotosta\" \/>\n                <\/div>\n                                    <p class=\"funders__description\">UEF Aivotutkimusyksikk\u00f6 2.0 \u2013 hankkeessa kehitetyn uuden tietoturvallisen palvelun avulla kuka tahansa voi rekister\u00f6ity\u00e4 vapaaehtoiseksi tutkimuksiin<\/p>\n                                                    <div class=\"funders__arrow\">\n                    <svg xmlns=\"http:\/\/www.w3.org\/2000\/svg\" height=\"25px\" viewBox=\"0 -960 960 960\" width=\"24px\" ><path fill=\"currentColor\" d=\"M200-120q-33 0-56.5-23.5T120-200v-560q0-33 23.5-56.5T200-840h280v80H200v560h560v-280h80v280q0 33-23.5 56.5T760-120H200Zm188-212-56-56 372-372H560v-80h280v280h-80v-144L388-332Z\"\/><\/svg>                    <\/div>\n                <\/a>\n                            \n                        <a href=\"https:\/\/uefconnect.uef.fi\/tutkimusryhma\/uef-aivotutkimusyksikko-2.0\/\" class=\"funders__link grid__item hover-scale-down\" title=\"Aivotutkimusyksikk\u00f6 on osana UEF Aivotutkimusyksikk\u00f6 2.0 EAKR-hanketta\">\n                            <div class=\"funders__image\">\n                    <img decoding=\"async\" src=\"https:\/\/sites.uef.fi\/bru\/wp-content\/uploads\/sites\/472\/2024\/09\/UEF_Brain_Unit_Logo_Hanke_Low-07.png\" alt=\"UEF ATY 2.0 EAKR-hankkeen logo\" \/>\n                <\/div>\n                                    <p class=\"funders__description\">Aivotutkimusyksikk\u00f6 on osana UEF Aivotutkimusyksikk\u00f6 2.0 EAKR-hanketta<\/p>\n                                                    <div class=\"funders__arrow\">\n                    <svg xmlns=\"http:\/\/www.w3.org\/2000\/svg\" height=\"25px\" viewBox=\"0 -960 960 960\" width=\"24px\" ><path fill=\"currentColor\" d=\"M200-120q-33 0-56.5-23.5T120-200v-560q0-33 23.5-56.5T200-840h280v80H200v560h560v-280h80v280q0 33-23.5 56.5T760-120H200Zm188-212-56-56 372-372H560v-80h280v280h-80v-144L388-332Z\"\/><\/svg>                    <\/div>\n                <\/a>\n                            \n            <\/div>\n\n\n\n<p><\/p>\n\n\n\n<p><\/p>\n\n\n\n<h2 class=\"wp-block-heading\">Lue lis\u00e4\u00e4 meist\u00e4<\/h2>\n\n\n\n<div class=\"links-block\">\n\n    \n    <ul class=\"link-list\">\n        \n            \n            <li class=\"link-list-item\">\n                <a href=\"https:\/\/sites.uef.fi\/bru\/tutustu-henkilokuntaamme\/\" class=\"link-reset link hover-scale-down\">\n                    <svg\n        width=\"43\" height=\"25\"\n        viewBox=\"0 0 43 25\"\n        xmlns=\"http:\/\/www.w3.org\/2000\/svg\">\n    <path\n        d=\"M30.027 0 43 12.5 30.027 25 27 22.083 34.351 15H0v-5h34.351L27 2.917z\"\n        fill=\"currentColor\"\n        fill-rule=\"evenodd\"\/>\n<\/svg>                    <div>Henkil\u00f6kuntamme<\/div>\n                <\/a>\n                <div class=\"link-info\">\n                                    <\/div>\n            <\/li>\n\n        \n            <li class=\"link-list-item\">\n                <a href=\"https:\/\/sites.uef.fi\/bru\/yhteistyokumppanimme\/\" class=\"link-reset link hover-scale-down\">\n                    <svg\n        width=\"43\" height=\"25\"\n        viewBox=\"0 0 43 25\"\n        xmlns=\"http:\/\/www.w3.org\/2000\/svg\">\n    <path\n        d=\"M30.027 0 43 12.5 30.027 25 27 22.083 34.351 15H0v-5h34.351L27 2.917z\"\n        fill=\"currentColor\"\n        fill-rule=\"evenodd\"\/>\n<\/svg>                    <div>Yhteisty\u00f6kumppanimme<\/div>\n                <\/a>\n                <div class=\"link-info\">\n                                    <\/div>\n            <\/li>\n\n        \n            <li class=\"link-list-item\">\n                <a href=\"https:\/\/sites.uef.fi\/bru\/laadunhallinta-ja-toiminnan-kehittaminen\/\" class=\"link-reset link hover-scale-down\">\n                    <svg\n        width=\"43\" height=\"25\"\n        viewBox=\"0 0 43 25\"\n        xmlns=\"http:\/\/www.w3.org\/2000\/svg\">\n    <path\n        d=\"M30.027 0 43 12.5 30.027 25 27 22.083 34.351 15H0v-5h34.351L27 2.917z\"\n        fill=\"currentColor\"\n        fill-rule=\"evenodd\"\/>\n<\/svg>                    <div>Laadunhallinta ja toiminnan kehitt\u00e4minen<\/div>\n                <\/a>\n                <div class=\"link-info\">\n                                    <\/div>\n            <\/li>\n\n        \n            <li class=\"link-list-item\">\n                <a href=\"https:\/\/sites.uef.fi\/bru\/tyonhakijalle\/\" class=\"link-reset link hover-scale-down\">\n                    <svg\n        width=\"43\" height=\"25\"\n        viewBox=\"0 0 43 25\"\n        xmlns=\"http:\/\/www.w3.org\/2000\/svg\">\n    <path\n        d=\"M30.027 0 43 12.5 30.027 25 27 22.083 34.351 15H0v-5h34.351L27 2.917z\"\n        fill=\"currentColor\"\n        fill-rule=\"evenodd\"\/>\n<\/svg>                    <div>Ty\u00f6nhakijalle<\/div>\n                <\/a>\n                <div class=\"link-info\">\n                                    <\/div>\n            <\/li>\n\n                <\/ul>\n<\/div>\n\n\n<div class=\"person-card\">\n    \n    <\/div>\n\n\n\n<p>P\u00e4ivitetty 9.1.2026<\/p>\n","protected":false},"excerpt":{"rendered":"<p>Aivotutkimusyksikk\u00f6 on It\u00e4-Suomen yliopiston kliinisen l\u00e4\u00e4ketieteen yksik\u00f6n neurologian oppiaineeseen kuuluva palveluyksikk\u00f6. Tarjoamme korkealaatuisia kliinisi\u00e4 tutkimuspalveluja akateemisille toimijoille sek\u00e4 yrityksille.&nbsp; Ydinosaamisalueitamme ovat neurologisten sairauksien ohella erilaiset biomarkkeritutkimukset. Yksik\u00f6ll\u00e4mme on yli 30 vuoden kokemus kliinisten l\u00e4\u00e4ketutkimusten toteuttamisesta. MissioTarjoamme korkeatasoisia neurologisia tutkimuspalveluja aivoterveyden ja hyvinvoinnin edist\u00e4miseksi. VisioOlemme kliinisen aivotutkimuksen edell\u00e4k\u00e4vij\u00e4, joka tunnetaan laadukkaasta ty\u00f6st\u00e4\u00e4n, vahvasta yhteisty\u00f6st\u00e4\u00e4n ja toimintavarmuudestaan. [&hellip;]<\/p>\n","protected":false},"author":1121,"featured_media":0,"parent":0,"menu_order":0,"comment_status":"closed","ping_status":"closed","template":"","meta":{"_acf_changed":false,"footnotes":""},"class_list":["post-703","page","type-page","status-publish","hentry"],"acf":[],"yoast_head":"<!-- This site is optimized with the Yoast SEO plugin v27.1.1 - https:\/\/yoast.com\/product\/yoast-seo-wordpress\/ -->\n<title>Keit\u00e4 me olemme - UEF Aivotutkimusyksikk\u00f6<\/title>\n<meta name=\"robots\" content=\"index, follow, max-snippet:-1, max-image-preview:large, max-video-preview:-1\" \/>\n<link rel=\"canonical\" href=\"https:\/\/sites.uef.fi\/bru\/keita-me-olemme\/\" \/>\n<meta property=\"og:locale\" content=\"fi_FI\" \/>\n<meta property=\"og:type\" content=\"article\" \/>\n<meta property=\"og:title\" content=\"Keit\u00e4 me olemme - UEF Aivotutkimusyksikk\u00f6\" \/>\n<meta property=\"og:description\" content=\"Aivotutkimusyksikk\u00f6 on It\u00e4-Suomen yliopiston kliinisen l\u00e4\u00e4ketieteen yksik\u00f6n neurologian oppiaineeseen kuuluva palveluyksikk\u00f6. Tarjoamme korkealaatuisia kliinisi\u00e4 tutkimuspalveluja akateemisille toimijoille sek\u00e4 yrityksille.&nbsp; Ydinosaamisalueitamme ovat neurologisten sairauksien ohella erilaiset biomarkkeritutkimukset. Yksik\u00f6ll\u00e4mme on yli 30 vuoden kokemus kliinisten l\u00e4\u00e4ketutkimusten toteuttamisesta. MissioTarjoamme korkeatasoisia neurologisia tutkimuspalveluja aivoterveyden ja hyvinvoinnin edist\u00e4miseksi. VisioOlemme kliinisen aivotutkimuksen edell\u00e4k\u00e4vij\u00e4, joka tunnetaan laadukkaasta ty\u00f6st\u00e4\u00e4n, vahvasta yhteisty\u00f6st\u00e4\u00e4n ja toimintavarmuudestaan. [&hellip;]\" \/>\n<meta property=\"og:url\" content=\"https:\/\/sites.uef.fi\/bru\/keita-me-olemme\/\" \/>\n<meta property=\"og:site_name\" content=\"UEF Aivotutkimusyksikk\u00f6\" \/>\n<meta property=\"article:modified_time\" content=\"2026-01-09T08:54:13+00:00\" \/>\n<meta property=\"og:image\" content=\"https:\/\/sites.uef.fi\/bru\/wp-content\/uploads\/sites\/472\/2024\/08\/Arvot-jne-kuva-1024x506.jpg\" \/>\n<meta name=\"twitter:card\" content=\"summary_large_image\" \/>\n<meta name=\"twitter:label1\" content=\"Arvioitu lukuaika\" \/>\n\t<meta name=\"twitter:data1\" content=\"2 minuuttia\" \/>\n<script type=\"application\/ld+json\" class=\"yoast-schema-graph\">{\"@context\":\"https:\/\/schema.org\",\"@graph\":[{\"@type\":\"WebPage\",\"@id\":\"https:\/\/sites.uef.fi\/bru\/keita-me-olemme\/\",\"url\":\"https:\/\/sites.uef.fi\/bru\/keita-me-olemme\/\",\"name\":\"Keit\u00e4 me olemme - UEF Aivotutkimusyksikk\u00f6\",\"isPartOf\":{\"@id\":\"https:\/\/sites.uef.fi\/bru\/#website\"},\"primaryImageOfPage\":{\"@id\":\"https:\/\/sites.uef.fi\/bru\/keita-me-olemme\/#primaryimage\"},\"image\":{\"@id\":\"https:\/\/sites.uef.fi\/bru\/keita-me-olemme\/#primaryimage\"},\"thumbnailUrl\":\"https:\/\/sites.uef.fi\/bru\/wp-content\/uploads\/sites\/472\/2024\/08\/Arvot-jne-kuva-1024x506.jpg\",\"datePublished\":\"2024-04-16T12:18:00+00:00\",\"dateModified\":\"2026-01-09T08:54:13+00:00\",\"breadcrumb\":{\"@id\":\"https:\/\/sites.uef.fi\/bru\/keita-me-olemme\/#breadcrumb\"},\"inLanguage\":\"fi\",\"potentialAction\":[{\"@type\":\"ReadAction\",\"target\":[\"https:\/\/sites.uef.fi\/bru\/keita-me-olemme\/\"]}]},{\"@type\":\"ImageObject\",\"inLanguage\":\"fi\",\"@id\":\"https:\/\/sites.uef.fi\/bru\/keita-me-olemme\/#primaryimage\",\"url\":\"https:\/\/sites.uef.fi\/bru\/wp-content\/uploads\/sites\/472\/2024\/08\/Arvot-jne-kuva.jpg\",\"contentUrl\":\"https:\/\/sites.uef.fi\/bru\/wp-content\/uploads\/sites\/472\/2024\/08\/Arvot-jne-kuva.jpg\",\"width\":1250,\"height\":618},{\"@type\":\"BreadcrumbList\",\"@id\":\"https:\/\/sites.uef.fi\/bru\/keita-me-olemme\/#breadcrumb\",\"itemListElement\":[{\"@type\":\"ListItem\",\"position\":1,\"name\":\"Home\",\"item\":\"https:\/\/sites.uef.fi\/bru\/\"},{\"@type\":\"ListItem\",\"position\":2,\"name\":\"Keit\u00e4 me olemme\"}]},{\"@type\":\"WebSite\",\"@id\":\"https:\/\/sites.uef.fi\/bru\/#website\",\"url\":\"https:\/\/sites.uef.fi\/bru\/\",\"name\":\"UEF Aivotutkimusyksikk\u00f6\",\"description\":\"\",\"potentialAction\":[{\"@type\":\"SearchAction\",\"target\":{\"@type\":\"EntryPoint\",\"urlTemplate\":\"https:\/\/sites.uef.fi\/bru\/?s={search_term_string}\"},\"query-input\":{\"@type\":\"PropertyValueSpecification\",\"valueRequired\":true,\"valueName\":\"search_term_string\"}}],\"inLanguage\":\"fi\"}]}<\/script>\n<!-- \/ Yoast SEO plugin. -->","yoast_head_json":{"title":"Keit\u00e4 me olemme - UEF Aivotutkimusyksikk\u00f6","robots":{"index":"index","follow":"follow","max-snippet":"max-snippet:-1","max-image-preview":"max-image-preview:large","max-video-preview":"max-video-preview:-1"},"canonical":"https:\/\/sites.uef.fi\/bru\/keita-me-olemme\/","og_locale":"fi_FI","og_type":"article","og_title":"Keit\u00e4 me olemme - UEF Aivotutkimusyksikk\u00f6","og_description":"Aivotutkimusyksikk\u00f6 on It\u00e4-Suomen yliopiston kliinisen l\u00e4\u00e4ketieteen yksik\u00f6n neurologian oppiaineeseen kuuluva palveluyksikk\u00f6. Tarjoamme korkealaatuisia kliinisi\u00e4 tutkimuspalveluja akateemisille toimijoille sek\u00e4 yrityksille.&nbsp; Ydinosaamisalueitamme ovat neurologisten sairauksien ohella erilaiset biomarkkeritutkimukset. Yksik\u00f6ll\u00e4mme on yli 30 vuoden kokemus kliinisten l\u00e4\u00e4ketutkimusten toteuttamisesta. MissioTarjoamme korkeatasoisia neurologisia tutkimuspalveluja aivoterveyden ja hyvinvoinnin edist\u00e4miseksi. VisioOlemme kliinisen aivotutkimuksen edell\u00e4k\u00e4vij\u00e4, joka tunnetaan laadukkaasta ty\u00f6st\u00e4\u00e4n, vahvasta yhteisty\u00f6st\u00e4\u00e4n ja toimintavarmuudestaan. [&hellip;]","og_url":"https:\/\/sites.uef.fi\/bru\/keita-me-olemme\/","og_site_name":"UEF Aivotutkimusyksikk\u00f6","article_modified_time":"2026-01-09T08:54:13+00:00","og_image":[{"url":"https:\/\/sites.uef.fi\/bru\/wp-content\/uploads\/sites\/472\/2024\/08\/Arvot-jne-kuva-1024x506.jpg","type":"","width":"","height":""}],"twitter_card":"summary_large_image","twitter_misc":{"Arvioitu lukuaika":"2 minuuttia"},"schema":{"@context":"https:\/\/schema.org","@graph":[{"@type":"WebPage","@id":"https:\/\/sites.uef.fi\/bru\/keita-me-olemme\/","url":"https:\/\/sites.uef.fi\/bru\/keita-me-olemme\/","name":"Keit\u00e4 me olemme - UEF Aivotutkimusyksikk\u00f6","isPartOf":{"@id":"https:\/\/sites.uef.fi\/bru\/#website"},"primaryImageOfPage":{"@id":"https:\/\/sites.uef.fi\/bru\/keita-me-olemme\/#primaryimage"},"image":{"@id":"https:\/\/sites.uef.fi\/bru\/keita-me-olemme\/#primaryimage"},"thumbnailUrl":"https:\/\/sites.uef.fi\/bru\/wp-content\/uploads\/sites\/472\/2024\/08\/Arvot-jne-kuva-1024x506.jpg","datePublished":"2024-04-16T12:18:00+00:00","dateModified":"2026-01-09T08:54:13+00:00","breadcrumb":{"@id":"https:\/\/sites.uef.fi\/bru\/keita-me-olemme\/#breadcrumb"},"inLanguage":"fi","potentialAction":[{"@type":"ReadAction","target":["https:\/\/sites.uef.fi\/bru\/keita-me-olemme\/"]}]},{"@type":"ImageObject","inLanguage":"fi","@id":"https:\/\/sites.uef.fi\/bru\/keita-me-olemme\/#primaryimage","url":"https:\/\/sites.uef.fi\/bru\/wp-content\/uploads\/sites\/472\/2024\/08\/Arvot-jne-kuva.jpg","contentUrl":"https:\/\/sites.uef.fi\/bru\/wp-content\/uploads\/sites\/472\/2024\/08\/Arvot-jne-kuva.jpg","width":1250,"height":618},{"@type":"BreadcrumbList","@id":"https:\/\/sites.uef.fi\/bru\/keita-me-olemme\/#breadcrumb","itemListElement":[{"@type":"ListItem","position":1,"name":"Home","item":"https:\/\/sites.uef.fi\/bru\/"},{"@type":"ListItem","position":2,"name":"Keit\u00e4 me olemme"}]},{"@type":"WebSite","@id":"https:\/\/sites.uef.fi\/bru\/#website","url":"https:\/\/sites.uef.fi\/bru\/","name":"UEF Aivotutkimusyksikk\u00f6","description":"","potentialAction":[{"@type":"SearchAction","target":{"@type":"EntryPoint","urlTemplate":"https:\/\/sites.uef.fi\/bru\/?s={search_term_string}"},"query-input":{"@type":"PropertyValueSpecification","valueRequired":true,"valueName":"search_term_string"}}],"inLanguage":"fi"}]}},"_links":{"self":[{"href":"https:\/\/sites.uef.fi\/bru\/wp-json\/wp\/v2\/pages\/703","targetHints":{"allow":["GET"]}}],"collection":[{"href":"https:\/\/sites.uef.fi\/bru\/wp-json\/wp\/v2\/pages"}],"about":[{"href":"https:\/\/sites.uef.fi\/bru\/wp-json\/wp\/v2\/types\/page"}],"author":[{"embeddable":true,"href":"https:\/\/sites.uef.fi\/bru\/wp-json\/wp\/v2\/users\/1121"}],"replies":[{"embeddable":true,"href":"https:\/\/sites.uef.fi\/bru\/wp-json\/wp\/v2\/comments?post=703"}],"version-history":[{"count":2,"href":"https:\/\/sites.uef.fi\/bru\/wp-json\/wp\/v2\/pages\/703\/revisions"}],"predecessor-version":[{"id":3925,"href":"https:\/\/sites.uef.fi\/bru\/wp-json\/wp\/v2\/pages\/703\/revisions\/3925"}],"wp:attachment":[{"href":"https:\/\/sites.uef.fi\/bru\/wp-json\/wp\/v2\/media?parent=703"}],"curies":[{"name":"wp","href":"https:\/\/api.w.org\/{rel}","templated":true}]}}