{"id":1152,"date":"2024-07-18T02:37:44","date_gmt":"2024-07-17T23:37:44","guid":{"rendered":"https:\/\/sites.uef.fi\/cancer-stress-biology-latonen\/?page_id=1152"},"modified":"2025-08-22T18:03:30","modified_gmt":"2025-08-22T15:03:30","slug":"news","status":"publish","type":"page","link":"https:\/\/sites.uef.fi\/cancer-stress-biology-latonen\/frontpage\/news\/","title":{"rendered":"News"},"content":{"rendered":"\n<p><em><strong>Some of our highlights are listed here -check out more of our news at <\/strong><a href=\"https:\/\/www.linkedin.com\/in\/leenalatonen\/\">LinkedIn<\/a><\/em><\/p>\n\n\n\n<p>* * * * *<\/p>\n\n\n\n<p><\/p>\n\n\n\n<p>Leena Latonen attended <a href=\"https:\/\/events.tuni.fi\/cgf-lsf2025\/\"><strong>China-Germany-Finland Life Sciences Forum<\/strong><\/a> as an invited speaker, to discuss our work on dissecting drug sensitivities in prostate cancer cells by proteomics-driven multiomics. See a news piece of the event <a href=\"https:\/\/www.tuni.fi\/en\/news\/international-collaboration-takes-center-stage-2nd-china-germany-finland-life-sciences-forum\">here<\/a>. <br><em>8.8.2025<\/em><\/p>\n\n\n\n<p>We are joined by Erasmus+ trainee in the lab! Pharmacy student <strong>Feyza Nur G\u00dc\u00c7<\/strong> joined us from Istanbul Health and Technology University to learn about assessing cancer cell drug responses in cell culture models. Welcome!<br><em>4.8.2025<\/em><\/p>\n\n\n\n<p><strong>Sonja Koivukoski and Hesam Hakimnejad<\/strong> presented their work on virtual staining of tissue histology as <strong>talks at <\/strong><a href=\"https:\/\/www.ecdp2025.org\/\"><strong>European Conference on Digital pathology<\/strong> &#8211; ECDP2025<\/a><br><em>28.6.2025<\/em><\/p>\n\n\n\n<p>We are joined by two new members in the lab! <strong>Deniz Y\u0131ld\u0131r\u0131m<\/strong> joined us for an Erasmus+ exchange for his M.D., and <strong>Nathaniel Tetteh<\/strong> is starting his Master&#8217;s thesis work. Welcome!<br><em>23.6.2025<\/em><\/p>\n\n\n\n<p><strong>Erika Aikio <\/strong>is attending the Conference of the&nbsp;European Proteomics Association&nbsp;<a href=\"https:\/\/eupa2025-stmalo.fr\/en\/\"><strong>EuPa 2025 <\/strong><\/a>presenting a poster on her work on proteomic analysis of prostate cancer cell drug responses.<br><em>16.6.2025<\/em><\/p>\n\n\n\n<p><strong>Petra Taka-Eilola<\/strong> and <strong>Heshani Jayasuriya Arachchige Dona<\/strong> successfully competed their Master&#8217;s theses projects in the lab and graduated with great grades &#8211; Congratulations!<br><em>15.6.2025<\/em><\/p>\n\n\n\n<p><strong>Leena Latonen <\/strong>presented our virtual staining projects and results at the <a href=\"https:\/\/www.bioimaging.fi\/biif-symposium-2025-at-seili\/\">4th Bioimage Informatics Finland Network Symposium<\/a>.<br><em>22.5.2025<\/em><\/p>\n\n\n\n<p>All our Ph.D. students <strong>Sonja Koivukoski, Minttu K\u00e4rkk\u00e4inen, Erika Aikio, and Hanqing Xia <\/strong>are presenting their work at the F<a href=\"https:\/\/sites.uef.fi\/doctoral-program-courses-faculty-of-health-sciences\/faculty-of-health-sciences-doctoral-researcher-symposium-2025\/\">aculty of Health Sciences Doctoral Researcher Symposium<\/a> at University of Eastern Finland on 19-21 May 2025. <br><em>19.5.2025<\/em><\/p>\n\n\n\n<p>Congratulations to <strong>Sonja Koivukoski <\/strong>and <strong>Minttu K\u00e4rkk\u00e4inen<\/strong> for grants for their Ph.D. research from the Finnish Cultural Foundation North Savonia Fund!<br><em>17.5.2025<\/em><\/p>\n\n\n\n<p><strong>Leena Latonen <\/strong>is giving an opening keynote at the <a href=\"https:\/\/www.helsinki.fi\/en\/hilife-helsinki-institute-life-science\/units\/fimm\">FIMM &#8211; Institute for Molecular Medicine Finland<\/a> Scientific Retreat 2025 &#8211; Building Bridges Across Disciplines, discussing the possibilities and challenges of AI in biomedicine.<br><em>15.5.2025<\/em><\/p>\n\n\n\n<p><a href=\"https:\/\/www.esdipath.org\/\">The European Society of Digital and Integrative Pathology &#8211; ESDIP<\/a> is introducing&nbsp;the Carousel Scientific Series it&#8217;s <a href=\"https:\/\/www.linkedin.com\/company\/digitalpathologysociety\/posts\/?feedView=all\">LinkedIn<\/a>, and we have the honour to be the first ones with the groups of Pekka Ruusuvuori and Sara Oliveira to present our insight on how virtual staining can transform histopathology in the <a href=\"https:\/\/www.linkedin.com\/feed\/update\/urn:li:activity:7327988956107526146\/\">\u201cFrom chemical to virtual staining\u201d<\/a>. <br><em>12.5.2025<\/em><\/p>\n\n\n\n<p>Our collaborator pathologist Sandra Pouplier from University of Copenhagen is visiting us in Finland this week! Sandra will give a talk about Tumor infiltrating lymphocytes in ER+HER2 breast cancer.<br><em>24.3.2025<\/em><\/p>\n\n\n\n<p>We have research visitors for week 12! <strong>Hesam Hakimnejad<\/strong> and <strong>Hayder Abbas<\/strong> from Pekka Ruusuvuori group in Turku University are joining our lab to get introduced to histological labwork &#8211; the origins of the whole slide images that these guys are using for their computational work in our interdisciplinary collaboration projects. Exciting!<br><em>17.3.2025<\/em><\/p>\n\n\n\n<p>Congratulations to <strong>Erika Aikio<\/strong> for receiving a grant from the Finnish Cultural Foundation for her Ph.D. research on multi-omics of prostate cancer drug responses!<br><em>28.2.2025<\/em><\/p>\n\n\n\n<p><strong>Enkhzaya Batnasan<\/strong>, M.D., Ph.D., is giving a talk at the International Day of Women and Girls in science 2025 at Snellmania, University of Eastern Finland, sharing her insights springing from her highly international career path.<br><em>11.2.2025<\/em><\/p>\n\n\n\n<p><strong>Leena Latonen<\/strong> is travelling to Oslo to act as an opponent at <a href=\"https:\/\/www.med.uio.no\/ncmbm\/english\">NCMBM &#8211; Norwegian Centre for Molecular Biosciences and Medicine<\/a> for Haifeng Xu defending his Ph.D. work &#8220;Prediction of clinical outcomes for precision oncology using multi-omics data and machine learning&#8221; from Tero Aittokallio group.<br><em>10.2.2025<\/em><\/p>\n\n\n\n<p><strong>Leena Latonen <\/strong>is travelling to Stockholm at <a href=\"https:\/\/ki.se\/\">Karolinska Institute<\/a> to act in the examining committee for Eduard Chelebian defending his Ph.D. work &#8220;Representation Learning for<br>Computational Pathology and Spatial Omics&#8221; from Carolina W\u00e4hlby group.<br><em>24.1.2025<\/em><\/p>\n\n\n\n<p><strong>Leena Latonen<\/strong> is attending the <a href=\"https:\/\/www.nordicbreastpath.com\/\">Nordic Breast Pathology Symposium 2025<\/a> in Stockholm 20.-21.1.2025.<br><em>20.1.2025<\/em><\/p>\n\n\n\n<p>Research Day of Institute of Biomedicine is arranged 13.12.2024 in Snellmania at University of Eastern Finland. Our labs talk this year is given by postdoc <strong>Annika Kohvakka<\/strong> of her project about the role of non-coding RNA EPCART in prostate cancer.<br><em>13.12.2024<\/em><\/p>\n\n\n\n<p>We, as part of the CANCER RC at UEF, received the Communicator of the Year Award at University of Eastern Finland for our CANCER RC in recognition of the research community\u2019s active and diverse communication of its research findings and research activities. The announcement from the university mentioned that: &#8220;Thanks to their consistent communication efforts, several research groups within CANCER RC have contributed to the university\u2019s visibility while also raising awareness of cancer research among the public&#8221;. Such a nice reward and recognition!<br><em>12.12.2024<\/em><\/p>\n\n\n\n<p>Congratulations to <strong>Sonja Koivukoski<\/strong> and <strong>Minttu K\u00e4rkk\u00e4inen<\/strong> for receiving grants for their PhD research from the Cancer Society of North Savo &#8211; <a href=\"https:\/\/www.pohjois-savonsyopayhdistys.fi\/tutkimusapurahat-2024\/\">Savon Sy\u00f6p\u00e4rahasto<\/a>! Sonja tests feasibility of AI-based virtual staining for histopathological analysis of breast cancer, and Minttu investigates the role of nuclear stress response pathways for drug responses of cancer cells. Both lines of investigation pave way for improved cancer diagnostics and therapies in the future.<br><em>12\/2024<\/em><\/p>\n\n\n\n<p>We are so very greatful for receiving funding from <a href=\"https:\/\/syopasaatio.fi\/en\/homepage\/\">Cancer Foundation Finland<\/a> for the next two years! With this support, we study RNA regulation routes in cancer with aims to pinpoint targetable mechanisms for future treatment options.<br><em>11\/2024<\/em><\/p>\n\n\n\n<p><strong>Leena Latonen <\/strong>is giving a talk at the <a href=\"https:\/\/www.nordic-compbio.org\/ncb-week\">The Nordic Computational Biology Conference<\/a> in Helsinki 7.-8.11.2024.<br><em>7.11.2024<\/em><\/p>\n\n\n\n<p><strong>Leena Latonen <\/strong>is attending 6th Eurasia Biochemical Approaches &amp; Technologies <a href=\"https:\/\/www.ebatcongress.org\/\">EBAT Congress <\/a>24.-27.10.2024 in Tokat, turkey, giving and invited talk of our proteomics research for prostate cancer drug vulnerabilities.<br><em>24.10.2024<\/em><\/p>\n\n\n\n<p>University of Eastern Finland made a news piece about our Cancer symposium: <a href=\"https:\/\/www.uef.fi\/en\/article\/ai-has-become-a-cornerstone-of-cancer-research\">AI has become a cornerstone of cancer research<\/a><br><em>8.10.2024<\/em><\/p>\n\n\n\n<p><a href=\"https:\/\/www.syopainstituutti.com\/\">Finnish Cancer Institute <\/a>has published <a href=\"https:\/\/www.syopainstituutti.fi\/tapahtumat\">photos<\/a> of our symposium!<br><em>10\/2024<\/em><\/p>\n\n\n\n<p><strong>We are organizing the largest <a href=\"https:\/\/www.uef.fi\/en\/event\/the-16th-finnish-cancer-institute-symposium\">Cancer Symposium<\/a> in Finland this year!<\/strong> Leena Latonen as the chair of organizing committee and together with the <a href=\"https:\/\/www.syopainstituutti.com\/\">Finnish Cancer Institute<\/a>, we are hosting 240 participants at the Kuopio City Theater for the <a href=\"https:\/\/www.fcisymposium2024kuopio.com\/\">16th Symposium of the Finnish Cancer Institute<\/a> on 26.-27.9.2024! The whole group will be there, presenting posters and giving talks!<br><em>26.9.2024<\/em><\/p>\n\n\n\n<p><strong>Minttu K\u00e4rkk\u00e4inen<\/strong> takes part in <a href=\"https:\/\/meetings.embo.org\/event\/24-signal-transduction\">EMBO|FEBS Lecture Course Molecular mechanisms in signal transduction and cancer<\/a> on 18 \u2013 26 August 2024 in Spetses, Greece, presenting also her work on effects of drug induced stress responses on nuclear organelles in prostate cancer cells.<br><em>18.8.202<\/em>4<\/p>\n\n\n\n<p><strong>The publication of histology image registration challenge from ABCAP consortium is out!<\/strong> Wanna know how to align multiple histological images of the same samples? See the paper published in the distinguished journal Medical Image Analysis:<br><strong><a href=\"https:\/\/www.sciencedirect.com\/science\/article\/pii\/S1361841524001828\">The ACROBAT 2022 challenge: Automatic registration of breast cancer tissue<\/a><\/strong><br><em>14.7.2024<\/em><\/p>\n\n\n\n<p><strong>Our tests for using Virtual Reality in teaching 3D histology are continuing<\/strong>, this time at University of Turku. See the news piece (in Finnish) here:<br><a href=\"https:\/\/www.utu.fi\/fi\/ajankohtaista\/uutinen\/virtuaalitodellisuus-biolaaketieteen-opetuksen-apuna\"><strong>Virtuaalitodellisuus biol\u00e4\u00e4ketieteen opetuksen apuna | Turun yliopisto (utu.fi)<\/strong><\/a><br><em>28.6.2024<\/em><\/p>\n\n\n\n<p><strong>We wrote about the future prospects and sustainability in histopathology through AI-based virtual staining<\/strong> to Duodecim, the main journal of medical professionals in Finnish:<br><a href=\"https:\/\/www.duodecimlehti.fi\/lehti\/2024\/12\/duo18304\"><strong>Virtuaaliv\u00e4rj\u00e4ys mahdollistaa ymp\u00e4rist\u00f6yst\u00e4v\u00e4llisemp\u00e4\u00e4 histologiaa kemikaaleja v\u00e4hent\u00e4m\u00e4ll\u00e4 (duodecimlehti.fi)<\/strong><\/a><br><em>14.6.2024<\/em><\/p>\n\n\n\n<p><strong>Sonja Koivukoski is presenting<\/strong> her work on virtual HE-staining of breast cancer whole slide images as <strong>a talk at European Conference on Digital pathology<\/strong> &#8211; ECDP2024<br><a href=\"https:\/\/www.ecdp2024.org\/\">European Society of Digital and Integrative Pathology | ECDP2024 | 20th European Congress on Digital Pathology 2024<\/a><br><em>6.6.2024<\/em><\/p>\n\n\n\n<p>A <strong>PhD dissertation was successfully defended by Annika Kohvakka<\/strong> of lncRNAs in prostate cancer. Congratulations!!<br>See the news piece (in Finnish) here:<br><a href=\"https:\/\/www.tuni.fi\/fi\/ajankohtaista\/annika-kohvakka-lncrna-molekyylit-auttavat-tunnistamaan-aggressiiviset?utm_source=twitter&amp;utm_medium=social&amp;utm_campaign=research&amp;utm_content=dissertation\"><strong>Annika Kohvakka: LncRNA-molekyylit auttavat tunnistamaan aggressiiviset eturauhassy\u00f6v\u00e4t | Tampereen korkeakouluyhteis\u00f6 (tuni.fi)<\/strong><\/a><br><em>24.5.2024<\/em><\/p>\n\n\n\n<p><strong>Minttu K\u00e4rkk\u00e4inen<\/strong>, a graduate student in the lab, just <strong>received a 2-year grant for her PhD studies<\/strong> from the Finnish Cultural Foundation. Congratulations!!<br><a href=\"https:\/\/apurahat.skr.fi\/myonnot\"><strong>My\u00f6nnetyt apurahat | Suomen Kulttuurirahasto (skr.fi)<\/strong><\/a><br><em>16.5.2024<\/em><\/p>\n\n\n\n<p><strong>The abstract deadline for the Finnish Cancer Institute Symposium is approaching! <\/strong>Visit the symposium web page to submit your abstract in time for this major cancer research event of the year:<br><a href=\"https:\/\/www.fcisymposium2024kuopio.com\/\"><strong>fcisymposium2024Kuopio<\/strong><\/a><br><em>12.5.2024<\/em><\/p>\n\n\n\n<p><strong>Leena Latonen is presenting our work at AACR Annual Meeting 2024 in San Diego<\/strong><br><a href=\"https:\/\/www.aacr.org\/meeting\/aacr-annual-meeting-2024\/\">AACR Annual Meeting 2024 | Meetings | AACR<\/a><br><em>9.4.2024<\/em><\/p>\n\n\n\n<p><strong>Leena and Sonja are giving talks at the 50th Anniversary Seminar of the Finnish Association for Cell Biology at University of Jyv\u00e4skyl\u00e4<\/strong>. Talk topics in how AI can help cell biology in research and clinics, and virtual staining in histology!<br><em>15.3.2024<\/em><\/p>\n\n\n\n<p>Our <strong>review article of Virtual staining in histology is out!<\/strong><br><a href=\"https:\/\/www.sciencedirect.com\/science\/article\/pii\/S0167779924000386\">Virtual staining for histology by deep learning &#8211; ScienceDirect<\/a><br><em>14.3.2024<\/em><\/p>\n\n\n\n<p>Leena wrote <strong>a piece about the role of RNA binding proteins in cancer drug resistance to Duodecim<\/strong> (in Finnish), which is now out:<br><a href=\"https:\/\/www.duodecimlehti.fi\/lehti\/2024\/4\/duo18111\">RNA:han sitoutuvat proteiinit sy\u00f6v\u00e4n l\u00e4\u00e4kehoidossa ja -resistenssiss\u00e4 (duodecimlehti.fi)<\/a><br>2.3.2024<\/p>\n\n\n\n<p><strong>We are testing Virtual Reality in teaching histology<\/strong> and 3D tissue features to biomedical students. Check out a newspiece in Finnish:<br><a href=\"https:\/\/www.uef.fi\/fi\/artikkeli\/biolaaketieteen-opetuksessa-testattiin-virtuaalista-syopakasvainta\">Biol\u00e4\u00e4ketieteen opetuksessa testattiin virtuaalista sy\u00f6p\u00e4kasvainta | It\u00e4-Suomen yliopisto (uef.fi)<\/a><br><em>13.2.2024<\/em><\/p>\n\n\n\n<p><strong>Our article on heterogeneity in prostate cancer cell responses to platinum drugs is out! <\/strong>Check:<br><a href=\"https:\/\/link.springer.com\/article\/10.1186\/s12935-023-03205-0\">Platinum-based drugs induce phenotypic alterations in nucleoli and Cajal bodies in prostate cancer cells | Cancer Cell International (springer.com)<\/a><br><em>15.1.2024<\/em><\/p>\n\n\n\n<p><br><\/p>\n","protected":false},"excerpt":{"rendered":"<p>Some of our highlights are listed here -check out more of our news at LinkedIn * * * * * Leena Latonen attended China-Germany-Finland Life Sciences Forum as an invited speaker, to discuss our work on dissecting drug sensitivities in prostate cancer cells by proteomics-driven multiomics. See a news piece of the event here. 8.8.2025 [&hellip;]<\/p>\n","protected":false},"author":323,"featured_media":0,"parent":31,"menu_order":3,"comment_status":"closed","ping_status":"closed","template":"","meta":{"_acf_changed":false,"_monsterinsights_skip_tracking":false,"_monsterinsights_sitenote_active":false,"_monsterinsights_sitenote_note":"","_monsterinsights_sitenote_category":0,"footnotes":""},"class_list":["post-1152","page","type-page","status-publish","hentry"],"acf":[],"yoast_head":"<!-- This site is optimized with the Yoast SEO plugin v27.3 - https:\/\/yoast.com\/product\/yoast-seo-wordpress\/ -->\n<title>News - Latonen Cancer Stress Biology<\/title>\n<meta name=\"robots\" content=\"index, follow, max-snippet:-1, max-image-preview:large, max-video-preview:-1\" \/>\n<link rel=\"canonical\" href=\"https:\/\/sites.uef.fi\/cancer-stress-biology-latonen\/frontpage\/news\/\" \/>\n<meta property=\"og:locale\" content=\"en_US\" \/>\n<meta property=\"og:type\" content=\"article\" \/>\n<meta property=\"og:title\" content=\"News - Latonen Cancer Stress Biology\" \/>\n<meta property=\"og:description\" content=\"Some of our highlights are listed here -check out more of our news at LinkedIn * * * * * Leena Latonen attended China-Germany-Finland Life Sciences Forum as an invited speaker, to discuss our work on dissecting drug sensitivities in prostate cancer cells by proteomics-driven multiomics. See a news piece of the event here. 8.8.2025 [&hellip;]\" \/>\n<meta property=\"og:url\" content=\"https:\/\/sites.uef.fi\/cancer-stress-biology-latonen\/frontpage\/news\/\" \/>\n<meta property=\"og:site_name\" content=\"Latonen Cancer Stress Biology\" \/>\n<meta property=\"article:modified_time\" content=\"2025-08-22T15:03:30+00:00\" \/>\n<meta name=\"twitter:card\" content=\"summary_large_image\" \/>\n<meta name=\"twitter:label1\" content=\"Est. reading time\" \/>\n\t<meta name=\"twitter:data1\" content=\"7 minutes\" \/>\n<script type=\"application\/ld+json\" class=\"yoast-schema-graph\">{\"@context\":\"https:\\\/\\\/schema.org\",\"@graph\":[{\"@type\":\"WebPage\",\"@id\":\"https:\\\/\\\/sites.uef.fi\\\/cancer-stress-biology-latonen\\\/frontpage\\\/news\\\/\",\"url\":\"https:\\\/\\\/sites.uef.fi\\\/cancer-stress-biology-latonen\\\/frontpage\\\/news\\\/\",\"name\":\"News - Latonen Cancer Stress Biology\",\"isPartOf\":{\"@id\":\"https:\\\/\\\/sites.uef.fi\\\/cancer-stress-biology-latonen\\\/#website\"},\"datePublished\":\"2024-07-17T23:37:44+00:00\",\"dateModified\":\"2025-08-22T15:03:30+00:00\",\"breadcrumb\":{\"@id\":\"https:\\\/\\\/sites.uef.fi\\\/cancer-stress-biology-latonen\\\/frontpage\\\/news\\\/#breadcrumb\"},\"inLanguage\":\"en-US\",\"potentialAction\":[{\"@type\":\"ReadAction\",\"target\":[\"https:\\\/\\\/sites.uef.fi\\\/cancer-stress-biology-latonen\\\/frontpage\\\/news\\\/\"]}]},{\"@type\":\"BreadcrumbList\",\"@id\":\"https:\\\/\\\/sites.uef.fi\\\/cancer-stress-biology-latonen\\\/frontpage\\\/news\\\/#breadcrumb\",\"itemListElement\":[{\"@type\":\"ListItem\",\"position\":1,\"name\":\"Home\",\"item\":\"https:\\\/\\\/sites.uef.fi\\\/cancer-stress-biology-latonen\\\/\"},{\"@type\":\"ListItem\",\"position\":2,\"name\":\"Frontpage\",\"item\":\"https:\\\/\\\/sites.uef.fi\\\/cancer-stress-biology-latonen\\\/\"},{\"@type\":\"ListItem\",\"position\":3,\"name\":\"News\"}]},{\"@type\":\"WebSite\",\"@id\":\"https:\\\/\\\/sites.uef.fi\\\/cancer-stress-biology-latonen\\\/#website\",\"url\":\"https:\\\/\\\/sites.uef.fi\\\/cancer-stress-biology-latonen\\\/\",\"name\":\"Latonen Cancer Stress Biology\",\"description\":\"\",\"potentialAction\":[{\"@type\":\"SearchAction\",\"target\":{\"@type\":\"EntryPoint\",\"urlTemplate\":\"https:\\\/\\\/sites.uef.fi\\\/cancer-stress-biology-latonen\\\/?s={search_term_string}\"},\"query-input\":{\"@type\":\"PropertyValueSpecification\",\"valueRequired\":true,\"valueName\":\"search_term_string\"}}],\"inLanguage\":\"en-US\"}]}<\/script>\n<!-- \/ Yoast SEO plugin. -->","yoast_head_json":{"title":"News - Latonen Cancer Stress Biology","robots":{"index":"index","follow":"follow","max-snippet":"max-snippet:-1","max-image-preview":"max-image-preview:large","max-video-preview":"max-video-preview:-1"},"canonical":"https:\/\/sites.uef.fi\/cancer-stress-biology-latonen\/frontpage\/news\/","og_locale":"en_US","og_type":"article","og_title":"News - Latonen Cancer Stress Biology","og_description":"Some of our highlights are listed here -check out more of our news at LinkedIn * * * * * Leena Latonen attended China-Germany-Finland Life Sciences Forum as an invited speaker, to discuss our work on dissecting drug sensitivities in prostate cancer cells by proteomics-driven multiomics. See a news piece of the event here. 8.8.2025 [&hellip;]","og_url":"https:\/\/sites.uef.fi\/cancer-stress-biology-latonen\/frontpage\/news\/","og_site_name":"Latonen Cancer Stress Biology","article_modified_time":"2025-08-22T15:03:30+00:00","twitter_card":"summary_large_image","twitter_misc":{"Est. reading time":"7 minutes"},"schema":{"@context":"https:\/\/schema.org","@graph":[{"@type":"WebPage","@id":"https:\/\/sites.uef.fi\/cancer-stress-biology-latonen\/frontpage\/news\/","url":"https:\/\/sites.uef.fi\/cancer-stress-biology-latonen\/frontpage\/news\/","name":"News - Latonen Cancer Stress Biology","isPartOf":{"@id":"https:\/\/sites.uef.fi\/cancer-stress-biology-latonen\/#website"},"datePublished":"2024-07-17T23:37:44+00:00","dateModified":"2025-08-22T15:03:30+00:00","breadcrumb":{"@id":"https:\/\/sites.uef.fi\/cancer-stress-biology-latonen\/frontpage\/news\/#breadcrumb"},"inLanguage":"en-US","potentialAction":[{"@type":"ReadAction","target":["https:\/\/sites.uef.fi\/cancer-stress-biology-latonen\/frontpage\/news\/"]}]},{"@type":"BreadcrumbList","@id":"https:\/\/sites.uef.fi\/cancer-stress-biology-latonen\/frontpage\/news\/#breadcrumb","itemListElement":[{"@type":"ListItem","position":1,"name":"Home","item":"https:\/\/sites.uef.fi\/cancer-stress-biology-latonen\/"},{"@type":"ListItem","position":2,"name":"Frontpage","item":"https:\/\/sites.uef.fi\/cancer-stress-biology-latonen\/"},{"@type":"ListItem","position":3,"name":"News"}]},{"@type":"WebSite","@id":"https:\/\/sites.uef.fi\/cancer-stress-biology-latonen\/#website","url":"https:\/\/sites.uef.fi\/cancer-stress-biology-latonen\/","name":"Latonen Cancer Stress Biology","description":"","potentialAction":[{"@type":"SearchAction","target":{"@type":"EntryPoint","urlTemplate":"https:\/\/sites.uef.fi\/cancer-stress-biology-latonen\/?s={search_term_string}"},"query-input":{"@type":"PropertyValueSpecification","valueRequired":true,"valueName":"search_term_string"}}],"inLanguage":"en-US"}]}},"_links":{"self":[{"href":"https:\/\/sites.uef.fi\/cancer-stress-biology-latonen\/wp-json\/wp\/v2\/pages\/1152","targetHints":{"allow":["GET"]}}],"collection":[{"href":"https:\/\/sites.uef.fi\/cancer-stress-biology-latonen\/wp-json\/wp\/v2\/pages"}],"about":[{"href":"https:\/\/sites.uef.fi\/cancer-stress-biology-latonen\/wp-json\/wp\/v2\/types\/page"}],"author":[{"embeddable":true,"href":"https:\/\/sites.uef.fi\/cancer-stress-biology-latonen\/wp-json\/wp\/v2\/users\/323"}],"replies":[{"embeddable":true,"href":"https:\/\/sites.uef.fi\/cancer-stress-biology-latonen\/wp-json\/wp\/v2\/comments?post=1152"}],"version-history":[{"count":11,"href":"https:\/\/sites.uef.fi\/cancer-stress-biology-latonen\/wp-json\/wp\/v2\/pages\/1152\/revisions"}],"predecessor-version":[{"id":1253,"href":"https:\/\/sites.uef.fi\/cancer-stress-biology-latonen\/wp-json\/wp\/v2\/pages\/1152\/revisions\/1253"}],"up":[{"embeddable":true,"href":"https:\/\/sites.uef.fi\/cancer-stress-biology-latonen\/wp-json\/wp\/v2\/pages\/31"}],"wp:attachment":[{"href":"https:\/\/sites.uef.fi\/cancer-stress-biology-latonen\/wp-json\/wp\/v2\/media?parent=1152"}],"curies":[{"name":"wp","href":"https:\/\/api.w.org\/{rel}","templated":true}]}}