{"id":84,"date":"2020-09-10T00:17:16","date_gmt":"2020-09-09T21:17:16","guid":{"rendered":"https:\/\/sites.uef.fi\/cardiovasculargenomics\/?page_id=84"},"modified":"2025-01-14T22:21:03","modified_gmt":"2025-01-14T20:21:03","slug":"lab-members","status":"publish","type":"page","link":"https:\/\/sites.uef.fi\/cardiovasculargenomics\/front-page\/research\/lab-members\/","title":{"rendered":"Lab Members"},"content":{"rendered":"\n<h1 class=\"wp-block-heading has-text-align-center\"><strong><span class=\"has-inline-color has-black-color\">&#8220;The Boss&#8221;<\/span><\/strong><\/h1>\n\n\n\n<div class=\"wp-block-columns is-layout-flex wp-container-core-columns-is-layout-9d6595d7 wp-block-columns-is-layout-flex\">\n<div class=\"wp-block-column is-layout-flow wp-block-column-is-layout-flow\">\n<figure class=\"wp-block-image size-large is-style-default\"><img loading=\"lazy\" decoding=\"async\" width=\"1024\" height=\"683\" src=\"https:\/\/sites.uef.fi\/cardiovasculargenomics\/wp-content\/uploads\/sites\/146\/2023\/05\/MK-M_4010-1024x683.jpg\" alt=\"\" class=\"wp-image-2090\" srcset=\"https:\/\/sites.uef.fi\/cardiovasculargenomics\/wp-content\/uploads\/sites\/146\/2023\/05\/MK-M_4010-1024x683.jpg 1024w, https:\/\/sites.uef.fi\/cardiovasculargenomics\/wp-content\/uploads\/sites\/146\/2023\/05\/MK-M_4010-300x200.jpg 300w, https:\/\/sites.uef.fi\/cardiovasculargenomics\/wp-content\/uploads\/sites\/146\/2023\/05\/MK-M_4010-768x512.jpg 768w, https:\/\/sites.uef.fi\/cardiovasculargenomics\/wp-content\/uploads\/sites\/146\/2023\/05\/MK-M_4010-1536x1024.jpg 1536w, https:\/\/sites.uef.fi\/cardiovasculargenomics\/wp-content\/uploads\/sites\/146\/2023\/05\/MK-M_4010-2048x1365.jpg 2048w\" sizes=\"auto, (max-width: 1024px) 100vw, 1024px\" \/><\/figure>\n<\/div>\n\n\n\n<div class=\"wp-block-column is-layout-flow wp-block-column-is-layout-flow\">\n<h2 class=\"wp-block-heading\" id=\"block-5a0cbaa9-79f2-4a84-996e-6d207e98b78f\"><a href=\"https:\/\/uefconnect.uef.fi\/en\/person\/minna.kaikkonen-maatta\/\" target=\"_blank\" rel=\"noreferrer noopener\"><span class=\"has-inline-color has-vivid-cyan-blue-color\">Minna Kaikkonen-M\u00e4\u00e4tt\u00e4<\/span><\/a><\/h2>\n\n\n\n<p>Academy of Finland Researcher<br>Professor, PhD<br>Contact: minna.kaikkonen@uef.fi<\/p>\n<\/div>\n<\/div>\n\n\n\n<h1 class=\"wp-block-heading has-text-align-center\"><mark style=\"background-color:#ffffff\" class=\"has-inline-color has-black-color\">&#8220;<strong>The Team<\/strong>&#8220;<\/mark><\/h1>\n\n\n\n<div class=\"wp-block-columns is-layout-flex wp-container-core-columns-is-layout-9d6595d7 wp-block-columns-is-layout-flex\">\n<div class=\"wp-block-column is-layout-flow wp-block-column-is-layout-flow\">\n<figure class=\"wp-block-image size-large is-style-default\"><img loading=\"lazy\" decoding=\"async\" width=\"1024\" height=\"683\" src=\"https:\/\/sites.uef.fi\/cardiovasculargenomics\/wp-content\/uploads\/sites\/146\/2023\/06\/DSC3976-1024x683.jpg\" alt=\"\" class=\"wp-image-2276\" srcset=\"https:\/\/sites.uef.fi\/cardiovasculargenomics\/wp-content\/uploads\/sites\/146\/2023\/06\/DSC3976-1024x683.jpg 1024w, https:\/\/sites.uef.fi\/cardiovasculargenomics\/wp-content\/uploads\/sites\/146\/2023\/06\/DSC3976-300x200.jpg 300w, https:\/\/sites.uef.fi\/cardiovasculargenomics\/wp-content\/uploads\/sites\/146\/2023\/06\/DSC3976-768x512.jpg 768w, https:\/\/sites.uef.fi\/cardiovasculargenomics\/wp-content\/uploads\/sites\/146\/2023\/06\/DSC3976-1536x1025.jpg 1536w, https:\/\/sites.uef.fi\/cardiovasculargenomics\/wp-content\/uploads\/sites\/146\/2023\/06\/DSC3976-2048x1366.jpg 2048w\" sizes=\"auto, (max-width: 1024px) 100vw, 1024px\" \/><\/figure>\n<\/div>\n<\/div>\n\n\n\n<div class=\"wp-block-columns is-layout-flex wp-container-core-columns-is-layout-9d6595d7 wp-block-columns-is-layout-flex\">\n<div class=\"wp-block-column is-layout-flow wp-block-column-is-layout-flow\">\n<p><strong><mark style=\"background-color:#ffffff\" class=\"has-inline-color has-black-color\">Postdoctoral Researchers<\/mark><\/strong><\/p>\n\n\n\n<p>Gyan Ranjan<\/p>\n\n\n\n<p><a data-type=\"URL\" data-id=\"https:\/\/uefconnect.uef.fi\/en\/person\/ilakya.selvarajan\/\" href=\"https:\/\/uefconnect.uef.fi\/en\/person\/ilakya.selvarajan\/\" target=\"_blank\" rel=\"noreferrer noopener\">Ilakya Selvarajan<\/a><\/p>\n\n\n\n<p><a href=\"https:\/\/uefconnect.uef.fi\/jagadish.vangipurapu\/\">Jagadish Vangipurapu<\/a><\/p>\n\n\n\n<p><a rel=\"noreferrer noopener\" href=\"https:\/\/uefconnect.uef.fi\/en\/person\/mari.taipale\/\" data-type=\"URL\" data-id=\"https:\/\/uefconnect.uef.fi\/en\/person\/mari.taipale\/\" target=\"_blank\">Mari Taipale<\/a><\/p>\n\n\n\n<p><a href=\"https:\/\/uefconnect.uef.fi\/muniesh.muthaiyan-shanmugam\/\">Muniesh Muthaiyan Shanmugam<\/a><\/p>\n\n\n\n<p><a href=\"https:\/\/uefconnect.uef.fi\/en\/person\/prosanta.singha\/\" data-type=\"URL\" data-id=\"https:\/\/uefconnect.uef.fi\/en\/person\/prosanta.singha\/\" target=\"_blank\" rel=\"noreferrer noopener\">Prosanta Singha<\/a><\/p>\n\n\n\n<p><a href=\"https:\/\/uefconnect.uef.fi\/en\/person\/tiit.ord\/\" data-type=\"URL\" data-id=\"https:\/\/uefconnect.uef.fi\/en\/person\/tiit.ord\/\" target=\"_blank\" rel=\"noreferrer noopener\">Tiit \u00d6rd<\/a><\/p>\n\n\n\n<p><a href=\"https:\/\/uefconnect.uef.fi\/en\/person\/uma.thanigai-arasu\/\" data-type=\"URL\" data-id=\"https:\/\/uefconnect.uef.fi\/en\/person\/uma.thanigai-arasu\/\" target=\"_blank\" rel=\"noreferrer noopener\">Uma Thanigai Arasu<\/a><\/p>\n\n\n\n<p><\/p>\n<\/div>\n\n\n\n<div class=\"wp-block-column is-layout-flow wp-block-column-is-layout-flow\">\n<p><strong><span class=\"has-inline-color has-black-color\">Doctoral Researchers<\/span><\/strong><\/p>\n\n\n\n<p><a rel=\"noreferrer noopener\" href=\"https:\/\/uefconnect.uef.fi\/en\/person\/aarthi.ravindran\/\" data-type=\"URL\" data-id=\"https:\/\/uefconnect.uef.fi\/en\/person\/aarthi.ravindran\/\" target=\"_blank\">Aarthi Ravindran<\/a><\/p>\n\n\n\n<p><a href=\"https:\/\/uefconnect.uef.fi\/aydin.boluk\/\">Aydin B\u00f6l\u00fck<\/a><\/p>\n\n\n\n<p><a href=\"https:\/\/uefconnect.uef.fi\/anu.nyberg\/\">Anu Nyberg<\/a><\/p>\n\n\n\n<p><a href=\"https:\/\/uefconnect.uef.fi\/iida.vokkolainen\/\">Iida Vokkolainen<\/a><\/p>\n\n\n\n<p><a href=\"https:\/\/uefconnect.uef.fi\/jimi.virkkala\/\">Jimi Virkkala<\/a><\/p>\n\n\n\n<p><a href=\"https:\/\/uefconnect.uef.fi\/henkilo\/mehvash.godiwala\/\" data-type=\"URL\" data-id=\"https:\/\/uefconnect.uef.fi\/henkilo\/mehvash.godiwala\/\">Mehvash Godiwala<\/a><\/p>\n\n\n\n<p><a rel=\"noreferrer noopener\" href=\"https:\/\/uefconnect.uef.fi\/en\/person\/negar.pouyanfar\/\" data-type=\"URL\" data-id=\"https:\/\/uefconnect.uef.fi\/en\/person\/negar.pouyanfar\/\" target=\"_blank\">Negar Pouyanfar<\/a><\/p>\n\n\n\n<p><a href=\"https:\/\/uefconnect.uef.fi\/en\/person\/oscar.liu\/\" data-type=\"URL\" data-id=\"https:\/\/uefconnect.uef.fi\/en\/person\/oscar.liu\/\" target=\"_blank\" rel=\"noreferrer noopener\">Oscar Liu<\/a><\/p>\n\n\n\n<p><a href=\"https:\/\/uefconnect.uef.fi\/en\/person\/valtteri.nurminen\/\" data-type=\"URL\" data-id=\"https:\/\/uefconnect.uef.fi\/en\/person\/valtteri.nurminen\/\" target=\"_blank\" rel=\"noreferrer noopener\">Valtteri Nurminen<\/a><\/p>\n\n\n\n<p><\/p>\n\n\n\n<p><\/p>\n<\/div>\n\n\n\n<div class=\"wp-block-column is-layout-flow wp-block-column-is-layout-flow\">\n<p><strong><span class=\"has-inline-color has-black-color\">Aspiring Researchers<\/span><\/strong><\/p>\n\n\n\n<p>Iida Puranen<\/p>\n\n\n\n<p>Sarina Arastoo<\/p>\n\n\n\n<p>Thomas Dunlop<\/p>\n<\/div>\n<\/div>\n\n\n\n<div class=\"wp-block-columns is-layout-flex wp-container-core-columns-is-layout-9d6595d7 wp-block-columns-is-layout-flex\">\n<div class=\"wp-block-column is-layout-flow wp-block-column-is-layout-flow\">\n<p><strong><span class=\"has-inline-color has-black-color\">Technician<\/span><\/strong><\/p>\n\n\n\n<p><a rel=\"noreferrer noopener\" href=\"https:\/\/uefconnect.uef.fi\/en\/person\/merja.lukkari\/\" data-type=\"URL\" data-id=\"https:\/\/uefconnect.uef.fi\/en\/person\/merja.lukkari\/\" target=\"_blank\">Merja Lukkari<\/a><\/p>\n\n\n\n<p><a href=\"https:\/\/uefconnect.uef.fi\/riikka.karna\/\">Riikka K\u00e4rn\u00e4<\/a><\/p>\n<\/div>\n\n\n\n<div class=\"wp-block-column is-layout-flow wp-block-column-is-layout-flow\"><\/div>\n<\/div>\n\n\n\n<p><\/p>\n","protected":false},"excerpt":{"rendered":"<p>&#8220;The Boss&#8221; Minna Kaikkonen-M\u00e4\u00e4tt\u00e4 Academy of Finland ResearcherProfessor, PhDContact: minna.kaikkonen@uef.fi &#8220;The Team&#8220; Postdoctoral Researchers Gyan Ranjan Ilakya Selvarajan Jagadish Vangipurapu Mari Taipale Muniesh Muthaiyan Shanmugam Prosanta Singha Tiit \u00d6rd Uma Thanigai Arasu Doctoral Researchers Aarthi Ravindran Aydin B\u00f6l\u00fck Anu Nyberg Iida Vokkolainen Jimi Virkkala Mehvash Godiwala Negar Pouyanfar Oscar Liu Valtteri Nurminen Aspiring Researchers Iida [&hellip;]<\/p>\n","protected":false},"author":237,"featured_media":0,"parent":848,"menu_order":0,"comment_status":"closed","ping_status":"closed","template":"","meta":{"_acf_changed":false,"_monsterinsights_skip_tracking":false,"_monsterinsights_sitenote_active":false,"_monsterinsights_sitenote_note":"","_monsterinsights_sitenote_category":0,"footnotes":""},"class_list":["post-84","page","type-page","status-publish","hentry"],"acf":[],"yoast_head":"<!-- This site is optimized with the Yoast SEO plugin v27.1.1 - https:\/\/yoast.com\/product\/yoast-seo-wordpress\/ -->\n<title>Lab Members - Cardiovascular Genomics<\/title>\n<meta name=\"robots\" content=\"index, follow, max-snippet:-1, max-image-preview:large, max-video-preview:-1\" \/>\n<link rel=\"canonical\" href=\"https:\/\/sites.uef.fi\/cardiovasculargenomics\/front-page\/research\/lab-members\/\" \/>\n<meta property=\"og:locale\" content=\"en_US\" \/>\n<meta property=\"og:type\" content=\"article\" \/>\n<meta property=\"og:title\" content=\"Lab Members - Cardiovascular Genomics\" \/>\n<meta property=\"og:description\" content=\"&#8220;The Boss&#8221; Minna Kaikkonen-M\u00e4\u00e4tt\u00e4 Academy of Finland ResearcherProfessor, PhDContact: minna.kaikkonen@uef.fi &#8220;The Team&#8220; Postdoctoral Researchers Gyan Ranjan Ilakya Selvarajan Jagadish Vangipurapu Mari Taipale Muniesh Muthaiyan Shanmugam Prosanta Singha Tiit \u00d6rd Uma Thanigai Arasu Doctoral Researchers Aarthi Ravindran Aydin B\u00f6l\u00fck Anu Nyberg Iida Vokkolainen Jimi Virkkala Mehvash Godiwala Negar Pouyanfar Oscar Liu Valtteri Nurminen Aspiring Researchers Iida [&hellip;]\" \/>\n<meta property=\"og:url\" content=\"https:\/\/sites.uef.fi\/cardiovasculargenomics\/front-page\/research\/lab-members\/\" \/>\n<meta property=\"og:site_name\" content=\"Cardiovascular Genomics\" \/>\n<meta property=\"article:modified_time\" content=\"2025-01-14T20:21:03+00:00\" \/>\n<meta property=\"og:image\" content=\"https:\/\/sites.uef.fi\/cardiovasculargenomics\/wp-content\/uploads\/sites\/146\/2023\/05\/MK-M_4010-scaled.jpg\" \/>\n\t<meta property=\"og:image:width\" content=\"2560\" \/>\n\t<meta property=\"og:image:height\" content=\"1707\" \/>\n\t<meta property=\"og:image:type\" content=\"image\/jpeg\" \/>\n<meta name=\"twitter:card\" content=\"summary_large_image\" \/>\n<meta name=\"twitter:label1\" content=\"Est. reading time\" \/>\n\t<meta name=\"twitter:data1\" content=\"1 minute\" \/>\n<script type=\"application\/ld+json\" class=\"yoast-schema-graph\">{\"@context\":\"https:\/\/schema.org\",\"@graph\":[{\"@type\":\"WebPage\",\"@id\":\"https:\/\/sites.uef.fi\/cardiovasculargenomics\/front-page\/research\/lab-members\/\",\"url\":\"https:\/\/sites.uef.fi\/cardiovasculargenomics\/front-page\/research\/lab-members\/\",\"name\":\"Lab Members - Cardiovascular Genomics\",\"isPartOf\":{\"@id\":\"https:\/\/sites.uef.fi\/cardiovasculargenomics\/#website\"},\"primaryImageOfPage\":{\"@id\":\"https:\/\/sites.uef.fi\/cardiovasculargenomics\/front-page\/research\/lab-members\/#primaryimage\"},\"image\":{\"@id\":\"https:\/\/sites.uef.fi\/cardiovasculargenomics\/front-page\/research\/lab-members\/#primaryimage\"},\"thumbnailUrl\":\"https:\/\/sites.uef.fi\/cardiovasculargenomics\/wp-content\/uploads\/sites\/146\/2023\/05\/MK-M_4010-1024x683.jpg\",\"datePublished\":\"2020-09-09T21:17:16+00:00\",\"dateModified\":\"2025-01-14T20:21:03+00:00\",\"breadcrumb\":{\"@id\":\"https:\/\/sites.uef.fi\/cardiovasculargenomics\/front-page\/research\/lab-members\/#breadcrumb\"},\"inLanguage\":\"en-US\",\"potentialAction\":[{\"@type\":\"ReadAction\",\"target\":[\"https:\/\/sites.uef.fi\/cardiovasculargenomics\/front-page\/research\/lab-members\/\"]}]},{\"@type\":\"ImageObject\",\"inLanguage\":\"en-US\",\"@id\":\"https:\/\/sites.uef.fi\/cardiovasculargenomics\/front-page\/research\/lab-members\/#primaryimage\",\"url\":\"https:\/\/sites.uef.fi\/cardiovasculargenomics\/wp-content\/uploads\/sites\/146\/2023\/05\/MK-M_4010-scaled.jpg\",\"contentUrl\":\"https:\/\/sites.uef.fi\/cardiovasculargenomics\/wp-content\/uploads\/sites\/146\/2023\/05\/MK-M_4010-scaled.jpg\",\"width\":2560,\"height\":1707},{\"@type\":\"BreadcrumbList\",\"@id\":\"https:\/\/sites.uef.fi\/cardiovasculargenomics\/front-page\/research\/lab-members\/#breadcrumb\",\"itemListElement\":[{\"@type\":\"ListItem\",\"position\":1,\"name\":\"Home\",\"item\":\"https:\/\/sites.uef.fi\/cardiovasculargenomics\/\"},{\"@type\":\"ListItem\",\"position\":2,\"name\":\"Home\",\"item\":\"https:\/\/sites.uef.fi\/cardiovasculargenomics\/\"},{\"@type\":\"ListItem\",\"position\":3,\"name\":\"Research\",\"item\":\"https:\/\/sites.uef.fi\/cardiovasculargenomics\/front-page\/research\/\"},{\"@type\":\"ListItem\",\"position\":4,\"name\":\"Lab Members\"}]},{\"@type\":\"WebSite\",\"@id\":\"https:\/\/sites.uef.fi\/cardiovasculargenomics\/#website\",\"url\":\"https:\/\/sites.uef.fi\/cardiovasculargenomics\/\",\"name\":\"Cardiovascular Genomics\",\"description\":\"\",\"potentialAction\":[{\"@type\":\"SearchAction\",\"target\":{\"@type\":\"EntryPoint\",\"urlTemplate\":\"https:\/\/sites.uef.fi\/cardiovasculargenomics\/?s={search_term_string}\"},\"query-input\":{\"@type\":\"PropertyValueSpecification\",\"valueRequired\":true,\"valueName\":\"search_term_string\"}}],\"inLanguage\":\"en-US\"}]}<\/script>\n<!-- \/ Yoast SEO plugin. -->","yoast_head_json":{"title":"Lab Members - Cardiovascular Genomics","robots":{"index":"index","follow":"follow","max-snippet":"max-snippet:-1","max-image-preview":"max-image-preview:large","max-video-preview":"max-video-preview:-1"},"canonical":"https:\/\/sites.uef.fi\/cardiovasculargenomics\/front-page\/research\/lab-members\/","og_locale":"en_US","og_type":"article","og_title":"Lab Members - Cardiovascular Genomics","og_description":"&#8220;The Boss&#8221; Minna Kaikkonen-M\u00e4\u00e4tt\u00e4 Academy of Finland ResearcherProfessor, PhDContact: minna.kaikkonen@uef.fi &#8220;The Team&#8220; Postdoctoral Researchers Gyan Ranjan Ilakya Selvarajan Jagadish Vangipurapu Mari Taipale Muniesh Muthaiyan Shanmugam Prosanta Singha Tiit \u00d6rd Uma Thanigai Arasu Doctoral Researchers Aarthi Ravindran Aydin B\u00f6l\u00fck Anu Nyberg Iida Vokkolainen Jimi Virkkala Mehvash Godiwala Negar Pouyanfar Oscar Liu Valtteri Nurminen Aspiring Researchers Iida [&hellip;]","og_url":"https:\/\/sites.uef.fi\/cardiovasculargenomics\/front-page\/research\/lab-members\/","og_site_name":"Cardiovascular Genomics","article_modified_time":"2025-01-14T20:21:03+00:00","og_image":[{"width":2560,"height":1707,"url":"https:\/\/sites.uef.fi\/cardiovasculargenomics\/wp-content\/uploads\/sites\/146\/2023\/05\/MK-M_4010-scaled.jpg","type":"image\/jpeg"}],"twitter_card":"summary_large_image","twitter_misc":{"Est. reading time":"1 minute"},"schema":{"@context":"https:\/\/schema.org","@graph":[{"@type":"WebPage","@id":"https:\/\/sites.uef.fi\/cardiovasculargenomics\/front-page\/research\/lab-members\/","url":"https:\/\/sites.uef.fi\/cardiovasculargenomics\/front-page\/research\/lab-members\/","name":"Lab Members - Cardiovascular Genomics","isPartOf":{"@id":"https:\/\/sites.uef.fi\/cardiovasculargenomics\/#website"},"primaryImageOfPage":{"@id":"https:\/\/sites.uef.fi\/cardiovasculargenomics\/front-page\/research\/lab-members\/#primaryimage"},"image":{"@id":"https:\/\/sites.uef.fi\/cardiovasculargenomics\/front-page\/research\/lab-members\/#primaryimage"},"thumbnailUrl":"https:\/\/sites.uef.fi\/cardiovasculargenomics\/wp-content\/uploads\/sites\/146\/2023\/05\/MK-M_4010-1024x683.jpg","datePublished":"2020-09-09T21:17:16+00:00","dateModified":"2025-01-14T20:21:03+00:00","breadcrumb":{"@id":"https:\/\/sites.uef.fi\/cardiovasculargenomics\/front-page\/research\/lab-members\/#breadcrumb"},"inLanguage":"en-US","potentialAction":[{"@type":"ReadAction","target":["https:\/\/sites.uef.fi\/cardiovasculargenomics\/front-page\/research\/lab-members\/"]}]},{"@type":"ImageObject","inLanguage":"en-US","@id":"https:\/\/sites.uef.fi\/cardiovasculargenomics\/front-page\/research\/lab-members\/#primaryimage","url":"https:\/\/sites.uef.fi\/cardiovasculargenomics\/wp-content\/uploads\/sites\/146\/2023\/05\/MK-M_4010-scaled.jpg","contentUrl":"https:\/\/sites.uef.fi\/cardiovasculargenomics\/wp-content\/uploads\/sites\/146\/2023\/05\/MK-M_4010-scaled.jpg","width":2560,"height":1707},{"@type":"BreadcrumbList","@id":"https:\/\/sites.uef.fi\/cardiovasculargenomics\/front-page\/research\/lab-members\/#breadcrumb","itemListElement":[{"@type":"ListItem","position":1,"name":"Home","item":"https:\/\/sites.uef.fi\/cardiovasculargenomics\/"},{"@type":"ListItem","position":2,"name":"Home","item":"https:\/\/sites.uef.fi\/cardiovasculargenomics\/"},{"@type":"ListItem","position":3,"name":"Research","item":"https:\/\/sites.uef.fi\/cardiovasculargenomics\/front-page\/research\/"},{"@type":"ListItem","position":4,"name":"Lab Members"}]},{"@type":"WebSite","@id":"https:\/\/sites.uef.fi\/cardiovasculargenomics\/#website","url":"https:\/\/sites.uef.fi\/cardiovasculargenomics\/","name":"Cardiovascular Genomics","description":"","potentialAction":[{"@type":"SearchAction","target":{"@type":"EntryPoint","urlTemplate":"https:\/\/sites.uef.fi\/cardiovasculargenomics\/?s={search_term_string}"},"query-input":{"@type":"PropertyValueSpecification","valueRequired":true,"valueName":"search_term_string"}}],"inLanguage":"en-US"}]}},"_links":{"self":[{"href":"https:\/\/sites.uef.fi\/cardiovasculargenomics\/wp-json\/wp\/v2\/pages\/84","targetHints":{"allow":["GET"]}}],"collection":[{"href":"https:\/\/sites.uef.fi\/cardiovasculargenomics\/wp-json\/wp\/v2\/pages"}],"about":[{"href":"https:\/\/sites.uef.fi\/cardiovasculargenomics\/wp-json\/wp\/v2\/types\/page"}],"author":[{"embeddable":true,"href":"https:\/\/sites.uef.fi\/cardiovasculargenomics\/wp-json\/wp\/v2\/users\/237"}],"replies":[{"embeddable":true,"href":"https:\/\/sites.uef.fi\/cardiovasculargenomics\/wp-json\/wp\/v2\/comments?post=84"}],"version-history":[{"count":2,"href":"https:\/\/sites.uef.fi\/cardiovasculargenomics\/wp-json\/wp\/v2\/pages\/84\/revisions"}],"predecessor-version":[{"id":2502,"href":"https:\/\/sites.uef.fi\/cardiovasculargenomics\/wp-json\/wp\/v2\/pages\/84\/revisions\/2502"}],"up":[{"embeddable":true,"href":"https:\/\/sites.uef.fi\/cardiovasculargenomics\/wp-json\/wp\/v2\/pages\/848"}],"wp:attachment":[{"href":"https:\/\/sites.uef.fi\/cardiovasculargenomics\/wp-json\/wp\/v2\/media?parent=84"}],"curies":[{"name":"wp","href":"https:\/\/api.w.org\/{rel}","templated":true}]}}