{"id":881,"date":"2021-03-13T16:57:49","date_gmt":"2021-03-13T14:57:49","guid":{"rendered":"https:\/\/sites.uef.fi\/cardiovasculargenomics\/our-activities\/"},"modified":"2023-02-21T22:26:44","modified_gmt":"2023-02-21T20:26:44","slug":"our-activities","status":"publish","type":"page","link":"https:\/\/sites.uef.fi\/cardiovasculargenomics\/etusivu\/research\/lab-members\/publications\/our-activities\/?lang=fi","title":{"rendered":"Our Activities"},"content":{"rendered":"\n<div class=\"wp-block-columns is-layout-flex wp-container-core-columns-is-layout-9d6595d7 wp-block-columns-is-layout-flex\">\n<div class=\"wp-block-column is-layout-flow wp-block-column-is-layout-flow\">\n<h1 class=\"wp-block-heading\">Scientific &amp; social activities<\/h1>\n<\/div>\n\n\n\n<div class=\"wp-block-column is-layout-flow wp-block-column-is-layout-flow\">\n<h1 class=\"wp-block-heading\">Twitter activities<\/h1>\n<\/div>\n<\/div>\n\n\n\n<div class=\"wp-block-columns is-layout-flex wp-container-core-columns-is-layout-9d6595d7 wp-block-columns-is-layout-flex\">\n<div class=\"wp-block-column is-layout-flow wp-block-column-is-layout-flow\">\n<p><mark class=\"has-inline-color has-vivid-purple-color\"><strong>2022 Christmas party &#8211;<\/strong> <\/mark>We had a wonderful Christmas party, full of joy and laughter, where we reflected on the past year and expressed gratitude for all the good times, and wished for an even happier year ahead.<\/p>\n\n\n\n<figure class=\"wp-block-gallery has-nested-images columns-default is-cropped wp-block-gallery-1 is-layout-flex wp-block-gallery-is-layout-flex\">\n<figure class=\"wp-block-image size-large\"><img loading=\"lazy\" decoding=\"async\" width=\"1024\" height=\"768\" data-id=\"1878\" src=\"https:\/\/sites.uef.fi\/cardiovasculargenomics\/wp-content\/uploads\/sites\/146\/2023\/02\/79E811F5-C470-4C5F-8B0A-B1D3D46737B3-1024x768.jpeg\" alt=\"\" class=\"wp-image-1878\" srcset=\"https:\/\/sites.uef.fi\/cardiovasculargenomics\/wp-content\/uploads\/sites\/146\/2023\/02\/79E811F5-C470-4C5F-8B0A-B1D3D46737B3-1024x768.jpeg 1024w, https:\/\/sites.uef.fi\/cardiovasculargenomics\/wp-content\/uploads\/sites\/146\/2023\/02\/79E811F5-C470-4C5F-8B0A-B1D3D46737B3-300x225.jpeg 300w, https:\/\/sites.uef.fi\/cardiovasculargenomics\/wp-content\/uploads\/sites\/146\/2023\/02\/79E811F5-C470-4C5F-8B0A-B1D3D46737B3-768x576.jpeg 768w, https:\/\/sites.uef.fi\/cardiovasculargenomics\/wp-content\/uploads\/sites\/146\/2023\/02\/79E811F5-C470-4C5F-8B0A-B1D3D46737B3-1536x1152.jpeg 1536w, https:\/\/sites.uef.fi\/cardiovasculargenomics\/wp-content\/uploads\/sites\/146\/2023\/02\/79E811F5-C470-4C5F-8B0A-B1D3D46737B3-2048x1536.jpeg 2048w\" sizes=\"auto, (max-width: 1024px) 100vw, 1024px\" \/><\/figure>\n\n\n\n<figure class=\"wp-block-image size-large\"><img loading=\"lazy\" decoding=\"async\" width=\"768\" height=\"1024\" data-id=\"1884\" src=\"https:\/\/sites.uef.fi\/cardiovasculargenomics\/wp-content\/uploads\/sites\/146\/2023\/02\/BEB70884-88EC-4004-BCFB-864E9D0C5BEA-768x1024.jpeg\" alt=\"\" class=\"wp-image-1884\" srcset=\"https:\/\/sites.uef.fi\/cardiovasculargenomics\/wp-content\/uploads\/sites\/146\/2023\/02\/BEB70884-88EC-4004-BCFB-864E9D0C5BEA-768x1024.jpeg 768w, https:\/\/sites.uef.fi\/cardiovasculargenomics\/wp-content\/uploads\/sites\/146\/2023\/02\/BEB70884-88EC-4004-BCFB-864E9D0C5BEA-225x300.jpeg 225w, https:\/\/sites.uef.fi\/cardiovasculargenomics\/wp-content\/uploads\/sites\/146\/2023\/02\/BEB70884-88EC-4004-BCFB-864E9D0C5BEA-1152x1536.jpeg 1152w, https:\/\/sites.uef.fi\/cardiovasculargenomics\/wp-content\/uploads\/sites\/146\/2023\/02\/BEB70884-88EC-4004-BCFB-864E9D0C5BEA-1536x2048.jpeg 1536w, https:\/\/sites.uef.fi\/cardiovasculargenomics\/wp-content\/uploads\/sites\/146\/2023\/02\/BEB70884-88EC-4004-BCFB-864E9D0C5BEA-scaled.jpeg 1920w\" sizes=\"auto, (max-width: 768px) 100vw, 768px\" \/><\/figure>\n<\/figure>\n\n\n\n<p><mark class=\"has-inline-color has-vivid-purple-color\"><strong>2022 Summer activity<\/strong><\/mark>&#8211; When CADGEN members are not in the lab or analyzing data, they can  be found scaling trees and exploring the outdoors. The activities fosters a sense of camaraderie and teamwork that carries over into their research endeavors.<\/p>\n\n\n\n<figure class=\"wp-block-gallery has-nested-images columns-default is-cropped wp-block-gallery-2 is-layout-flex wp-block-gallery-is-layout-flex\">\n<figure class=\"wp-block-image size-large\"><img loading=\"lazy\" decoding=\"async\" width=\"768\" height=\"1024\" data-id=\"1866\" src=\"https:\/\/sites.uef.fi\/cardiovasculargenomics\/wp-content\/uploads\/sites\/146\/2023\/02\/20220621_142447-768x1024.jpg\" alt=\"\" class=\"wp-image-1866\" srcset=\"https:\/\/sites.uef.fi\/cardiovasculargenomics\/wp-content\/uploads\/sites\/146\/2023\/02\/20220621_142447-768x1024.jpg 768w, https:\/\/sites.uef.fi\/cardiovasculargenomics\/wp-content\/uploads\/sites\/146\/2023\/02\/20220621_142447-225x300.jpg 225w, https:\/\/sites.uef.fi\/cardiovasculargenomics\/wp-content\/uploads\/sites\/146\/2023\/02\/20220621_142447-1152x1536.jpg 1152w, https:\/\/sites.uef.fi\/cardiovasculargenomics\/wp-content\/uploads\/sites\/146\/2023\/02\/20220621_142447-1536x2048.jpg 1536w, https:\/\/sites.uef.fi\/cardiovasculargenomics\/wp-content\/uploads\/sites\/146\/2023\/02\/20220621_142447-scaled.jpg 1920w\" sizes=\"auto, (max-width: 768px) 100vw, 768px\" \/><\/figure>\n\n\n\n<figure class=\"wp-block-image size-large\"><img loading=\"lazy\" decoding=\"async\" width=\"1024\" height=\"768\" data-id=\"1860\" src=\"https:\/\/sites.uef.fi\/cardiovasculargenomics\/wp-content\/uploads\/sites\/146\/2023\/02\/20220621_140035-1024x768.jpg\" alt=\"\" class=\"wp-image-1860\" srcset=\"https:\/\/sites.uef.fi\/cardiovasculargenomics\/wp-content\/uploads\/sites\/146\/2023\/02\/20220621_140035-1024x768.jpg 1024w, https:\/\/sites.uef.fi\/cardiovasculargenomics\/wp-content\/uploads\/sites\/146\/2023\/02\/20220621_140035-300x225.jpg 300w, https:\/\/sites.uef.fi\/cardiovasculargenomics\/wp-content\/uploads\/sites\/146\/2023\/02\/20220621_140035-768x576.jpg 768w, https:\/\/sites.uef.fi\/cardiovasculargenomics\/wp-content\/uploads\/sites\/146\/2023\/02\/20220621_140035-1536x1152.jpg 1536w, https:\/\/sites.uef.fi\/cardiovasculargenomics\/wp-content\/uploads\/sites\/146\/2023\/02\/20220621_140035-2048x1536.jpg 2048w\" sizes=\"auto, (max-width: 1024px) 100vw, 1024px\" \/><\/figure>\n\n\n\n<figure class=\"wp-block-image size-large\"><img loading=\"lazy\" decoding=\"async\" width=\"1024\" height=\"768\" data-id=\"1854\" src=\"https:\/\/sites.uef.fi\/cardiovasculargenomics\/wp-content\/uploads\/sites\/146\/2023\/02\/20220621_134508-1024x768.jpg\" alt=\"\" class=\"wp-image-1854\" srcset=\"https:\/\/sites.uef.fi\/cardiovasculargenomics\/wp-content\/uploads\/sites\/146\/2023\/02\/20220621_134508-1024x768.jpg 1024w, https:\/\/sites.uef.fi\/cardiovasculargenomics\/wp-content\/uploads\/sites\/146\/2023\/02\/20220621_134508-300x225.jpg 300w, https:\/\/sites.uef.fi\/cardiovasculargenomics\/wp-content\/uploads\/sites\/146\/2023\/02\/20220621_134508-768x576.jpg 768w, https:\/\/sites.uef.fi\/cardiovasculargenomics\/wp-content\/uploads\/sites\/146\/2023\/02\/20220621_134508-1536x1152.jpg 1536w, https:\/\/sites.uef.fi\/cardiovasculargenomics\/wp-content\/uploads\/sites\/146\/2023\/02\/20220621_134508-2048x1536.jpg 2048w\" sizes=\"auto, (max-width: 1024px) 100vw, 1024px\" \/><\/figure>\n<\/figure>\n\n\n\n<p><strong><mark class=\"has-inline-color has-vivid-purple-color\">Mar 2021<\/mark><\/strong> &#8211;<\/p>\n\n\n\n<p>We are so excited and grateful to Sigrid Juselius Foundation for the continued research support!<\/p>\n\n\n\n<p>Thank you Instrumentariumin tiedes\u00e4\u00e4ti\u00f6 for supporting our research! Important funding for PhD work of Ilakya Selvarajan, Vanesa Tomas Bosch and Pierre Moreau<\/p>\n\n\n\n<p><strong><span class=\"has-inline-color has-vivid-purple-color\">Feb 2021 &#8211; <\/span><\/strong><\/p>\n\n\n\n<p>So excited to share our work in AJHG where we identify potential causal variants and target genes for coronary artery disease GWAS loci in liver. <a rel=\"noreferrer noopener\" href=\"https:\/\/t.co\/GHFU0tHaNq?amp=1\" target=\"_blank\">https:\/\/authors.elsevier.com\/a\/1cdm%7EgeW%7m~geW~i8Z<\/a><\/p>\n\n\n\n<p><strong><mark class=\"has-inline-color has-vivid-purple-color\">Dec 2020 Christmas party  <\/mark><\/strong>&#8211; <\/p>\n\n\n\n<p>Great time at the CADGEN Christmas party bouldering and relaxing at the spa in great company.<\/p>\n\n\n\n<figure class=\"wp-block-gallery has-nested-images columns-default is-cropped wp-block-gallery-3 is-layout-flex wp-block-gallery-is-layout-flex\">\n<figure class=\"wp-block-image size-large\"><img loading=\"lazy\" decoding=\"async\" width=\"1024\" height=\"994\" data-id=\"1581\" src=\"https:\/\/sites.uef.fi\/cardiovasculargenomics\/wp-content\/uploads\/sites\/146\/2021\/04\/20201121_160214-scaled-e1618827372615-1024x994.jpg\" alt=\"\" class=\"wp-image-1581\" srcset=\"https:\/\/sites.uef.fi\/cardiovasculargenomics\/wp-content\/uploads\/sites\/146\/2021\/04\/20201121_160214-scaled-e1618827372615-1024x994.jpg 1024w, https:\/\/sites.uef.fi\/cardiovasculargenomics\/wp-content\/uploads\/sites\/146\/2021\/04\/20201121_160214-scaled-e1618827372615-300x291.jpg 300w, https:\/\/sites.uef.fi\/cardiovasculargenomics\/wp-content\/uploads\/sites\/146\/2021\/04\/20201121_160214-scaled-e1618827372615-768x746.jpg 768w, https:\/\/sites.uef.fi\/cardiovasculargenomics\/wp-content\/uploads\/sites\/146\/2021\/04\/20201121_160214-scaled-e1618827372615-1536x1491.jpg 1536w, https:\/\/sites.uef.fi\/cardiovasculargenomics\/wp-content\/uploads\/sites\/146\/2021\/04\/20201121_160214-scaled-e1618827372615.jpg 1753w\" sizes=\"auto, (max-width: 1024px) 100vw, 1024px\" \/><\/figure>\n\n\n\n<figure class=\"wp-block-image size-large\"><img loading=\"lazy\" decoding=\"async\" width=\"1024\" height=\"923\" data-id=\"1575\" src=\"https:\/\/sites.uef.fi\/cardiovasculargenomics\/wp-content\/uploads\/sites\/146\/2021\/04\/20201121_160230-scaled-e1618827388181-1024x923.jpg\" alt=\"\" class=\"wp-image-1575\" srcset=\"https:\/\/sites.uef.fi\/cardiovasculargenomics\/wp-content\/uploads\/sites\/146\/2021\/04\/20201121_160230-scaled-e1618827388181-1024x923.jpg 1024w, https:\/\/sites.uef.fi\/cardiovasculargenomics\/wp-content\/uploads\/sites\/146\/2021\/04\/20201121_160230-scaled-e1618827388181-300x270.jpg 300w, https:\/\/sites.uef.fi\/cardiovasculargenomics\/wp-content\/uploads\/sites\/146\/2021\/04\/20201121_160230-scaled-e1618827388181-768x692.jpg 768w, https:\/\/sites.uef.fi\/cardiovasculargenomics\/wp-content\/uploads\/sites\/146\/2021\/04\/20201121_160230-scaled-e1618827388181-1536x1384.jpg 1536w, https:\/\/sites.uef.fi\/cardiovasculargenomics\/wp-content\/uploads\/sites\/146\/2021\/04\/20201121_160230-scaled-e1618827388181-2048x1845.jpg 2048w\" sizes=\"auto, (max-width: 1024px) 100vw, 1024px\" \/><\/figure>\n<\/figure>\n\n\n\n<p><strong><span class=\"has-inline-color has-vivid-purple-color\">Dec 2020 &#8211;<\/span><\/strong><\/p>\n\n\n\n<p>Deeply grateful to Syd\u00e4ntutkimuss\u00e4\u00e4ti\u00f6 for supporting our research at all the career stages. Congrats to Pierre Moreau, Vanesa Tomas Bosch, Maykel L\u00f3pez Rodr\u00edguez Ilakya Selvarajan and and Uma Thanigai Arasu<\/p>\n\n\n\n<p><strong><span class=\"has-inline-color has-vivid-purple-color\">Nov 2020 &#8211;<\/span><\/strong><\/p>\n\n\n\n<p>Congrats to Ilakya Selvarajan for winning the Young Investigator Award of the <a rel=\"noreferrer noopener\" href=\"https:\/\/satyryfi.wordpress.com\/\" data-type=\"URL\" data-id=\"https:\/\/satyryfi.wordpress.com\/\" target=\"_blank\">Finnish Atherosclerosis Society <\/a>with her great talk!<\/p>\n\n\n\n<figure class=\"wp-block-image size-large is-style-default\"><img loading=\"lazy\" decoding=\"async\" width=\"1024\" height=\"572\" src=\"https:\/\/sites.uef.fi\/cardiovasculargenomics\/wp-content\/uploads\/sites\/146\/2021\/04\/pic1-scaled-e1618827622454-1024x572.jpg\" alt=\"\" class=\"wp-image-1605\" srcset=\"https:\/\/sites.uef.fi\/cardiovasculargenomics\/wp-content\/uploads\/sites\/146\/2021\/04\/pic1-scaled-e1618827622454-1024x572.jpg 1024w, https:\/\/sites.uef.fi\/cardiovasculargenomics\/wp-content\/uploads\/sites\/146\/2021\/04\/pic1-scaled-e1618827622454-300x168.jpg 300w, https:\/\/sites.uef.fi\/cardiovasculargenomics\/wp-content\/uploads\/sites\/146\/2021\/04\/pic1-scaled-e1618827622454-768x429.jpg 768w, https:\/\/sites.uef.fi\/cardiovasculargenomics\/wp-content\/uploads\/sites\/146\/2021\/04\/pic1-scaled-e1618827622454-1536x858.jpg 1536w, https:\/\/sites.uef.fi\/cardiovasculargenomics\/wp-content\/uploads\/sites\/146\/2021\/04\/pic1-scaled-e1618827622454-2048x1145.jpg 2048w\" sizes=\"auto, (max-width: 1024px) 100vw, 1024px\" \/><\/figure>\n\n\n\n<p><strong><span class=\"has-inline-color has-vivid-purple-color\">Oct 2020 &#8211;<\/span><\/strong><\/p>\n\n\n\n<p><a href=\"https:\/\/www.ashg.org\/meetings\/2020meeting\/\" data-type=\"URL\" data-id=\"https:\/\/www.ashg.org\/meetings\/2020meeting\/\" target=\"_blank\" rel=\"noreferrer noopener\">ASHG2020<\/a> is here with an exciting program! Getting ready for the &#8220;Genetics and Functional Insights into cardiovascular disease session starting at 10:30 am EDT.<\/p>\n<\/div>\n\n\n\n<div class=\"wp-block-column is-layout-flow wp-block-column-is-layout-flow\">\n<figure class=\"wp-block-embed is-type-rich is-provider-twitter wp-block-embed-twitter\"><div class=\"wp-block-embed__wrapper\">\n<a class=\"twitter-timeline\" data-width=\"500\" data-height=\"750\" data-dnt=\"true\" href=\"https:\/\/twitter.com\/KaikkonenLab?ref_src=twsrc%5Etfw\">Tweets by KaikkonenLab<\/a><script async src=\"https:\/\/platform.twitter.com\/widgets.js\" charset=\"utf-8\"><\/script>\n<\/div><\/figure>\n<\/div>\n<\/div>\n","protected":false},"excerpt":{"rendered":"<p>Scientific &amp; social activities Twitter activities 2022 Christmas party &#8211; We had a wonderful Christmas party, full of joy and laughter, where we reflected on the past year and expressed gratitude for all the good times, and wished for an even happier year ahead. 2022 Summer activity&#8211; When CADGEN members are not in the lab [&hellip;]<\/p>\n","protected":false},"author":237,"featured_media":0,"parent":887,"menu_order":0,"comment_status":"closed","ping_status":"closed","template":"","meta":{"_acf_changed":false,"_monsterinsights_skip_tracking":false,"_monsterinsights_sitenote_active":false,"_monsterinsights_sitenote_note":"","_monsterinsights_sitenote_category":0,"footnotes":""},"class_list":["post-881","page","type-page","status-publish","hentry"],"acf":[],"yoast_head":"<!-- This site is optimized with the Yoast SEO plugin v27.1.1 - https:\/\/yoast.com\/product\/yoast-seo-wordpress\/ -->\n<title>Our Activities - Cardiovascular Genomics<\/title>\n<meta name=\"robots\" content=\"index, follow, max-snippet:-1, max-image-preview:large, max-video-preview:-1\" \/>\n<link rel=\"canonical\" href=\"https:\/\/sites.uef.fi\/cardiovasculargenomics\/etusivu\/research\/lab-members\/publications\/our-activities\/?lang=fi\" \/>\n<meta property=\"og:locale\" content=\"en_US\" \/>\n<meta property=\"og:type\" content=\"article\" \/>\n<meta property=\"og:title\" content=\"Our Activities - Cardiovascular Genomics\" \/>\n<meta property=\"og:description\" content=\"Scientific &amp; social activities Twitter activities 2022 Christmas party &#8211; We had a wonderful Christmas party, full of joy and laughter, where we reflected on the past year and expressed gratitude for all the good times, and wished for an even happier year ahead. 2022 Summer activity&#8211; When CADGEN members are not in the lab [&hellip;]\" \/>\n<meta property=\"og:url\" content=\"https:\/\/sites.uef.fi\/cardiovasculargenomics\/etusivu\/research\/lab-members\/publications\/our-activities\/?lang=fi\" \/>\n<meta property=\"og:site_name\" content=\"Cardiovascular Genomics\" \/>\n<meta property=\"article:modified_time\" content=\"2023-02-21T20:26:44+00:00\" \/>\n<meta property=\"og:image\" content=\"https:\/\/sites.uef.fi\/cardiovasculargenomics\/wp-content\/uploads\/sites\/146\/2023\/02\/79E811F5-C470-4C5F-8B0A-B1D3D46737B3-1024x768.jpeg\" \/>\n<meta name=\"twitter:card\" content=\"summary_large_image\" \/>\n<meta name=\"twitter:label1\" content=\"Est. reading time\" \/>\n\t<meta name=\"twitter:data1\" content=\"1 minute\" \/>\n<script type=\"application\/ld+json\" class=\"yoast-schema-graph\">{\"@context\":\"https:\/\/schema.org\",\"@graph\":[{\"@type\":\"WebPage\",\"@id\":\"https:\/\/sites.uef.fi\/cardiovasculargenomics\/etusivu\/research\/lab-members\/publications\/our-activities\/?lang=fi\",\"url\":\"https:\/\/sites.uef.fi\/cardiovasculargenomics\/etusivu\/research\/lab-members\/publications\/our-activities\/?lang=fi\",\"name\":\"Our Activities - Cardiovascular Genomics\",\"isPartOf\":{\"@id\":\"https:\/\/sites.uef.fi\/cardiovasculargenomics\/#website\"},\"primaryImageOfPage\":{\"@id\":\"https:\/\/sites.uef.fi\/cardiovasculargenomics\/etusivu\/research\/lab-members\/publications\/our-activities\/?lang=fi#primaryimage\"},\"image\":{\"@id\":\"https:\/\/sites.uef.fi\/cardiovasculargenomics\/etusivu\/research\/lab-members\/publications\/our-activities\/?lang=fi#primaryimage\"},\"thumbnailUrl\":\"https:\/\/sites.uef.fi\/cardiovasculargenomics\/wp-content\/uploads\/sites\/146\/2023\/02\/79E811F5-C470-4C5F-8B0A-B1D3D46737B3-1024x768.jpeg\",\"datePublished\":\"2021-03-13T14:57:49+00:00\",\"dateModified\":\"2023-02-21T20:26:44+00:00\",\"breadcrumb\":{\"@id\":\"https:\/\/sites.uef.fi\/cardiovasculargenomics\/etusivu\/research\/lab-members\/publications\/our-activities\/?lang=fi#breadcrumb\"},\"inLanguage\":\"en-US\",\"potentialAction\":[{\"@type\":\"ReadAction\",\"target\":[\"https:\/\/sites.uef.fi\/cardiovasculargenomics\/etusivu\/research\/lab-members\/publications\/our-activities\/?lang=fi\"]}]},{\"@type\":\"ImageObject\",\"inLanguage\":\"en-US\",\"@id\":\"https:\/\/sites.uef.fi\/cardiovasculargenomics\/etusivu\/research\/lab-members\/publications\/our-activities\/?lang=fi#primaryimage\",\"url\":\"https:\/\/sites.uef.fi\/cardiovasculargenomics\/wp-content\/uploads\/sites\/146\/2023\/02\/79E811F5-C470-4C5F-8B0A-B1D3D46737B3-1024x768.jpeg\",\"contentUrl\":\"https:\/\/sites.uef.fi\/cardiovasculargenomics\/wp-content\/uploads\/sites\/146\/2023\/02\/79E811F5-C470-4C5F-8B0A-B1D3D46737B3-1024x768.jpeg\"},{\"@type\":\"BreadcrumbList\",\"@id\":\"https:\/\/sites.uef.fi\/cardiovasculargenomics\/etusivu\/research\/lab-members\/publications\/our-activities\/?lang=fi#breadcrumb\",\"itemListElement\":[{\"@type\":\"ListItem\",\"position\":1,\"name\":\"Home\",\"item\":\"https:\/\/sites.uef.fi\/cardiovasculargenomics\/\"},{\"@type\":\"ListItem\",\"position\":2,\"name\":\"Etusivu\",\"item\":\"https:\/\/sites.uef.fi\/cardiovasculargenomics\/?lang=fi\"},{\"@type\":\"ListItem\",\"position\":3,\"name\":\"Research\",\"item\":\"https:\/\/sites.uef.fi\/cardiovasculargenomics\/etusivu\/research\/?lang=fi\"},{\"@type\":\"ListItem\",\"position\":4,\"name\":\"Lab Members\",\"item\":\"https:\/\/sites.uef.fi\/cardiovasculargenomics\/etusivu\/research\/lab-members\/?lang=fi\"},{\"@type\":\"ListItem\",\"position\":5,\"name\":\"Publications\",\"item\":\"https:\/\/sites.uef.fi\/cardiovasculargenomics\/etusivu\/research\/lab-members\/publications\/?lang=fi\"},{\"@type\":\"ListItem\",\"position\":6,\"name\":\"Our Activities\"}]},{\"@type\":\"WebSite\",\"@id\":\"https:\/\/sites.uef.fi\/cardiovasculargenomics\/#website\",\"url\":\"https:\/\/sites.uef.fi\/cardiovasculargenomics\/\",\"name\":\"Cardiovascular Genomics\",\"description\":\"\",\"potentialAction\":[{\"@type\":\"SearchAction\",\"target\":{\"@type\":\"EntryPoint\",\"urlTemplate\":\"https:\/\/sites.uef.fi\/cardiovasculargenomics\/?s={search_term_string}\"},\"query-input\":{\"@type\":\"PropertyValueSpecification\",\"valueRequired\":true,\"valueName\":\"search_term_string\"}}],\"inLanguage\":\"en-US\"}]}<\/script>\n<!-- \/ Yoast SEO plugin. -->","yoast_head_json":{"title":"Our Activities - Cardiovascular Genomics","robots":{"index":"index","follow":"follow","max-snippet":"max-snippet:-1","max-image-preview":"max-image-preview:large","max-video-preview":"max-video-preview:-1"},"canonical":"https:\/\/sites.uef.fi\/cardiovasculargenomics\/etusivu\/research\/lab-members\/publications\/our-activities\/?lang=fi","og_locale":"en_US","og_type":"article","og_title":"Our Activities - Cardiovascular Genomics","og_description":"Scientific &amp; social activities Twitter activities 2022 Christmas party &#8211; We had a wonderful Christmas party, full of joy and laughter, where we reflected on the past year and expressed gratitude for all the good times, and wished for an even happier year ahead. 2022 Summer activity&#8211; When CADGEN members are not in the lab [&hellip;]","og_url":"https:\/\/sites.uef.fi\/cardiovasculargenomics\/etusivu\/research\/lab-members\/publications\/our-activities\/?lang=fi","og_site_name":"Cardiovascular Genomics","article_modified_time":"2023-02-21T20:26:44+00:00","og_image":[{"url":"https:\/\/sites.uef.fi\/cardiovasculargenomics\/wp-content\/uploads\/sites\/146\/2023\/02\/79E811F5-C470-4C5F-8B0A-B1D3D46737B3-1024x768.jpeg","type":"","width":"","height":""}],"twitter_card":"summary_large_image","twitter_misc":{"Est. reading time":"1 minute"},"schema":{"@context":"https:\/\/schema.org","@graph":[{"@type":"WebPage","@id":"https:\/\/sites.uef.fi\/cardiovasculargenomics\/etusivu\/research\/lab-members\/publications\/our-activities\/?lang=fi","url":"https:\/\/sites.uef.fi\/cardiovasculargenomics\/etusivu\/research\/lab-members\/publications\/our-activities\/?lang=fi","name":"Our Activities - Cardiovascular Genomics","isPartOf":{"@id":"https:\/\/sites.uef.fi\/cardiovasculargenomics\/#website"},"primaryImageOfPage":{"@id":"https:\/\/sites.uef.fi\/cardiovasculargenomics\/etusivu\/research\/lab-members\/publications\/our-activities\/?lang=fi#primaryimage"},"image":{"@id":"https:\/\/sites.uef.fi\/cardiovasculargenomics\/etusivu\/research\/lab-members\/publications\/our-activities\/?lang=fi#primaryimage"},"thumbnailUrl":"https:\/\/sites.uef.fi\/cardiovasculargenomics\/wp-content\/uploads\/sites\/146\/2023\/02\/79E811F5-C470-4C5F-8B0A-B1D3D46737B3-1024x768.jpeg","datePublished":"2021-03-13T14:57:49+00:00","dateModified":"2023-02-21T20:26:44+00:00","breadcrumb":{"@id":"https:\/\/sites.uef.fi\/cardiovasculargenomics\/etusivu\/research\/lab-members\/publications\/our-activities\/?lang=fi#breadcrumb"},"inLanguage":"en-US","potentialAction":[{"@type":"ReadAction","target":["https:\/\/sites.uef.fi\/cardiovasculargenomics\/etusivu\/research\/lab-members\/publications\/our-activities\/?lang=fi"]}]},{"@type":"ImageObject","inLanguage":"en-US","@id":"https:\/\/sites.uef.fi\/cardiovasculargenomics\/etusivu\/research\/lab-members\/publications\/our-activities\/?lang=fi#primaryimage","url":"https:\/\/sites.uef.fi\/cardiovasculargenomics\/wp-content\/uploads\/sites\/146\/2023\/02\/79E811F5-C470-4C5F-8B0A-B1D3D46737B3-1024x768.jpeg","contentUrl":"https:\/\/sites.uef.fi\/cardiovasculargenomics\/wp-content\/uploads\/sites\/146\/2023\/02\/79E811F5-C470-4C5F-8B0A-B1D3D46737B3-1024x768.jpeg"},{"@type":"BreadcrumbList","@id":"https:\/\/sites.uef.fi\/cardiovasculargenomics\/etusivu\/research\/lab-members\/publications\/our-activities\/?lang=fi#breadcrumb","itemListElement":[{"@type":"ListItem","position":1,"name":"Home","item":"https:\/\/sites.uef.fi\/cardiovasculargenomics\/"},{"@type":"ListItem","position":2,"name":"Etusivu","item":"https:\/\/sites.uef.fi\/cardiovasculargenomics\/?lang=fi"},{"@type":"ListItem","position":3,"name":"Research","item":"https:\/\/sites.uef.fi\/cardiovasculargenomics\/etusivu\/research\/?lang=fi"},{"@type":"ListItem","position":4,"name":"Lab Members","item":"https:\/\/sites.uef.fi\/cardiovasculargenomics\/etusivu\/research\/lab-members\/?lang=fi"},{"@type":"ListItem","position":5,"name":"Publications","item":"https:\/\/sites.uef.fi\/cardiovasculargenomics\/etusivu\/research\/lab-members\/publications\/?lang=fi"},{"@type":"ListItem","position":6,"name":"Our Activities"}]},{"@type":"WebSite","@id":"https:\/\/sites.uef.fi\/cardiovasculargenomics\/#website","url":"https:\/\/sites.uef.fi\/cardiovasculargenomics\/","name":"Cardiovascular Genomics","description":"","potentialAction":[{"@type":"SearchAction","target":{"@type":"EntryPoint","urlTemplate":"https:\/\/sites.uef.fi\/cardiovasculargenomics\/?s={search_term_string}"},"query-input":{"@type":"PropertyValueSpecification","valueRequired":true,"valueName":"search_term_string"}}],"inLanguage":"en-US"}]}},"_links":{"self":[{"href":"https:\/\/sites.uef.fi\/cardiovasculargenomics\/wp-json\/wp\/v2\/pages\/881","targetHints":{"allow":["GET"]}}],"collection":[{"href":"https:\/\/sites.uef.fi\/cardiovasculargenomics\/wp-json\/wp\/v2\/pages"}],"about":[{"href":"https:\/\/sites.uef.fi\/cardiovasculargenomics\/wp-json\/wp\/v2\/types\/page"}],"author":[{"embeddable":true,"href":"https:\/\/sites.uef.fi\/cardiovasculargenomics\/wp-json\/wp\/v2\/users\/237"}],"replies":[{"embeddable":true,"href":"https:\/\/sites.uef.fi\/cardiovasculargenomics\/wp-json\/wp\/v2\/comments?post=881"}],"version-history":[{"count":2,"href":"https:\/\/sites.uef.fi\/cardiovasculargenomics\/wp-json\/wp\/v2\/pages\/881\/revisions"}],"predecessor-version":[{"id":1917,"href":"https:\/\/sites.uef.fi\/cardiovasculargenomics\/wp-json\/wp\/v2\/pages\/881\/revisions\/1917"}],"up":[{"embeddable":true,"href":"https:\/\/sites.uef.fi\/cardiovasculargenomics\/wp-json\/wp\/v2\/pages\/887"}],"wp:attachment":[{"href":"https:\/\/sites.uef.fi\/cardiovasculargenomics\/wp-json\/wp\/v2\/media?parent=881"}],"curies":[{"name":"wp","href":"https:\/\/api.w.org\/{rel}","templated":true}]}}