{"id":93,"date":"2020-09-10T00:19:24","date_gmt":"2020-09-09T21:19:24","guid":{"rendered":"https:\/\/sites.uef.fi\/cardiovasculargenomics\/?page_id=93"},"modified":"2023-06-13T12:20:56","modified_gmt":"2023-06-13T09:20:56","slug":"publications","status":"publish","type":"page","link":"https:\/\/sites.uef.fi\/cardiovasculargenomics\/front-page\/research\/lab-members\/publications\/","title":{"rendered":"Publications"},"content":{"rendered":"\n<h1 class=\"wp-block-heading has-text-align-center\"><strong><span class=\"has-inline-color has-black-color\">Check our<\/span> <a rel=\"noreferrer noopener\" href=\"https:\/\/uefconnect.uef.fi\/en\/group\/cardiovascular-genomics-kaikkonen-lab\/\" target=\"_blank\">cardiovascular genomics<\/a> <span class=\"has-inline-color has-black-color\">page to read more of our publications<\/span><\/strong><\/h1>\n\n\n\n<h1 class=\"wp-block-heading has-text-align-center\"><strong><span class=\"has-inline-color has-black-color\">Selected Publications<\/span><\/strong><\/h1>\n\n\n\n<ol class=\"wp-block-list\" type=\"1\">\n<li>\u00d6rd T, L\u00f6nnberg T, Nurminen V, Ravindran A, Niskanen H, Kiema, M, \u00d5unap K, Maria M, Moreau PR, Mishra PP, Palani S, Virta J, Liljenb\u00e4ck H, Aaavik E, Roivainen A, Yl\u00e4-Herttuala S, LaakonenJP, Lehtim\u00e4ki T, Kaikkonen MU. <a href=\"https:\/\/pubmed.ncbi.nlm.nih.gov\/37060905\/\" data-type=\"URL\" data-id=\"https:\/\/pubmed.ncbi.nlm.nih.gov\/37060905\/\" target=\"_blank\" rel=\"noreferrer noopener\">Dissecting the polygenic basis of atherosclerosis via disease-associated cell state signatures<\/a>. Am J Hum Genet. 2023 May 4; 110(5):722-740.<\/li>\n\n\n\n<li>Aherrahrou R,\u00a0Lue D\u00a0Perry RN,\u00a0Abbera YT, Khan MD,\u00a0Soh JY, \u00d6rd T, Singha P, Yang K,\u00a0Gilani H, Benavente ED,Wong D\u00a0, Hinkle J\u00a0,\u00a0Ma L,\u00a0Sheynkman GM,\u00a0Ruijter HM ,\u00a0Miller CL,\u00a0Bjorkegren JLM,\u00a0Kaikkonen MU\u00a0,\u00a0Civelek M. <a rel=\"noreferrer noopener\" href=\"https:\/\/pubmed.ncbi.nlm.nih.gov\/36597873\/\" data-type=\"URL\" data-id=\"https:\/\/pubmed.ncbi.nlm.nih.gov\/36597873\/\" target=\"_blank\">Genetic Regulation of SMC Gene Expression and Splicing Predict Causal CAD Genes.<\/a> Circ Res. 2023 Feb 3;132(3):323-338.<\/li>\n\n\n\n<li>Babu M,&nbsp;Devi D,&nbsp;M\u00e4kinen P,&nbsp;\u00d6rd T,&nbsp;Aavik E, Kaikkonen MU, Yl\u00e4-Herttuala S. <a rel=\"noreferrer noopener\" href=\"https:\/\/pubmed.ncbi.nlm.nih.gov\/36384268\/\" data-type=\"URL\" data-id=\"https:\/\/pubmed.ncbi.nlm.nih.gov\/36384268\/\" target=\"_blank\">ApoA-I Nanotherapy Rescues Postischemic Vascular Maladaptation by Modulating Endothelial Cell and Macrophage Phenotypes in Type 2 Diabetic Mice.<\/a> Arterioscler Thromb Vasc Biol. 2023 Jan;43(1):e46-e61.<\/li>\n\n\n\n<li>Maria M,&nbsp;Pouyanfar N,&nbsp;\u00d6rd T,&nbsp;Kaikkonen MU. <a rel=\"noreferrer noopener\" href=\"https:\/\/pubmed.ncbi.nlm.nih.gov\/35328055\/\" data-type=\"URL\" data-id=\"https:\/\/pubmed.ncbi.nlm.nih.gov\/35328055\/\" target=\"_blank\">The Power of Single-Cell RNA Sequencing in eQTL Discovery.<\/a> Genes (Basel). 2022 Mar 12;13(3):502.<\/li>\n\n\n\n<li>Toropainen A,&nbsp;Stolze LK, \u00d6rd T, Whalen M,&nbsp;Torrell PM,&nbsp;Link VM,&nbsp;Kaikkonen MU,&nbsp;Romanoski C. <a rel=\"noreferrer noopener\" href=\"https:\/\/www.biorxiv.org\/content\/10.1101\/2021.08.03.454513v1.full.pdf\" data-type=\"URL\" data-id=\"https:\/\/www.biorxiv.org\/content\/10.1101\/2021.08.03.454513v1.full.pdf\" target=\"_blank\">Functional non-coding SNPs in human endothelial cells fine-map vascular trait associations.<\/a> Genome Res.&nbsp;2022 Mar; 32(3): 409\u2013424.<\/li>\n\n\n\n<li>Moreau P,&nbsp;Bosch VT, Bouvy-Liivrand M, \u00d5unap K<sup>&nbsp;<\/sup>,&nbsp;\u00d6rd T,&nbsp;Pulkkinen H,&nbsp;P\u00f6l\u00f6nen P, Hein\u00e4niemi M,&nbsp;Yl\u00e4-Herttuala S,&nbsp;Laakkonen JP,&nbsp;Linna-Kuosmanen S,&nbsp;Kaikkonen MU<sup>&nbsp;<\/sup>. <a rel=\"noreferrer noopener\" href=\"https:\/\/www.ncbi.nlm.nih.gov\/pmc\/articles\/PMC8216629\/\" data-type=\"URL\" data-id=\"https:\/\/www.ncbi.nlm.nih.gov\/pmc\/articles\/PMC8216629\/\" target=\"_blank\">Profiling of Primary and Mature miRNA Expression in Atherosclerosis-Associated Cell Types.<\/a> Arterioscler Thromb Vasc Biol.&nbsp;2021 Jul; 41(7): 2149\u20132167. doi:&nbsp;10.1161\/ATVBAHA.121.315579.<\/li>\n\n\n\n<li>\u00d6rd T, \u00d5unap K, Stolze LK,  Aherrahrou R,<sup> <\/sup>Nurminen V,  Toropainen A,  Selvarajan I,  L\u00f6nnberg T,  Aavik E, Yl\u00e4-Herttuala S, Civelek M, Romanoski CE, and&nbsp;Kaikkonen MU. <a rel=\"noreferrer noopener\" href=\"https:\/\/www.ncbi.nlm.nih.gov\/pmc\/articles\/PMC8260472\/\" data-type=\"URL\" data-id=\"https:\/\/www.ncbi.nlm.nih.gov\/pmc\/articles\/PMC8260472\/\" target=\"_blank\">Single-Cell Epigenomics and Functional Fine-Mapping of Atherosclerosis GWAS Loci<\/a>. <em>Circ Res<\/em> 2021 Jul 9;129(2): 240-258. doi:<span style=\"text-decoration: underline\">&nbsp;<\/span>10.1161\/CIRCRESAHA.121.318971. <\/li>\n\n\n\n<li>Mushimiyimana I, Bosch VT, Niskanen H, Downes N, Moreau P, Hartigan K, Yl\u00e4-Herttuala S, Laham-Karam N, Kaikkonen MU. <a rel=\"noreferrer noopener\" href=\"https:\/\/pubmed.ncbi.nlm.nih.gov\/33875575\/\" data-type=\"URL\" data-id=\"https:\/\/pubmed.ncbi.nlm.nih.gov\/33875575\/\" target=\"_blank\">Genomic landscapes of non-coding RNAs regulating VEGFA and VEGFC expression in endothelial cells<\/a>. Mol Cell Biol 2021 Jun 23;41(7):e0059420. doi: 10.1128\/MCB.00594-20<\/li>\n\n\n\n<li>Selvarajan I, Toropainen A, Garske KM, L\u00f3pez Rodr\u00edguez M, Ko A, Miao Z, Kaminska D, \u00d5unap K, \u00d6rd T, Ravindran A, Liu OH, Moreau PR, Jawahar Deen A, M\u00e4nnist\u00f6 V, Pan C, Levonen AL, Lusis AJ, Heikkinen S, Romanoski CE, Pihlajam\u00e4ki J, Pajukanta P, Kaikkonen MU. <a rel=\"noreferrer noopener\" href=\"https:\/\/pubmed.ncbi.nlm.nih.gov\/33626337\/\" data-type=\"URL\" data-id=\"https:\/\/pubmed.ncbi.nlm.nih.gov\/33626337\/\" target=\"_blank\">Integrative analysis of liver-specific non-coding regulatory SNPs associated with the risk of coronary artery disease.<\/a> Am J Hum Genet. 2021 Mar 4;108(3):411-430. doi: 10.1016\/j.ajhg.2021.02.006.<\/li>\n\n\n\n<li>Huang Z, Liang N, Go\u00f1i S, Damdimopoulos A, Wang C, Ballaire R, Jager J, Niskanen H, Han H, Jakobsson T, Bracken AP, Aouadi M, Venteclef N, Kaikkonen MU, Fan R, Treuter E. The corepressors <a rel=\"noreferrer noopener\" href=\"https:\/\/pubmed.ncbi.nlm.nih.gov\/33503407\/\" data-type=\"URL\" data-id=\"https:\/\/pubmed.ncbi.nlm.nih.gov\/33503407\/\" target=\"_blank\">GPS2 and SMRT control enhancer and silencer remodeling via eRNA transcription during inflammatory activation of macrophages.<\/a> Mol Cell. 2021 Mar 4;81(5):953-968.e9.<\/li>\n\n\n\n<li>Aherrahrou R, Guo L, Nagraj VP, Aguhob AA, Hinkle J, Chen L, Soh JY, Lue D, Alencar GF, Boltjes A, van der Laan SW, Farber E, Fuller D, Anane-Wae R, Akingbesote ND, Manichaikul AW, Ma L, Kaikkonen MU, Bj\u00f6rkegren JL, Onengut-Gumuscu S, Pasterkamp G, Miller CL, Owens GK, Finn AV, Navab M, Fogelman AM, Berliner JA, Civelek M. <a rel=\"noreferrer noopener\" href=\"https:\/\/pubmed.ncbi.nlm.nih.gov\/33040646\/\" data-type=\"URL\" data-id=\"https:\/\/pubmed.ncbi.nlm.nih.gov\/33040646\/\" target=\"_blank\">Genetic Regulation of Atherosclerosis-Relevant Phenotypes in Human Vascular Smooth Muscle Cells<\/a>.&nbsp; <em>Circ Res. 2020 Oct 12. doi: 10.1161\/CIRCRESAHA.120.317415. <\/em>(15.2)<\/li>\n\n\n\n<li>Depuydt MA, Prange KH, Slenders L, \u00d6rd T, Elbersen D, Boltjes A, de Jager SC, Asselbergs FW, de Borst GJ, Aavik E, L\u00f6nnberg T, Lutgens E, Glass CK, den Ruijter HM, Kaikkonen MU, Bot I, Sl\u00fctter B, van der Laan SW, Yla-Herttuala S, Mokry M, Kuiper J, de Winther MP, Pasterkamp G. <a rel=\"noreferrer noopener\" href=\"https:\/\/pubmed.ncbi.nlm.nih.gov\/32981416\/\" data-type=\"URL\" data-id=\"https:\/\/pubmed.ncbi.nlm.nih.gov\/32981416\/\" target=\"_blank\">Microanatomy of the Human Atherosclerotic Plaque by Single-Cell Transcriptomics.<\/a>&nbsp; <em>Circ Res. 2020 Sep 28. doi: 10.1161\/CIRCRESAHA.120.316770 <\/em>(15.2)<\/li>\n\n\n\n<li>Hsin-Fu Liu O, Kiema M, Beter M, Yl\u00e4-Herttuala S, Laakkonen JP, Kaikkonen MU. <a rel=\"noreferrer noopener\" href=\"https:\/\/pubmed.ncbi.nlm.nih.gov\/32938217\/\" data-type=\"URL\" data-id=\"https:\/\/pubmed.ncbi.nlm.nih.gov\/32938217\/\" target=\"_blank\">Hypoxia-Mediated Regulation of Histone Demethylases Affects Angiogenesis-Associated Functions in Endothelial Cells.<\/a>&nbsp; <em>Arterioscler Thromb Vasc Biol. 2020 Nov;40(11):2665-2677.<\/em> (6.6)&nbsp;<\/li>\n\n\n\n<li>Linna-Kuosmanen S, Bosch VT, Moreau PR, Bouvy-Liivrand M, Niskanen H, Kansanen E, Kivel\u00e4 A, Hartikainen J, Hippel\u00e4inen M, Kokki H, Tavi P, Levonen AL, Kaikkonen MU. <a rel=\"noreferrer noopener\" href=\"https:\/\/pubmed.ncbi.nlm.nih.gov\/32683448\/\" data-type=\"URL\" data-id=\"https:\/\/pubmed.ncbi.nlm.nih.gov\/32683448\/\" target=\"_blank\">NRF2 is a key regulator of endothelial microRNA expression under proatherogenic stimuli. <\/a><em>&nbsp;Cardiovasc Res. 2020 Jul 19:cvaa219. doi: 10.1093\/cvr\/cvaa219 <\/em>(8.2)<\/li>\n\n\n\n<li>Stolze LK, Conklin A, Whalen MB, L\u00f3pez Rodr\u00edguez M, \u00d5unap K, Selvarajan I, Toropainen A, Tiit \u00d6rd, Li J, Solomon A, Fang Y, Kaikkonen MU, Romanoski CE. <a rel=\"noreferrer noopener\" href=\"https:\/\/pubmed.ncbi.nlm.nih.gov\/32442411\/\" data-type=\"URL\" data-id=\"https:\/\/pubmed.ncbi.nlm.nih.gov\/32442411\/\" target=\"_blank\">Molecular Quantitative Trait Locus Mapping In Human Endothelial Cells Identifies Regulatory SNPs Underlying Gene Expression and Complex Disease Traits. <\/a><em>Am J Hum Genet. 2020 Jun 4;106(6):748-763. <\/em>(10.5)<\/li>\n\n\n\n<li>Benhammou JN, Ko A, Alvarez M, Kaikkonen MU, Rankin C, Garske KM, Padua D, Bhagat Y, Kaminska D, K\u00e4rj\u00e4 V, Pihlajam\u00e4ki J, Pisegna JR and Pajukanta P. <a rel=\"noreferrer noopener\" href=\"https:\/\/pubmed.ncbi.nlm.nih.gov\/31592021\/\" data-type=\"URL\" data-id=\"https:\/\/pubmed.ncbi.nlm.nih.gov\/31592021\/\" target=\"_blank\">Novel lipid lincRNA OLMALINC regulates the liver steatosis gene, SCD, as an enhancer RNA. <\/a><em>Hepatology Communications 2019 Aug 14;3(10):1356-1372 <\/em>(NA)<\/li>\n\n\n\n<li>Kaikkonen MU, Adelman K. <a rel=\"noreferrer noopener\" href=\"https:\/\/pubmed.ncbi.nlm.nih.gov\/30145998\/\" data-type=\"URL\" data-id=\"https:\/\/pubmed.ncbi.nlm.nih.gov\/30145998\/\" target=\"_blank\">Emerging Roles of Non-Coding RNA Transcription<\/a>. <em>Trends Biochem Sci. 2018 Sep;43(9):654-667.<\/em> (15.7)<\/li>\n\n\n\n<li>Moreau PR, \u00d6rd T, Downes NL, Niskanen H, Bouvy-Liivrand M, Aavik E, Yl\u00e4-Herttuala S, Kaikkonen MU. <a rel=\"noreferrer noopener\" href=\"https:\/\/pubmed.ncbi.nlm.nih.gov\/30456215\/\" data-type=\"URL\" data-id=\"https:\/\/pubmed.ncbi.nlm.nih.gov\/30456215\/\" target=\"_blank\">Transcriptional Profiling of Hypoxia-Regulated Non-coding RNAs in Human Primary Endothelial Cells. <\/a><em>Front Cardiovasc Med. 2018 Nov 5;5:159.<\/em> (3.9)<\/li>\n\n\n\n<li>Downes NL, Laham-Karam N, Yl\u00e4-Herttuala S*, Kaikkonen MU*. <a rel=\"noreferrer noopener\" href=\"https:\/\/pubmed.ncbi.nlm.nih.gov\/29843956\/\" data-type=\"URL\" data-id=\"https:\/\/pubmed.ncbi.nlm.nih.gov\/29843956\/\" target=\"_blank\">Differential but Complementary HIF1\u03b1 and HIF2\u03b1 Transcriptional Regulation<\/a>. <em>Mol Ther. 2018 Jul 5;26(7):1735-1745.<\/em> (7.0)&nbsp;<\/li>\n\n\n\n<li>Niskanen H, Tuszynska I, Zaborowski R, Hein\u00e4niemi M, Yl\u00e4-Herttuala S, Wilczynski B, Kaikkonen MU. <a rel=\"noreferrer noopener\" href=\"https:\/\/pubmed.ncbi.nlm.nih.gov\/29216379\/\" data-type=\"URL\" data-id=\"https:\/\/pubmed.ncbi.nlm.nih.gov\/29216379\/\" target=\"_blank\">Endothelial cell differentiation is encompassed by changes in long range interactions between inactive chromatin regions. <\/a><em>Nucleic Acids Res. 2018 Feb 28;46(4):1724-1740.<\/em> (11.6)&nbsp;<\/li>\n\n\n\n<li>Bouvy-Liivrand M, Hern\u00e1ndez de Sande A, P\u00f6l\u00f6nen P, Mehtonen J, Niskanen H, Sinkkonen L, Hein\u00e4niemi M* and Kaikkonen MU*<em>. <\/em><a rel=\"noreferrer noopener\" href=\"https:\/\/pubmed.ncbi.nlm.nih.gov\/28973462\/\" data-type=\"URL\" data-id=\"https:\/\/pubmed.ncbi.nlm.nih.gov\/28973462\/\" target=\"_blank\">Analysis of primary miRNA loci from nascent transcriptomes across cell types reveals regulatory domains governed by chromatin architecture. <\/a><em>Nucleic Acids Research, 2017 Sep 29;45(17):9837-9849 <\/em>(11.6)&nbsp;<\/li>\n\n\n\n<li>L\u00f3pez Rodr\u00edguez M, Kaminska D, Lappalainen K, Pihlajam\u00e4ki J, Laakso M*, Kaikkonen MU*. <a rel=\"noreferrer noopener\" href=\"https:\/\/pubmed.ncbi.nlm.nih.gov\/28683826\/\" target=\"_blank\" data-type=\"URL\" data-id=\"https:\/\/pubmed.ncbi.nlm.nih.gov\/28683826\/\">Identification and characterization of a FOXA2-regulated transcriptional enhancer at a type 2 diabetes intronic locus that controls GCKR expression in liver cells.<\/a> <em>Genome Medicine 2017 Jul 6;9(1):63. <\/em>(10.5)<\/li>\n\n\n\n<li>Kaikkonen MU, Halonen O, Liu OH, Turunen T, Pajula J, Moreau P, Tuomainen T, Aavik E, Tavi P, Yl\u00e4-Herttuala S. <a rel=\"noreferrer noopener\" href=\"https:\/\/pubmed.ncbi.nlm.nih.gov\/28611032\/\" target=\"_blank\" data-type=\"URL\" data-id=\"https:\/\/pubmed.ncbi.nlm.nih.gov\/28611032\/\">Genome-wide dynamics of nascent non-coding RNA transcription in porcine heart after myocardial infarction. <\/a><em>Circulation: Cardiovascular Genetics 2017 Jun;10(3)<\/em> (5.7)<\/li>\n\n\n\n<li>Kaikkonen MU, Niskanen H, Romanoski CE, Kansanen E, Kivel\u00e4 AM, Laitalainen J, Heinz S, Benner C, Glass CK, Yl\u00e4-Herttuala S. <a rel=\"noreferrer noopener\" href=\"https:\/\/pubmed.ncbi.nlm.nih.gov\/25352550\/\" target=\"_blank\" data-type=\"URL\" data-id=\"https:\/\/pubmed.ncbi.nlm.nih.gov\/25352550\/\">Control of VEGF-A transcriptional programs by pausing and genomic compartmentalization. <\/a><em>Nucleic Acids Research 2014 Nov 10;42(20):12570-84<\/em> (11.6)&nbsp;&nbsp;&nbsp;&nbsp;&nbsp;&nbsp;&nbsp; &nbsp;<\/li>\n\n\n\n<li>Heinz S*, Romanoski CE* , Benner C, Allison KA, Kaikkonen MU, Orozco LD, Glass CK. <a rel=\"noreferrer noopener\" href=\"https:\/\/pubmed.ncbi.nlm.nih.gov\/24121437\/\" target=\"_blank\">Effect of natural genetic variation on enhancer selection and function. <\/a><em>Nature 2013;503(7477):487-92.<\/em> (41.6)&nbsp; &nbsp;&nbsp;<\/li>\n\n\n\n<li>Kaikkonen MU*, Spann N*, Heinz S, Romanoski CE, Allison KA, Stender JD, Chun HB, Tough DF, Prinjha RK, BennerC and Glass CK. <a rel=\"noreferrer noopener\" href=\"https:\/\/pubmed.ncbi.nlm.nih.gov\/23932714\/\" data-type=\"URL\" data-id=\"https:\/\/pubmed.ncbi.nlm.nih.gov\/23932714\/\" target=\"_blank\">Remodeling of the enhancer landscape during macrophage activation is linked to enhancer transcription.<\/a><em> Molecular Cell, 2013, Aug ;51(3): 310-325<\/em>. (14.2) <\/li>\n\n\n\n<li>Lam MTY, Cho H, Lesch HP, Heinz S, Tanaka-Oishi Y, Benner C, Kaikkonen MU, Salim A, Kosaka M, Lee CY, Watt A, Grossman T, Rosenfeld MG, Evans RM, Glass CK. <a rel=\"noreferrer noopener\" href=\"https:\/\/pubmed.ncbi.nlm.nih.gov\/23728303\/\" data-type=\"URL\" data-id=\"https:\/\/pubmed.ncbi.nlm.nih.gov\/23728303\/\" target=\"_blank\">Rev-Erbs negatively regulate macrophage gene expression by repressing enhancer-directed transcription. <\/a><em>Nature, 2013<\/em> <em>Jun;498 (7455):511-5. <\/em>&nbsp;(41.6)&nbsp;&nbsp;&nbsp;&nbsp;&nbsp;&nbsp;&nbsp; &nbsp;&nbsp;&nbsp;&nbsp;&nbsp;&nbsp;&nbsp;&nbsp;&nbsp;&nbsp;&nbsp; <\/li>\n\n\n\n<li>Wang D, Garcia-Bassets I, Benner C, Li W, Su X, Zhou Y, Qiu J, Liu W, Kaikkonen MU, Ohgi KA, Glass CK, Rosenfeld MG, Fu XD. <a rel=\"noreferrer noopener\" href=\"https:\/\/pubmed.ncbi.nlm.nih.gov\/21572438\/\" data-type=\"URL\" data-id=\"https:\/\/pubmed.ncbi.nlm.nih.gov\/21572438\/\" target=\"_blank\">Reprogramming transcription by distinct classes of enhancers functionally defined by eRNA. <\/a><em>Nature. 2011 May 15;474(7351):390-4.<\/em> &nbsp;(41.6)&nbsp;&nbsp;&nbsp;&nbsp;<\/li>\n<\/ol>\n","protected":false},"excerpt":{"rendered":"<p>Check our cardiovascular genomics page to read more of our publications Selected Publications<\/p>\n","protected":false},"author":237,"featured_media":0,"parent":84,"menu_order":0,"comment_status":"closed","ping_status":"closed","template":"","meta":{"_acf_changed":false,"_monsterinsights_skip_tracking":false,"_monsterinsights_sitenote_active":false,"_monsterinsights_sitenote_note":"","_monsterinsights_sitenote_category":0,"footnotes":""},"class_list":["post-93","page","type-page","status-publish","hentry"],"acf":[],"yoast_head":"<!-- This site is optimized with the Yoast SEO plugin v27.1.1 - https:\/\/yoast.com\/product\/yoast-seo-wordpress\/ -->\n<title>Publications - Cardiovascular Genomics<\/title>\n<meta name=\"robots\" content=\"index, follow, max-snippet:-1, max-image-preview:large, max-video-preview:-1\" \/>\n<link rel=\"canonical\" href=\"https:\/\/sites.uef.fi\/cardiovasculargenomics\/front-page\/research\/lab-members\/publications\/\" \/>\n<meta property=\"og:locale\" content=\"en_US\" \/>\n<meta property=\"og:type\" content=\"article\" \/>\n<meta property=\"og:title\" content=\"Publications - Cardiovascular Genomics\" \/>\n<meta property=\"og:description\" content=\"Check our cardiovascular genomics page to read more of our publications Selected Publications\" \/>\n<meta property=\"og:url\" content=\"https:\/\/sites.uef.fi\/cardiovasculargenomics\/front-page\/research\/lab-members\/publications\/\" \/>\n<meta property=\"og:site_name\" content=\"Cardiovascular Genomics\" \/>\n<meta property=\"article:modified_time\" content=\"2023-06-13T09:20:56+00:00\" \/>\n<meta name=\"twitter:card\" content=\"summary_large_image\" \/>\n<meta name=\"twitter:label1\" content=\"Est. reading time\" \/>\n\t<meta name=\"twitter:data1\" content=\"6 minutes\" \/>\n<script type=\"application\/ld+json\" class=\"yoast-schema-graph\">{\"@context\":\"https:\/\/schema.org\",\"@graph\":[{\"@type\":\"WebPage\",\"@id\":\"https:\/\/sites.uef.fi\/cardiovasculargenomics\/front-page\/research\/lab-members\/publications\/\",\"url\":\"https:\/\/sites.uef.fi\/cardiovasculargenomics\/front-page\/research\/lab-members\/publications\/\",\"name\":\"Publications - Cardiovascular Genomics\",\"isPartOf\":{\"@id\":\"https:\/\/sites.uef.fi\/cardiovasculargenomics\/#website\"},\"datePublished\":\"2020-09-09T21:19:24+00:00\",\"dateModified\":\"2023-06-13T09:20:56+00:00\",\"breadcrumb\":{\"@id\":\"https:\/\/sites.uef.fi\/cardiovasculargenomics\/front-page\/research\/lab-members\/publications\/#breadcrumb\"},\"inLanguage\":\"en-US\",\"potentialAction\":[{\"@type\":\"ReadAction\",\"target\":[\"https:\/\/sites.uef.fi\/cardiovasculargenomics\/front-page\/research\/lab-members\/publications\/\"]}]},{\"@type\":\"BreadcrumbList\",\"@id\":\"https:\/\/sites.uef.fi\/cardiovasculargenomics\/front-page\/research\/lab-members\/publications\/#breadcrumb\",\"itemListElement\":[{\"@type\":\"ListItem\",\"position\":1,\"name\":\"Home\",\"item\":\"https:\/\/sites.uef.fi\/cardiovasculargenomics\/\"},{\"@type\":\"ListItem\",\"position\":2,\"name\":\"Home\",\"item\":\"https:\/\/sites.uef.fi\/cardiovasculargenomics\/\"},{\"@type\":\"ListItem\",\"position\":3,\"name\":\"Research\",\"item\":\"https:\/\/sites.uef.fi\/cardiovasculargenomics\/front-page\/research\/\"},{\"@type\":\"ListItem\",\"position\":4,\"name\":\"Lab Members\",\"item\":\"https:\/\/sites.uef.fi\/cardiovasculargenomics\/front-page\/research\/lab-members\/\"},{\"@type\":\"ListItem\",\"position\":5,\"name\":\"Publications\"}]},{\"@type\":\"WebSite\",\"@id\":\"https:\/\/sites.uef.fi\/cardiovasculargenomics\/#website\",\"url\":\"https:\/\/sites.uef.fi\/cardiovasculargenomics\/\",\"name\":\"Cardiovascular Genomics\",\"description\":\"\",\"potentialAction\":[{\"@type\":\"SearchAction\",\"target\":{\"@type\":\"EntryPoint\",\"urlTemplate\":\"https:\/\/sites.uef.fi\/cardiovasculargenomics\/?s={search_term_string}\"},\"query-input\":{\"@type\":\"PropertyValueSpecification\",\"valueRequired\":true,\"valueName\":\"search_term_string\"}}],\"inLanguage\":\"en-US\"}]}<\/script>\n<!-- \/ Yoast SEO plugin. -->","yoast_head_json":{"title":"Publications - Cardiovascular Genomics","robots":{"index":"index","follow":"follow","max-snippet":"max-snippet:-1","max-image-preview":"max-image-preview:large","max-video-preview":"max-video-preview:-1"},"canonical":"https:\/\/sites.uef.fi\/cardiovasculargenomics\/front-page\/research\/lab-members\/publications\/","og_locale":"en_US","og_type":"article","og_title":"Publications - Cardiovascular Genomics","og_description":"Check our cardiovascular genomics page to read more of our publications Selected Publications","og_url":"https:\/\/sites.uef.fi\/cardiovasculargenomics\/front-page\/research\/lab-members\/publications\/","og_site_name":"Cardiovascular Genomics","article_modified_time":"2023-06-13T09:20:56+00:00","twitter_card":"summary_large_image","twitter_misc":{"Est. reading time":"6 minutes"},"schema":{"@context":"https:\/\/schema.org","@graph":[{"@type":"WebPage","@id":"https:\/\/sites.uef.fi\/cardiovasculargenomics\/front-page\/research\/lab-members\/publications\/","url":"https:\/\/sites.uef.fi\/cardiovasculargenomics\/front-page\/research\/lab-members\/publications\/","name":"Publications - Cardiovascular Genomics","isPartOf":{"@id":"https:\/\/sites.uef.fi\/cardiovasculargenomics\/#website"},"datePublished":"2020-09-09T21:19:24+00:00","dateModified":"2023-06-13T09:20:56+00:00","breadcrumb":{"@id":"https:\/\/sites.uef.fi\/cardiovasculargenomics\/front-page\/research\/lab-members\/publications\/#breadcrumb"},"inLanguage":"en-US","potentialAction":[{"@type":"ReadAction","target":["https:\/\/sites.uef.fi\/cardiovasculargenomics\/front-page\/research\/lab-members\/publications\/"]}]},{"@type":"BreadcrumbList","@id":"https:\/\/sites.uef.fi\/cardiovasculargenomics\/front-page\/research\/lab-members\/publications\/#breadcrumb","itemListElement":[{"@type":"ListItem","position":1,"name":"Home","item":"https:\/\/sites.uef.fi\/cardiovasculargenomics\/"},{"@type":"ListItem","position":2,"name":"Home","item":"https:\/\/sites.uef.fi\/cardiovasculargenomics\/"},{"@type":"ListItem","position":3,"name":"Research","item":"https:\/\/sites.uef.fi\/cardiovasculargenomics\/front-page\/research\/"},{"@type":"ListItem","position":4,"name":"Lab Members","item":"https:\/\/sites.uef.fi\/cardiovasculargenomics\/front-page\/research\/lab-members\/"},{"@type":"ListItem","position":5,"name":"Publications"}]},{"@type":"WebSite","@id":"https:\/\/sites.uef.fi\/cardiovasculargenomics\/#website","url":"https:\/\/sites.uef.fi\/cardiovasculargenomics\/","name":"Cardiovascular Genomics","description":"","potentialAction":[{"@type":"SearchAction","target":{"@type":"EntryPoint","urlTemplate":"https:\/\/sites.uef.fi\/cardiovasculargenomics\/?s={search_term_string}"},"query-input":{"@type":"PropertyValueSpecification","valueRequired":true,"valueName":"search_term_string"}}],"inLanguage":"en-US"}]}},"_links":{"self":[{"href":"https:\/\/sites.uef.fi\/cardiovasculargenomics\/wp-json\/wp\/v2\/pages\/93","targetHints":{"allow":["GET"]}}],"collection":[{"href":"https:\/\/sites.uef.fi\/cardiovasculargenomics\/wp-json\/wp\/v2\/pages"}],"about":[{"href":"https:\/\/sites.uef.fi\/cardiovasculargenomics\/wp-json\/wp\/v2\/types\/page"}],"author":[{"embeddable":true,"href":"https:\/\/sites.uef.fi\/cardiovasculargenomics\/wp-json\/wp\/v2\/users\/237"}],"replies":[{"embeddable":true,"href":"https:\/\/sites.uef.fi\/cardiovasculargenomics\/wp-json\/wp\/v2\/comments?post=93"}],"version-history":[{"count":2,"href":"https:\/\/sites.uef.fi\/cardiovasculargenomics\/wp-json\/wp\/v2\/pages\/93\/revisions"}],"predecessor-version":[{"id":2261,"href":"https:\/\/sites.uef.fi\/cardiovasculargenomics\/wp-json\/wp\/v2\/pages\/93\/revisions\/2261"}],"up":[{"embeddable":true,"href":"https:\/\/sites.uef.fi\/cardiovasculargenomics\/wp-json\/wp\/v2\/pages\/84"}],"wp:attachment":[{"href":"https:\/\/sites.uef.fi\/cardiovasculargenomics\/wp-json\/wp\/v2\/media?parent=93"}],"curies":[{"name":"wp","href":"https:\/\/api.w.org\/{rel}","templated":true}]}}