{"id":10378,"date":"2024-10-31T16:05:14","date_gmt":"2024-10-31T14:05:14","guid":{"rendered":"https:\/\/sites.uef.fi\/cceel\/?page_id=10378"},"modified":"2025-08-12T14:12:28","modified_gmt":"2025-08-12T11:12:28","slug":"in-the-media","status":"publish","type":"page","link":"https:\/\/sites.uef.fi\/cceel\/in-the-media\/","title":{"rendered":"In the media"},"content":{"rendered":"\n<p>As a leading research hub, we are frequently consulted by media outlets for expert insights. Our team is dedicated to supporting inquiries and providing expertise on pressing issues in climate change, energy, and environmental law. See our latest media appearances below.<\/p>\n\n\n\n<h4 class=\"wp-block-heading\">Recent appearances<\/h4>\n\n\n\n<div class=\"links-block\">\n\n    \n    <ul class=\"link-list\">\n        \n            \n            <li class=\"link-list-item\">\n                <a href=\"https:\/\/www.savonsanomat.fi\/uutissuomalainen\/8711133\" class=\"link-reset link hover-scale-down\">\n                    <svg\n        width=\"43\" height=\"25\"\n        viewBox=\"0 0 43 25\"\n        xmlns=\"http:\/\/www.w3.org\/2000\/svg\">\n    <path\n        d=\"M30.027 0 43 12.5 30.027 25 27 22.083 34.351 15H0v-5h34.351L27 2.917z\"\n        fill=\"currentColor\"\n        fill-rule=\"evenodd\"\/>\n<\/svg>                    <div>Kati Kulovesi in Savon Sanomat (in Finnish) &#8211; Kansainv\u00e4lisen tuomioistuimen p\u00e4\u00e4t\u00f6s lis\u00e4nnee ilmasto-oikeudenk\u00e4yntej\u00e4 &#8211; Suomessa kanteen saaminen k\u00e4sittelyyn on kuitenkin vaikeaa<\/div>\n                <\/a>\n                <div class=\"link-info\">\n                                    <\/div>\n            <\/li>\n\n        \n            <li class=\"link-list-item\">\n                <a href=\"https:\/\/areena.yle.fi\/1-72464339\" class=\"link-reset link hover-scale-down\">\n                    <svg\n        width=\"43\" height=\"25\"\n        viewBox=\"0 0 43 25\"\n        xmlns=\"http:\/\/www.w3.org\/2000\/svg\">\n    <path\n        d=\"M30.027 0 43 12.5 30.027 25 27 22.083 34.351 15H0v-5h34.351L27 2.917z\"\n        fill=\"currentColor\"\n        fill-rule=\"evenodd\"\/>\n<\/svg>                    <div>Kati Kulovesi in Ylen aamu TV &#8211; The EU wants more payers for climate action (in Finnish)<\/div>\n                <\/a>\n                <div class=\"link-info\">\n                                    <\/div>\n            <\/li>\n\n        \n            <li class=\"link-list-item\">\n                <a href=\"https:\/\/yle.fi\/a\/74-20126799\" class=\"link-reset link hover-scale-down\">\n                    <svg\n        width=\"43\" height=\"25\"\n        viewBox=\"0 0 43 25\"\n        xmlns=\"http:\/\/www.w3.org\/2000\/svg\">\n    <path\n        d=\"M30.027 0 43 12.5 30.027 25 27 22.083 34.351 15H0v-5h34.351L27 2.917z\"\n        fill=\"currentColor\"\n        fill-rule=\"evenodd\"\/>\n<\/svg>                    <div>Kati Kulovesi in Yle &#8211; The organizations were disappointed by the climate negotiations &#8211; WWF: Everyone is unhappy and everyone lost, especially the climate (in Finnish)<\/div>\n                <\/a>\n                <div class=\"link-info\">\n                                    <\/div>\n            <\/li>\n\n        \n            <li class=\"link-list-item\">\n                <a href=\"https:\/\/theconversation.com\/people-around-the-world-are-using-courts-to-question-whether-climate-policies-are-fair-new-study-241093\" class=\"link-reset link hover-scale-down\">\n                    <svg\n        width=\"43\" height=\"25\"\n        viewBox=\"0 0 43 25\"\n        xmlns=\"http:\/\/www.w3.org\/2000\/svg\">\n    <path\n        d=\"M30.027 0 43 12.5 30.027 25 27 22.083 34.351 15H0v-5h34.351L27 2.917z\"\n        fill=\"currentColor\"\n        fill-rule=\"evenodd\"\/>\n<\/svg>                    <div>Annalisa Savaresi in The Conversation &#8211; People around the world are using courts to question whether climate policies are fair \u2013 new study<\/div>\n                <\/a>\n                <div class=\"link-info\">\n                                    <\/div>\n            <\/li>\n\n                <\/ul>\n<\/div>\n\n\n<div class=\"links-block\">\n\n    \n    <ul class=\"link-list\">\n        \n            \n            <li class=\"link-list-item\">\n                <a href=\"https:\/\/areena.yle.fi\/1-72464339\" class=\"link-reset link hover-scale-down\">\n                    <svg\n        width=\"43\" height=\"25\"\n        viewBox=\"0 0 43 25\"\n        xmlns=\"http:\/\/www.w3.org\/2000\/svg\">\n    <path\n        d=\"M30.027 0 43 12.5 30.027 25 27 22.083 34.351 15H0v-5h34.351L27 2.917z\"\n        fill=\"currentColor\"\n        fill-rule=\"evenodd\"\/>\n<\/svg>                    <div>Kati Kulovesi in Ylen aamu TV &#8211; The EU wants more payers for climate action (in Finnish)<\/div>\n                <\/a>\n                <div class=\"link-info\">\n                                    <\/div>\n            <\/li>\n\n        \n            <li class=\"link-list-item\">\n                <a href=\"https:\/\/yle.fi\/a\/74-20126799\" class=\"link-reset link hover-scale-down\">\n                    <svg\n        width=\"43\" height=\"25\"\n        viewBox=\"0 0 43 25\"\n        xmlns=\"http:\/\/www.w3.org\/2000\/svg\">\n    <path\n        d=\"M30.027 0 43 12.5 30.027 25 27 22.083 34.351 15H0v-5h34.351L27 2.917z\"\n        fill=\"currentColor\"\n        fill-rule=\"evenodd\"\/>\n<\/svg>                    <div>Kati Kulovesi in Yle &#8211; The organizations were disappointed by the climate negotiations &#8211; WWF: Everyone is unhappy and everyone lost, especially the climate (in Finnish)<\/div>\n                <\/a>\n                <div class=\"link-info\">\n                                    <\/div>\n            <\/li>\n\n        \n            <li class=\"link-list-item\">\n                <a href=\"https:\/\/theconversation.com\/people-around-the-world-are-using-courts-to-question-whether-climate-policies-are-fair-new-study-241093\" class=\"link-reset link hover-scale-down\">\n                    <svg\n        width=\"43\" height=\"25\"\n        viewBox=\"0 0 43 25\"\n        xmlns=\"http:\/\/www.w3.org\/2000\/svg\">\n    <path\n        d=\"M30.027 0 43 12.5 30.027 25 27 22.083 34.351 15H0v-5h34.351L27 2.917z\"\n        fill=\"currentColor\"\n        fill-rule=\"evenodd\"\/>\n<\/svg>                    <div>Annalisa Savaresi in The Conversation &#8211; People around the world are using courts to question whether climate policies are fair \u2013 new study<\/div>\n                <\/a>\n                <div class=\"link-info\">\n                                    <\/div>\n            <\/li>\n\n                <\/ul>\n<\/div>\n\n\n<div class=\"links-block\">\n\n    \n    <ul class=\"link-list\">\n        \n            \n            <li class=\"link-list-item\">\n                <a href=\"https:\/\/www.vrt.be\/vrtmax\/luister\/radio\/z\/zijn-er-nog-vragen~11-194\/zijn-er-nog-vragen~11-28774-0\/\" class=\"link-reset link hover-scale-down\">\n                    <svg\n        width=\"43\" height=\"25\"\n        viewBox=\"0 0 43 25\"\n        xmlns=\"http:\/\/www.w3.org\/2000\/svg\">\n    <path\n        d=\"M30.027 0 43 12.5 30.027 25 27 22.083 34.351 15H0v-5h34.351L27 2.917z\"\n        fill=\"currentColor\"\n        fill-rule=\"evenodd\"\/>\n<\/svg>                    <div>Sebastian Oberth\u00fcr on VRT Radio 1 on climate finance at COP29<\/div>\n                <\/a>\n                <div class=\"link-info\">\n                                    <\/div>\n            <\/li>\n\n                <\/ul>\n<\/div>\n\n\n<div class=\"links-block\">\n\n    \n    <ul class=\"link-list\">\n        \n            \n            <li class=\"link-list-item\">\n                <a href=\"https:\/\/www.maaseuduntulevaisuus.fi\/uutiset\/4ea4a113-5ea5-4213-b1fd-adb36e5a0838\" class=\"link-reset link hover-scale-down\">\n                    <svg\n        width=\"43\" height=\"25\"\n        viewBox=\"0 0 43 25\"\n        xmlns=\"http:\/\/www.w3.org\/2000\/svg\">\n    <path\n        d=\"M30.027 0 43 12.5 30.027 25 27 22.083 34.351 15H0v-5h34.351L27 2.917z\"\n        fill=\"currentColor\"\n        fill-rule=\"evenodd\"\/>\n<\/svg>                    <div>Kati Kulovesi in Maaseudun tulevaisuus \u2018Greenpeace claims that Finland is breaching its own Climate Act. More climate litigation to follow\u2019:<\/div>\n                <\/a>\n                <div class=\"link-info\">\n                                    <\/div>\n            <\/li>\n\n        \n            <li class=\"link-list-item\">\n                <a href=\"https:\/\/suomenluonto.fi\/uutiset\/mita-sveitsilaisten-mummojen-voitto-ilmasto-oikeudessa-merkitsee-suomalaiselle-aktivismille\/\" class=\"link-reset link hover-scale-down\">\n                    <svg\n        width=\"43\" height=\"25\"\n        viewBox=\"0 0 43 25\"\n        xmlns=\"http:\/\/www.w3.org\/2000\/svg\">\n    <path\n        d=\"M30.027 0 43 12.5 30.027 25 27 22.083 34.351 15H0v-5h34.351L27 2.917z\"\n        fill=\"currentColor\"\n        fill-rule=\"evenodd\"\/>\n<\/svg>                    <div>Kati Kulovesi in Suomen Luonto: \u2018Will the victory by Swiss grandmothers influence Finnish climate policy?\u2019<\/div>\n                <\/a>\n                <div class=\"link-info\">\n                                    <\/div>\n            <\/li>\n\n        \n            <li class=\"link-list-item\">\n                <a href=\"https:\/\/areena.yle.fi\/1-71914257?utm_medium=social&amp;utm_campaign=areena-web-share&amp;utm_source=copy-link-share\" class=\"link-reset link hover-scale-down\">\n                    <svg\n        width=\"43\" height=\"25\"\n        viewBox=\"0 0 43 25\"\n        xmlns=\"http:\/\/www.w3.org\/2000\/svg\">\n    <path\n        d=\"M30.027 0 43 12.5 30.027 25 27 22.083 34.351 15H0v-5h34.351L27 2.917z\"\n        fill=\"currentColor\"\n        fill-rule=\"evenodd\"\/>\n<\/svg>                    <div>Kati Kulovesi in Yle Radio Suomi \u2019Will climate litigation influence climate policy?\u2019<\/div>\n                <\/a>\n                <div class=\"link-info\">\n                                    <\/div>\n            <\/li>\n\n        \n            <li class=\"link-list-item\">\n                <a href=\"https:\/\/www.karjalainen.fi\/paikalliset\/7953870\" class=\"link-reset link hover-scale-down\">\n                    <svg\n        width=\"43\" height=\"25\"\n        viewBox=\"0 0 43 25\"\n        xmlns=\"http:\/\/www.w3.org\/2000\/svg\">\n    <path\n        d=\"M30.027 0 43 12.5 30.027 25 27 22.083 34.351 15H0v-5h34.351L27 2.917z\"\n        fill=\"currentColor\"\n        fill-rule=\"evenodd\"\/>\n<\/svg>                    <div>Kaisa Huhta in Karjalainen newspaper &#8216;We are known all over the world&#8217;<\/div>\n                <\/a>\n                <div class=\"link-info\">\n                                    <\/div>\n            <\/li>\n\n        \n            <li class=\"link-list-item\">\n                <a href=\"https:\/\/areena.yle.fi\/podcastit\/1-70943405\" class=\"link-reset link hover-scale-down\">\n                    <svg\n        width=\"43\" height=\"25\"\n        viewBox=\"0 0 43 25\"\n        xmlns=\"http:\/\/www.w3.org\/2000\/svg\">\n    <path\n        d=\"M30.027 0 43 12.5 30.027 25 27 22.083 34.351 15H0v-5h34.351L27 2.917z\"\n        fill=\"currentColor\"\n        fill-rule=\"evenodd\"\/>\n<\/svg>                    <div>Kati Kulovesi in Politiikka Radio &#8211; Yle News (Podcast in Finnish)<\/div>\n                <\/a>\n                <div class=\"link-info\">\n                                    <\/div>\n            <\/li>\n\n        \n            <li class=\"link-list-item\">\n                <a href=\"https:\/\/www.the-wave.net\/disturbing-rise-just-transition-lawsuits-threatens-derail-energy-transition\/\" class=\"link-reset link hover-scale-down\">\n                    <svg\n        width=\"43\" height=\"25\"\n        viewBox=\"0 0 43 25\"\n        xmlns=\"http:\/\/www.w3.org\/2000\/svg\">\n    <path\n        d=\"M30.027 0 43 12.5 30.027 25 27 22.083 34.351 15H0v-5h34.351L27 2.917z\"\n        fill=\"currentColor\"\n        fill-rule=\"evenodd\"\/>\n<\/svg>                    <div>Annalisa Savaresi in The Wave &#8216;\u2018Disturbing\u2019 rise in just transition lawsuits threatens to derail energy transition&#8217;<\/div>\n                <\/a>\n                <div class=\"link-info\">\n                                    <\/div>\n            <\/li>\n\n        \n            <li class=\"link-list-item\">\n                <a href=\"https:\/\/areena.yle.fi\/1-71021259?utm_medium=social&amp;utm_campaign=areena-web-share&amp;utm_source=copy-link-share\" class=\"link-reset link hover-scale-down\">\n                    <svg\n        width=\"43\" height=\"25\"\n        viewBox=\"0 0 43 25\"\n        xmlns=\"http:\/\/www.w3.org\/2000\/svg\">\n    <path\n        d=\"M30.027 0 43 12.5 30.027 25 27 22.083 34.351 15H0v-5h34.351L27 2.917z\"\n        fill=\"currentColor\"\n        fill-rule=\"evenodd\"\/>\n<\/svg>                    <div>Kati Kulovesi in Yle Aamu TV \u2018Will the EU climate policy change after the election?\u2019<\/div>\n                <\/a>\n                <div class=\"link-info\">\n                                    <\/div>\n            <\/li>\n\n        \n            <li class=\"link-list-item\">\n                <a href=\"https:\/\/www.kauppalehti.fi\/uutiset\/harjavallassa-sijaitsevan-miljoonatehtaan-ongelmille-on-hyva-syy-sanoo-professori\/7e01b2c2-bd17-4c4d-bcd4-014c4e1d179e\" class=\"link-reset link hover-scale-down\">\n                    <svg\n        width=\"43\" height=\"25\"\n        viewBox=\"0 0 43 25\"\n        xmlns=\"http:\/\/www.w3.org\/2000\/svg\">\n    <path\n        d=\"M30.027 0 43 12.5 30.027 25 27 22.083 34.351 15H0v-5h34.351L27 2.917z\"\n        fill=\"currentColor\"\n        fill-rule=\"evenodd\"\/>\n<\/svg>                    <div>Antti Belinskij in Kauppalehti &#8216;There is a good reason for the problems of the million-dollar factory in Harjavalla, says the professor&#8217;<\/div>\n                <\/a>\n                <div class=\"link-info\">\n                                    <\/div>\n            <\/li>\n\n        \n            <li class=\"link-list-item\">\n                <a href=\"https:\/\/areena.yle.fi\/1-68013457?utm_medium=social&amp;utm_campaign=areena-web-share&amp;utm_source=copy-link-share\" class=\"link-reset link hover-scale-down\">\n                    <svg\n        width=\"43\" height=\"25\"\n        viewBox=\"0 0 43 25\"\n        xmlns=\"http:\/\/www.w3.org\/2000\/svg\">\n    <path\n        d=\"M30.027 0 43 12.5 30.027 25 27 22.083 34.351 15H0v-5h34.351L27 2.917z\"\n        fill=\"currentColor\"\n        fill-rule=\"evenodd\"\/>\n<\/svg>                    <div>Kati Kulovesi in Yle Aamu TV &#8216;Finland and the EU\u2019s new climate targets\u2019<\/div>\n                <\/a>\n                <div class=\"link-info\">\n                                    <\/div>\n            <\/li>\n\n                <\/ul>\n<\/div>\n\n\n<div class=\"person-card\">\n        <h2>Contact for media inquiries<\/h2>\n    \n                    <div class=\"person-card-item\">\n                    <div class=\"person-card-column-left\">\n                                                    <img decoding=\"async\" class=\"person-card-image\" src=\"https:\/\/sites.uef.fi\/cceel\/wp-content\/uploads\/sites\/522\/omakuva.jpg\" alt=\"Veera Kankare\" \/>\n                                            <\/div>\n\n                    <div class=\"person-card-column-right\">\n                                                <p class=\"person-card-name\">Veera Kankare<\/p>\n                        \n                                                <p class=\"person-card-position\">CCEEL coordinator<\/p>\n                        \n                        \n                                                <p class=\"person-card-text\">veera.kankare@uef.fi,\r\ncceel@uef.fi<\/p>\n                        \n                                            <\/div>\n                <\/div>\n                            <\/div>\n\n\n\n<p><\/p>\n","protected":false},"excerpt":{"rendered":"<p>As a leading research hub, we are frequently consulted by media outlets for expert insights. Our team is dedicated to supporting inquiries and providing expertise on pressing issues in climate change, energy, and environmental law. See our latest media appearances below. Recent appearances<\/p>\n","protected":false},"author":1161,"featured_media":0,"parent":0,"menu_order":0,"comment_status":"closed","ping_status":"closed","template":"","meta":{"_acf_changed":false,"_monsterinsights_skip_tracking":false,"_monsterinsights_sitenote_active":false,"_monsterinsights_sitenote_note":"","_monsterinsights_sitenote_category":0,"footnotes":""},"class_list":["post-10378","page","type-page","status-publish","hentry"],"acf":[],"yoast_head":"<!-- This site is optimized with the Yoast SEO plugin v27.1.1 - https:\/\/yoast.com\/product\/yoast-seo-wordpress\/ -->\n<title>In the media - The Center for Climate Change, Energy and Environmental Law<\/title>\n<meta name=\"robots\" content=\"index, follow, max-snippet:-1, max-image-preview:large, max-video-preview:-1\" \/>\n<link rel=\"canonical\" href=\"https:\/\/sites.uef.fi\/cceel\/in-the-media\/\" \/>\n<meta property=\"og:locale\" content=\"en_US\" \/>\n<meta property=\"og:type\" content=\"article\" \/>\n<meta property=\"og:title\" content=\"In the media - The Center for Climate Change, Energy and Environmental Law\" \/>\n<meta property=\"og:description\" content=\"As a leading research hub, we are frequently consulted by media outlets for expert insights. Our team is dedicated to supporting inquiries and providing expertise on pressing issues in climate change, energy, and environmental law. See our latest media appearances below. Recent appearances\" \/>\n<meta property=\"og:url\" content=\"https:\/\/sites.uef.fi\/cceel\/in-the-media\/\" \/>\n<meta property=\"og:site_name\" content=\"The Center for Climate Change, Energy and Environmental Law\" \/>\n<meta property=\"article:modified_time\" content=\"2025-08-12T11:12:28+00:00\" \/>\n<meta name=\"twitter:card\" content=\"summary_large_image\" \/>\n<meta name=\"twitter:label1\" content=\"Est. reading time\" \/>\n\t<meta name=\"twitter:data1\" content=\"1 minute\" \/>\n<script type=\"application\/ld+json\" class=\"yoast-schema-graph\">{\"@context\":\"https:\/\/schema.org\",\"@graph\":[{\"@type\":\"WebPage\",\"@id\":\"https:\/\/sites.uef.fi\/cceel\/in-the-media\/\",\"url\":\"https:\/\/sites.uef.fi\/cceel\/in-the-media\/\",\"name\":\"In the media - The Center for Climate Change, Energy and Environmental Law\",\"isPartOf\":{\"@id\":\"https:\/\/sites.uef.fi\/cceel\/#website\"},\"datePublished\":\"2024-10-31T14:05:14+00:00\",\"dateModified\":\"2025-08-12T11:12:28+00:00\",\"breadcrumb\":{\"@id\":\"https:\/\/sites.uef.fi\/cceel\/in-the-media\/#breadcrumb\"},\"inLanguage\":\"en-US\",\"potentialAction\":[{\"@type\":\"ReadAction\",\"target\":[\"https:\/\/sites.uef.fi\/cceel\/in-the-media\/\"]}]},{\"@type\":\"BreadcrumbList\",\"@id\":\"https:\/\/sites.uef.fi\/cceel\/in-the-media\/#breadcrumb\",\"itemListElement\":[{\"@type\":\"ListItem\",\"position\":1,\"name\":\"Home\",\"item\":\"https:\/\/sites.uef.fi\/cceel\/\"},{\"@type\":\"ListItem\",\"position\":2,\"name\":\"In the media\"}]},{\"@type\":\"WebSite\",\"@id\":\"https:\/\/sites.uef.fi\/cceel\/#website\",\"url\":\"https:\/\/sites.uef.fi\/cceel\/\",\"name\":\"The Center for Climate Change, Energy and Environmental Law\",\"description\":\"\",\"potentialAction\":[{\"@type\":\"SearchAction\",\"target\":{\"@type\":\"EntryPoint\",\"urlTemplate\":\"https:\/\/sites.uef.fi\/cceel\/?s={search_term_string}\"},\"query-input\":{\"@type\":\"PropertyValueSpecification\",\"valueRequired\":true,\"valueName\":\"search_term_string\"}}],\"inLanguage\":\"en-US\"}]}<\/script>\n<!-- \/ Yoast SEO plugin. -->","yoast_head_json":{"title":"In the media - The Center for Climate Change, Energy and Environmental Law","robots":{"index":"index","follow":"follow","max-snippet":"max-snippet:-1","max-image-preview":"max-image-preview:large","max-video-preview":"max-video-preview:-1"},"canonical":"https:\/\/sites.uef.fi\/cceel\/in-the-media\/","og_locale":"en_US","og_type":"article","og_title":"In the media - The Center for Climate Change, Energy and Environmental Law","og_description":"As a leading research hub, we are frequently consulted by media outlets for expert insights. Our team is dedicated to supporting inquiries and providing expertise on pressing issues in climate change, energy, and environmental law. See our latest media appearances below. Recent appearances","og_url":"https:\/\/sites.uef.fi\/cceel\/in-the-media\/","og_site_name":"The Center for Climate Change, Energy and Environmental Law","article_modified_time":"2025-08-12T11:12:28+00:00","twitter_card":"summary_large_image","twitter_misc":{"Est. reading time":"1 minute"},"schema":{"@context":"https:\/\/schema.org","@graph":[{"@type":"WebPage","@id":"https:\/\/sites.uef.fi\/cceel\/in-the-media\/","url":"https:\/\/sites.uef.fi\/cceel\/in-the-media\/","name":"In the media - The Center for Climate Change, Energy and Environmental Law","isPartOf":{"@id":"https:\/\/sites.uef.fi\/cceel\/#website"},"datePublished":"2024-10-31T14:05:14+00:00","dateModified":"2025-08-12T11:12:28+00:00","breadcrumb":{"@id":"https:\/\/sites.uef.fi\/cceel\/in-the-media\/#breadcrumb"},"inLanguage":"en-US","potentialAction":[{"@type":"ReadAction","target":["https:\/\/sites.uef.fi\/cceel\/in-the-media\/"]}]},{"@type":"BreadcrumbList","@id":"https:\/\/sites.uef.fi\/cceel\/in-the-media\/#breadcrumb","itemListElement":[{"@type":"ListItem","position":1,"name":"Home","item":"https:\/\/sites.uef.fi\/cceel\/"},{"@type":"ListItem","position":2,"name":"In the media"}]},{"@type":"WebSite","@id":"https:\/\/sites.uef.fi\/cceel\/#website","url":"https:\/\/sites.uef.fi\/cceel\/","name":"The Center for Climate Change, Energy and Environmental Law","description":"","potentialAction":[{"@type":"SearchAction","target":{"@type":"EntryPoint","urlTemplate":"https:\/\/sites.uef.fi\/cceel\/?s={search_term_string}"},"query-input":{"@type":"PropertyValueSpecification","valueRequired":true,"valueName":"search_term_string"}}],"inLanguage":"en-US"}]}},"_links":{"self":[{"href":"https:\/\/sites.uef.fi\/cceel\/wp-json\/wp\/v2\/pages\/10378","targetHints":{"allow":["GET"]}}],"collection":[{"href":"https:\/\/sites.uef.fi\/cceel\/wp-json\/wp\/v2\/pages"}],"about":[{"href":"https:\/\/sites.uef.fi\/cceel\/wp-json\/wp\/v2\/types\/page"}],"author":[{"embeddable":true,"href":"https:\/\/sites.uef.fi\/cceel\/wp-json\/wp\/v2\/users\/1161"}],"replies":[{"embeddable":true,"href":"https:\/\/sites.uef.fi\/cceel\/wp-json\/wp\/v2\/comments?post=10378"}],"version-history":[{"count":1,"href":"https:\/\/sites.uef.fi\/cceel\/wp-json\/wp\/v2\/pages\/10378\/revisions"}],"predecessor-version":[{"id":11329,"href":"https:\/\/sites.uef.fi\/cceel\/wp-json\/wp\/v2\/pages\/10378\/revisions\/11329"}],"wp:attachment":[{"href":"https:\/\/sites.uef.fi\/cceel\/wp-json\/wp\/v2\/media?parent=10378"}],"curies":[{"name":"wp","href":"https:\/\/api.w.org\/{rel}","templated":true}]}}