{"id":3506,"date":"2021-10-07T13:02:56","date_gmt":"2021-10-07T10:02:56","guid":{"rendered":"https:\/\/sites.uef.fi\/kmru\/?page_id=3506"},"modified":"2021-12-22T11:37:22","modified_gmt":"2021-12-22T09:37:22","slug":"the-cceel-policy-brief-series-2","status":"publish","type":"page","link":"https:\/\/sites.uef.fi\/cceel\/the-cceel-policy-brief-series-2\/","title":{"rendered":"CCEEL Policy Brief Series"},"content":{"rendered":"\n<p>The CCEEL launched its policy brief series in 2020. <\/p>\n\n\n\n<p>The first issue focuses on the revision of Finland\u2019s Climate Change Act to achieve carbon neutrality by 2035: Kati Kulovesi, Tuula Honkonen, Sara Kymenvaara ja Seita Romppanen: <a href=\"https:\/\/sites.uef.fi\/kmru\/wp-content\/uploads\/sites\/522\/UEF_Ilmastolain_uudistustyo_verkkoversio_17032020.pdf\" data-type=\"URL\" data-id=\"https:\/\/sites.uef.fi\/kmru\/wp-content\/uploads\/sites\/522\/UEF_Ilmastolain_uudistustyo_verkkoversio_17032020.pdf\">Milt\u00e4 n\u00e4ytt\u00e4\u00e4 vahva ilmastolaki? Oikeustieteilij\u00f6iden suosituksia Suomen ilmastolain uudistusty\u00f6h\u00f6n<\/a> [What does a good climate act look like? Recommendations from legal scholars for the reform of Finland&#8217;s Climate Act]<\/p>\n\n\n\n<div class=\"wp-block-themeisle-blocks-advanced-columns has-undefined-columns has-desktop-undefined-layout has-tablet-equal-layout has-mobile-equal-layout has-default-gap has-vertical-unset\" id=\"wp-block-themeisle-blocks-advanced-columns-96e69a71\"><div class=\"wp-block-themeisle-blocks-advanced-columns-overlay\"><\/div><div class=\"innerblocks-wrap\"><\/div><\/div>\n\n\n\n<p class=\"has-text-align-right\"><sup><span class=\"has-inline-color has-neve-link-hover-color-color\"><a href=\"https:\/\/link.webropolsurveys.com\/S\/32CA524610C14557\" data-type=\"URL\" data-id=\"https:\/\/link.webropolsurveys.com\/S\/32CA524610C14557\">Give feedback<\/a><\/span> | <span class=\"has-inline-color has-neve-link-hover-color-color\"><a href=\"https:\/\/www.uef.fi\/en\/data-protection\" data-type=\"URL\" data-id=\"https:\/\/www.uef.fi\/en\/data-protection\">Data Protection<\/a><\/span> | <span class=\"has-inline-color has-neve-link-hover-color-color\"><a href=\"https:\/\/sites.uef.fi\/kmru\/accessibility-statement\/\" data-type=\"URL\" data-id=\"https:\/\/sites.uef.fi\/kmru\/accessibility-statement\/\">Accessibility<\/a><\/span><\/sup><\/p>\n","protected":false},"excerpt":{"rendered":"<p>The CCEEL launched its policy brief series in 2020. The first issue focuses on the revision of Finland\u2019s Climate Change Act to achieve carbon neutrality by 2035: Kati Kulovesi, Tuula Honkonen, Sara Kymenvaara ja Seita Romppanen: Milt\u00e4 n\u00e4ytt\u00e4\u00e4 vahva ilmastolaki? Oikeustieteilij\u00f6iden suosituksia Suomen ilmastolain uudistusty\u00f6h\u00f6n [What does a good climate act look like? Recommendations from [&hellip;]<\/p>\n","protected":false},"author":210,"featured_media":0,"parent":0,"menu_order":0,"comment_status":"closed","ping_status":"closed","template":"","meta":{"_acf_changed":false,"_monsterinsights_skip_tracking":false,"_monsterinsights_sitenote_active":false,"_monsterinsights_sitenote_note":"","_monsterinsights_sitenote_category":0,"footnotes":""},"class_list":["post-3506","page","type-page","status-publish","hentry"],"acf":[],"yoast_head":"<!-- This site is optimized with the Yoast SEO plugin v27.1.1 - https:\/\/yoast.com\/product\/yoast-seo-wordpress\/ -->\n<title>CCEEL Policy Brief Series - The Center for Climate Change, Energy and Environmental Law<\/title>\n<meta name=\"robots\" content=\"index, follow, max-snippet:-1, max-image-preview:large, max-video-preview:-1\" \/>\n<link rel=\"canonical\" href=\"https:\/\/sites.uef.fi\/cceel\/the-cceel-policy-brief-series-2\/\" \/>\n<meta property=\"og:locale\" content=\"en_US\" \/>\n<meta property=\"og:type\" content=\"article\" \/>\n<meta property=\"og:title\" content=\"CCEEL Policy Brief Series - The Center for Climate Change, Energy and Environmental Law\" \/>\n<meta property=\"og:description\" content=\"The CCEEL launched its policy brief series in 2020. The first issue focuses on the revision of Finland\u2019s Climate Change Act to achieve carbon neutrality by 2035: Kati Kulovesi, Tuula Honkonen, Sara Kymenvaara ja Seita Romppanen: Milt\u00e4 n\u00e4ytt\u00e4\u00e4 vahva ilmastolaki? Oikeustieteilij\u00f6iden suosituksia Suomen ilmastolain uudistusty\u00f6h\u00f6n [What does a good climate act look like? Recommendations from [&hellip;]\" \/>\n<meta property=\"og:url\" content=\"https:\/\/sites.uef.fi\/cceel\/the-cceel-policy-brief-series-2\/\" \/>\n<meta property=\"og:site_name\" content=\"The Center for Climate Change, Energy and Environmental Law\" \/>\n<meta property=\"article:modified_time\" content=\"2021-12-22T09:37:22+00:00\" \/>\n<meta name=\"twitter:card\" content=\"summary_large_image\" \/>\n<script type=\"application\/ld+json\" class=\"yoast-schema-graph\">{\"@context\":\"https:\/\/schema.org\",\"@graph\":[{\"@type\":\"WebPage\",\"@id\":\"https:\/\/sites.uef.fi\/cceel\/the-cceel-policy-brief-series-2\/\",\"url\":\"https:\/\/sites.uef.fi\/cceel\/the-cceel-policy-brief-series-2\/\",\"name\":\"CCEEL Policy Brief Series - The Center for Climate Change, Energy and Environmental Law\",\"isPartOf\":{\"@id\":\"https:\/\/sites.uef.fi\/cceel\/#website\"},\"datePublished\":\"2021-10-07T10:02:56+00:00\",\"dateModified\":\"2021-12-22T09:37:22+00:00\",\"breadcrumb\":{\"@id\":\"https:\/\/sites.uef.fi\/cceel\/the-cceel-policy-brief-series-2\/#breadcrumb\"},\"inLanguage\":\"en-US\",\"potentialAction\":[{\"@type\":\"ReadAction\",\"target\":[\"https:\/\/sites.uef.fi\/cceel\/the-cceel-policy-brief-series-2\/\"]}]},{\"@type\":\"BreadcrumbList\",\"@id\":\"https:\/\/sites.uef.fi\/cceel\/the-cceel-policy-brief-series-2\/#breadcrumb\",\"itemListElement\":[{\"@type\":\"ListItem\",\"position\":1,\"name\":\"Home\",\"item\":\"https:\/\/sites.uef.fi\/cceel\/\"},{\"@type\":\"ListItem\",\"position\":2,\"name\":\"CCEEL Policy Brief Series\"}]},{\"@type\":\"WebSite\",\"@id\":\"https:\/\/sites.uef.fi\/cceel\/#website\",\"url\":\"https:\/\/sites.uef.fi\/cceel\/\",\"name\":\"The Center for Climate Change, Energy and Environmental Law\",\"description\":\"\",\"potentialAction\":[{\"@type\":\"SearchAction\",\"target\":{\"@type\":\"EntryPoint\",\"urlTemplate\":\"https:\/\/sites.uef.fi\/cceel\/?s={search_term_string}\"},\"query-input\":{\"@type\":\"PropertyValueSpecification\",\"valueRequired\":true,\"valueName\":\"search_term_string\"}}],\"inLanguage\":\"en-US\"}]}<\/script>\n<!-- \/ Yoast SEO plugin. -->","yoast_head_json":{"title":"CCEEL Policy Brief Series - The Center for Climate Change, Energy and Environmental Law","robots":{"index":"index","follow":"follow","max-snippet":"max-snippet:-1","max-image-preview":"max-image-preview:large","max-video-preview":"max-video-preview:-1"},"canonical":"https:\/\/sites.uef.fi\/cceel\/the-cceel-policy-brief-series-2\/","og_locale":"en_US","og_type":"article","og_title":"CCEEL Policy Brief Series - The Center for Climate Change, Energy and Environmental Law","og_description":"The CCEEL launched its policy brief series in 2020. The first issue focuses on the revision of Finland\u2019s Climate Change Act to achieve carbon neutrality by 2035: Kati Kulovesi, Tuula Honkonen, Sara Kymenvaara ja Seita Romppanen: Milt\u00e4 n\u00e4ytt\u00e4\u00e4 vahva ilmastolaki? Oikeustieteilij\u00f6iden suosituksia Suomen ilmastolain uudistusty\u00f6h\u00f6n [What does a good climate act look like? Recommendations from [&hellip;]","og_url":"https:\/\/sites.uef.fi\/cceel\/the-cceel-policy-brief-series-2\/","og_site_name":"The Center for Climate Change, Energy and Environmental Law","article_modified_time":"2021-12-22T09:37:22+00:00","twitter_card":"summary_large_image","schema":{"@context":"https:\/\/schema.org","@graph":[{"@type":"WebPage","@id":"https:\/\/sites.uef.fi\/cceel\/the-cceel-policy-brief-series-2\/","url":"https:\/\/sites.uef.fi\/cceel\/the-cceel-policy-brief-series-2\/","name":"CCEEL Policy Brief Series - The Center for Climate Change, Energy and Environmental Law","isPartOf":{"@id":"https:\/\/sites.uef.fi\/cceel\/#website"},"datePublished":"2021-10-07T10:02:56+00:00","dateModified":"2021-12-22T09:37:22+00:00","breadcrumb":{"@id":"https:\/\/sites.uef.fi\/cceel\/the-cceel-policy-brief-series-2\/#breadcrumb"},"inLanguage":"en-US","potentialAction":[{"@type":"ReadAction","target":["https:\/\/sites.uef.fi\/cceel\/the-cceel-policy-brief-series-2\/"]}]},{"@type":"BreadcrumbList","@id":"https:\/\/sites.uef.fi\/cceel\/the-cceel-policy-brief-series-2\/#breadcrumb","itemListElement":[{"@type":"ListItem","position":1,"name":"Home","item":"https:\/\/sites.uef.fi\/cceel\/"},{"@type":"ListItem","position":2,"name":"CCEEL Policy Brief Series"}]},{"@type":"WebSite","@id":"https:\/\/sites.uef.fi\/cceel\/#website","url":"https:\/\/sites.uef.fi\/cceel\/","name":"The Center for Climate Change, Energy and Environmental Law","description":"","potentialAction":[{"@type":"SearchAction","target":{"@type":"EntryPoint","urlTemplate":"https:\/\/sites.uef.fi\/cceel\/?s={search_term_string}"},"query-input":{"@type":"PropertyValueSpecification","valueRequired":true,"valueName":"search_term_string"}}],"inLanguage":"en-US"}]}},"_links":{"self":[{"href":"https:\/\/sites.uef.fi\/cceel\/wp-json\/wp\/v2\/pages\/3506","targetHints":{"allow":["GET"]}}],"collection":[{"href":"https:\/\/sites.uef.fi\/cceel\/wp-json\/wp\/v2\/pages"}],"about":[{"href":"https:\/\/sites.uef.fi\/cceel\/wp-json\/wp\/v2\/types\/page"}],"author":[{"embeddable":true,"href":"https:\/\/sites.uef.fi\/cceel\/wp-json\/wp\/v2\/users\/210"}],"replies":[{"embeddable":true,"href":"https:\/\/sites.uef.fi\/cceel\/wp-json\/wp\/v2\/comments?post=3506"}],"version-history":[{"count":0,"href":"https:\/\/sites.uef.fi\/cceel\/wp-json\/wp\/v2\/pages\/3506\/revisions"}],"wp:attachment":[{"href":"https:\/\/sites.uef.fi\/cceel\/wp-json\/wp\/v2\/media?parent=3506"}],"curies":[{"name":"wp","href":"https:\/\/api.w.org\/{rel}","templated":true}]}}