{"id":5176,"date":"2022-03-28T10:22:05","date_gmt":"2022-03-28T07:22:05","guid":{"rendered":"https:\/\/sites.uef.fi\/kmru\/?page_id=5176"},"modified":"2022-11-28T11:38:07","modified_gmt":"2022-11-28T09:38:07","slug":"climate-change-litigation-seminar-on-28-april","status":"publish","type":"page","link":"https:\/\/sites.uef.fi\/cceel\/climate-change-litigation-seminar-on-28-april\/","title":{"rendered":"2035Legitimacy Climate Change Litigation Seminar"},"content":{"rendered":"\n<p class=\"has-text-align-center has-medium-font-size\"><strong><a href=\"https:\/\/www.youtube.com\/watch?v=jGQ1BlOVMLg&amp;list=PLzhrn_OiLZcFWvf2DZBFNXqCioBlCnXH_&amp;ab_channel=2035Legitimacy\" data-type=\"URL\" data-id=\"https:\/\/www.youtube.com\/watch?v=jGQ1BlOVMLg&amp;list=PLzhrn_OiLZcFWvf2DZBFNXqCioBlCnXH_&amp;ab_channel=2035Legitimacy\"><em>You can view the recordings of the event here<\/em><\/a><\/strong><\/p>\n\n\n\n<p class=\"has-text-align-center\"><strong><img loading=\"lazy\" decoding=\"async\" width=\"602\" height=\"176\" src=\"https:\/\/lh4.googleusercontent.com\/bSQVivhmNWyXc7T0iDgRqlEBx6w-JFBP0BH6EUB4GTB0LN_2oHDopaNa01Dl3pNa2fQlAm_Enj6Rtfw8i_LixLij0krtWjLz4RQ3brOEkF9ampFA7ZjrETWfxsp7g1OQgI6zZpYr\"><\/strong><\/p>\n\n\n\n<h2 class=\"wp-block-heading\"><strong>Tervetuloa seminaariin <\/strong><strong><br><\/strong><strong>ilmasto-oikeudenk\u00e4ynneist\u00e4 28.4.!<\/strong><\/h2>\n\n\n\n<p>Viime vuosien aikana ilmasto-oikeudenk\u00e4ynnit kansallisissa ja kansainv\u00e4lisiss\u00e4 tuomioistuimissa ovat yleistyneet. Varsinkin Euroopassa on annettu merkitt\u00e4vi\u00e4 ratkaisuja, joissa valtioita ja yrityksi\u00e4 edellytet\u00e4\u00e4n kirist\u00e4m\u00e4\u00e4n p\u00e4\u00e4st\u00f6v\u00e4hennystoimiaan.&nbsp;&nbsp;<\/p>\n\n\n\n<p>Climate Change Litigation -seminaarissa syvennymme ilmasto-oikeudenk\u00e4yntien kehitykseen Euroopassa sek\u00e4 tilanteeseen Suomessa. Kuulemme johtavia eurooppalaisia ja kotimaisia asiantuntijoita, tutustumme Euroopan tuoreimpiin ilmasto-oikeudenk\u00e4ynteihin ja keskustelemme Suomen tilanteesta mm. k\u00e4ynniss\u00e4 olevan ilmastolain uudistusty\u00f6n n\u00e4k\u00f6kulmasta.<\/p>\n\n\n\n<p><strong>Tapahtuma on kaikille avoin ja j\u00e4rjestet\u00e4\u00e4n hybridin\u00e4 Helsingin yliopiston tiloissa Porthaniassa. Tapahtuma koostuu eurooppalaisia ilmasto-oikeudenk\u00e4yntej\u00e4 k\u00e4sittelev\u00e4st\u00e4 englanninkielisest\u00e4 osuudesta aamup\u00e4iv\u00e4ll\u00e4 ja Suomen n\u00e4k\u00f6kulmaan keskittyv\u00e4st\u00e4 suomenkielisest\u00e4 osuudesta iltap\u00e4iv\u00e4ll\u00e4. Voit ilmoittautua joko vain yhteen tai molempiin osuuksiin.<\/strong><\/p>\n\n\n\n<p>1) <strong>Climate Change Litigation Trends in Europe <\/strong>at 9.00-12.30 (EEST). Aiheina tuoreet eurooppalaiset tuomioistuinratkaisut (mm. Milieudefensie et al v. Shell, Neubauer et al. v Germany, Commune de Grande-Synthe v. France) ja niiden vaikutukset. Puhujina mm. Natalia Kobylarz (Euroopan ihmisoikeustuomioistuin), Jacques Hartmann (Dundee), Annalisa Savaresi (UEF), Gerd Winter (Bremen), Laurien Nijenhuis (Amsterdam) ja Paul Mougeolle (Notre Affair a Tous).<em>&nbsp;<\/em><\/p>\n\n\n\n<p>2) <strong>Ilmasto-oikeudenk\u00e4ynnit ja Suomi <\/strong>at 13:30-16:30 (EEST). Mukana ovat mm. Outi Kumpuvaara (YM), Kari Kuusiniemi (KHO), apulaisoikeuskansleri Mikko Puumalainen, professorit Antti Belinskij, Kati Kulovesi, Tuomas Ojanen ja Elina Pirjatanniemi, Milka Sormunen (HY), Raija-Leena Oranen (WWF) sek\u00e4 Kaisa Kosonen (Greenpeace).&nbsp;<\/p>\n\n\n\n<p><a href=\"https:\/\/2035legitimacy.fi\/wp-content\/uploads\/2022\/03\/legitimacy2035_programme_eng_fin-1.pdf\"><strong>Tutustu tarkemmin ohjelmaan<\/strong><strong><br><\/strong><strong><br><\/strong><\/a><a href=\"https:\/\/docs.google.com\/forms\/d\/e\/1FAIpQLSehtOlKoc3zwDn1w2ncc8dIpJs3p2YAvl5gFL95RqASzNYLJA\/viewform\"><strong>Ilmoittaudu mukaan!<\/strong><\/a><\/p>\n\n\n\n<p><em>Tapahtuman j\u00e4rjest\u00e4v\u00e4t yhteisty\u00f6ss\u00e4 Erik Castr\u00e9n Instituutti (ECI), Helsingin yliopisto ja It\u00e4 Suomen yliopiston Ilmasto-, energia- ja ymp\u00e4rist\u00f6oikeuden keskus CCEEL, Tapahtuma on osa strategisen tutkimuksen neuvoston rahoittamaa 2035Legitimacy-hanketta, joka tutkii Suomen ilmastopolitiikan legitimiteetti\u00e4.&nbsp;<\/em><\/p>\n\n\n\n<p class=\"has-text-align-center\"><strong><img loading=\"lazy\" decoding=\"async\" width=\"602\" height=\"176\" src=\"https:\/\/lh4.googleusercontent.com\/bSQVivhmNWyXc7T0iDgRqlEBx6w-JFBP0BH6EUB4GTB0LN_2oHDopaNa01Dl3pNa2fQlAm_Enj6Rtfw8i_LixLij0krtWjLz4RQ3brOEkF9ampFA7ZjrETWfxsp7g1OQgI6zZpYr\"><\/strong><\/p>\n\n\n\n<h2 class=\"wp-block-heading\"><strong>Welcome to Climate Litigation Seminar on 28 April<\/strong><\/h2>\n\n\n\n<p>In the last 15 years, litigation before international and domestic judicial and quasi-judicial bodies has increasingly prompted state and corporate actors to reduce greenhouse gas emissions and redress harms associated with the impacts of climate change.<\/p>\n\n\n\n<p>The Climate Change Litigation Seminar will focus on major developments in climate litigation in Europe and their implications for Finland. It will feature leading climate change litigation experts and practitioners, reflecting on recent developments before European courts and the impacts of the climate law reform in Finland.<\/p>\n\n\n\n<p><strong>The event is open to all and will be organized in hybrid form. It will be organized in two parts, and you can sign up to only one or to both parts of the seminar:<\/strong><\/p>\n\n\n\n<p>1) <strong>International programme<\/strong> at 9.00-12.30 (EEST). Presentations and discussion of the state of European climate litigation, recent cases (Milieudefensie et al v. Shell, Neubauer et al. v Germany, Commune de Grande-Synthe v. France) and their implications. Speakers include Natalia Kobylarz (European Court of Human Rights), Jacques Hartmann (Dundee), Annalisa Savaresi (UEF), Gerd Winter (Bremen), Laurien Nijenhuis (Amsterdam) and Paul Mougeolle (Notre Affair a Tous).<em>&nbsp;<\/em><\/p>\n\n\n\n<p>2) <strong>Finnish programme &#8220;Climate litigation and Finland&#8221; <\/strong>(in Finnish) at 13:30-16:30 (EEST). Speakers include Outi Kumpuvaara (Ministry of the Environment), Kari Kuusiniemi (Supreme Administrative Court of Finland), Deputy Chancellor of Justice Mikko Puumalainen, professors Antti Belinskij, Kati Kulovesi, Tuomas Ojanen ja Elina Pirjatanniemi, Milka Sormunen (University of Helsinki), Raija-Leena Oranen (WWF) and Kaisa Kosonen (Greenpeace).&nbsp;<\/p>\n\n\n\n<p><a href=\"https:\/\/2035legitimacy.fi\/wp-content\/uploads\/2022\/03\/legitimacy2035_programme_eng_fin-1.pdf\"><strong>Read more about the programme<\/strong><\/a><\/p>\n\n\n\n<p><a href=\"https:\/\/docs.google.com\/forms\/d\/e\/1FAIpQLSehtOlKoc3zwDn1w2ncc8dIpJs3p2YAvl5gFL95RqASzNYLJA\/viewform\"><strong>Sign up here!<\/strong><\/a><\/p>\n\n\n\n<p><em>The event is organized by the Erik Castr\u00e9n Institute (ECI), University of Helsinki, and the Centre for Climate Change, Energy and Environmental Law (CCEEL), University of Eastern Finland. The event is part of the 2035Legitimacy project, funded by the Strategic Research Council at the Academy of Finland, which focuses on the legitimacy of Finland\u2019s planned transition towards a carbon-neutral welfare state by 2035.<\/em><\/p>\n\n\n\n<div class=\"wp-block-themeisle-blocks-advanced-columns has-undefined-columns has-desktop-undefined-layout has-tablet-equal-layout has-mobile-equal-layout has-default-gap has-vertical-unset\" id=\"wp-block-themeisle-blocks-advanced-columns-558e286c\"><div class=\"wp-block-themeisle-blocks-advanced-columns-overlay\"><\/div><div class=\"innerblocks-wrap\"><\/div><\/div>\n","protected":false},"excerpt":{"rendered":"<p>You can view the recordings of the event here Tervetuloa seminaariin ilmasto-oikeudenk\u00e4ynneist\u00e4 28.4.! Viime vuosien aikana ilmasto-oikeudenk\u00e4ynnit kansallisissa ja kansainv\u00e4lisiss\u00e4 tuomioistuimissa ovat yleistyneet. Varsinkin Euroopassa on annettu merkitt\u00e4vi\u00e4 ratkaisuja, joissa valtioita ja yrityksi\u00e4 edellytet\u00e4\u00e4n kirist\u00e4m\u00e4\u00e4n p\u00e4\u00e4st\u00f6v\u00e4hennystoimiaan.&nbsp;&nbsp; Climate Change Litigation -seminaarissa syvennymme ilmasto-oikeudenk\u00e4yntien kehitykseen Euroopassa sek\u00e4 tilanteeseen Suomessa. Kuulemme johtavia eurooppalaisia ja kotimaisia asiantuntijoita, tutustumme Euroopan [&hellip;]<\/p>\n","protected":false},"author":210,"featured_media":0,"parent":0,"menu_order":0,"comment_status":"closed","ping_status":"closed","template":"","meta":{"_acf_changed":false,"_monsterinsights_skip_tracking":false,"_monsterinsights_sitenote_active":false,"_monsterinsights_sitenote_note":"","_monsterinsights_sitenote_category":0,"footnotes":""},"class_list":["post-5176","page","type-page","status-publish","hentry"],"acf":[],"yoast_head":"<!-- This site is optimized with the Yoast SEO plugin v27.3 - https:\/\/yoast.com\/product\/yoast-seo-wordpress\/ -->\n<title>2035Legitimacy Climate Change Litigation Seminar - The Center for Climate Change, Energy and Environmental Law<\/title>\n<meta name=\"robots\" content=\"index, follow, max-snippet:-1, max-image-preview:large, max-video-preview:-1\" \/>\n<link rel=\"canonical\" href=\"https:\/\/sites.uef.fi\/cceel\/climate-change-litigation-seminar-on-28-april\/\" \/>\n<meta property=\"og:locale\" content=\"en_US\" \/>\n<meta property=\"og:type\" content=\"article\" \/>\n<meta property=\"og:title\" content=\"2035Legitimacy Climate Change Litigation Seminar - The Center for Climate Change, Energy and Environmental Law\" \/>\n<meta property=\"og:description\" content=\"You can view the recordings of the event here Tervetuloa seminaariin ilmasto-oikeudenk\u00e4ynneist\u00e4 28.4.! Viime vuosien aikana ilmasto-oikeudenk\u00e4ynnit kansallisissa ja kansainv\u00e4lisiss\u00e4 tuomioistuimissa ovat yleistyneet. Varsinkin Euroopassa on annettu merkitt\u00e4vi\u00e4 ratkaisuja, joissa valtioita ja yrityksi\u00e4 edellytet\u00e4\u00e4n kirist\u00e4m\u00e4\u00e4n p\u00e4\u00e4st\u00f6v\u00e4hennystoimiaan.&nbsp;&nbsp; Climate Change Litigation -seminaarissa syvennymme ilmasto-oikeudenk\u00e4yntien kehitykseen Euroopassa sek\u00e4 tilanteeseen Suomessa. Kuulemme johtavia eurooppalaisia ja kotimaisia asiantuntijoita, tutustumme Euroopan [&hellip;]\" \/>\n<meta property=\"og:url\" content=\"https:\/\/sites.uef.fi\/cceel\/climate-change-litigation-seminar-on-28-april\/\" \/>\n<meta property=\"og:site_name\" content=\"The Center for Climate Change, Energy and Environmental Law\" \/>\n<meta property=\"article:modified_time\" content=\"2022-11-28T09:38:07+00:00\" \/>\n<meta property=\"og:image\" content=\"https:\/\/lh4.googleusercontent.com\/bSQVivhmNWyXc7T0iDgRqlEBx6w-JFBP0BH6EUB4GTB0LN_2oHDopaNa01Dl3pNa2fQlAm_Enj6Rtfw8i_LixLij0krtWjLz4RQ3brOEkF9ampFA7ZjrETWfxsp7g1OQgI6zZpYr\" \/>\n<meta name=\"twitter:card\" content=\"summary_large_image\" \/>\n<meta name=\"twitter:label1\" content=\"Est. reading time\" \/>\n\t<meta name=\"twitter:data1\" content=\"3 minutes\" \/>\n<script type=\"application\/ld+json\" class=\"yoast-schema-graph\">{\"@context\":\"https:\\\/\\\/schema.org\",\"@graph\":[{\"@type\":\"WebPage\",\"@id\":\"https:\\\/\\\/sites.uef.fi\\\/cceel\\\/climate-change-litigation-seminar-on-28-april\\\/\",\"url\":\"https:\\\/\\\/sites.uef.fi\\\/cceel\\\/climate-change-litigation-seminar-on-28-april\\\/\",\"name\":\"2035Legitimacy Climate Change Litigation Seminar - The Center for Climate Change, Energy and Environmental Law\",\"isPartOf\":{\"@id\":\"https:\\\/\\\/sites.uef.fi\\\/cceel\\\/#website\"},\"primaryImageOfPage\":{\"@id\":\"https:\\\/\\\/sites.uef.fi\\\/cceel\\\/climate-change-litigation-seminar-on-28-april\\\/#primaryimage\"},\"image\":{\"@id\":\"https:\\\/\\\/sites.uef.fi\\\/cceel\\\/climate-change-litigation-seminar-on-28-april\\\/#primaryimage\"},\"thumbnailUrl\":\"https:\\\/\\\/lh4.googleusercontent.com\\\/bSQVivhmNWyXc7T0iDgRqlEBx6w-JFBP0BH6EUB4GTB0LN_2oHDopaNa01Dl3pNa2fQlAm_Enj6Rtfw8i_LixLij0krtWjLz4RQ3brOEkF9ampFA7ZjrETWfxsp7g1OQgI6zZpYr\",\"datePublished\":\"2022-03-28T07:22:05+00:00\",\"dateModified\":\"2022-11-28T09:38:07+00:00\",\"breadcrumb\":{\"@id\":\"https:\\\/\\\/sites.uef.fi\\\/cceel\\\/climate-change-litigation-seminar-on-28-april\\\/#breadcrumb\"},\"inLanguage\":\"en-US\",\"potentialAction\":[{\"@type\":\"ReadAction\",\"target\":[\"https:\\\/\\\/sites.uef.fi\\\/cceel\\\/climate-change-litigation-seminar-on-28-april\\\/\"]}]},{\"@type\":\"ImageObject\",\"inLanguage\":\"en-US\",\"@id\":\"https:\\\/\\\/sites.uef.fi\\\/cceel\\\/climate-change-litigation-seminar-on-28-april\\\/#primaryimage\",\"url\":\"https:\\\/\\\/lh4.googleusercontent.com\\\/bSQVivhmNWyXc7T0iDgRqlEBx6w-JFBP0BH6EUB4GTB0LN_2oHDopaNa01Dl3pNa2fQlAm_Enj6Rtfw8i_LixLij0krtWjLz4RQ3brOEkF9ampFA7ZjrETWfxsp7g1OQgI6zZpYr\",\"contentUrl\":\"https:\\\/\\\/lh4.googleusercontent.com\\\/bSQVivhmNWyXc7T0iDgRqlEBx6w-JFBP0BH6EUB4GTB0LN_2oHDopaNa01Dl3pNa2fQlAm_Enj6Rtfw8i_LixLij0krtWjLz4RQ3brOEkF9ampFA7ZjrETWfxsp7g1OQgI6zZpYr\"},{\"@type\":\"BreadcrumbList\",\"@id\":\"https:\\\/\\\/sites.uef.fi\\\/cceel\\\/climate-change-litigation-seminar-on-28-april\\\/#breadcrumb\",\"itemListElement\":[{\"@type\":\"ListItem\",\"position\":1,\"name\":\"Home\",\"item\":\"https:\\\/\\\/sites.uef.fi\\\/cceel\\\/\"},{\"@type\":\"ListItem\",\"position\":2,\"name\":\"2035Legitimacy Climate Change Litigation Seminar\"}]},{\"@type\":\"WebSite\",\"@id\":\"https:\\\/\\\/sites.uef.fi\\\/cceel\\\/#website\",\"url\":\"https:\\\/\\\/sites.uef.fi\\\/cceel\\\/\",\"name\":\"The Center for Climate Change, Energy and Environmental Law\",\"description\":\"\",\"potentialAction\":[{\"@type\":\"SearchAction\",\"target\":{\"@type\":\"EntryPoint\",\"urlTemplate\":\"https:\\\/\\\/sites.uef.fi\\\/cceel\\\/?s={search_term_string}\"},\"query-input\":{\"@type\":\"PropertyValueSpecification\",\"valueRequired\":true,\"valueName\":\"search_term_string\"}}],\"inLanguage\":\"en-US\"}]}<\/script>\n<!-- \/ Yoast SEO plugin. -->","yoast_head_json":{"title":"2035Legitimacy Climate Change Litigation Seminar - The Center for Climate Change, Energy and Environmental Law","robots":{"index":"index","follow":"follow","max-snippet":"max-snippet:-1","max-image-preview":"max-image-preview:large","max-video-preview":"max-video-preview:-1"},"canonical":"https:\/\/sites.uef.fi\/cceel\/climate-change-litigation-seminar-on-28-april\/","og_locale":"en_US","og_type":"article","og_title":"2035Legitimacy Climate Change Litigation Seminar - The Center for Climate Change, Energy and Environmental Law","og_description":"You can view the recordings of the event here Tervetuloa seminaariin ilmasto-oikeudenk\u00e4ynneist\u00e4 28.4.! Viime vuosien aikana ilmasto-oikeudenk\u00e4ynnit kansallisissa ja kansainv\u00e4lisiss\u00e4 tuomioistuimissa ovat yleistyneet. Varsinkin Euroopassa on annettu merkitt\u00e4vi\u00e4 ratkaisuja, joissa valtioita ja yrityksi\u00e4 edellytet\u00e4\u00e4n kirist\u00e4m\u00e4\u00e4n p\u00e4\u00e4st\u00f6v\u00e4hennystoimiaan.&nbsp;&nbsp; Climate Change Litigation -seminaarissa syvennymme ilmasto-oikeudenk\u00e4yntien kehitykseen Euroopassa sek\u00e4 tilanteeseen Suomessa. Kuulemme johtavia eurooppalaisia ja kotimaisia asiantuntijoita, tutustumme Euroopan [&hellip;]","og_url":"https:\/\/sites.uef.fi\/cceel\/climate-change-litigation-seminar-on-28-april\/","og_site_name":"The Center for Climate Change, Energy and Environmental Law","article_modified_time":"2022-11-28T09:38:07+00:00","og_image":[{"url":"https:\/\/lh4.googleusercontent.com\/bSQVivhmNWyXc7T0iDgRqlEBx6w-JFBP0BH6EUB4GTB0LN_2oHDopaNa01Dl3pNa2fQlAm_Enj6Rtfw8i_LixLij0krtWjLz4RQ3brOEkF9ampFA7ZjrETWfxsp7g1OQgI6zZpYr","type":"","width":"","height":""}],"twitter_card":"summary_large_image","twitter_misc":{"Est. reading time":"3 minutes"},"schema":{"@context":"https:\/\/schema.org","@graph":[{"@type":"WebPage","@id":"https:\/\/sites.uef.fi\/cceel\/climate-change-litigation-seminar-on-28-april\/","url":"https:\/\/sites.uef.fi\/cceel\/climate-change-litigation-seminar-on-28-april\/","name":"2035Legitimacy Climate Change Litigation Seminar - The Center for Climate Change, Energy and Environmental Law","isPartOf":{"@id":"https:\/\/sites.uef.fi\/cceel\/#website"},"primaryImageOfPage":{"@id":"https:\/\/sites.uef.fi\/cceel\/climate-change-litigation-seminar-on-28-april\/#primaryimage"},"image":{"@id":"https:\/\/sites.uef.fi\/cceel\/climate-change-litigation-seminar-on-28-april\/#primaryimage"},"thumbnailUrl":"https:\/\/lh4.googleusercontent.com\/bSQVivhmNWyXc7T0iDgRqlEBx6w-JFBP0BH6EUB4GTB0LN_2oHDopaNa01Dl3pNa2fQlAm_Enj6Rtfw8i_LixLij0krtWjLz4RQ3brOEkF9ampFA7ZjrETWfxsp7g1OQgI6zZpYr","datePublished":"2022-03-28T07:22:05+00:00","dateModified":"2022-11-28T09:38:07+00:00","breadcrumb":{"@id":"https:\/\/sites.uef.fi\/cceel\/climate-change-litigation-seminar-on-28-april\/#breadcrumb"},"inLanguage":"en-US","potentialAction":[{"@type":"ReadAction","target":["https:\/\/sites.uef.fi\/cceel\/climate-change-litigation-seminar-on-28-april\/"]}]},{"@type":"ImageObject","inLanguage":"en-US","@id":"https:\/\/sites.uef.fi\/cceel\/climate-change-litigation-seminar-on-28-april\/#primaryimage","url":"https:\/\/lh4.googleusercontent.com\/bSQVivhmNWyXc7T0iDgRqlEBx6w-JFBP0BH6EUB4GTB0LN_2oHDopaNa01Dl3pNa2fQlAm_Enj6Rtfw8i_LixLij0krtWjLz4RQ3brOEkF9ampFA7ZjrETWfxsp7g1OQgI6zZpYr","contentUrl":"https:\/\/lh4.googleusercontent.com\/bSQVivhmNWyXc7T0iDgRqlEBx6w-JFBP0BH6EUB4GTB0LN_2oHDopaNa01Dl3pNa2fQlAm_Enj6Rtfw8i_LixLij0krtWjLz4RQ3brOEkF9ampFA7ZjrETWfxsp7g1OQgI6zZpYr"},{"@type":"BreadcrumbList","@id":"https:\/\/sites.uef.fi\/cceel\/climate-change-litigation-seminar-on-28-april\/#breadcrumb","itemListElement":[{"@type":"ListItem","position":1,"name":"Home","item":"https:\/\/sites.uef.fi\/cceel\/"},{"@type":"ListItem","position":2,"name":"2035Legitimacy Climate Change Litigation Seminar"}]},{"@type":"WebSite","@id":"https:\/\/sites.uef.fi\/cceel\/#website","url":"https:\/\/sites.uef.fi\/cceel\/","name":"The Center for Climate Change, Energy and Environmental Law","description":"","potentialAction":[{"@type":"SearchAction","target":{"@type":"EntryPoint","urlTemplate":"https:\/\/sites.uef.fi\/cceel\/?s={search_term_string}"},"query-input":{"@type":"PropertyValueSpecification","valueRequired":true,"valueName":"search_term_string"}}],"inLanguage":"en-US"}]}},"_links":{"self":[{"href":"https:\/\/sites.uef.fi\/cceel\/wp-json\/wp\/v2\/pages\/5176","targetHints":{"allow":["GET"]}}],"collection":[{"href":"https:\/\/sites.uef.fi\/cceel\/wp-json\/wp\/v2\/pages"}],"about":[{"href":"https:\/\/sites.uef.fi\/cceel\/wp-json\/wp\/v2\/types\/page"}],"author":[{"embeddable":true,"href":"https:\/\/sites.uef.fi\/cceel\/wp-json\/wp\/v2\/users\/210"}],"replies":[{"embeddable":true,"href":"https:\/\/sites.uef.fi\/cceel\/wp-json\/wp\/v2\/comments?post=5176"}],"version-history":[{"count":0,"href":"https:\/\/sites.uef.fi\/cceel\/wp-json\/wp\/v2\/pages\/5176\/revisions"}],"wp:attachment":[{"href":"https:\/\/sites.uef.fi\/cceel\/wp-json\/wp\/v2\/media?parent=5176"}],"curies":[{"name":"wp","href":"https:\/\/api.w.org\/{rel}","templated":true}]}}