{"id":690,"date":"2021-03-24T13:45:08","date_gmt":"2021-03-24T11:45:08","guid":{"rendered":"https:\/\/cceel.uef.fi\/?page_id=690"},"modified":"2021-12-22T12:21:44","modified_gmt":"2021-12-22T10:21:44","slug":"hilmi-hiili-ja-ymparistojalanjalki-hankinnoissa-lainsaadanto-ja-mittaaminen-carbon-and-environmental-footprints-in-public-procurement-law-and-measuring","status":"publish","type":"page","link":"https:\/\/sites.uef.fi\/cceel\/hilmi-hiili-ja-ymparistojalanjalki-hankinnoissa-lainsaadanto-ja-mittaaminen-carbon-and-environmental-footprints-in-public-procurement-law-and-measuring\/","title":{"rendered":"HILMI"},"content":{"rendered":"\n<p class=\"has-nv-dark-bg-color has-nv-light-bg-background-color has-text-color has-background\"><strong>Hiili- ja ymp\u00e4rist\u00f6jalanj\u00e4lki hankinnoissa \u2013 lains\u00e4\u00e4d\u00e4nt\u00f6 ja mittaaminen (Carbon and environmental footprints in public procurement \u2013 law and measuring)<\/strong><\/p>\n\n\n\n<div style=\"height:50px\" aria-hidden=\"true\" class=\"wp-block-spacer\"><\/div>\n\n\n\n<h3 class=\"wp-block-heading\"><strong>Period: 4\/2020 \u2013 12\/2020<\/strong><\/h3>\n\n\n\n<p>A research Team from&nbsp;CCEEL&nbsp;has published a comprehensive report for the Office of the Prime Minister of Finland on greening public procurement. The research consortium in Project HILMI, with&nbsp;Harri Kalimo&nbsp;as the Principal Investigator and&nbsp;Mirella Miettinen, Jarkko Pesu, Sanna Lehtinen and Lea Mateo &nbsp;contributing, included also the Finnish Environment Institute, VUB\u2019s Institute for European Studies and&nbsp;&nbsp;and the Lappeenranta University of Technology.&nbsp;<\/p>\n\n\n\n<p>The objective of project HILMI was to find out how legislation and other means of governance should be developed, and the procurement activities monitored and measured, in order to decrease the carbon and environmental footprints of public procurement in a cost-efficient manner. The project was implemented in three stages. First, the project team created a classification of product groups on the basis of their \u201denvironmental impact potential\u201d. <\/p>\n\n\n\n<p>The classification allowed to identify the product groups, on which to focus governance measures as a priority. Second, HILMI investigated how the different means of governance should be developed so as to take environmental considerations into account in procurement.&nbsp;It found five themes&nbsp;that&nbsp;deserve particular attention.&nbsp;Third, the research group proposed&nbsp;that the monitoring and reporting of procurement systematically include the environmental considerations of the inputs (tender documents), output (the tender that was awarded the contract) as well as the impacts (caused by the procured products) of procurement.&nbsp;The report contains 24 policy recommendations for more sustainable public procurement.&nbsp;<\/p>\n\n\n\n<p class=\"has-text-align-right\"><sup><span class=\"has-inline-color has-neve-link-hover-color-color\"><a href=\"https:\/\/link.webropolsurveys.com\/S\/32CA524610C14557\" data-type=\"URL\" data-id=\"https:\/\/link.webropolsurveys.com\/S\/32CA524610C14557\">Give feedback<\/a><\/span> | <span class=\"has-inline-color has-neve-link-hover-color-color\"><a href=\"https:\/\/www.uef.fi\/en\/data-protection\" data-type=\"URL\" data-id=\"https:\/\/www.uef.fi\/en\/data-protection\">Data Protection<\/a><\/span> | <span class=\"has-inline-color has-neve-link-hover-color-color\"><a href=\"https:\/\/sites.uef.fi\/kmru\/accessibility-statement\/\" data-type=\"URL\" data-id=\"https:\/\/sites.uef.fi\/kmru\/accessibility-statement\/\">Accessibility<\/a><\/span><\/sup><\/p>\n","protected":false},"excerpt":{"rendered":"<p>Hiili- ja ymp\u00e4rist\u00f6jalanj\u00e4lki hankinnoissa \u2013 lains\u00e4\u00e4d\u00e4nt\u00f6 ja mittaaminen (Carbon and environmental footprints in public procurement \u2013 law and measuring) Period: 4\/2020 \u2013 12\/2020 A research Team from&nbsp;CCEEL&nbsp;has published a comprehensive report for the Office of the Prime Minister of Finland on greening public procurement. The research consortium in Project HILMI, with&nbsp;Harri Kalimo&nbsp;as the Principal Investigator [&hellip;]<\/p>\n","protected":false},"author":559,"featured_media":0,"parent":0,"menu_order":6,"comment_status":"closed","ping_status":"closed","template":"","meta":{"_acf_changed":false,"_monsterinsights_skip_tracking":false,"_monsterinsights_sitenote_active":false,"_monsterinsights_sitenote_note":"","_monsterinsights_sitenote_category":0,"footnotes":""},"class_list":["post-690","page","type-page","status-publish","hentry"],"acf":[],"yoast_head":"<!-- This site is optimized with the Yoast SEO plugin v27.1.1 - https:\/\/yoast.com\/product\/yoast-seo-wordpress\/ -->\n<title>HILMI - The Center for Climate Change, Energy and Environmental Law<\/title>\n<meta name=\"robots\" content=\"index, follow, max-snippet:-1, max-image-preview:large, max-video-preview:-1\" \/>\n<link rel=\"canonical\" href=\"https:\/\/sites.uef.fi\/cceel\/hilmi-hiili-ja-ymparistojalanjalki-hankinnoissa-lainsaadanto-ja-mittaaminen-carbon-and-environmental-footprints-in-public-procurement-law-and-measuring\/\" \/>\n<meta property=\"og:locale\" content=\"en_US\" \/>\n<meta property=\"og:type\" content=\"article\" \/>\n<meta property=\"og:title\" content=\"HILMI - The Center for Climate Change, Energy and Environmental Law\" \/>\n<meta property=\"og:description\" content=\"Hiili- ja ymp\u00e4rist\u00f6jalanj\u00e4lki hankinnoissa \u2013 lains\u00e4\u00e4d\u00e4nt\u00f6 ja mittaaminen (Carbon and environmental footprints in public procurement \u2013 law and measuring) Period: 4\/2020 \u2013 12\/2020 A research Team from&nbsp;CCEEL&nbsp;has published a comprehensive report for the Office of the Prime Minister of Finland on greening public procurement. The research consortium in Project HILMI, with&nbsp;Harri Kalimo&nbsp;as the Principal Investigator [&hellip;]\" \/>\n<meta property=\"og:url\" content=\"https:\/\/sites.uef.fi\/cceel\/hilmi-hiili-ja-ymparistojalanjalki-hankinnoissa-lainsaadanto-ja-mittaaminen-carbon-and-environmental-footprints-in-public-procurement-law-and-measuring\/\" \/>\n<meta property=\"og:site_name\" content=\"The Center for Climate Change, Energy and Environmental Law\" \/>\n<meta property=\"article:modified_time\" content=\"2021-12-22T10:21:44+00:00\" \/>\n<meta name=\"twitter:card\" content=\"summary_large_image\" \/>\n<meta name=\"twitter:label1\" content=\"Est. reading time\" \/>\n\t<meta name=\"twitter:data1\" content=\"1 minute\" \/>\n<script type=\"application\/ld+json\" class=\"yoast-schema-graph\">{\"@context\":\"https:\/\/schema.org\",\"@graph\":[{\"@type\":\"WebPage\",\"@id\":\"https:\/\/sites.uef.fi\/cceel\/hilmi-hiili-ja-ymparistojalanjalki-hankinnoissa-lainsaadanto-ja-mittaaminen-carbon-and-environmental-footprints-in-public-procurement-law-and-measuring\/\",\"url\":\"https:\/\/sites.uef.fi\/cceel\/hilmi-hiili-ja-ymparistojalanjalki-hankinnoissa-lainsaadanto-ja-mittaaminen-carbon-and-environmental-footprints-in-public-procurement-law-and-measuring\/\",\"name\":\"HILMI - The Center for Climate Change, Energy and Environmental Law\",\"isPartOf\":{\"@id\":\"https:\/\/sites.uef.fi\/cceel\/#website\"},\"datePublished\":\"2021-03-24T11:45:08+00:00\",\"dateModified\":\"2021-12-22T10:21:44+00:00\",\"breadcrumb\":{\"@id\":\"https:\/\/sites.uef.fi\/cceel\/hilmi-hiili-ja-ymparistojalanjalki-hankinnoissa-lainsaadanto-ja-mittaaminen-carbon-and-environmental-footprints-in-public-procurement-law-and-measuring\/#breadcrumb\"},\"inLanguage\":\"en-US\",\"potentialAction\":[{\"@type\":\"ReadAction\",\"target\":[\"https:\/\/sites.uef.fi\/cceel\/hilmi-hiili-ja-ymparistojalanjalki-hankinnoissa-lainsaadanto-ja-mittaaminen-carbon-and-environmental-footprints-in-public-procurement-law-and-measuring\/\"]}]},{\"@type\":\"BreadcrumbList\",\"@id\":\"https:\/\/sites.uef.fi\/cceel\/hilmi-hiili-ja-ymparistojalanjalki-hankinnoissa-lainsaadanto-ja-mittaaminen-carbon-and-environmental-footprints-in-public-procurement-law-and-measuring\/#breadcrumb\",\"itemListElement\":[{\"@type\":\"ListItem\",\"position\":1,\"name\":\"Home\",\"item\":\"https:\/\/sites.uef.fi\/cceel\/\"},{\"@type\":\"ListItem\",\"position\":2,\"name\":\"HILMI\"}]},{\"@type\":\"WebSite\",\"@id\":\"https:\/\/sites.uef.fi\/cceel\/#website\",\"url\":\"https:\/\/sites.uef.fi\/cceel\/\",\"name\":\"The Center for Climate Change, Energy and Environmental Law\",\"description\":\"\",\"potentialAction\":[{\"@type\":\"SearchAction\",\"target\":{\"@type\":\"EntryPoint\",\"urlTemplate\":\"https:\/\/sites.uef.fi\/cceel\/?s={search_term_string}\"},\"query-input\":{\"@type\":\"PropertyValueSpecification\",\"valueRequired\":true,\"valueName\":\"search_term_string\"}}],\"inLanguage\":\"en-US\"}]}<\/script>\n<!-- \/ Yoast SEO plugin. -->","yoast_head_json":{"title":"HILMI - The Center for Climate Change, Energy and Environmental Law","robots":{"index":"index","follow":"follow","max-snippet":"max-snippet:-1","max-image-preview":"max-image-preview:large","max-video-preview":"max-video-preview:-1"},"canonical":"https:\/\/sites.uef.fi\/cceel\/hilmi-hiili-ja-ymparistojalanjalki-hankinnoissa-lainsaadanto-ja-mittaaminen-carbon-and-environmental-footprints-in-public-procurement-law-and-measuring\/","og_locale":"en_US","og_type":"article","og_title":"HILMI - The Center for Climate Change, Energy and Environmental Law","og_description":"Hiili- ja ymp\u00e4rist\u00f6jalanj\u00e4lki hankinnoissa \u2013 lains\u00e4\u00e4d\u00e4nt\u00f6 ja mittaaminen (Carbon and environmental footprints in public procurement \u2013 law and measuring) Period: 4\/2020 \u2013 12\/2020 A research Team from&nbsp;CCEEL&nbsp;has published a comprehensive report for the Office of the Prime Minister of Finland on greening public procurement. The research consortium in Project HILMI, with&nbsp;Harri Kalimo&nbsp;as the Principal Investigator [&hellip;]","og_url":"https:\/\/sites.uef.fi\/cceel\/hilmi-hiili-ja-ymparistojalanjalki-hankinnoissa-lainsaadanto-ja-mittaaminen-carbon-and-environmental-footprints-in-public-procurement-law-and-measuring\/","og_site_name":"The Center for Climate Change, Energy and Environmental Law","article_modified_time":"2021-12-22T10:21:44+00:00","twitter_card":"summary_large_image","twitter_misc":{"Est. reading time":"1 minute"},"schema":{"@context":"https:\/\/schema.org","@graph":[{"@type":"WebPage","@id":"https:\/\/sites.uef.fi\/cceel\/hilmi-hiili-ja-ymparistojalanjalki-hankinnoissa-lainsaadanto-ja-mittaaminen-carbon-and-environmental-footprints-in-public-procurement-law-and-measuring\/","url":"https:\/\/sites.uef.fi\/cceel\/hilmi-hiili-ja-ymparistojalanjalki-hankinnoissa-lainsaadanto-ja-mittaaminen-carbon-and-environmental-footprints-in-public-procurement-law-and-measuring\/","name":"HILMI - The Center for Climate Change, Energy and Environmental Law","isPartOf":{"@id":"https:\/\/sites.uef.fi\/cceel\/#website"},"datePublished":"2021-03-24T11:45:08+00:00","dateModified":"2021-12-22T10:21:44+00:00","breadcrumb":{"@id":"https:\/\/sites.uef.fi\/cceel\/hilmi-hiili-ja-ymparistojalanjalki-hankinnoissa-lainsaadanto-ja-mittaaminen-carbon-and-environmental-footprints-in-public-procurement-law-and-measuring\/#breadcrumb"},"inLanguage":"en-US","potentialAction":[{"@type":"ReadAction","target":["https:\/\/sites.uef.fi\/cceel\/hilmi-hiili-ja-ymparistojalanjalki-hankinnoissa-lainsaadanto-ja-mittaaminen-carbon-and-environmental-footprints-in-public-procurement-law-and-measuring\/"]}]},{"@type":"BreadcrumbList","@id":"https:\/\/sites.uef.fi\/cceel\/hilmi-hiili-ja-ymparistojalanjalki-hankinnoissa-lainsaadanto-ja-mittaaminen-carbon-and-environmental-footprints-in-public-procurement-law-and-measuring\/#breadcrumb","itemListElement":[{"@type":"ListItem","position":1,"name":"Home","item":"https:\/\/sites.uef.fi\/cceel\/"},{"@type":"ListItem","position":2,"name":"HILMI"}]},{"@type":"WebSite","@id":"https:\/\/sites.uef.fi\/cceel\/#website","url":"https:\/\/sites.uef.fi\/cceel\/","name":"The Center for Climate Change, Energy and Environmental Law","description":"","potentialAction":[{"@type":"SearchAction","target":{"@type":"EntryPoint","urlTemplate":"https:\/\/sites.uef.fi\/cceel\/?s={search_term_string}"},"query-input":{"@type":"PropertyValueSpecification","valueRequired":true,"valueName":"search_term_string"}}],"inLanguage":"en-US"}]}},"_links":{"self":[{"href":"https:\/\/sites.uef.fi\/cceel\/wp-json\/wp\/v2\/pages\/690","targetHints":{"allow":["GET"]}}],"collection":[{"href":"https:\/\/sites.uef.fi\/cceel\/wp-json\/wp\/v2\/pages"}],"about":[{"href":"https:\/\/sites.uef.fi\/cceel\/wp-json\/wp\/v2\/types\/page"}],"author":[{"embeddable":true,"href":"https:\/\/sites.uef.fi\/cceel\/wp-json\/wp\/v2\/users\/559"}],"replies":[{"embeddable":true,"href":"https:\/\/sites.uef.fi\/cceel\/wp-json\/wp\/v2\/comments?post=690"}],"version-history":[{"count":0,"href":"https:\/\/sites.uef.fi\/cceel\/wp-json\/wp\/v2\/pages\/690\/revisions"}],"wp:attachment":[{"href":"https:\/\/sites.uef.fi\/cceel\/wp-json\/wp\/v2\/media?parent=690"}],"curies":[{"name":"wp","href":"https:\/\/api.w.org\/{rel}","templated":true}]}}