{"id":7580,"date":"2023-10-02T08:54:16","date_gmt":"2023-10-02T05:54:16","guid":{"rendered":"https:\/\/sites.uef.fi\/kmru\/?page_id=7580"},"modified":"2023-11-15T11:23:36","modified_gmt":"2023-11-15T09:23:36","slug":"cceel-10th-anniversary-academic-seminar","status":"publish","type":"page","link":"https:\/\/sites.uef.fi\/cceel\/cceel-10th-anniversary-academic-seminar\/","title":{"rendered":"CCEEL 10th ANNIVERSARY ACADEMIC SEMINAR"},"content":{"rendered":"\n<figure class=\"wp-block-image aligncenter size-full is-resized\"><img loading=\"lazy\" decoding=\"async\" width=\"837\" height=\"305\" src=\"https:\/\/sites.uef.fi\/kmru\/wp-content\/uploads\/sites\/522\/Picture-1-4.png\" alt=\"\" class=\"wp-image-7568\" style=\"width:407px;height:148px\" \/><\/figure>\n\n\n\n<p class=\"has-text-align-center\"><strong>Center for Climate Change, Energy, and Environmental Law<\/strong><\/p>\n\n\n\n<p class=\"has-text-align-center\"><em>Celebrating a Decade of Excellence<\/em><\/p>\n\n\n\n<p class=\"has-text-align-center\"><strong>10th Anniversary Academic Seminar<\/strong><\/p>\n\n\n\n<p class=\"has-text-align-center\"><strong>Date:<\/strong>&nbsp;17 November 2023&nbsp;<strong>Time:<\/strong>&nbsp;10:30-17:00&nbsp;<strong>Venue:<\/strong>&nbsp;Hotel K\u00e4mp,&nbsp;Pohjoisesplanadi, 29 Helsinki, 00100 Finland <strong><span style=\"text-decoration: underline\">and<\/span> <\/strong>online<\/p>\n\n\n\n<p class=\"has-text-align-center\"><strong>Please note that in-person attendance is by invitation only and you are able to follow the whole event on Zoom.<\/strong> <strong><a href=\"https:\/\/uef.zoom.us\/webinar\/register\/WN_kEgVQqX3SIeqosGadhnhGQ\">Register here to join us online!<\/a><\/strong><\/p>\n\n\n\n<p>At the event, we will reflect on a decade of progress and set our sights on a future committed to addressing pressing issues in climate change, energy, and environmental law. <\/p>\n\n\n\n<p>Here is our detailed programme:<\/p>\n\n\n\n<p><strong>Opening Remarks<\/strong><\/p>\n\n\n\n<p><strong>10:30-11<\/strong>&nbsp;&nbsp;&nbsp;&nbsp;&nbsp;&nbsp;&nbsp;&nbsp;&nbsp;&nbsp;&nbsp;&nbsp;&nbsp;&nbsp;&nbsp;&nbsp;&nbsp;&nbsp;&nbsp;&nbsp;<strong>OPENING SPEECHES<\/strong>&nbsp;<\/p>\n\n\n\n<p><strong>Prof. Tapio M\u00e4\u00e4tt\u00e4<\/strong>, Academic Rector, University of Eastern Finland&nbsp;<\/p>\n\n\n\n<p><strong>Dr Tuomas P\u00f6ysti<\/strong>, Chancellor of Justice<\/p>\n\n\n\n<p>A brief introduction to CCEEL and its research groups by CCEEL Co-Directors <strong>Prof. Kati Kulovesi<\/strong>, <strong>Prof. Niko Soininen<\/strong> and <strong>Prof. Kim Talus<\/strong><\/p>\n\n\n\n<p>Chair: <strong>Prof.<\/strong> <strong>Antti Belinskij<\/strong>,&nbsp;CCEEL and Finnish Environment Institute SYKE<\/p>\n\n\n\n<p><strong>Keynote Address&nbsp;<\/strong><\/p>\n\n\n\n<p><strong>11-12:15<\/strong>&nbsp;&nbsp;&nbsp;&nbsp;&nbsp;&nbsp;&nbsp;&nbsp;&nbsp;&nbsp;&nbsp;&nbsp;&nbsp;&nbsp;&nbsp;&nbsp;&nbsp;&nbsp;&nbsp;&nbsp;<strong>KEYNOTE SPEECHES on synergies and contradictions between the climate, energy and sustainability transitions<\/strong><\/p>\n\n\n\n<p><strong>Prof. Sebastian Oberth\u00fcr<\/strong>, CCEEL and Vrije Universiteit Brussels&nbsp;\u2013&nbsp;<strong>A European perspectives on the climate transition<\/strong><\/p>\n\n\n\n<p><strong>Prof. Leigh Hancher<\/strong>, European University Institute&nbsp;\u2013&nbsp;<strong>A perspective on the energy transition<\/strong><\/p>\n\n\n\n<p><strong>Prof. Chris Backes<\/strong>, Utrecht University&nbsp;\u2013&nbsp;<strong>An EU biodiversity and environmental law perspective to the climate and energy transition<\/strong><\/p>\n\n\n\n<p><strong>12:15-13:30&nbsp;&nbsp;Lunch<\/strong><\/p>\n\n\n\n<p><strong>13:30-14:35<\/strong>&nbsp; Panel Discussion:&nbsp;<strong>Climate Change Litigation: International, European and National Law Perspectives<\/strong><\/p>\n\n\n\n<p>Climate litigation against governments and companies is expanding rapidly all over the world. Climate advisory opinions have been requested from the International Court of Justice and the International Tribunal on the Law of the Sea. This session, relating to the 4iTraction Horizon 2020 project, will discuss climate change litigation from various perspectives.&nbsp;&nbsp;<\/p>\n\n\n\n<ul class=\"wp-block-list\">\n<li><strong>Jacques Hartmann<\/strong>,\u00a0Professor of International Law and Human Rights, University of Dundee\u00a0&#8211;\u00a0<strong>Climate change advisory opinion by the International Court of Justice\u00a0\u00a0<\/strong><\/li>\n<\/ul>\n\n\n\n<ul class=\"wp-block-list\">\n<li><strong>Annalisa Savaresi<\/strong>,\u00a0Associate Professor, CCEEL, UEF Law School and Professor, University of Stirling\u00a0&#8211;\u00a0<strong>Climate litigation before the European Court of Human Rights<\/strong><\/li>\n<\/ul>\n\n\n\n<ul class=\"wp-block-list\">\n<li><strong>Kati Kulovesi<\/strong>,\u00a0Professor of International Law and Co-Director of CCEEL, UEF Law School\u00a0&#8211;\u00a0<strong>Climate litigation in Finland<\/strong>\u00a0\u00a0<\/li>\n<\/ul>\n\n\n\n<ul class=\"wp-block-list\">\n<li><strong>Anna-Maria Tamminen<\/strong>,&nbsp;Partner,&nbsp;Hannes Snellman&nbsp;&#8211;&nbsp;<strong>Climate litigation from a law firm perspective<\/strong>&nbsp;&nbsp;<\/li>\n<\/ul>\n\n\n\n<ul class=\"wp-block-list\">\n<li><strong>Ivano Alogna<\/strong>, Research Leader in Environmental and Climate Change Law, British Institute of International and Comparative Law \u00a0&#8211;\u00a0<strong>Climate litigation against private companies\u00a0\u00a0<\/strong><\/li>\n<\/ul>\n\n\n\n<p><strong>14:35-14:50&nbsp;&nbsp;Coffee&nbsp;<\/strong><\/p>\n\n\n\n<p><strong>14:50-15:55<\/strong>&nbsp; Panel Discussion:&nbsp;<strong>Energy Disputes: Current and Future Disputes in the Energy Sector<\/strong><\/p>\n\n\n\n<p>The energy sector is prone to disputes, and Russia\u2019s war in Ukraine has created a wave of disputes involving Russia and Russian entities with knock on effects for future energy disputes. The need to rapidly develop alternative sources of energy to replace Russian hydrocarbons is also generating disputes related to energy equipment and services, an often overlooked area. And, until new energy sources are fully brought on line, the war in Russia will continue to have an impact on energy prices and in Finland, which in turn is generating its own set of disputes. This session will provide insights into how the energy sector is responding to these disputes while keeping the energy flowing and lights turned on.&nbsp;<\/p>\n\n\n\n<p>Chair:&nbsp;<strong>Prof. Leigh Hancher<\/strong>, European University Institute<\/p>\n\n\n\n<ul class=\"wp-block-list\">\n<li><strong>Sergii Melnyk<\/strong>, Deputy Counsel, International Court of Arbitration, ICC \u2013 <strong>Current trends and developments in energy disputes<\/strong><\/li>\n<\/ul>\n\n\n\n<ul class=\"wp-block-list\">\n<li><strong>Michael Mcilwrath<\/strong>,&nbsp;Partner, MDisputes and Chair, Governing Body for Dispute Resolution Services, International Chamber for Commerce&nbsp;&#8211;&nbsp;<strong>The overlooked area of energy disputes: equipment and services arbitrations&nbsp;&nbsp;<\/strong><\/li>\n<\/ul>\n\n\n\n<ul class=\"wp-block-list\">\n<li><strong>Kim Talus<\/strong>,&nbsp;Professor of Energy Law and Co-Director of CCEEL, UEF Law School&nbsp;&#8211;&nbsp;<strong>Disputes in retail electricity pricing in Finland&nbsp;&nbsp;<\/strong><\/li>\n<\/ul>\n\n\n\n<p><strong>16:00-17:00<\/strong>&nbsp; Panel Discussion:&nbsp;<strong>Biodiversity and Environmental Quality in the Energy Transition<\/strong>&nbsp;<\/p>\n\n\n\n<p>Climate change mitigation requires decisive action in the energy sector, and across all sectors of society. In tandem, there is an equally pressing need to mitigate biodiversity loss and degradation&nbsp;of environmental quality despite decades of governmental and private efforts to these ends. A key societal challenge is that climate change mitigation requires space (e.g., wind and solar power and other industrial investments, such as mines) for development and comes with negative impacts on biodiversity and environmental quality. As our current biodiversity and environmental quality challenges are about the overuse of space \u2013 and even at present levels the current use of space is unsustainable \u2013 there is an immanent risk that the climate change mitigation efforts will translate into increasing biodiversity loss and decreasing environmental quality unless carefully governed. How can environmental law help navigate this tension?&nbsp;<\/p>\n\n\n\n<ul class=\"wp-block-list\">\n<li><strong>Johanna Korpi<\/strong>,&nbsp;Ministry of the Environment of Finland&nbsp;\u2013&nbsp;<strong>Ministry perspectives to navigating the trade-offs of climate change mitigation and biodiversity<\/strong><\/li>\n<\/ul>\n\n\n\n<ul class=\"wp-block-list\">\n<li><strong>Jaakko Autio<\/strong>,&nbsp;Supreme Administrative Court of Finland&nbsp;&nbsp;\u2013&nbsp;<strong>Court perspective to navigating the trade-offs of climate change mitigation and biodiversity<\/strong><\/li>\n<\/ul>\n\n\n\n<ul class=\"wp-block-list\">\n<li><strong>Niko Soininen<\/strong>,&nbsp;Professor of Environmental Law and Co-Director of CCEEL, UEF Law School&nbsp;\u2013&nbsp;<strong>Finnish Perspective to regulating energy transitions: Have we learned anything in 100 years after the hydropower boom?<\/strong><\/li>\n<\/ul>\n\n\n\n<ul class=\"wp-block-list\">\n<li><strong>Antti Belinskij<\/strong>,&nbsp;Professor of Environmental Law, CCEEL, UEF Law School and Research Professor, Finnish Environment Institute SYKE&nbsp;\u2013&nbsp;<strong>Green Deal \u2013 a deal for green?<\/strong><\/li>\n<\/ul>\n\n\n\n<p><strong>17:00-18:00&nbsp;&nbsp;COCKTAILS&nbsp;<\/strong><\/p>\n\n\n\n<p class=\"has-text-align-center has-large-font-size\"><a href=\"https:\/\/uef.zoom.us\/webinar\/register\/WN_kEgVQqX3SIeqosGadhnhGQ\"><strong>You can register here!<\/strong><\/a><\/p>\n\n\n\n<p> For inquiries, kindly contact Raihanatul Jannat at <a href=\"mailto:raihanatul.jannat@uef.fi\">raihanatul.jannat@uef.fi<\/a><\/p>\n\n\n\n<figure class=\"wp-block-image aligncenter size-full is-resized\"><img loading=\"lazy\" decoding=\"async\" width=\"2214\" height=\"1284\" src=\"https:\/\/sites.uef.fi\/kmru\/wp-content\/uploads\/sites\/522\/Screenshot-2023-10-19-at-14.39.21.png\" alt=\"\" class=\"wp-image-7731\" style=\"aspect-ratio:1.7242990654205608;width:793px;height:auto\" srcset=\"https:\/\/sites.uef.fi\/cceel\/wp-content\/uploads\/sites\/522\/Screenshot-2023-10-19-at-14.39.21.png 2214w, https:\/\/sites.uef.fi\/cceel\/wp-content\/uploads\/sites\/522\/Screenshot-2023-10-19-at-14.39.21-1536x891.png 1536w, https:\/\/sites.uef.fi\/cceel\/wp-content\/uploads\/sites\/522\/Screenshot-2023-10-19-at-14.39.21-2048x1188.png 2048w\" sizes=\"auto, (max-width: 2214px) 100vw, 2214px\" \/><\/figure>\n\n\n\n<p class=\"has-text-align-center has-small-font-size\">The 4iTraction project has received funding from the European Union\u2019s Horizon 2020 research and innovation programme under grant agreement&nbsp;<strong>No. 101003884<\/strong>.<\/p>\n\n\n\n<p class=\"has-text-align-center\"><strong>CCEEL IN A NUTSHELL<\/strong><\/p>\n\n\n\n<p>CCEEL was established in 2013 at the Law School of the University of Eastern Finland. Ten years later, CCEEL is a vibrant academic community of 6 full-time and 5 part-time professors, 9&nbsp;senior researchers, 9 postdoctoral researchers, 56 PhD researchers and 8 junor staff\/research assistants. The current Co-Directors of CCEEL are Prof. Kati Kulovesi, Prof. Niko Soininen and Prof. Kim Talus and the CCEEL coordinator is Raihanatul Jannat. &nbsp;<\/p>\n\n\n\n<p>CCEEL is home to four research groups on Climate Change Law, Energy Law, Environmental Law and Sustainability Law. All groups collaborate actively with domestic and international partners, including through multidisciplinary research.&nbsp;&nbsp;<\/p>\n\n\n\n<p>CCEEL\u2019s currently ongoing research projects have attracted over \u20ac 10 million of external funding, mainly from the Finnish Research Council, Finnish Strategic Research Council as well as the European Union Horizon programme.&nbsp; CCEEL is also part of the Atmosphere and Climate Competence Center, lead by the University of Helsinki under the Finnish Research Flagships programme.&nbsp;&nbsp;<\/p>\n\n\n\n<p>CCEEL has been coordinating the international Master\u2019s Degree Programme on Environmental Law and Policy since 2013 and participating in the Nordic Master\u2019s Programme in Environmental Law taught jointly with the Universities of Uppsala (Sweden) and Tromso (Norway) since 2019.&nbsp;<\/p>\n\n\n\n<p>CCEEL members are actively engaged in ensuring the social impacts of their research in Finland and abroad. They collaborating with and consulting international, EU and national authorities. The UEF\/CCEEL and the UN Environment Programme have also co-organized, since 2004, a ten-day course teaching international environmental law-making and diplomacy skills to civil servants from all over the world with funding from the Ministry for Foreign Affairs of Finland and the Finnish Ministry of the Environment.&nbsp;<\/p>\n\n\n\n<p>CCEEL members have served, <em>inter alia<\/em>, in the Finnish Climate Change Panel, the Expert Panel for Sustainable Development and as expert members of the Market Court. They also provide legal advice, including concerning energy projects and disputes involving EU law. Some CCEEL members also gave <em>pro bono<\/em> legal advice to environmental NGOs in the Finnish Climate Case of 2023.&nbsp;<\/p>\n\n\n\n<p>CCEEL members are also active in the Finnish Society for Environmental Law bringing together some 500 Finnish environmental law experts from the public and private sectors and the civil society.&nbsp;&nbsp;<\/p>\n\n\n\n<figure class=\"wp-block-image aligncenter size-full is-resized\"><img loading=\"lazy\" decoding=\"async\" width=\"2000\" height=\"1333\" src=\"https:\/\/sites.uef.fi\/kmru\/wp-content\/uploads\/sites\/522\/CCEEL-TEAM-PHOTO_IUCN-COLLOQUIUM-2023-13.jpeg\" alt=\"\" class=\"wp-image-7473\" style=\"width:454px;height:302px\" srcset=\"https:\/\/sites.uef.fi\/cceel\/wp-content\/uploads\/sites\/522\/CCEEL-TEAM-PHOTO_IUCN-COLLOQUIUM-2023-13.jpeg 2000w, https:\/\/sites.uef.fi\/cceel\/wp-content\/uploads\/sites\/522\/CCEEL-TEAM-PHOTO_IUCN-COLLOQUIUM-2023-13-1536x1024.jpeg 1536w, https:\/\/sites.uef.fi\/cceel\/wp-content\/uploads\/sites\/522\/CCEEL-TEAM-PHOTO_IUCN-COLLOQUIUM-2023-13-930x620.jpeg 930w\" sizes=\"auto, (max-width: 2000px) 100vw, 2000px\" \/><\/figure>\n","protected":false},"excerpt":{"rendered":"<p>Center for Climate Change, Energy, and Environmental Law Celebrating a Decade of Excellence 10th Anniversary Academic Seminar Date:&nbsp;17 November 2023&nbsp;Time:&nbsp;10:30-17:00&nbsp;Venue:&nbsp;Hotel K\u00e4mp,&nbsp;Pohjoisesplanadi, 29 Helsinki, 00100 Finland and online Please note that in-person attendance is by invitation only and you are able to follow the whole event on Zoom. Register here to join us online! At the [&hellip;]<\/p>\n","protected":false},"author":210,"featured_media":0,"parent":0,"menu_order":0,"comment_status":"closed","ping_status":"closed","template":"","meta":{"_acf_changed":false,"_monsterinsights_skip_tracking":false,"_monsterinsights_sitenote_active":false,"_monsterinsights_sitenote_note":"","_monsterinsights_sitenote_category":0,"footnotes":""},"class_list":["post-7580","page","type-page","status-publish","hentry"],"acf":[],"yoast_head":"<!-- This site is optimized with the Yoast SEO plugin v27.1.1 - https:\/\/yoast.com\/product\/yoast-seo-wordpress\/ -->\n<title>CCEEL 10th ANNIVERSARY ACADEMIC SEMINAR - The Center for Climate Change, Energy and Environmental Law<\/title>\n<meta name=\"robots\" content=\"index, follow, max-snippet:-1, max-image-preview:large, max-video-preview:-1\" \/>\n<link rel=\"canonical\" href=\"https:\/\/sites.uef.fi\/cceel\/cceel-10th-anniversary-academic-seminar\/\" \/>\n<meta property=\"og:locale\" content=\"en_US\" \/>\n<meta property=\"og:type\" content=\"article\" \/>\n<meta property=\"og:title\" content=\"CCEEL 10th ANNIVERSARY ACADEMIC SEMINAR - The Center for Climate Change, Energy and Environmental Law\" \/>\n<meta property=\"og:description\" content=\"Center for Climate Change, Energy, and Environmental Law Celebrating a Decade of Excellence 10th Anniversary Academic Seminar Date:&nbsp;17 November 2023&nbsp;Time:&nbsp;10:30-17:00&nbsp;Venue:&nbsp;Hotel K\u00e4mp,&nbsp;Pohjoisesplanadi, 29 Helsinki, 00100 Finland and online Please note that in-person attendance is by invitation only and you are able to follow the whole event on Zoom. Register here to join us online! At the [&hellip;]\" \/>\n<meta property=\"og:url\" content=\"https:\/\/sites.uef.fi\/cceel\/cceel-10th-anniversary-academic-seminar\/\" \/>\n<meta property=\"og:site_name\" content=\"The Center for Climate Change, Energy and Environmental Law\" \/>\n<meta property=\"article:modified_time\" content=\"2023-11-15T09:23:36+00:00\" \/>\n<meta property=\"og:image\" content=\"https:\/\/sites.uef.fi\/kmru\/wp-content\/uploads\/sites\/522\/Picture-1-4.png\" \/>\n<meta name=\"twitter:card\" content=\"summary_large_image\" \/>\n<meta name=\"twitter:label1\" content=\"Est. reading time\" \/>\n\t<meta name=\"twitter:data1\" content=\"6 minutes\" \/>\n<script type=\"application\/ld+json\" class=\"yoast-schema-graph\">{\"@context\":\"https:\/\/schema.org\",\"@graph\":[{\"@type\":\"WebPage\",\"@id\":\"https:\/\/sites.uef.fi\/cceel\/cceel-10th-anniversary-academic-seminar\/\",\"url\":\"https:\/\/sites.uef.fi\/cceel\/cceel-10th-anniversary-academic-seminar\/\",\"name\":\"CCEEL 10th ANNIVERSARY ACADEMIC SEMINAR - The Center for Climate Change, Energy and Environmental Law\",\"isPartOf\":{\"@id\":\"https:\/\/sites.uef.fi\/cceel\/#website\"},\"primaryImageOfPage\":{\"@id\":\"https:\/\/sites.uef.fi\/cceel\/cceel-10th-anniversary-academic-seminar\/#primaryimage\"},\"image\":{\"@id\":\"https:\/\/sites.uef.fi\/cceel\/cceel-10th-anniversary-academic-seminar\/#primaryimage\"},\"thumbnailUrl\":\"https:\/\/sites.uef.fi\/kmru\/wp-content\/uploads\/sites\/522\/Picture-1-4.png\",\"datePublished\":\"2023-10-02T05:54:16+00:00\",\"dateModified\":\"2023-11-15T09:23:36+00:00\",\"breadcrumb\":{\"@id\":\"https:\/\/sites.uef.fi\/cceel\/cceel-10th-anniversary-academic-seminar\/#breadcrumb\"},\"inLanguage\":\"en-US\",\"potentialAction\":[{\"@type\":\"ReadAction\",\"target\":[\"https:\/\/sites.uef.fi\/cceel\/cceel-10th-anniversary-academic-seminar\/\"]}]},{\"@type\":\"ImageObject\",\"inLanguage\":\"en-US\",\"@id\":\"https:\/\/sites.uef.fi\/cceel\/cceel-10th-anniversary-academic-seminar\/#primaryimage\",\"url\":\"https:\/\/sites.uef.fi\/kmru\/wp-content\/uploads\/sites\/522\/Picture-1-4.png\",\"contentUrl\":\"https:\/\/sites.uef.fi\/kmru\/wp-content\/uploads\/sites\/522\/Picture-1-4.png\"},{\"@type\":\"BreadcrumbList\",\"@id\":\"https:\/\/sites.uef.fi\/cceel\/cceel-10th-anniversary-academic-seminar\/#breadcrumb\",\"itemListElement\":[{\"@type\":\"ListItem\",\"position\":1,\"name\":\"Home\",\"item\":\"https:\/\/sites.uef.fi\/cceel\/\"},{\"@type\":\"ListItem\",\"position\":2,\"name\":\"CCEEL 10th ANNIVERSARY ACADEMIC SEMINAR\"}]},{\"@type\":\"WebSite\",\"@id\":\"https:\/\/sites.uef.fi\/cceel\/#website\",\"url\":\"https:\/\/sites.uef.fi\/cceel\/\",\"name\":\"The Center for Climate Change, Energy and Environmental Law\",\"description\":\"\",\"potentialAction\":[{\"@type\":\"SearchAction\",\"target\":{\"@type\":\"EntryPoint\",\"urlTemplate\":\"https:\/\/sites.uef.fi\/cceel\/?s={search_term_string}\"},\"query-input\":{\"@type\":\"PropertyValueSpecification\",\"valueRequired\":true,\"valueName\":\"search_term_string\"}}],\"inLanguage\":\"en-US\"}]}<\/script>\n<!-- \/ Yoast SEO plugin. -->","yoast_head_json":{"title":"CCEEL 10th ANNIVERSARY ACADEMIC SEMINAR - The Center for Climate Change, Energy and Environmental Law","robots":{"index":"index","follow":"follow","max-snippet":"max-snippet:-1","max-image-preview":"max-image-preview:large","max-video-preview":"max-video-preview:-1"},"canonical":"https:\/\/sites.uef.fi\/cceel\/cceel-10th-anniversary-academic-seminar\/","og_locale":"en_US","og_type":"article","og_title":"CCEEL 10th ANNIVERSARY ACADEMIC SEMINAR - The Center for Climate Change, Energy and Environmental Law","og_description":"Center for Climate Change, Energy, and Environmental Law Celebrating a Decade of Excellence 10th Anniversary Academic Seminar Date:&nbsp;17 November 2023&nbsp;Time:&nbsp;10:30-17:00&nbsp;Venue:&nbsp;Hotel K\u00e4mp,&nbsp;Pohjoisesplanadi, 29 Helsinki, 00100 Finland and online Please note that in-person attendance is by invitation only and you are able to follow the whole event on Zoom. Register here to join us online! At the [&hellip;]","og_url":"https:\/\/sites.uef.fi\/cceel\/cceel-10th-anniversary-academic-seminar\/","og_site_name":"The Center for Climate Change, Energy and Environmental Law","article_modified_time":"2023-11-15T09:23:36+00:00","og_image":[{"url":"https:\/\/sites.uef.fi\/kmru\/wp-content\/uploads\/sites\/522\/Picture-1-4.png","type":"","width":"","height":""}],"twitter_card":"summary_large_image","twitter_misc":{"Est. reading time":"6 minutes"},"schema":{"@context":"https:\/\/schema.org","@graph":[{"@type":"WebPage","@id":"https:\/\/sites.uef.fi\/cceel\/cceel-10th-anniversary-academic-seminar\/","url":"https:\/\/sites.uef.fi\/cceel\/cceel-10th-anniversary-academic-seminar\/","name":"CCEEL 10th ANNIVERSARY ACADEMIC SEMINAR - The Center for Climate Change, Energy and Environmental Law","isPartOf":{"@id":"https:\/\/sites.uef.fi\/cceel\/#website"},"primaryImageOfPage":{"@id":"https:\/\/sites.uef.fi\/cceel\/cceel-10th-anniversary-academic-seminar\/#primaryimage"},"image":{"@id":"https:\/\/sites.uef.fi\/cceel\/cceel-10th-anniversary-academic-seminar\/#primaryimage"},"thumbnailUrl":"https:\/\/sites.uef.fi\/kmru\/wp-content\/uploads\/sites\/522\/Picture-1-4.png","datePublished":"2023-10-02T05:54:16+00:00","dateModified":"2023-11-15T09:23:36+00:00","breadcrumb":{"@id":"https:\/\/sites.uef.fi\/cceel\/cceel-10th-anniversary-academic-seminar\/#breadcrumb"},"inLanguage":"en-US","potentialAction":[{"@type":"ReadAction","target":["https:\/\/sites.uef.fi\/cceel\/cceel-10th-anniversary-academic-seminar\/"]}]},{"@type":"ImageObject","inLanguage":"en-US","@id":"https:\/\/sites.uef.fi\/cceel\/cceel-10th-anniversary-academic-seminar\/#primaryimage","url":"https:\/\/sites.uef.fi\/kmru\/wp-content\/uploads\/sites\/522\/Picture-1-4.png","contentUrl":"https:\/\/sites.uef.fi\/kmru\/wp-content\/uploads\/sites\/522\/Picture-1-4.png"},{"@type":"BreadcrumbList","@id":"https:\/\/sites.uef.fi\/cceel\/cceel-10th-anniversary-academic-seminar\/#breadcrumb","itemListElement":[{"@type":"ListItem","position":1,"name":"Home","item":"https:\/\/sites.uef.fi\/cceel\/"},{"@type":"ListItem","position":2,"name":"CCEEL 10th ANNIVERSARY ACADEMIC SEMINAR"}]},{"@type":"WebSite","@id":"https:\/\/sites.uef.fi\/cceel\/#website","url":"https:\/\/sites.uef.fi\/cceel\/","name":"The Center for Climate Change, Energy and Environmental Law","description":"","potentialAction":[{"@type":"SearchAction","target":{"@type":"EntryPoint","urlTemplate":"https:\/\/sites.uef.fi\/cceel\/?s={search_term_string}"},"query-input":{"@type":"PropertyValueSpecification","valueRequired":true,"valueName":"search_term_string"}}],"inLanguage":"en-US"}]}},"_links":{"self":[{"href":"https:\/\/sites.uef.fi\/cceel\/wp-json\/wp\/v2\/pages\/7580","targetHints":{"allow":["GET"]}}],"collection":[{"href":"https:\/\/sites.uef.fi\/cceel\/wp-json\/wp\/v2\/pages"}],"about":[{"href":"https:\/\/sites.uef.fi\/cceel\/wp-json\/wp\/v2\/types\/page"}],"author":[{"embeddable":true,"href":"https:\/\/sites.uef.fi\/cceel\/wp-json\/wp\/v2\/users\/210"}],"replies":[{"embeddable":true,"href":"https:\/\/sites.uef.fi\/cceel\/wp-json\/wp\/v2\/comments?post=7580"}],"version-history":[{"count":0,"href":"https:\/\/sites.uef.fi\/cceel\/wp-json\/wp\/v2\/pages\/7580\/revisions"}],"wp:attachment":[{"href":"https:\/\/sites.uef.fi\/cceel\/wp-json\/wp\/v2\/media?parent=7580"}],"curies":[{"name":"wp","href":"https:\/\/api.w.org\/{rel}","templated":true}]}}