{"id":221,"date":"2023-05-03T13:02:52","date_gmt":"2023-05-03T11:02:52","guid":{"rendered":"https:\/\/sites.uef.fi\/cece\/?page_id=221"},"modified":"2025-10-29T11:08:54","modified_gmt":"2025-10-29T09:08:54","slug":"education","status":"publish","type":"page","link":"https:\/\/sites.uef.fi\/cece\/education\/","title":{"rendered":"Education"},"content":{"rendered":"\n<figure class=\"wp-block-image size-large is-resized\"><img loading=\"lazy\" decoding=\"async\" width=\"1024\" height=\"446\" src=\"https:\/\/sites.uef.fi\/cece\/wp-content\/uploads\/sites\/402\/2023\/06\/UEF-musta-logo-engl-vaaka-1024x446.jpg\" alt=\"\" class=\"wp-image-1781\" style=\"width:416px;height:181px\" srcset=\"https:\/\/sites.uef.fi\/cece\/wp-content\/uploads\/sites\/402\/2023\/06\/UEF-musta-logo-engl-vaaka-1024x446.jpg 1024w, https:\/\/sites.uef.fi\/cece\/wp-content\/uploads\/sites\/402\/2023\/06\/UEF-musta-logo-engl-vaaka-300x131.jpg 300w, https:\/\/sites.uef.fi\/cece\/wp-content\/uploads\/sites\/402\/2023\/06\/UEF-musta-logo-engl-vaaka-768x335.jpg 768w, https:\/\/sites.uef.fi\/cece\/wp-content\/uploads\/sites\/402\/2023\/06\/UEF-musta-logo-engl-vaaka-1536x670.jpg 1536w, https:\/\/sites.uef.fi\/cece\/wp-content\/uploads\/sites\/402\/2023\/06\/UEF-musta-logo-engl-vaaka-2048x893.jpg 2048w\" sizes=\"auto, (max-width: 1024px) 100vw, 1024px\" \/><\/figure>\n\n\n\t<div id=\"accordion-block_42f6c864ce7285d473b9ba610c282ae3\" class=\"accordions\">\n\t\t\t\t\t<div class=\"accordion accordion-js\">\n\t\t\t\t<button class=\"accordion__button\" aria-controls=\"content-7663\" aria-expanded=\"false\" id=\"accordion-control-7663\">\n\t\t\t\t\t<h3 class=\"accordion__heading\" >\n\t\t\t\t\t\tMaster&#039;s Degree Programme in Sustainability Leadership\t\t\t\t\t<\/h3>\n\t\t\t\t<\/button>\n\t\t\t\t<div class=\"accordion__content\" role=\"region\" aria-labelledby=\"accordion-control-7663\" aria-hidden=\"true\" id=\"content-7663\">\n\t\t\t\t\t<p>Sustainability Leadership is a two-year Master&#8217;s degree programme that combines high-level teaching in business studies with working life-oriented educational objectives. The programme provides students with a carefully designed degree to empower individuals and organizations to take leadership in sustainability transition and meet today&#8217;s working life requirements related to sustainability leadership.<\/p>\n<p>Core themes emphasized in the programme relate to topics such as circular and social economy, digitalization and sustainability, future leadership, and sustainable entrepreneurship. The study modes contain individual and collaborative learning, including expert lectures, interactive workshops, flipped learning, case exercises, and industry collaboration.<\/p>\n<p>The programme is part of the University of Eastern Finland Research Center for Sustainable Circular Economy, which combines sustainability research in business studies and environmental policy with working life-oriented educational objectives.<\/p>\n<p>This programme is offered by the University of Eastern Finland Business School, which holds AACSB accreditation in business. The AACSB accreditation is a globally recognised mark of excellence in business education and research.<\/p>\n<p><a href=\"https:\/\/www.uef.fi\/en\/degree-programme\/masters-degree-programme-in-sustainability-leadership\">Learn more about the programme<\/a><\/p>\n\t\t\t\t<\/div>\n\t\t\t<\/div>\n\t\t\t\t\t<div class=\"accordion accordion-js\">\n\t\t\t\t<button class=\"accordion__button\" aria-controls=\"content-8115\" aria-expanded=\"false\" id=\"accordion-control-8115\">\n\t\t\t\t\t<h3 class=\"accordion__heading\" >\n\t\t\t\t\t\tMaster&#039;s Degree Programme in Innovation Management (in Finnish)\t\t\t\t\t<\/h3>\n\t\t\t\t<\/button>\n\t\t\t\t<div class=\"accordion__content\" role=\"region\" aria-labelledby=\"accordion-control-8115\" aria-hidden=\"true\" id=\"content-8115\">\n\t\t\t\t\t<p>The Master\u2019s Programme in Innovation Management at the University of Eastern Finland offers students the opportunity to develop expertise in business renewal, sustainability, and innovation leadership. The studies combine theoretical understanding with practical working life skills and are conducted on the Kuopio campus.<\/p>\n<p>The programme is organized by the Department of Business, which holds the internationally respected AACSB accreditation. It leads to a Master of Science in Economics and Business Administration degree and is open to applicants with either a lower or higher university degree.<\/p>\n<p>In the Innovation Management specialization, students learn to promote and lead renewal, identify new business opportunities, and assess their sustainability impacts. The studies foster both creative and analytical thinking and provide tools for customer-oriented business development and interdisciplinary collaboration.<\/p>\n<p>Graduates find employment in a wide range of expert, managerial, and leadership positions in both domestic and international organizations\u2014often starting their careers as team and project leaders, and later advancing to demanding executive roles.<\/p>\n<p><a href=\"https:\/\/www.uef.fi\/fi\/koulutus\/innovaatiojohtaminen\">Learn more about the programme<\/a><\/p>\n\t\t\t\t<\/div>\n\t\t\t<\/div>\n\t\t\t<\/div>\n\t\n\n\n<p>If you want to learn more about different sustainability studies, the sustainability studies network is a network of eight Finnish universities that offer a range of multidisciplinary sustainability studies for all students.<\/p>\n\n\n\n<div class=\"links-block\">\n\n    \n    <ul class=\"link-list\">\n        \n            \n            <li class=\"link-list-item\">\n                <a href=\"https:\/\/www.kestavyysopinnot.fi\/?lang=en\" class=\"link-reset link hover-scale-down\">\n                    <svg\n        width=\"43\" height=\"25\"\n        viewBox=\"0 0 43 25\"\n        xmlns=\"http:\/\/www.w3.org\/2000\/svg\">\n    <path\n        d=\"M30.027 0 43 12.5 30.027 25 27 22.083 34.351 15H0v-5h34.351L27 2.917z\"\n        fill=\"currentColor\"\n        fill-rule=\"evenodd\"\/>\n<\/svg>                    <div>Sustainability Studies Network<\/div>\n                <\/a>\n                <div class=\"link-info\">\n                                    <\/div>\n            <\/li>\n\n                <\/ul>\n<\/div>\n\n\n<figure class=\"wp-block-image size-full\"><img loading=\"lazy\" decoding=\"async\" width=\"1000\" height=\"370\" src=\"https:\/\/sites.uef.fi\/cece\/wp-content\/uploads\/sites\/402\/2023\/11\/cece_pieninettibanneri_1.jpg\" alt=\"\" class=\"wp-image-3384\" srcset=\"https:\/\/sites.uef.fi\/cece\/wp-content\/uploads\/sites\/402\/2023\/11\/cece_pieninettibanneri_1.jpg 1000w, https:\/\/sites.uef.fi\/cece\/wp-content\/uploads\/sites\/402\/2023\/11\/cece_pieninettibanneri_1-300x111.jpg 300w, https:\/\/sites.uef.fi\/cece\/wp-content\/uploads\/sites\/402\/2023\/11\/cece_pieninettibanneri_1-768x284.jpg 768w\" sizes=\"auto, (max-width: 1000px) 100vw, 1000px\" \/><\/figure>\n\n\n\n<div class=\"links-block\">\n\n            <h3>Open lectures<\/h3>\n    \n    <ul class=\"link-list\">\n        \n            \n            <li class=\"link-list-item\">\n                <a href=\"https:\/\/uef.cloud.panopto.eu\/Panopto\/Pages\/Viewer.aspx?id=1097304a-1f17-4d24-9c9e-b09801455de4\" class=\"link-reset link hover-scale-down\">\n                    <svg\n        width=\"43\" height=\"25\"\n        viewBox=\"0 0 43 25\"\n        xmlns=\"http:\/\/www.w3.org\/2000\/svg\">\n    <path\n        d=\"M30.027 0 43 12.5 30.027 25 27 22.083 34.351 15H0v-5h34.351L27 2.917z\"\n        fill=\"currentColor\"\n        fill-rule=\"evenodd\"\/>\n<\/svg>                    <div>Mit\u00e4 uudistuva kest\u00e4vyysraportointi vaatii yritystoiminnalta?<\/div>\n                <\/a>\n                <div class=\"link-info\">\n                                    <\/div>\n            <\/li>\n\n        \n            <li class=\"link-list-item\">\n                <a href=\"https:\/\/www.youtube.com\/watch?v=32gOX4eUvTc\" class=\"link-reset link hover-scale-down\">\n                    <svg\n        width=\"43\" height=\"25\"\n        viewBox=\"0 0 43 25\"\n        xmlns=\"http:\/\/www.w3.org\/2000\/svg\">\n    <path\n        d=\"M30.027 0 43 12.5 30.027 25 27 22.083 34.351 15H0v-5h34.351L27 2.917z\"\n        fill=\"currentColor\"\n        fill-rule=\"evenodd\"\/>\n<\/svg>                    <div>Catalysts for Sustainable Circular Economy<\/div>\n                <\/a>\n                <div class=\"link-info\">\n                                    <\/div>\n            <\/li>\n\n                <\/ul>\n<\/div>\n\n\n<div class=\"links-block\">\n\n            <h3>Podcasts<\/h3>\n    \n    <ul class=\"link-list\">\n        \n            \n            <li class=\"link-list-item\">\n                <a href=\"https:\/\/open.spotify.com\/episode\/2QMFlmhE13AqTBWaxtQxV9?si=b536200d706a4133\" class=\"link-reset link hover-scale-down\">\n                    <svg\n        width=\"43\" height=\"25\"\n        viewBox=\"0 0 43 25\"\n        xmlns=\"http:\/\/www.w3.org\/2000\/svg\">\n    <path\n        d=\"M30.027 0 43 12.5 30.027 25 27 22.083 34.351 15H0v-5h34.351L27 2.917z\"\n        fill=\"currentColor\"\n        fill-rule=\"evenodd\"\/>\n<\/svg>                    <div>Kiertotaloudentekij\u00e4t &#8211; Muutos alkaa t\u00e4st\u00e4<\/div>\n                <\/a>\n                <div class=\"link-info\">\n                                    <\/div>\n            <\/li>\n\n        \n            <li class=\"link-list-item\">\n                <a href=\"https:\/\/open.spotify.com\/episode\/564DANcknfs6EY9ArVnABf?si=4438fb98951a4916\" class=\"link-reset link hover-scale-down\">\n                    <svg\n        width=\"43\" height=\"25\"\n        viewBox=\"0 0 43 25\"\n        xmlns=\"http:\/\/www.w3.org\/2000\/svg\">\n    <path\n        d=\"M30.027 0 43 12.5 30.027 25 27 22.083 34.351 15H0v-5h34.351L27 2.917z\"\n        fill=\"currentColor\"\n        fill-rule=\"evenodd\"\/>\n<\/svg>                    <div>\u00c4ly hoi, nyt asenne kuntoon!<\/div>\n                <\/a>\n                <div class=\"link-info\">\n                                    <\/div>\n            <\/li>\n\n        \n            <li class=\"link-list-item\">\n                <a href=\"https:\/\/open.spotify.com\/episode\/1IpYFWojx1IjNwXIQGzScY?si=e6d07be38d474e30\" class=\"link-reset link hover-scale-down\">\n                    <svg\n        width=\"43\" height=\"25\"\n        viewBox=\"0 0 43 25\"\n        xmlns=\"http:\/\/www.w3.org\/2000\/svg\">\n    <path\n        d=\"M30.027 0 43 12.5 30.027 25 27 22.083 34.351 15H0v-5h34.351L27 2.917z\"\n        fill=\"currentColor\"\n        fill-rule=\"evenodd\"\/>\n<\/svg>                    <div>Ideasta liiketoiminnaksi<\/div>\n                <\/a>\n                <div class=\"link-info\">\n                                    <\/div>\n            <\/li>\n\n        \n            <li class=\"link-list-item\">\n                <a href=\"https:\/\/open.spotify.com\/episode\/7EXO2G3TshrMFaSTantKkN?si=8d2eb9e200ba485b\" class=\"link-reset link hover-scale-down\">\n                    <svg\n        width=\"43\" height=\"25\"\n        viewBox=\"0 0 43 25\"\n        xmlns=\"http:\/\/www.w3.org\/2000\/svg\">\n    <path\n        d=\"M30.027 0 43 12.5 30.027 25 27 22.083 34.351 15H0v-5h34.351L27 2.917z\"\n        fill=\"currentColor\"\n        fill-rule=\"evenodd\"\/>\n<\/svg>                    <div>Miss\u00e4 raha kasvaa?<\/div>\n                <\/a>\n                <div class=\"link-info\">\n                                    <\/div>\n            <\/li>\n\n        \n            <li class=\"link-list-item\">\n                <a href=\"https:\/\/open.spotify.com\/episode\/2eThOdieO4lwEVMLb54SAp?si=60bdfc5a055c4685\" class=\"link-reset link hover-scale-down\">\n                    <svg\n        width=\"43\" height=\"25\"\n        viewBox=\"0 0 43 25\"\n        xmlns=\"http:\/\/www.w3.org\/2000\/svg\">\n    <path\n        d=\"M30.027 0 43 12.5 30.027 25 27 22.083 34.351 15H0v-5h34.351L27 2.917z\"\n        fill=\"currentColor\"\n        fill-rule=\"evenodd\"\/>\n<\/svg>                    <div>Lains\u00e4\u00e4d\u00e4nt\u00f6 hidastet\u00f6yssyn\u00e4<\/div>\n                <\/a>\n                <div class=\"link-info\">\n                                    <\/div>\n            <\/li>\n\n                <\/ul>\n<\/div>","protected":false},"excerpt":{"rendered":"<p>If you want to learn more about different sustainability studies, the sustainability studies network is a network of eight Finnish universities that offer a range of multidisciplinary sustainability studies for all students.<\/p>\n","protected":false},"author":910,"featured_media":0,"parent":0,"menu_order":0,"comment_status":"closed","ping_status":"closed","template":"","meta":{"_acf_changed":false,"footnotes":""},"class_list":["post-221","page","type-page","status-publish","hentry"],"acf":[],"yoast_head":"<!-- This site is optimized with the Yoast SEO plugin v27.1.1 - https:\/\/yoast.com\/product\/yoast-seo-wordpress\/ -->\n<title>Education - UEF Research Center for Sustainable Circular Economy<\/title>\n<meta name=\"robots\" content=\"index, follow, max-snippet:-1, max-image-preview:large, max-video-preview:-1\" \/>\n<link rel=\"canonical\" href=\"https:\/\/sites.uef.fi\/cece\/education\/\" \/>\n<meta property=\"og:locale\" content=\"en_US\" \/>\n<meta property=\"og:type\" content=\"article\" \/>\n<meta property=\"og:title\" content=\"Education - UEF Research Center for Sustainable Circular Economy\" \/>\n<meta property=\"og:description\" content=\"If you want to learn more about different sustainability studies, the sustainability studies network is a network of eight Finnish universities that offer a range of multidisciplinary sustainability studies for all students.\" \/>\n<meta property=\"og:url\" content=\"https:\/\/sites.uef.fi\/cece\/education\/\" \/>\n<meta property=\"og:site_name\" content=\"UEF Research Center for Sustainable Circular Economy\" \/>\n<meta property=\"article:modified_time\" content=\"2025-10-29T09:08:54+00:00\" \/>\n<meta property=\"og:image\" content=\"https:\/\/sites.uef.fi\/cece\/wp-content\/uploads\/sites\/402\/2023\/06\/UEF-musta-logo-engl-vaaka-scaled.jpg\" \/>\n\t<meta property=\"og:image:width\" content=\"2560\" \/>\n\t<meta property=\"og:image:height\" content=\"1116\" \/>\n\t<meta property=\"og:image:type\" content=\"image\/jpeg\" \/>\n<meta name=\"twitter:card\" content=\"summary_large_image\" \/>\n<meta name=\"twitter:label1\" content=\"Est. reading time\" \/>\n\t<meta name=\"twitter:data1\" content=\"1 minute\" \/>\n<script type=\"application\/ld+json\" class=\"yoast-schema-graph\">{\"@context\":\"https:\/\/schema.org\",\"@graph\":[{\"@type\":\"WebPage\",\"@id\":\"https:\/\/sites.uef.fi\/cece\/education\/\",\"url\":\"https:\/\/sites.uef.fi\/cece\/education\/\",\"name\":\"Education - UEF Research Center for Sustainable Circular Economy\",\"isPartOf\":{\"@id\":\"https:\/\/sites.uef.fi\/cece\/#website\"},\"primaryImageOfPage\":{\"@id\":\"https:\/\/sites.uef.fi\/cece\/education\/#primaryimage\"},\"image\":{\"@id\":\"https:\/\/sites.uef.fi\/cece\/education\/#primaryimage\"},\"thumbnailUrl\":\"https:\/\/sites.uef.fi\/cece\/wp-content\/uploads\/sites\/402\/2023\/06\/UEF-musta-logo-engl-vaaka-1024x446.jpg\",\"datePublished\":\"2023-05-03T11:02:52+00:00\",\"dateModified\":\"2025-10-29T09:08:54+00:00\",\"breadcrumb\":{\"@id\":\"https:\/\/sites.uef.fi\/cece\/education\/#breadcrumb\"},\"inLanguage\":\"en-US\",\"potentialAction\":[{\"@type\":\"ReadAction\",\"target\":[\"https:\/\/sites.uef.fi\/cece\/education\/\"]}]},{\"@type\":\"ImageObject\",\"inLanguage\":\"en-US\",\"@id\":\"https:\/\/sites.uef.fi\/cece\/education\/#primaryimage\",\"url\":\"https:\/\/sites.uef.fi\/cece\/wp-content\/uploads\/sites\/402\/2023\/06\/UEF-musta-logo-engl-vaaka-scaled.jpg\",\"contentUrl\":\"https:\/\/sites.uef.fi\/cece\/wp-content\/uploads\/sites\/402\/2023\/06\/UEF-musta-logo-engl-vaaka-scaled.jpg\",\"width\":2560,\"height\":1116,\"caption\":\"It\u00e4-Suomen yliopiston logo, k\u00e4ytet\u00e4\u00e4n toissijaisesti Secondary logo of University of Eastern Finland\"},{\"@type\":\"BreadcrumbList\",\"@id\":\"https:\/\/sites.uef.fi\/cece\/education\/#breadcrumb\",\"itemListElement\":[{\"@type\":\"ListItem\",\"position\":1,\"name\":\"Home\",\"item\":\"https:\/\/sites.uef.fi\/cece\/\"},{\"@type\":\"ListItem\",\"position\":2,\"name\":\"Education\"}]},{\"@type\":\"WebSite\",\"@id\":\"https:\/\/sites.uef.fi\/cece\/#website\",\"url\":\"https:\/\/sites.uef.fi\/cece\/\",\"name\":\"UEF Research Center for Sustainable Circular Economy\",\"description\":\"\",\"publisher\":{\"@id\":\"https:\/\/sites.uef.fi\/cece\/#organization\"},\"potentialAction\":[{\"@type\":\"SearchAction\",\"target\":{\"@type\":\"EntryPoint\",\"urlTemplate\":\"https:\/\/sites.uef.fi\/cece\/?s={search_term_string}\"},\"query-input\":{\"@type\":\"PropertyValueSpecification\",\"valueRequired\":true,\"valueName\":\"search_term_string\"}}],\"inLanguage\":\"en-US\"},{\"@type\":\"Organization\",\"@id\":\"https:\/\/sites.uef.fi\/cece\/#organization\",\"name\":\"UEF Research Center for Sustainable Circular Economy\",\"url\":\"https:\/\/sites.uef.fi\/cece\/\",\"logo\":{\"@type\":\"ImageObject\",\"inLanguage\":\"en-US\",\"@id\":\"https:\/\/sites.uef.fi\/cece\/#\/schema\/logo\/image\/\",\"url\":\"\",\"contentUrl\":\"\",\"caption\":\"UEF Research Center for Sustainable Circular Economy\"},\"image\":{\"@id\":\"https:\/\/sites.uef.fi\/cece\/#\/schema\/logo\/image\/\"}}]}<\/script>\n<!-- \/ Yoast SEO plugin. -->","yoast_head_json":{"title":"Education - UEF Research Center for Sustainable Circular Economy","robots":{"index":"index","follow":"follow","max-snippet":"max-snippet:-1","max-image-preview":"max-image-preview:large","max-video-preview":"max-video-preview:-1"},"canonical":"https:\/\/sites.uef.fi\/cece\/education\/","og_locale":"en_US","og_type":"article","og_title":"Education - UEF Research Center for Sustainable Circular Economy","og_description":"If you want to learn more about different sustainability studies, the sustainability studies network is a network of eight Finnish universities that offer a range of multidisciplinary sustainability studies for all students.","og_url":"https:\/\/sites.uef.fi\/cece\/education\/","og_site_name":"UEF Research Center for Sustainable Circular Economy","article_modified_time":"2025-10-29T09:08:54+00:00","og_image":[{"width":2560,"height":1116,"url":"https:\/\/sites.uef.fi\/cece\/wp-content\/uploads\/sites\/402\/2023\/06\/UEF-musta-logo-engl-vaaka-scaled.jpg","type":"image\/jpeg"}],"twitter_card":"summary_large_image","twitter_misc":{"Est. reading time":"1 minute"},"schema":{"@context":"https:\/\/schema.org","@graph":[{"@type":"WebPage","@id":"https:\/\/sites.uef.fi\/cece\/education\/","url":"https:\/\/sites.uef.fi\/cece\/education\/","name":"Education - UEF Research Center for Sustainable Circular Economy","isPartOf":{"@id":"https:\/\/sites.uef.fi\/cece\/#website"},"primaryImageOfPage":{"@id":"https:\/\/sites.uef.fi\/cece\/education\/#primaryimage"},"image":{"@id":"https:\/\/sites.uef.fi\/cece\/education\/#primaryimage"},"thumbnailUrl":"https:\/\/sites.uef.fi\/cece\/wp-content\/uploads\/sites\/402\/2023\/06\/UEF-musta-logo-engl-vaaka-1024x446.jpg","datePublished":"2023-05-03T11:02:52+00:00","dateModified":"2025-10-29T09:08:54+00:00","breadcrumb":{"@id":"https:\/\/sites.uef.fi\/cece\/education\/#breadcrumb"},"inLanguage":"en-US","potentialAction":[{"@type":"ReadAction","target":["https:\/\/sites.uef.fi\/cece\/education\/"]}]},{"@type":"ImageObject","inLanguage":"en-US","@id":"https:\/\/sites.uef.fi\/cece\/education\/#primaryimage","url":"https:\/\/sites.uef.fi\/cece\/wp-content\/uploads\/sites\/402\/2023\/06\/UEF-musta-logo-engl-vaaka-scaled.jpg","contentUrl":"https:\/\/sites.uef.fi\/cece\/wp-content\/uploads\/sites\/402\/2023\/06\/UEF-musta-logo-engl-vaaka-scaled.jpg","width":2560,"height":1116,"caption":"It\u00e4-Suomen yliopiston logo, k\u00e4ytet\u00e4\u00e4n toissijaisesti Secondary logo of University of Eastern Finland"},{"@type":"BreadcrumbList","@id":"https:\/\/sites.uef.fi\/cece\/education\/#breadcrumb","itemListElement":[{"@type":"ListItem","position":1,"name":"Home","item":"https:\/\/sites.uef.fi\/cece\/"},{"@type":"ListItem","position":2,"name":"Education"}]},{"@type":"WebSite","@id":"https:\/\/sites.uef.fi\/cece\/#website","url":"https:\/\/sites.uef.fi\/cece\/","name":"UEF Research Center for Sustainable Circular Economy","description":"","publisher":{"@id":"https:\/\/sites.uef.fi\/cece\/#organization"},"potentialAction":[{"@type":"SearchAction","target":{"@type":"EntryPoint","urlTemplate":"https:\/\/sites.uef.fi\/cece\/?s={search_term_string}"},"query-input":{"@type":"PropertyValueSpecification","valueRequired":true,"valueName":"search_term_string"}}],"inLanguage":"en-US"},{"@type":"Organization","@id":"https:\/\/sites.uef.fi\/cece\/#organization","name":"UEF Research Center for Sustainable Circular Economy","url":"https:\/\/sites.uef.fi\/cece\/","logo":{"@type":"ImageObject","inLanguage":"en-US","@id":"https:\/\/sites.uef.fi\/cece\/#\/schema\/logo\/image\/","url":"","contentUrl":"","caption":"UEF Research Center for Sustainable Circular Economy"},"image":{"@id":"https:\/\/sites.uef.fi\/cece\/#\/schema\/logo\/image\/"}}]}},"_links":{"self":[{"href":"https:\/\/sites.uef.fi\/cece\/wp-json\/wp\/v2\/pages\/221","targetHints":{"allow":["GET"]}}],"collection":[{"href":"https:\/\/sites.uef.fi\/cece\/wp-json\/wp\/v2\/pages"}],"about":[{"href":"https:\/\/sites.uef.fi\/cece\/wp-json\/wp\/v2\/types\/page"}],"author":[{"embeddable":true,"href":"https:\/\/sites.uef.fi\/cece\/wp-json\/wp\/v2\/users\/910"}],"replies":[{"embeddable":true,"href":"https:\/\/sites.uef.fi\/cece\/wp-json\/wp\/v2\/comments?post=221"}],"version-history":[{"count":1,"href":"https:\/\/sites.uef.fi\/cece\/wp-json\/wp\/v2\/pages\/221\/revisions"}],"predecessor-version":[{"id":4518,"href":"https:\/\/sites.uef.fi\/cece\/wp-json\/wp\/v2\/pages\/221\/revisions\/4518"}],"wp:attachment":[{"href":"https:\/\/sites.uef.fi\/cece\/wp-json\/wp\/v2\/media?parent=221"}],"curies":[{"name":"wp","href":"https:\/\/api.w.org\/{rel}","templated":true}]}}