{"id":3685,"date":"2024-04-30T11:50:48","date_gmt":"2024-04-30T09:50:48","guid":{"rendered":"https:\/\/sites.uef.fi\/cece\/?page_id=3685"},"modified":"2026-02-17T12:49:56","modified_gmt":"2026-02-17T10:49:56","slug":"circular-economy-morning-coffee","status":"publish","type":"page","link":"https:\/\/sites.uef.fi\/cece\/circular-economy-morning-coffee\/","title":{"rendered":"Circular Economy Morning Coffee"},"content":{"rendered":"\n<p>Start your Wednesdays off in a great way at the Circular Economy Morning Coffee sessions on Teams!<\/p>\n\n\n\n<p>Join us&nbsp;<strong>every Wednesday morning to<\/strong>&nbsp;hear a short presentation on themes related to sustainability and the circular economy. These presentations are followed by a discussion in a friendly atmosphere.<\/p>\n\n\n\n<p>Sessions run 4.2.2026 \u2013 22.4.2026 and are from 8.30\u20139.00&nbsp;(Helsinki time).<\/p>\n\n\n\n<p>These coffees are hosted by the Research Center for Sustainable Circular Economy (CECE) based at the University of Eastern Finland. See you there!<\/p>\n\n\n\n<div class=\"links-block\">\n\n    \n    <ul class=\"link-list\">\n            <\/ul>\n<\/div>\n\n\n<p><a href=\"https:\/\/forms.office.com\/pages\/responsepage.aspx?id=Lp-HhwRz8ku68mPn-D88NBjUObLncDJHnRP4HznV1D5UQlhXV0FCTzdXQkpNMDlDRDg2VEpDMzlZWS4u\">Register here<\/a><\/p>\n\n\n\n<p><strong>Schedule (Spring 2026)<\/strong><\/p>\n\n\n\n<p>4-Feb. Speaker: Eino Solje (UEF). Subject: Working-memory limits or prodromal dementia? How to distinguish everyday cognitive fragmentation from clinically meaningful signals.<\/p>\n\n\n\n<p>11-Feb. Speaker: Anne Raudaskoski (Re-Generous). Subject: Circular Strategies for Success.<\/p>\n\n\n\n<p>18-Feb. Speaker: Hanna Lehtim\u00e4ki &amp; Kristina Lepp\u00e4l\u00e4 (UEF). Subject: Sustainable Innovation Framework: A Review of Organization, Strategic Management, and Entrepreneurship Literature.<\/p>\n\n\n\n<p>25-Feb. Speaker: Speaker: Nuppu Mielonen (UEF). Subject: Characteristics of Industrial Ecosystems: Catalyzing Circular Economy in CRM.<\/p>\n\n\n\n<p>4-Mar. Speaker: Mirka Rovamo (UEF). Subject: Towards Strong Sustainability Forest Services.<\/p>\n\n\n\n<p>11-Mar. Speaker: Gy\u00f6rgy Huszics (Carbon.Crane). Subject: Digital Carbon Footprint.<\/p>\n\n\n\n<p>18-Mar. Speaker: Juho Pesonen (UEF). Subject: How can we reduce CO2 emissions in tourism?<\/p>\n\n\n\n<p>25-Mar. Speaker: Gregory De Boe (Universit\u00e9 catholique de Louvain, Belgium). Subject: How do plastic packaging taxes and regulations foster circularity in the food packaging industry? A policy mix perspective.<\/p>\n\n\n\n<p>1-Apr. Speaker: Oscar Gue (Anglia Ruskin University, UK). Subject: Wellbeing Governance and Circularity in the Two Happiest Countries in the World.<\/p>\n\n\n\n<p>8-Apr. Speaker: Tarlan Ahmadov (UEF). Subject: The Highway Between Cooperation, Circular Economy Practices, and Firm Performance: How Do Dynamic Capabilities Mediate This Game?<\/p>\n\n\n\n<p>15-Apr. Speaker: Toni Eerola (GTK). Subject: Public acceptance of European lithium mine projects and paradoxes of the energy transition.<\/p>\n\n\n\n<p>22-Apr. Speaker: Ulpiana Kocollari (University of Modena and Reggio Emilia, Italy). Subject: Knowledge Sharing as an Enabler of Circular Economy Transitions.<\/p>\n\n\n\n<h3 class=\"wp-block-heading\">Past Circular Economy Morning Coffee sessions<\/h3>\n\n\n\t<div id=\"accordion-block_c5cb2f9cabc3185d7423b11aed124ae6\" class=\"accordions\">\n\t\t\t\t\t<div class=\"accordion accordion-js\">\n\t\t\t\t<button class=\"accordion__button\" aria-controls=\"content-1213\" aria-expanded=\"false\" id=\"accordion-control-1213\">\n\t\t\t\t\t<h3 class=\"accordion__heading\" >\n\t\t\t\t\t\tFall 2025\t\t\t\t\t<\/h3>\n\t\t\t\t<\/button>\n\t\t\t\t<div class=\"accordion__content\" role=\"region\" aria-labelledby=\"accordion-control-1213\" aria-hidden=\"true\" id=\"content-1213\">\n\t\t\t\t\t<p>24-Sep. Speaker: Aldona Gli\u0144ska-Newe\u015b (Nicolaus Copernicus University, Poland). Subject: Circular Couture \u2013 Transforming the Fashion Lifecycle Through Sustainable Consumer Decisions.<\/p>\n<p>1-Oct. Speaker: Eeva Hellstr\u00f6m (Sitra). Subject: Regenerative futures \u2013 from principles to examples.<\/p>\n<p>8-Oct. Speaker: Juha Kinnunen (UEF). Subject: Microcredentials as lifelong learning and CE \u2013 CE4ALL project.<\/p>\n<p>15-Oct. Speaker: Angelina Korsunova-Tsaruk (University of Helsinki). Subject: Digital platforms for nurturing circular neighbourhood spirits.<\/p>\n<p>22-Oct. Speaker: Alisa Mick. Subject: Circular Entrepreneurship as a Transition Engine.<\/p>\n<p>29-Oct. Speaker: Diana Arbelaez Ruiz (UEF). Subject: Mineral demand for urban mobility electrification has social, environmental and geopolitical effects. Why is this important for urban actors?<\/p>\n<p>5-Nov. Speaker: Johanna R\u00e4ikk\u00f6nen (Navitas Kehitys). Subject: Kokemuksia kiertotalouden edist\u00e4misest\u00e4.<\/p>\n<p>12-Nov. Speaker: Merve Atasoy (UEF). Subject: Transformation of Traditional Wastewater Treatment Plants into Resource Recovery Hubs.<\/p>\n<p>19-Nov. Speaker: Milla Sarja (University of Jyv\u00e4skyl\u00e4). Subject: CE and beyond \u2013 perfecting the imperfect model.<\/p>\n\t\t\t\t<\/div>\n\t\t\t<\/div>\n\t\t\t\t\t<div class=\"accordion accordion-js\">\n\t\t\t\t<button class=\"accordion__button\" aria-controls=\"content-6323\" aria-expanded=\"false\" id=\"accordion-control-6323\">\n\t\t\t\t\t<h3 class=\"accordion__heading\" >\n\t\t\t\t\t\tSpring 2025\t\t\t\t\t<\/h3>\n\t\t\t\t<\/button>\n\t\t\t\t<div class=\"accordion__content\" role=\"region\" aria-labelledby=\"accordion-control-6323\" aria-hidden=\"true\" id=\"content-6323\">\n\t\t\t\t\t<p>5-Feb. Speaker: Kristina Lepp\u00e4l\u00e4 (UEF). Subject: Finnish peat industry entrepreneur perceptions of their industry\u2019s gradual termination.<\/p>\n<p>12-Feb. Speaker: Olli Vigren (KTH Royal Institute of Technology\/Stanford University). Subject: Dynamic capabilities frameworks in understanding intra- ja inter-organisational business development processes.<\/p>\n<p>19-Feb. Speaker: Meri L\u00f6yttyniemi (UEF). Subject: Universities\u00b4 sustainability and doctoral pilot \u201cSustainability Transformations\u201d.<\/p>\n<p>26-Feb. Speaker: Antonella Radicchi. Subject: Citizen science for a responsible and inclusive change: The MLE CSI-PP Scalability Toolkit.<\/p>\n<p>5-Mar. Speaker: Mikko Lampinen (UEF). Subject: How socio-cultural and spatial trajectories shape industrial CE ecosystems.<\/p>\n<p>12-Mar. Speaker: Mikko Sairanen (Tampere University). Subject: Low-carbon business models; Review and typology.<\/p>\n<p>19-Mar. Speaker: Outi Suomi &amp; Soile Ollila (Business Finland). Subject: Foresight in circular transition.<\/p>\n<p>26-Mar. Speaker: Soja S\u00e4deharju (UEF). Subject: Uudistava ajattelu ja intuitio p\u00e4\u00e4t\u00f6ksenteossa.<\/p>\n<p>2-Apr. Speaker: Tiia Tuuri (City of Espoo). Subject: Building a \u201dgreen line\u201d ecosystem around Espoo metro line for green chemistry, CE, and clean tech.<\/p>\n<p>9-Apr. Speaker: Juha Kotilainen. Subject: Green reindustrialization and critical raw materials.<\/p>\n<p>16-Apr. Speaker: Marileena M\u00e4kel\u00e4 (University of Jyv\u00e4skyl\u00e4). Subject: Utopias as catalysts for a sustainable circular economy.<\/p>\n\t\t\t\t<\/div>\n\t\t\t<\/div>\n\t\t\t\t\t<div class=\"accordion accordion-js\">\n\t\t\t\t<button class=\"accordion__button\" aria-controls=\"content-6203\" aria-expanded=\"false\" id=\"accordion-control-6203\">\n\t\t\t\t\t<h3 class=\"accordion__heading\" >\n\t\t\t\t\t\tFall 2024\t\t\t\t\t<\/h3>\n\t\t\t\t<\/button>\n\t\t\t\t<div class=\"accordion__content\" role=\"region\" aria-labelledby=\"accordion-control-6203\" aria-hidden=\"true\" id=\"content-6203\">\n\t\t\t\t\t<p>25-Sep. Speaker: Arto Salonen (UEF). Subject: Ylt\u00e4kyll\u00e4isyydest\u00e4 merkitysn\u00e4k\u00f6alojen rikkauteen.<\/p>\n<p>2-Oct. Speaker: Wisdom Kanda (Link\u00f6ping University). Subject: Systems and Ecosystems in the Circular Economy: What\u2019s the Difference?<\/p>\n<p>9-Oct. Speaker: Lauri Kurkela (UEF). Subject: Behind the climate actions \u2013 The influence of values on the municipalities of Global North.<\/p>\n<p>16-Oct. Speaker: Vesa Alatalo (LAB University of Applied Sciences). Subject: Helping SMEs to renew their business through circular economy training.<\/p>\n<p>23-Oct. Speaker: Anne Raudaskoski (Ethica). Subject: Circular design: introduction &amp; tools.<\/p>\n<p>30-Oct. Speaker: Subhanjan Sengupta (UEF). Subject: Making circular economy socially inclusive through entrepreneurship.<\/p>\n<p>6-Nov. Speakers: Krista Lepp\u00e4nen (UEF). Subject: Developing sustainability reporting framework in the EU and the sustainability transition of SMEs.<\/p>\n<p>13-Nov. Speakers: Maike Diepeveen (UEF). Subject: Can interaction with advocacy nonprofits make business more sustainable?<\/p>\n<p>20-Nov. Speaker: Toni Eerola (GTK). Subject: Environmental, social and governance issues related to remining of tailings: the Finnish case studies of the Nordic Sustainable Minerals Project.<\/p>\n\t\t\t\t<\/div>\n\t\t\t<\/div>\n\t\t\t\t\t<div class=\"accordion accordion-js\">\n\t\t\t\t<button class=\"accordion__button\" aria-controls=\"content-1834\" aria-expanded=\"false\" id=\"accordion-control-1834\">\n\t\t\t\t\t<h3 class=\"accordion__heading\" >\n\t\t\t\t\t\tSpring 2024\t\t\t\t\t<\/h3>\n\t\t\t\t<\/button>\n\t\t\t\t<div class=\"accordion__content\" role=\"region\" aria-labelledby=\"accordion-control-1834\" aria-hidden=\"true\" id=\"content-1834\">\n\t\t\t\t\t<p>7-Feb. Speaker: Hanna Lehtim\u00e4ki (UEF). Subject: Introduction and discussion of two new books related to sustainability.<\/p>\n<p>14-Feb. Speaker: Tero Hokkanen (Laurea University of Applied Sciences). Subject: N\u00e4k\u00f6kulmia kiertotalouden systeemiseen muutokseen.<\/p>\n<p>21-Feb. Speaker: Mikko Lampinen (UEF). Subject: Circular economy barriers and opportunities &#8211; Sustainable development and CE in Sein\u00e4joki area businesses.<\/p>\n<p>28-Feb. Speaker: Olena Liakh (University of Bologna). Subject: Internal drivers of corporate sustainability leadership.<\/p>\n<p>13-Mar. Speaker: Moritz Albrecht (UEF). Subject: Policy and entrepreneur narratives for assessing sectoral developments.<\/p>\n<p>20-Mar. Speakers: P\u00e4ivi Kosonen &amp; Mirjami Ikonen (UEF). Subject: Trust and sustainability.<\/p>\n<p>27-Mar. Speakers: Sybille Sachs &amp; Silvan Oberholzer (HWZ Zurich University of Applied Sciences in Business Administration). Subject: Engaging stakeholders in the circular economy.<\/p>\n<p>3-Apr. Speaker: Nuppu Mielonen (UEF). Subject: Circular ecosystems of battery materials case study.<\/p>\n<p>10-Apr. Speaker: Kati Pitk\u00e4nen (Finnish Environment Institute SYKE). Subject: Exploring sustainable plastic citizenship in PlastLIFE project.<\/p>\n<p>17-Apr. Speaker: Ida Parkkinen (UEF). Subject: Exploring leadership in a regenerative circular economy.<\/p>\n<p>24-Apr. Speaker: Hanna Lampinen-Vilkkil\u00e4 (Jamk University of Applied Sciences). Subject: Bio- and circular economy business accelerator BioBoosters\u2019 innovation services &#8211; designed to meet the needs of businesses.<\/p>\n<p>8-May. Speaker: Hanne Laasonen (Laurea University of Applied Sciences). Subject: Leadership skills for a circular economy.<\/p>\n<p>15-May. Speaker: Eeva Houtbeckers (UEF &amp; University of Turku). Subject: Sustainability transformation in work: experiments and ruptures in post-fossil working life in Finland.<\/p>\n\t\t\t\t<\/div>\n\t\t\t<\/div>\n\t\t\t\t\t<div class=\"accordion accordion-js\">\n\t\t\t\t<button class=\"accordion__button\" aria-controls=\"content-3373\" aria-expanded=\"false\" id=\"accordion-control-3373\">\n\t\t\t\t\t<h3 class=\"accordion__heading\" >\n\t\t\t\t\t\tFall 2023\t\t\t\t\t<\/h3>\n\t\t\t\t<\/button>\n\t\t\t\t<div class=\"accordion__content\" role=\"region\" aria-labelledby=\"accordion-control-3373\" aria-hidden=\"true\" id=\"content-3373\">\n\t\t\t\t\t<p>13-Sep. Speaker: Paula Sj\u00f6blom &amp; Ville Virsu (University of Turku). Subject: Voiko kielenk\u00e4yt\u00f6ll\u00e4 edist\u00e4\u00e4 kiertotaloutta?<\/p>\n<p>27-Sep. Speaker: Vaula Berg (University of Turku). Subject: Humane individual change agency.<\/p>\n<p>11-Oct. Speaker: Heta Leinonen (Tampere University). Subject: The dark and gray shades of stakeholder engagement activities in a circular economy: Emerging tensions.<\/p>\n<p>25-Oct. Speaker: Topi Turunen (UEF). Subject: Kiertotalouden s\u00e4\u00e4ntelykatalyytit.<\/p>\n<p>8-Nov. Speaker: Mira Valkj\u00e4rvi (University of Turku). Subject: Circular design: kick start your circular journey \u2013 lessons learned from the DeCiDe project in Pietarsaari.<\/p>\n<p>22-Nov. Speaker: Annika Blomberg (Tampere University). Subject: Stakeholder engagement in a sustainable circular economy.<\/p>\n<p>13-Dec. Speaker: Mikko Sairanen (Tampere University). Subject: Customer value of circular B2B offerings.<\/p>\n\t\t\t\t<\/div>\n\t\t\t<\/div>\n\t\t\t\t\t<div class=\"accordion accordion-js\">\n\t\t\t\t<button class=\"accordion__button\" aria-controls=\"content-8354\" aria-expanded=\"false\" id=\"accordion-control-8354\">\n\t\t\t\t\t<h3 class=\"accordion__heading\" >\n\t\t\t\t\t\tSpring 2023\t\t\t\t\t<\/h3>\n\t\t\t\t<\/button>\n\t\t\t\t<div class=\"accordion__content\" role=\"region\" aria-labelledby=\"accordion-control-8354\" aria-hidden=\"true\" id=\"content-8354\">\n\t\t\t\t\t<p>18-Jan. Speaker: Anna Heikkinen (Tampere University). Subject: Three approaches to sustainability in a circular economy.<\/p>\n<p>1-Feb. Speaker: Ville-Veikko Piispanen (UEF). Subject: Circular startups opportunity creation.<\/p>\n<p>15-Feb. Speaker: Milla Sarja (University of Jyv\u00e4skyl\u00e4). Subject: Yritykset siirtym\u00e4ss\u00e4 kiertotalouteen \u2013 tunnistettuja haasteita, mutta mist\u00e4 apuja?<\/p>\n<p>1-Mar. Speaker: Ari Jokinen (Tampere University). Subject: Miksi paikalla on v\u00e4li\u00e4 urbaanissa kiertotaloudessa?<\/p>\n<p>15-Mar. Speaker: Mira Valkj\u00e4rvi &amp; Kaisa Henttonen (UEF). Subject: Kiertotaloudentekij\u00e4t-podcastin lanseeraus.<\/p>\n<p>29-Mar. Speaker: Hanna Lehtim\u00e4ki &amp; Kristina Lepp\u00e4l\u00e4 (UEF). Subject: Circular Economy from a global and multidisciplinary perspective \u2013 Expanding CE knowledge \u2013 collective book of essays and research findings.<\/p>\n<p>12-Apr. Speaker: Satu Teerikangas (University of Turku). Subject: Typology of circular economy agency \u2013 who are actors catalysing CE transitions, and how do they operate to enable this change.<\/p>\n<p>10-May. Speaker: Linnea Harala (Tampere University). Subject: How institutions shape reverse logistics systems \u2013 comparative analysis of package deposit systems in Australia and Finland.<\/p>\n<p>24-May. Speaker: Juha Suonp\u00e4\u00e4 (Tampere University of Applied Sciences). Subject: Art as a catalyst of change.<\/p>\n<p>7-Jun. Speaker: Sini-Tuulia Suokas (UEF). Subject: Laurea Circular economy Living Lab X CICAT2025 Morning Coffee: Circular economy in the ICT sector &#8220;Online platforms and circular economy companies&#8221;<\/p>\n\t\t\t\t<\/div>\n\t\t\t<\/div>\n\t\t\t<\/div>\n\t\n\n\n<p>These morning coffees are brought to you in part by the UEF CE4ALL project which is partially funded by the European Union.<\/p>\n\n\n\n<figure class=\"wp-block-image aligncenter size-large is-resized\"><img loading=\"lazy\" decoding=\"async\" width=\"1024\" height=\"215\" src=\"https:\/\/sites.uef.fi\/cece\/wp-content\/uploads\/sites\/402\/2024\/05\/Funded-by-the-European-Union-1024x215.jpg\" alt=\"\" class=\"wp-image-3979\" style=\"width:243px;height:auto\" srcset=\"https:\/\/sites.uef.fi\/cece\/wp-content\/uploads\/sites\/402\/2024\/05\/Funded-by-the-European-Union-1024x215.jpg 1024w, https:\/\/sites.uef.fi\/cece\/wp-content\/uploads\/sites\/402\/2024\/05\/Funded-by-the-European-Union-300x63.jpg 300w, https:\/\/sites.uef.fi\/cece\/wp-content\/uploads\/sites\/402\/2024\/05\/Funded-by-the-European-Union-768x161.jpg 768w, https:\/\/sites.uef.fi\/cece\/wp-content\/uploads\/sites\/402\/2024\/05\/Funded-by-the-European-Union.jpg 1100w\" sizes=\"auto, (max-width: 1024px) 100vw, 1024px\" \/><\/figure>\n","protected":false},"excerpt":{"rendered":"<p>Start your Wednesdays off in a great way at the Circular Economy Morning Coffee sessions on Teams! Join us&nbsp;every Wednesday morning to&nbsp;hear a short presentation on themes related to sustainability and the circular economy. These presentations are followed by a discussion in a friendly atmosphere. Sessions run 4.2.2026 \u2013 22.4.2026 and are from 8.30\u20139.00&nbsp;(Helsinki time). [&hellip;]<\/p>\n","protected":false},"author":910,"featured_media":0,"parent":0,"menu_order":0,"comment_status":"closed","ping_status":"closed","template":"","meta":{"_acf_changed":false,"footnotes":""},"class_list":["post-3685","page","type-page","status-publish","hentry"],"acf":[],"yoast_head":"<!-- This site is optimized with the Yoast SEO plugin v27.1.1 - https:\/\/yoast.com\/product\/yoast-seo-wordpress\/ -->\n<title>Circular Economy Morning Coffee - UEF Research Center for Sustainable Circular Economy<\/title>\n<meta name=\"robots\" content=\"index, follow, max-snippet:-1, max-image-preview:large, max-video-preview:-1\" \/>\n<link rel=\"canonical\" href=\"https:\/\/sites.uef.fi\/cece\/circular-economy-morning-coffee\/\" \/>\n<meta property=\"og:locale\" content=\"en_US\" \/>\n<meta property=\"og:type\" content=\"article\" \/>\n<meta property=\"og:title\" content=\"Circular Economy Morning Coffee - UEF Research Center for Sustainable Circular Economy\" \/>\n<meta property=\"og:description\" content=\"Start your Wednesdays off in a great way at the Circular Economy Morning Coffee sessions on Teams! Join us&nbsp;every Wednesday morning to&nbsp;hear a short presentation on themes related to sustainability and the circular economy. These presentations are followed by a discussion in a friendly atmosphere. Sessions run 4.2.2026 \u2013 22.4.2026 and are from 8.30\u20139.00&nbsp;(Helsinki time). [&hellip;]\" \/>\n<meta property=\"og:url\" content=\"https:\/\/sites.uef.fi\/cece\/circular-economy-morning-coffee\/\" \/>\n<meta property=\"og:site_name\" content=\"UEF Research Center for Sustainable Circular Economy\" \/>\n<meta property=\"article:modified_time\" content=\"2026-02-17T10:49:56+00:00\" \/>\n<meta property=\"og:image\" content=\"https:\/\/sites.uef.fi\/cece\/wp-content\/uploads\/sites\/402\/2024\/05\/Funded-by-the-European-Union.jpg\" \/>\n\t<meta property=\"og:image:width\" content=\"1100\" \/>\n\t<meta property=\"og:image:height\" content=\"231\" \/>\n\t<meta property=\"og:image:type\" content=\"image\/jpeg\" \/>\n<meta name=\"twitter:card\" content=\"summary_large_image\" \/>\n<meta name=\"twitter:label1\" content=\"Est. reading time\" \/>\n\t<meta name=\"twitter:data1\" content=\"2 minutes\" \/>\n<script type=\"application\/ld+json\" class=\"yoast-schema-graph\">{\"@context\":\"https:\/\/schema.org\",\"@graph\":[{\"@type\":\"WebPage\",\"@id\":\"https:\/\/sites.uef.fi\/cece\/circular-economy-morning-coffee\/\",\"url\":\"https:\/\/sites.uef.fi\/cece\/circular-economy-morning-coffee\/\",\"name\":\"Circular Economy Morning Coffee - UEF Research Center for Sustainable Circular Economy\",\"isPartOf\":{\"@id\":\"https:\/\/sites.uef.fi\/cece\/#website\"},\"primaryImageOfPage\":{\"@id\":\"https:\/\/sites.uef.fi\/cece\/circular-economy-morning-coffee\/#primaryimage\"},\"image\":{\"@id\":\"https:\/\/sites.uef.fi\/cece\/circular-economy-morning-coffee\/#primaryimage\"},\"thumbnailUrl\":\"https:\/\/sites.uef.fi\/cece\/wp-content\/uploads\/sites\/402\/2024\/05\/Funded-by-the-European-Union-1024x215.jpg\",\"datePublished\":\"2024-04-30T09:50:48+00:00\",\"dateModified\":\"2026-02-17T10:49:56+00:00\",\"breadcrumb\":{\"@id\":\"https:\/\/sites.uef.fi\/cece\/circular-economy-morning-coffee\/#breadcrumb\"},\"inLanguage\":\"en-US\",\"potentialAction\":[{\"@type\":\"ReadAction\",\"target\":[\"https:\/\/sites.uef.fi\/cece\/circular-economy-morning-coffee\/\"]}]},{\"@type\":\"ImageObject\",\"inLanguage\":\"en-US\",\"@id\":\"https:\/\/sites.uef.fi\/cece\/circular-economy-morning-coffee\/#primaryimage\",\"url\":\"https:\/\/sites.uef.fi\/cece\/wp-content\/uploads\/sites\/402\/2024\/05\/Funded-by-the-European-Union.jpg\",\"contentUrl\":\"https:\/\/sites.uef.fi\/cece\/wp-content\/uploads\/sites\/402\/2024\/05\/Funded-by-the-European-Union.jpg\",\"width\":1100,\"height\":231},{\"@type\":\"BreadcrumbList\",\"@id\":\"https:\/\/sites.uef.fi\/cece\/circular-economy-morning-coffee\/#breadcrumb\",\"itemListElement\":[{\"@type\":\"ListItem\",\"position\":1,\"name\":\"Home\",\"item\":\"https:\/\/sites.uef.fi\/cece\/\"},{\"@type\":\"ListItem\",\"position\":2,\"name\":\"Circular Economy Morning Coffee\"}]},{\"@type\":\"WebSite\",\"@id\":\"https:\/\/sites.uef.fi\/cece\/#website\",\"url\":\"https:\/\/sites.uef.fi\/cece\/\",\"name\":\"UEF Research Center for Sustainable Circular Economy\",\"description\":\"\",\"publisher\":{\"@id\":\"https:\/\/sites.uef.fi\/cece\/#organization\"},\"potentialAction\":[{\"@type\":\"SearchAction\",\"target\":{\"@type\":\"EntryPoint\",\"urlTemplate\":\"https:\/\/sites.uef.fi\/cece\/?s={search_term_string}\"},\"query-input\":{\"@type\":\"PropertyValueSpecification\",\"valueRequired\":true,\"valueName\":\"search_term_string\"}}],\"inLanguage\":\"en-US\"},{\"@type\":\"Organization\",\"@id\":\"https:\/\/sites.uef.fi\/cece\/#organization\",\"name\":\"UEF Research Center for Sustainable Circular Economy\",\"url\":\"https:\/\/sites.uef.fi\/cece\/\",\"logo\":{\"@type\":\"ImageObject\",\"inLanguage\":\"en-US\",\"@id\":\"https:\/\/sites.uef.fi\/cece\/#\/schema\/logo\/image\/\",\"url\":\"\",\"contentUrl\":\"\",\"caption\":\"UEF Research Center for Sustainable Circular Economy\"},\"image\":{\"@id\":\"https:\/\/sites.uef.fi\/cece\/#\/schema\/logo\/image\/\"}}]}<\/script>\n<!-- \/ Yoast SEO plugin. -->","yoast_head_json":{"title":"Circular Economy Morning Coffee - UEF Research Center for Sustainable Circular Economy","robots":{"index":"index","follow":"follow","max-snippet":"max-snippet:-1","max-image-preview":"max-image-preview:large","max-video-preview":"max-video-preview:-1"},"canonical":"https:\/\/sites.uef.fi\/cece\/circular-economy-morning-coffee\/","og_locale":"en_US","og_type":"article","og_title":"Circular Economy Morning Coffee - UEF Research Center for Sustainable Circular Economy","og_description":"Start your Wednesdays off in a great way at the Circular Economy Morning Coffee sessions on Teams! Join us&nbsp;every Wednesday morning to&nbsp;hear a short presentation on themes related to sustainability and the circular economy. These presentations are followed by a discussion in a friendly atmosphere. Sessions run 4.2.2026 \u2013 22.4.2026 and are from 8.30\u20139.00&nbsp;(Helsinki time). [&hellip;]","og_url":"https:\/\/sites.uef.fi\/cece\/circular-economy-morning-coffee\/","og_site_name":"UEF Research Center for Sustainable Circular Economy","article_modified_time":"2026-02-17T10:49:56+00:00","og_image":[{"width":1100,"height":231,"url":"https:\/\/sites.uef.fi\/cece\/wp-content\/uploads\/sites\/402\/2024\/05\/Funded-by-the-European-Union.jpg","type":"image\/jpeg"}],"twitter_card":"summary_large_image","twitter_misc":{"Est. reading time":"2 minutes"},"schema":{"@context":"https:\/\/schema.org","@graph":[{"@type":"WebPage","@id":"https:\/\/sites.uef.fi\/cece\/circular-economy-morning-coffee\/","url":"https:\/\/sites.uef.fi\/cece\/circular-economy-morning-coffee\/","name":"Circular Economy Morning Coffee - UEF Research Center for Sustainable Circular Economy","isPartOf":{"@id":"https:\/\/sites.uef.fi\/cece\/#website"},"primaryImageOfPage":{"@id":"https:\/\/sites.uef.fi\/cece\/circular-economy-morning-coffee\/#primaryimage"},"image":{"@id":"https:\/\/sites.uef.fi\/cece\/circular-economy-morning-coffee\/#primaryimage"},"thumbnailUrl":"https:\/\/sites.uef.fi\/cece\/wp-content\/uploads\/sites\/402\/2024\/05\/Funded-by-the-European-Union-1024x215.jpg","datePublished":"2024-04-30T09:50:48+00:00","dateModified":"2026-02-17T10:49:56+00:00","breadcrumb":{"@id":"https:\/\/sites.uef.fi\/cece\/circular-economy-morning-coffee\/#breadcrumb"},"inLanguage":"en-US","potentialAction":[{"@type":"ReadAction","target":["https:\/\/sites.uef.fi\/cece\/circular-economy-morning-coffee\/"]}]},{"@type":"ImageObject","inLanguage":"en-US","@id":"https:\/\/sites.uef.fi\/cece\/circular-economy-morning-coffee\/#primaryimage","url":"https:\/\/sites.uef.fi\/cece\/wp-content\/uploads\/sites\/402\/2024\/05\/Funded-by-the-European-Union.jpg","contentUrl":"https:\/\/sites.uef.fi\/cece\/wp-content\/uploads\/sites\/402\/2024\/05\/Funded-by-the-European-Union.jpg","width":1100,"height":231},{"@type":"BreadcrumbList","@id":"https:\/\/sites.uef.fi\/cece\/circular-economy-morning-coffee\/#breadcrumb","itemListElement":[{"@type":"ListItem","position":1,"name":"Home","item":"https:\/\/sites.uef.fi\/cece\/"},{"@type":"ListItem","position":2,"name":"Circular Economy Morning Coffee"}]},{"@type":"WebSite","@id":"https:\/\/sites.uef.fi\/cece\/#website","url":"https:\/\/sites.uef.fi\/cece\/","name":"UEF Research Center for Sustainable Circular Economy","description":"","publisher":{"@id":"https:\/\/sites.uef.fi\/cece\/#organization"},"potentialAction":[{"@type":"SearchAction","target":{"@type":"EntryPoint","urlTemplate":"https:\/\/sites.uef.fi\/cece\/?s={search_term_string}"},"query-input":{"@type":"PropertyValueSpecification","valueRequired":true,"valueName":"search_term_string"}}],"inLanguage":"en-US"},{"@type":"Organization","@id":"https:\/\/sites.uef.fi\/cece\/#organization","name":"UEF Research Center for Sustainable Circular Economy","url":"https:\/\/sites.uef.fi\/cece\/","logo":{"@type":"ImageObject","inLanguage":"en-US","@id":"https:\/\/sites.uef.fi\/cece\/#\/schema\/logo\/image\/","url":"","contentUrl":"","caption":"UEF Research Center for Sustainable Circular Economy"},"image":{"@id":"https:\/\/sites.uef.fi\/cece\/#\/schema\/logo\/image\/"}}]}},"_links":{"self":[{"href":"https:\/\/sites.uef.fi\/cece\/wp-json\/wp\/v2\/pages\/3685","targetHints":{"allow":["GET"]}}],"collection":[{"href":"https:\/\/sites.uef.fi\/cece\/wp-json\/wp\/v2\/pages"}],"about":[{"href":"https:\/\/sites.uef.fi\/cece\/wp-json\/wp\/v2\/types\/page"}],"author":[{"embeddable":true,"href":"https:\/\/sites.uef.fi\/cece\/wp-json\/wp\/v2\/users\/910"}],"replies":[{"embeddable":true,"href":"https:\/\/sites.uef.fi\/cece\/wp-json\/wp\/v2\/comments?post=3685"}],"version-history":[{"count":2,"href":"https:\/\/sites.uef.fi\/cece\/wp-json\/wp\/v2\/pages\/3685\/revisions"}],"predecessor-version":[{"id":4637,"href":"https:\/\/sites.uef.fi\/cece\/wp-json\/wp\/v2\/pages\/3685\/revisions\/4637"}],"wp:attachment":[{"href":"https:\/\/sites.uef.fi\/cece\/wp-json\/wp\/v2\/media?parent=3685"}],"curies":[{"name":"wp","href":"https:\/\/api.w.org\/{rel}","templated":true}]}}