{"id":245,"date":"2020-10-13T15:08:23","date_gmt":"2020-10-13T12:08:23","guid":{"rendered":"https:\/\/sites.uef.fi\/coexist\/?page_id=245"},"modified":"2021-08-02T13:00:28","modified_gmt":"2021-08-02T10:00:28","slug":"yhteystiedot","status":"publish","type":"page","link":"https:\/\/sites.uef.fi\/coexist\/yhteystiedot\/?lang=fi","title":{"rendered":"Yhteystiedot"},"content":{"rendered":"\n<div class=\"wp-block-columns is-layout-flex wp-container-core-columns-is-layout-9d6595d7 wp-block-columns-is-layout-flex\">\n<div class=\"wp-block-column is-layout-flow wp-block-column-is-layout-flow\" style=\"flex-basis:25%\">\n<div class=\"wp-block-image\"><figure class=\"aligncenter size-large is-resized\"><img loading=\"lazy\" decoding=\"async\" src=\"https:\/\/sites.uef.fi\/coexist\/wp-content\/uploads\/sites\/196\/2020\/10\/CoExist_logo_round_flags-845x1024.png\" alt=\"Towards sustainable coexistence of seals and humans.\" class=\"wp-image-132\" width=\"180\" height=\"218\" srcset=\"https:\/\/sites.uef.fi\/coexist\/wp-content\/uploads\/sites\/196\/2020\/10\/CoExist_logo_round_flags-845x1024.png 845w, https:\/\/sites.uef.fi\/coexist\/wp-content\/uploads\/sites\/196\/2020\/10\/CoExist_logo_round_flags-248x300.png 248w, https:\/\/sites.uef.fi\/coexist\/wp-content\/uploads\/sites\/196\/2020\/10\/CoExist_logo_round_flags-768x931.png 768w, https:\/\/sites.uef.fi\/coexist\/wp-content\/uploads\/sites\/196\/2020\/10\/CoExist_logo_round_flags-1267x1536.png 1267w, https:\/\/sites.uef.fi\/coexist\/wp-content\/uploads\/sites\/196\/2020\/10\/CoExist_logo_round_flags.png 1650w\" sizes=\"auto, (max-width: 180px) 100vw, 180px\" \/><\/figure><\/div>\n<\/div>\n\n\n\n<div class=\"wp-block-column is-layout-flow wp-block-column-is-layout-flow\" style=\"flex-basis:50%\">\n<h4 class=\"wp-block-heading\">It\u00e4-Suomen Yliopisto:<\/h4>\n\n\n\n<p> Marja Niemi<br>Puh: +358 50 341 3654<br>marja.niemi@uef.fi <\/p>\n\n\n\n<p><a href=\"http:\/\/www.uef.fi\/fi\/web\/norppa\">http:\/\/www.uef.fi\/fi\/web\/norppa<\/a><\/p>\n\n\n\n<div style=\"height:60px\" aria-hidden=\"true\" class=\"wp-block-spacer\"><\/div>\n\n\n\n<h4 class=\"wp-block-heading\">Suomen Luonnonsuojeluiitto RY:<\/h4>\n\n\n\n<p>Kaarina Tiainen<br>Puh: +358 50 530 3270 <br>kaarina.tiainen@sll.fi <\/p>\n\n\n\n<p><a href=\"https:\/\/www.sll.fi\/mita-me-teemme\/saimaannorppa\/coexist\/\">https:\/\/www.sll.fi\/mita-me-teemme\/saimaannorppa\/coexist\/<\/a><\/p>\n\n\n\n<div style=\"height:60px\" aria-hidden=\"true\" class=\"wp-block-spacer\"><\/div>\n\n\n\n<h4 class=\"wp-block-heading\">Interregional charitable public organisation &#8220;Biologist for Nature Conservation&#8221;:<\/h4>\n\n\n\n<p>Irina Trukhanova<br>Puh: +12063077313 (US) \/ +79052233156 (RUS)<br>irina_trukhanova@yahoo.com <\/p>\n\n\n\n<p><a href=\"http:\/\/bnf.org.ru\/wpdir\/coexist\/#\">http:\/\/bnf.org.ru\/wpdir\/coexist\/#<\/a><\/p>\n\n\n\n<div style=\"height:60px\" aria-hidden=\"true\" class=\"wp-block-spacer\"><\/div>\n\n\n\n<h4 class=\"wp-block-heading\">Lappeerannan-Lahden teknillinen yliopisto LUT:<\/h4>\n\n\n\n<p>Tuomas Eerola<br>Puh: +358 50 404 2054<br>tuomas.eerola@lut.fi <\/p>\n\n\n\n<p><a href=\"http:\/\/www2.it.lut.fi\/project\/coexist\/index.shtml\">http:\/\/www2.it.lut.fi\/project\/coexist\/index.shtml<\/a><\/p>\n<\/div>\n\n\n\n<div class=\"wp-block-column is-layout-flow wp-block-column-is-layout-flow\" style=\"flex-basis:25%\">\n<div class=\"wp-block-image\"><figure class=\"alignleft size-large is-resized\"><img loading=\"lazy\" decoding=\"async\" src=\"https:\/\/sites.uef.fi\/coexist\/wp-content\/uploads\/sites\/196\/2020\/10\/NorppaUEF-1024x1024.jpg\" alt=\"Saimaannorppatutkimus, It\u00e4-Suomen yliopisto\" class=\"wp-image-299\" width=\"188\" height=\"188\" srcset=\"https:\/\/sites.uef.fi\/coexist\/wp-content\/uploads\/sites\/196\/2020\/10\/NorppaUEF-1024x1024.jpg 1024w, https:\/\/sites.uef.fi\/coexist\/wp-content\/uploads\/sites\/196\/2020\/10\/NorppaUEF-300x300.jpg 300w, https:\/\/sites.uef.fi\/coexist\/wp-content\/uploads\/sites\/196\/2020\/10\/NorppaUEF-150x150.jpg 150w, https:\/\/sites.uef.fi\/coexist\/wp-content\/uploads\/sites\/196\/2020\/10\/NorppaUEF-768x768.jpg 768w, https:\/\/sites.uef.fi\/coexist\/wp-content\/uploads\/sites\/196\/2020\/10\/NorppaUEF-1536x1536.jpg 1536w, https:\/\/sites.uef.fi\/coexist\/wp-content\/uploads\/sites\/196\/2020\/10\/NorppaUEF-2048x2048.jpg 2048w\" sizes=\"auto, (max-width: 188px) 100vw, 188px\" \/><\/figure><\/div>\n\n\n\n<div style=\"height:120px\" aria-hidden=\"true\" class=\"wp-block-spacer\"><\/div>\n\n\n\n<div class=\"wp-block-image\"><figure class=\"alignleft size-large is-resized\"><img decoding=\"async\" src=\"https:\/\/sites.uef.fi\/coexist\/wp-content\/uploads\/sites\/196\/2020\/10\/SLLLOGO_CMYK-1024x178.png\" alt=\"Suomen Luonnonsuojeluliitto\" class=\"wp-image-308\" width=\"-543\" height=\"-93\" srcset=\"https:\/\/sites.uef.fi\/coexist\/wp-content\/uploads\/sites\/196\/2020\/10\/SLLLOGO_CMYK-1024x178.png 1024w, https:\/\/sites.uef.fi\/coexist\/wp-content\/uploads\/sites\/196\/2020\/10\/SLLLOGO_CMYK-300x52.png 300w, https:\/\/sites.uef.fi\/coexist\/wp-content\/uploads\/sites\/196\/2020\/10\/SLLLOGO_CMYK-768x133.png 768w, https:\/\/sites.uef.fi\/coexist\/wp-content\/uploads\/sites\/196\/2020\/10\/SLLLOGO_CMYK-1536x267.png 1536w, https:\/\/sites.uef.fi\/coexist\/wp-content\/uploads\/sites\/196\/2020\/10\/SLLLOGO_CMYK-2048x355.png 2048w\" sizes=\"(max-width: 1024px) 100vw, 1024px\" \/><\/figure><\/div>\n\n\n\n<div style=\"height:180px\" aria-hidden=\"true\" class=\"wp-block-spacer\"><\/div>\n\n\n\n<div class=\"wp-block-image\"><figure class=\"alignleft size-large\"><img loading=\"lazy\" decoding=\"async\" width=\"519\" height=\"125\" src=\"https:\/\/sites.uef.fi\/coexist\/wp-content\/uploads\/sites\/196\/2020\/10\/BFN_logo_lettering.png\" alt=\"Alueidenv\u00e4linen hyv\u00e4ntekev\u00e4isyysj\u00e4rjest\u00f6 &quot;Biologist for Nature Conservation&quot;\n\" class=\"wp-image-281\" srcset=\"https:\/\/sites.uef.fi\/coexist\/wp-content\/uploads\/sites\/196\/2020\/10\/BFN_logo_lettering.png 519w, https:\/\/sites.uef.fi\/coexist\/wp-content\/uploads\/sites\/196\/2020\/10\/BFN_logo_lettering-300x72.png 300w\" sizes=\"auto, (max-width: 519px) 100vw, 519px\" \/><\/figure><\/div>\n\n\n\n<div style=\"height:140px\" aria-hidden=\"true\" class=\"wp-block-spacer\"><\/div>\n\n\n\n<div class=\"wp-block-image\"><figure class=\"alignleft size-large\"><img loading=\"lazy\" decoding=\"async\" width=\"1024\" height=\"530\" src=\"https:\/\/sites.uef.fi\/coexist\/wp-content\/uploads\/sites\/196\/2020\/10\/LUT-logo-jpg-1024x530.jpg\" alt=\"Lappeerannan-Lahden teknillinen yliopisto LUT\" class=\"wp-image-290\" srcset=\"https:\/\/sites.uef.fi\/coexist\/wp-content\/uploads\/sites\/196\/2020\/10\/LUT-logo-jpg-1024x530.jpg 1024w, https:\/\/sites.uef.fi\/coexist\/wp-content\/uploads\/sites\/196\/2020\/10\/LUT-logo-jpg-300x155.jpg 300w, https:\/\/sites.uef.fi\/coexist\/wp-content\/uploads\/sites\/196\/2020\/10\/LUT-logo-jpg-768x397.jpg 768w, https:\/\/sites.uef.fi\/coexist\/wp-content\/uploads\/sites\/196\/2020\/10\/LUT-logo-jpg.jpg 1140w\" sizes=\"auto, (max-width: 1024px) 100vw, 1024px\" \/><\/figure><\/div>\n<\/div>\n<\/div>\n","protected":false},"excerpt":{"rendered":"<p>It\u00e4-Suomen Yliopisto: Marja NiemiPuh: +358 50 341 3654marja.niemi@uef.fi http:\/\/www.uef.fi\/fi\/web\/norppa Suomen Luonnonsuojeluiitto RY: Kaarina TiainenPuh: +358 50 530 3270 kaarina.tiainen@sll.fi https:\/\/www.sll.fi\/mita-me-teemme\/saimaannorppa\/coexist\/ Interregional charitable public organisation &#8220;Biologist for Nature Conservation&#8221;: Irina TrukhanovaPuh: +12063077313 (US) \/ +79052233156 (RUS)irina_trukhanova@yahoo.com http:\/\/bnf.org.ru\/wpdir\/coexist\/# Lappeerannan-Lahden teknillinen yliopisto LUT: Tuomas EerolaPuh: +358 50 404 2054tuomas.eerola@lut.fi http:\/\/www2.it.lut.fi\/project\/coexist\/index.shtml<\/p>\n","protected":false},"author":315,"featured_media":0,"parent":0,"menu_order":0,"comment_status":"closed","ping_status":"closed","template":"","meta":{"_acf_changed":false,"_monsterinsights_skip_tracking":false,"_monsterinsights_sitenote_active":false,"_monsterinsights_sitenote_note":"","_monsterinsights_sitenote_category":0,"footnotes":""},"class_list":["post-245","page","type-page","status-publish","hentry"],"acf":[],"yoast_head":"<!-- This site is optimized with the Yoast SEO plugin v27.1.1 - https:\/\/yoast.com\/product\/yoast-seo-wordpress\/ -->\n<title>Yhteystiedot - CoExist<\/title>\n<meta name=\"robots\" content=\"index, follow, max-snippet:-1, max-image-preview:large, max-video-preview:-1\" \/>\n<link rel=\"canonical\" href=\"https:\/\/sites.uef.fi\/coexist\/yhteystiedot\/?lang=fi\" \/>\n<meta property=\"og:locale\" content=\"en_US\" \/>\n<meta property=\"og:type\" content=\"article\" \/>\n<meta property=\"og:title\" content=\"Yhteystiedot - CoExist\" \/>\n<meta property=\"og:description\" content=\"It\u00e4-Suomen Yliopisto: Marja NiemiPuh: +358 50 341 3654marja.niemi@uef.fi http:\/\/www.uef.fi\/fi\/web\/norppa Suomen Luonnonsuojeluiitto RY: Kaarina TiainenPuh: +358 50 530 3270 kaarina.tiainen@sll.fi https:\/\/www.sll.fi\/mita-me-teemme\/saimaannorppa\/coexist\/ Interregional charitable public organisation &#8220;Biologist for Nature Conservation&#8221;: Irina TrukhanovaPuh: +12063077313 (US) \/ +79052233156 (RUS)irina_trukhanova@yahoo.com http:\/\/bnf.org.ru\/wpdir\/coexist\/# Lappeerannan-Lahden teknillinen yliopisto LUT: Tuomas EerolaPuh: +358 50 404 2054tuomas.eerola@lut.fi http:\/\/www2.it.lut.fi\/project\/coexist\/index.shtml\" \/>\n<meta property=\"og:url\" content=\"https:\/\/sites.uef.fi\/coexist\/yhteystiedot\/?lang=fi\" \/>\n<meta property=\"og:site_name\" content=\"CoExist\" \/>\n<meta property=\"article:modified_time\" content=\"2021-08-02T10:00:28+00:00\" \/>\n<meta property=\"og:image\" content=\"https:\/\/sites.uef.fi\/coexist\/wp-content\/uploads\/sites\/196\/2020\/10\/CoExist_logo_round_flags-845x1024.png\" \/>\n<meta name=\"twitter:card\" content=\"summary_large_image\" \/>\n<script type=\"application\/ld+json\" class=\"yoast-schema-graph\">{\"@context\":\"https:\/\/schema.org\",\"@graph\":[{\"@type\":\"WebPage\",\"@id\":\"https:\/\/sites.uef.fi\/coexist\/yhteystiedot\/?lang=fi\",\"url\":\"https:\/\/sites.uef.fi\/coexist\/yhteystiedot\/?lang=fi\",\"name\":\"Yhteystiedot - CoExist\",\"isPartOf\":{\"@id\":\"https:\/\/sites.uef.fi\/coexist\/?lang=fi\/#website\"},\"primaryImageOfPage\":{\"@id\":\"https:\/\/sites.uef.fi\/coexist\/yhteystiedot\/?lang=fi#primaryimage\"},\"image\":{\"@id\":\"https:\/\/sites.uef.fi\/coexist\/yhteystiedot\/?lang=fi#primaryimage\"},\"thumbnailUrl\":\"https:\/\/sites.uef.fi\/coexist\/wp-content\/uploads\/sites\/196\/2020\/10\/CoExist_logo_round_flags-845x1024.png\",\"datePublished\":\"2020-10-13T12:08:23+00:00\",\"dateModified\":\"2021-08-02T10:00:28+00:00\",\"breadcrumb\":{\"@id\":\"https:\/\/sites.uef.fi\/coexist\/yhteystiedot\/?lang=fi#breadcrumb\"},\"inLanguage\":\"en-US\",\"potentialAction\":[{\"@type\":\"ReadAction\",\"target\":[\"https:\/\/sites.uef.fi\/coexist\/yhteystiedot\/?lang=fi\"]}]},{\"@type\":\"ImageObject\",\"inLanguage\":\"en-US\",\"@id\":\"https:\/\/sites.uef.fi\/coexist\/yhteystiedot\/?lang=fi#primaryimage\",\"url\":\"https:\/\/sites.uef.fi\/coexist\/wp-content\/uploads\/sites\/196\/2020\/10\/CoExist_logo_round_flags.png\",\"contentUrl\":\"https:\/\/sites.uef.fi\/coexist\/wp-content\/uploads\/sites\/196\/2020\/10\/CoExist_logo_round_flags.png\",\"width\":1650,\"height\":2000},{\"@type\":\"BreadcrumbList\",\"@id\":\"https:\/\/sites.uef.fi\/coexist\/yhteystiedot\/?lang=fi#breadcrumb\",\"itemListElement\":[{\"@type\":\"ListItem\",\"position\":1,\"name\":\"Home\",\"item\":\"https:\/\/sites.uef.fi\/coexist\/\"},{\"@type\":\"ListItem\",\"position\":2,\"name\":\"Yhteystiedot\"}]},{\"@type\":\"WebSite\",\"@id\":\"https:\/\/sites.uef.fi\/coexist\/?lang=fi\/#website\",\"url\":\"https:\/\/sites.uef.fi\/coexist\/?lang=fi\/\",\"name\":\"CoExist\",\"description\":\"\",\"potentialAction\":[{\"@type\":\"SearchAction\",\"target\":{\"@type\":\"EntryPoint\",\"urlTemplate\":\"https:\/\/sites.uef.fi\/coexist\/?lang=fi\/?s={search_term_string}\"},\"query-input\":{\"@type\":\"PropertyValueSpecification\",\"valueRequired\":true,\"valueName\":\"search_term_string\"}}],\"inLanguage\":\"en-US\"}]}<\/script>\n<!-- \/ Yoast SEO plugin. -->","yoast_head_json":{"title":"Yhteystiedot - CoExist","robots":{"index":"index","follow":"follow","max-snippet":"max-snippet:-1","max-image-preview":"max-image-preview:large","max-video-preview":"max-video-preview:-1"},"canonical":"https:\/\/sites.uef.fi\/coexist\/yhteystiedot\/?lang=fi","og_locale":"en_US","og_type":"article","og_title":"Yhteystiedot - CoExist","og_description":"It\u00e4-Suomen Yliopisto: Marja NiemiPuh: +358 50 341 3654marja.niemi@uef.fi http:\/\/www.uef.fi\/fi\/web\/norppa Suomen Luonnonsuojeluiitto RY: Kaarina TiainenPuh: +358 50 530 3270 kaarina.tiainen@sll.fi https:\/\/www.sll.fi\/mita-me-teemme\/saimaannorppa\/coexist\/ Interregional charitable public organisation &#8220;Biologist for Nature Conservation&#8221;: Irina TrukhanovaPuh: +12063077313 (US) \/ +79052233156 (RUS)irina_trukhanova@yahoo.com http:\/\/bnf.org.ru\/wpdir\/coexist\/# Lappeerannan-Lahden teknillinen yliopisto LUT: Tuomas EerolaPuh: +358 50 404 2054tuomas.eerola@lut.fi http:\/\/www2.it.lut.fi\/project\/coexist\/index.shtml","og_url":"https:\/\/sites.uef.fi\/coexist\/yhteystiedot\/?lang=fi","og_site_name":"CoExist","article_modified_time":"2021-08-02T10:00:28+00:00","og_image":[{"url":"https:\/\/sites.uef.fi\/coexist\/wp-content\/uploads\/sites\/196\/2020\/10\/CoExist_logo_round_flags-845x1024.png","type":"","width":"","height":""}],"twitter_card":"summary_large_image","schema":{"@context":"https:\/\/schema.org","@graph":[{"@type":"WebPage","@id":"https:\/\/sites.uef.fi\/coexist\/yhteystiedot\/?lang=fi","url":"https:\/\/sites.uef.fi\/coexist\/yhteystiedot\/?lang=fi","name":"Yhteystiedot - CoExist","isPartOf":{"@id":"https:\/\/sites.uef.fi\/coexist\/?lang=fi\/#website"},"primaryImageOfPage":{"@id":"https:\/\/sites.uef.fi\/coexist\/yhteystiedot\/?lang=fi#primaryimage"},"image":{"@id":"https:\/\/sites.uef.fi\/coexist\/yhteystiedot\/?lang=fi#primaryimage"},"thumbnailUrl":"https:\/\/sites.uef.fi\/coexist\/wp-content\/uploads\/sites\/196\/2020\/10\/CoExist_logo_round_flags-845x1024.png","datePublished":"2020-10-13T12:08:23+00:00","dateModified":"2021-08-02T10:00:28+00:00","breadcrumb":{"@id":"https:\/\/sites.uef.fi\/coexist\/yhteystiedot\/?lang=fi#breadcrumb"},"inLanguage":"en-US","potentialAction":[{"@type":"ReadAction","target":["https:\/\/sites.uef.fi\/coexist\/yhteystiedot\/?lang=fi"]}]},{"@type":"ImageObject","inLanguage":"en-US","@id":"https:\/\/sites.uef.fi\/coexist\/yhteystiedot\/?lang=fi#primaryimage","url":"https:\/\/sites.uef.fi\/coexist\/wp-content\/uploads\/sites\/196\/2020\/10\/CoExist_logo_round_flags.png","contentUrl":"https:\/\/sites.uef.fi\/coexist\/wp-content\/uploads\/sites\/196\/2020\/10\/CoExist_logo_round_flags.png","width":1650,"height":2000},{"@type":"BreadcrumbList","@id":"https:\/\/sites.uef.fi\/coexist\/yhteystiedot\/?lang=fi#breadcrumb","itemListElement":[{"@type":"ListItem","position":1,"name":"Home","item":"https:\/\/sites.uef.fi\/coexist\/"},{"@type":"ListItem","position":2,"name":"Yhteystiedot"}]},{"@type":"WebSite","@id":"https:\/\/sites.uef.fi\/coexist\/?lang=fi\/#website","url":"https:\/\/sites.uef.fi\/coexist\/?lang=fi\/","name":"CoExist","description":"","potentialAction":[{"@type":"SearchAction","target":{"@type":"EntryPoint","urlTemplate":"https:\/\/sites.uef.fi\/coexist\/?lang=fi\/?s={search_term_string}"},"query-input":{"@type":"PropertyValueSpecification","valueRequired":true,"valueName":"search_term_string"}}],"inLanguage":"en-US"}]}},"_links":{"self":[{"href":"https:\/\/sites.uef.fi\/coexist\/wp-json\/wp\/v2\/pages\/245","targetHints":{"allow":["GET"]}}],"collection":[{"href":"https:\/\/sites.uef.fi\/coexist\/wp-json\/wp\/v2\/pages"}],"about":[{"href":"https:\/\/sites.uef.fi\/coexist\/wp-json\/wp\/v2\/types\/page"}],"author":[{"embeddable":true,"href":"https:\/\/sites.uef.fi\/coexist\/wp-json\/wp\/v2\/users\/315"}],"replies":[{"embeddable":true,"href":"https:\/\/sites.uef.fi\/coexist\/wp-json\/wp\/v2\/comments?post=245"}],"version-history":[{"count":2,"href":"https:\/\/sites.uef.fi\/coexist\/wp-json\/wp\/v2\/pages\/245\/revisions"}],"predecessor-version":[{"id":1650,"href":"https:\/\/sites.uef.fi\/coexist\/wp-json\/wp\/v2\/pages\/245\/revisions\/1650"}],"wp:attachment":[{"href":"https:\/\/sites.uef.fi\/coexist\/wp-json\/wp\/v2\/media?parent=245"}],"curies":[{"name":"wp","href":"https:\/\/api.w.org\/{rel}","templated":true}]}}