{"id":40,"date":"2020-10-06T15:02:56","date_gmt":"2020-10-06T12:02:56","guid":{"rendered":"https:\/\/sites.uef.fi\/coexist\/?page_id=40"},"modified":"2022-03-31T11:37:30","modified_gmt":"2022-03-31T08:37:30","slug":"etusivu","status":"publish","type":"page","link":"https:\/\/sites.uef.fi\/coexist\/etusivu\/?lang=fi","title":{"rendered":"Etusivu"},"content":{"rendered":"\n<div class=\"wp-block-columns is-layout-flex wp-container-core-columns-is-layout-9d6595d7 wp-block-columns-is-layout-flex\">\n<div class=\"wp-block-column is-layout-flow wp-block-column-is-layout-flow\" style=\"flex-basis:25%\">\n<div class=\"wp-block-image\"><figure class=\"aligncenter size-large is-resized\"><img loading=\"lazy\" decoding=\"async\" src=\"https:\/\/sites.uef.fi\/coexist\/wp-content\/uploads\/sites\/196\/2020\/10\/CoExist_logo_round_214px.png\" alt=\"Towards sustainable coexistence of seals and humans.\" class=\"wp-image-123\" width=\"214\" height=\"216\" srcset=\"https:\/\/sites.uef.fi\/coexist\/wp-content\/uploads\/sites\/196\/2020\/10\/CoExist_logo_round_214px.png 214w, https:\/\/sites.uef.fi\/coexist\/wp-content\/uploads\/sites\/196\/2020\/10\/CoExist_logo_round_214px-150x150.png 150w\" sizes=\"auto, (max-width: 214px) 100vw, 214px\" \/><\/figure><\/div>\n<\/div>\n\n\n\n<div class=\"wp-block-column is-layout-flow wp-block-column-is-layout-flow\" style=\"flex-basis:50%\">\n<h2 class=\"wp-block-heading\"> Towards sustainable coexistence of seals and humans <\/h2>\n\n\n\n<p> CoExist on kolmivuotinen rajat ylitt\u00e4v\u00e4 yhteisty\u00f6hanke, jonka tavoitteena on edist\u00e4\u00e4 Suomen ja Ven\u00e4j\u00e4n j\u00e4rvinorppiin kohdistuvaa tutkimusyhteisty\u00f6t\u00e4 sek\u00e4 tiedon v\u00e4lityst\u00e4 eri sidosryhmille. Hanke kohdistuu erityisesti sek\u00e4 saimaan- ett\u00e4 laatokannorppien k\u00e4ytt\u00e4ytymisen tutkimukseen ja sit\u00e4 kautta ihmisen ja hylkeiden yhteiselon edist\u00e4miseen kouluttamisen ja tiedonvaihdon kautta. <\/p>\n\n\n\n<p>Hankkeen p\u00e4\u00e4toteuttaja on It\u00e4-Suomen yliopisto (FIN) ja partnereina Suomen luonnonsuojeluliitto (FIN), Lappeenrannan teknillinen yliopisto (FIN) sek\u00e4&nbsp; Biologists for Nature Conservation (RUS). Hanke kuuluu Kaakkois-Suomi &#8211; Ven\u00e4j\u00e4 CBC 2014-2020-ohjelmaan, jota rahoittavat Euroopan Unioni, Ven\u00e4j\u00e4n Federaatio ja Suomen Tasavalta. Hankkeen kustannusarvio on noin 870 000 \u20ac, josta CBC-rahoituksen osuus on noin 690 000 \u20ac. Hankkeen toteuttamisaika on 1.4.2019 &#8211; 31.3.2022. <\/p>\n\n\n\n<div style=\"height:60px\" aria-hidden=\"true\" class=\"wp-block-spacer\"><\/div>\n\n\n\n<p>Lis\u00e4tietoja:<\/p>\n\n\n\n<p><a href=\"https:\/\/sites.uef.fi\/coexist\/wp-content\/uploads\/sites\/196\/2020\/10\/KS1549-CoExist-portfolio_fi.jpg\">CoExist-hanketiedot<\/a><\/p>\n\n\n\n<p><a href=\"https:\/\/www.sefrcbc.fi\/fi\/\" target=\"_blank\" rel=\"noreferrer noopener\">Kaakkois-Suomi &#8211; Ven\u00e4j\u00e4 CBC 2014-2020-ohjelma<\/a> <\/p>\n\n\n\n<div style=\"height:60px\" aria-hidden=\"true\" class=\"wp-block-spacer\"><\/div>\n\n\n\n<p><strong>Yhteystiedot:<\/strong> <br>It\u00e4-Suomen Yliopisto <br>Marja Niemi<br>Puh: 050 341 3654<br>marja.niemi@uef.fi<\/p>\n\n\n\n<p><\/p>\n\n\n\n<p><\/p>\n\n\n\n<p><\/p>\n\n\n\n<div class=\"wp-block-columns is-layout-flex wp-container-core-columns-is-layout-9d6595d7 wp-block-columns-is-layout-flex\">\n<div class=\"wp-block-column is-layout-flow wp-block-column-is-layout-flow\">\n<figure class=\"wp-block-image size-full is-resized\"><img loading=\"lazy\" decoding=\"async\" src=\"https:\/\/sites.uef.fi\/coexist\/wp-content\/uploads\/sites\/196\/2022\/03\/6f893175_1.png\" alt=\"implemented under the European Neighbourhood Instrument and co-financed by the European Union\" class=\"wp-image-2108\" width=\"259\" height=\"161\" srcset=\"https:\/\/sites.uef.fi\/coexist\/wp-content\/uploads\/sites\/196\/2022\/03\/6f893175_1.png 951w, https:\/\/sites.uef.fi\/coexist\/wp-content\/uploads\/sites\/196\/2022\/03\/6f893175_1-300x186.png 300w, https:\/\/sites.uef.fi\/coexist\/wp-content\/uploads\/sites\/196\/2022\/03\/6f893175_1-768x477.png 768w\" sizes=\"auto, (max-width: 259px) 100vw, 259px\" \/><\/figure>\n<\/div>\n\n\n\n<div class=\"wp-block-column is-vertically-aligned-center is-layout-flow wp-block-column-is-layout-flow\">\n<p class=\"has-text-align-center has-small-font-size\">Implemented under the European Neighbourhood Instrument and co-financed by the European Union<\/p>\n<\/div>\n<\/div>\n\n\n\n<p><\/p>\n<\/div>\n\n\n\n<div class=\"wp-block-column is-layout-flow wp-block-column-is-layout-flow\" style=\"flex-basis:25%\"><style type=\"text\/css\">@media (min-width: 720px) and (max-width: 1024px) {\r\n.fb-page, .timeline-widget { padding-left: 230px; }\r\n}\r\n<\/style>\r\n<div id=\"fb-root\">&nbsp;<\/div>\r\n<script async defer crossorigin=\"anonymous\" src=\"https:\/\/connect.facebook.net\/en_US\/sdk.js#xfbml=1&version=v3.3\"><\/script>\r\n\r\n<div class=\"fb-page\" data-adapt-container-width=\"true\" data-height=\"\" data-hide-cover=\"false\" data-href=\"https:\/\/www.facebook.com\/CoExistCBC\/\" data-show-facepile=\"true\" data-small-header=\"false\" data-tabs=\"timeline\" data-width=\"\">\r\n<blockquote cite=\"https:\/\/www.facebook.com\/CoExistCBC\/\" class=\"fb-xfbml-parse-ignore\"><a href=\"https:\/\/www.facebook.com\/CoExistCBC\/\">CoExist<\/a><\/blockquote>\r\n<\/div>\r\n\n\n\n\n<figure class=\"wp-block-embed is-type-rich is-provider-twitter wp-block-embed-twitter\"><div class=\"wp-block-embed__wrapper\">\nhttps:\/\/twitter.com\/coexistcbc\n<\/div><\/figure>\n<\/div>\n<\/div>\n\n\n\n<div class=\"wp-block-columns alignwide are-vertically-aligned-center is-layout-flex wp-container-core-columns-is-layout-9d6595d7 wp-block-columns-is-layout-flex\">\n<div class=\"wp-block-column is-layout-flow wp-block-column-is-layout-flow\" style=\"flex-basis:33.33%\"><\/div>\n<\/div>\n\n\n\n<p><\/p>\n","protected":false},"excerpt":{"rendered":"<p>Towards sustainable coexistence of seals and humans CoExist on kolmivuotinen rajat ylitt\u00e4v\u00e4 yhteisty\u00f6hanke, jonka tavoitteena on edist\u00e4\u00e4 Suomen ja Ven\u00e4j\u00e4n j\u00e4rvinorppiin kohdistuvaa tutkimusyhteisty\u00f6t\u00e4 sek\u00e4 tiedon v\u00e4lityst\u00e4 eri sidosryhmille. Hanke kohdistuu erityisesti sek\u00e4 saimaan- ett\u00e4 laatokannorppien k\u00e4ytt\u00e4ytymisen tutkimukseen ja sit\u00e4 kautta ihmisen ja hylkeiden yhteiselon edist\u00e4miseen kouluttamisen ja tiedonvaihdon kautta. Hankkeen p\u00e4\u00e4toteuttaja on It\u00e4-Suomen yliopisto (FIN) [&hellip;]<\/p>\n","protected":false},"author":2,"featured_media":0,"parent":0,"menu_order":0,"comment_status":"closed","ping_status":"closed","template":"","meta":{"_acf_changed":false,"_monsterinsights_skip_tracking":false,"_monsterinsights_sitenote_active":false,"_monsterinsights_sitenote_note":"","_monsterinsights_sitenote_category":0,"footnotes":""},"class_list":["post-40","page","type-page","status-publish","hentry"],"acf":[],"yoast_head":"<!-- This site is optimized with the Yoast SEO plugin v27.1.1 - https:\/\/yoast.com\/product\/yoast-seo-wordpress\/ -->\n<title>Etusivu - CoExist<\/title>\n<meta name=\"robots\" content=\"index, follow, max-snippet:-1, max-image-preview:large, max-video-preview:-1\" \/>\n<link rel=\"canonical\" href=\"https:\/\/sites.uef.fi\/coexist\/?lang=fi\" \/>\n<meta property=\"og:locale\" content=\"en_US\" \/>\n<meta property=\"og:type\" content=\"article\" \/>\n<meta property=\"og:title\" content=\"Etusivu - CoExist\" \/>\n<meta property=\"og:description\" content=\"Towards sustainable coexistence of seals and humans CoExist on kolmivuotinen rajat ylitt\u00e4v\u00e4 yhteisty\u00f6hanke, jonka tavoitteena on edist\u00e4\u00e4 Suomen ja Ven\u00e4j\u00e4n j\u00e4rvinorppiin kohdistuvaa tutkimusyhteisty\u00f6t\u00e4 sek\u00e4 tiedon v\u00e4lityst\u00e4 eri sidosryhmille. Hanke kohdistuu erityisesti sek\u00e4 saimaan- ett\u00e4 laatokannorppien k\u00e4ytt\u00e4ytymisen tutkimukseen ja sit\u00e4 kautta ihmisen ja hylkeiden yhteiselon edist\u00e4miseen kouluttamisen ja tiedonvaihdon kautta. Hankkeen p\u00e4\u00e4toteuttaja on It\u00e4-Suomen yliopisto (FIN) [&hellip;]\" \/>\n<meta property=\"og:url\" content=\"https:\/\/sites.uef.fi\/coexist\/?lang=fi\" \/>\n<meta property=\"og:site_name\" content=\"CoExist\" \/>\n<meta property=\"article:modified_time\" content=\"2022-03-31T08:37:30+00:00\" \/>\n<meta property=\"og:image\" content=\"https:\/\/sites.uef.fi\/coexist\/wp-content\/uploads\/sites\/196\/2020\/10\/CoExist_logo_round_214px.png\" \/>\n<meta name=\"twitter:card\" content=\"summary_large_image\" \/>\n<meta name=\"twitter:label1\" content=\"Est. reading time\" \/>\n\t<meta name=\"twitter:data1\" content=\"1 minute\" \/>\n<script type=\"application\/ld+json\" class=\"yoast-schema-graph\">{\"@context\":\"https:\/\/schema.org\",\"@graph\":[{\"@type\":\"WebPage\",\"@id\":\"https:\/\/sites.uef.fi\/coexist\/?lang=fi\",\"url\":\"https:\/\/sites.uef.fi\/coexist\/?lang=fi\",\"name\":\"Etusivu - CoExist\",\"isPartOf\":{\"@id\":\"https:\/\/sites.uef.fi\/coexist\/?lang=fi\/#website\"},\"primaryImageOfPage\":{\"@id\":\"https:\/\/sites.uef.fi\/coexist\/?lang=fi#primaryimage\"},\"image\":{\"@id\":\"https:\/\/sites.uef.fi\/coexist\/?lang=fi#primaryimage\"},\"thumbnailUrl\":\"https:\/\/sites.uef.fi\/coexist\/wp-content\/uploads\/sites\/196\/2020\/10\/CoExist_logo_round_214px.png\",\"datePublished\":\"2020-10-06T12:02:56+00:00\",\"dateModified\":\"2022-03-31T08:37:30+00:00\",\"breadcrumb\":{\"@id\":\"https:\/\/sites.uef.fi\/coexist\/?lang=fi#breadcrumb\"},\"inLanguage\":\"en-US\",\"potentialAction\":[{\"@type\":\"ReadAction\",\"target\":[\"https:\/\/sites.uef.fi\/coexist\/?lang=fi\"]}]},{\"@type\":\"ImageObject\",\"inLanguage\":\"en-US\",\"@id\":\"https:\/\/sites.uef.fi\/coexist\/?lang=fi#primaryimage\",\"url\":\"https:\/\/sites.uef.fi\/coexist\/wp-content\/uploads\/sites\/196\/2020\/10\/CoExist_logo_round_214px.png\",\"contentUrl\":\"https:\/\/sites.uef.fi\/coexist\/wp-content\/uploads\/sites\/196\/2020\/10\/CoExist_logo_round_214px.png\",\"width\":214,\"height\":216},{\"@type\":\"BreadcrumbList\",\"@id\":\"https:\/\/sites.uef.fi\/coexist\/?lang=fi#breadcrumb\",\"itemListElement\":[{\"@type\":\"ListItem\",\"position\":1,\"name\":\"Home\",\"item\":\"https:\/\/sites.uef.fi\/coexist\/\"},{\"@type\":\"ListItem\",\"position\":2,\"name\":\"Etusivu\"}]},{\"@type\":\"WebSite\",\"@id\":\"https:\/\/sites.uef.fi\/coexist\/?lang=fi\/#website\",\"url\":\"https:\/\/sites.uef.fi\/coexist\/?lang=fi\/\",\"name\":\"CoExist\",\"description\":\"\",\"potentialAction\":[{\"@type\":\"SearchAction\",\"target\":{\"@type\":\"EntryPoint\",\"urlTemplate\":\"https:\/\/sites.uef.fi\/coexist\/?lang=fi\/?s={search_term_string}\"},\"query-input\":{\"@type\":\"PropertyValueSpecification\",\"valueRequired\":true,\"valueName\":\"search_term_string\"}}],\"inLanguage\":\"en-US\"}]}<\/script>\n<!-- \/ Yoast SEO plugin. -->","yoast_head_json":{"title":"Etusivu - CoExist","robots":{"index":"index","follow":"follow","max-snippet":"max-snippet:-1","max-image-preview":"max-image-preview:large","max-video-preview":"max-video-preview:-1"},"canonical":"https:\/\/sites.uef.fi\/coexist\/?lang=fi","og_locale":"en_US","og_type":"article","og_title":"Etusivu - CoExist","og_description":"Towards sustainable coexistence of seals and humans CoExist on kolmivuotinen rajat ylitt\u00e4v\u00e4 yhteisty\u00f6hanke, jonka tavoitteena on edist\u00e4\u00e4 Suomen ja Ven\u00e4j\u00e4n j\u00e4rvinorppiin kohdistuvaa tutkimusyhteisty\u00f6t\u00e4 sek\u00e4 tiedon v\u00e4lityst\u00e4 eri sidosryhmille. Hanke kohdistuu erityisesti sek\u00e4 saimaan- ett\u00e4 laatokannorppien k\u00e4ytt\u00e4ytymisen tutkimukseen ja sit\u00e4 kautta ihmisen ja hylkeiden yhteiselon edist\u00e4miseen kouluttamisen ja tiedonvaihdon kautta. Hankkeen p\u00e4\u00e4toteuttaja on It\u00e4-Suomen yliopisto (FIN) [&hellip;]","og_url":"https:\/\/sites.uef.fi\/coexist\/?lang=fi","og_site_name":"CoExist","article_modified_time":"2022-03-31T08:37:30+00:00","og_image":[{"url":"https:\/\/sites.uef.fi\/coexist\/wp-content\/uploads\/sites\/196\/2020\/10\/CoExist_logo_round_214px.png","type":"","width":"","height":""}],"twitter_card":"summary_large_image","twitter_misc":{"Est. reading time":"1 minute"},"schema":{"@context":"https:\/\/schema.org","@graph":[{"@type":"WebPage","@id":"https:\/\/sites.uef.fi\/coexist\/?lang=fi","url":"https:\/\/sites.uef.fi\/coexist\/?lang=fi","name":"Etusivu - CoExist","isPartOf":{"@id":"https:\/\/sites.uef.fi\/coexist\/?lang=fi\/#website"},"primaryImageOfPage":{"@id":"https:\/\/sites.uef.fi\/coexist\/?lang=fi#primaryimage"},"image":{"@id":"https:\/\/sites.uef.fi\/coexist\/?lang=fi#primaryimage"},"thumbnailUrl":"https:\/\/sites.uef.fi\/coexist\/wp-content\/uploads\/sites\/196\/2020\/10\/CoExist_logo_round_214px.png","datePublished":"2020-10-06T12:02:56+00:00","dateModified":"2022-03-31T08:37:30+00:00","breadcrumb":{"@id":"https:\/\/sites.uef.fi\/coexist\/?lang=fi#breadcrumb"},"inLanguage":"en-US","potentialAction":[{"@type":"ReadAction","target":["https:\/\/sites.uef.fi\/coexist\/?lang=fi"]}]},{"@type":"ImageObject","inLanguage":"en-US","@id":"https:\/\/sites.uef.fi\/coexist\/?lang=fi#primaryimage","url":"https:\/\/sites.uef.fi\/coexist\/wp-content\/uploads\/sites\/196\/2020\/10\/CoExist_logo_round_214px.png","contentUrl":"https:\/\/sites.uef.fi\/coexist\/wp-content\/uploads\/sites\/196\/2020\/10\/CoExist_logo_round_214px.png","width":214,"height":216},{"@type":"BreadcrumbList","@id":"https:\/\/sites.uef.fi\/coexist\/?lang=fi#breadcrumb","itemListElement":[{"@type":"ListItem","position":1,"name":"Home","item":"https:\/\/sites.uef.fi\/coexist\/"},{"@type":"ListItem","position":2,"name":"Etusivu"}]},{"@type":"WebSite","@id":"https:\/\/sites.uef.fi\/coexist\/?lang=fi\/#website","url":"https:\/\/sites.uef.fi\/coexist\/?lang=fi\/","name":"CoExist","description":"","potentialAction":[{"@type":"SearchAction","target":{"@type":"EntryPoint","urlTemplate":"https:\/\/sites.uef.fi\/coexist\/?lang=fi\/?s={search_term_string}"},"query-input":{"@type":"PropertyValueSpecification","valueRequired":true,"valueName":"search_term_string"}}],"inLanguage":"en-US"}]}},"_links":{"self":[{"href":"https:\/\/sites.uef.fi\/coexist\/wp-json\/wp\/v2\/pages\/40","targetHints":{"allow":["GET"]}}],"collection":[{"href":"https:\/\/sites.uef.fi\/coexist\/wp-json\/wp\/v2\/pages"}],"about":[{"href":"https:\/\/sites.uef.fi\/coexist\/wp-json\/wp\/v2\/types\/page"}],"author":[{"embeddable":true,"href":"https:\/\/sites.uef.fi\/coexist\/wp-json\/wp\/v2\/users\/2"}],"replies":[{"embeddable":true,"href":"https:\/\/sites.uef.fi\/coexist\/wp-json\/wp\/v2\/comments?post=40"}],"version-history":[{"count":1,"href":"https:\/\/sites.uef.fi\/coexist\/wp-json\/wp\/v2\/pages\/40\/revisions"}],"predecessor-version":[{"id":2138,"href":"https:\/\/sites.uef.fi\/coexist\/wp-json\/wp\/v2\/pages\/40\/revisions\/2138"}],"wp:attachment":[{"href":"https:\/\/sites.uef.fi\/coexist\/wp-json\/wp\/v2\/media?parent=40"}],"curies":[{"name":"wp","href":"https:\/\/api.w.org\/{rel}","templated":true}]}}