{"id":90,"date":"2025-01-13T09:32:04","date_gmt":"2025-01-13T07:32:04","guid":{"rendered":"https:\/\/sites.uef.fi\/disturbance-ecology\/?page_id=90"},"modified":"2025-04-23T15:59:21","modified_gmt":"2025-04-23T13:59:21","slug":"8th-fennoscandian-dendrochronological-fieldweek","status":"publish","type":"page","link":"https:\/\/sites.uef.fi\/disturbance-ecology\/8th-fennoscandian-dendrochronological-fieldweek\/","title":{"rendered":"8th Fennoscandian Dendrochronological Fieldweek"},"content":{"rendered":"\n<h2 class=\"wp-block-heading\"><strong>June 8-13, 2025, Petkelj\u00e4rvi National Park, Finland <\/strong><\/h2>\n\n\n\n<p>Dendrochronology, the study of tree rings utilizes the variety of information stored in the annual rings in trees to study timings of events, or environmental conditions over time. Through its ability to provide accurate temporal records, dendrochronology serves as a vital tool for understanding Earth&#8217;s history and the interactions between ecosystems and humans.<\/p>\n\n\n\n<p>The eighth Fennoscandian Dendrochronological Fieldweek will be arranged in the scenic old-growth pine forests of Petkelj\u00e4rvi National Park, North Karelia, Finland. This intensive course offers a one-week program aiming to provide participants with a working knowledge of dendrochronological methods, or to deepen their understanding of various dendrochronological applications. Through a combination of lectures and discussions, fieldwork, and laboratory analyses course participants will explore the principles and techniques of tree ring research in detail. By the end of the course, participants will be able to apply the techniques learnt on the course to their own research.<\/p>\n\n\n\n<p>After the course, we will arrange an option to travel from Joensuu to Ume\u00e5, to participate the TRACE 2025 conference.<\/p>\n\n\n\n<figure class=\"wp-block-image size-large\"><img loading=\"lazy\" decoding=\"async\" width=\"1024\" height=\"657\" src=\"https:\/\/sites.uef.fi\/disturbance-ecology\/wp-content\/uploads\/sites\/539\/2025\/02\/Petkeljarvi-Petraniemi-piha-alue-ilmakuva_mod-1024x657.jpg\" alt=\"\" class=\"wp-image-147\" srcset=\"https:\/\/sites.uef.fi\/disturbance-ecology\/wp-content\/uploads\/sites\/539\/2025\/02\/Petkeljarvi-Petraniemi-piha-alue-ilmakuva_mod-1024x657.jpg 1024w, https:\/\/sites.uef.fi\/disturbance-ecology\/wp-content\/uploads\/sites\/539\/2025\/02\/Petkeljarvi-Petraniemi-piha-alue-ilmakuva_mod-300x193.jpg 300w, https:\/\/sites.uef.fi\/disturbance-ecology\/wp-content\/uploads\/sites\/539\/2025\/02\/Petkeljarvi-Petraniemi-piha-alue-ilmakuva_mod-768x493.jpg 768w, https:\/\/sites.uef.fi\/disturbance-ecology\/wp-content\/uploads\/sites\/539\/2025\/02\/Petkeljarvi-Petraniemi-piha-alue-ilmakuva_mod-1536x986.jpg 1536w, https:\/\/sites.uef.fi\/disturbance-ecology\/wp-content\/uploads\/sites\/539\/2025\/02\/Petkeljarvi-Petraniemi-piha-alue-ilmakuva_mod-2048x1314.jpg 2048w\" sizes=\"auto, (max-width: 1024px) 100vw, 1024px\" \/><figcaption class=\"wp-element-caption\">The course is arranged in the Petkelj\u00e4rvi Center, in the easternmost part of Finland. Photo by Arto V\u00e4\u00e4n\u00e4nen, (c) Petkelj\u00e4rvi Center. <\/figcaption><\/figure>\n\n\n\n<h4 class=\"wp-block-heading\">Important dates<\/h4>\n\n\n\n<ul class=\"wp-block-list\">\n<li>April 13, registration closes (see below)<\/li>\n\n\n\n<li>June 8, 15.00: Departure from Joensuu train station towards Petkelj\u00e4rvi Center<\/li>\n\n\n\n<li>June 8-13: Lectures, fieldwork, laboratory work, and data analysis in Petkelj\u00e4rvi National Park and the surroundings<\/li>\n\n\n\n<li>June 13, 17.30: Return to Joensuu train station<\/li>\n\n\n\n<li>June 14 (tentative): Travel to Ume\u00e5, for the TRACE2025-conference (more information after registration closes)<\/li>\n<\/ul>\n\n\n\n<h4 class=\"wp-block-heading\">Course organizers<\/h4>\n\n\n\n<ul class=\"wp-block-list\">\n<li>Tuomas Aakala, University of Eastern Finland (course coordinator, contact: tuomas.aakala@uef.fi)<\/li>\n\n\n\n<li>Shawn Fraver, University of Maine, USA<\/li>\n\n\n\n<li>Igor Drobyshev, Swedish University of Agricultural Sciences<\/li>\n\n\n\n<li>Jennie Sandstr\u00f6m, Mid-Sweden University<\/li>\n\n\n\n<li>Ken Olaf Storaunet, Norwegian Institute of Bioeconomy Research<\/li>\n<\/ul>\n\n\n\n<p>The course is organized by the University of Eastern Finland, in collaboration with Swedish University of Agricultural Sciences, and is part of the Nordic NOVA-university network. <\/p>\n\n\n\n<h4 class=\"wp-block-heading\">Course fee and registration<\/h4>\n\n\n\n<p>There is no course fee, but participants are expected to cover their accommodation and meals during the week (ca. 250\u20ac), as well as travel to and from the city of Joensuu.<\/p>\n\n\n\n<p>The course is intended primarily for PhD students, working on or planning to work with tree rings. For logistics reasons, we have a maximum number of 20 participants.<\/p>\n\n\n\n<p>We look forward to seeing you in North Karelia in June!<\/p>\n\n\n\n<figure class=\"wp-block-image size-large\"><img decoding=\"async\" src=\"https:\/\/sites.uef.fi\/disturbance-ecology\/wp-content\/uploads\/sites\/539\/2025\/01\/1000026860_edited-1024x802.jpg\" alt=\"\" class=\"wp-image-97\" \/><\/figure>\n\n\n\n<p><\/p>\n","protected":false},"excerpt":{"rendered":"<p>June 8-13, 2025, Petkelj\u00e4rvi National Park, Finland Dendrochronology, the study of tree rings utilizes the variety of information stored in the annual rings in trees to study timings of events, or environmental conditions over time. Through its ability to provide accurate temporal records, dendrochronology serves as a vital tool for understanding Earth&#8217;s history and the [&hellip;]<\/p>\n","protected":false},"author":853,"featured_media":0,"parent":0,"menu_order":0,"comment_status":"closed","ping_status":"closed","template":"","meta":{"_acf_changed":false,"footnotes":""},"class_list":["post-90","page","type-page","status-publish","hentry"],"acf":[],"yoast_head":"<!-- This site is optimized with the Yoast SEO plugin v27.3 - https:\/\/yoast.com\/product\/yoast-seo-wordpress\/ -->\n<title>8th Fennoscandian Dendrochronological Fieldweek<\/title>\n<meta name=\"description\" content=\"The eighth Fennoscandian Dendrochronological Fieldweek will be arranged in the scenic old-growth pine forests of Petkelj\u00e4rvi National Park, North Karelia, Finland, June 8-13. The course offers a one-week program aiming to provide participants with a working knowledge of dendrochronological methods, through a combination of lectures, discussions, fieldwork, and laboratory analyses.\" \/>\n<meta name=\"robots\" content=\"index, follow, max-snippet:-1, max-image-preview:large, max-video-preview:-1\" \/>\n<link rel=\"canonical\" href=\"https:\/\/sites.uef.fi\/disturbance-ecology\/8th-fennoscandian-dendrochronological-fieldweek\/\" \/>\n<meta property=\"og:locale\" content=\"en_US\" \/>\n<meta property=\"og:type\" content=\"article\" \/>\n<meta property=\"og:title\" content=\"8th Fennoscandian Dendrochronological Fieldweek\" \/>\n<meta property=\"og:description\" content=\"The eighth Fennoscandian Dendrochronological Fieldweek will be arranged in the scenic old-growth pine forests of Petkelj\u00e4rvi National Park, North Karelia, Finland, June 8-13. The course offers a one-week program aiming to provide participants with a working knowledge of dendrochronological methods, through a combination of lectures, discussions, fieldwork, and laboratory analyses.\" \/>\n<meta property=\"og:url\" content=\"https:\/\/sites.uef.fi\/disturbance-ecology\/8th-fennoscandian-dendrochronological-fieldweek\/\" \/>\n<meta property=\"og:site_name\" content=\"Forest Disturbance Ecology - University of Eastern Finland\" \/>\n<meta property=\"article:modified_time\" content=\"2025-04-23T13:59:21+00:00\" \/>\n<meta property=\"og:image\" content=\"https:\/\/sites.uef.fi\/disturbance-ecology\/wp-content\/uploads\/sites\/539\/2025\/01\/1000026860_edited-scaled-e1745411438630.jpg\" \/>\n\t<meta property=\"og:image:width\" content=\"2560\" \/>\n\t<meta property=\"og:image:height\" content=\"1148\" \/>\n\t<meta property=\"og:image:type\" content=\"image\/jpeg\" \/>\n<meta name=\"twitter:card\" content=\"summary_large_image\" \/>\n<meta name=\"twitter:label1\" content=\"Est. reading time\" \/>\n\t<meta name=\"twitter:data1\" content=\"4 minutes\" \/>\n<script type=\"application\/ld+json\" class=\"yoast-schema-graph\">{\"@context\":\"https:\\\/\\\/schema.org\",\"@graph\":[{\"@type\":\"WebPage\",\"@id\":\"https:\\\/\\\/sites.uef.fi\\\/disturbance-ecology\\\/8th-fennoscandian-dendrochronological-fieldweek\\\/\",\"url\":\"https:\\\/\\\/sites.uef.fi\\\/disturbance-ecology\\\/8th-fennoscandian-dendrochronological-fieldweek\\\/\",\"name\":\"8th Fennoscandian Dendrochronological Fieldweek\",\"isPartOf\":{\"@id\":\"https:\\\/\\\/sites.uef.fi\\\/disturbance-ecology\\\/#website\"},\"primaryImageOfPage\":{\"@id\":\"https:\\\/\\\/sites.uef.fi\\\/disturbance-ecology\\\/8th-fennoscandian-dendrochronological-fieldweek\\\/#primaryimage\"},\"image\":{\"@id\":\"https:\\\/\\\/sites.uef.fi\\\/disturbance-ecology\\\/8th-fennoscandian-dendrochronological-fieldweek\\\/#primaryimage\"},\"thumbnailUrl\":\"https:\\\/\\\/sites.uef.fi\\\/disturbance-ecology\\\/wp-content\\\/uploads\\\/sites\\\/539\\\/2025\\\/02\\\/Petkeljarvi-Petraniemi-piha-alue-ilmakuva_mod-1024x657.jpg\",\"datePublished\":\"2025-01-13T07:32:04+00:00\",\"dateModified\":\"2025-04-23T13:59:21+00:00\",\"description\":\"The eighth Fennoscandian Dendrochronological Fieldweek will be arranged in the scenic old-growth pine forests of Petkelj\u00e4rvi National Park, North Karelia, Finland, June 8-13. The course offers a one-week program aiming to provide participants with a working knowledge of dendrochronological methods, through a combination of lectures, discussions, fieldwork, and laboratory analyses.\",\"breadcrumb\":{\"@id\":\"https:\\\/\\\/sites.uef.fi\\\/disturbance-ecology\\\/8th-fennoscandian-dendrochronological-fieldweek\\\/#breadcrumb\"},\"inLanguage\":\"en-US\",\"potentialAction\":[{\"@type\":\"ReadAction\",\"target\":[\"https:\\\/\\\/sites.uef.fi\\\/disturbance-ecology\\\/8th-fennoscandian-dendrochronological-fieldweek\\\/\"]}]},{\"@type\":\"ImageObject\",\"inLanguage\":\"en-US\",\"@id\":\"https:\\\/\\\/sites.uef.fi\\\/disturbance-ecology\\\/8th-fennoscandian-dendrochronological-fieldweek\\\/#primaryimage\",\"url\":\"https:\\\/\\\/sites.uef.fi\\\/disturbance-ecology\\\/wp-content\\\/uploads\\\/sites\\\/539\\\/2025\\\/02\\\/Petkeljarvi-Petraniemi-piha-alue-ilmakuva_mod-scaled.jpg\",\"contentUrl\":\"https:\\\/\\\/sites.uef.fi\\\/disturbance-ecology\\\/wp-content\\\/uploads\\\/sites\\\/539\\\/2025\\\/02\\\/Petkeljarvi-Petraniemi-piha-alue-ilmakuva_mod-scaled.jpg\",\"width\":2560,\"height\":1643},{\"@type\":\"BreadcrumbList\",\"@id\":\"https:\\\/\\\/sites.uef.fi\\\/disturbance-ecology\\\/8th-fennoscandian-dendrochronological-fieldweek\\\/#breadcrumb\",\"itemListElement\":[{\"@type\":\"ListItem\",\"position\":1,\"name\":\"Home\",\"item\":\"https:\\\/\\\/sites.uef.fi\\\/disturbance-ecology\\\/\"},{\"@type\":\"ListItem\",\"position\":2,\"name\":\"8th Fennoscandian Dendrochronological Fieldweek\"}]},{\"@type\":\"WebSite\",\"@id\":\"https:\\\/\\\/sites.uef.fi\\\/disturbance-ecology\\\/#website\",\"url\":\"https:\\\/\\\/sites.uef.fi\\\/disturbance-ecology\\\/\",\"name\":\"Forest Disturbance Ecology - University of Eastern Finland\",\"description\":\"\",\"potentialAction\":[{\"@type\":\"SearchAction\",\"target\":{\"@type\":\"EntryPoint\",\"urlTemplate\":\"https:\\\/\\\/sites.uef.fi\\\/disturbance-ecology\\\/?s={search_term_string}\"},\"query-input\":{\"@type\":\"PropertyValueSpecification\",\"valueRequired\":true,\"valueName\":\"search_term_string\"}}],\"inLanguage\":\"en-US\"}]}<\/script>\n<!-- \/ Yoast SEO plugin. -->","yoast_head_json":{"title":"8th Fennoscandian Dendrochronological Fieldweek","description":"The eighth Fennoscandian Dendrochronological Fieldweek will be arranged in the scenic old-growth pine forests of Petkelj\u00e4rvi National Park, North Karelia, Finland, June 8-13. The course offers a one-week program aiming to provide participants with a working knowledge of dendrochronological methods, through a combination of lectures, discussions, fieldwork, and laboratory analyses.","robots":{"index":"index","follow":"follow","max-snippet":"max-snippet:-1","max-image-preview":"max-image-preview:large","max-video-preview":"max-video-preview:-1"},"canonical":"https:\/\/sites.uef.fi\/disturbance-ecology\/8th-fennoscandian-dendrochronological-fieldweek\/","og_locale":"en_US","og_type":"article","og_title":"8th Fennoscandian Dendrochronological Fieldweek","og_description":"The eighth Fennoscandian Dendrochronological Fieldweek will be arranged in the scenic old-growth pine forests of Petkelj\u00e4rvi National Park, North Karelia, Finland, June 8-13. The course offers a one-week program aiming to provide participants with a working knowledge of dendrochronological methods, through a combination of lectures, discussions, fieldwork, and laboratory analyses.","og_url":"https:\/\/sites.uef.fi\/disturbance-ecology\/8th-fennoscandian-dendrochronological-fieldweek\/","og_site_name":"Forest Disturbance Ecology - University of Eastern Finland","article_modified_time":"2025-04-23T13:59:21+00:00","og_image":[{"width":2560,"height":1148,"url":"https:\/\/sites.uef.fi\/disturbance-ecology\/wp-content\/uploads\/sites\/539\/2025\/01\/1000026860_edited-scaled-e1745411438630.jpg","type":"image\/jpeg"}],"twitter_card":"summary_large_image","twitter_misc":{"Est. reading time":"4 minutes"},"schema":{"@context":"https:\/\/schema.org","@graph":[{"@type":"WebPage","@id":"https:\/\/sites.uef.fi\/disturbance-ecology\/8th-fennoscandian-dendrochronological-fieldweek\/","url":"https:\/\/sites.uef.fi\/disturbance-ecology\/8th-fennoscandian-dendrochronological-fieldweek\/","name":"8th Fennoscandian Dendrochronological Fieldweek","isPartOf":{"@id":"https:\/\/sites.uef.fi\/disturbance-ecology\/#website"},"primaryImageOfPage":{"@id":"https:\/\/sites.uef.fi\/disturbance-ecology\/8th-fennoscandian-dendrochronological-fieldweek\/#primaryimage"},"image":{"@id":"https:\/\/sites.uef.fi\/disturbance-ecology\/8th-fennoscandian-dendrochronological-fieldweek\/#primaryimage"},"thumbnailUrl":"https:\/\/sites.uef.fi\/disturbance-ecology\/wp-content\/uploads\/sites\/539\/2025\/02\/Petkeljarvi-Petraniemi-piha-alue-ilmakuva_mod-1024x657.jpg","datePublished":"2025-01-13T07:32:04+00:00","dateModified":"2025-04-23T13:59:21+00:00","description":"The eighth Fennoscandian Dendrochronological Fieldweek will be arranged in the scenic old-growth pine forests of Petkelj\u00e4rvi National Park, North Karelia, Finland, June 8-13. The course offers a one-week program aiming to provide participants with a working knowledge of dendrochronological methods, through a combination of lectures, discussions, fieldwork, and laboratory analyses.","breadcrumb":{"@id":"https:\/\/sites.uef.fi\/disturbance-ecology\/8th-fennoscandian-dendrochronological-fieldweek\/#breadcrumb"},"inLanguage":"en-US","potentialAction":[{"@type":"ReadAction","target":["https:\/\/sites.uef.fi\/disturbance-ecology\/8th-fennoscandian-dendrochronological-fieldweek\/"]}]},{"@type":"ImageObject","inLanguage":"en-US","@id":"https:\/\/sites.uef.fi\/disturbance-ecology\/8th-fennoscandian-dendrochronological-fieldweek\/#primaryimage","url":"https:\/\/sites.uef.fi\/disturbance-ecology\/wp-content\/uploads\/sites\/539\/2025\/02\/Petkeljarvi-Petraniemi-piha-alue-ilmakuva_mod-scaled.jpg","contentUrl":"https:\/\/sites.uef.fi\/disturbance-ecology\/wp-content\/uploads\/sites\/539\/2025\/02\/Petkeljarvi-Petraniemi-piha-alue-ilmakuva_mod-scaled.jpg","width":2560,"height":1643},{"@type":"BreadcrumbList","@id":"https:\/\/sites.uef.fi\/disturbance-ecology\/8th-fennoscandian-dendrochronological-fieldweek\/#breadcrumb","itemListElement":[{"@type":"ListItem","position":1,"name":"Home","item":"https:\/\/sites.uef.fi\/disturbance-ecology\/"},{"@type":"ListItem","position":2,"name":"8th Fennoscandian Dendrochronological Fieldweek"}]},{"@type":"WebSite","@id":"https:\/\/sites.uef.fi\/disturbance-ecology\/#website","url":"https:\/\/sites.uef.fi\/disturbance-ecology\/","name":"Forest Disturbance Ecology - University of Eastern Finland","description":"","potentialAction":[{"@type":"SearchAction","target":{"@type":"EntryPoint","urlTemplate":"https:\/\/sites.uef.fi\/disturbance-ecology\/?s={search_term_string}"},"query-input":{"@type":"PropertyValueSpecification","valueRequired":true,"valueName":"search_term_string"}}],"inLanguage":"en-US"}]}},"_links":{"self":[{"href":"https:\/\/sites.uef.fi\/disturbance-ecology\/wp-json\/wp\/v2\/pages\/90","targetHints":{"allow":["GET"]}}],"collection":[{"href":"https:\/\/sites.uef.fi\/disturbance-ecology\/wp-json\/wp\/v2\/pages"}],"about":[{"href":"https:\/\/sites.uef.fi\/disturbance-ecology\/wp-json\/wp\/v2\/types\/page"}],"author":[{"embeddable":true,"href":"https:\/\/sites.uef.fi\/disturbance-ecology\/wp-json\/wp\/v2\/users\/853"}],"replies":[{"embeddable":true,"href":"https:\/\/sites.uef.fi\/disturbance-ecology\/wp-json\/wp\/v2\/comments?post=90"}],"version-history":[{"count":2,"href":"https:\/\/sites.uef.fi\/disturbance-ecology\/wp-json\/wp\/v2\/pages\/90\/revisions"}],"predecessor-version":[{"id":210,"href":"https:\/\/sites.uef.fi\/disturbance-ecology\/wp-json\/wp\/v2\/pages\/90\/revisions\/210"}],"wp:attachment":[{"href":"https:\/\/sites.uef.fi\/disturbance-ecology\/wp-json\/wp\/v2\/media?parent=90"}],"curies":[{"name":"wp","href":"https:\/\/api.w.org\/{rel}","templated":true}]}}