{"id":545,"date":"2023-09-28T11:12:10","date_gmt":"2023-09-28T08:12:10","guid":{"rendered":"https:\/\/sites.uef.fi\/drd-hum-2024\/?page_id=545"},"modified":"2024-12-09T12:37:35","modified_gmt":"2024-12-09T09:37:35","slug":"organizers","status":"publish","type":"page","link":"https:\/\/sites.uef.fi\/drd-hum-2024\/organizers\/","title":{"rendered":"Organisers and Scientific Committee"},"content":{"rendered":"\n<h2 class=\"wp-block-heading\">Organisers<\/h2>\n\n\n\n<p><a href=\"https:\/\/uefconnect.uef.fi\/en\/person\/michael.pace-sigge\/\" target=\"_blank\" rel=\"noreferrer noopener\">Michael Pace-Sigge<\/a> (School of Humanities), chair<br><a href=\"https:\/\/uefconnect.uef.fi\/en\/person\/antti.harkonen\/\" target=\"_blank\" rel=\"noreferrer noopener\">Antti H\u00e4rk\u00f6nen<\/a> (Department of Geographical and Historical Studies)<br><a href=\"https:\/\/uefconnect.uef.fi\/en\/person\/kati.launis\/\" target=\"_blank\" rel=\"noreferrer noopener\">Kati Launis<\/a> (School of Humanities)<br><a href=\"https:\/\/uefconnect.uef.fi\/en\/person\/jenni.merovuo\/\" target=\"_blank\" rel=\"noreferrer noopener\">Jenni Merovuo<\/a> (Karelian Institute)<br><a href=\"https:\/\/uefconnect.uef.fi\/en\/person\/chunyuan.nie\/\" target=\"_blank\" rel=\"noreferrer noopener\">Chunyuan Nie<\/a> (School of Humanities)<br><a href=\"https:\/\/uefconnect.uef.fi\/en\/person\/alexandre.nikolaev\/\" target=\"_blank\" rel=\"noreferrer noopener\">Alexandre Nikolaev<\/a> (School of Humanities)<br><a href=\"https:\/\/uefconnect.uef.fi\/en\/person\/temitayo.olatoye\/\" target=\"_blank\" rel=\"noreferrer noopener\">Temitayo Olatoye<\/a> (School of Humanities)<br><a href=\"https:\/\/uefconnect.uef.fi\/en\/person\/michael.riesler\/\" target=\"_blank\" rel=\"noreferrer noopener\">Michael Rie\u00dfler<\/a> (School of Humanities)<br><a href=\"https:\/\/uefconnect.uef.fi\/en\/person\/satu.saalasti\/\" target=\"_blank\" rel=\"noreferrer noopener\">Satu Saalasti<\/a> (School of Humanities)<br><a href=\"https:\/\/uefconnect.uef.fi\/en\/person\/irene.taipale\/\" target=\"_blank\" rel=\"noreferrer noopener\">Irene Taipale<\/a> (Foreign Languages and Translation Studies)<br><a href=\"https:\/\/uefconnect.uef.fi\/en\/person\/juhana.venalainen\/\" target=\"_blank\" rel=\"noreferrer noopener\">Juhana Ven\u00e4l\u00e4inen<\/a> (School of Humanities)<\/p>\n\n\n\n<p><\/p>\n\n\n\n<h2 class=\"wp-block-heading\">Scientific committee<\/h2>\n\n\n\n<p>Linda Bawcom University of Liverpool, UK<br>Costas Gabrielatos Edge Hill University, UK<br>Tiina Eilitt\u00e4 University of Oulu, Fi<br>Kimmo Elo University of Turku, Fi<br>Antti H\u00e4rk\u00f6nen University of Eastern Finland<br>Kerttu Huttunen University of Oulu, Fi<br>Jarmo H. Jantunen University of Jyv\u00e4skyl\u00e4, Fi<br>Kakia Petinou Cyprus University of Technology<br>Leo M Lahti University of Turku, Fi<br>Veronika Laippala University of Turku, Fi<br>Kati Launis University of Eastern Finland<br>Mietta Lennes University of Helsinki, Fi<br>Anna-Leena Martikainen<br>Jenni Merovuo University of Eastern Finland<br>University of Eastern Finland<br>Chunyuan Nie University of Eastern Finland<br>Alexandre Nikolaev University of Eastern Finland<br>Temitayo Olatoye University of Eastern Finland<br>Katie J. Patterson University of Granada, Es<br>Michael T.L. Pace-Sigge University of Eastern Finland<br>Iira Rautiainen University of Oulu, Fi <\/p>\n\n\n\n<p>Michael Rie\u00dfler, University of Eastern Finland<br>Satu Saalasti University of Eastern Finland<br>Tuija Saresma University of Eastern Finland<br>Osma Suominen University of Helsinki, Fi<br>Eva St\u00e5hlberg-Fors\u00e9n University of Helsinki, Fi<br>Irene Taipale University of Eastern Finland<br>Risto Turunen University of Helsinki, Fi<br>Juhana Ven\u00e4l\u00e4inen University of Eastern Finland<br>Marco Venuti University of Catania, It<br>Joshua Wilbur University of Tartu, Fi<\/p>\n\n\n\n<p><\/p>\n\n\n\n<h2 class=\"wp-block-heading\">Conference Organisation Assistant<\/h2>\n\n\n\n<p>Sanni-Maaria Puustinen<\/p>\n\n\n\n<p><\/p>\n\n\n\n<h2 class=\"wp-block-heading\">Round Table Panel<\/h2>\n\n\n\n<p><a href=\"https:\/\/int-act.aalto.fi\/\">Inkeri Aula, Aalto University<\/a><br><a href=\"https:\/\/uni-tuebingen.de\/en\/faculties\/faculty-of-humanities\/departments\/modern-languages\/department-of-linguistics\/chairs\/quantitative-linguistics\/staff\/harald-baayen\/\">Harald Baayen, T\u00fcbingen University<\/a><br>Sanna Joska, Finnish National Archives<br><a href=\"https:\/\/www.utu.fi\/en\/people\/leo-lahti?page=4\">Leo Lahti, University of Turku<\/a><br><a href=\"https:\/\/www.utu.fi\/en\/people\/veronika-laippala?sort_by=field_publication_date_value&amp;page=1\">Veronika Laippala, University of Turku<\/a><br><a href=\"https:\/\/researchportal.helsinki.fi\/en\/persons\/mikko-tolonen\">Mikko Tolonen, University of Helsinki<\/a><\/p>\n\n\n\n<h2 class=\"wp-block-heading\">Conference Student Assistants<\/h2>\n\n\n\n<p>Anni Aikio, Bahadir Hidmoglu, Albert James, Sulari Jaylath, Tahir Khan, Minna K\u00e4\u00e4rinen, Meri Kinnunen, Petriina Lahtinen, Samuel Luukanen, Joonas Luukkonen, Ronja Mikkonen, Helen Pickering, Reza Saberi &amp; Mariam Valizadeh.<\/p>\n\n\n\n<p><\/p>\n\n\n\n<p><em>\u00a9 Design of the visual theme: Michael Pace-Sigge<\/em><\/p>\n\n\n\n<figure class=\"wp-block-image size-large\"><img loading=\"lazy\" decoding=\"async\" width=\"1024\" height=\"768\" src=\"https:\/\/sites.uef.fi\/drd-hum-2024\/wp-content\/uploads\/sites\/422\/2023\/08\/tOWNHALL-id-1024x768.jpg\" alt=\"\" class=\"wp-image-250\" srcset=\"https:\/\/sites.uef.fi\/drd-hum-2024\/wp-content\/uploads\/sites\/422\/2023\/08\/tOWNHALL-id-1024x768.jpg 1024w, https:\/\/sites.uef.fi\/drd-hum-2024\/wp-content\/uploads\/sites\/422\/2023\/08\/tOWNHALL-id-300x225.jpg 300w, https:\/\/sites.uef.fi\/drd-hum-2024\/wp-content\/uploads\/sites\/422\/2023\/08\/tOWNHALL-id-768x576.jpg 768w, https:\/\/sites.uef.fi\/drd-hum-2024\/wp-content\/uploads\/sites\/422\/2023\/08\/tOWNHALL-id-1536x1152.jpg 1536w, https:\/\/sites.uef.fi\/drd-hum-2024\/wp-content\/uploads\/sites\/422\/2023\/08\/tOWNHALL-id.jpg 2016w\" sizes=\"auto, (max-width: 1024px) 100vw, 1024px\" \/><\/figure>\n","protected":false},"excerpt":{"rendered":"<p>Organisers Michael Pace-Sigge (School of Humanities), chairAntti H\u00e4rk\u00f6nen (Department of Geographical and Historical Studies)Kati Launis (School of Humanities)Jenni Merovuo (Karelian Institute)Chunyuan Nie (School of Humanities)Alexandre Nikolaev (School of Humanities)Temitayo Olatoye (School of Humanities)Michael Rie\u00dfler (School of Humanities)Satu Saalasti (School of Humanities)Irene Taipale (Foreign Languages and Translation Studies)Juhana Ven\u00e4l\u00e4inen (School of Humanities) Scientific committee Linda Bawcom [&hellip;]<\/p>\n","protected":false},"author":980,"featured_media":0,"parent":0,"menu_order":0,"comment_status":"closed","ping_status":"closed","template":"","meta":{"_acf_changed":false,"footnotes":""},"class_list":["post-545","page","type-page","status-publish","hentry"],"acf":[],"yoast_head":"<!-- This site is optimized with the Yoast SEO plugin v27.1.1 - https:\/\/yoast.com\/product\/yoast-seo-wordpress\/ -->\n<title>Organisers and Scientific Committee - Digital Research Data and Human Sciences (DRDHum) 2024<\/title>\n<meta name=\"robots\" content=\"index, follow, max-snippet:-1, max-image-preview:large, max-video-preview:-1\" \/>\n<link rel=\"canonical\" href=\"https:\/\/sites.uef.fi\/drd-hum-2024\/organizers\/\" \/>\n<meta property=\"og:locale\" content=\"en_US\" \/>\n<meta property=\"og:type\" content=\"article\" \/>\n<meta property=\"og:title\" content=\"Organisers and Scientific Committee - Digital Research Data and Human Sciences (DRDHum) 2024\" \/>\n<meta property=\"og:description\" content=\"Organisers Michael Pace-Sigge (School of Humanities), chairAntti H\u00e4rk\u00f6nen (Department of Geographical and Historical Studies)Kati Launis (School of Humanities)Jenni Merovuo (Karelian Institute)Chunyuan Nie (School of Humanities)Alexandre Nikolaev (School of Humanities)Temitayo Olatoye (School of Humanities)Michael Rie\u00dfler (School of Humanities)Satu Saalasti (School of Humanities)Irene Taipale (Foreign Languages and Translation Studies)Juhana Ven\u00e4l\u00e4inen (School of Humanities) Scientific committee Linda Bawcom [&hellip;]\" \/>\n<meta property=\"og:url\" content=\"https:\/\/sites.uef.fi\/drd-hum-2024\/organizers\/\" \/>\n<meta property=\"og:site_name\" content=\"Digital Research Data and Human Sciences (DRDHum) 2024\" \/>\n<meta property=\"article:modified_time\" content=\"2024-12-09T09:37:35+00:00\" \/>\n<meta property=\"og:image\" content=\"https:\/\/sites.uef.fi\/drd-hum-2024\/wp-content\/uploads\/sites\/422\/2023\/08\/tOWNHALL-id.jpg\" \/>\n\t<meta property=\"og:image:width\" content=\"2016\" \/>\n\t<meta property=\"og:image:height\" content=\"1512\" \/>\n\t<meta property=\"og:image:type\" content=\"image\/jpeg\" \/>\n<meta name=\"twitter:card\" content=\"summary_large_image\" \/>\n<meta name=\"twitter:label1\" content=\"Est. reading time\" \/>\n\t<meta name=\"twitter:data1\" content=\"2 minutes\" \/>\n<script type=\"application\/ld+json\" class=\"yoast-schema-graph\">{\"@context\":\"https:\/\/schema.org\",\"@graph\":[{\"@type\":\"WebPage\",\"@id\":\"https:\/\/sites.uef.fi\/drd-hum-2024\/organizers\/\",\"url\":\"https:\/\/sites.uef.fi\/drd-hum-2024\/organizers\/\",\"name\":\"Organisers and Scientific Committee - Digital Research Data and Human Sciences (DRDHum) 2024\",\"isPartOf\":{\"@id\":\"https:\/\/sites.uef.fi\/drd-hum-2024\/#website\"},\"primaryImageOfPage\":{\"@id\":\"https:\/\/sites.uef.fi\/drd-hum-2024\/organizers\/#primaryimage\"},\"image\":{\"@id\":\"https:\/\/sites.uef.fi\/drd-hum-2024\/organizers\/#primaryimage\"},\"thumbnailUrl\":\"https:\/\/sites.uef.fi\/drd-hum-2024\/wp-content\/uploads\/sites\/422\/2023\/08\/tOWNHALL-id-1024x768.jpg\",\"datePublished\":\"2023-09-28T08:12:10+00:00\",\"dateModified\":\"2024-12-09T09:37:35+00:00\",\"breadcrumb\":{\"@id\":\"https:\/\/sites.uef.fi\/drd-hum-2024\/organizers\/#breadcrumb\"},\"inLanguage\":\"en-US\",\"potentialAction\":[{\"@type\":\"ReadAction\",\"target\":[\"https:\/\/sites.uef.fi\/drd-hum-2024\/organizers\/\"]}]},{\"@type\":\"ImageObject\",\"inLanguage\":\"en-US\",\"@id\":\"https:\/\/sites.uef.fi\/drd-hum-2024\/organizers\/#primaryimage\",\"url\":\"https:\/\/sites.uef.fi\/drd-hum-2024\/wp-content\/uploads\/sites\/422\/2023\/08\/tOWNHALL-id.jpg\",\"contentUrl\":\"https:\/\/sites.uef.fi\/drd-hum-2024\/wp-content\/uploads\/sites\/422\/2023\/08\/tOWNHALL-id.jpg\",\"width\":2016,\"height\":1512},{\"@type\":\"BreadcrumbList\",\"@id\":\"https:\/\/sites.uef.fi\/drd-hum-2024\/organizers\/#breadcrumb\",\"itemListElement\":[{\"@type\":\"ListItem\",\"position\":1,\"name\":\"Home\",\"item\":\"https:\/\/sites.uef.fi\/drd-hum-2024\/\"},{\"@type\":\"ListItem\",\"position\":2,\"name\":\"Organisers and Scientific Committee\"}]},{\"@type\":\"WebSite\",\"@id\":\"https:\/\/sites.uef.fi\/drd-hum-2024\/#website\",\"url\":\"https:\/\/sites.uef.fi\/drd-hum-2024\/\",\"name\":\"Digital Research Data and Human Sciences (DRDHum) 2024\",\"description\":\"\",\"potentialAction\":[{\"@type\":\"SearchAction\",\"target\":{\"@type\":\"EntryPoint\",\"urlTemplate\":\"https:\/\/sites.uef.fi\/drd-hum-2024\/?s={search_term_string}\"},\"query-input\":{\"@type\":\"PropertyValueSpecification\",\"valueRequired\":true,\"valueName\":\"search_term_string\"}}],\"inLanguage\":\"en-US\"}]}<\/script>\n<!-- \/ Yoast SEO plugin. -->","yoast_head_json":{"title":"Organisers and Scientific Committee - Digital Research Data and Human Sciences (DRDHum) 2024","robots":{"index":"index","follow":"follow","max-snippet":"max-snippet:-1","max-image-preview":"max-image-preview:large","max-video-preview":"max-video-preview:-1"},"canonical":"https:\/\/sites.uef.fi\/drd-hum-2024\/organizers\/","og_locale":"en_US","og_type":"article","og_title":"Organisers and Scientific Committee - Digital Research Data and Human Sciences (DRDHum) 2024","og_description":"Organisers Michael Pace-Sigge (School of Humanities), chairAntti H\u00e4rk\u00f6nen (Department of Geographical and Historical Studies)Kati Launis (School of Humanities)Jenni Merovuo (Karelian Institute)Chunyuan Nie (School of Humanities)Alexandre Nikolaev (School of Humanities)Temitayo Olatoye (School of Humanities)Michael Rie\u00dfler (School of Humanities)Satu Saalasti (School of Humanities)Irene Taipale (Foreign Languages and Translation Studies)Juhana Ven\u00e4l\u00e4inen (School of Humanities) Scientific committee Linda Bawcom [&hellip;]","og_url":"https:\/\/sites.uef.fi\/drd-hum-2024\/organizers\/","og_site_name":"Digital Research Data and Human Sciences (DRDHum) 2024","article_modified_time":"2024-12-09T09:37:35+00:00","og_image":[{"width":2016,"height":1512,"url":"https:\/\/sites.uef.fi\/drd-hum-2024\/wp-content\/uploads\/sites\/422\/2023\/08\/tOWNHALL-id.jpg","type":"image\/jpeg"}],"twitter_card":"summary_large_image","twitter_misc":{"Est. reading time":"2 minutes"},"schema":{"@context":"https:\/\/schema.org","@graph":[{"@type":"WebPage","@id":"https:\/\/sites.uef.fi\/drd-hum-2024\/organizers\/","url":"https:\/\/sites.uef.fi\/drd-hum-2024\/organizers\/","name":"Organisers and Scientific Committee - Digital Research Data and Human Sciences (DRDHum) 2024","isPartOf":{"@id":"https:\/\/sites.uef.fi\/drd-hum-2024\/#website"},"primaryImageOfPage":{"@id":"https:\/\/sites.uef.fi\/drd-hum-2024\/organizers\/#primaryimage"},"image":{"@id":"https:\/\/sites.uef.fi\/drd-hum-2024\/organizers\/#primaryimage"},"thumbnailUrl":"https:\/\/sites.uef.fi\/drd-hum-2024\/wp-content\/uploads\/sites\/422\/2023\/08\/tOWNHALL-id-1024x768.jpg","datePublished":"2023-09-28T08:12:10+00:00","dateModified":"2024-12-09T09:37:35+00:00","breadcrumb":{"@id":"https:\/\/sites.uef.fi\/drd-hum-2024\/organizers\/#breadcrumb"},"inLanguage":"en-US","potentialAction":[{"@type":"ReadAction","target":["https:\/\/sites.uef.fi\/drd-hum-2024\/organizers\/"]}]},{"@type":"ImageObject","inLanguage":"en-US","@id":"https:\/\/sites.uef.fi\/drd-hum-2024\/organizers\/#primaryimage","url":"https:\/\/sites.uef.fi\/drd-hum-2024\/wp-content\/uploads\/sites\/422\/2023\/08\/tOWNHALL-id.jpg","contentUrl":"https:\/\/sites.uef.fi\/drd-hum-2024\/wp-content\/uploads\/sites\/422\/2023\/08\/tOWNHALL-id.jpg","width":2016,"height":1512},{"@type":"BreadcrumbList","@id":"https:\/\/sites.uef.fi\/drd-hum-2024\/organizers\/#breadcrumb","itemListElement":[{"@type":"ListItem","position":1,"name":"Home","item":"https:\/\/sites.uef.fi\/drd-hum-2024\/"},{"@type":"ListItem","position":2,"name":"Organisers and Scientific Committee"}]},{"@type":"WebSite","@id":"https:\/\/sites.uef.fi\/drd-hum-2024\/#website","url":"https:\/\/sites.uef.fi\/drd-hum-2024\/","name":"Digital Research Data and Human Sciences (DRDHum) 2024","description":"","potentialAction":[{"@type":"SearchAction","target":{"@type":"EntryPoint","urlTemplate":"https:\/\/sites.uef.fi\/drd-hum-2024\/?s={search_term_string}"},"query-input":{"@type":"PropertyValueSpecification","valueRequired":true,"valueName":"search_term_string"}}],"inLanguage":"en-US"}]}},"_links":{"self":[{"href":"https:\/\/sites.uef.fi\/drd-hum-2024\/wp-json\/wp\/v2\/pages\/545","targetHints":{"allow":["GET"]}}],"collection":[{"href":"https:\/\/sites.uef.fi\/drd-hum-2024\/wp-json\/wp\/v2\/pages"}],"about":[{"href":"https:\/\/sites.uef.fi\/drd-hum-2024\/wp-json\/wp\/v2\/types\/page"}],"author":[{"embeddable":true,"href":"https:\/\/sites.uef.fi\/drd-hum-2024\/wp-json\/wp\/v2\/users\/980"}],"replies":[{"embeddable":true,"href":"https:\/\/sites.uef.fi\/drd-hum-2024\/wp-json\/wp\/v2\/comments?post=545"}],"version-history":[{"count":2,"href":"https:\/\/sites.uef.fi\/drd-hum-2024\/wp-json\/wp\/v2\/pages\/545\/revisions"}],"predecessor-version":[{"id":1467,"href":"https:\/\/sites.uef.fi\/drd-hum-2024\/wp-json\/wp\/v2\/pages\/545\/revisions\/1467"}],"wp:attachment":[{"href":"https:\/\/sites.uef.fi\/drd-hum-2024\/wp-json\/wp\/v2\/media?parent=545"}],"curies":[{"name":"wp","href":"https:\/\/api.w.org\/{rel}","templated":true}]}}