{"id":124,"date":"2020-05-13T13:55:17","date_gmt":"2020-05-13T10:55:17","guid":{"rendered":"https:\/\/sites.uef.fi\/drug-targeting\/?page_id=124"},"modified":"2026-02-24T13:53:37","modified_gmt":"2026-02-24T11:53:37","slug":"intra-brain-targeting","status":"publish","type":"page","link":"https:\/\/sites.uef.fi\/drug-targeting\/projects\/intra-brain-targeting\/","title":{"rendered":"Intra-Brain Targeting"},"content":{"rendered":"\n<p>Solute Carriers (SLCs) are highly and selectively expressed in the brain in relation to other healthy tissues. For example, L-type Amino Acid Transporter 1 (LAT1), Organic Anion Transporting Polypeptides (OATPs), Monocarboxylate Transporters (MCTs), Organic Cation Transporters (OCTs) and Organic Anion Transporters (OATs) are highly and\/or selectively expressed on the blood-brain-barrier, and in certain brain cells, such as neurons, astrocytes, and microglia or in activated immune cells. Therefore, those transporters can be utilized for brain-targeted as well as intra-brain targeted drug delivery.<\/p>\n\n\n\n<p><strong>The main aim of our research group is to study the utilization of these transporters in:<\/strong><\/p>\n\n\n\n<p><em>1. Targeted (pro)drug delivery of neuroprotective agents across the BBB<\/em><br><em>2. Targeted (pro)drug delivery into target cell types within the brain<\/em><\/p>\n\n\n\n<figure class=\"wp-block-image size-large is-resized\"><img loading=\"lazy\" decoding=\"async\" width=\"1024\" height=\"567\" src=\"https:\/\/sites.uef.fi\/drug-targeting\/wp-content\/uploads\/sites\/59\/2022\/08\/LAT1-1-1024x567.png\" alt=\"\" class=\"wp-image-982\" style=\"width:618px;height:auto\" srcset=\"https:\/\/sites.uef.fi\/drug-targeting\/wp-content\/uploads\/sites\/59\/2022\/08\/LAT1-1-1024x567.png 1024w, https:\/\/sites.uef.fi\/drug-targeting\/wp-content\/uploads\/sites\/59\/2022\/08\/LAT1-1-300x166.png 300w, https:\/\/sites.uef.fi\/drug-targeting\/wp-content\/uploads\/sites\/59\/2022\/08\/LAT1-1-768x425.png 768w, https:\/\/sites.uef.fi\/drug-targeting\/wp-content\/uploads\/sites\/59\/2022\/08\/LAT1-1-1536x851.png 1536w, https:\/\/sites.uef.fi\/drug-targeting\/wp-content\/uploads\/sites\/59\/2022\/08\/LAT1-1-2048x1134.png 2048w\" sizes=\"auto, (max-width: 1024px) 100vw, 1024px\" \/><\/figure>\n\n\n\n<p>The research in this area is expected to increase the efficacy of drug therapies related to central nervous system (CNS)- diseases due to the increased drug accumulation to the desired tissues and cells. However, it is expected to decrease simultaneously unpleasant adverse effects that arise from unselective drug delivery and the distribution of drugs to off-target organs. We are especially interested in CNS-diseases, in which neuroinflammation is related, such as neurodegenerative disorders (such as Alzheimer\u2019s Disease, Parkinson\u2019s Disease, Multiple Sclerosis, etc.), stroke and acute brain infections.<\/p>\n\n\n\n<h2 class=\"wp-block-heading\"><strong>Selected Publications<\/strong><\/h2>\n\n\n\n<p><strong><u>Utilization of LAT1 as a carrier to Target (Pro)drugs into the Brain<\/u><\/strong><\/p>\n\n\n\n<p>Anamea, L.; Kr\u00e1lov\u00e1, A.; Tampio, J.; Shakirzyanova, A.; H\u00e4nninen, M.; Giniatullin, R.; Jalkanen, A.J.; Malm, T.; Lahtela-Kakkonen, M.; Huttunen K. M. Brain-targeted Jedi1 and Jedi2 derivatives as potent enhancers of Piezo1 ion channel activity. <em><strong>European Journal of Medicinal Chemistry<\/strong><\/em>, <strong>2026<\/strong>, <em>302<\/em>, 118359. <a href=\"https:\/\/doi.org\/10.1016\/j.ejmech.2025.118359\" target=\"_blank\" rel=\"noreferrer noopener\">https:\/\/doi.org\/10.1016\/j.ejmech.2025.118359<\/a><\/p>\n\n\n\n<p>Kr\u00e1lov\u00e1, A.; Montaser, A. B.; Tampio, J.; Adla, S. K.; Jalkanen, A.; Rys\u00e4, J.; <strong>Huttunen, K. M. <\/strong>A novel paracetamol derivative alleviates lipopolysaccharide-induced neuroinflammation. <strong><em>European Journal of Pharmacology<\/em><\/strong>, <strong>2025<\/strong>, <em>15<\/em>, 995, 177409. <a href=\"https:\/\/doi.org\/10.1016\/j.ejphar.2025.177409\" target=\"_blank\" rel=\"noreferrer noopener\">https:\/\/doi.org\/10.1016\/j.ejphar.2025.177409<\/a><\/p>\n\n\n\n<p>Hugele, A.; L\u00f6ffler, S.; Molina, B. H.; Guillon, M.; Montaser, A. B.; Auriola, S.; <strong>Huttunen, K. M.<\/strong> Aminopeptidase B Can Bioconvert L-Type Amino Acid Transporter 1 (LAT1)-Utilizing Amide Prodrugs in the Brain. <strong><em>Frontiers in Pharmacology<\/em><\/strong>, <strong>2022<\/strong>, <em>13<\/em>, 1034964. <a href=\"https:\/\/doi.org\/10.3389\/fphar.2022.1034964\" target=\"_blank\" rel=\"noreferrer noopener\">https:\/\/doi.org\/10.3389\/fphar.2022.1034964<\/a><\/p>\n\n\n\n<p>Montaser, A. B.; Kuiri, J.; Natunen, T.; Hru\u0161ka, P.; Pot\u011b\u0161il, D.; Auriola, S.; Hiltunen, M.; Terasaki, T.; Lehtonen, M.; Jalkanen, A.; <strong>Huttunen, K. M.<\/strong> Enhanced drug delivery by a prodrug approach effectively relieves neuroinflammation in mice. <strong><em>Life Sciences<\/em><\/strong>, <strong>2022<\/strong>, <em>310<\/em>, 121088. <a href=\"https:\/\/doi.org\/10.1016\/j.lfs.2022.121088\" target=\"_blank\" rel=\"noreferrer noopener\">https:\/\/doi.org\/10.1016\/j.lfs.2022.121088<\/a><\/p>\n\n\n\n<p>Tampio, J.; L\u00f6ffler, S.; Guillon, M.; Hugele, A.; Huttunen, J.; Huttunen, K. M. Improved l-Type amino acid transporter 1 (LAT1)-mediated delivery of anti-inflammatory drugs into astrocytes and microglia with reduced prostaglandin production. <strong><em>International Journal of Pharmaceutics<\/em><\/strong>, <strong>2021<\/strong>, <em>601<\/em>: 120565. <a href=\"https:\/\/doi.org\/10.1016\/j.ijpharm.2021.120565\" target=\"_blank\" rel=\"noreferrer noopener\">https:\/\/doi.org\/10.1016\/j.ijpharm.2021.120565<\/a><\/p>\n\n\n\n<p>Montaser, A.; J\u00e4rvinen, J.; Loeffler, S.; Huttunen, J.; Auriola, S.; Lehtonen, M.; Jalkanen, A. J.; Huttunen, K. M. L-type amino acid transporter 1 enables the efficient brain delivery of small-sized prodrug across the blood-brain barrier and into human and mouse brain parenchymal cells. <em><strong>ACS Chemical Neuroscience<\/strong><\/em>, <strong>2020<\/strong>, <em>11<\/em>(24): 4301-4315.&nbsp;<a href=\"https:\/\/doi.org\/10.1021\/acschemneuro.0c00564\" target=\"_blank\" rel=\"noreferrer noopener\">https:\/\/doi.org\/10.1021\/acschemneuro.0c00564<\/a><\/p>\n\n\n\n<p>Tampio, J.; Huttunen J.; Montaser, A.; Huttunen, K. M. Targeting of Perforin Inhibitor into the Brain Parenchyma via Prodrug Approach Can Decrease Oxidative Stress and Neuroinflammation, and Improve Cell Survival. <strong><em>Molecular Neurobiology<\/em><\/strong>,<strong> 2020<\/strong>, <em>57<\/em>(11), 4563-4577. <a href=\"https:\/\/doi.org\/10.1007\/s12035-020-02045-7\" target=\"_blank\" rel=\"noreferrer noopener\">https:\/\/doi.org\/10.1007\/s12035-020-02045-7<\/a><\/p>\n\n\n\n<p>Montaser, A.; Lehtonen, M.; Gynther, M.; Huttunen, K. M. L-type amino acid transporter L-utilizing prodrugs of ketoprofen can efficiently reduce brain prostaglandin levels. <strong><em>Pharmaceutics<\/em><\/strong>, <strong>2020<\/strong>, 12(4): E334 (1-12). <a href=\"https:\/\/doi.org\/10.3390\/pharmaceutics12040344\" target=\"_blank\" rel=\"noreferrer noopener\">https:\/\/doi.org\/10.3390\/pharmaceutics12040344<\/a><\/p>\n\n\n\n<p>Montaser, A.; Huttunen J.; Ibrahim, S. A; Huttunen, K. M. Astrocyte-Targeted Transporter-Utilizing Derivatives of Ferulic Acid Can Have Multifunctional Effects Ameliorating Inflammation and Oxidative Stress in the Brain. <strong><em>Oxidative Medicine and Cellular Longevity<\/em><\/strong>, <strong>2019<\/strong>, <em>3528148<\/em>, 1-13. <a href=\"http:\/\/doi.org\/10.1155\/2019\/3528148\" target=\"_blank\" rel=\"noreferrer noopener\">http:\/\/doi.org\/10.1155\/2019\/3528148<\/a><\/p>\n\n\n\n<p>Huttunen, J.; Peltokangas, S.; Gynther, M.; Natunen, T.; Hiltunen, M.; Auriola, S.; Ruponen, M.; Vellonen, K.-S.; Huttunen, K. M. L-Type Amino Acid Transporter 1 (LAT1\/Lat1)- Utilizing Prodrugs Can Improve the Delivery of Drugs into Neurons, Astrocytes and Microglia. <strong><em>Scientific Reports<\/em><\/strong>, <strong>2019<\/strong>, <em>9 <\/em>(1): 12860-12872. <a href=\"http:\/\/doi.org\/10.1038\/s41598-019-49009-z\" target=\"_blank\" rel=\"noreferrer noopener\">http:\/\/doi.org\/10.1038\/s41598-019-49009-z<\/a><\/p>\n\n\n\n<p>Puris E, Gynther M, de Lange ECM, Auriola S, Hammarlund-Udenaes M, Huttunen KM, Loryan I. Mechanistic Study on the Use of the l-Type Amino Acid Transporter 1 for Brain Intracellular Delivery of Ketoprofen via Prodrug: A Novel Approach Supporting the Development of Prodrugs for Intracellular Targets. <strong><em>Molecular Pharmaceutics<\/em><\/strong>, <strong>2019<\/strong>, <em>16 <\/em>(7), 3261-3274. <a href=\"http:\/\/doi.org\/10.1021\/acs.molpharmaceut.9b00502\" target=\"_blank\" rel=\"noreferrer noopener\">http:\/\/doi.org\/10.1021\/acs.molpharmaceut.9b00502<\/a><\/p>\n\n\n\n<p>Puris E, Gynther M, Huttunen J, Auriola S, Huttunen KM. L-type amino acid transporter 1 utilizing prodrugs of ferulic acid revealed structural features supporting the design of prodrugs for brain delivery. <strong><em>European Journal of Pharmaceutical Sciences<\/em><\/strong>, <strong>2019<\/strong>, <em>129<\/em>, 99-109. <a href=\"http:\/\/doi.org\/10.1016\/j.ejps.2019.01.002\" target=\"_blank\" rel=\"noreferrer noopener\">http:\/\/doi.org\/10.1016\/j.ejps.2019.01.002<\/a><\/p>\n\n\n\n<p>Gynther M, Puris E, Peltokangas S, Auriola S, Kanninen KM, Koistinaho J, Huttunen KM, Ruponen M, Vellonen KS. Alzheimer&#8217;s Disease Phenotype or Inflammatory Insult Does Not Alter Function of L-Type Amino Acid Transporter 1 in Mouse Blood-Brain Barrier and Primary Astrocytes. <strong><em>Pharmaceutical Research<\/em><\/strong>, <strong>2018<\/strong>, <em>36 <\/em>(1), 1-17. <a href=\"http:\/\/doi.org\/10.1007\/s11095-018-2546-7\" target=\"_blank\" rel=\"noreferrer noopener\">doi.org\/10.1007\/s11095-018-2546-7<\/a><\/p>\n\n\n\n<p>Huttunen K. M. Identification of Human, Rat and Mouse Hydrolyzing Enzymes Bioconverting Amino Acid Ester Prodrug of Ketoprofen. <strong><em>Bioorganic Chemistry<\/em><\/strong>, <strong>2018<\/strong>, <em>81<\/em>, 494-503. <a href=\"https:\/\/doi.org\/10.1016\/j.bioorg.2018.09.018\" target=\"_blank\" rel=\"noreferrer noopener\">https:\/\/doi.org\/10.1016\/j.bioorg.2018.09.018<\/a><\/p>\n\n\n\n<p>Puris, E.; Gynther, M.; Huttunen, J.; Petsalo, A.; Huttunen, K. M. L-Type Amino Acid Transporter 1 Utilizing Prodrugs: How to Achieve Effective Brain Delivery and Low Systemic Exposure of Drugs. <strong><em>Journal of Controlled Release<\/em><\/strong>, <strong>2017<\/strong>, <em>261<\/em>, 93-104. <a href=\"https:\/\/doi.org\/10.1016\/j.jconrel.2017.06.023\" target=\"_blank\" rel=\"noreferrer noopener\">https:\/\/doi.org\/10.1016\/j.jconrel.2017.06.023<\/a><\/p>\n\n\n\n<p>Gynther, M.; Pickering, D. S.; Spicer, J. A.; Denny, W. A.; Huttunen, K. M. Systemic and Brain Pharmacokinetics of Perforin Inhibitor Prodrugs. <strong><em>Molecular Pharmaceutics<\/em><\/strong>, <strong>2016<\/strong>, <em>13<\/em> (7): 2484-2491. <a href=\"http:\/\/dx.doi.org\/10.1021\/acs.molpharmaceut.6b00217\" target=\"_blank\" rel=\"noreferrer noopener\">http:\/\/dx.doi.org\/10.1021\/acs.molpharmaceut.6b00217<\/a><\/p>\n\n\n\n<p>Gynther, M.; Peura, L.; Vernerov\u00e1, M.; Lepp\u00e4nen, J.; Lehtonen, M.; Rautio, J.; Huttunen, K. M. Improved Pharmacokinetics of Valproic Acid by Amino Acid Prodrugs. <em><strong>Neurochemical Research<\/strong><\/em>, <strong>2016<\/strong>, <em>41<\/em> (10), 2797-2809. <a href=\"http:\/\/dx.doi.org\/10.1007\/s11064-016-1996-8\" target=\"_blank\" rel=\"noreferrer noopener\">http:\/\/dx.doi.org\/10.1007\/s11064-016-1996-8<\/a><\/p>\n\n\n\n<p>Peura, L.; Malmioja, K.; Huttunen, K. M.; Lepp\u00e4nen, J.; H\u00e4m\u00e4l\u00e4inen, M.; Forsberg, M. M.; Rautio, J.; Laine, K. Design, Synthesis and Brain Uptake of LAT1-Targeted Amino Acid Prodrugs of Dopamine. <strong><em>Pharmaceutical Research<\/em><\/strong>, <strong>2013<\/strong>, <em>30 <\/em>(10), 2523-2537. <a href=\"http:\/\/dx.doi.org\/10.1007\/s11095-012-0966-3\" target=\"_blank\" rel=\"noreferrer noopener\">http:\/\/dx.doi.org\/10.1007\/s11095-012-0966-3<\/a><\/p>\n","protected":false},"excerpt":{"rendered":"<p>Solute Carriers (SLCs) are highly and selectively expressed in the brain in relation to other healthy tissues. For example, L-type Amino Acid Transporter 1 (LAT1), Organic Anion Transporting Polypeptides (OATPs), Monocarboxylate Transporters (MCTs), Organic Cation Transporters (OCTs) and Organic Anion Transporters (OATs) are highly and\/or selectively expressed on the blood-brain-barrier, and in certain brain cells, [&hellip;]<\/p>\n","protected":false},"author":140,"featured_media":0,"parent":43,"menu_order":1,"comment_status":"closed","ping_status":"closed","template":"","meta":{"_acf_changed":false,"_monsterinsights_skip_tracking":false,"_monsterinsights_sitenote_active":false,"_monsterinsights_sitenote_note":"","_monsterinsights_sitenote_category":0,"footnotes":""},"class_list":["post-124","page","type-page","status-publish","hentry"],"acf":[],"yoast_head":"<!-- This site is optimized with the Yoast SEO plugin v27.1.1 - https:\/\/yoast.com\/product\/yoast-seo-wordpress\/ -->\n<title>Intra-Brain Targeting - Drug targeting<\/title>\n<meta name=\"robots\" content=\"index, follow, max-snippet:-1, max-image-preview:large, max-video-preview:-1\" \/>\n<link rel=\"canonical\" href=\"https:\/\/sites.uef.fi\/drug-targeting\/projects\/intra-brain-targeting\/\" \/>\n<meta property=\"og:locale\" content=\"en_US\" \/>\n<meta property=\"og:type\" content=\"article\" \/>\n<meta property=\"og:title\" content=\"Intra-Brain Targeting - Drug targeting\" \/>\n<meta property=\"og:description\" content=\"Solute Carriers (SLCs) are highly and selectively expressed in the brain in relation to other healthy tissues. For example, L-type Amino Acid Transporter 1 (LAT1), Organic Anion Transporting Polypeptides (OATPs), Monocarboxylate Transporters (MCTs), Organic Cation Transporters (OCTs) and Organic Anion Transporters (OATs) are highly and\/or selectively expressed on the blood-brain-barrier, and in certain brain cells, [&hellip;]\" \/>\n<meta property=\"og:url\" content=\"https:\/\/sites.uef.fi\/drug-targeting\/projects\/intra-brain-targeting\/\" \/>\n<meta property=\"og:site_name\" content=\"Drug targeting\" \/>\n<meta property=\"article:modified_time\" content=\"2026-02-24T11:53:37+00:00\" \/>\n<meta property=\"og:image\" content=\"https:\/\/sites.uef.fi\/drug-targeting\/wp-content\/uploads\/sites\/59\/2022\/08\/LAT1-1.png\" \/>\n\t<meta property=\"og:image:width\" content=\"3914\" \/>\n\t<meta property=\"og:image:height\" content=\"2168\" \/>\n\t<meta property=\"og:image:type\" content=\"image\/png\" \/>\n<meta name=\"twitter:card\" content=\"summary_large_image\" \/>\n<meta name=\"twitter:label1\" content=\"Est. reading time\" \/>\n\t<meta name=\"twitter:data1\" content=\"5 minutes\" \/>\n<script type=\"application\/ld+json\" class=\"yoast-schema-graph\">{\"@context\":\"https:\/\/schema.org\",\"@graph\":[{\"@type\":\"WebPage\",\"@id\":\"https:\/\/sites.uef.fi\/drug-targeting\/projects\/intra-brain-targeting\/\",\"url\":\"https:\/\/sites.uef.fi\/drug-targeting\/projects\/intra-brain-targeting\/\",\"name\":\"Intra-Brain Targeting - Drug targeting\",\"isPartOf\":{\"@id\":\"https:\/\/sites.uef.fi\/drug-targeting\/#website\"},\"primaryImageOfPage\":{\"@id\":\"https:\/\/sites.uef.fi\/drug-targeting\/projects\/intra-brain-targeting\/#primaryimage\"},\"image\":{\"@id\":\"https:\/\/sites.uef.fi\/drug-targeting\/projects\/intra-brain-targeting\/#primaryimage\"},\"thumbnailUrl\":\"https:\/\/sites.uef.fi\/drug-targeting\/wp-content\/uploads\/sites\/59\/2022\/08\/LAT1-1-1024x567.png\",\"datePublished\":\"2020-05-13T10:55:17+00:00\",\"dateModified\":\"2026-02-24T11:53:37+00:00\",\"breadcrumb\":{\"@id\":\"https:\/\/sites.uef.fi\/drug-targeting\/projects\/intra-brain-targeting\/#breadcrumb\"},\"inLanguage\":\"en-US\",\"potentialAction\":[{\"@type\":\"ReadAction\",\"target\":[\"https:\/\/sites.uef.fi\/drug-targeting\/projects\/intra-brain-targeting\/\"]}]},{\"@type\":\"ImageObject\",\"inLanguage\":\"en-US\",\"@id\":\"https:\/\/sites.uef.fi\/drug-targeting\/projects\/intra-brain-targeting\/#primaryimage\",\"url\":\"https:\/\/sites.uef.fi\/drug-targeting\/wp-content\/uploads\/sites\/59\/2022\/08\/LAT1-1.png\",\"contentUrl\":\"https:\/\/sites.uef.fi\/drug-targeting\/wp-content\/uploads\/sites\/59\/2022\/08\/LAT1-1.png\",\"width\":3914,\"height\":2168},{\"@type\":\"BreadcrumbList\",\"@id\":\"https:\/\/sites.uef.fi\/drug-targeting\/projects\/intra-brain-targeting\/#breadcrumb\",\"itemListElement\":[{\"@type\":\"ListItem\",\"position\":1,\"name\":\"Home\",\"item\":\"https:\/\/sites.uef.fi\/drug-targeting\/\"},{\"@type\":\"ListItem\",\"position\":2,\"name\":\"Main Research Projects\",\"item\":\"https:\/\/sites.uef.fi\/drug-targeting\/projects\/\"},{\"@type\":\"ListItem\",\"position\":3,\"name\":\"Intra-Brain Targeting\"}]},{\"@type\":\"WebSite\",\"@id\":\"https:\/\/sites.uef.fi\/drug-targeting\/#website\",\"url\":\"https:\/\/sites.uef.fi\/drug-targeting\/\",\"name\":\"Drug targeting\",\"description\":\"\",\"potentialAction\":[{\"@type\":\"SearchAction\",\"target\":{\"@type\":\"EntryPoint\",\"urlTemplate\":\"https:\/\/sites.uef.fi\/drug-targeting\/?s={search_term_string}\"},\"query-input\":{\"@type\":\"PropertyValueSpecification\",\"valueRequired\":true,\"valueName\":\"search_term_string\"}}],\"inLanguage\":\"en-US\"}]}<\/script>\n<!-- \/ Yoast SEO plugin. -->","yoast_head_json":{"title":"Intra-Brain Targeting - Drug targeting","robots":{"index":"index","follow":"follow","max-snippet":"max-snippet:-1","max-image-preview":"max-image-preview:large","max-video-preview":"max-video-preview:-1"},"canonical":"https:\/\/sites.uef.fi\/drug-targeting\/projects\/intra-brain-targeting\/","og_locale":"en_US","og_type":"article","og_title":"Intra-Brain Targeting - Drug targeting","og_description":"Solute Carriers (SLCs) are highly and selectively expressed in the brain in relation to other healthy tissues. For example, L-type Amino Acid Transporter 1 (LAT1), Organic Anion Transporting Polypeptides (OATPs), Monocarboxylate Transporters (MCTs), Organic Cation Transporters (OCTs) and Organic Anion Transporters (OATs) are highly and\/or selectively expressed on the blood-brain-barrier, and in certain brain cells, [&hellip;]","og_url":"https:\/\/sites.uef.fi\/drug-targeting\/projects\/intra-brain-targeting\/","og_site_name":"Drug targeting","article_modified_time":"2026-02-24T11:53:37+00:00","og_image":[{"width":3914,"height":2168,"url":"https:\/\/sites.uef.fi\/drug-targeting\/wp-content\/uploads\/sites\/59\/2022\/08\/LAT1-1.png","type":"image\/png"}],"twitter_card":"summary_large_image","twitter_misc":{"Est. reading time":"5 minutes"},"schema":{"@context":"https:\/\/schema.org","@graph":[{"@type":"WebPage","@id":"https:\/\/sites.uef.fi\/drug-targeting\/projects\/intra-brain-targeting\/","url":"https:\/\/sites.uef.fi\/drug-targeting\/projects\/intra-brain-targeting\/","name":"Intra-Brain Targeting - Drug targeting","isPartOf":{"@id":"https:\/\/sites.uef.fi\/drug-targeting\/#website"},"primaryImageOfPage":{"@id":"https:\/\/sites.uef.fi\/drug-targeting\/projects\/intra-brain-targeting\/#primaryimage"},"image":{"@id":"https:\/\/sites.uef.fi\/drug-targeting\/projects\/intra-brain-targeting\/#primaryimage"},"thumbnailUrl":"https:\/\/sites.uef.fi\/drug-targeting\/wp-content\/uploads\/sites\/59\/2022\/08\/LAT1-1-1024x567.png","datePublished":"2020-05-13T10:55:17+00:00","dateModified":"2026-02-24T11:53:37+00:00","breadcrumb":{"@id":"https:\/\/sites.uef.fi\/drug-targeting\/projects\/intra-brain-targeting\/#breadcrumb"},"inLanguage":"en-US","potentialAction":[{"@type":"ReadAction","target":["https:\/\/sites.uef.fi\/drug-targeting\/projects\/intra-brain-targeting\/"]}]},{"@type":"ImageObject","inLanguage":"en-US","@id":"https:\/\/sites.uef.fi\/drug-targeting\/projects\/intra-brain-targeting\/#primaryimage","url":"https:\/\/sites.uef.fi\/drug-targeting\/wp-content\/uploads\/sites\/59\/2022\/08\/LAT1-1.png","contentUrl":"https:\/\/sites.uef.fi\/drug-targeting\/wp-content\/uploads\/sites\/59\/2022\/08\/LAT1-1.png","width":3914,"height":2168},{"@type":"BreadcrumbList","@id":"https:\/\/sites.uef.fi\/drug-targeting\/projects\/intra-brain-targeting\/#breadcrumb","itemListElement":[{"@type":"ListItem","position":1,"name":"Home","item":"https:\/\/sites.uef.fi\/drug-targeting\/"},{"@type":"ListItem","position":2,"name":"Main Research Projects","item":"https:\/\/sites.uef.fi\/drug-targeting\/projects\/"},{"@type":"ListItem","position":3,"name":"Intra-Brain Targeting"}]},{"@type":"WebSite","@id":"https:\/\/sites.uef.fi\/drug-targeting\/#website","url":"https:\/\/sites.uef.fi\/drug-targeting\/","name":"Drug targeting","description":"","potentialAction":[{"@type":"SearchAction","target":{"@type":"EntryPoint","urlTemplate":"https:\/\/sites.uef.fi\/drug-targeting\/?s={search_term_string}"},"query-input":{"@type":"PropertyValueSpecification","valueRequired":true,"valueName":"search_term_string"}}],"inLanguage":"en-US"}]}},"_links":{"self":[{"href":"https:\/\/sites.uef.fi\/drug-targeting\/wp-json\/wp\/v2\/pages\/124","targetHints":{"allow":["GET"]}}],"collection":[{"href":"https:\/\/sites.uef.fi\/drug-targeting\/wp-json\/wp\/v2\/pages"}],"about":[{"href":"https:\/\/sites.uef.fi\/drug-targeting\/wp-json\/wp\/v2\/types\/page"}],"author":[{"embeddable":true,"href":"https:\/\/sites.uef.fi\/drug-targeting\/wp-json\/wp\/v2\/users\/140"}],"replies":[{"embeddable":true,"href":"https:\/\/sites.uef.fi\/drug-targeting\/wp-json\/wp\/v2\/comments?post=124"}],"version-history":[{"count":1,"href":"https:\/\/sites.uef.fi\/drug-targeting\/wp-json\/wp\/v2\/pages\/124\/revisions"}],"predecessor-version":[{"id":2294,"href":"https:\/\/sites.uef.fi\/drug-targeting\/wp-json\/wp\/v2\/pages\/124\/revisions\/2294"}],"up":[{"embeddable":true,"href":"https:\/\/sites.uef.fi\/drug-targeting\/wp-json\/wp\/v2\/pages\/43"}],"wp:attachment":[{"href":"https:\/\/sites.uef.fi\/drug-targeting\/wp-json\/wp\/v2\/media?parent=124"}],"curies":[{"name":"wp","href":"https:\/\/api.w.org\/{rel}","templated":true}]}}