{"id":367,"date":"2020-05-13T15:14:02","date_gmt":"2020-05-13T12:14:02","guid":{"rendered":"https:\/\/sites.uef.fi\/drug-targeting\/?page_id=367"},"modified":"2023-12-15T21:02:55","modified_gmt":"2023-12-15T19:02:55","slug":"former-group-members","status":"publish","type":"page","link":"https:\/\/sites.uef.fi\/drug-targeting\/the-group\/former-group-members\/","title":{"rendered":"Former Group Members"},"content":{"rendered":"\n<figure class=\"wp-block-image\"><img loading=\"lazy\" decoding=\"async\" width=\"300\" height=\"200\" src=\"https:\/\/sites.uef.fi\/drug-targeting\/wp-content\/uploads\/sites\/59\/2022\/08\/farmasia-kv-opiskelijat-2835-300x200.jpg\" alt=\"\" class=\"wp-image-905\" srcset=\"https:\/\/sites.uef.fi\/drug-targeting\/wp-content\/uploads\/sites\/59\/2022\/08\/farmasia-kv-opiskelijat-2835-300x200.jpg 300w, https:\/\/sites.uef.fi\/drug-targeting\/wp-content\/uploads\/sites\/59\/2022\/08\/farmasia-kv-opiskelijat-2835-1024x682.jpg 1024w, https:\/\/sites.uef.fi\/drug-targeting\/wp-content\/uploads\/sites\/59\/2022\/08\/farmasia-kv-opiskelijat-2835-768x512.jpg 768w, https:\/\/sites.uef.fi\/drug-targeting\/wp-content\/uploads\/sites\/59\/2022\/08\/farmasia-kv-opiskelijat-2835-1536x1024.jpg 1536w, https:\/\/sites.uef.fi\/drug-targeting\/wp-content\/uploads\/sites\/59\/2022\/08\/farmasia-kv-opiskelijat-2835-2048x1365.jpg 2048w\" sizes=\"auto, (max-width: 300px) 100vw, 300px\" \/><\/figure>\n\n\n\n<p><b><u>Visiting Pre- and Postdocs<\/u><\/b><\/p>\n\n\n\n<ul class=\"wp-block-list\">\n<li>Dr. Mohamed Bekhit Hussein, Pharos University in Alexandria, Egypt, 2019<\/li>\n\n\n\n<li>Dr. Ibrahim Komeil, Pharos University in Alexandria, Egypt, 2018<\/li>\n\n\n\n<li>Dr. Sherihan&nbsp;Abdelhamid Ibrahim, Pharos University in Alexandria, Egypt, 2018<\/li>\n\n\n\n<li>Dr. Mahmoud Agami, Pharos University in Alexandria, Egypt, 2018<\/li>\n\n\n\n<li>Dr. Magdalena Marcowicz-Piasecka, Medical University of Lodz, Poland, 2017<\/li>\n<\/ul>\n\n\n\n<p><b><\/b><u><br><\/u><b><u>Graduated Ph.D. Students<\/u><\/b><\/p>\n\n\n\n<ul class=\"wp-block-list\">\n<li>Ph.D. Johanna Huttunen, 2023 (Main Supervision)<\/li>\n\n\n\n<li>Ph.D. Ahmed Montaser, 2023 (Main Supervision)<\/li>\n\n\n\n<li>Ph.D. Elena Puris, 2019 (Main Supervisor)<\/li>\n\n\n\n<li>Ph.D. Lauri Peura, 2013 (Co-Supervision with Prof. Jarkko Rautio)<\/li>\n<\/ul>\n\n\n\n<p><b><\/b><u><br><\/u><b><u>Graduated M.Sc. Students<\/u><\/b><\/p>\n\n\n\n<ul class=\"wp-block-list\">\n<li>Ville Honkanen<\/li>\n\n\n\n<li>Sara Riihioja (co-supervision with Dr. Jalkanen)<\/li>\n\n\n\n<li>Mikko Nikunen (co-supervision with Dr. Lahtela-Kakkonen)<\/li>\n\n\n\n<li>Juho-Matti H\u00e4m\u00e4l\u00e4inen<\/li>\n\n\n\n<li>Heinileena Virtanen, 2023<\/li>\n\n\n\n<li>Ella Koskelo, 2023<\/li>\n\n\n\n<li>Sofia Pitk\u00e4nen, 2022<\/li>\n\n\n\n<li>Mira Hynninen, 2022<\/li>\n\n\n\n<li>Janita Kuiri (co-supervision with Dr. Jalkanen), 2022<\/li>\n\n\n\n<li>Jussi Hakkarainen, 2021<\/li>\n\n\n\n<li>Juho Gerlander (co-supervision with Prof. Kauppinen), 2021<\/li>\n\n\n\n<li>Lotta S\u00e4kkinen, 2021<\/li>\n\n\n\n<li>Miia Ruokaism\u00e4ki, 2021 (co-supervision with Dr. Lahtela-Kakkonen)<\/li>\n\n\n\n<li>Aki Hartikainen, 2020<\/li>\n\n\n\n<li>Suvi Pulkkinen, 2020<\/li>\n\n\n\n<li>M.Sc. Touko Paukkonen, 2016<\/li>\n\n\n\n<li>M.Sc. Anni Kuosa, 2015<\/li>\n\n\n\n<li>M.Sc. Johanna Huttunen, 2015<\/li>\n\n\n\n<li>M.Sc. Marjo Oikarinen, 2015<\/li>\n\n\n\n<li>M.Sc. Jussi K\u00e4rkk\u00e4inen, 2014<\/li>\n\n\n\n<li>M.Sc. Eric Adua, 2014<\/li>\n\n\n\n<li>M.Sc. Eeva Kemppainen, 2008<\/li>\n\n\n\n<li>M.Sc. Tarja Matikainen, 2008<\/li>\n<\/ul>\n\n\n\n<p><b><u>&nbsp;<\/u><\/b><br><b><u>Visiting ERASMUS Students<\/u><\/b><\/p>\n\n\n\n<ul class=\"wp-block-list\">\n<li>Judith Glaser, Friedrich-Schiller-University Jena, Germany, 2024<\/li>\n\n\n\n<li>Sara Taghaddosi, University of Padova, Italy, 2024<\/li>\n\n\n\n<li>Thanavit Thongsodsaeng, Khon Kaen University, Thailand, 2023<\/li>\n\n\n\n<li>Vej Chotsirirat, Khon Kaen University, Thailand, 2023<\/li>\n\n\n\n<li>Lucie Caillet, University of Poitiers, France, 2023<\/li>\n\n\n\n<li>Julie Brunet, University of Poitiers, France, 2023<\/li>\n\n\n\n<li>Amandine Joubin, Sorbonne University, France, 2023<\/li>\n\n\n\n<li>Lukasz Piela, Medical University of Lodz, Poland, 2023<\/li>\n\n\n\n<li>Mara Hermann, University of Marburg, Germany, 2023<\/li>\n\n\n\n<li>Giorgio Del Castello, University of Siena, Italy, 2022<\/li>\n\n\n\n<li>Huihui Qiu, University of Valencia, Spain, 2023<\/li>\n\n\n\n<li>Petra Grossov\u00e1, Charles University, Czech Republic, 2022<\/li>\n\n\n\n<li>Pablo S\u00e1nchez Cano, University of Valencia, Spain, 2022<\/li>\n\n\n\n<li>Anna Lozano, Universitat de Barcelona, Spain, 2022<\/li>\n\n\n\n<li>Agathe Frandeboeuf, University of Grenoble Alpes in France, 2022<\/li>\n\n\n\n<li>Rawan Medhat, Pharos University in Alexandria, Egypt, 2022<\/li>\n\n\n\n<li>Catarina Espada, Lisbon School of Health Technology , Portugal, 2022<\/li>\n\n\n\n<li>In\u00eas Santos, Lisbon School of Health Technology, Portugal, 2022<\/li>\n\n\n\n<li>Irene Campos, University of Valencia, Spain, 2021-2022<\/li>\n\n\n\n<li>Sara T\u00f3rtola, University of Valencia, Spain, 2021-2022<\/li>\n\n\n\n<li>Amal Baakil, <span id=\"yui_3_17_2_1_1644580618563_31\"><span id=\"yui_3_17_2_1_1644580618563_30\">Grenoble-Alpes University in France<\/span><\/span>, 2021-2022<\/li>\n\n\n\n<li>Soumeya Kerachni, University of Lyon, France, 2021 &amp; 2022<\/li>\n\n\n\n<li>Adela Kralova, Charles University, Czech Republic, 2021<\/li>\n\n\n\n<li>Sania Bibi, University of Bradford, UK, 2021<\/li>\n\n\n\n<li>Anastasiia Shapoval, Sain Petersburg State Chemical Pharmaceutical Univesity, Russia, 2021<\/li>\n\n\n\n<li>Johana Benameur, Aix-Marseille University in France, 2021<\/li>\n\n\n\n<li>Liisa Nousiainen, Insitute of Biomedicines, UEF, 2021<\/li>\n\n\n\n<li>Agathe Hugel\u00e9, Grenoble Alpes University in France, 2019-2020<\/li>\n\n\n\n<li>Melina Guillon, Aix-Marseille University in France, 2019<\/li>\n\n\n\n<li>Angela Sanjurjo, University of Valencia, Spain, 2018<\/li>\n\n\n\n<li>Susanne L\u00f6ffler, University of Regensburg, Germany, 2010<\/li>\n\n\n\n<li>Belen Hernandez Molina, University of Valencia, Spain, 2017-2018<\/li>\n\n\n\n<li>Vendula Kr\u00e1lov\u00e1, Charles University, Praha, Czech Republic, 2015<\/li>\n\n\n\n<li>Maria Giulia Ranucci, University of Florence, Italy, 2015<\/li>\n\n\n\n<li>Monika Vernerova, Charles University, Praha, Czech Republic, 2013-2014<\/li>\n\n\n\n<li>Imke Aufderhaar, University of Munster, Germany, 2013<\/li>\n\n\n\n<li>Susanna La Spina, University of Catania, Italy, 2008<\/li>\n\n\n\n<li>Elena Di Vita, University of Catania, Italy, 2008<\/li>\n\n\n\n<li>Pedro Diamantino, University of Lisbon, Portugal, 2007<\/li>\n<\/ul>\n","protected":false},"excerpt":{"rendered":"<p>Visiting Pre- and Postdocs Graduated Ph.D. Students Graduated M.Sc. Students &nbsp;Visiting ERASMUS Students<\/p>\n","protected":false},"author":140,"featured_media":0,"parent":118,"menu_order":3,"comment_status":"closed","ping_status":"closed","template":"","meta":{"_acf_changed":false,"_monsterinsights_skip_tracking":false,"_monsterinsights_sitenote_active":false,"_monsterinsights_sitenote_note":"","_monsterinsights_sitenote_category":0,"footnotes":""},"class_list":["post-367","page","type-page","status-publish","hentry"],"acf":[],"yoast_head":"<!-- This site is optimized with the Yoast SEO plugin v27.1.1 - https:\/\/yoast.com\/product\/yoast-seo-wordpress\/ -->\n<title>Former Group Members - Drug targeting<\/title>\n<meta name=\"robots\" content=\"index, follow, max-snippet:-1, max-image-preview:large, max-video-preview:-1\" \/>\n<link rel=\"canonical\" href=\"https:\/\/sites.uef.fi\/drug-targeting\/the-group\/former-group-members\/\" \/>\n<meta property=\"og:locale\" content=\"en_US\" \/>\n<meta property=\"og:type\" content=\"article\" \/>\n<meta property=\"og:title\" content=\"Former Group Members - Drug targeting\" \/>\n<meta property=\"og:description\" content=\"Visiting Pre- and Postdocs Graduated Ph.D. Students Graduated M.Sc. Students &nbsp;Visiting ERASMUS Students\" \/>\n<meta property=\"og:url\" content=\"https:\/\/sites.uef.fi\/drug-targeting\/the-group\/former-group-members\/\" \/>\n<meta property=\"og:site_name\" content=\"Drug targeting\" \/>\n<meta property=\"article:modified_time\" content=\"2023-12-15T19:02:55+00:00\" \/>\n<meta property=\"og:image\" content=\"https:\/\/sites.uef.fi\/drug-targeting\/wp-content\/uploads\/sites\/59\/2022\/08\/farmasia-kv-opiskelijat-2835-300x200.jpg\" \/>\n<meta name=\"twitter:card\" content=\"summary_large_image\" \/>\n<meta name=\"twitter:label1\" content=\"Est. reading time\" \/>\n\t<meta name=\"twitter:data1\" content=\"3 minutes\" \/>\n<script type=\"application\/ld+json\" class=\"yoast-schema-graph\">{\"@context\":\"https:\/\/schema.org\",\"@graph\":[{\"@type\":\"WebPage\",\"@id\":\"https:\/\/sites.uef.fi\/drug-targeting\/the-group\/former-group-members\/\",\"url\":\"https:\/\/sites.uef.fi\/drug-targeting\/the-group\/former-group-members\/\",\"name\":\"Former Group Members - Drug targeting\",\"isPartOf\":{\"@id\":\"https:\/\/sites.uef.fi\/drug-targeting\/#website\"},\"primaryImageOfPage\":{\"@id\":\"https:\/\/sites.uef.fi\/drug-targeting\/the-group\/former-group-members\/#primaryimage\"},\"image\":{\"@id\":\"https:\/\/sites.uef.fi\/drug-targeting\/the-group\/former-group-members\/#primaryimage\"},\"thumbnailUrl\":\"https:\/\/sites.uef.fi\/drug-targeting\/wp-content\/uploads\/sites\/59\/2022\/08\/farmasia-kv-opiskelijat-2835-300x200.jpg\",\"datePublished\":\"2020-05-13T12:14:02+00:00\",\"dateModified\":\"2023-12-15T19:02:55+00:00\",\"breadcrumb\":{\"@id\":\"https:\/\/sites.uef.fi\/drug-targeting\/the-group\/former-group-members\/#breadcrumb\"},\"inLanguage\":\"en-US\",\"potentialAction\":[{\"@type\":\"ReadAction\",\"target\":[\"https:\/\/sites.uef.fi\/drug-targeting\/the-group\/former-group-members\/\"]}]},{\"@type\":\"ImageObject\",\"inLanguage\":\"en-US\",\"@id\":\"https:\/\/sites.uef.fi\/drug-targeting\/the-group\/former-group-members\/#primaryimage\",\"url\":\"https:\/\/sites.uef.fi\/drug-targeting\/wp-content\/uploads\/sites\/59\/2022\/08\/farmasia-kv-opiskelijat-2835-scaled.jpg\",\"contentUrl\":\"https:\/\/sites.uef.fi\/drug-targeting\/wp-content\/uploads\/sites\/59\/2022\/08\/farmasia-kv-opiskelijat-2835-scaled.jpg\",\"width\":2560,\"height\":1706},{\"@type\":\"BreadcrumbList\",\"@id\":\"https:\/\/sites.uef.fi\/drug-targeting\/the-group\/former-group-members\/#breadcrumb\",\"itemListElement\":[{\"@type\":\"ListItem\",\"position\":1,\"name\":\"Home\",\"item\":\"https:\/\/sites.uef.fi\/drug-targeting\/\"},{\"@type\":\"ListItem\",\"position\":2,\"name\":\"Our Research Group\",\"item\":\"https:\/\/sites.uef.fi\/drug-targeting\/the-group\/\"},{\"@type\":\"ListItem\",\"position\":3,\"name\":\"Former Group Members\"}]},{\"@type\":\"WebSite\",\"@id\":\"https:\/\/sites.uef.fi\/drug-targeting\/#website\",\"url\":\"https:\/\/sites.uef.fi\/drug-targeting\/\",\"name\":\"Drug targeting\",\"description\":\"\",\"potentialAction\":[{\"@type\":\"SearchAction\",\"target\":{\"@type\":\"EntryPoint\",\"urlTemplate\":\"https:\/\/sites.uef.fi\/drug-targeting\/?s={search_term_string}\"},\"query-input\":{\"@type\":\"PropertyValueSpecification\",\"valueRequired\":true,\"valueName\":\"search_term_string\"}}],\"inLanguage\":\"en-US\"}]}<\/script>\n<!-- \/ Yoast SEO plugin. -->","yoast_head_json":{"title":"Former Group Members - Drug targeting","robots":{"index":"index","follow":"follow","max-snippet":"max-snippet:-1","max-image-preview":"max-image-preview:large","max-video-preview":"max-video-preview:-1"},"canonical":"https:\/\/sites.uef.fi\/drug-targeting\/the-group\/former-group-members\/","og_locale":"en_US","og_type":"article","og_title":"Former Group Members - Drug targeting","og_description":"Visiting Pre- and Postdocs Graduated Ph.D. Students Graduated M.Sc. Students &nbsp;Visiting ERASMUS Students","og_url":"https:\/\/sites.uef.fi\/drug-targeting\/the-group\/former-group-members\/","og_site_name":"Drug targeting","article_modified_time":"2023-12-15T19:02:55+00:00","og_image":[{"url":"https:\/\/sites.uef.fi\/drug-targeting\/wp-content\/uploads\/sites\/59\/2022\/08\/farmasia-kv-opiskelijat-2835-300x200.jpg","type":"","width":"","height":""}],"twitter_card":"summary_large_image","twitter_misc":{"Est. reading time":"3 minutes"},"schema":{"@context":"https:\/\/schema.org","@graph":[{"@type":"WebPage","@id":"https:\/\/sites.uef.fi\/drug-targeting\/the-group\/former-group-members\/","url":"https:\/\/sites.uef.fi\/drug-targeting\/the-group\/former-group-members\/","name":"Former Group Members - Drug targeting","isPartOf":{"@id":"https:\/\/sites.uef.fi\/drug-targeting\/#website"},"primaryImageOfPage":{"@id":"https:\/\/sites.uef.fi\/drug-targeting\/the-group\/former-group-members\/#primaryimage"},"image":{"@id":"https:\/\/sites.uef.fi\/drug-targeting\/the-group\/former-group-members\/#primaryimage"},"thumbnailUrl":"https:\/\/sites.uef.fi\/drug-targeting\/wp-content\/uploads\/sites\/59\/2022\/08\/farmasia-kv-opiskelijat-2835-300x200.jpg","datePublished":"2020-05-13T12:14:02+00:00","dateModified":"2023-12-15T19:02:55+00:00","breadcrumb":{"@id":"https:\/\/sites.uef.fi\/drug-targeting\/the-group\/former-group-members\/#breadcrumb"},"inLanguage":"en-US","potentialAction":[{"@type":"ReadAction","target":["https:\/\/sites.uef.fi\/drug-targeting\/the-group\/former-group-members\/"]}]},{"@type":"ImageObject","inLanguage":"en-US","@id":"https:\/\/sites.uef.fi\/drug-targeting\/the-group\/former-group-members\/#primaryimage","url":"https:\/\/sites.uef.fi\/drug-targeting\/wp-content\/uploads\/sites\/59\/2022\/08\/farmasia-kv-opiskelijat-2835-scaled.jpg","contentUrl":"https:\/\/sites.uef.fi\/drug-targeting\/wp-content\/uploads\/sites\/59\/2022\/08\/farmasia-kv-opiskelijat-2835-scaled.jpg","width":2560,"height":1706},{"@type":"BreadcrumbList","@id":"https:\/\/sites.uef.fi\/drug-targeting\/the-group\/former-group-members\/#breadcrumb","itemListElement":[{"@type":"ListItem","position":1,"name":"Home","item":"https:\/\/sites.uef.fi\/drug-targeting\/"},{"@type":"ListItem","position":2,"name":"Our Research Group","item":"https:\/\/sites.uef.fi\/drug-targeting\/the-group\/"},{"@type":"ListItem","position":3,"name":"Former Group Members"}]},{"@type":"WebSite","@id":"https:\/\/sites.uef.fi\/drug-targeting\/#website","url":"https:\/\/sites.uef.fi\/drug-targeting\/","name":"Drug targeting","description":"","potentialAction":[{"@type":"SearchAction","target":{"@type":"EntryPoint","urlTemplate":"https:\/\/sites.uef.fi\/drug-targeting\/?s={search_term_string}"},"query-input":{"@type":"PropertyValueSpecification","valueRequired":true,"valueName":"search_term_string"}}],"inLanguage":"en-US"}]}},"_links":{"self":[{"href":"https:\/\/sites.uef.fi\/drug-targeting\/wp-json\/wp\/v2\/pages\/367","targetHints":{"allow":["GET"]}}],"collection":[{"href":"https:\/\/sites.uef.fi\/drug-targeting\/wp-json\/wp\/v2\/pages"}],"about":[{"href":"https:\/\/sites.uef.fi\/drug-targeting\/wp-json\/wp\/v2\/types\/page"}],"author":[{"embeddable":true,"href":"https:\/\/sites.uef.fi\/drug-targeting\/wp-json\/wp\/v2\/users\/140"}],"replies":[{"embeddable":true,"href":"https:\/\/sites.uef.fi\/drug-targeting\/wp-json\/wp\/v2\/comments?post=367"}],"version-history":[{"count":1,"href":"https:\/\/sites.uef.fi\/drug-targeting\/wp-json\/wp\/v2\/pages\/367\/revisions"}],"predecessor-version":[{"id":1864,"href":"https:\/\/sites.uef.fi\/drug-targeting\/wp-json\/wp\/v2\/pages\/367\/revisions\/1864"}],"up":[{"embeddable":true,"href":"https:\/\/sites.uef.fi\/drug-targeting\/wp-json\/wp\/v2\/pages\/118"}],"wp:attachment":[{"href":"https:\/\/sites.uef.fi\/drug-targeting\/wp-json\/wp\/v2\/media?parent=367"}],"curies":[{"name":"wp","href":"https:\/\/api.w.org\/{rel}","templated":true}]}}