{"id":388,"date":"2020-05-13T15:19:22","date_gmt":"2020-05-13T12:19:22","guid":{"rendered":"https:\/\/sites.uef.fi\/drug-targeting\/?page_id=388"},"modified":"2026-02-24T12:45:22","modified_gmt":"2026-02-24T10:45:22","slug":"funding","status":"publish","type":"page","link":"https:\/\/sites.uef.fi\/drug-targeting\/funding\/","title":{"rendered":"Funding"},"content":{"rendered":"\n<p><strong>We would like to thank all sources who have supported our research:<\/strong><\/p>\n\n\n\n<figure class=\"wp-block-image is-resized\"><img loading=\"lazy\" decoding=\"async\" width=\"300\" height=\"87\" src=\"https:\/\/sites.uef.fi\/drug-targeting\/wp-content\/uploads\/sites\/59\/2022\/08\/Rahoittajat-2021-300x87.jpg\" alt=\"\" class=\"wp-image-875\" style=\"width:479px;height:auto\" srcset=\"https:\/\/sites.uef.fi\/drug-targeting\/wp-content\/uploads\/sites\/59\/2022\/08\/Rahoittajat-2021-300x87.jpg 300w, https:\/\/sites.uef.fi\/drug-targeting\/wp-content\/uploads\/sites\/59\/2022\/08\/Rahoittajat-2021-1024x297.jpg 1024w, https:\/\/sites.uef.fi\/drug-targeting\/wp-content\/uploads\/sites\/59\/2022\/08\/Rahoittajat-2021-768x223.jpg 768w, https:\/\/sites.uef.fi\/drug-targeting\/wp-content\/uploads\/sites\/59\/2022\/08\/Rahoittajat-2021-1536x446.jpg 1536w, https:\/\/sites.uef.fi\/drug-targeting\/wp-content\/uploads\/sites\/59\/2022\/08\/Rahoittajat-2021.jpg 1992w\" sizes=\"auto, (max-width: 300px) 100vw, 300px\" \/><\/figure>\n\n\n\n<h3 class=\"wp-block-heading\">Academy of Finland<\/h3>\n\n\n\n<ul class=\"wp-block-list\">\n<li>FIRI Roadmap (2025-2029)<\/li>\n\n\n\n<li>Academy Project (2025 &#8211; )<\/li>\n\n\n\n<li>Academy Project (2021-2025)<\/li>\n\n\n\n<li>Academy Research Fellow (2015-2020, Risk pilot project)<\/li>\n\n\n\n<li>Postdoctoral Researcher (2012-2015)<\/li>\n<\/ul>\n\n\n\n<h3 class=\"wp-block-heading\">Sigrid Juselius Foundation<\/h3>\n\n\n\n<ul class=\"wp-block-list\">\n<li>Senior Team Leader Grant (2023 &#8211; )<\/li>\n\n\n\n<li>Senior Team Leader Grant (2020-2023)<\/li>\n\n\n\n<li>Young Team Leader Grant (2018-2020)<\/li>\n\n\n\n<li>Young Team Leader Grant (2015-2018)<\/li>\n<\/ul>\n\n\n\n<h3 class=\"wp-block-heading\">Jane &amp; Aatos Erkko Foundation<\/h3>\n\n\n\n<ul class=\"wp-block-list\">\n<li>Project Funding, 2025-<\/li>\n\n\n\n<li>Project Funding, Proof-of-Concept, 2022-2024<\/li>\n<\/ul>\n\n\n\n<h3 class=\"wp-block-heading\">P\u00e4ivikki &amp; Sakari Sohlberg Foundation<\/h3>\n\n\n\n<ul class=\"wp-block-list\">\n<li>Project Funding, 2021<\/li>\n\n\n\n<li>Project Funding, 2019<\/li>\n\n\n\n<li>Project Funding, 2015<\/li>\n\n\n\n<li>Project Funding, 2014<\/li>\n<\/ul>\n\n\n\n<h3 class=\"wp-block-heading\">Magnus Ehrnrooth Foundation<\/h3>\n\n\n\n<ul class=\"wp-block-list\">\n<li>Project Funding, 2020<\/li>\n<\/ul>\n\n\n\n<p>and also<\/p>\n\n\n\n<h3 class=\"wp-block-heading\">UEF Strategic Funding<\/h3>\n\n\n\n<p><strong>Postdoctoral Researcher position:<\/strong><\/p>\n\n\n\n<ul class=\"wp-block-list\">\n<li>granted to J. Tampio, 2026<\/li>\n<\/ul>\n\n\n\n<p><strong>Doctoral Student position in Doctoral Programme in Drug Research:<\/strong><\/p>\n\n\n\n<ul class=\"wp-block-list\">\n<li>granted to A. Kr\u00e1lov\u00e1, 2026<\/li>\n\n\n\n<li>granted to S. Maljaei, 2023-2024 &amp; 2025<\/li>\n\n\n\n<li>granted to J. Tampio, 2022-2023<\/li>\n\n\n\n<li>granted to J. Huttunen, 2022<\/li>\n\n\n\n<li>granted to A. Montaser, 2020-2022<\/li>\n\n\n\n<li>granted to E. Puris, 2018-2019<\/li>\n\n\n\n<li>granted to J. K\u00e4rkk\u00e4inen, 2016-2018<\/li>\n<\/ul>\n\n\n\n<h3 class=\"wp-block-heading\">Emil Aaltonen Foundation<\/h3>\n\n\n\n<ul class=\"wp-block-list\">\n<li>granted to J. Tampio, 2021, 2024<\/li>\n<\/ul>\n\n\n\n<h3 class=\"wp-block-heading\">Alfred Kordelin Foundation<\/h3>\n\n\n\n<ul class=\"wp-block-list\">\n<li>granted to E. Puris, 2018<\/li>\n<\/ul>\n\n\n\n<h3 class=\"wp-block-heading\">Finnish Cultural Foundation<\/h3>\n\n\n\n<ul class=\"wp-block-list\">\n<li>granted to S. Maljaei, 2026<\/li>\n\n\n\n<li>granted to A. Kr\u00e1lov\u00e1, 2023 <\/li>\n\n\n\n<li>granted to E. Puris, 2017<\/li>\n\n\n\n<li>granted to J. K\u00e4rkk\u00e4inen, 2016<\/li>\n<\/ul>\n\n\n\n<h3 class=\"wp-block-heading\">Northen Savo Regional Fund<\/h3>\n\n\n\n<ul class=\"wp-block-list\">\n<li>granted to S. Maljaei, 2025<\/li>\n<\/ul>\n\n\n\n<h3 class=\"wp-block-heading\">Orion Research Foundation<\/h3>\n\n\n\n<ul class=\"wp-block-list\">\n<li>granted to J. Tampio, 2025<\/li>\n\n\n\n<li>granted to A. Kr\u00e1lov\u00e1, 2024<\/li>\n\n\n\n<li>granted to S. Maljaei, 2024<\/li>\n\n\n\n<li>granted to J. K\u00e4rkk\u00e4inen, 2017<\/li>\n<\/ul>\n\n\n\n<h3 class=\"wp-block-heading\">Finnish Pharmaceutical Society<\/h3>\n\n\n\n<ul class=\"wp-block-list\">\n<li>granted to S. Maljaei, 2023<\/li>\n\n\n\n<li>granted to J. K\u00e4rkk\u00e4inen, 2015<\/li>\n<\/ul>\n\n\n\n<h3 class=\"wp-block-heading\">P\u00e4ivikki &amp; Sakari Sohlberg&#8217;s Foundation<\/h3>\n\n\n\n<ul class=\"wp-block-list\">\n<li>granted to J. Tampio, 2026<\/li>\n<\/ul>\n\n\n\n<h3 class=\"wp-block-heading\">Instrumentarium Foundation<\/h3>\n\n\n\n<ul class=\"wp-block-list\">\n<li>granted to A. Kr\u00e1lov\u00e1, 2026<\/li>\n<\/ul>\n\n\n\n<h3 class=\"wp-block-heading\">Paavo Koistisen S\u00e4\u00e4ti\u00f6<\/h3>\n\n\n\n<ul class=\"wp-block-list\">\n<li>granted to J. K\u00e4rkk\u00e4inen, 2014<\/li>\n<\/ul>\n\n\n\n<h3 class=\"wp-block-heading\">Kuopio University Foundation<\/h3>\n\n\n\n<ul class=\"wp-block-list\">\n<li>granted to L. Anamea, 2024<\/li>\n<\/ul>\n\n\n\n<h3 class=\"wp-block-heading\">EDUFI Fellowship<\/h3>\n\n\n\n<ul class=\"wp-block-list\">\n<li>Thanavit Thongsodsaeng, 2024<\/li>\n<\/ul>\n","protected":false},"excerpt":{"rendered":"<p>We would like to thank all sources who have supported our research: Academy of Finland Sigrid Juselius Foundation Jane &amp; Aatos Erkko Foundation P\u00e4ivikki &amp; Sakari Sohlberg Foundation Magnus Ehrnrooth Foundation and also UEF Strategic Funding Postdoctoral Researcher position: Doctoral Student position in Doctoral Programme in Drug Research: Emil Aaltonen Foundation Alfred Kordelin Foundation Finnish [&hellip;]<\/p>\n","protected":false},"author":140,"featured_media":0,"parent":0,"menu_order":0,"comment_status":"closed","ping_status":"closed","template":"","meta":{"_acf_changed":false,"_monsterinsights_skip_tracking":false,"_monsterinsights_sitenote_active":false,"_monsterinsights_sitenote_note":"","_monsterinsights_sitenote_category":0,"footnotes":""},"class_list":["post-388","page","type-page","status-publish","hentry"],"acf":[],"yoast_head":"<!-- This site is optimized with the Yoast SEO plugin v27.1.1 - https:\/\/yoast.com\/product\/yoast-seo-wordpress\/ -->\n<title>Funding - Drug targeting<\/title>\n<meta name=\"robots\" content=\"index, follow, max-snippet:-1, max-image-preview:large, max-video-preview:-1\" \/>\n<link rel=\"canonical\" href=\"https:\/\/sites.uef.fi\/drug-targeting\/funding\/\" \/>\n<meta property=\"og:locale\" content=\"en_US\" \/>\n<meta property=\"og:type\" content=\"article\" \/>\n<meta property=\"og:title\" content=\"Funding - Drug targeting\" \/>\n<meta property=\"og:description\" content=\"We would like to thank all sources who have supported our research: Academy of Finland Sigrid Juselius Foundation Jane &amp; Aatos Erkko Foundation P\u00e4ivikki &amp; Sakari Sohlberg Foundation Magnus Ehrnrooth Foundation and also UEF Strategic Funding Postdoctoral Researcher position: Doctoral Student position in Doctoral Programme in Drug Research: Emil Aaltonen Foundation Alfred Kordelin Foundation Finnish [&hellip;]\" \/>\n<meta property=\"og:url\" content=\"https:\/\/sites.uef.fi\/drug-targeting\/funding\/\" \/>\n<meta property=\"og:site_name\" content=\"Drug targeting\" \/>\n<meta property=\"article:modified_time\" content=\"2026-02-24T10:45:22+00:00\" \/>\n<meta property=\"og:image\" content=\"https:\/\/sites.uef.fi\/drug-targeting\/wp-content\/uploads\/sites\/59\/2022\/08\/Rahoittajat-2021.jpg\" \/>\n\t<meta property=\"og:image:width\" content=\"1992\" \/>\n\t<meta property=\"og:image:height\" content=\"578\" \/>\n\t<meta property=\"og:image:type\" content=\"image\/jpeg\" \/>\n<meta name=\"twitter:card\" content=\"summary_large_image\" \/>\n<meta name=\"twitter:label1\" content=\"Est. reading time\" \/>\n\t<meta name=\"twitter:data1\" content=\"2 minutes\" \/>\n<script type=\"application\/ld+json\" class=\"yoast-schema-graph\">{\"@context\":\"https:\/\/schema.org\",\"@graph\":[{\"@type\":\"WebPage\",\"@id\":\"https:\/\/sites.uef.fi\/drug-targeting\/funding\/\",\"url\":\"https:\/\/sites.uef.fi\/drug-targeting\/funding\/\",\"name\":\"Funding - Drug targeting\",\"isPartOf\":{\"@id\":\"https:\/\/sites.uef.fi\/drug-targeting\/#website\"},\"primaryImageOfPage\":{\"@id\":\"https:\/\/sites.uef.fi\/drug-targeting\/funding\/#primaryimage\"},\"image\":{\"@id\":\"https:\/\/sites.uef.fi\/drug-targeting\/funding\/#primaryimage\"},\"thumbnailUrl\":\"https:\/\/sites.uef.fi\/drug-targeting\/wp-content\/uploads\/sites\/59\/2022\/08\/Rahoittajat-2021-300x87.jpg\",\"datePublished\":\"2020-05-13T12:19:22+00:00\",\"dateModified\":\"2026-02-24T10:45:22+00:00\",\"breadcrumb\":{\"@id\":\"https:\/\/sites.uef.fi\/drug-targeting\/funding\/#breadcrumb\"},\"inLanguage\":\"en-US\",\"potentialAction\":[{\"@type\":\"ReadAction\",\"target\":[\"https:\/\/sites.uef.fi\/drug-targeting\/funding\/\"]}]},{\"@type\":\"ImageObject\",\"inLanguage\":\"en-US\",\"@id\":\"https:\/\/sites.uef.fi\/drug-targeting\/funding\/#primaryimage\",\"url\":\"https:\/\/sites.uef.fi\/drug-targeting\/wp-content\/uploads\/sites\/59\/2022\/08\/Rahoittajat-2021.jpg\",\"contentUrl\":\"https:\/\/sites.uef.fi\/drug-targeting\/wp-content\/uploads\/sites\/59\/2022\/08\/Rahoittajat-2021.jpg\",\"width\":1992,\"height\":578},{\"@type\":\"BreadcrumbList\",\"@id\":\"https:\/\/sites.uef.fi\/drug-targeting\/funding\/#breadcrumb\",\"itemListElement\":[{\"@type\":\"ListItem\",\"position\":1,\"name\":\"Home\",\"item\":\"https:\/\/sites.uef.fi\/drug-targeting\/\"},{\"@type\":\"ListItem\",\"position\":2,\"name\":\"Funding\"}]},{\"@type\":\"WebSite\",\"@id\":\"https:\/\/sites.uef.fi\/drug-targeting\/#website\",\"url\":\"https:\/\/sites.uef.fi\/drug-targeting\/\",\"name\":\"Drug targeting\",\"description\":\"\",\"potentialAction\":[{\"@type\":\"SearchAction\",\"target\":{\"@type\":\"EntryPoint\",\"urlTemplate\":\"https:\/\/sites.uef.fi\/drug-targeting\/?s={search_term_string}\"},\"query-input\":{\"@type\":\"PropertyValueSpecification\",\"valueRequired\":true,\"valueName\":\"search_term_string\"}}],\"inLanguage\":\"en-US\"}]}<\/script>\n<!-- \/ Yoast SEO plugin. -->","yoast_head_json":{"title":"Funding - Drug targeting","robots":{"index":"index","follow":"follow","max-snippet":"max-snippet:-1","max-image-preview":"max-image-preview:large","max-video-preview":"max-video-preview:-1"},"canonical":"https:\/\/sites.uef.fi\/drug-targeting\/funding\/","og_locale":"en_US","og_type":"article","og_title":"Funding - Drug targeting","og_description":"We would like to thank all sources who have supported our research: Academy of Finland Sigrid Juselius Foundation Jane &amp; Aatos Erkko Foundation P\u00e4ivikki &amp; Sakari Sohlberg Foundation Magnus Ehrnrooth Foundation and also UEF Strategic Funding Postdoctoral Researcher position: Doctoral Student position in Doctoral Programme in Drug Research: Emil Aaltonen Foundation Alfred Kordelin Foundation Finnish [&hellip;]","og_url":"https:\/\/sites.uef.fi\/drug-targeting\/funding\/","og_site_name":"Drug targeting","article_modified_time":"2026-02-24T10:45:22+00:00","og_image":[{"width":1992,"height":578,"url":"https:\/\/sites.uef.fi\/drug-targeting\/wp-content\/uploads\/sites\/59\/2022\/08\/Rahoittajat-2021.jpg","type":"image\/jpeg"}],"twitter_card":"summary_large_image","twitter_misc":{"Est. reading time":"2 minutes"},"schema":{"@context":"https:\/\/schema.org","@graph":[{"@type":"WebPage","@id":"https:\/\/sites.uef.fi\/drug-targeting\/funding\/","url":"https:\/\/sites.uef.fi\/drug-targeting\/funding\/","name":"Funding - Drug targeting","isPartOf":{"@id":"https:\/\/sites.uef.fi\/drug-targeting\/#website"},"primaryImageOfPage":{"@id":"https:\/\/sites.uef.fi\/drug-targeting\/funding\/#primaryimage"},"image":{"@id":"https:\/\/sites.uef.fi\/drug-targeting\/funding\/#primaryimage"},"thumbnailUrl":"https:\/\/sites.uef.fi\/drug-targeting\/wp-content\/uploads\/sites\/59\/2022\/08\/Rahoittajat-2021-300x87.jpg","datePublished":"2020-05-13T12:19:22+00:00","dateModified":"2026-02-24T10:45:22+00:00","breadcrumb":{"@id":"https:\/\/sites.uef.fi\/drug-targeting\/funding\/#breadcrumb"},"inLanguage":"en-US","potentialAction":[{"@type":"ReadAction","target":["https:\/\/sites.uef.fi\/drug-targeting\/funding\/"]}]},{"@type":"ImageObject","inLanguage":"en-US","@id":"https:\/\/sites.uef.fi\/drug-targeting\/funding\/#primaryimage","url":"https:\/\/sites.uef.fi\/drug-targeting\/wp-content\/uploads\/sites\/59\/2022\/08\/Rahoittajat-2021.jpg","contentUrl":"https:\/\/sites.uef.fi\/drug-targeting\/wp-content\/uploads\/sites\/59\/2022\/08\/Rahoittajat-2021.jpg","width":1992,"height":578},{"@type":"BreadcrumbList","@id":"https:\/\/sites.uef.fi\/drug-targeting\/funding\/#breadcrumb","itemListElement":[{"@type":"ListItem","position":1,"name":"Home","item":"https:\/\/sites.uef.fi\/drug-targeting\/"},{"@type":"ListItem","position":2,"name":"Funding"}]},{"@type":"WebSite","@id":"https:\/\/sites.uef.fi\/drug-targeting\/#website","url":"https:\/\/sites.uef.fi\/drug-targeting\/","name":"Drug targeting","description":"","potentialAction":[{"@type":"SearchAction","target":{"@type":"EntryPoint","urlTemplate":"https:\/\/sites.uef.fi\/drug-targeting\/?s={search_term_string}"},"query-input":{"@type":"PropertyValueSpecification","valueRequired":true,"valueName":"search_term_string"}}],"inLanguage":"en-US"}]}},"_links":{"self":[{"href":"https:\/\/sites.uef.fi\/drug-targeting\/wp-json\/wp\/v2\/pages\/388","targetHints":{"allow":["GET"]}}],"collection":[{"href":"https:\/\/sites.uef.fi\/drug-targeting\/wp-json\/wp\/v2\/pages"}],"about":[{"href":"https:\/\/sites.uef.fi\/drug-targeting\/wp-json\/wp\/v2\/types\/page"}],"author":[{"embeddable":true,"href":"https:\/\/sites.uef.fi\/drug-targeting\/wp-json\/wp\/v2\/users\/140"}],"replies":[{"embeddable":true,"href":"https:\/\/sites.uef.fi\/drug-targeting\/wp-json\/wp\/v2\/comments?post=388"}],"version-history":[{"count":1,"href":"https:\/\/sites.uef.fi\/drug-targeting\/wp-json\/wp\/v2\/pages\/388\/revisions"}],"predecessor-version":[{"id":2290,"href":"https:\/\/sites.uef.fi\/drug-targeting\/wp-json\/wp\/v2\/pages\/388\/revisions\/2290"}],"wp:attachment":[{"href":"https:\/\/sites.uef.fi\/drug-targeting\/wp-json\/wp\/v2\/media?parent=388"}],"curies":[{"name":"wp","href":"https:\/\/api.w.org\/{rel}","templated":true}]}}