{"id":4371,"date":"2024-01-02T09:42:19","date_gmt":"2024-01-02T07:42:19","guid":{"rendered":"https:\/\/sites.uef.fi\/edtech\/?page_id=4371"},"modified":"2025-02-20T12:08:56","modified_gmt":"2025-02-20T10:08:56","slug":"publications-2024","status":"publish","type":"page","link":"https:\/\/sites.uef.fi\/edtech\/publications\/publications-2024\/","title":{"rendered":"2024"},"content":{"rendered":"\n<p><\/p>\n\n\n\n<ol class=\"wp-block-list\">\n<li>F.J. Agbo, L.O. Okpanachi, P. Ocheja, S.S. Oyelere, G. Sani, <a href=\"https:\/\/doi.org\/10.1016\/j.tsc.2023.101458\">How can unplugged approach facilitate novice students&#8217; understanding of computational thinking? An exploratory study from Nigerian university<\/a>. <em>Thinking Skills and Creativity, <\/em>vol. 51, 2024.<\/li>\n\n\n\n<li>N. Goagoses, H. Winschiers-Theophilus, S. Auala, N. Pope, E. R\u00f6tk\u00f6nen, H. Itenge, C. Suero Montero, T. Suovuo, E. Sutinen, <a href=\"https:\/\/doi.org\/10.1007\/s10758-024-09797-4\">Teachers and students envisioning mixed reality remote learning: A qualitative explortation on fostering acedemic engagement<\/a>. <em>Technology, Knowledge and Learning, <\/em>2024.<\/li>\n\n\n\n<li>H. Vartiainen, P. Liukkonen, M. Tedre, <a href=\"https:\/\/doi.org\/10.1016\/j.tsc.2024.101742\">Emerging human-technology relationships in a co-design process with generative AI<\/a>. <em>Thinking Skills and Creativity<\/em>, 2024.<\/li>\n\n\n\n<li>J. Tyni, R. Bednarik, J. Kahila, M. Tedre, <a href=\"https:\/\/journal.seriousgamessociety.org\/index.php\/IJSG\/article\/view\/805\/557\">A bird matching game: Difficulty, rewards, and instrict motivation<\/a>. <em>International Journal of Serious Games, <\/em>2024.<\/li>\n\n\n\n<li>I.T. Sanusi, F. Martin, R. Ma, J.E. Gonzales, V. Mahipal, S.S. Oyelere, J. Suhonen, M. Tukiainen, <a href=\"https:\/\/doi.org\/10.1145\/3702242\">AI MyData: Fostering middle school students\u2019 engagement with machine learning through an ethics-infused AI curriculum<\/a>. <em>ACM Transaction on Computing Education<\/em>, 2024.<\/li>\n\n\n\n<li>E. Silvennoinen, M. Tedre, T. Valtonen, <a href=\"https:\/\/journal.fi\/lakimies\/article\/view\/143755\">Datafikoituva peruskoulu &#8211; tasapainoilua lasten henkil\u00f6tietojen suojan ja opetuksen tavoitteiden v\u00e4lill\u00e4<\/a>. <em>Lakimies, <\/em>vol. 122, no. 5, 2024.<\/li>\n\n\n\n<li>M. Denojean-Mairet, S. L\u00f3pez-Pernas, F. Agbo, M. Tedre, <a href=\"https:\/\/doi.org\/10.1186\/s40561-024-00334-5\">A literature review on the integration of microlearning and social media<\/a>. <em>Smart Learning Environments, 11<\/em>, 2024.<\/li>\n\n\n\n<li>I. Jormanainen, S. Yigzaw, M. Tukiainen, <a href=\"https:\/\/doi.org\/10.1007\/978-3-031-67059-6_4\">Intensive robotics course projects improve higher education students&#8217; intrinsic motivation and learning outcomes<\/a>. In: Balogh, R., Obdr\u017e\u00e1lek, D., Fislake, M. (eds) <em>Robotics in Education. RiE 2024. Lecture Notes in Networks and Systems<\/em>, vol 1084. Springer, Cham, 2024.<\/li>\n\n\n\n<li>A. Lin, E. Arkko, N. Pope, M. Tedre, <a href=\"https:\/\/doi.org\/10.1145\/3677619.3677642\">Teaching K-12 students about the impact and mechanism of social media<\/a>. <em>Proceedings of the 19th WiPSCE Conference on Primary and Secondary Computing Education Research<\/em>, 2024.<\/li>\n\n\n\n<li>J. Kahila, H. Vartiainen, E. Arkko, A. Lin, N. Pope, M. Tedre, <a href=\"https:\/\/doi.org\/10.1145\/3677619.3677635\">Enhancing understanding of data traces and profiling among K-9 students through an interactive classroom game<\/a>. <em>Proceedings of the 19th WiPSCE Conference on Primary and Secondary Computing Education Research<\/em>, 2024.<\/li>\n\n\n\n<li>M.Y. Mazana, C.S. Montero, R.C. Casmir, S.S. Oyelere, <a href=\"https:\/\/ojs.wiserpub.com\/index.php\/CM\/article\/view\/3176\">Designing and testing a contextual factors-based teaching and learning model for blended mathematics instructions<\/a>. <em>Contemporary Mathematics, <\/em>2024.<\/li>\n\n\n\n<li>N. Pope, J. Kahila, J. Laru, H. Vartiainen, T. Roos, M. Tedre, <a href=\"https:\/\/doi.org\/10.1109\/ICALT61570.2024.00038\">An educational tool for learning about social media tracking, profiling and recommendation<\/a>. In <em>2024 IEEE International Conference on Advanced Learning Technologies (ICALT),<\/em> pp. 110-112, IEEE, 2024.<\/li>\n\n\n\n<li>I. Jormanainen, H. Vartiainen, J. Kahila, M. Tedre, <a href=\"https:\/\/doi.ieeecomputersociety.org\/10.1109\/ICALT61570.2024.00067\">Exploring the dynamics of scaffolding in K-12 ML\/AI education: Insights from a machine learning workshop<\/a>. In <em>2024 IEEE International Conference on Advanced Learning Technologies (ICALT),<\/em> pp. 210-212, IEEE, 2024.<\/li>\n\n\n\n<li>H. Aludhilu, E. Sutinen, <a href=\"https:\/\/doi.org\/10.1145\/3643690.3648244\">Bridging the gap: Addressing software testing challenges in Namibian startups through a tailored training approach<\/a>. <em>IWSiB&#8217;24: Proceedings of the 7th ACM\/IEEE International Workshop on Software-intensive Business<\/em>, pp. 79-86, ACM, 2024.<\/li>\n\n\n\n<li>I.T. Sanusi, F.J. Agbo, A.O. Dada, A.A. Yunusa, K.D. Aruleba, G. Obaido, O. Olawumi, S.S. Oylere, Center for Multidisciplinary Research and Innovation, <a href=\"https:\/\/doi.org\/10.1016\/j.caeo.2024.100212\">Stakeholders&#8217; insights on artificial intelligence education: Perspective of teachers, students and policymakers<\/a>. <em>Computers and Education Open<\/em>, vol.7, 2024.<\/li>\n\n\n\n<li>R. Elmoazen, M. Saqr, L. Hirsto, M. Tedre, <a href=\"https:\/\/doi.org\/10.1007\/s11412-024-09431-6\">Capturing temporal pathways of collaborative roles: A multilayered analytical approach using community of inquiry<\/a>. <em>International Journal of Computer-Supported Collaborative Learning<\/em>, 2024. <\/li>\n\n\n\n<li>H. Vartiainen, T. Valtonen, J. Kahila, M. Tedre, <a href=\"https:\/\/doi.org\/10.1108\/ILS-10-2023-0146\">ChatGPT and imaginaries of the future of education: Insights of Finnish teacher educators<\/a>. <em>Information and Learning Sciences, <\/em>2024.<\/li>\n\n\n\n<li>A.O. Sunday, F.J. Agbo, J. Suhonen,<a href=\"https:\/\/doi.org\/10.1007\/s10758-024-09765-y\"> Co-design pedagogy for computational thinking education in K-12: A systematic literature review<\/a>. <em>Technology, Knowledge and Learning, <\/em>2024.<\/li>\n\n\n\n<li>R. Elmoazen, M. Saqr, M. Tedre, L. Hirsto, <a href=\"https:\/\/doi.org\/10.1007\/978-981-97-1814-6_78\">Capturing the sequental pattern of students&#8217; interactions in computer-supported collaborative learning<\/a>. In Gon\u00e7alves, J.A.d.C., Lima, J.L.S.d.M., Coelho, J.P., Garc\u00eda-Pe\u00f1alvo, F.J., Garc\u00eda-Holgado, A. (Eds.), <em>Proceedings of TEEM 2023. TEEM 2023. Lecture Notes in Educational Technology<\/em>. Springer, Singapore, 2024.<\/li>\n\n\n\n<li>N. Pope, H. Vartiainen, J. Kahila, J. Laru, M. Tedre,<a href=\"https:\/\/doi.ieeecomputersociety.org\/10.1109\/ICALT61570.2024.00037\"> A no-code AI education tool for learning AI in K-12 by machine learning-driven apps<\/a>. In <em>2024 IEEE International Conference on Advanced Learning Technologies (ICALT),<\/em> pp. 105-109, IEEE, 2024.<\/li>\n\n\n\n<li>S. Hamouda, L. Marshall, K. Sanders, E. Tshukudu, O. Adelakun-Adeyemo, B.A. Becker, E.R. Dodoo, G. Ayorkor Korsah, S. Luvhengo, O. Ola, J. Parkinson, I.T. Sanusi, <a href=\"https:\/\/doi.org\/10.1145\/3649405.3659526\">Working group proposal: Computing education in Africa<\/a>. <em>Proceedings of the 2024 on Innovation and Technology in Computer Science Education V.<\/em>2, pp. 755-756, ACM, 2024.<\/li>\n\n\n\n<li>I.T. Sanusi, E. Tshukudu, <a href=\"https:\/\/doi.org\/10.1145\/3649217.3653588\">Exploring barriers and strategies to boost scientific output in computing education in Africa: Early insigths<\/a>. <em>Proceedings of the 2024 on Innovation and Technology in Computer Science Education V.1<\/em>, pp. 736-743, ACM 2024.<\/li>\n\n\n\n<li>O.O. Campbell, I.T. Sanusi, H.I. Atagana, <a href=\"https:\/\/doi.org\/10.1145\/3649217.3653597\">From visual arts to programming: Exploring the impact of achievement in constructionist college CS1 classes<\/a>. <em>Proceedings of the 2024 on Innovation and Technology in Computer Science Education V.1<\/em>, pp. 604-610, ACM, 2024.<\/li>\n\n\n\n<li>C. Schulte, S. Sentance, S. Sparman, R. Altin, M. Friebrnoon-Yesharim, M. Landman, M.T. R\u00fccker, S. Satavlekar, A. Siegel, M. Tedre, L. Tubino, H. Vartiainen, J.\u00c3. Vel\u00e0zquez-Iturbide, J. Waite, Z. Wu, <a href=\"https:\/\/doi.org\/10.1145\/3649405.3659532\">Values and beliefs underpinning K-12 computing education<\/a>. <em>Proceedings of the 2024 on Innovation and Technology in Computer Science Education V.<\/em>2, pp. 767-768, ACM, 2024.<\/li>\n\n\n\n<li>M. Apiola, H. Vartiainen, M. Tedre, <a href=\"https:\/\/doi.org\/10.1145\/3649217.3653596\">First year CS students exploring and identifying biases and social injustices in text-to-image generative AI<\/a>. <em>Proceedings of the 2024 on Innovation and Technology in Computer Science Education V.1, <\/em>pp. 485-491, ACM,  2024.<\/li>\n\n\n\n<li>J. Tyni, A. Turunen, R. Bednarik, J. Kahila, M. Tedre, <a href=\"https:\/\/doi.org\/10.17083\/ijsg.v11i2.744\">Can ChaptGPT match experts: Comparing inputs for serius games development.<\/a> <em>International Journal of Serious Games, <\/em>vol. 11, no. 2, pp. 87-106, 2024.<\/li>\n\n\n\n<li>F. Lin, R. Morland, H. Yan, <a href=\"https:\/\/doi.org\/10.1007\/978-3-031-63028-6_5\">QuizMaster: An adaptive formative assessment system<\/a>. In Sifaleras, A., Lin, F. (Eds.) <em>Generative Intelligence and Intelligent Tutoring Systems<\/em>. <em>ITS 2024. Lecture Notes in Computer Science<\/em>, vol 14798. Springer, Cham, 2024.<\/li>\n\n\n\n<li>H. Yan, F. Lin, Kinshuk, <a href=\"https:\/\/doi.org\/10.1007\/978-3-031-63028-6_21\">An AI-learner shared control model for adaptive practicing<\/a>. In Sifaleras, A., Lin, F. (Eds.) <em>Generative Intelligence and Intelligent Tutoring Systems<\/em>. <em>ITS 2024. Lecture Notes in Computer Science<\/em>, vol 14798. Springer, Cham, 2024.<\/li>\n\n\n\n<li>K. M\u00e4kitalo, M. Tedre, J. Laru, T. Valtonen, M. Iwata, J. Koivisto, <a href=\"https:\/\/doi.org\/10.7551\/mitpress\/14041.003.0013\">Learning computational thinking in co-creation projects with modern educational technology: Experiences from Finland<\/a>. In Abelson, H., Kong, S.-C. (Eds.). <em>Computational Thinking Curricula in K-12: International Implications. <\/em>The MIT Press, 2024.<\/li>\n\n\n\n<li>Y. Albadarin, M. Saqr, N. Pope, M. Tukiainen, <a href=\"https:\/\/doi.org\/10.1007\/s44217-024-00138-2\">A systematic literature review of empirical research on ChatGPT in education<\/a>. <em>Discover Education, <\/em>vol. 3, article number 60, 2024.<\/li>\n\n\n\n<li>F.G. Deriba, M. Saqr, M. Tukiainen, <a href=\"https:\/\/www.frontiersin.org\/articles\/10.3389\/feduc.2024.1351711\/\">Assessment of accessbility in virtural laboratories: A systematic review<\/a>. <em>Frontiers in Education, <\/em>2024.<\/li>\n\n\n\n<li>H. Vartiainen, J. Kahila, M. Tedre, S. L\u00f3pez-Pernas, N. Pope, <a href=\"https:\/\/doi.org\/10.1177\/14614448241252820\">Enhancing children\u2019s understanding of algorithmic biases in and with text-to-image generative AI<\/a>. <em>New Media &amp; Society, <\/em>2024.<\/li>\n\n\n\n<li>T.K.F. Chiu, I.T. Sanusi, <a href=\"https:\/\/doi.org\/10.1016\/j.caeo.2024.100182\">Define, foster, and assess student and teacher AI literacy and competency for all: Current status and future research direction.<\/a> <em>Computers and Education Open,<\/em> 2024.<\/li>\n\n\n\n<li>S.V. Movahed, J. Dimino, A. Farrell, E. Irankhak, S. Ghosh, G. Jain, V. Mahipal, P. Rayavaram, I.T. Sanusi, E. Salas, K. Wolkowicz, S. Narain, F. Martin, <a href=\"https:\/\/doi.org\/10.1145\/3613905.3650991\">Introducing children to AI and ML with five software exhibits<\/a>. <em>CHI EA \u00b424: Extended Abstracts of the CHI Conference on Human Factors in Computing Systems,<\/em> ACM, 2024.<\/li>\n\n\n\n<li>M.A. Ayanwale, E.K. Frimbong, O.A.G. Opesemowo, I.T. Sanusi, <a href=\"https:\/\/doi.org\/10.1007\/s41979-024-00121-4\">Exploring factors that support pre-service teachers&#8217; engagement in learning artificial intelligence<\/a>. <em>Journal for STEM Education Research<\/em>, 2024.<\/li>\n\n\n\n<li>M. Fundi, I.T. Sanusi, S.S. Oyelere, M. Ayere, <a href=\"https:\/\/doi.org\/10.1016\/j.chbr.2024.100412\">Advancing AI education: Assessing Kenyan in-service teachers&#8217; prepardness for integrating artificial intelligence in competence-based curriculum<\/a>. <em>Computers in Human Behavior Reports, <\/em>vol. 14, 2024.<\/li>\n\n\n\n<li>M.M. McGill, S. Heckman, M. Liut, I.T. Sanusi, C. Szabo, <a href=\"https:\/\/doi.org\/10.1145\/3626253.3633402\">Unlocking excellence in educational research: Guidelines for high-quality research that promotes learning for all<\/a>, <em>In the Proceedings of the 55th ACM Technical Symposium on Computer Science Education, <\/em>2024.<\/li>\n\n\n\n<li>F. Martin, S.V. Movahed, J. Dimino, A. Farrell, E. Irankhah, S. Ghosh, G. Jain, V. Mahipal, P. Rayavaram, I.T. Sanusi, E. Salas, K. Wolkowicz, S. Narain, <a href=\"https:\/\/doi.org\/10.1145\/3626253.3635512\">Perception, trust, attitudes, and models: Introducing children to AI and machine learning with five software exhibits<\/a>. <em>In the Proceedings of the 55th ACM Technical Symposium on Computer Science Education, <\/em>2024.<\/li>\n\n\n\n<li>T.K.F. Chiu, Z. Ahmad, M. Ismailov, I.T. Sanusi, <a href=\"https:\/\/doi.org\/10.1016\/j.caeo.2024.100171\">What are artificial intelligence literacy and competency? A comprehensive framework to support them<\/a>. <em>Computers and Education Open, <\/em>vol. 6, 2024.<\/li>\n\n\n\n<li>O.P. Adelana, M.A. Ayanwale, I.T. Sanusi, <a href=\"https:\/\/doi.org\/10.1080\/2331186X.2024.2310976\">Exploring pre-service biology teachers\u2019 intention to teach genetics using an AI intelligent tutoring &#8211; based system<\/a>. <em>Cogent Education, <\/em>vol. 11, no. 1, 2024.<\/li>\n\n\n\n<li>F. Martin, Y. Mahipal, G. Jain, S. Ghosh, I.T. Sanusi, <a href=\"https:\/\/doi.org\/10.1145\/3626252.3630804\">ChemAIstry: A novel software tool for teaching model training in K-8 education<\/a>. <em>In the Proceedings of the 55th ACM Technical Symposium on Computer Science Education, <\/em>2024.<\/li>\n\n\n\n<li>M. Oyedoyin, I.T. Sanusi, M.A. Ayanwale, <a href=\"https:\/\/doi.org\/10.1080\/08993408.2024.2314397\">Young children&#8217;s conception of computing in an African setting.<\/a> <em>Computer Science Education, <\/em>2024.<\/li>\n\n\n\n<li>R. Piiroinen, I. Jormanainen, M. Tukiainen, <a href=\"https:\/\/doi.org\/10.1007\/978-3-031-53227-6_27\">Positive customer experience is enhanced by effective agile practices<\/a>. In: Hyrynsalmi, S., M\u00fcnch, J., Smolander, K., Melegati, J. (eds) Software Business. ICSOB 2023. Lecture Notes in Business Information Processing, vol. 500, Springer, Cham, 2024.<\/li>\n\n\n\n<li>A. M\u00fchling, I. Jormanainen, <a href=\"https:\/\/doi.org\/10.1145\/3643836.3643841\">Koli Calling conference recap<\/a>. <em>ACM SIGCSE Bulletin, <\/em>vol. 56, no. 1, pp. 6-7, 2024.<\/li>\n\n\n\n<li>H. Aludhilu, E. Sutinen, <a href=\"https:\/\/doi.org\/10.1007\/978-3-031-48550-3_12\">Software startup ecosystem in Namibia<\/a>. In: Kruchten, P., Gregory, P. (Eds.), <em>Agile Processes in Software Engineering and Extreme Programming \u2013 Workshops. XP XP 2022 2023<\/em>. Lecture Notes in Business Information Processing, vol 489. Springer, Cham, 2024.<\/li>\n\n\n\n<li>H. Vartiainen, M. Tedre, <a href=\"https:\/\/ieeexplore.ieee.org\/document\/10416357\">How text-to-image generative AI is transforming mediated action<\/a>. <em>IEEE Computer Graphics and Applications, <\/em>2024.<\/li>\n\n\n\n<li>J. Kahila, H. Vartiainen, M. Tedre, E. Arkko, A. Lin, N. Pope, I. Jormanainen, T. Valtonen, <a href=\"https:\/\/doi.org\/10.15388\/infedu.2024.15\">Pedagogical framework for cultivating children&#8217;s data agency and creative abilities in the age of AI<\/a>. <em>Informatics in Education, <\/em>2024.<\/li>\n\n\n\n<li>I.T. Sanusi, M.A. Ayanwale, A.E. Tolorunkele, <a href=\"https:\/\/doi.org\/10.1016\/j.caeai.2024.100202\">Investigating pre-service teachers&#8217; artificial intelligence perception from the perspective of planned behavior theory<\/a>. <em>Computers and Education: Artificial Intelligence, <\/em>2024.<\/li>\n\n\n\n<li>P. Mertala, S. L\u00f3pez-Pernas, H. Vartiainen, M. Saqr, M. Tedre, <a href=\"http:\/\/dx.doi.org\/10.1016\/j.chb.2023.108076\">Digital natives in the scientific literature: A topic modeling approach<\/a>. <em>Computers in Human Behavior, <\/em>vol. 152, 2024.<\/li>\n<\/ol>\n\n\n\n<p><\/p>\n","protected":false},"excerpt":{"rendered":"","protected":false},"author":52,"featured_media":0,"parent":727,"menu_order":0,"comment_status":"closed","ping_status":"closed","template":"","meta":{"_acf_changed":false,"footnotes":""},"class_list":["post-4371","page","type-page","status-publish","hentry"],"acf":[],"yoast_head":"<!-- This site is optimized with the Yoast SEO plugin v27.1.1 - https:\/\/yoast.com\/product\/yoast-seo-wordpress\/ -->\n<title>2024 - Technologies for Learning and Development<\/title>\n<meta name=\"robots\" content=\"index, follow, max-snippet:-1, max-image-preview:large, max-video-preview:-1\" \/>\n<link rel=\"canonical\" href=\"https:\/\/sites.uef.fi\/edtech\/publications\/publications-2024\/\" \/>\n<meta property=\"og:locale\" content=\"en_US\" \/>\n<meta property=\"og:type\" content=\"article\" \/>\n<meta property=\"og:title\" content=\"2024 - Technologies for Learning and Development\" \/>\n<meta property=\"og:url\" content=\"https:\/\/sites.uef.fi\/edtech\/publications\/publications-2024\/\" \/>\n<meta property=\"og:site_name\" content=\"Technologies for Learning and Development\" \/>\n<meta property=\"article:modified_time\" content=\"2025-02-20T10:08:56+00:00\" \/>\n<meta name=\"twitter:card\" content=\"summary_large_image\" \/>\n<meta name=\"twitter:label1\" content=\"Est. reading time\" \/>\n\t<meta name=\"twitter:data1\" content=\"8 minutes\" \/>\n<script type=\"application\/ld+json\" class=\"yoast-schema-graph\">{\"@context\":\"https:\/\/schema.org\",\"@graph\":[{\"@type\":\"WebPage\",\"@id\":\"https:\/\/sites.uef.fi\/edtech\/publications\/publications-2024\/\",\"url\":\"https:\/\/sites.uef.fi\/edtech\/publications\/publications-2024\/\",\"name\":\"2024 - Technologies for Learning and Development\",\"isPartOf\":{\"@id\":\"https:\/\/sites.uef.fi\/edtech\/#website\"},\"datePublished\":\"2024-01-02T07:42:19+00:00\",\"dateModified\":\"2025-02-20T10:08:56+00:00\",\"breadcrumb\":{\"@id\":\"https:\/\/sites.uef.fi\/edtech\/publications\/publications-2024\/#breadcrumb\"},\"inLanguage\":\"en-US\",\"potentialAction\":[{\"@type\":\"ReadAction\",\"target\":[\"https:\/\/sites.uef.fi\/edtech\/publications\/publications-2024\/\"]}]},{\"@type\":\"BreadcrumbList\",\"@id\":\"https:\/\/sites.uef.fi\/edtech\/publications\/publications-2024\/#breadcrumb\",\"itemListElement\":[{\"@type\":\"ListItem\",\"position\":1,\"name\":\"Home\",\"item\":\"https:\/\/sites.uef.fi\/edtech\/\"},{\"@type\":\"ListItem\",\"position\":2,\"name\":\"Publications\",\"item\":\"https:\/\/sites.uef.fi\/edtech\/publications\/\"},{\"@type\":\"ListItem\",\"position\":3,\"name\":\"2024\"}]},{\"@type\":\"WebSite\",\"@id\":\"https:\/\/sites.uef.fi\/edtech\/#website\",\"url\":\"https:\/\/sites.uef.fi\/edtech\/\",\"name\":\"Technologies for Learning and Development\",\"description\":\"\",\"potentialAction\":[{\"@type\":\"SearchAction\",\"target\":{\"@type\":\"EntryPoint\",\"urlTemplate\":\"https:\/\/sites.uef.fi\/edtech\/?s={search_term_string}\"},\"query-input\":{\"@type\":\"PropertyValueSpecification\",\"valueRequired\":true,\"valueName\":\"search_term_string\"}}],\"inLanguage\":\"en-US\"}]}<\/script>\n<!-- \/ Yoast SEO plugin. -->","yoast_head_json":{"title":"2024 - Technologies for Learning and Development","robots":{"index":"index","follow":"follow","max-snippet":"max-snippet:-1","max-image-preview":"max-image-preview:large","max-video-preview":"max-video-preview:-1"},"canonical":"https:\/\/sites.uef.fi\/edtech\/publications\/publications-2024\/","og_locale":"en_US","og_type":"article","og_title":"2024 - Technologies for Learning and Development","og_url":"https:\/\/sites.uef.fi\/edtech\/publications\/publications-2024\/","og_site_name":"Technologies for Learning and Development","article_modified_time":"2025-02-20T10:08:56+00:00","twitter_card":"summary_large_image","twitter_misc":{"Est. reading time":"8 minutes"},"schema":{"@context":"https:\/\/schema.org","@graph":[{"@type":"WebPage","@id":"https:\/\/sites.uef.fi\/edtech\/publications\/publications-2024\/","url":"https:\/\/sites.uef.fi\/edtech\/publications\/publications-2024\/","name":"2024 - Technologies for Learning and Development","isPartOf":{"@id":"https:\/\/sites.uef.fi\/edtech\/#website"},"datePublished":"2024-01-02T07:42:19+00:00","dateModified":"2025-02-20T10:08:56+00:00","breadcrumb":{"@id":"https:\/\/sites.uef.fi\/edtech\/publications\/publications-2024\/#breadcrumb"},"inLanguage":"en-US","potentialAction":[{"@type":"ReadAction","target":["https:\/\/sites.uef.fi\/edtech\/publications\/publications-2024\/"]}]},{"@type":"BreadcrumbList","@id":"https:\/\/sites.uef.fi\/edtech\/publications\/publications-2024\/#breadcrumb","itemListElement":[{"@type":"ListItem","position":1,"name":"Home","item":"https:\/\/sites.uef.fi\/edtech\/"},{"@type":"ListItem","position":2,"name":"Publications","item":"https:\/\/sites.uef.fi\/edtech\/publications\/"},{"@type":"ListItem","position":3,"name":"2024"}]},{"@type":"WebSite","@id":"https:\/\/sites.uef.fi\/edtech\/#website","url":"https:\/\/sites.uef.fi\/edtech\/","name":"Technologies for Learning and Development","description":"","potentialAction":[{"@type":"SearchAction","target":{"@type":"EntryPoint","urlTemplate":"https:\/\/sites.uef.fi\/edtech\/?s={search_term_string}"},"query-input":{"@type":"PropertyValueSpecification","valueRequired":true,"valueName":"search_term_string"}}],"inLanguage":"en-US"}]}},"_links":{"self":[{"href":"https:\/\/sites.uef.fi\/edtech\/wp-json\/wp\/v2\/pages\/4371","targetHints":{"allow":["GET"]}}],"collection":[{"href":"https:\/\/sites.uef.fi\/edtech\/wp-json\/wp\/v2\/pages"}],"about":[{"href":"https:\/\/sites.uef.fi\/edtech\/wp-json\/wp\/v2\/types\/page"}],"author":[{"embeddable":true,"href":"https:\/\/sites.uef.fi\/edtech\/wp-json\/wp\/v2\/users\/52"}],"replies":[{"embeddable":true,"href":"https:\/\/sites.uef.fi\/edtech\/wp-json\/wp\/v2\/comments?post=4371"}],"version-history":[{"count":1,"href":"https:\/\/sites.uef.fi\/edtech\/wp-json\/wp\/v2\/pages\/4371\/revisions"}],"predecessor-version":[{"id":5734,"href":"https:\/\/sites.uef.fi\/edtech\/wp-json\/wp\/v2\/pages\/4371\/revisions\/5734"}],"up":[{"embeddable":true,"href":"https:\/\/sites.uef.fi\/edtech\/wp-json\/wp\/v2\/pages\/727"}],"wp:attachment":[{"href":"https:\/\/sites.uef.fi\/edtech\/wp-json\/wp\/v2\/media?parent=4371"}],"curies":[{"name":"wp","href":"https:\/\/api.w.org\/{rel}","templated":true}]}}