{"id":6117,"date":"2026-01-07T08:28:48","date_gmt":"2026-01-07T06:28:48","guid":{"rendered":"https:\/\/sites.uef.fi\/edtech\/?page_id=6117"},"modified":"2026-04-21T14:52:07","modified_gmt":"2026-04-21T11:52:07","slug":"2026-2","status":"publish","type":"page","link":"https:\/\/sites.uef.fi\/edtech\/publications\/2026-2\/","title":{"rendered":"2026"},"content":{"rendered":"\n<p><\/p>\n\n\n\n<ol class=\"wp-block-list\">\n<li>F.G. Deriba, M. Saqr, M. Tukiainen, <a href=\"https:\/\/doi.org\/10.1080\/10494820.2026.2647973\">Enhancing students&#8217; learning outcomes through AI integration: An exploratory study in teaching interface design accessibility<\/a>. <em>Interactive Learning Environments, <\/em>2026.<\/li>\n\n\n\n<li>P.K. Boruzie, E.A. Kolog, J. Suhonen, <a href=\"https:\/\/doi.org\/10.58459\/rptel.2027.22010\">Exploring YouTube as a collaborative learning platform for accounting education in Ghana: A social capital theory approach<\/a>. <em>Research and Practice in Technology Enhanced Learning,<\/em> 2026.<\/li>\n\n\n\n<li>P.K. Boruzie, M.M. Hassan, N. Kausar, <a href=\"https:\/\/doi.org\/10.1007\/s44217-026-01453-6\">Three decades of students&#8217; partnership in pedagogical co-design: a scientometric mapping of an emerging research landscape<\/a>. <em>Disover Education<\/em>, 2026.<\/li>\n\n\n\n<li>P.K. Boruzie, E.A. Kolog, J. Suhonen, <a href=\"https:\/\/doi.org\/10.1109\/ICMET67594.2025.11451888\">Institutionalizing social networks for collaborative learning in accounting education: Developing country context<\/a>. In <em>Proceedings of the 7th International Conference on Modern Educational Technology<\/em> <em>(ICMET)<\/em>, pp. 125-133, IEEE, 2026.<\/li>\n\n\n\n<li>O. Hilke, N. Pope, J. Kahila, H. Vartiainen, T. Roos, T. Parkki, M. Tedre, Breakable machine: A K-12 clasroom game for transformative AI literacty through spoofing and eXplaianble AI (XAI). <em><a href=\"https:\/\/doi.org\/10.1609\/aaai.v40i47.41525\">Proceedings of the 40th Annual AAAI Conference on Artificial Intelligence<\/a><\/em>, vol. 40, no. 47, pp. 40762-40770.<\/li>\n\n\n\n<li>T. Valtonen, H. Vartiainen, E. V\u00e4h\u00e4, J. Kukkonen, E. Sointu, J. Kahila, M. Tedre, <a href=\"https:\/\/doi.org\/10.15388\/infedu.2506.023\">Measuring the data agency of pre-service teachers: A six factor model<\/a>. <em>Informatics in Education, <\/em>vol. 25, no. 1, pp. 201-221.<\/li>\n\n\n\n<li>J. Nathaniel, S.S. Oyelere, J. Suhonen, M. Tedre, <a href=\"https:\/\/www.frontiersin.org\/journals\/computer-science\/articles\/10.3389\/fcomp.2026.1789829\">An experimental study of structured Generative AI integration to mitigate pedagogical, cognitive, and ehtical barriers in programming education<\/a>. <em>Frontiers in Computer Science, <\/em>2026.<\/li>\n\n\n\n<li>M. Abedi, I.T. Sanusi, M. Tukiainen, <a href=\"https:\/\/doi.org\/10.1007\/s44436-026-00029-3\">Cultivating AI literacty in young learners: A blockchain enhanced framework for trustworthy and privacy preserving educational experiences<\/a>. <em>AI, Brain and Child<\/em>, vol. 2, no. 3, 2026.<\/li>\n\n\n\n<li>A. Adejumo, I.T. Sanusi, S.S. Oyelere, J. Suhonen, <a href=\"https:\/\/doi.org\/10.1016\/j.caeai.2026.100570\">A systematic review of the impact of GenAI on learning performance, AI hallucinations and problem-solving in computer science education<\/a>. <em>Computers &amp; Education: Artificial Intelligence<\/em>, 2026.<\/li>\n\n\n\n<li>J. Muntuumo, J. Nielsen, G. T. Nhinda, I. Jormanainen, M. Tukiainen, ROS-Based Robotics Education in K\u201312: A Systematic Review of Teaching Approaches and Learning Outcomes. In <em>6th International Conference on Computing and Communication Networks<\/em> <em>(ICCCNet-2026)<\/em>. Accepted for publication.<\/li>\n\n\n\n<li>H. Mashood, I. Jormanainen, From Novice to Practitioner in Two Weeks: A Qualitative Study of Intensive Industrial Robotics Education. In <em>Proceedings of 17th International Conference on Robotics in Education (RiE 2026)<\/em>. Accepted for publication.<\/li>\n\n\n\n<li>M. S. Pramanic, I. Jormanainen, P. Vartiainen, M. Kortelainen, RoboEdu: A Remote Robotics Education Environment for Learning ROS 2. In <em>Proceedings of 17th International Conference on Robotics in Education (RiE 2026)<\/em>. Accepted for publication.<\/li>\n\n\n\n<li>J. Laru, K. M\u00e4kitalo, M. Tedre, T. Valtonen, H. Vartiainen, Ohjelmoinnista ohjelmoinnilliseen ajatteluun ja teko\u00e4lytaitojen edist\u00e4miseen. In Kyr\u00f6nlampi, T., M\u00e4kitalo, K., M. Uitto (Eds.), Esi- ja alkuopetuksen k\u00e4sikirja (3. painos), 2026.<\/li>\n\n\n\n<li>M. Abedi, Empirical evaluation of an ethical AI framework for STEM education. <em>American Journal of STEM Education, <\/em>Accepted for publication.<\/li>\n\n\n\n<li>M. Conde-Gonz\u00e1lez, F. Rodriguez-Sedano, F. J. Garcia-Pe\u00f1alvo, L. Suganuma, J. Gon\u00e7alves, I. Jormanainen, S. Yigzaw, A Systematic Literature Review on the Benefits of Robotics and Active Learning Methodologies for Promoting STEAM Education among Students with Intellectual and Developmental Disabilities. <em>International Journal of Engineering Education, <\/em>vol. 42, no. 1, pp. 57-70, 2026.<\/li>\n\n\n\n<li>F.G. Deriba, M. Saqr, M. Tukiainen, <a href=\"https:\/\/doi.org\/10.1007\/s10209-025-01268-6\">Does the impact of GenAI persits in learning? Comparing AI and instructor feedback on accessibility<\/a>. <em>Universal Access in the Information Society, <\/em>vol. 25, no. 29, 2026.<\/li>\n<\/ol>\n\n\n\n<p><\/p>\n","protected":false},"excerpt":{"rendered":"","protected":false},"author":52,"featured_media":0,"parent":727,"menu_order":0,"comment_status":"closed","ping_status":"closed","template":"","meta":{"_acf_changed":false,"footnotes":""},"class_list":["post-6117","page","type-page","status-publish","hentry"],"acf":[],"yoast_head":"<!-- This site is optimized with the Yoast SEO plugin v27.3 - https:\/\/yoast.com\/product\/yoast-seo-wordpress\/ -->\n<title>2026 - Technologies for Learning and Development<\/title>\n<meta name=\"robots\" content=\"index, follow, max-snippet:-1, max-image-preview:large, max-video-preview:-1\" \/>\n<link rel=\"canonical\" href=\"https:\/\/sites.uef.fi\/edtech\/publications\/2026-2\/\" \/>\n<meta property=\"og:locale\" content=\"en_US\" \/>\n<meta property=\"og:type\" content=\"article\" \/>\n<meta property=\"og:title\" content=\"2026 - Technologies for Learning and Development\" \/>\n<meta property=\"og:url\" content=\"https:\/\/sites.uef.fi\/edtech\/publications\/2026-2\/\" \/>\n<meta property=\"og:site_name\" content=\"Technologies for Learning and Development\" \/>\n<meta property=\"article:modified_time\" content=\"2026-04-21T11:52:07+00:00\" \/>\n<meta name=\"twitter:card\" content=\"summary_large_image\" \/>\n<meta name=\"twitter:label1\" content=\"Est. reading time\" \/>\n\t<meta name=\"twitter:data1\" content=\"3 minutes\" \/>\n<script type=\"application\/ld+json\" class=\"yoast-schema-graph\">{\"@context\":\"https:\\\/\\\/schema.org\",\"@graph\":[{\"@type\":\"WebPage\",\"@id\":\"https:\\\/\\\/sites.uef.fi\\\/edtech\\\/publications\\\/2026-2\\\/\",\"url\":\"https:\\\/\\\/sites.uef.fi\\\/edtech\\\/publications\\\/2026-2\\\/\",\"name\":\"2026 - Technologies for Learning and Development\",\"isPartOf\":{\"@id\":\"https:\\\/\\\/sites.uef.fi\\\/edtech\\\/#website\"},\"datePublished\":\"2026-01-07T06:28:48+00:00\",\"dateModified\":\"2026-04-21T11:52:07+00:00\",\"breadcrumb\":{\"@id\":\"https:\\\/\\\/sites.uef.fi\\\/edtech\\\/publications\\\/2026-2\\\/#breadcrumb\"},\"inLanguage\":\"en-US\",\"potentialAction\":[{\"@type\":\"ReadAction\",\"target\":[\"https:\\\/\\\/sites.uef.fi\\\/edtech\\\/publications\\\/2026-2\\\/\"]}]},{\"@type\":\"BreadcrumbList\",\"@id\":\"https:\\\/\\\/sites.uef.fi\\\/edtech\\\/publications\\\/2026-2\\\/#breadcrumb\",\"itemListElement\":[{\"@type\":\"ListItem\",\"position\":1,\"name\":\"Home\",\"item\":\"https:\\\/\\\/sites.uef.fi\\\/edtech\\\/\"},{\"@type\":\"ListItem\",\"position\":2,\"name\":\"Publications\",\"item\":\"https:\\\/\\\/sites.uef.fi\\\/edtech\\\/publications\\\/\"},{\"@type\":\"ListItem\",\"position\":3,\"name\":\"2026\"}]},{\"@type\":\"WebSite\",\"@id\":\"https:\\\/\\\/sites.uef.fi\\\/edtech\\\/#website\",\"url\":\"https:\\\/\\\/sites.uef.fi\\\/edtech\\\/\",\"name\":\"Technologies for Learning and Development\",\"description\":\"\",\"potentialAction\":[{\"@type\":\"SearchAction\",\"target\":{\"@type\":\"EntryPoint\",\"urlTemplate\":\"https:\\\/\\\/sites.uef.fi\\\/edtech\\\/?s={search_term_string}\"},\"query-input\":{\"@type\":\"PropertyValueSpecification\",\"valueRequired\":true,\"valueName\":\"search_term_string\"}}],\"inLanguage\":\"en-US\"}]}<\/script>\n<!-- \/ Yoast SEO plugin. -->","yoast_head_json":{"title":"2026 - Technologies for Learning and Development","robots":{"index":"index","follow":"follow","max-snippet":"max-snippet:-1","max-image-preview":"max-image-preview:large","max-video-preview":"max-video-preview:-1"},"canonical":"https:\/\/sites.uef.fi\/edtech\/publications\/2026-2\/","og_locale":"en_US","og_type":"article","og_title":"2026 - Technologies for Learning and Development","og_url":"https:\/\/sites.uef.fi\/edtech\/publications\/2026-2\/","og_site_name":"Technologies for Learning and Development","article_modified_time":"2026-04-21T11:52:07+00:00","twitter_card":"summary_large_image","twitter_misc":{"Est. reading time":"3 minutes"},"schema":{"@context":"https:\/\/schema.org","@graph":[{"@type":"WebPage","@id":"https:\/\/sites.uef.fi\/edtech\/publications\/2026-2\/","url":"https:\/\/sites.uef.fi\/edtech\/publications\/2026-2\/","name":"2026 - Technologies for Learning and Development","isPartOf":{"@id":"https:\/\/sites.uef.fi\/edtech\/#website"},"datePublished":"2026-01-07T06:28:48+00:00","dateModified":"2026-04-21T11:52:07+00:00","breadcrumb":{"@id":"https:\/\/sites.uef.fi\/edtech\/publications\/2026-2\/#breadcrumb"},"inLanguage":"en-US","potentialAction":[{"@type":"ReadAction","target":["https:\/\/sites.uef.fi\/edtech\/publications\/2026-2\/"]}]},{"@type":"BreadcrumbList","@id":"https:\/\/sites.uef.fi\/edtech\/publications\/2026-2\/#breadcrumb","itemListElement":[{"@type":"ListItem","position":1,"name":"Home","item":"https:\/\/sites.uef.fi\/edtech\/"},{"@type":"ListItem","position":2,"name":"Publications","item":"https:\/\/sites.uef.fi\/edtech\/publications\/"},{"@type":"ListItem","position":3,"name":"2026"}]},{"@type":"WebSite","@id":"https:\/\/sites.uef.fi\/edtech\/#website","url":"https:\/\/sites.uef.fi\/edtech\/","name":"Technologies for Learning and Development","description":"","potentialAction":[{"@type":"SearchAction","target":{"@type":"EntryPoint","urlTemplate":"https:\/\/sites.uef.fi\/edtech\/?s={search_term_string}"},"query-input":{"@type":"PropertyValueSpecification","valueRequired":true,"valueName":"search_term_string"}}],"inLanguage":"en-US"}]}},"_links":{"self":[{"href":"https:\/\/sites.uef.fi\/edtech\/wp-json\/wp\/v2\/pages\/6117","targetHints":{"allow":["GET"]}}],"collection":[{"href":"https:\/\/sites.uef.fi\/edtech\/wp-json\/wp\/v2\/pages"}],"about":[{"href":"https:\/\/sites.uef.fi\/edtech\/wp-json\/wp\/v2\/types\/page"}],"author":[{"embeddable":true,"href":"https:\/\/sites.uef.fi\/edtech\/wp-json\/wp\/v2\/users\/52"}],"replies":[{"embeddable":true,"href":"https:\/\/sites.uef.fi\/edtech\/wp-json\/wp\/v2\/comments?post=6117"}],"version-history":[{"count":1,"href":"https:\/\/sites.uef.fi\/edtech\/wp-json\/wp\/v2\/pages\/6117\/revisions"}],"predecessor-version":[{"id":6435,"href":"https:\/\/sites.uef.fi\/edtech\/wp-json\/wp\/v2\/pages\/6117\/revisions\/6435"}],"up":[{"embeddable":true,"href":"https:\/\/sites.uef.fi\/edtech\/wp-json\/wp\/v2\/pages\/727"}],"wp:attachment":[{"href":"https:\/\/sites.uef.fi\/edtech\/wp-json\/wp\/v2\/media?parent=6117"}],"curies":[{"name":"wp","href":"https:\/\/api.w.org\/{rel}","templated":true}]}}