{"id":736,"date":"2021-03-25T12:47:29","date_gmt":"2021-03-25T10:47:29","guid":{"rendered":"https:\/\/sites.uef.fi\/edtech\/?page_id=736"},"modified":"2025-02-26T13:20:23","modified_gmt":"2025-02-26T11:20:23","slug":"current-year-2021","status":"publish","type":"page","link":"https:\/\/sites.uef.fi\/edtech\/publications\/current-year-2021\/","title":{"rendered":"2021"},"content":{"rendered":"<ol>\n<li>Z. Ofir, M. Tedre, M. Saqr, M.,\u00a0 Kliukina, S. <a href=\"_wp_link_placeholder\" data-wplink-edit=\"true\">End of programme evaluation of Sida\u2019s support to the World Academy of Science<\/a> (TWAS), 2017-2021.<\/li>\n<li>Denning, P.J., Tedre, M., <a href=\"https:\/\/doi.org\/10.1109\/MAHC.2021.3132110\">Mathematics, logic and engineering in computing<\/a>. <em>IEEE Annals of the History of Computing, <\/em>vol. 43, no. 4, pp. 97-100, 2021.<\/li>\n<li>Yunusa, A.A., I.T. Sanusi, O.A. Dada, S.S. Oyelere, F.J. Agbo, G. Obaido, K. Aruleba,<a href=\"http:\/\/ijedict.dec.uwi.edu\/include\/getdoc.php?id=9285&amp;article=2950&amp;mode=pdf\"> The impact of the COVID-19 pandemic on higher education in Nigeria: University lecturers&#8217; perspectives<\/a>. <em>International Journal of Education and Development using Information and Communication Technology<\/em>, vol. 17, no. 4, pp. 43-66, 2021.<\/li>\n<li>H. Vartiainen, M. Tedre, I. Jormanainen, J. Kahila, T. Valtonen, T. Toivonen, <a href=\"https:\/\/doi.org\/10.23988\/ad.90776\">Teko\u00e4ly, koneoppiminen ja teknologinen murros: Kohti datatoimijuutta ja tulevaisuuden design-taitoja<\/a>. <em>Ainedidaktiikka, <\/em>vol. 5, no. 2, pp. 103-120, 2021.<\/li>\n<li>I.T. Sanusi, S.S. Oyelere, J.O. Omidiora, <a href=\"https:\/\/doi.org\/10.1016\/j.caeo.2021.100072\">Exploring teachers&#8217; preconceptions of teaching machine learning in high school: A preliminary insight from Africa<\/a>. <em>Computers and Education Open, <\/em>Vol. 3, 2022.<\/li>\n<li>A. Pears, M. Tedre, T. Valtonen, H. Vartiainen, <a href=\"https:\/\/doi.org\/10.1109\/FIE49875.2021.9637416\">What makes computational thinking so troublesome?<\/a> <em>Proceedings of the<\/em> <em>2021 IEEE Frontiers in Education (FIE) Conference<\/em><em>,<\/em> IEEE, 2021.<\/li>\n<li>V. Costas-Jauregui, S.S. Oyelere, L.B. Caussin-Torrez, G. Barros-Gavilanes, F.J. Agbo, T. Toivonen, R. Motz, J.B. Tenesaca, <a href=\"https:\/\/doi.org\/10.1109\/FIE49875.2021.9637388\">Descriptive analytics dashboard for an inclusive learning environment<\/a>. <em>Proceedings of the<\/em> <em>2021 IEEE Frontiers in Education (FIE) Conference<\/em><em>,<\/em> IEEE, 2021.<em><br \/>\n<\/em><\/li>\n<li>F.J. Agbo, S.T. Yigzaw, I.T. Sanusi, S.S. Oyelere, A.H. Mare, <a href=\"https:\/\/doi.org\/10.1109\/FIE49875.2021.9637405\">Examining theoretical and pedagogical foundations of computational thinking in the context of higher education<\/a>. <em>Proceedings of the<\/em> <em>2021 IEEE Frontiers in Education (FIE) Conference, <\/em>IEEE, 2021.<\/li>\n<li>S.A. Olaleye, I.T. Sanusi, O.A. Dada, <a href=\"https:\/\/dx.doi.org\/10.20469\/ijbas.7.10005-2\">Nigeria social enterprise perception on social issues, profit maximization, innovation, and knowledge sharing for poverty eradication<\/a>. <em>I<\/em><i>nternational Journal of Business and Administrative Studies,<\/i> vol.7, no. 2, pp. 107-116, 2021.<\/li>\n<li>O.A. Dada, S.A. Olaleye, I.T. Sanusi, G. Obaido, K. Aruleba, <a href=\"https:\/\/www.ijicc.net\/images\/Vol_15\/Iss_10\/151008_Dada_2021_E1_R.pdf\">Customer satisfaction: Refunds from European airlines during COVID-19<\/a>. <em>International Journal of Innovation, Creativity and Change, <\/em>vol. 15, no. 10, 2021.<\/li>\n<li>T. Valtonen, S. L\u00f3pez-Pernas, M. Saqr, H. Vartiainen, E.T. Sointu, M. Tedre, <a href=\"https:\/\/doi.org\/10.1016\/j.chb.2021.107123\">The nature and building blocks of educational technology research<\/a>. <em>Computers in Human Behavior, <\/em>vol. 128, 2021.<\/li>\n<li>I.T. Sanusi, S.A. Olaleye, O.A. Dada, <a href=\"https:\/\/ieeexplore.ieee.org\/document\/9381133\">Teaching experiences during COVID-19 pandemic: Narratives from ResearchGate<\/a>. In <em>XV Conferencia Latinoamericana de Tecnologias de Aprendizaje (LACLO), <\/em>Loja, Ecuador, IEEE, pp. 1-8, 2021.<\/li>\n<li>M. Apiola, M. Tedre, S. L\u00f2pez-Pernas, M. Saqr, M. Daniels, A. Pears, <a href=\"https:\/\/doi.org\/10.1109\/FIE49875.2021.9637209\">A scientometric journey through the FIE bookshelf: 1982-2020<\/a>. <em>Proceedings of the<\/em> <em>2021 IEEE Frontiers in Education (FIE) Conference,<\/em> IEEE, 2021.<\/li>\n<li>P.J. Denning, M. Tedre, <a href=\"https:\/\/doi.org\/10.1145\/3491268\">Computational thinking for professionals<\/a>. <em>Communications of the ACM, <\/em>vol. 64, no. 1, pp. 30-33, 2021.<\/li>\n<li>M. Tedre, J. Pajunen, Kuinka tietojenk\u00e4sittelytieteen paradigma kypsyi? In M. Laakkonen (Ed.), <a href=\"https:\/\/jyx.jyu.fi\/handle\/123456789\/78647\"><em>Informaatioteknologian filosofia, etiikka ja digitalisoitunut yhteiskunta<\/em><\/a>. <em>SoPhi<\/em>.146. Jyv\u00e4skyl\u00e4n yliopisto. Yhteiskuntatieteiden ja filosofian laitos.<\/li>\n<li>I.T. Sanusi,<a href=\"https:\/\/doi.org\/10.1145\/3488042.3490514\"> Intercontinental evidence on learners&#8217; differentials in sense-making of machine learning in schools<\/a>. <em>Proceedings of the 21st Koli Calling International Conference on Computing Education Research.<\/em> ACM, 2021.<\/li>\n<li>M. Tedre, P. Denning, T. Toivonen, <a href=\"https:\/\/doi.org\/10.1145\/3488042.3488053\">CT 2.0<\/a>. <em>Proceedings of the 21st Koli Calling International Conference on Computing Education Research.<\/em> ACM, 2021.<\/li>\n<li>F.J. Agbo, S.S. Oyelere, J. Suhonen, M. Tukiainen, <a href=\"https:\/\/doi.org\/10.1145\/3488042.3489963\">iThinkSmart: Immersive virtual reality mini games to facilitate students&#8217; computational thinking skills.<\/a> <em>Proceedings of the 21st Koli Calling International Conference on Computing Education Research.<\/em> ACM, 2021.<\/li>\n<li>V. Paliktzoglou, S.S. Oyelere, J. Suhonen, N.R. Mramba, <a href=\"http:\/\/jise.org\/Volume32\/n3\/JISEv32n3p160.html\">Social media: Computing education perspectives in diverse educational contexts,\u00a0<\/a><em>Journal of Information Systems Education, <\/em>vol. 32, no. 3, pp. 160-165, 2021.<\/li>\n<li>F.J. Agbo, O. Olawuni, O.S. Balogun, I.T. Sanusi, S.A. Olaleye, K. Sunday, E.A. Kolog, D.D. Atsa&#8217;am, F. Adusei-Mensah, A. Adegbite, F.W. Ipeayeda, <a href=\"http:\/\/jise.org\/Volume32\/n3\/JISEv32n3p213.html\">Investigating students&#8217; perception towards the use of social media for computing education in Nigeria<\/a>. <em>Journal of Information Systems Education, <\/em>vol. 32, no. 3, pp. 213-227, 2021.<\/li>\n<li>R. Babo, R. Fitas, J. Suhonen, M. Tukiainen, <a href=\"https:\/\/doi.org\/10.1109\/RITA.2021.3122942\">Webavalia: Algorithm improvement of an eAssessment tool based on a user survey<\/a>. <em>IEEE Revista Iberoamericana de Technologias del Aprendizaje<\/em>, vol. 16, no. 3, pp. 283-293, 2021.<\/li>\n<li>M. A. Eliseo, de La Higuera Amato, C., S.S. Oyelere, V. F. Martins, I.F. Silveira, <a href=\"https:\/\/doi.org\/10.23919\/CISTI52073.2021.9476667\">Fostering inclusive education through universal instructional design.<\/a>\u00a0<em> Proceedings of the 16th Iberian Conference on Information Systems and Technologies (CISTI),\u00a0<\/em>2021.<\/li>\n<li>I. Sanusi, S.A. Olaleye, A. Okunoye, <a href=\"https:\/\/ieeexplore.ieee.org\/document\/9381155\">Preparation for future learning: The case of rural communities in Nigeria<\/a>. In <em>XV Conferencia Latinoamericana de Tecnologias de Aprendizaje (LACLO), <\/em>Loja, Ecuador, IEEE, pp. 1-8, 2021.<\/li>\n<li>M. Tedre, P.J. Denning, Computational thinking: A professional and historical perspective. In A. Yadav, U.D. Berthelsen (Eds.), <a href=\"https:\/\/www.routledge.com\/Computational-Thinking-in-Education-A-Pedagogical-Perspective\/Yadav-Berthelsen\/p\/book\/9780367610357\"><em>Computational Thinking in Education<\/em><\/a>, Routledge, 2021.<\/li>\n<li>S. Yigzaw, I. Jormanainen, M. Tukiainen, <a href=\"https:\/\/digitalcommons.kennesaw.edu\/ajis\/vol13\/iss3\/6\/\">Knowledge Sharing in the Higher Education Environment of Developing Economies \u2013 The Case of Eritrea<\/a>. <em>The African Journal of Information Systems<\/em>, vol. 13, no. 3, Article 6, 2021.<\/li>\n<li>R. Nevalainen, M. Tukiainen, R. Myllym\u00e4ki, <a href=\"https:\/\/www.ketteratkirjat.fi\/kirjat\/42049\">Resilienssi<\/a>, Ketter\u00e4t Kirjat, 2021.<\/li>\n<li>O.A. Dada, I.T. Sanusi, <a href=\"https:\/\/doi.org\/10.1080\/20421338.2021.1955431\">The adoption of Software Engineering practices in a Scrum environment<\/a>. <em>African Journal of Science, Technology, Innovation and Development,<\/em> 2021.<\/li>\n<li>S.A Olaleye, I.T. Sanusi, O.A. Dada, <a href=\"https:\/\/doi.org\/10.1007\/978-3-030-77025-9_24\">Bibliometric structured review of mobile Information Systems<\/a>. In: Salvendy G., Wei J. (Eds.), <em>Design, Operation and Evaluation of Mobile Communications. HCII 2021<\/em>. Lecture Notes in Computer Science, vol 12796. Springer, Cham, 2021.<\/li>\n<li>T. Toivonen, M. Tukiainen, <a href=\"https:\/\/doi.org\/10.3390\/a14090253\">The power of human\u2013algorithm collaboration in solving combinatorial optimization problems<\/a>.\u00a0<em>Algorithms<\/em>, vol. 14, no. 9: 253, 2021.<\/li>\n<li>S. Yigzaw, I. Jormanainen, M. Tukiainen, <a href=\"https:\/\/doi.org\/10.1145\/3486011.3486563\">Information Systems in developing countries: Opportunities and challenges<\/a>. <em>Proceedings of the 9th Technological Ecosystems for Enhancing Multiculturality (TEEM 2021) Conference<\/em>, ACM, pp. 812-818, 2021.<\/li>\n<li>S. Mrong, I. Jormanainen, T. Toivonen, <a href=\"https:\/\/doi.org\/10.1145\/3486011.3486419\">Visualization tool for teaching and learning Artificial Neural Networks<\/a>. <em>Proceedings of the 9th Technological Ecosystems for Enhancing Multiculturality (TEEM 2021) Conference<\/em>, ACM, pp. 58-62, 2021.<\/li>\n<li>M. Conde, C. Fern\u00e1ndez, F. Rodr\u00edguez-Sedano, C. Gonz\u00e1lez-Barrientos, M. Ramos, M. Jesus, J. Gon\u00e7alves, D. Reimann, F.J. Garc\u00eda Pe\u00f1alvo, I. Jormanainen, <a href=\"https:\/\/doi.org\/10.1145\/3486011.3486417\">RoboSTEAM project the pilot phases<\/a>. <em>Proceedings of the 9th Technological Ecosystems for Enhancing Multiculturality (TEEM 2021) Conference<\/em>, ACM, pp. 44-50, 2021.<\/li>\n<li>M. Tedre, T. Toivonen, J. Kahila, H. Vartiainen, T. Valtonen, I. Jormanainen, A. Pears, <a href=\"https:\/\/doi.org\/10.1109\/ACCESS.2021.3097962\">Teaching machine learning in K\u201312 classroom: Pedagogical and technological trajectories for artificial intelligence education<\/a>. <em>IEEE Access, <\/em>vol. 9, pp. 110558-110572,\u00a02021.<\/li>\n<li>A. Shipepe, L. Uwu-Khaeb, E. Kolog, M. Apiola, K. Mufeti, E. Sutinen, <a href=\"https:\/\/doi.org\/10.1109\/FIE49875.2021.9637356\">Towards the fourth industrial revolution in Namibia: An undergraduate AI course africanized<\/a>. <em>Proceedings of the<\/em> <em>2021 IEEE Frontiers in Education (FIE) Conference, <\/em>IEEE, 2021.<\/li>\n<li>M.N. Mwasaga, M. Joy, <a href=\"https:\/\/doi.org\/10.1109\/FIE49875.2021.9637400\">Contextualizing micro high performance computing artifact in higher education<\/a>. <em>Proceedings of the<\/em> <em>2021 IEEE Frontiers in Education (FIE) Conference, <\/em>2021.<\/li>\n<li>J. Rumanyika, M. Apiola, N.R. Mramba, S.S. Oyelere, M. Tedre, <a href=\"https:\/\/doi.org\/10.1080\/20421338.2021.1942411\">Design and development of Machinga mobile trading application: A participatory and design science research<\/a>. <em>African Journal of Science, Technology, Innovation and Development<\/em>, 2021.<\/li>\n<li>I.T. Sanusi, S.S. Oyelere, F.J. Agbo, J. Suhonen, <a href=\"https:\/\/doi.org\/10.1109\/FIE49875.2021.9637393\">Survey of resources for introducing machine learning in K-12 context<\/a>. <em>Proceedings of the<\/em> <em>2021 IEEE Frontiers in Education (FIE) Conference, <\/em>2021.<\/li>\n<li>S.S. Oylere, F.J. Agbo, I. Sanusi, I., \u00d6.Y. Akyar, How to implement an online workshop-based digital storytelling: Experiences from Finland. In B. Simsek, \u00d6.Y. Akyar, S.S. Oyelere, G. Demirhan (Eds.), <a href=\"http:\/\/openaccess.hacettepe.edu.tr:8080\/xmlui\/handle\/11655\/23667\"><em>Reflections on Inclusion and ICT in the Context of Smart Ecosystem for Learning and Inclusion Project<\/em><\/a> (pp. 85-107). Hacettepe University, 2021.<\/li>\n<li>J. Kahila, S. Piispa-Hakala, S. Kahila, T. Valtonen, H. Vartiainen, M. Tedre, &#8220;<a href=\"http:\/\/ceur-ws.org\/Vol-2883\/paper3.pdf\">If the game does not work, it lagging or you die in game, you just get furious&#8221; &#8211; Children&#8217;s experiences on gamer rage<\/a>. <em>GamiFin Conference, <\/em>2021.<\/li>\n<li>P.J. Denning, M. Tedre, <a href=\"https:\/\/doi.org\/10.15388\/infedu.2021.21\">Computational thinking: A disciplinary perspective.<\/a> <em>Informatics in Education, <\/em>2021.<\/li>\n<li>S.A. Olaleye, I.T. Sanusi, R.O. Agjei, F. Adusei-Mensah, <a href=\"http:\/\/dx.doi.org\/10.1108\/IDD-06-2020-0064\">Please call my contact person: Mobile devices for a rescue mission during an emergency<\/a>. <em>Information Discovery and Delivery,<\/em> vol. 49, no. 2, 2021.<\/li>\n<li>J. Kahila, M. Tedre, S. Kahila, H. Vartiainen, T. Valtonen, K. M\u00e4kitalo, <a href=\"https:\/\/doi.org\/10.1177%2F1354856520979482\">Children&#8217;s gaming involves much more than the gaming itself: A study of the metagame among 12- to 15-year-old children<\/a>. <em>Convergence: The International Journal of Research into New Media Technologies,<\/em> vol. 27, no. 3, 2021.<\/li>\n<li>T. Valtonen, H. Vartiainen, M. Tedre, T. Toivonen, A. Kokko, J. Kahila, I. Jormanainen, S. Piispa-Hakala, <a href=\"https:\/\/journal.fi\/kasvatus\/article\/view\/107970\">Oppilaat digitalisoituneen yhteiskunnan toimijoina<\/a>. <em>Kasvatus<\/em>, vol. 52, no. 1, pp. 108-113, 2021.<\/li>\n<li>F.J. Agbo, S.S. Oyelere, J. Suhonen, T.H. Laine, <a href=\"https:\/\/doi.org\/10.1007\/s10639-021-10515-1\">Co-design of mini games for learning computational thinking in an online environment<\/a>. <em>Education and Information Technologies<\/em>, vol. 26, 5815-5849, 2021.<\/li>\n<li>F.J. Agbo, S.A. Olaleye, I.T. Sanusi, O.A. Dada, <a href=\"http:\/\/ijedict.dec.uwi.edu\/include\/getdoc.php?id=9049&amp;article=2952&amp;mode=pdf\">A review of thematic growth of International Journal of Education and Development using ICT<\/a>. <em>International Journal of Education and Development using Information and Communication Technology,<\/em> vol. 17, no. 2, pp. 17-36, 2021.<\/li>\n<li>R. Babo, J. Rocha, R. Fitas, J. Suhonen, M. Tukiainen, <a href=\"https:\/\/www.igi-global.com\/article\/self-and-peer-e-assessment\/277379\">Self and peer-assessment: A study on software usability<\/a>. <em>International Journal of Information and Communication Technology Education<\/em>, vol. 17, no. 3, 2021.<\/li>\n<li>M. Saqr, K. Ng, S.S. Oyelere, M. Tedre, <a href=\"https:\/\/doi.org\/10.1145\/3445984\">People, ideas, milestones: A scientometric analysis of computational thinking.<\/a>\u00a0<em>ACM Transactions on Computing Education, <\/em>vol. 21, no. 3, 2021.<\/li>\n<li>J. Rumanyika, M. Apiola, N.R. Mramba, S.S. Oyelere, M. Tedre, <a href=\"https:\/\/doi.org\/10.1002\/isd2.12176\">Mobile technology for street trading in Tanzania: A design science research approach for determining user requirements<\/a>. <em>The Electronic Journal of Information Systems in Developing Countries,<\/em> e12176, 2021.<\/li>\n<li>H. Vartiainen, T. Toivonen, I. Jormanainen, J. Kahila, M. Tedre, T. Valtonen, <a href=\"https:\/\/doi.org\/10.1016\/j.ijcci.2021.100281\">Machine learning for middle schoolers: Learning through data-driven design<\/a>. In <em>International Journal of Child-Computer Interaction<\/em>, 100281, 2021.<\/li>\n<li>M. \u00c1. Conde, F. J. Rodr\u00edguez-Sedano, C. Fern\u00e1ndez-Llamas, M. J.\u00a0 Ramos, M. D. Jesus, S. Celis, J. Gon\u00e7alves, J. Lima, D. Reimann, I. Jormanainen, J. Paavilainen, F. J. Garc\u00eda-Pe\u00f1alvo, <a href=\"https:\/\/doi.org\/10.4018\/978-1-7998-4156-2.ch008\">RoboSTEAM Project: Integrating STEAM and Computational Thinking Development by Using Robotics and Physical Devices<\/a>. In Garc\u00eda-Pe\u00f1alvo, F. J. (Ed.), <em>Information Technology Trends for a Global and Interdisciplinary Research Community<\/em> (pp. 157-174). IGI Global, 2021.<\/li>\n<li>F.J. Agbo, S.S. Oyelere, J. Suhonen, M. Tukiainen, <a href=\"https:\/\/slejournal.springeropen.com\/articles\/10.1186\/s40561-020-00145-4\">Scientific production and thematic breakthroughs in smart learning environments: A bibliometric analysis<\/a>. <em>Smart Learning Environments, <\/em>vol. 8, no. 1, 2021.<\/li>\n<li>F.J. Agbo, I.T. Sanusi, S.S. Oyelere, J. Suhonen, <a href=\"https:\/\/www.mdpi.com\/2227-7102\/11\/3\/142\">Application of virtual reality in Computer Science Education: A systematic review based on bibliometric and content analysis methods<\/a>. <em>Education Sciences, <\/em>vol. 11, no. 3, 2021.<\/li>\n<li>M. Zambrano, C. Villacis, D. Alvarado, D. P\u00e9rez, V. Carvajal, J. Guijaro, N. Prajapati, S.S. Oyelere, <a href=\"https:\/\/doi.org\/10.1109\/ICEIT51700.2021.9375611\">Active learning of programming as a complex technology applying problem solving, programming case study and onlineGDB compiler<\/a>. In <em>10th International Conference on Education and Information Technology (ICEIT), <\/em>Chengdu, China, IEEE, pp. 120-129, 2021.<\/li>\n<li>A.P. Cooper, I. Jormanainen, A. Shipepe, E. Sutinen, <a href=\"https:\/\/doi.org\/10.1504\/IJWBC.2021.114453\">Faith communities online: Christian churches\u2019 reactions to the COVID-19 outbreak<\/a>.<em> International Journal of Web Based Communities, <\/em>17(2), 99-119.<\/li>\n<li>S.A. Olaleye, I.T. Sanusi, F.J. Agbo, S.S. Oyelere, <a href=\"https:\/\/doi.org\/10.1109\/LACLO50806.2020.9381188\">Is distance learning compatible with student lifestyle? Assessment of program content, workload and long-time usefulness<\/a>. In <em>XV Conferencia Latinoamericana de Tecnologias de Aprendizaje (LACLO), <\/em>Loja, Ecuador, IEEE, pp. 1-7, 2021.<\/li>\n<li>L. Tomczyk, V. Farinazzo Martins, M.A. Eliseo, I.F. Silveira, C.A. de La Higuera Amato, L. Sto\u0161ic, S.S. Oyelere, <a href=\"https:\/\/doi.org\/10.1109\/LACLO50806.2020.9381130\">How does the attitude to new media influence the evaluation of a new e-learning platform among current and future teachers?<\/a> In <em>XV Conferencia Latinoamericana de Tecnologias de Aprendizaje (LACLO), <\/em>Loja, Ecuador, IEEE, pp. 1-8, 2021.<\/li>\n<li>A.A. Yunusa, I.T. Sanusi, O.A. Dada, S.S. Oyelere, F.J. Agbo, <a href=\"https:\/\/doi.org\/10.1109\/LACLO50806.2020.9381174\">Disruptions of academic activities in Nigeria: University lecturers&#8217; perceptions and responses to the COVID-19<\/a>. In <em>XV Conferencia Latinoamericana de Tecnologias de Aprendizaje (LACLO), <\/em>Loja, Ecuador, IEEE, pp. 1-8, 2021.<\/li>\n<li>J. Kahila, M. Tedre, S. Kahila, H. Vartiainen, T. Valtonen, <a href=\"https:\/\/journal.fi\/inf\/article\/view\/97477\">Adolescents&#8217; digital game-related information-seeking<\/a>. <em>Informaatiotutkimus<\/em>, vol. 40, no. 1, 2021.<\/li>\n<\/ol>\n","protected":false},"excerpt":{"rendered":"<p>Z. Ofir, M. Tedre, M. Saqr, M.,\u00a0 Kliukina, S. End of programme evaluation of Sida\u2019s support to the World Academy of Science (TWAS), 2017-2021. Denning, P.J., Tedre, M., Mathematics, logic and engineering in computing. IEEE Annals of the History of Computing, vol. 43, no. 4, pp. 97-100, 2021. Yunusa, A.A., I.T. Sanusi, O.A. Dada, S.S. [&hellip;]<\/p>\n","protected":false},"author":49,"featured_media":0,"parent":727,"menu_order":0,"comment_status":"closed","ping_status":"closed","template":"","meta":{"_acf_changed":false,"footnotes":""},"class_list":["post-736","page","type-page","status-publish","hentry"],"acf":[],"yoast_head":"<!-- This site is optimized with the Yoast SEO plugin v27.1.1 - https:\/\/yoast.com\/product\/yoast-seo-wordpress\/ -->\n<title>2021 - Technologies for Learning and Development<\/title>\n<meta name=\"robots\" content=\"index, follow, max-snippet:-1, max-image-preview:large, max-video-preview:-1\" \/>\n<link rel=\"canonical\" href=\"https:\/\/sites.uef.fi\/edtech\/publications\/current-year-2021\/\" \/>\n<meta property=\"og:locale\" content=\"en_US\" \/>\n<meta property=\"og:type\" content=\"article\" \/>\n<meta property=\"og:title\" content=\"2021 - Technologies for Learning and Development\" \/>\n<meta property=\"og:description\" content=\"Z. Ofir, M. Tedre, M. Saqr, M.,\u00a0 Kliukina, S. End of programme evaluation of Sida\u2019s support to the World Academy of Science (TWAS), 2017-2021. Denning, P.J., Tedre, M., Mathematics, logic and engineering in computing. IEEE Annals of the History of Computing, vol. 43, no. 4, pp. 97-100, 2021. Yunusa, A.A., I.T. Sanusi, O.A. Dada, S.S. [&hellip;]\" \/>\n<meta property=\"og:url\" content=\"https:\/\/sites.uef.fi\/edtech\/publications\/current-year-2021\/\" \/>\n<meta property=\"og:site_name\" content=\"Technologies for Learning and Development\" \/>\n<meta property=\"article:modified_time\" content=\"2025-02-26T11:20:23+00:00\" \/>\n<meta name=\"twitter:card\" content=\"summary_large_image\" \/>\n<meta name=\"twitter:label1\" content=\"Est. reading time\" \/>\n\t<meta name=\"twitter:data1\" content=\"9 minutes\" \/>\n<script type=\"application\/ld+json\" class=\"yoast-schema-graph\">{\"@context\":\"https:\/\/schema.org\",\"@graph\":[{\"@type\":\"WebPage\",\"@id\":\"https:\/\/sites.uef.fi\/edtech\/publications\/current-year-2021\/\",\"url\":\"https:\/\/sites.uef.fi\/edtech\/publications\/current-year-2021\/\",\"name\":\"2021 - Technologies for Learning and Development\",\"isPartOf\":{\"@id\":\"https:\/\/sites.uef.fi\/edtech\/#website\"},\"datePublished\":\"2021-03-25T10:47:29+00:00\",\"dateModified\":\"2025-02-26T11:20:23+00:00\",\"breadcrumb\":{\"@id\":\"https:\/\/sites.uef.fi\/edtech\/publications\/current-year-2021\/#breadcrumb\"},\"inLanguage\":\"en-US\",\"potentialAction\":[{\"@type\":\"ReadAction\",\"target\":[\"https:\/\/sites.uef.fi\/edtech\/publications\/current-year-2021\/\"]}]},{\"@type\":\"BreadcrumbList\",\"@id\":\"https:\/\/sites.uef.fi\/edtech\/publications\/current-year-2021\/#breadcrumb\",\"itemListElement\":[{\"@type\":\"ListItem\",\"position\":1,\"name\":\"Home\",\"item\":\"https:\/\/sites.uef.fi\/edtech\/\"},{\"@type\":\"ListItem\",\"position\":2,\"name\":\"Publications\",\"item\":\"https:\/\/sites.uef.fi\/edtech\/publications\/\"},{\"@type\":\"ListItem\",\"position\":3,\"name\":\"2021\"}]},{\"@type\":\"WebSite\",\"@id\":\"https:\/\/sites.uef.fi\/edtech\/#website\",\"url\":\"https:\/\/sites.uef.fi\/edtech\/\",\"name\":\"Technologies for Learning and Development\",\"description\":\"\",\"potentialAction\":[{\"@type\":\"SearchAction\",\"target\":{\"@type\":\"EntryPoint\",\"urlTemplate\":\"https:\/\/sites.uef.fi\/edtech\/?s={search_term_string}\"},\"query-input\":{\"@type\":\"PropertyValueSpecification\",\"valueRequired\":true,\"valueName\":\"search_term_string\"}}],\"inLanguage\":\"en-US\"}]}<\/script>\n<!-- \/ Yoast SEO plugin. -->","yoast_head_json":{"title":"2021 - Technologies for Learning and Development","robots":{"index":"index","follow":"follow","max-snippet":"max-snippet:-1","max-image-preview":"max-image-preview:large","max-video-preview":"max-video-preview:-1"},"canonical":"https:\/\/sites.uef.fi\/edtech\/publications\/current-year-2021\/","og_locale":"en_US","og_type":"article","og_title":"2021 - Technologies for Learning and Development","og_description":"Z. Ofir, M. Tedre, M. Saqr, M.,\u00a0 Kliukina, S. End of programme evaluation of Sida\u2019s support to the World Academy of Science (TWAS), 2017-2021. Denning, P.J., Tedre, M., Mathematics, logic and engineering in computing. IEEE Annals of the History of Computing, vol. 43, no. 4, pp. 97-100, 2021. Yunusa, A.A., I.T. Sanusi, O.A. Dada, S.S. [&hellip;]","og_url":"https:\/\/sites.uef.fi\/edtech\/publications\/current-year-2021\/","og_site_name":"Technologies for Learning and Development","article_modified_time":"2025-02-26T11:20:23+00:00","twitter_card":"summary_large_image","twitter_misc":{"Est. reading time":"9 minutes"},"schema":{"@context":"https:\/\/schema.org","@graph":[{"@type":"WebPage","@id":"https:\/\/sites.uef.fi\/edtech\/publications\/current-year-2021\/","url":"https:\/\/sites.uef.fi\/edtech\/publications\/current-year-2021\/","name":"2021 - Technologies for Learning and Development","isPartOf":{"@id":"https:\/\/sites.uef.fi\/edtech\/#website"},"datePublished":"2021-03-25T10:47:29+00:00","dateModified":"2025-02-26T11:20:23+00:00","breadcrumb":{"@id":"https:\/\/sites.uef.fi\/edtech\/publications\/current-year-2021\/#breadcrumb"},"inLanguage":"en-US","potentialAction":[{"@type":"ReadAction","target":["https:\/\/sites.uef.fi\/edtech\/publications\/current-year-2021\/"]}]},{"@type":"BreadcrumbList","@id":"https:\/\/sites.uef.fi\/edtech\/publications\/current-year-2021\/#breadcrumb","itemListElement":[{"@type":"ListItem","position":1,"name":"Home","item":"https:\/\/sites.uef.fi\/edtech\/"},{"@type":"ListItem","position":2,"name":"Publications","item":"https:\/\/sites.uef.fi\/edtech\/publications\/"},{"@type":"ListItem","position":3,"name":"2021"}]},{"@type":"WebSite","@id":"https:\/\/sites.uef.fi\/edtech\/#website","url":"https:\/\/sites.uef.fi\/edtech\/","name":"Technologies for Learning and Development","description":"","potentialAction":[{"@type":"SearchAction","target":{"@type":"EntryPoint","urlTemplate":"https:\/\/sites.uef.fi\/edtech\/?s={search_term_string}"},"query-input":{"@type":"PropertyValueSpecification","valueRequired":true,"valueName":"search_term_string"}}],"inLanguage":"en-US"}]}},"_links":{"self":[{"href":"https:\/\/sites.uef.fi\/edtech\/wp-json\/wp\/v2\/pages\/736","targetHints":{"allow":["GET"]}}],"collection":[{"href":"https:\/\/sites.uef.fi\/edtech\/wp-json\/wp\/v2\/pages"}],"about":[{"href":"https:\/\/sites.uef.fi\/edtech\/wp-json\/wp\/v2\/types\/page"}],"author":[{"embeddable":true,"href":"https:\/\/sites.uef.fi\/edtech\/wp-json\/wp\/v2\/users\/49"}],"replies":[{"embeddable":true,"href":"https:\/\/sites.uef.fi\/edtech\/wp-json\/wp\/v2\/comments?post=736"}],"version-history":[{"count":1,"href":"https:\/\/sites.uef.fi\/edtech\/wp-json\/wp\/v2\/pages\/736\/revisions"}],"predecessor-version":[{"id":5772,"href":"https:\/\/sites.uef.fi\/edtech\/wp-json\/wp\/v2\/pages\/736\/revisions\/5772"}],"up":[{"embeddable":true,"href":"https:\/\/sites.uef.fi\/edtech\/wp-json\/wp\/v2\/pages\/727"}],"wp:attachment":[{"href":"https:\/\/sites.uef.fi\/edtech\/wp-json\/wp\/v2\/media?parent=736"}],"curies":[{"name":"wp","href":"https:\/\/api.w.org\/{rel}","templated":true}]}}