{"id":1081,"date":"2023-09-08T13:55:30","date_gmt":"2023-09-08T13:55:30","guid":{"rendered":"https:\/\/sites.uef.fi\/eduentr\/?page_id=1081"},"modified":"2023-11-07T10:39:16","modified_gmt":"2023-11-07T10:39:16","slug":"yrittajyyden-puu","status":"publish","type":"page","link":"https:\/\/sites.uef.fi\/eduentr\/yrittajyyden-puu\/","title":{"rendered":"Yritt\u00e4jyyden puu"},"content":{"rendered":"\n<div class=\"wp-block-buttons is-layout-flex wp-block-buttons-is-layout-flex\">\n<div class=\"wp-block-button\"><a class=\"wp-block-button__link wp-element-button\" href=\"https:\/\/www.thinglink.com\/card\/1746836923487355748\" target=\"_blank\" rel=\"noreferrer noopener\">Avaa Yritt\u00e4jyyden puu uudella v\u00e4lilehdell\u00e4<\/a><\/div>\n<\/div>\n\n\n\n\n\n\n\n<p><\/p>\n\n\n\n<figure class=\"wp-block-image size-large\"><a href=\"https:\/\/www.thinglink.com\/card\/1746836923487355748\"><img loading=\"lazy\" decoding=\"async\" width=\"1024\" height=\"763\" src=\"https:\/\/sites.uef.fi\/eduentr\/wp-content\/uploads\/sites\/331\/2023\/09\/Nayttokuva-2023-9-8-kello-17.07.48-1024x763.png\" alt=\"\" class=\"wp-image-1141\" srcset=\"https:\/\/sites.uef.fi\/eduentr\/wp-content\/uploads\/sites\/331\/2023\/09\/Nayttokuva-2023-9-8-kello-17.07.48-1024x763.png 1024w, https:\/\/sites.uef.fi\/eduentr\/wp-content\/uploads\/sites\/331\/2023\/09\/Nayttokuva-2023-9-8-kello-17.07.48-300x224.png 300w, https:\/\/sites.uef.fi\/eduentr\/wp-content\/uploads\/sites\/331\/2023\/09\/Nayttokuva-2023-9-8-kello-17.07.48-768x573.png 768w, https:\/\/sites.uef.fi\/eduentr\/wp-content\/uploads\/sites\/331\/2023\/09\/Nayttokuva-2023-9-8-kello-17.07.48-1536x1145.png 1536w, https:\/\/sites.uef.fi\/eduentr\/wp-content\/uploads\/sites\/331\/2023\/09\/Nayttokuva-2023-9-8-kello-17.07.48.png 1980w\" sizes=\"auto, (max-width: 1024px) 100vw, 1024px\" \/><\/a><\/figure>\n","protected":false},"excerpt":{"rendered":"","protected":false},"author":48,"featured_media":0,"parent":0,"menu_order":0,"comment_status":"closed","ping_status":"closed","template":"","meta":{"_acf_changed":false,"footnotes":""},"class_list":["post-1081","page","type-page","status-publish","hentry"],"acf":[],"yoast_head":"<!-- This site is optimized with the Yoast SEO plugin v27.3 - https:\/\/yoast.com\/product\/yoast-seo-wordpress\/ -->\n<title>Yritt\u00e4jyyden puu - EduEntr<\/title>\n<meta name=\"description\" content=\"Yritt\u00e4jyyden puu opas It\u00e4-Suomen yliopistossa, erityisesti kasvatus- ja koulutusalan opiskelijoille\" \/>\n<meta name=\"robots\" content=\"index, follow, max-snippet:-1, max-image-preview:large, max-video-preview:-1\" \/>\n<link rel=\"canonical\" href=\"https:\/\/sites.uef.fi\/eduentr\/yrittajyyden-puu\/\" \/>\n<meta property=\"og:locale\" content=\"fi_FI\" \/>\n<meta property=\"og:type\" content=\"article\" \/>\n<meta property=\"og:title\" content=\"Yritt\u00e4jyyden puu - EduEntr\" \/>\n<meta property=\"og:description\" content=\"Yritt\u00e4jyyden puu opas It\u00e4-Suomen yliopistossa, erityisesti kasvatus- ja koulutusalan opiskelijoille\" \/>\n<meta property=\"og:url\" content=\"https:\/\/sites.uef.fi\/eduentr\/yrittajyyden-puu\/\" \/>\n<meta property=\"og:site_name\" content=\"EduEntr\" \/>\n<meta property=\"article:modified_time\" content=\"2023-11-07T10:39:16+00:00\" \/>\n<meta property=\"og:image\" content=\"https:\/\/sites.uef.fi\/eduentr\/wp-content\/uploads\/sites\/331\/2023\/09\/Nayttokuva-2023-9-8-kello-17.07.48-1024x763.png\" \/>\n<meta name=\"twitter:card\" content=\"summary_large_image\" \/>\n<meta name=\"twitter:label1\" content=\"Arvioitu lukuaika\" \/>\n\t<meta name=\"twitter:data1\" content=\"1 minuutti\" \/>\n<script type=\"application\/ld+json\" class=\"yoast-schema-graph\">{\"@context\":\"https:\\\/\\\/schema.org\",\"@graph\":[{\"@type\":\"WebPage\",\"@id\":\"https:\\\/\\\/sites.uef.fi\\\/eduentr\\\/yrittajyyden-puu\\\/\",\"url\":\"https:\\\/\\\/sites.uef.fi\\\/eduentr\\\/yrittajyyden-puu\\\/\",\"name\":\"Yritt\u00e4jyyden puu - EduEntr\",\"isPartOf\":{\"@id\":\"https:\\\/\\\/sites.uef.fi\\\/eduentr\\\/#website\"},\"primaryImageOfPage\":{\"@id\":\"https:\\\/\\\/sites.uef.fi\\\/eduentr\\\/yrittajyyden-puu\\\/#primaryimage\"},\"image\":{\"@id\":\"https:\\\/\\\/sites.uef.fi\\\/eduentr\\\/yrittajyyden-puu\\\/#primaryimage\"},\"thumbnailUrl\":\"https:\\\/\\\/sites.uef.fi\\\/eduentr\\\/wp-content\\\/uploads\\\/sites\\\/331\\\/2023\\\/09\\\/Nayttokuva-2023-9-8-kello-17.07.48-1024x763.png\",\"datePublished\":\"2023-09-08T13:55:30+00:00\",\"dateModified\":\"2023-11-07T10:39:16+00:00\",\"description\":\"Yritt\u00e4jyyden puu opas It\u00e4-Suomen yliopistossa, erityisesti kasvatus- ja koulutusalan opiskelijoille\",\"breadcrumb\":{\"@id\":\"https:\\\/\\\/sites.uef.fi\\\/eduentr\\\/yrittajyyden-puu\\\/#breadcrumb\"},\"inLanguage\":\"fi\",\"potentialAction\":[{\"@type\":\"ReadAction\",\"target\":[\"https:\\\/\\\/sites.uef.fi\\\/eduentr\\\/yrittajyyden-puu\\\/\"]}]},{\"@type\":\"ImageObject\",\"inLanguage\":\"fi\",\"@id\":\"https:\\\/\\\/sites.uef.fi\\\/eduentr\\\/yrittajyyden-puu\\\/#primaryimage\",\"url\":\"https:\\\/\\\/sites.uef.fi\\\/eduentr\\\/wp-content\\\/uploads\\\/sites\\\/331\\\/2023\\\/09\\\/Nayttokuva-2023-9-8-kello-17.07.48.png\",\"contentUrl\":\"https:\\\/\\\/sites.uef.fi\\\/eduentr\\\/wp-content\\\/uploads\\\/sites\\\/331\\\/2023\\\/09\\\/Nayttokuva-2023-9-8-kello-17.07.48.png\",\"width\":1980,\"height\":1476},{\"@type\":\"BreadcrumbList\",\"@id\":\"https:\\\/\\\/sites.uef.fi\\\/eduentr\\\/yrittajyyden-puu\\\/#breadcrumb\",\"itemListElement\":[{\"@type\":\"ListItem\",\"position\":1,\"name\":\"Home\",\"item\":\"https:\\\/\\\/sites.uef.fi\\\/eduentr\\\/\"},{\"@type\":\"ListItem\",\"position\":2,\"name\":\"Yritt\u00e4jyyden puu\"}]},{\"@type\":\"WebSite\",\"@id\":\"https:\\\/\\\/sites.uef.fi\\\/eduentr\\\/#website\",\"url\":\"https:\\\/\\\/sites.uef.fi\\\/eduentr\\\/\",\"name\":\"EduEntr\",\"description\":\"\",\"publisher\":{\"@id\":\"https:\\\/\\\/sites.uef.fi\\\/eduentr\\\/#organization\"},\"potentialAction\":[{\"@type\":\"SearchAction\",\"target\":{\"@type\":\"EntryPoint\",\"urlTemplate\":\"https:\\\/\\\/sites.uef.fi\\\/eduentr\\\/?s={search_term_string}\"},\"query-input\":{\"@type\":\"PropertyValueSpecification\",\"valueRequired\":true,\"valueName\":\"search_term_string\"}}],\"inLanguage\":\"fi\"},{\"@type\":\"Organization\",\"@id\":\"https:\\\/\\\/sites.uef.fi\\\/eduentr\\\/#organization\",\"name\":\"EduEntr\",\"url\":\"https:\\\/\\\/sites.uef.fi\\\/eduentr\\\/\",\"logo\":{\"@type\":\"ImageObject\",\"inLanguage\":\"fi\",\"@id\":\"https:\\\/\\\/sites.uef.fi\\\/eduentr\\\/#\\\/schema\\\/logo\\\/image\\\/\",\"url\":\"https:\\\/\\\/sites.uef.fi\\\/eduentr\\\/wp-content\\\/uploads\\\/sites\\\/331\\\/2021\\\/10\\\/cropped-EduEntr-ympyra-2.png\",\"contentUrl\":\"https:\\\/\\\/sites.uef.fi\\\/eduentr\\\/wp-content\\\/uploads\\\/sites\\\/331\\\/2021\\\/10\\\/cropped-EduEntr-ympyra-2.png\",\"width\":250,\"height\":250,\"caption\":\"EduEntr\"},\"image\":{\"@id\":\"https:\\\/\\\/sites.uef.fi\\\/eduentr\\\/#\\\/schema\\\/logo\\\/image\\\/\"}}]}<\/script>\n<!-- \/ Yoast SEO plugin. -->","yoast_head_json":{"title":"Yritt\u00e4jyyden puu - EduEntr","description":"Yritt\u00e4jyyden puu opas It\u00e4-Suomen yliopistossa, erityisesti kasvatus- ja koulutusalan opiskelijoille","robots":{"index":"index","follow":"follow","max-snippet":"max-snippet:-1","max-image-preview":"max-image-preview:large","max-video-preview":"max-video-preview:-1"},"canonical":"https:\/\/sites.uef.fi\/eduentr\/yrittajyyden-puu\/","og_locale":"fi_FI","og_type":"article","og_title":"Yritt\u00e4jyyden puu - EduEntr","og_description":"Yritt\u00e4jyyden puu opas It\u00e4-Suomen yliopistossa, erityisesti kasvatus- ja koulutusalan opiskelijoille","og_url":"https:\/\/sites.uef.fi\/eduentr\/yrittajyyden-puu\/","og_site_name":"EduEntr","article_modified_time":"2023-11-07T10:39:16+00:00","og_image":[{"url":"https:\/\/sites.uef.fi\/eduentr\/wp-content\/uploads\/sites\/331\/2023\/09\/Nayttokuva-2023-9-8-kello-17.07.48-1024x763.png","type":"","width":"","height":""}],"twitter_card":"summary_large_image","twitter_misc":{"Arvioitu lukuaika":"1 minuutti"},"schema":{"@context":"https:\/\/schema.org","@graph":[{"@type":"WebPage","@id":"https:\/\/sites.uef.fi\/eduentr\/yrittajyyden-puu\/","url":"https:\/\/sites.uef.fi\/eduentr\/yrittajyyden-puu\/","name":"Yritt\u00e4jyyden puu - EduEntr","isPartOf":{"@id":"https:\/\/sites.uef.fi\/eduentr\/#website"},"primaryImageOfPage":{"@id":"https:\/\/sites.uef.fi\/eduentr\/yrittajyyden-puu\/#primaryimage"},"image":{"@id":"https:\/\/sites.uef.fi\/eduentr\/yrittajyyden-puu\/#primaryimage"},"thumbnailUrl":"https:\/\/sites.uef.fi\/eduentr\/wp-content\/uploads\/sites\/331\/2023\/09\/Nayttokuva-2023-9-8-kello-17.07.48-1024x763.png","datePublished":"2023-09-08T13:55:30+00:00","dateModified":"2023-11-07T10:39:16+00:00","description":"Yritt\u00e4jyyden puu opas It\u00e4-Suomen yliopistossa, erityisesti kasvatus- ja koulutusalan opiskelijoille","breadcrumb":{"@id":"https:\/\/sites.uef.fi\/eduentr\/yrittajyyden-puu\/#breadcrumb"},"inLanguage":"fi","potentialAction":[{"@type":"ReadAction","target":["https:\/\/sites.uef.fi\/eduentr\/yrittajyyden-puu\/"]}]},{"@type":"ImageObject","inLanguage":"fi","@id":"https:\/\/sites.uef.fi\/eduentr\/yrittajyyden-puu\/#primaryimage","url":"https:\/\/sites.uef.fi\/eduentr\/wp-content\/uploads\/sites\/331\/2023\/09\/Nayttokuva-2023-9-8-kello-17.07.48.png","contentUrl":"https:\/\/sites.uef.fi\/eduentr\/wp-content\/uploads\/sites\/331\/2023\/09\/Nayttokuva-2023-9-8-kello-17.07.48.png","width":1980,"height":1476},{"@type":"BreadcrumbList","@id":"https:\/\/sites.uef.fi\/eduentr\/yrittajyyden-puu\/#breadcrumb","itemListElement":[{"@type":"ListItem","position":1,"name":"Home","item":"https:\/\/sites.uef.fi\/eduentr\/"},{"@type":"ListItem","position":2,"name":"Yritt\u00e4jyyden puu"}]},{"@type":"WebSite","@id":"https:\/\/sites.uef.fi\/eduentr\/#website","url":"https:\/\/sites.uef.fi\/eduentr\/","name":"EduEntr","description":"","publisher":{"@id":"https:\/\/sites.uef.fi\/eduentr\/#organization"},"potentialAction":[{"@type":"SearchAction","target":{"@type":"EntryPoint","urlTemplate":"https:\/\/sites.uef.fi\/eduentr\/?s={search_term_string}"},"query-input":{"@type":"PropertyValueSpecification","valueRequired":true,"valueName":"search_term_string"}}],"inLanguage":"fi"},{"@type":"Organization","@id":"https:\/\/sites.uef.fi\/eduentr\/#organization","name":"EduEntr","url":"https:\/\/sites.uef.fi\/eduentr\/","logo":{"@type":"ImageObject","inLanguage":"fi","@id":"https:\/\/sites.uef.fi\/eduentr\/#\/schema\/logo\/image\/","url":"https:\/\/sites.uef.fi\/eduentr\/wp-content\/uploads\/sites\/331\/2021\/10\/cropped-EduEntr-ympyra-2.png","contentUrl":"https:\/\/sites.uef.fi\/eduentr\/wp-content\/uploads\/sites\/331\/2021\/10\/cropped-EduEntr-ympyra-2.png","width":250,"height":250,"caption":"EduEntr"},"image":{"@id":"https:\/\/sites.uef.fi\/eduentr\/#\/schema\/logo\/image\/"}}]}},"_links":{"self":[{"href":"https:\/\/sites.uef.fi\/eduentr\/wp-json\/wp\/v2\/pages\/1081","targetHints":{"allow":["GET"]}}],"collection":[{"href":"https:\/\/sites.uef.fi\/eduentr\/wp-json\/wp\/v2\/pages"}],"about":[{"href":"https:\/\/sites.uef.fi\/eduentr\/wp-json\/wp\/v2\/types\/page"}],"author":[{"embeddable":true,"href":"https:\/\/sites.uef.fi\/eduentr\/wp-json\/wp\/v2\/users\/48"}],"replies":[{"embeddable":true,"href":"https:\/\/sites.uef.fi\/eduentr\/wp-json\/wp\/v2\/comments?post=1081"}],"version-history":[{"count":1,"href":"https:\/\/sites.uef.fi\/eduentr\/wp-json\/wp\/v2\/pages\/1081\/revisions"}],"predecessor-version":[{"id":1430,"href":"https:\/\/sites.uef.fi\/eduentr\/wp-json\/wp\/v2\/pages\/1081\/revisions\/1430"}],"wp:attachment":[{"href":"https:\/\/sites.uef.fi\/eduentr\/wp-json\/wp\/v2\/media?parent=1081"}],"curies":[{"name":"wp","href":"https:\/\/api.w.org\/{rel}","templated":true}]}}