{"id":82,"date":"2025-10-14T09:17:00","date_gmt":"2025-10-14T07:17:00","guid":{"rendered":"https:\/\/sites.uef.fi\/erkkaa-yhdessa\/?page_id=82"},"modified":"2025-10-22T08:47:13","modified_gmt":"2025-10-22T06:47:13","slug":"etusivu","status":"publish","type":"page","link":"https:\/\/sites.uef.fi\/erkkaa-yhdessa\/","title":{"rendered":"Erkkaa yhdess\u00e4 (Erkkaa1)"},"content":{"rendered":"\n<h3 class=\"wp-block-heading\"><strong>Kansallinen erityispedagogiikan koulutusten kehitt\u00e4mishanke<\/strong><\/h3>\n\n\n\n<p>Erkkaa yhdess\u00e4 (Erkkaa1) on vuosina 2025-2027 toteutettava kansallinen erityispedagogiikan koulutusten kehitt\u00e4mishanke, jota rahoittaa Opetus- ja kulttuuriministeri\u00f6. Hankkeessa mukana on kaikki kahdeksan erityispedagogiikan opintoja tarjoavaa yliopistoa: Lapin yliopisto, Oulun yliopisto, \u00c5bo Akademi, It\u00e4-Suomen yliopisto, Jyv\u00e4skyl\u00e4n yliopisto, Tampereen yliopisto, Turun yliopisto ja Helsingin yliopisto.<\/p>\n\n\n\n<p>P\u00e4\u00e4tavoitteena hankkeessa on edist\u00e4\u00e4 kansallista erityispedagogiikan yhteiskoulutusta. T\u00e4m\u00e4 sis\u00e4lt\u00e4\u00e4 erityispedagogiikan perusopintojen opetussuunnitelmien tarkastelua, yhteisten sis\u00e4lt\u00f6jen tuottamista sek\u00e4 opintojaksojen pilotointia. Lis\u00e4ksi hankkeessa edistet\u00e4\u00e4n ristiinopiskelua aine- ja syvent\u00e4vien opintojen osalta.&nbsp; Kehitt\u00e4misty\u00f6ss\u00e4 huomioidaan my\u00f6s hyvi\u00e4 ja monipuolisia digipedagogisia k\u00e4yt\u00e4nteit\u00e4.<\/p>\n\n\n\n<p>T\u00e4lt\u00e4 sivustolta l\u00f6yd\u00e4t tarkempaa tietoa hankkeen tavoitteista, toteutuksesta ja toimijoista. Jaamme sivustolla my\u00f6s ajankohtaisia asioita kehitt\u00e4misty\u00f6n etenemisest\u00e4.<\/p>\n\n\n\n<p><\/p>\n\n\n\n<p><\/p>\n\n\n\n<p><\/p>\n\n\n\n<p><\/p>\n\n\n\n<div class=\"links-block\">\n\n    \n    <ul class=\"link-list\">\n            <\/ul>\n<\/div>\n\n\n<figure class=\"wp-block-image alignleft size-full is-resized\"><img loading=\"lazy\" decoding=\"async\" width=\"500\" height=\"128\" src=\"https:\/\/sites.uef.fi\/erkkaa-yhdessa\/wp-content\/uploads\/sites\/559\/2025\/10\/OKM-logo-2R-fi-musta-L100-CMYK.jpg\" alt=\"\" class=\"wp-image-178\" style=\"width:177px;height:auto\" srcset=\"https:\/\/sites.uef.fi\/erkkaa-yhdessa\/wp-content\/uploads\/sites\/559\/2025\/10\/OKM-logo-2R-fi-musta-L100-CMYK.jpg 500w, https:\/\/sites.uef.fi\/erkkaa-yhdessa\/wp-content\/uploads\/sites\/559\/2025\/10\/OKM-logo-2R-fi-musta-L100-CMYK-300x77.jpg 300w\" sizes=\"auto, (max-width: 500px) 100vw, 500px\" \/><\/figure>\n\n\n\n<figure class=\"wp-block-image size-large\"><img loading=\"lazy\" decoding=\"async\" width=\"1024\" height=\"134\" src=\"https:\/\/sites.uef.fi\/erkkaa-yhdessa\/wp-content\/uploads\/sites\/559\/2025\/09\/Erkkaa1_Logonauha-1024x134.png\" alt=\"\" class=\"wp-image-143\" srcset=\"https:\/\/sites.uef.fi\/erkkaa-yhdessa\/wp-content\/uploads\/sites\/559\/2025\/09\/Erkkaa1_Logonauha-1024x134.png 1024w, https:\/\/sites.uef.fi\/erkkaa-yhdessa\/wp-content\/uploads\/sites\/559\/2025\/09\/Erkkaa1_Logonauha-300x39.png 300w, https:\/\/sites.uef.fi\/erkkaa-yhdessa\/wp-content\/uploads\/sites\/559\/2025\/09\/Erkkaa1_Logonauha-768x100.png 768w, https:\/\/sites.uef.fi\/erkkaa-yhdessa\/wp-content\/uploads\/sites\/559\/2025\/09\/Erkkaa1_Logonauha-1536x200.png 1536w, https:\/\/sites.uef.fi\/erkkaa-yhdessa\/wp-content\/uploads\/sites\/559\/2025\/09\/Erkkaa1_Logonauha-2048x267.png 2048w\" sizes=\"auto, (max-width: 1024px) 100vw, 1024px\" \/><\/figure>\n","protected":false},"excerpt":{"rendered":"<p>Kansallinen erityispedagogiikan koulutusten kehitt\u00e4mishanke Erkkaa yhdess\u00e4 (Erkkaa1) on vuosina 2025-2027 toteutettava kansallinen erityispedagogiikan koulutusten kehitt\u00e4mishanke, jota rahoittaa Opetus- ja kulttuuriministeri\u00f6. Hankkeessa mukana on kaikki kahdeksan erityispedagogiikan opintoja tarjoavaa yliopistoa: Lapin yliopisto, Oulun yliopisto, \u00c5bo Akademi, It\u00e4-Suomen yliopisto, Jyv\u00e4skyl\u00e4n yliopisto, Tampereen yliopisto, Turun yliopisto ja Helsingin yliopisto. P\u00e4\u00e4tavoitteena hankkeessa on edist\u00e4\u00e4 kansallista erityispedagogiikan yhteiskoulutusta. T\u00e4m\u00e4 sis\u00e4lt\u00e4\u00e4 [&hellip;]<\/p>\n","protected":false},"author":2,"featured_media":0,"parent":0,"menu_order":0,"comment_status":"closed","ping_status":"closed","template":"","meta":{"_acf_changed":false,"footnotes":""},"class_list":["post-82","page","type-page","status-publish","hentry"],"acf":[],"yoast_head":"<!-- This site is optimized with the Yoast SEO plugin v27.1.1 - https:\/\/yoast.com\/product\/yoast-seo-wordpress\/ -->\n<title>Erkkaa yhdess\u00e4 (Erkkaa1) - Erkkaa yhdess\u00e4 (Erkkaa1)<\/title>\n<meta name=\"robots\" content=\"index, follow, max-snippet:-1, max-image-preview:large, max-video-preview:-1\" \/>\n<link rel=\"canonical\" href=\"https:\/\/sites.uef.fi\/erkkaa-yhdessa\/\" \/>\n<meta property=\"og:locale\" content=\"fi_FI\" \/>\n<meta property=\"og:type\" content=\"article\" \/>\n<meta property=\"og:title\" content=\"Erkkaa yhdess\u00e4 (Erkkaa1) - Erkkaa yhdess\u00e4 (Erkkaa1)\" \/>\n<meta property=\"og:description\" content=\"Kansallinen erityispedagogiikan koulutusten kehitt\u00e4mishanke Erkkaa yhdess\u00e4 (Erkkaa1) on vuosina 2025-2027 toteutettava kansallinen erityispedagogiikan koulutusten kehitt\u00e4mishanke, jota rahoittaa Opetus- ja kulttuuriministeri\u00f6. Hankkeessa mukana on kaikki kahdeksan erityispedagogiikan opintoja tarjoavaa yliopistoa: Lapin yliopisto, Oulun yliopisto, \u00c5bo Akademi, It\u00e4-Suomen yliopisto, Jyv\u00e4skyl\u00e4n yliopisto, Tampereen yliopisto, Turun yliopisto ja Helsingin yliopisto. P\u00e4\u00e4tavoitteena hankkeessa on edist\u00e4\u00e4 kansallista erityispedagogiikan yhteiskoulutusta. T\u00e4m\u00e4 sis\u00e4lt\u00e4\u00e4 [&hellip;]\" \/>\n<meta property=\"og:url\" content=\"https:\/\/sites.uef.fi\/erkkaa-yhdessa\/\" \/>\n<meta property=\"og:site_name\" content=\"Erkkaa yhdess\u00e4 (Erkkaa1)\" \/>\n<meta property=\"article:modified_time\" content=\"2025-10-22T06:47:13+00:00\" \/>\n<meta property=\"og:image\" content=\"https:\/\/sites.uef.fi\/erkkaa-yhdessa\/wp-content\/uploads\/sites\/559\/2025\/10\/OKM-logo-2R-fi-musta-L100-CMYK.jpg\" \/>\n<meta name=\"twitter:card\" content=\"summary_large_image\" \/>\n<meta name=\"twitter:label1\" content=\"Arvioitu lukuaika\" \/>\n\t<meta name=\"twitter:data1\" content=\"2 minuuttia\" \/>\n<script type=\"application\/ld+json\" class=\"yoast-schema-graph\">{\"@context\":\"https:\/\/schema.org\",\"@graph\":[{\"@type\":\"WebPage\",\"@id\":\"https:\/\/sites.uef.fi\/erkkaa-yhdessa\/\",\"url\":\"https:\/\/sites.uef.fi\/erkkaa-yhdessa\/\",\"name\":\"Erkkaa yhdess\u00e4 (Erkkaa1) - Erkkaa yhdess\u00e4 (Erkkaa1)\",\"isPartOf\":{\"@id\":\"https:\/\/sites.uef.fi\/erkkaa-yhdessa\/#website\"},\"primaryImageOfPage\":{\"@id\":\"https:\/\/sites.uef.fi\/erkkaa-yhdessa\/#primaryimage\"},\"image\":{\"@id\":\"https:\/\/sites.uef.fi\/erkkaa-yhdessa\/#primaryimage\"},\"thumbnailUrl\":\"https:\/\/sites.uef.fi\/erkkaa-yhdessa\/wp-content\/uploads\/sites\/559\/2025\/10\/OKM-logo-2R-fi-musta-L100-CMYK.jpg\",\"datePublished\":\"2025-10-14T07:17:00+00:00\",\"dateModified\":\"2025-10-22T06:47:13+00:00\",\"breadcrumb\":{\"@id\":\"https:\/\/sites.uef.fi\/erkkaa-yhdessa\/#breadcrumb\"},\"inLanguage\":\"fi\",\"potentialAction\":[{\"@type\":\"ReadAction\",\"target\":[\"https:\/\/sites.uef.fi\/erkkaa-yhdessa\/\"]}]},{\"@type\":\"ImageObject\",\"inLanguage\":\"fi\",\"@id\":\"https:\/\/sites.uef.fi\/erkkaa-yhdessa\/#primaryimage\",\"url\":\"https:\/\/sites.uef.fi\/erkkaa-yhdessa\/wp-content\/uploads\/sites\/559\/2025\/10\/OKM-logo-2R-fi-musta-L100-CMYK.jpg\",\"contentUrl\":\"https:\/\/sites.uef.fi\/erkkaa-yhdessa\/wp-content\/uploads\/sites\/559\/2025\/10\/OKM-logo-2R-fi-musta-L100-CMYK.jpg\",\"width\":500,\"height\":128},{\"@type\":\"BreadcrumbList\",\"@id\":\"https:\/\/sites.uef.fi\/erkkaa-yhdessa\/#breadcrumb\",\"itemListElement\":[{\"@type\":\"ListItem\",\"position\":1,\"name\":\"Home\",\"item\":\"https:\/\/sites.uef.fi\/erkkaa-yhdessa\/\"},{\"@type\":\"ListItem\",\"position\":2,\"name\":\"Erkkaa yhdess\u00e4 (Erkkaa1)\"}]},{\"@type\":\"WebSite\",\"@id\":\"https:\/\/sites.uef.fi\/erkkaa-yhdessa\/#website\",\"url\":\"https:\/\/sites.uef.fi\/erkkaa-yhdessa\/\",\"name\":\"Erkkaa yhdess\u00e4 (Erkkaa1)\",\"description\":\"\",\"potentialAction\":[{\"@type\":\"SearchAction\",\"target\":{\"@type\":\"EntryPoint\",\"urlTemplate\":\"https:\/\/sites.uef.fi\/erkkaa-yhdessa\/?s={search_term_string}\"},\"query-input\":{\"@type\":\"PropertyValueSpecification\",\"valueRequired\":true,\"valueName\":\"search_term_string\"}}],\"inLanguage\":\"fi\"}]}<\/script>\n<!-- \/ Yoast SEO plugin. -->","yoast_head_json":{"title":"Erkkaa yhdess\u00e4 (Erkkaa1) - Erkkaa yhdess\u00e4 (Erkkaa1)","robots":{"index":"index","follow":"follow","max-snippet":"max-snippet:-1","max-image-preview":"max-image-preview:large","max-video-preview":"max-video-preview:-1"},"canonical":"https:\/\/sites.uef.fi\/erkkaa-yhdessa\/","og_locale":"fi_FI","og_type":"article","og_title":"Erkkaa yhdess\u00e4 (Erkkaa1) - Erkkaa yhdess\u00e4 (Erkkaa1)","og_description":"Kansallinen erityispedagogiikan koulutusten kehitt\u00e4mishanke Erkkaa yhdess\u00e4 (Erkkaa1) on vuosina 2025-2027 toteutettava kansallinen erityispedagogiikan koulutusten kehitt\u00e4mishanke, jota rahoittaa Opetus- ja kulttuuriministeri\u00f6. Hankkeessa mukana on kaikki kahdeksan erityispedagogiikan opintoja tarjoavaa yliopistoa: Lapin yliopisto, Oulun yliopisto, \u00c5bo Akademi, It\u00e4-Suomen yliopisto, Jyv\u00e4skyl\u00e4n yliopisto, Tampereen yliopisto, Turun yliopisto ja Helsingin yliopisto. P\u00e4\u00e4tavoitteena hankkeessa on edist\u00e4\u00e4 kansallista erityispedagogiikan yhteiskoulutusta. T\u00e4m\u00e4 sis\u00e4lt\u00e4\u00e4 [&hellip;]","og_url":"https:\/\/sites.uef.fi\/erkkaa-yhdessa\/","og_site_name":"Erkkaa yhdess\u00e4 (Erkkaa1)","article_modified_time":"2025-10-22T06:47:13+00:00","og_image":[{"url":"https:\/\/sites.uef.fi\/erkkaa-yhdessa\/wp-content\/uploads\/sites\/559\/2025\/10\/OKM-logo-2R-fi-musta-L100-CMYK.jpg","type":"","width":"","height":""}],"twitter_card":"summary_large_image","twitter_misc":{"Arvioitu lukuaika":"2 minuuttia"},"schema":{"@context":"https:\/\/schema.org","@graph":[{"@type":"WebPage","@id":"https:\/\/sites.uef.fi\/erkkaa-yhdessa\/","url":"https:\/\/sites.uef.fi\/erkkaa-yhdessa\/","name":"Erkkaa yhdess\u00e4 (Erkkaa1) - Erkkaa yhdess\u00e4 (Erkkaa1)","isPartOf":{"@id":"https:\/\/sites.uef.fi\/erkkaa-yhdessa\/#website"},"primaryImageOfPage":{"@id":"https:\/\/sites.uef.fi\/erkkaa-yhdessa\/#primaryimage"},"image":{"@id":"https:\/\/sites.uef.fi\/erkkaa-yhdessa\/#primaryimage"},"thumbnailUrl":"https:\/\/sites.uef.fi\/erkkaa-yhdessa\/wp-content\/uploads\/sites\/559\/2025\/10\/OKM-logo-2R-fi-musta-L100-CMYK.jpg","datePublished":"2025-10-14T07:17:00+00:00","dateModified":"2025-10-22T06:47:13+00:00","breadcrumb":{"@id":"https:\/\/sites.uef.fi\/erkkaa-yhdessa\/#breadcrumb"},"inLanguage":"fi","potentialAction":[{"@type":"ReadAction","target":["https:\/\/sites.uef.fi\/erkkaa-yhdessa\/"]}]},{"@type":"ImageObject","inLanguage":"fi","@id":"https:\/\/sites.uef.fi\/erkkaa-yhdessa\/#primaryimage","url":"https:\/\/sites.uef.fi\/erkkaa-yhdessa\/wp-content\/uploads\/sites\/559\/2025\/10\/OKM-logo-2R-fi-musta-L100-CMYK.jpg","contentUrl":"https:\/\/sites.uef.fi\/erkkaa-yhdessa\/wp-content\/uploads\/sites\/559\/2025\/10\/OKM-logo-2R-fi-musta-L100-CMYK.jpg","width":500,"height":128},{"@type":"BreadcrumbList","@id":"https:\/\/sites.uef.fi\/erkkaa-yhdessa\/#breadcrumb","itemListElement":[{"@type":"ListItem","position":1,"name":"Home","item":"https:\/\/sites.uef.fi\/erkkaa-yhdessa\/"},{"@type":"ListItem","position":2,"name":"Erkkaa yhdess\u00e4 (Erkkaa1)"}]},{"@type":"WebSite","@id":"https:\/\/sites.uef.fi\/erkkaa-yhdessa\/#website","url":"https:\/\/sites.uef.fi\/erkkaa-yhdessa\/","name":"Erkkaa yhdess\u00e4 (Erkkaa1)","description":"","potentialAction":[{"@type":"SearchAction","target":{"@type":"EntryPoint","urlTemplate":"https:\/\/sites.uef.fi\/erkkaa-yhdessa\/?s={search_term_string}"},"query-input":{"@type":"PropertyValueSpecification","valueRequired":true,"valueName":"search_term_string"}}],"inLanguage":"fi"}]}},"_links":{"self":[{"href":"https:\/\/sites.uef.fi\/erkkaa-yhdessa\/wp-json\/wp\/v2\/pages\/82","targetHints":{"allow":["GET"]}}],"collection":[{"href":"https:\/\/sites.uef.fi\/erkkaa-yhdessa\/wp-json\/wp\/v2\/pages"}],"about":[{"href":"https:\/\/sites.uef.fi\/erkkaa-yhdessa\/wp-json\/wp\/v2\/types\/page"}],"author":[{"embeddable":true,"href":"https:\/\/sites.uef.fi\/erkkaa-yhdessa\/wp-json\/wp\/v2\/users\/2"}],"replies":[{"embeddable":true,"href":"https:\/\/sites.uef.fi\/erkkaa-yhdessa\/wp-json\/wp\/v2\/comments?post=82"}],"version-history":[{"count":2,"href":"https:\/\/sites.uef.fi\/erkkaa-yhdessa\/wp-json\/wp\/v2\/pages\/82\/revisions"}],"predecessor-version":[{"id":643,"href":"https:\/\/sites.uef.fi\/erkkaa-yhdessa\/wp-json\/wp\/v2\/pages\/82\/revisions\/643"}],"wp:attachment":[{"href":"https:\/\/sites.uef.fi\/erkkaa-yhdessa\/wp-json\/wp\/v2\/media?parent=82"}],"curies":[{"name":"wp","href":"https:\/\/api.w.org\/{rel}","templated":true}]}}