{"id":93,"date":"2025-10-14T09:17:05","date_gmt":"2025-10-14T07:17:05","guid":{"rendered":"https:\/\/sites.uef.fi\/erkkaa-yhdessa\/?page_id=93"},"modified":"2025-10-20T14:29:53","modified_gmt":"2025-10-20T12:29:53","slug":"hankkeen-kuvaus","status":"publish","type":"page","link":"https:\/\/sites.uef.fi\/erkkaa-yhdessa\/hankkeen-kuvaus\/","title":{"rendered":"Tietoa hankkeesta"},"content":{"rendered":"\n<h4 class=\"wp-block-heading\"><strong>Hankkeen visio ja tavoitteet<\/strong><\/h4>\n\n\n\n<p>Hankkeen visiona on luoda valtakunnallisesti yhtenev\u00e4inen pohja saavutettaville ja laadukkaille erityispedagogiikan koulutuskokonaisuuksille. T\u00e4m\u00e4 tukee joustavia koulutussiirtymi\u00e4, jatkuvaa oppimista ja yliopistojen v\u00e4list\u00e4 opetusyhteisty\u00f6t\u00e4 \u2013 vahvistaen erityispedagogiikan tieteenalan asemaa, vastaten yhteiskunnan muuttuviin tarpeisiin.<\/p>\n\n\n\n<p>Tavoitteena on luoda yhtenev\u00e4iset perusopinnot sek\u00e4 edist\u00e4\u00e4 ristiinopiskelua aine- ja syvent\u00e4vien opintojen osalta. T\u00e4ll\u00e4 tavoin voidaan v\u00e4hent\u00e4\u00e4 opintojen p\u00e4\u00e4llekk\u00e4isyyksi\u00e4, kevent\u00e4\u00e4 opintojen hallintoon liittyv\u00e4\u00e4 ty\u00f6t\u00e4, lis\u00e4t\u00e4 opiskelijoiden yhdenvertaisuutta ja tukea jatkuvan oppimisen mahdollisuuksia.<\/p>\n\n\n\n<figure class=\"wp-block-image alignright size-large is-resized\"><img loading=\"lazy\" decoding=\"async\" width=\"688\" height=\"1024\" src=\"https:\/\/sites.uef.fi\/erkkaa-yhdessa\/wp-content\/uploads\/sites\/559\/2025\/10\/mp61752137-hands-together-dirt-and-plants-growth-with-1-688x1024.jpg\" alt=\"\" class=\"wp-image-544\" style=\"width:392px;height:auto\" srcset=\"https:\/\/sites.uef.fi\/erkkaa-yhdessa\/wp-content\/uploads\/sites\/559\/2025\/10\/mp61752137-hands-together-dirt-and-plants-growth-with-1-688x1024.jpg 688w, https:\/\/sites.uef.fi\/erkkaa-yhdessa\/wp-content\/uploads\/sites\/559\/2025\/10\/mp61752137-hands-together-dirt-and-plants-growth-with-1-201x300.jpg 201w, https:\/\/sites.uef.fi\/erkkaa-yhdessa\/wp-content\/uploads\/sites\/559\/2025\/10\/mp61752137-hands-together-dirt-and-plants-growth-with-1-768x1144.jpg 768w, https:\/\/sites.uef.fi\/erkkaa-yhdessa\/wp-content\/uploads\/sites\/559\/2025\/10\/mp61752137-hands-together-dirt-and-plants-growth-with-1-1031x1536.jpg 1031w, https:\/\/sites.uef.fi\/erkkaa-yhdessa\/wp-content\/uploads\/sites\/559\/2025\/10\/mp61752137-hands-together-dirt-and-plants-growth-with-1.jpg 1200w\" sizes=\"auto, (max-width: 688px) 100vw, 688px\" \/><\/figure>\n\n\n\n<h4 class=\"wp-block-heading\"><strong>Rahoitus<\/strong><\/h4>\n\n\n\n<p>Erkkaa yhdess\u00e4 (Erkkaa1) on Opetus- ja kultturiministeri\u00f6n (OKM) vuosina 2025-2027 rahoittama hanke, johon OKM on my\u00f6nt\u00e4nyt valtionrahoitusta opiskelijoiden joustavien siirtymien ja korkeakoulujen opetusyhteisty\u00f6n lis\u00e4\u00e4miseen. Hankkeessa on mukana kaikki kahdeksan yliopistoa, joissa tarjotaan erityisopettajankoulutusta. Partnereiden yhteinen tahtotila on jatkaa kansallista kehitt\u00e4mis- ja opetusyhteisty\u00f6t\u00e4 my\u00f6s rahoituskauden j\u00e4lkeen.<\/p>\n\n\n\n<p><\/p>\n\n\n\n<h4 class=\"wp-block-heading\"><strong>Hankkeen johto ja johtoryhm\u00e4<\/strong><\/h4>\n\n\n\n<p>Hanketta johtaa It\u00e4-Suomen yliopistosta professori Erkko Sointu yhdess\u00e4 hankkeen varajohtajan Katariina Waltzerin kanssa. Hankekoordinaattorina toimii yliopisto-opettaja Helena Laurinkari.<\/p>\n\n\n\n<p>Hankkeen johtoryhm\u00e4ss\u00e4 on edustaja jokaisesta kumppaniyliopistosta. Varsinaisina j\u00e4senin\u00e4 johtoryhm\u00e4ss\u00e4 toimivat professori Tanja \u00c4\u00e4rel\u00e4 (LY), professori Riikka Mononen (OY), professori Kristina Str\u00f6m (\u00c5A), yliopistonlehtori Helena Viholainen (JY), professori Mari-Pauliina Vainikainen (TAU), professori Minna Kytt\u00e4l\u00e4 (TY), vanhempi yliopistonlehtori Lotta Uusitalo (HY) ja yliopistonlehtori Raisa Carpelan (HY, ruotsinkielinen koulutusohjelma). Nimetty johtoryhm\u00e4 vastaa hankety\u00f6skentelyn strategisesta ohjauksesta, p\u00e4\u00e4t\u00f6ksenteosta, ty\u00f6skentelyn edist\u00e4misest\u00e4, seurannasta ja arvioinnista. Johtoryhm\u00e4n j\u00e4seniin ja varaj\u00e4seniin voi tutustua tarkemmin Henkil\u00f6t- v\u00e4lilehdell\u00e4.<\/p>\n\n\n\n<figure class=\"wp-block-image size-large is-resized\"><img loading=\"lazy\" decoding=\"async\" width=\"1024\" height=\"683\" src=\"https:\/\/sites.uef.fi\/erkkaa-yhdessa\/wp-content\/uploads\/sites\/559\/2025\/10\/mp49290885-hands-of-business-team-connecting-four-pieces-of-puzzle-1-1024x683.jpg\" alt=\"\" class=\"wp-image-529\" style=\"width:448px;height:auto\" srcset=\"https:\/\/sites.uef.fi\/erkkaa-yhdessa\/wp-content\/uploads\/sites\/559\/2025\/10\/mp49290885-hands-of-business-team-connecting-four-pieces-of-puzzle-1-1024x683.jpg 1024w, https:\/\/sites.uef.fi\/erkkaa-yhdessa\/wp-content\/uploads\/sites\/559\/2025\/10\/mp49290885-hands-of-business-team-connecting-four-pieces-of-puzzle-1-300x200.jpg 300w, https:\/\/sites.uef.fi\/erkkaa-yhdessa\/wp-content\/uploads\/sites\/559\/2025\/10\/mp49290885-hands-of-business-team-connecting-four-pieces-of-puzzle-1-768x512.jpg 768w, https:\/\/sites.uef.fi\/erkkaa-yhdessa\/wp-content\/uploads\/sites\/559\/2025\/10\/mp49290885-hands-of-business-team-connecting-four-pieces-of-puzzle-1-1536x1024.jpg 1536w, https:\/\/sites.uef.fi\/erkkaa-yhdessa\/wp-content\/uploads\/sites\/559\/2025\/10\/mp49290885-hands-of-business-team-connecting-four-pieces-of-puzzle-1.jpg 1800w\" sizes=\"auto, (max-width: 1024px) 100vw, 1024px\" \/><\/figure>\n\n\n\n<h4 class=\"wp-block-heading\"><strong> Hankkeen ty\u00f6paketit<\/strong><\/h4>\n\n\n\n<p>Hanke on jaettu kolmeen ty\u00f6pakettiin, joiden vastuualueet on jaettu yliopistoittain:<\/p>\n\n\n\n<ul class=\"wp-block-list\">\n<li><strong>TP1. Erityispedagogiikan perusopintojen yhten\u00e4ist\u00e4minen ja yhteisten sis\u00e4lt\u00f6jen suunnittelu<\/strong>. Ty\u00f6paketista ovat p\u00e4\u00e4vastuussa Oulun yliopisto, Turun yliopisto ja Helsingin yliopisto.<\/li>\n\n\n\n<li><strong>TP2. Ristiinopiskelun edist\u00e4minen<\/strong>. Ty\u00f6paketista ovat p\u00e4\u00e4vastuussa Lapin yliopisto, Tampereen yliopisto ja \u00c5bo Akademi.<\/li>\n\n\n\n<li><strong>TP3. Digipedagogiikan kehitt\u00e4minen<\/strong>. Ty\u00f6paketista ovat p\u00e4\u00e4vastuussa It\u00e4-Suomen yliopisto ja Jyv\u00e4skyl\u00e4n yliopisto.<\/li>\n<\/ul>\n\n\n\n<p>Ty\u00f6pakettien ty\u00f6skentelyyn osallistetaan hankkeen aikana kaikkien yliopistojen henkil\u00f6st\u00f6\u00e4. Lis\u00e4ksi hankety\u00f6h\u00f6n on pyydetty mukaan opiskelijaedustaja jokaisesta erityispedagogiikan opintoja tarjoavasta yliopistosta.<\/p>\n\n\n\n<h4 class=\"wp-block-heading\"><strong>Aikataulu<\/strong><\/h4>\n\n\n\n<p><strong>Hanke toteutetaan aikav\u00e4lill\u00e4 1.1.2025- 31.12.2027. <\/strong><\/p>\n\n\n\n<p>Kev\u00e4tlukukaudella 2025 ja syyslukukauden 2025 alussa keskityt\u00e4\u00e4n hankkeen perustamiseen, hallinnointiin ja suunnittelun eri vaiheisiin. Syyslukukauden 2025 loppupuolella ty\u00f6skentelyn painopiste siirtyy ty\u00f6pakettien tiedonkeruuseen.<\/p>\n\n\n\n<p>Kev\u00e4\u00e4ll\u00e4 2026 keskityt\u00e4\u00e4n opetussis\u00e4lt\u00f6jen suunnitteluun, pilotoinnin k\u00e4ynnist\u00e4miseen sek\u00e4 ristiinopiskelutarjonnan mahdollisuuksien kartoittamiseen. Lukuvuoden 2026\u20132027 aikana tavoitteena on pilotoida ja toteuttaa ty\u00f6pakettien ensimm\u00e4isi\u00e4 opintojaksoja. Syksyll\u00e4 2027 kokonaisuus pyrit\u00e4\u00e4n vahvistamaan kansallisesti mahdollisimman kattavaksi.<\/p>\n\n\n\n<p>Hankkeen etenemist\u00e4 ja tarkempaa toteutusta voi seurata t\u00e4ll\u00e4 verkkosivulla julkaistavien ajankohtaisten kuulumiskirjeiden kautta.<\/p>\n\n\n\n<figure class=\"wp-block-image alignleft size-large is-resized\"><img loading=\"lazy\" decoding=\"async\" width=\"1024\" height=\"1024\" src=\"https:\/\/sites.uef.fi\/erkkaa-yhdessa\/wp-content\/uploads\/sites\/559\/2025\/10\/Erkkaa1_Logo_FIN_SWE_ENG_2-2-1024x1024.jpg\" alt=\"\" class=\"wp-image-605\" style=\"width:250px;height:auto\" srcset=\"https:\/\/sites.uef.fi\/erkkaa-yhdessa\/wp-content\/uploads\/sites\/559\/2025\/10\/Erkkaa1_Logo_FIN_SWE_ENG_2-2-1024x1024.jpg 1024w, https:\/\/sites.uef.fi\/erkkaa-yhdessa\/wp-content\/uploads\/sites\/559\/2025\/10\/Erkkaa1_Logo_FIN_SWE_ENG_2-2-300x300.jpg 300w, https:\/\/sites.uef.fi\/erkkaa-yhdessa\/wp-content\/uploads\/sites\/559\/2025\/10\/Erkkaa1_Logo_FIN_SWE_ENG_2-2-150x150.jpg 150w, https:\/\/sites.uef.fi\/erkkaa-yhdessa\/wp-content\/uploads\/sites\/559\/2025\/10\/Erkkaa1_Logo_FIN_SWE_ENG_2-2-768x768.jpg 768w, https:\/\/sites.uef.fi\/erkkaa-yhdessa\/wp-content\/uploads\/sites\/559\/2025\/10\/Erkkaa1_Logo_FIN_SWE_ENG_2-2-1536x1536.jpg 1536w, https:\/\/sites.uef.fi\/erkkaa-yhdessa\/wp-content\/uploads\/sites\/559\/2025\/10\/Erkkaa1_Logo_FIN_SWE_ENG_2-2-2048x2048.jpg 2048w\" sizes=\"auto, (max-width: 1024px) 100vw, 1024px\" \/><\/figure>\n","protected":false},"excerpt":{"rendered":"<p>Hankkeen visio ja tavoitteet Hankkeen visiona on luoda valtakunnallisesti yhtenev\u00e4inen pohja saavutettaville ja laadukkaille erityispedagogiikan koulutuskokonaisuuksille. T\u00e4m\u00e4 tukee joustavia koulutussiirtymi\u00e4, jatkuvaa oppimista ja yliopistojen v\u00e4list\u00e4 opetusyhteisty\u00f6t\u00e4 \u2013 vahvistaen erityispedagogiikan tieteenalan asemaa, vastaten yhteiskunnan muuttuviin tarpeisiin. Tavoitteena on luoda yhtenev\u00e4iset perusopinnot sek\u00e4 edist\u00e4\u00e4 ristiinopiskelua aine- ja syvent\u00e4vien opintojen osalta. T\u00e4ll\u00e4 tavoin voidaan v\u00e4hent\u00e4\u00e4 opintojen p\u00e4\u00e4llekk\u00e4isyyksi\u00e4, kevent\u00e4\u00e4 [&hellip;]<\/p>\n","protected":false},"author":1324,"featured_media":0,"parent":0,"menu_order":0,"comment_status":"closed","ping_status":"closed","template":"","meta":{"_acf_changed":false,"footnotes":""},"class_list":["post-93","page","type-page","status-publish","hentry"],"acf":[],"yoast_head":"<!-- This site is optimized with the Yoast SEO plugin v27.1.1 - https:\/\/yoast.com\/product\/yoast-seo-wordpress\/ -->\n<title>Tietoa hankkeesta - Erkkaa yhdess\u00e4 (Erkkaa1)<\/title>\n<meta name=\"robots\" content=\"index, follow, max-snippet:-1, max-image-preview:large, max-video-preview:-1\" \/>\n<link rel=\"canonical\" href=\"https:\/\/sites.uef.fi\/erkkaa-yhdessa\/hankkeen-kuvaus\/\" \/>\n<meta property=\"og:locale\" content=\"fi_FI\" \/>\n<meta property=\"og:type\" content=\"article\" \/>\n<meta property=\"og:title\" content=\"Tietoa hankkeesta - Erkkaa yhdess\u00e4 (Erkkaa1)\" \/>\n<meta property=\"og:description\" content=\"Hankkeen visio ja tavoitteet Hankkeen visiona on luoda valtakunnallisesti yhtenev\u00e4inen pohja saavutettaville ja laadukkaille erityispedagogiikan koulutuskokonaisuuksille. T\u00e4m\u00e4 tukee joustavia koulutussiirtymi\u00e4, jatkuvaa oppimista ja yliopistojen v\u00e4list\u00e4 opetusyhteisty\u00f6t\u00e4 \u2013 vahvistaen erityispedagogiikan tieteenalan asemaa, vastaten yhteiskunnan muuttuviin tarpeisiin. Tavoitteena on luoda yhtenev\u00e4iset perusopinnot sek\u00e4 edist\u00e4\u00e4 ristiinopiskelua aine- ja syvent\u00e4vien opintojen osalta. T\u00e4ll\u00e4 tavoin voidaan v\u00e4hent\u00e4\u00e4 opintojen p\u00e4\u00e4llekk\u00e4isyyksi\u00e4, kevent\u00e4\u00e4 [&hellip;]\" \/>\n<meta property=\"og:url\" content=\"https:\/\/sites.uef.fi\/erkkaa-yhdessa\/hankkeen-kuvaus\/\" \/>\n<meta property=\"og:site_name\" content=\"Erkkaa yhdess\u00e4 (Erkkaa1)\" \/>\n<meta property=\"article:modified_time\" content=\"2025-10-20T12:29:53+00:00\" \/>\n<meta property=\"og:image\" content=\"https:\/\/sites.uef.fi\/erkkaa-yhdessa\/wp-content\/uploads\/sites\/559\/2025\/10\/mp61752137-hands-together-dirt-and-plants-growth-with-1-688x1024.jpg\" \/>\n<meta name=\"twitter:card\" content=\"summary_large_image\" \/>\n<meta name=\"twitter:label1\" content=\"Arvioitu lukuaika\" \/>\n\t<meta name=\"twitter:data1\" content=\"3 minuuttia\" \/>\n<script type=\"application\/ld+json\" class=\"yoast-schema-graph\">{\"@context\":\"https:\/\/schema.org\",\"@graph\":[{\"@type\":\"WebPage\",\"@id\":\"https:\/\/sites.uef.fi\/erkkaa-yhdessa\/hankkeen-kuvaus\/\",\"url\":\"https:\/\/sites.uef.fi\/erkkaa-yhdessa\/hankkeen-kuvaus\/\",\"name\":\"Tietoa hankkeesta - Erkkaa yhdess\u00e4 (Erkkaa1)\",\"isPartOf\":{\"@id\":\"https:\/\/sites.uef.fi\/erkkaa-yhdessa\/#website\"},\"primaryImageOfPage\":{\"@id\":\"https:\/\/sites.uef.fi\/erkkaa-yhdessa\/hankkeen-kuvaus\/#primaryimage\"},\"image\":{\"@id\":\"https:\/\/sites.uef.fi\/erkkaa-yhdessa\/hankkeen-kuvaus\/#primaryimage\"},\"thumbnailUrl\":\"https:\/\/sites.uef.fi\/erkkaa-yhdessa\/wp-content\/uploads\/sites\/559\/2025\/10\/mp61752137-hands-together-dirt-and-plants-growth-with-1-688x1024.jpg\",\"datePublished\":\"2025-10-14T07:17:05+00:00\",\"dateModified\":\"2025-10-20T12:29:53+00:00\",\"breadcrumb\":{\"@id\":\"https:\/\/sites.uef.fi\/erkkaa-yhdessa\/hankkeen-kuvaus\/#breadcrumb\"},\"inLanguage\":\"fi\",\"potentialAction\":[{\"@type\":\"ReadAction\",\"target\":[\"https:\/\/sites.uef.fi\/erkkaa-yhdessa\/hankkeen-kuvaus\/\"]}]},{\"@type\":\"ImageObject\",\"inLanguage\":\"fi\",\"@id\":\"https:\/\/sites.uef.fi\/erkkaa-yhdessa\/hankkeen-kuvaus\/#primaryimage\",\"url\":\"https:\/\/sites.uef.fi\/erkkaa-yhdessa\/wp-content\/uploads\/sites\/559\/2025\/10\/mp61752137-hands-together-dirt-and-plants-growth-with-1.jpg\",\"contentUrl\":\"https:\/\/sites.uef.fi\/erkkaa-yhdessa\/wp-content\/uploads\/sites\/559\/2025\/10\/mp61752137-hands-together-dirt-and-plants-growth-with-1.jpg\",\"width\":1200,\"height\":1787},{\"@type\":\"BreadcrumbList\",\"@id\":\"https:\/\/sites.uef.fi\/erkkaa-yhdessa\/hankkeen-kuvaus\/#breadcrumb\",\"itemListElement\":[{\"@type\":\"ListItem\",\"position\":1,\"name\":\"Home\",\"item\":\"https:\/\/sites.uef.fi\/erkkaa-yhdessa\/\"},{\"@type\":\"ListItem\",\"position\":2,\"name\":\"Tietoa hankkeesta\"}]},{\"@type\":\"WebSite\",\"@id\":\"https:\/\/sites.uef.fi\/erkkaa-yhdessa\/#website\",\"url\":\"https:\/\/sites.uef.fi\/erkkaa-yhdessa\/\",\"name\":\"Erkkaa yhdess\u00e4 (Erkkaa1)\",\"description\":\"\",\"potentialAction\":[{\"@type\":\"SearchAction\",\"target\":{\"@type\":\"EntryPoint\",\"urlTemplate\":\"https:\/\/sites.uef.fi\/erkkaa-yhdessa\/?s={search_term_string}\"},\"query-input\":{\"@type\":\"PropertyValueSpecification\",\"valueRequired\":true,\"valueName\":\"search_term_string\"}}],\"inLanguage\":\"fi\"}]}<\/script>\n<!-- \/ Yoast SEO plugin. -->","yoast_head_json":{"title":"Tietoa hankkeesta - Erkkaa yhdess\u00e4 (Erkkaa1)","robots":{"index":"index","follow":"follow","max-snippet":"max-snippet:-1","max-image-preview":"max-image-preview:large","max-video-preview":"max-video-preview:-1"},"canonical":"https:\/\/sites.uef.fi\/erkkaa-yhdessa\/hankkeen-kuvaus\/","og_locale":"fi_FI","og_type":"article","og_title":"Tietoa hankkeesta - Erkkaa yhdess\u00e4 (Erkkaa1)","og_description":"Hankkeen visio ja tavoitteet Hankkeen visiona on luoda valtakunnallisesti yhtenev\u00e4inen pohja saavutettaville ja laadukkaille erityispedagogiikan koulutuskokonaisuuksille. T\u00e4m\u00e4 tukee joustavia koulutussiirtymi\u00e4, jatkuvaa oppimista ja yliopistojen v\u00e4list\u00e4 opetusyhteisty\u00f6t\u00e4 \u2013 vahvistaen erityispedagogiikan tieteenalan asemaa, vastaten yhteiskunnan muuttuviin tarpeisiin. Tavoitteena on luoda yhtenev\u00e4iset perusopinnot sek\u00e4 edist\u00e4\u00e4 ristiinopiskelua aine- ja syvent\u00e4vien opintojen osalta. T\u00e4ll\u00e4 tavoin voidaan v\u00e4hent\u00e4\u00e4 opintojen p\u00e4\u00e4llekk\u00e4isyyksi\u00e4, kevent\u00e4\u00e4 [&hellip;]","og_url":"https:\/\/sites.uef.fi\/erkkaa-yhdessa\/hankkeen-kuvaus\/","og_site_name":"Erkkaa yhdess\u00e4 (Erkkaa1)","article_modified_time":"2025-10-20T12:29:53+00:00","og_image":[{"url":"https:\/\/sites.uef.fi\/erkkaa-yhdessa\/wp-content\/uploads\/sites\/559\/2025\/10\/mp61752137-hands-together-dirt-and-plants-growth-with-1-688x1024.jpg","type":"","width":"","height":""}],"twitter_card":"summary_large_image","twitter_misc":{"Arvioitu lukuaika":"3 minuuttia"},"schema":{"@context":"https:\/\/schema.org","@graph":[{"@type":"WebPage","@id":"https:\/\/sites.uef.fi\/erkkaa-yhdessa\/hankkeen-kuvaus\/","url":"https:\/\/sites.uef.fi\/erkkaa-yhdessa\/hankkeen-kuvaus\/","name":"Tietoa hankkeesta - Erkkaa yhdess\u00e4 (Erkkaa1)","isPartOf":{"@id":"https:\/\/sites.uef.fi\/erkkaa-yhdessa\/#website"},"primaryImageOfPage":{"@id":"https:\/\/sites.uef.fi\/erkkaa-yhdessa\/hankkeen-kuvaus\/#primaryimage"},"image":{"@id":"https:\/\/sites.uef.fi\/erkkaa-yhdessa\/hankkeen-kuvaus\/#primaryimage"},"thumbnailUrl":"https:\/\/sites.uef.fi\/erkkaa-yhdessa\/wp-content\/uploads\/sites\/559\/2025\/10\/mp61752137-hands-together-dirt-and-plants-growth-with-1-688x1024.jpg","datePublished":"2025-10-14T07:17:05+00:00","dateModified":"2025-10-20T12:29:53+00:00","breadcrumb":{"@id":"https:\/\/sites.uef.fi\/erkkaa-yhdessa\/hankkeen-kuvaus\/#breadcrumb"},"inLanguage":"fi","potentialAction":[{"@type":"ReadAction","target":["https:\/\/sites.uef.fi\/erkkaa-yhdessa\/hankkeen-kuvaus\/"]}]},{"@type":"ImageObject","inLanguage":"fi","@id":"https:\/\/sites.uef.fi\/erkkaa-yhdessa\/hankkeen-kuvaus\/#primaryimage","url":"https:\/\/sites.uef.fi\/erkkaa-yhdessa\/wp-content\/uploads\/sites\/559\/2025\/10\/mp61752137-hands-together-dirt-and-plants-growth-with-1.jpg","contentUrl":"https:\/\/sites.uef.fi\/erkkaa-yhdessa\/wp-content\/uploads\/sites\/559\/2025\/10\/mp61752137-hands-together-dirt-and-plants-growth-with-1.jpg","width":1200,"height":1787},{"@type":"BreadcrumbList","@id":"https:\/\/sites.uef.fi\/erkkaa-yhdessa\/hankkeen-kuvaus\/#breadcrumb","itemListElement":[{"@type":"ListItem","position":1,"name":"Home","item":"https:\/\/sites.uef.fi\/erkkaa-yhdessa\/"},{"@type":"ListItem","position":2,"name":"Tietoa hankkeesta"}]},{"@type":"WebSite","@id":"https:\/\/sites.uef.fi\/erkkaa-yhdessa\/#website","url":"https:\/\/sites.uef.fi\/erkkaa-yhdessa\/","name":"Erkkaa yhdess\u00e4 (Erkkaa1)","description":"","potentialAction":[{"@type":"SearchAction","target":{"@type":"EntryPoint","urlTemplate":"https:\/\/sites.uef.fi\/erkkaa-yhdessa\/?s={search_term_string}"},"query-input":{"@type":"PropertyValueSpecification","valueRequired":true,"valueName":"search_term_string"}}],"inLanguage":"fi"}]}},"_links":{"self":[{"href":"https:\/\/sites.uef.fi\/erkkaa-yhdessa\/wp-json\/wp\/v2\/pages\/93","targetHints":{"allow":["GET"]}}],"collection":[{"href":"https:\/\/sites.uef.fi\/erkkaa-yhdessa\/wp-json\/wp\/v2\/pages"}],"about":[{"href":"https:\/\/sites.uef.fi\/erkkaa-yhdessa\/wp-json\/wp\/v2\/types\/page"}],"author":[{"embeddable":true,"href":"https:\/\/sites.uef.fi\/erkkaa-yhdessa\/wp-json\/wp\/v2\/users\/1324"}],"replies":[{"embeddable":true,"href":"https:\/\/sites.uef.fi\/erkkaa-yhdessa\/wp-json\/wp\/v2\/comments?post=93"}],"version-history":[{"count":2,"href":"https:\/\/sites.uef.fi\/erkkaa-yhdessa\/wp-json\/wp\/v2\/pages\/93\/revisions"}],"predecessor-version":[{"id":608,"href":"https:\/\/sites.uef.fi\/erkkaa-yhdessa\/wp-json\/wp\/v2\/pages\/93\/revisions\/608"}],"wp:attachment":[{"href":"https:\/\/sites.uef.fi\/erkkaa-yhdessa\/wp-json\/wp\/v2\/media?parent=93"}],"curies":[{"name":"wp","href":"https:\/\/api.w.org\/{rel}","templated":true}]}}