{"id":32,"date":"2020-05-06T13:16:21","date_gmt":"2020-05-06T10:16:21","guid":{"rendered":"https:\/\/sites.uef.fi\/europeanforestry\/?page_id=32"},"modified":"2025-10-01T14:27:23","modified_gmt":"2025-10-01T11:27:23","slug":"consortium","status":"publish","type":"page","link":"https:\/\/sites.uef.fi\/europeanforestry\/consortium\/","title":{"rendered":"Consortium"},"content":{"rendered":"\n<p>Our programme is a joint effort of <strong>seven internationally highly recognised European Full Partner universities<\/strong>. Together we produce a top quality master&#8217;s programme by offering our own expertise. <\/p>\n\n\n\n<h2 class=\"wp-block-heading\">Full Partner universities:<\/h2>\n\n\n\n<p><a href=\"https:\/\/sites.uef.fi\/europeanforestry\/agroparistech\/\">AgroParisTech<\/a>, France<br><a href=\"https:\/\/sites.uef.fi\/europeanforestry\/university-of-eastern-finland\/\">University of Eastern Finland<\/a>, Finland<br><a href=\"https:\/\/sites.uef.fi\/europeanforestry\/university-of-freiburg\/\">University of Freiburg<\/a>, Germany<br><a href=\"https:\/\/sites.uef.fi\/europeanforestry\/university-of-lleida\/\">University of Lleida<\/a>, Spain<br><a href=\"https:\/\/sites.uef.fi\/europeanforestry\/university-of-natural-resources-and-life-sciences-vienna\/\">BOKU University<\/a>, Austria<br><a href=\"https:\/\/sites.uef.fi\/europeanforestry\/transilvania-university-of-brasov\/\">Transilvania University of Bra\u0219ov<\/a>, Romania<br><a href=\"https:\/\/sites.uef.fi\/europeanforestry\/wageningen-university\/\">Wageningen University<\/a>, the Netherlands<\/p>\n\n\n\n<h2 class=\"wp-block-heading\">Associated Partners:<\/h2>\n\n\n\n<p>We work in close cooperation with our <strong>Associated Partner HEIs<\/strong>: Agricultural University of Tirana (Albania), Federal University of Paran\u00e1 (UFPR, Brazil), Lakehead University (Canada), Michigan State University (MSU, the USA), Moldova State University (USM, Moldova), National University of Life and Environmental Sciences of Ukraine (NUBiP, Ukraine), Northwest A&amp;F University (NWAFU, China), Stellenbosch University (SU, South Africa), Technical University of Moldova (UTM, Moldova) Ukrainian National Forestry University (UNFU, Ukraine), University of British Columbia (UBC, Canada), University of Ibadan (UI, Nigeria), University of New Brunswick (UNB, Canada) and University of S\u00e3o Paulo (USP, Brazil). <\/p>\n\n\n\n<p>Furthermore, we have <strong>Associated Industrial\/Public\/NGO Partners<\/strong>: Arbonaut Ltd. (Finland), Austrian Research Center for Forests (BFW, Austria), Centre INRAE Grand-Est-Nancy (INRAE, France), European Landowners\u2019 Organization (ELO, Belgium), Forest Ownership Centre of Catalonia (Spain), Forest Science and Technology Centre of Catalonia (CTFC, Spain), FSC International Center GmbH (FSC GD, Germany), Chinese Academy of Forestry (CAF, China), European Forest Institute (EFI, Finland), Forstamt Johanniskreuz (Germany), Hasslacher Holding GmbH (Austria), International Institute for Applied Systems Analysis (IIASA, Austria), Ocolul Silvic Ingleby (Romania), Office National des For\u00eats (ONF, France), PEFC (Germany), Ponsse Plc. (Finland), Soci\u00e9t\u00e9 Foresti\u00e8re de la CDC (France),<strong> <\/strong>Stora Enso Oyj (Finland) and Tornator SRL (Romania)<strong>.<\/strong>  <\/p>\n\n\n\n<p>Our Associated Partners provide internship placements for our students and they contribute to teaching and MSc European Forestry course promotion, for example. Our Associated Partners are also important research partners of our Full Partner universities and potential future employers of our graduates.<\/p>\n\n\n\n<h2 class=\"wp-block-heading\"><\/h2>\n\n\n\n<p><\/p>\n\n\n\n<p><\/p>\n\n\n\n<h2 class=\"wp-block-heading\"><\/h2>\n\n\n\n<p><\/p>\n\n\n\n<h2 class=\"wp-block-heading\"><\/h2>\n\n\n\n<p><\/p>\n","protected":false},"excerpt":{"rendered":"<p>Our programme is a joint effort of seven internationally highly recognised European Full Partner universities. Together we produce a top quality master&#8217;s programme by offering our own expertise. Full Partner universities: AgroParisTech, FranceUniversity of Eastern Finland, FinlandUniversity of Freiburg, GermanyUniversity of Lleida, SpainBOKU University, AustriaTransilvania University of Bra\u0219ov, RomaniaWageningen University, the Netherlands Associated Partners: We [&hellip;]<\/p>\n","protected":false},"author":143,"featured_media":0,"parent":0,"menu_order":0,"comment_status":"closed","ping_status":"closed","template":"","meta":{"_acf_changed":false,"_monsterinsights_skip_tracking":false,"_monsterinsights_sitenote_active":false,"_monsterinsights_sitenote_note":"","_monsterinsights_sitenote_category":0,"footnotes":""},"class_list":["post-32","page","type-page","status-publish","hentry"],"acf":[],"yoast_head":"<!-- This site is optimized with the Yoast SEO plugin v27.3 - https:\/\/yoast.com\/product\/yoast-seo-wordpress\/ -->\n<title>Consortium - Master of Science in European Forestry<\/title>\n<meta name=\"robots\" content=\"index, follow, max-snippet:-1, max-image-preview:large, max-video-preview:-1\" \/>\n<link rel=\"canonical\" href=\"https:\/\/sites.uef.fi\/europeanforestry\/consortium\/\" \/>\n<meta property=\"og:locale\" content=\"en_US\" \/>\n<meta property=\"og:type\" content=\"article\" \/>\n<meta property=\"og:title\" content=\"Consortium - Master of Science in European Forestry\" \/>\n<meta property=\"og:description\" content=\"Our programme is a joint effort of seven internationally highly recognised European Full Partner universities. Together we produce a top quality master&#8217;s programme by offering our own expertise. Full Partner universities: AgroParisTech, FranceUniversity of Eastern Finland, FinlandUniversity of Freiburg, GermanyUniversity of Lleida, SpainBOKU University, AustriaTransilvania University of Bra\u0219ov, RomaniaWageningen University, the Netherlands Associated Partners: We [&hellip;]\" \/>\n<meta property=\"og:url\" content=\"https:\/\/sites.uef.fi\/europeanforestry\/consortium\/\" \/>\n<meta property=\"og:site_name\" content=\"Master of Science in European Forestry\" \/>\n<meta property=\"article:modified_time\" content=\"2025-10-01T11:27:23+00:00\" \/>\n<meta name=\"twitter:card\" content=\"summary_large_image\" \/>\n<meta name=\"twitter:label1\" content=\"Est. reading time\" \/>\n\t<meta name=\"twitter:data1\" content=\"2 minutes\" \/>\n<script type=\"application\/ld+json\" class=\"yoast-schema-graph\">{\"@context\":\"https:\\\/\\\/schema.org\",\"@graph\":[{\"@type\":\"WebPage\",\"@id\":\"https:\\\/\\\/sites.uef.fi\\\/europeanforestry\\\/consortium\\\/\",\"url\":\"https:\\\/\\\/sites.uef.fi\\\/europeanforestry\\\/consortium\\\/\",\"name\":\"Consortium - Master of Science in European Forestry\",\"isPartOf\":{\"@id\":\"https:\\\/\\\/sites.uef.fi\\\/europeanforestry\\\/#website\"},\"datePublished\":\"2020-05-06T10:16:21+00:00\",\"dateModified\":\"2025-10-01T11:27:23+00:00\",\"breadcrumb\":{\"@id\":\"https:\\\/\\\/sites.uef.fi\\\/europeanforestry\\\/consortium\\\/#breadcrumb\"},\"inLanguage\":\"en-US\",\"potentialAction\":[{\"@type\":\"ReadAction\",\"target\":[\"https:\\\/\\\/sites.uef.fi\\\/europeanforestry\\\/consortium\\\/\"]}]},{\"@type\":\"BreadcrumbList\",\"@id\":\"https:\\\/\\\/sites.uef.fi\\\/europeanforestry\\\/consortium\\\/#breadcrumb\",\"itemListElement\":[{\"@type\":\"ListItem\",\"position\":1,\"name\":\"Home\",\"item\":\"https:\\\/\\\/sites.uef.fi\\\/europeanforestry\\\/\"},{\"@type\":\"ListItem\",\"position\":2,\"name\":\"Consortium\"}]},{\"@type\":\"WebSite\",\"@id\":\"https:\\\/\\\/sites.uef.fi\\\/europeanforestry\\\/#website\",\"url\":\"https:\\\/\\\/sites.uef.fi\\\/europeanforestry\\\/\",\"name\":\"Master of Science in European Forestry\",\"description\":\"\",\"potentialAction\":[{\"@type\":\"SearchAction\",\"target\":{\"@type\":\"EntryPoint\",\"urlTemplate\":\"https:\\\/\\\/sites.uef.fi\\\/europeanforestry\\\/?s={search_term_string}\"},\"query-input\":{\"@type\":\"PropertyValueSpecification\",\"valueRequired\":true,\"valueName\":\"search_term_string\"}}],\"inLanguage\":\"en-US\"}]}<\/script>\n<!-- \/ Yoast SEO plugin. -->","yoast_head_json":{"title":"Consortium - Master of Science in European Forestry","robots":{"index":"index","follow":"follow","max-snippet":"max-snippet:-1","max-image-preview":"max-image-preview:large","max-video-preview":"max-video-preview:-1"},"canonical":"https:\/\/sites.uef.fi\/europeanforestry\/consortium\/","og_locale":"en_US","og_type":"article","og_title":"Consortium - Master of Science in European Forestry","og_description":"Our programme is a joint effort of seven internationally highly recognised European Full Partner universities. Together we produce a top quality master&#8217;s programme by offering our own expertise. Full Partner universities: AgroParisTech, FranceUniversity of Eastern Finland, FinlandUniversity of Freiburg, GermanyUniversity of Lleida, SpainBOKU University, AustriaTransilvania University of Bra\u0219ov, RomaniaWageningen University, the Netherlands Associated Partners: We [&hellip;]","og_url":"https:\/\/sites.uef.fi\/europeanforestry\/consortium\/","og_site_name":"Master of Science in European Forestry","article_modified_time":"2025-10-01T11:27:23+00:00","twitter_card":"summary_large_image","twitter_misc":{"Est. reading time":"2 minutes"},"schema":{"@context":"https:\/\/schema.org","@graph":[{"@type":"WebPage","@id":"https:\/\/sites.uef.fi\/europeanforestry\/consortium\/","url":"https:\/\/sites.uef.fi\/europeanforestry\/consortium\/","name":"Consortium - Master of Science in European Forestry","isPartOf":{"@id":"https:\/\/sites.uef.fi\/europeanforestry\/#website"},"datePublished":"2020-05-06T10:16:21+00:00","dateModified":"2025-10-01T11:27:23+00:00","breadcrumb":{"@id":"https:\/\/sites.uef.fi\/europeanforestry\/consortium\/#breadcrumb"},"inLanguage":"en-US","potentialAction":[{"@type":"ReadAction","target":["https:\/\/sites.uef.fi\/europeanforestry\/consortium\/"]}]},{"@type":"BreadcrumbList","@id":"https:\/\/sites.uef.fi\/europeanforestry\/consortium\/#breadcrumb","itemListElement":[{"@type":"ListItem","position":1,"name":"Home","item":"https:\/\/sites.uef.fi\/europeanforestry\/"},{"@type":"ListItem","position":2,"name":"Consortium"}]},{"@type":"WebSite","@id":"https:\/\/sites.uef.fi\/europeanforestry\/#website","url":"https:\/\/sites.uef.fi\/europeanforestry\/","name":"Master of Science in European Forestry","description":"","potentialAction":[{"@type":"SearchAction","target":{"@type":"EntryPoint","urlTemplate":"https:\/\/sites.uef.fi\/europeanforestry\/?s={search_term_string}"},"query-input":{"@type":"PropertyValueSpecification","valueRequired":true,"valueName":"search_term_string"}}],"inLanguage":"en-US"}]}},"_links":{"self":[{"href":"https:\/\/sites.uef.fi\/europeanforestry\/wp-json\/wp\/v2\/pages\/32","targetHints":{"allow":["GET"]}}],"collection":[{"href":"https:\/\/sites.uef.fi\/europeanforestry\/wp-json\/wp\/v2\/pages"}],"about":[{"href":"https:\/\/sites.uef.fi\/europeanforestry\/wp-json\/wp\/v2\/types\/page"}],"author":[{"embeddable":true,"href":"https:\/\/sites.uef.fi\/europeanforestry\/wp-json\/wp\/v2\/users\/143"}],"replies":[{"embeddable":true,"href":"https:\/\/sites.uef.fi\/europeanforestry\/wp-json\/wp\/v2\/comments?post=32"}],"version-history":[{"count":2,"href":"https:\/\/sites.uef.fi\/europeanforestry\/wp-json\/wp\/v2\/pages\/32\/revisions"}],"predecessor-version":[{"id":8558,"href":"https:\/\/sites.uef.fi\/europeanforestry\/wp-json\/wp\/v2\/pages\/32\/revisions\/8558"}],"wp:attachment":[{"href":"https:\/\/sites.uef.fi\/europeanforestry\/wp-json\/wp\/v2\/media?parent=32"}],"curies":[{"name":"wp","href":"https:\/\/api.w.org\/{rel}","templated":true}]}}