{"id":62,"date":"2020-05-06T13:33:33","date_gmt":"2020-05-06T10:33:33","guid":{"rendered":"https:\/\/sites.uef.fi\/europeanforestry\/?page_id=62"},"modified":"2025-04-28T07:26:41","modified_gmt":"2025-04-28T04:26:41","slug":"employment","status":"publish","type":"page","link":"https:\/\/sites.uef.fi\/europeanforestry\/employment\/","title":{"rendered":"Employment"},"content":{"rendered":"\n<p>Our graduates are highly demanded by the labour market. All our students graduate with the ability to work in multicultural environments and with the latest knowledge on forest management and policy-making in Europe. Our alumni&nbsp;work all over the world and form bridges between countries and continents, which is acknowledged by employers who appreciate the ability to apply global thinking in local conditions.<\/p>\n\n\n\n<h2 class=\"wp-block-heading\">Examples of employment positions that our students have taken after graduation<\/h2>\n\n\n\n<h3 class=\"wp-block-heading\">Africa<\/h3>\n\n\n\n<p><a href=\"https:\/\/www.afdb.org\/en\" rel=\"noopener noreferrer\">African Development Bank<\/a>, <strong>Tunisia<\/strong>: Expert<br><a href=\"https:\/\/www.cifor.org\/\" rel=\"noopener noreferrer\">Centre for International Forestry Research (CIFOR)<\/a>, <strong>Cameroon<\/strong>: Associate professional officer<br><a href=\"http:\/\/www.hu.edu.et\/hu\/\" rel=\"noopener noreferrer\">Hawassa University<\/a>, <strong>Ethiopia<\/strong>: Lecturer and researcher<br><a href=\"https:\/\/www.idrc.ca\/\" rel=\"noopener noreferrer\">International Development Research Centre<\/a>, <strong>Kenya<\/strong>: Consultant<br><a href=\"http:\/\/www.safcol.co.za\/\" rel=\"noopener noreferrer\">Komatiland Forests Ltd.<\/a>, <strong>South Africa<\/strong>: District Manager<br><a href=\"https:\/\/www.mondigroup.com\/en\/home\/\" rel=\"noopener noreferrer\">Mondi Group<\/a>, <strong>South Africa<\/strong>: Environmental specialist<br><a href=\"http:\/\/www.safcol.co.za\/?option=com_content&amp;view=article&amp;id=40&amp;Itemid=12\" rel=\"noopener noreferrer\">South African Forestry Company Limited (&#8220;Safcol)<\/a>, <strong>South Africa<\/strong>: General Manager Forest Operations, South Africa and Mozambique<br><a href=\"http:\/\/www.uae.ma\/website\/\" rel=\"noopener noreferrer\">University Abdelmalek Essadii<\/a>, <strong>Morocco<\/strong>: PhD researcher<\/p>\n\n\n\n<h3 class=\"wp-block-heading\">Americas<\/h3>\n\n\n\n<p><a href=\"http:\/\/www.comunidadandina.org\/\" rel=\"noopener noreferrer\">Andean Community General Secretariat<\/a>, <strong>Peru<\/strong>: Consultant<br><a href=\"https:\/\/www.bracell.com\" rel=\"noopener noreferrer\">Bahia Speciality Cellulose<\/a>, <strong>Brazil<\/strong>: Silviculture coordinator<br><a href=\"https:\/\/careers.bankofamerica.com\/en-us\" rel=\"noopener noreferrer\">Bank of America<\/a>, <strong>Costa Rica<\/strong>: Customer Service &amp; Support<br><a href=\"https:\/\/www.embrapa.br\/informatica-agropecuaria\" rel=\"noopener noreferrer\">Brazilian Agricultural Research Corporation&nbsp;(EMBRAPA-CNPTIA)<\/a>, <strong>Brazil<\/strong>: Researcher\/GIS and Remote Sensing Analyst,&nbsp;Sustainable Landscapes Program<br><a href=\"http:\/\/www.fondobiocomercio.com\/\" rel=\"noopener noreferrer\">Corporaci\u00f3n Fondo Biocomercio<\/a>, <strong>Colombia<\/strong>: Monitoring and evaluation coordinator<br><a href=\"http:\/\/www.faber-castell.co.uk\/\" rel=\"noopener noreferrer\">Faber-Castell International<\/a>, <strong>Brazil<\/strong>: Forestry supervisor<br><a href=\"http:\/\/www.fao.org\/americas\/caribe\/en\/\" rel=\"noopener noreferrer\">FAO Regional Office for Latin America and the Caribbean<\/a>, <strong>Chile<\/strong>: Forestry consultant<br><a href=\"https:\/\/indexgrupo.com.br\/\" rel=\"noopener noreferrer\">Grupo Index Ambiental<\/a>, <strong>Brazil<\/strong>: Sustainability consultant<br><a href=\"https:\/\/iwokrama.org\/\" rel=\"noopener noreferrer\">Iwokrama International Centre for Rain Forest Conservation and Development<\/a>, <strong>Guyana<\/strong>: Monitoring Manager<br><a href=\"https:\/\/www.lakeheadu.ca\/\" rel=\"noopener noreferrer\">Lakehead University<\/a>, <strong>Canada<\/strong>: PhD student<br><a href=\"https:\/\/www.miamioh.edu\/\" rel=\"noopener noreferrer\">Miami University of Ohio<\/a>, <strong>USA<\/strong>: PhD student<br><a href=\"https:\/\/www2.gov.bc.ca\/gov\/content\/governments\/organizational-structure\/ministries-organizations\/ministries\/forests-lands-natural-resource-operations-and-rural-development\" rel=\"noopener noreferrer\">Ministry of Forests, Land and Natural Resources<\/a>, <strong>Canada<\/strong>: Resource technologist<br><a href=\"https:\/\/www.ontario.ca\/page\/ministry-natural-resources-and-forestry\" rel=\"noopener noreferrer\">Ontario Ministry of Natural Resources<\/a>, <strong>Canada<\/strong>: Protected areas planner<br><a href=\"http:\/\/www.rgisa.com\/\" rel=\"noopener noreferrer\">Reforestation Group International S. A.<\/a>, <strong>Costa Rica<\/strong>: Forestry engineer and plantation manager<br><a href=\"https:\/\/afry.com\/en\" rel=\"noopener noreferrer\">P\u00f6yry Silviconsult<\/a>, <strong>Brazil<\/strong>: Forest Business Consultant<br><a href=\"https:\/\/www.silvacom.com\/\" rel=\"noopener noreferrer\">Silvacom<\/a>, <strong>Canada<\/strong>: Forest Resource Analyst<br><a href=\"http:\/\/www.tecpar.br\/\" rel=\"noopener noreferrer\">TECPAR, Paran\u00e1&#8217;s Institute of Technology<\/a>, <strong>Brazil<\/strong>: Coordinator of Forest Management and Chain of Custody certification<br><a href=\"https:\/\/treecanada.ca\/?mega_menu=home\" rel=\"noopener noreferrer\">Tree Canada<\/a>, <strong>Canada<\/strong>: Researcher, ecosystem modeller<br><a href=\"https:\/\/treetimeservices.ca\/\" rel=\"noopener noreferrer\">Tree Time Services Inc<\/a>, <strong>Canada<\/strong>: Environmental consultant<br><a href=\"http:\/\/www.uquebec.ca\/reseau\/fr\" rel=\"noopener noreferrer\">Universit\u00e9 du Qu\u00e9bec \u00e0 Montr\u00e9a<\/a>l, <strong>Canada<\/strong>: PhD student<br><a href=\"https:\/\/www.berkeley.edu\/\" rel=\"noopener noreferrer\">University of California, Berkeley<\/a>, <strong>USA<\/strong>: PhD student<br><a href=\"https:\/\/www.unb.ca\/\" rel=\"noopener noreferrer\">University of New Brunswick<\/a>, <strong>Canada<\/strong>: Researcher<br><a href=\"https:\/\/www.wisc.edu\/\" rel=\"noopener noreferrer\">University of Wisconsin-Madison<\/a>, <strong>USA<\/strong>: PhD student<br><a href=\"https:\/\/www.fs.usda.gov\/\" rel=\"noopener noreferrer\">US Forest Service<\/a>, <strong>USA<\/strong>: Assistant teacher<br><a href=\"https:\/\/verra.org\/\">Verra<\/a>, <strong>USA<\/strong>: Manager, REDD+ Technical Innovation<br><a href=\"http:\/\/www.woodlandsnorth.ca\/\" rel=\"noopener noreferrer\">Woodlands North Inc<\/a>, <strong>Canada<\/strong>: Manager GIS, research and development<\/p>\n\n\n\n<h3 class=\"wp-block-heading\">Asia<\/h3>\n\n\n\n<p><a href=\"https:\/\/www.gov.uk\/world\/china\" rel=\"noopener noreferrer\">British Embassy, Beijing<\/a>, <strong>China<\/strong>: Project manager<br><a href=\"https:\/\/www.cifor.org\/\" rel=\"noopener noreferrer\">Centre for International Forestry Research (CIFOR)<\/a>, <strong>Indonesia<\/strong>: Research officer<br>Chinese Academy of Forestry, <strong>China<\/strong>: Associate research Professor<br><a href=\"http:\/\/english.cas.cn\/\" rel=\"noopener noreferrer\">Chinese Academy of Sciences<\/a>, <strong>China<\/strong>: Associate Professor<br><a href=\"http:\/\/climatebridge.com\/\" rel=\"noopener noreferrer\">Climate Bridge Ltd.<\/a>, <strong>China<\/strong>: Project manager<br><a href=\"http:\/\/www.deutsche-kultur-international.de\/\" rel=\"noopener noreferrer\">German Development Service<\/a>,<strong> Mongolia<\/strong>: Forestry officer<br><a href=\"https:\/\/www.icimod.org\/\" rel=\"noopener noreferrer\">ICIMOD<\/a>, <strong>Pakistan<\/strong>: National project manager REDD+<br><a href=\"https:\/\/www.ikea.com\/\" rel=\"noopener noreferrer\">IKEA<\/a>, <strong>Indonesia<\/strong>: Southeast Asia forestry coordinator<br><a href=\"http:\/\/lipi.go.id\/\" rel=\"noopener noreferrer\">Indonesian Institute of Sciences<\/a>, <strong>Indonesia<\/strong>: Researcher<br><a href=\"http:\/\/igrec.in\/\" rel=\"noopener noreferrer\">Institute of Green Economy<\/a>, <strong>India<\/strong>: Research associate<br><a href=\"https:\/\/en.mfu.ac.th\/home.html\" rel=\"noopener noreferrer\">Mae Fah Luang University<\/a>, <strong>Thailand<\/strong>: Officer at Botanical Garden<br><a href=\"http:\/\/moa.gov.jo\/ar-jo\/Home.aspx\" rel=\"noopener noreferrer\">Ministry of Agriculture<\/a>, <strong>Jordan<\/strong>: Head of Forest Department of Southern Jordan<br><a href=\"http:\/\/www.environment.gov.pk\/\" rel=\"noopener noreferrer\">Ministry of Environment<\/a>, <strong>Pakistan<\/strong>: Consultant on climate change policy<br><a href=\"http:\/\/www.mofe.gov.np\/\" rel=\"noopener noreferrer\">Ministry of Forest and Soil Conservation<\/a>, <strong>Nepal<\/strong>: Assistant Research Officer<br><a href=\"http:\/\/www.menlhk.go.id\/\" rel=\"noopener noreferrer\">Ministry of Environment and Forestry<\/a>, <strong>Indonesia<\/strong>: Data analyst in forest fire extinguishing<br><a href=\"http:\/\/www.nias.res.in\/\" rel=\"noopener noreferrer\">National Institute of Advanced Studies<\/a>, <strong>India<\/strong>: PhD student<br><a href=\"https:\/\/www.nature.org\/en-us\/\" rel=\"noopener noreferrer\">Nature Conservancy,<\/a> <strong>Indonesia<\/strong>: Head of Bureau (East Borneo)<br><a href=\"https:\/\/en.nwsuaf.edu.cn\/\" rel=\"noopener noreferrer\">Northwest A&amp;F University<\/a>, <strong>China<\/strong>: Lecturer<br><a href=\"https:\/\/www.pactworld.org\/\" rel=\"noopener noreferrer\">Pact<\/a>, <strong>Cambodia<\/strong>: Senior carbon programme officer<br><a href=\"https:\/\/www.recoftc.org\/\" rel=\"noopener noreferrer\">RECOFTC<\/a>, <strong>Thailand<\/strong>: Programme officer<br><a href=\"https:\/\/www.trf.or.th\/coronation\/kingramax.php?redirect=\/\" rel=\"noopener noreferrer\">Thailand Research Fund<\/a>, <strong>Thailand<\/strong>: Project coordinator<br><a href=\"http:\/\/www.toastmasters.org\/\" rel=\"noopener noreferrer\">Toastmasters International<\/a>, <strong>China<\/strong>: Area Governor<br><a href=\"https:\/\/www.wetlands.org\/\" rel=\"noopener noreferrer\">Wetlands Internationa<\/a>l, China: Project officer<br><a href=\"http:\/\/worldagroforestry.org\/\">World Agroforestry Centre<\/a>, <strong>Southeast Asia Region<\/strong>: Project officer<br><a href=\"https:\/\/www.worldwildlife.org\/\" rel=\"noopener noreferrer\">WWF<\/a>, <strong>Pakistan<\/strong>: Programme development coordinator<br><a href=\"http:\/\/www.ymca-leb.org.lb\/\" rel=\"noopener noreferrer\">YMCA-Lebanon<\/a>, <strong>Lebanon<\/strong>: Agricultural engineer<\/p>\n\n\n\n<h3 class=\"wp-block-heading\">Europe<\/h3>\n\n\n\n<p><a href=\"http:\/\/www.alternconsult.fr\/\" rel=\"noopener noreferrer\">Alternconsult<\/a>, <strong>France<\/strong>: Carbon footprint analyst<br><a href=\"https:\/\/www.arbonaut.com\/en\/\" rel=\"noopener noreferrer\">Arbonaut Ltd<\/a>, <strong>Finland<\/strong>: Senior GIS specialist<br><a href=\"http:\/\/www.climate.axa\">AXA Climate<\/a>, <strong>France<\/strong>: Wildfire risk modeler<br><a href=\"https:\/\/bosgroepen.nl\/\" rel=\"noopener noreferrer\">Bosgroepen<\/a>, <strong>the Netherlands<\/strong>: Project worker<br><a href=\"https:\/\/group.bureauveritas.com\/\" rel=\"noopener noreferrer\">Bureau Veritas Group<\/a>, <strong>Russia<\/strong>: Expert in forestry certification<br><a href=\"https:\/\/web.centria.fi\/\" rel=\"noopener noreferrer\">Central Ostrobothnia University of Applied Sciences<\/a>, <strong>Finland<\/strong>: Teacher<br><a href=\"http:\/\/www.cepf-eu.org\/\" rel=\"noopener noreferrer\">Confederation of European Forest Owners<\/a>, <strong>Belgium<\/strong>: Policy Officer<br><a href=\"http:\/\/www.dendron.earth\">Dendron Forest Consultancy<\/a>, <strong>Spain<\/strong>: CEO<br><a href=\"http:\/\/www.ebd.csic.es\/inicio\" rel=\"noopener noreferrer\">Dona\u00f1a Biological Station<\/a>,<strong> Spain<\/strong>: PhD researcher<br><a href=\"https:\/\/www.emu.ee\/en\/\" rel=\"noopener noreferrer\">Estonian University of Life Sciences<\/a>, <strong>Estonia<\/strong>: PhD student<br><a href=\"https:\/\/eeas.europa.eu\/headquarters\/headquarters-homepage_en\" rel=\"noopener noreferrer\">European External Action Service<\/a>, <strong>Cape Verde<\/strong>: Infrastructures and engineering programme officer<br><a href=\"https:\/\/www.efi.int\/plantedforests\" rel=\"noopener noreferrer\">European Forest Institute, Regional Office EFIATLANTIC<\/a>, <strong>France<\/strong>: Junior researcher<br><a href=\"https:\/\/europanels.org\/\" rel=\"noopener noreferrer\">European Panel Federation<\/a>,<strong> Belgium<\/strong>: Research adviser<br><a href=\"https:\/\/www.fmo.nl\/\" rel=\"noopener noreferrer\">FMO<\/a>, <strong>the Netherlands<\/strong>: Environmental and social specialist<br><a href=\"http:\/\/www.ctfc.cat\/\" rel=\"noopener noreferrer\">Forest Technological Centre of Catalonia<\/a>, <strong>Spain<\/strong>: Researcher<br><a href=\"http:\/\/www.forestalcatalana.cat\/\" rel=\"noopener noreferrer\">Forestal Catalana<\/a>, <strong>Spain<\/strong>: GIS technician<br><a href=\"http:\/\/www.gaena-environ.com\/\" rel=\"noopener noreferrer\">GAENA Environment<\/a>, <strong>Spain<\/strong>: Forest engineer in GIS<br><a href=\"https:\/\/www.muenchen.de\/int\/en\/culture-leisure\/research\/german-aerospace-center.html\" rel=\"noopener noreferrer\">German Aerospace Center in Munich<\/a>, <strong>Germany<\/strong>:&nbsp; PhD student<br><a href=\"https:\/\/www.iufro.org\/\" rel=\"noopener noreferrer\">IFSA\/IUFRO<\/a>, <strong>Austria<\/strong>: Junior professional officer<br><a href=\"https:\/\/www.iufro.org\/\" rel=\"noopener noreferrer\">IIASA<\/a>, <strong>Austria<\/strong>: Research assistant<br><a href=\"http:\/\/www.innovawood.com\/\" rel=\"noopener noreferrer\">Innova Wood<\/a>, <strong>Belgium<\/strong>: Secretary General<br><a href=\"http:\/\/www.irta.cat\/en-US\/\" rel=\"noopener noreferrer\">IRTA<\/a>,<strong> Spain<\/strong>: Research assistant<br><a href=\"https:\/\/www.kesla.fi\/frontpage\/\" rel=\"noopener noreferrer\">Kesla Oyj<\/a>,<strong> Finland<\/strong>: Sales manager<br><a href=\"https:\/\/www.vhluniversity.com\/\" rel=\"noopener noreferrer\">Larenstein University of Professional Education<\/a>,<strong> the Netherlands<\/strong>: Lecturer<br><a href=\"https:\/\/www.miun.se\/en\/\">Mid Sweden University<\/a>, Sweden: PhD student<br><a href=\"https:\/\/www.government.nl\/\" rel=\"noopener noreferrer\">Ministry of Economic Affairs, Agriculture and Innovation<\/a>,<strong> the Netherlands<\/strong>: Policy official in Natura 2000<br><a href=\"https:\/\/www.woensdrecht.nl\/home\/english_43820\/\" rel=\"noopener noreferrer\">Municipality Woensdrecht<\/a>, <strong>the Netherlands<\/strong>: Policy maker for the landscape and green area<br><a href=\"https:\/\/www.luke.fi\/en\/\" rel=\"noopener noreferrer\">Natural Resources Institute Finland<\/a>, <strong>Finland<\/strong>: Senior researcher<br><a href=\"https:\/\/www.nibio.no\/en\" rel=\"noopener noreferrer\">Norwegian Institute of Bioeconomy Research<\/a>,<strong> Norway<\/strong>: Researcher<br><a href=\"https:\/\/www.pik-potsdam.de\/\" rel=\"noopener noreferrer\">Potsdam Institute for Climate Impact Research<\/a>,<strong> Germany<\/strong>: PhD student<br><a href=\"https:\/\/afry.com\/en\" rel=\"noopener noreferrer\">P\u00f6yry Management Consulting<\/a>, <strong>United Kingdom<\/strong>: Consultant<br><a href=\"https:\/\/www.accountor.com\/fi\/finland\/palvelut-hr4\" rel=\"noopener noreferrer\">Promenade Research<\/a>, <strong>Finland<\/strong>: Account Manager<br><a href=\"http:\/\/www.rosilva.ro\/\" rel=\"noopener noreferrer\">ROMSILVA<\/a>, <strong>Romania<\/strong>: Forest engineer at the Romania State Forest Institute Enterprise-ROMSILVA<br><a href=\"http:\/\/www.sveza.ru\/\" rel=\"noopener noreferrer\">SVEZA-Les Ltd.<\/a>, <strong>Russia<\/strong>: Marketing specialist<br><a href=\"https:\/\/www.slu.se\/\" rel=\"noopener noreferrer\">Swedish University of Agricultural Sciences<\/a>, <strong>Sweden<\/strong>: Researcher, PhD student<br><a href=\"https:\/\/www.wsl.ch\/en\/\" rel=\"noopener noreferrer\">Swiss Federal Research Institute for Forest, Snow and Landscape Research WSL<\/a>, <strong>Switzerland<\/strong>: Researcher<br><a href=\"https:\/\/www.dtu.dk\/\" rel=\"noopener noreferrer\">Technical University of Denmark<\/a>, <strong>Denmark<\/strong>: PhD student<br><a href=\"https:\/\/www.ucc.ie\/en\/\" rel=\"noopener noreferrer\">University College Cork<\/a>, <strong>Ireland<\/strong>: Postdoctoral researcher<br><a href=\"https:\/\/www.unibe.ch\/index_eng.html\" rel=\"noopener noreferrer\">University of Bern<\/a>, <strong>Switzerland<\/strong>: PhD candidate<br><a href=\"https:\/\/www.uef.fi\/fi\/\" rel=\"noopener noreferrer\">University of Eastern Finland<\/a>, <strong>Finland<\/strong>: Lecturer and researcher<br><a href=\"http:\/\/www.uni-freiburg.de\/\" rel=\"noopener noreferrer\">University of Freiburg<\/a>, <strong>Germany<\/strong>: PhD student<br><a href=\"https:\/\/www.helsinki.fi\/en\/university\" rel=\"noopener noreferrer\">University of Helsinki<\/a>, <strong>Finland<\/strong>: PhD student<br><a href=\"https:\/\/boku.ac.at\/\" rel=\"noopener noreferrer\">University of Natural Resources and Life Sciences, Vienna<\/a>, <strong>Austria<\/strong>: Scientific assistant<br><a href=\"https:\/\/www.wur.nl\/en\/wageningen-university.htm\" rel=\"noopener noreferrer\">Wageningen University<\/a>, <strong>the Netherlands<\/strong>: Research assistant<br><a href=\"http:\/\/waldkonzepte.de\/\" rel=\"noopener noreferrer\">Waldkonzepte<\/a>, <strong>Germany<\/strong>: Forest consultant<\/p>\n\n\n\n<h3 class=\"wp-block-heading\">Oceania<\/h3>\n\n\n\n<p><a href=\"https:\/\/www.deakin.edu.au\/\" rel=\"noopener noreferrer\">Deakin University<\/a>, <strong>Australia<\/strong>: PhD student<\/p>\n","protected":false},"excerpt":{"rendered":"<p>Our graduates are highly demanded by the labour market. All our students graduate with the ability to work in multicultural environments and with the latest knowledge on forest management and policy-making in Europe. Our alumni&nbsp;work all over the world and form bridges between countries and continents, which is acknowledged by employers who appreciate the ability [&hellip;]<\/p>\n","protected":false},"author":143,"featured_media":0,"parent":0,"menu_order":0,"comment_status":"closed","ping_status":"closed","template":"","meta":{"_acf_changed":false,"_monsterinsights_skip_tracking":false,"_monsterinsights_sitenote_active":false,"_monsterinsights_sitenote_note":"","_monsterinsights_sitenote_category":0,"footnotes":""},"class_list":["post-62","page","type-page","status-publish","hentry"],"acf":[],"yoast_head":"<!-- This site is optimized with the Yoast SEO plugin v27.3 - https:\/\/yoast.com\/product\/yoast-seo-wordpress\/ -->\n<title>Employment - Master of Science in European Forestry<\/title>\n<meta name=\"robots\" content=\"index, follow, max-snippet:-1, max-image-preview:large, max-video-preview:-1\" \/>\n<link rel=\"canonical\" href=\"https:\/\/sites.uef.fi\/europeanforestry\/employment\/\" \/>\n<meta property=\"og:locale\" content=\"en_US\" \/>\n<meta property=\"og:type\" content=\"article\" \/>\n<meta property=\"og:title\" content=\"Employment - Master of Science in European Forestry\" \/>\n<meta property=\"og:description\" content=\"Our graduates are highly demanded by the labour market. All our students graduate with the ability to work in multicultural environments and with the latest knowledge on forest management and policy-making in Europe. Our alumni&nbsp;work all over the world and form bridges between countries and continents, which is acknowledged by employers who appreciate the ability [&hellip;]\" \/>\n<meta property=\"og:url\" content=\"https:\/\/sites.uef.fi\/europeanforestry\/employment\/\" \/>\n<meta property=\"og:site_name\" content=\"Master of Science in European Forestry\" \/>\n<meta property=\"article:modified_time\" content=\"2025-04-28T04:26:41+00:00\" \/>\n<meta name=\"twitter:card\" content=\"summary_large_image\" \/>\n<meta name=\"twitter:label1\" content=\"Est. reading time\" \/>\n\t<meta name=\"twitter:data1\" content=\"4 minutes\" \/>\n<script type=\"application\/ld+json\" class=\"yoast-schema-graph\">{\"@context\":\"https:\\\/\\\/schema.org\",\"@graph\":[{\"@type\":\"WebPage\",\"@id\":\"https:\\\/\\\/sites.uef.fi\\\/europeanforestry\\\/employment\\\/\",\"url\":\"https:\\\/\\\/sites.uef.fi\\\/europeanforestry\\\/employment\\\/\",\"name\":\"Employment - Master of Science in European Forestry\",\"isPartOf\":{\"@id\":\"https:\\\/\\\/sites.uef.fi\\\/europeanforestry\\\/#website\"},\"datePublished\":\"2020-05-06T10:33:33+00:00\",\"dateModified\":\"2025-04-28T04:26:41+00:00\",\"breadcrumb\":{\"@id\":\"https:\\\/\\\/sites.uef.fi\\\/europeanforestry\\\/employment\\\/#breadcrumb\"},\"inLanguage\":\"en-US\",\"potentialAction\":[{\"@type\":\"ReadAction\",\"target\":[\"https:\\\/\\\/sites.uef.fi\\\/europeanforestry\\\/employment\\\/\"]}]},{\"@type\":\"BreadcrumbList\",\"@id\":\"https:\\\/\\\/sites.uef.fi\\\/europeanforestry\\\/employment\\\/#breadcrumb\",\"itemListElement\":[{\"@type\":\"ListItem\",\"position\":1,\"name\":\"Home\",\"item\":\"https:\\\/\\\/sites.uef.fi\\\/europeanforestry\\\/\"},{\"@type\":\"ListItem\",\"position\":2,\"name\":\"Employment\"}]},{\"@type\":\"WebSite\",\"@id\":\"https:\\\/\\\/sites.uef.fi\\\/europeanforestry\\\/#website\",\"url\":\"https:\\\/\\\/sites.uef.fi\\\/europeanforestry\\\/\",\"name\":\"Master of Science in European Forestry\",\"description\":\"\",\"potentialAction\":[{\"@type\":\"SearchAction\",\"target\":{\"@type\":\"EntryPoint\",\"urlTemplate\":\"https:\\\/\\\/sites.uef.fi\\\/europeanforestry\\\/?s={search_term_string}\"},\"query-input\":{\"@type\":\"PropertyValueSpecification\",\"valueRequired\":true,\"valueName\":\"search_term_string\"}}],\"inLanguage\":\"en-US\"}]}<\/script>\n<!-- \/ Yoast SEO plugin. -->","yoast_head_json":{"title":"Employment - Master of Science in European Forestry","robots":{"index":"index","follow":"follow","max-snippet":"max-snippet:-1","max-image-preview":"max-image-preview:large","max-video-preview":"max-video-preview:-1"},"canonical":"https:\/\/sites.uef.fi\/europeanforestry\/employment\/","og_locale":"en_US","og_type":"article","og_title":"Employment - Master of Science in European Forestry","og_description":"Our graduates are highly demanded by the labour market. All our students graduate with the ability to work in multicultural environments and with the latest knowledge on forest management and policy-making in Europe. Our alumni&nbsp;work all over the world and form bridges between countries and continents, which is acknowledged by employers who appreciate the ability [&hellip;]","og_url":"https:\/\/sites.uef.fi\/europeanforestry\/employment\/","og_site_name":"Master of Science in European Forestry","article_modified_time":"2025-04-28T04:26:41+00:00","twitter_card":"summary_large_image","twitter_misc":{"Est. reading time":"4 minutes"},"schema":{"@context":"https:\/\/schema.org","@graph":[{"@type":"WebPage","@id":"https:\/\/sites.uef.fi\/europeanforestry\/employment\/","url":"https:\/\/sites.uef.fi\/europeanforestry\/employment\/","name":"Employment - Master of Science in European Forestry","isPartOf":{"@id":"https:\/\/sites.uef.fi\/europeanforestry\/#website"},"datePublished":"2020-05-06T10:33:33+00:00","dateModified":"2025-04-28T04:26:41+00:00","breadcrumb":{"@id":"https:\/\/sites.uef.fi\/europeanforestry\/employment\/#breadcrumb"},"inLanguage":"en-US","potentialAction":[{"@type":"ReadAction","target":["https:\/\/sites.uef.fi\/europeanforestry\/employment\/"]}]},{"@type":"BreadcrumbList","@id":"https:\/\/sites.uef.fi\/europeanforestry\/employment\/#breadcrumb","itemListElement":[{"@type":"ListItem","position":1,"name":"Home","item":"https:\/\/sites.uef.fi\/europeanforestry\/"},{"@type":"ListItem","position":2,"name":"Employment"}]},{"@type":"WebSite","@id":"https:\/\/sites.uef.fi\/europeanforestry\/#website","url":"https:\/\/sites.uef.fi\/europeanforestry\/","name":"Master of Science in European Forestry","description":"","potentialAction":[{"@type":"SearchAction","target":{"@type":"EntryPoint","urlTemplate":"https:\/\/sites.uef.fi\/europeanforestry\/?s={search_term_string}"},"query-input":{"@type":"PropertyValueSpecification","valueRequired":true,"valueName":"search_term_string"}}],"inLanguage":"en-US"}]}},"_links":{"self":[{"href":"https:\/\/sites.uef.fi\/europeanforestry\/wp-json\/wp\/v2\/pages\/62","targetHints":{"allow":["GET"]}}],"collection":[{"href":"https:\/\/sites.uef.fi\/europeanforestry\/wp-json\/wp\/v2\/pages"}],"about":[{"href":"https:\/\/sites.uef.fi\/europeanforestry\/wp-json\/wp\/v2\/types\/page"}],"author":[{"embeddable":true,"href":"https:\/\/sites.uef.fi\/europeanforestry\/wp-json\/wp\/v2\/users\/143"}],"replies":[{"embeddable":true,"href":"https:\/\/sites.uef.fi\/europeanforestry\/wp-json\/wp\/v2\/comments?post=62"}],"version-history":[{"count":2,"href":"https:\/\/sites.uef.fi\/europeanforestry\/wp-json\/wp\/v2\/pages\/62\/revisions"}],"predecessor-version":[{"id":8420,"href":"https:\/\/sites.uef.fi\/europeanforestry\/wp-json\/wp\/v2\/pages\/62\/revisions\/8420"}],"wp:attachment":[{"href":"https:\/\/sites.uef.fi\/europeanforestry\/wp-json\/wp\/v2\/media?parent=62"}],"curies":[{"name":"wp","href":"https:\/\/api.w.org\/{rel}","templated":true}]}}