{"id":16,"date":"2020-03-04T15:09:27","date_gmt":"2020-03-04T13:09:27","guid":{"rendered":"https:\/\/sites.uef.fi\/experts-in-medical-computing\/?page_id=16"},"modified":"2026-01-25T20:39:43","modified_gmt":"2026-01-25T18:39:43","slug":"front-page","status":"publish","type":"page","link":"https:\/\/sites.uef.fi\/experts-in-medical-computing\/front-page\/?lang=fi","title":{"rendered":"L\u00e4\u00e4ketieteellisen tietojenk\u00e4sittelyn urapolkusi"},"content":{"rendered":"\n<figure class=\"wp-block-image size-large\"><img loading=\"lazy\" decoding=\"async\" width=\"1024\" height=\"683\" src=\"https:\/\/sites.uef.fi\/experts-in-medical-computing\/wp-content\/uploads\/sites\/7\/2021\/03\/engineer-49154251-1536x1025-1-1024x683.jpg\" alt=\"\" class=\"wp-image-3384\" srcset=\"https:\/\/sites.uef.fi\/experts-in-medical-computing\/wp-content\/uploads\/sites\/7\/2021\/03\/engineer-49154251-1536x1025-1-1024x683.jpg 1024w, https:\/\/sites.uef.fi\/experts-in-medical-computing\/wp-content\/uploads\/sites\/7\/2021\/03\/engineer-49154251-1536x1025-1-300x200.jpg 300w, https:\/\/sites.uef.fi\/experts-in-medical-computing\/wp-content\/uploads\/sites\/7\/2021\/03\/engineer-49154251-1536x1025-1-768x513.jpg 768w, https:\/\/sites.uef.fi\/experts-in-medical-computing\/wp-content\/uploads\/sites\/7\/2021\/03\/engineer-49154251-1536x1025-1.jpg 1536w\" sizes=\"auto, (max-width: 1024px) 100vw, 1024px\" \/><\/figure>\n\n\n\n<p>L\u00e4\u00e4ketieteellinen tietojenk\u00e4sittely on yksi ohjelmisto- ja laitteistokehityksen mielenkiintoisimmista ja nopeimmin kasvavista markkinoista. Menestyvimm\u00e4t l\u00e4\u00e4ketieteelliset innovaatiot pohjautuvat uusimpaan teknologiaan: teko\u00e4ly, konen\u00e4k\u00f6, bioinformatiikka, datatiede, virtuaalitodellisuus, 3D-tulostus, sensoridata sek\u00e4 robotiikka ovat tulleet mukaan terveydenhuoltoon. Kuitenkin sek\u00e4 julkinen ett\u00e4 yksityinen sektori k\u00e4rsiv\u00e4t l\u00e4\u00e4ketieteellisen tietojenk\u00e4sittelyn osaajien puutteesta. EMC-projektin tarkoitus on tarjota t\u00e4ydennyskoulutusta ja kasvattaa alan ammattilaisten m\u00e4\u00e4r\u00e4\u00e4.<\/p>\n\n\n\n<p>EMC-t\u00e4ydennyskoulutukseen ei oteta en\u00e4\u00e4 uusi opiskelijoita. EMC-projektissa kehitettyj\u00e4 kursseja hy\u00f6dynnet\u00e4\u00e4n jatkossa It\u00e4-Suomen yliopiston maisteriohjelmassa\u00a0<a href=\"https:\/\/www.uef.fi\/en\/degree-programme\/masters-degree-programme-in-information-technology\">Master\u2019s Degree Programme in Information Technology<\/a>, lukuvuodesta 2024-2025 alkaen. T\u00e4h\u00e4n maisteriohjelmaan valmistellaan l\u00e4\u00e4ketieteellisen tietojenk\u00e4sittelyn suuntautumisvaihtoehtoa.<\/p>\n\n\n\n<h5 class=\"wp-block-heading\"><strong>Mik\u00e4 EMC?<\/strong><\/h5>\n\n\n\n<ul class=\"wp-block-list\">\n<li>Koulutuksen taso: Jatkuva t\u00e4ydennyskoulutus<\/li>\n\n\n\n<li>Koulutuksen kesto: 1 vuosi \/ 60 opintopistett\u00e4<\/li>\n\n\n\n<li>Opetuskieli: englanti<\/li>\n\n\n\n<li>Opetustapa: et\u00e4opetus<\/li>\n\n\n\n<li>Viimeisin hakukierros j\u00e4rjestettiin: 24.5.2021 \u2013 6.6.2021<\/li>\n\n\n\n<li>Lukuvuosi 2021-2022 alkaa: 1.9.2021<\/li>\n\n\n\n<li>Tutkintotodistukset: Osallistumistodistus ja mahdolliset suositukset ty\u00f6harjoittelupaikasta<\/li>\n\n\n\n<li>Lukukausimaksu: Ei maksua<\/li>\n\n\n\n<li>Kampus: It\u00e4-Suomen yliopisto ja Savonia AMK tarjoavat et\u00e4opetuksen<\/li>\n\n\n\n<li>Koulutusohjelma p\u00e4\u00e4ttynyt kev\u00e4tlukukaudella 2023<\/li>\n<\/ul>\n\n\n\n<p>EMC-t\u00e4ydennyskoulutus sopii teknisesti orientoituneille ammattilaisille, joiden taustat ovat l\u00e4\u00e4ketieteellisen tietojenk\u00e4sittelyn lukuisilla sisaraloilla, kuten tietojenk\u00e4sittelytieteess\u00e4, terveydenhuollossa tai kauppatieteess\u00e4. Ohjelmistokehitt\u00e4j\u00e4t, suunnittelijat, insin\u00f6\u00f6rit, ohjelmoijat, yll\u00e4pit\u00e4j\u00e4t, testaajat, teknisesti lahjakkaat sairaanhoitajat, l\u00e4\u00e4k\u00e4rit, sairaalateknikot, myyj\u00e4t, johtajat, startup-yritt\u00e4j\u00e4t sek\u00e4 vastavalmistuneet ovat tervetulleita koulutukseen \u2013 laajentamaan aiempaa osaamistaan l\u00e4\u00e4ketieteellisen tietojenk\u00e4sittelyn tietotaidolla.<\/p>\n\n\n\n<h5 class=\"wp-block-heading\"><strong>Miksi EMC?<\/strong><\/h5>\n\n\n\n<ul class=\"wp-block-list\">\n<li>Laajennat tiet\u00e4myst\u00e4si l\u00e4\u00e4ketieteellisest\u00e4 tietojenk\u00e4sittelyst\u00e4<\/li>\n\n\n\n<li>Opiskelet kursseja, jotka vastaavat ty\u00f6el\u00e4m\u00e4n tarpeisiin<\/li>\n\n\n\n<li>Laajennat aiempaa osaamistasi<\/li>\n\n\n\n<li>P\u00e4\u00e4set ratkaisemaan oikeita, alaan liittyvi\u00e4 ongelmia<\/li>\n\n\n\n<li>Verkostoidut alan ammattilaisten kanssa<\/li>\n<\/ul>\n\n\n\n<h5 class=\"wp-block-heading\"><strong>Kenelle EMC-t\u00e4ydennyskoulutus siis sopii:<\/strong><\/h5>\n\n\n\n<figure class=\"wp-block-image size-large\"><img loading=\"lazy\" decoding=\"async\" width=\"1024\" height=\"455\" src=\"https:\/\/sites.uef.fi\/experts-in-medical-computing\/wp-content\/uploads\/sites\/7\/2021\/03\/blue-and-yellow-graph-on-stock-market-monitor-159888-1024x455.jpg\" alt=\"\" class=\"wp-image-3405\" srcset=\"https:\/\/sites.uef.fi\/experts-in-medical-computing\/wp-content\/uploads\/sites\/7\/2021\/03\/blue-and-yellow-graph-on-stock-market-monitor-159888-1024x455.jpg 1024w, https:\/\/sites.uef.fi\/experts-in-medical-computing\/wp-content\/uploads\/sites\/7\/2021\/03\/blue-and-yellow-graph-on-stock-market-monitor-159888-300x133.jpg 300w, https:\/\/sites.uef.fi\/experts-in-medical-computing\/wp-content\/uploads\/sites\/7\/2021\/03\/blue-and-yellow-graph-on-stock-market-monitor-159888-768x341.jpg 768w, https:\/\/sites.uef.fi\/experts-in-medical-computing\/wp-content\/uploads\/sites\/7\/2021\/03\/blue-and-yellow-graph-on-stock-market-monitor-159888-1536x683.jpg 1536w, https:\/\/sites.uef.fi\/experts-in-medical-computing\/wp-content\/uploads\/sites\/7\/2021\/03\/blue-and-yellow-graph-on-stock-market-monitor-159888-2048x910.jpg 2048w\" sizes=\"auto, (max-width: 1024px) 100vw, 1024px\" \/><\/figure>\n\n\n\n<ul class=\"wp-block-list\">\n<li>L\u00e4\u00e4ketieteest\u00e4 ja teknologiasta kiinnostuneille<\/li>\n\n\n\n<li>Teknisesti orientoituneille elinik\u00e4isille oppijoille ja ongelmanratkaisijoille<\/li>\n\n\n\n<li>Motivoituneille, oma-aloitteisille ja j\u00e4rjestelm\u00e4llisille ehdokkaille, jotka ovat valmiita virtuaaliseen et\u00e4opiskeluun<\/li>\n<\/ul>\n\n\n\n<h5 class=\"wp-block-heading\"><strong>Koulutus p\u00e4hkin\u00e4nkuoressa<\/strong><\/h5>\n\n\n\n<ul class=\"wp-block-list\">\n<li>EMC-koulutus on vuoden (60 opintopistett\u00e4) kest\u00e4v\u00e4, t\u00e4ysin virtuaalinen t\u00e4ydennyskoulutus, joka sopii terveydenhuollon, l\u00e4\u00e4ketieteellisen tietojenk\u00e4sittelyn sek\u00e4 kauppatieteen ammattilaisille.<\/li>\n\n\n\n<li>Ensiksi opiskelet puoli vuotta (30 opintopistett\u00e4) osaamisesi p\u00e4ivitt\u00e4misen kannalta relevantteja kursseja.<\/li>\n\n\n\n<li>Kurssitarjontaa p\u00e4ivitet\u00e4\u00e4n vastaamaan alan yritysmaailman sek\u00e4 kliinisen tutkimuksen tarpeisiin.<\/li>\n\n\n\n<li>Opintosi t\u00e4ydentyv\u00e4t ty\u00f6harjoittelujaksolla (30 opintopistett\u00e4), jonka aikana p\u00e4\u00e4set ratkomaan oikeita yritysmaailman ongelmia.<\/li>\n\n\n\n<li>Lis\u00e4ksi koulutus tarjoaa mahdollisuuden osallistua webinaareihin, joissa k\u00e4sitell\u00e4\u00e4n alan kannalta relevantteja aiheita, kuten tietoturvaa, kuvank\u00e4sittely\u00e4, k\u00e4ytett\u00e4vyystekniikkaa ja l\u00e4\u00e4kinn\u00e4llisi\u00e4 laitteita koskevaa lains\u00e4\u00e4d\u00e4nt\u00f6\u00e4 sek\u00e4 s\u00e4\u00e4d\u00f6ksi\u00e4.<\/li>\n\n\n\n<li>T\u00e4ydennyskoulutuksessa j\u00e4rjestettiin kaksi sis\u00e4\u00e4nottoa, syksyll\u00e4 2020 ja syksyll\u00e4 2021.<\/li>\n<\/ul>\n\n\n\n<h5 class=\"wp-block-heading\"><strong>EMC-organisaatio<\/strong><\/h5>\n\n\n\n<p>EMC-t\u00e4ydennyskoulutuksen j\u00e4rjest\u00e4v\u00e4t It\u00e4-Suomen yliopiston tietojenk\u00e4sittelytieteen laitos ja Savonia-ammattikorkeakoulu. Koulutuksen rahoittavat Euroopan sosiaalirahasto (ESR) sek\u00e4 Pohjois-Savon Elinkeino-, liikenne- ja ymp\u00e4rist\u00f6keskus.<\/p>\n\n\n\n<figure class=\"wp-block-image size-large is-resized\"><img loading=\"lazy\" decoding=\"async\" width=\"1024\" height=\"276\" src=\"https:\/\/sites.uef.fi\/experts-in-medical-computing\/wp-content\/uploads\/sites\/7\/2021\/03\/logos_EN_png-1.png\" alt=\"J\u00e4rjest\u00e4j\u00e4- ja rahoittajaorganisaatioiden logot: UEF, Savonia ja Euroopan Unioni\" class=\"wp-image-3417\" style=\"width:1024px;height:276px\" srcset=\"https:\/\/sites.uef.fi\/experts-in-medical-computing\/wp-content\/uploads\/sites\/7\/2021\/03\/logos_EN_png-1.png 1024w, https:\/\/sites.uef.fi\/experts-in-medical-computing\/wp-content\/uploads\/sites\/7\/2021\/03\/logos_EN_png-1-300x81.png 300w, https:\/\/sites.uef.fi\/experts-in-medical-computing\/wp-content\/uploads\/sites\/7\/2021\/03\/logos_EN_png-1-768x207.png 768w\" sizes=\"auto, (max-width: 1024px) 100vw, 1024px\" \/><\/figure>\n","protected":false},"excerpt":{"rendered":"<p>L\u00e4\u00e4ketieteellinen tietojenk\u00e4sittely on yksi ohjelmisto- ja laitteistokehityksen mielenkiintoisimmista ja nopeimmin kasvavista markkinoista. Menestyvimm\u00e4t l\u00e4\u00e4ketieteelliset innovaatiot pohjautuvat uusimpaan teknologiaan: teko\u00e4ly, konen\u00e4k\u00f6, bioinformatiikka, datatiede, virtuaalitodellisuus, 3D-tulostus, sensoridata sek\u00e4 robotiikka ovat tulleet mukaan terveydenhuoltoon. Kuitenkin sek\u00e4 julkinen ett\u00e4 yksityinen sektori k\u00e4rsiv\u00e4t l\u00e4\u00e4ketieteellisen tietojenk\u00e4sittelyn osaajien puutteesta. EMC-projektin tarkoitus on tarjota t\u00e4ydennyskoulutusta ja kasvattaa alan ammattilaisten m\u00e4\u00e4r\u00e4\u00e4. EMC-t\u00e4ydennyskoulutukseen ei oteta [&hellip;]<\/p>\n","protected":false},"author":2,"featured_media":3303,"parent":0,"menu_order":0,"comment_status":"closed","ping_status":"closed","template":"","meta":{"_acf_changed":false,"_monsterinsights_skip_tracking":false,"_monsterinsights_sitenote_active":false,"_monsterinsights_sitenote_note":"","_monsterinsights_sitenote_category":0,"footnotes":""},"class_list":["post-16","page","type-page","status-publish","has-post-thumbnail","hentry"],"acf":[],"yoast_head":"<!-- This site is optimized with the Yoast SEO plugin v27.1.1 - https:\/\/yoast.com\/product\/yoast-seo-wordpress\/ -->\n<title>L\u00e4\u00e4ketieteellisen tietojenk\u00e4sittelyn urapolkusi - Experts in Medical Computing<\/title>\n<meta name=\"robots\" content=\"index, follow, max-snippet:-1, max-image-preview:large, max-video-preview:-1\" \/>\n<link rel=\"canonical\" href=\"https:\/\/sites.uef.fi\/experts-in-medical-computing\/?lang=fi\" \/>\n<meta property=\"og:locale\" content=\"en_US\" \/>\n<meta property=\"og:type\" content=\"article\" \/>\n<meta property=\"og:title\" content=\"L\u00e4\u00e4ketieteellisen tietojenk\u00e4sittelyn urapolkusi - Experts in Medical Computing\" \/>\n<meta property=\"og:description\" content=\"L\u00e4\u00e4ketieteellinen tietojenk\u00e4sittely on yksi ohjelmisto- ja laitteistokehityksen mielenkiintoisimmista ja nopeimmin kasvavista markkinoista. Menestyvimm\u00e4t l\u00e4\u00e4ketieteelliset innovaatiot pohjautuvat uusimpaan teknologiaan: teko\u00e4ly, konen\u00e4k\u00f6, bioinformatiikka, datatiede, virtuaalitodellisuus, 3D-tulostus, sensoridata sek\u00e4 robotiikka ovat tulleet mukaan terveydenhuoltoon. Kuitenkin sek\u00e4 julkinen ett\u00e4 yksityinen sektori k\u00e4rsiv\u00e4t l\u00e4\u00e4ketieteellisen tietojenk\u00e4sittelyn osaajien puutteesta. EMC-projektin tarkoitus on tarjota t\u00e4ydennyskoulutusta ja kasvattaa alan ammattilaisten m\u00e4\u00e4r\u00e4\u00e4. EMC-t\u00e4ydennyskoulutukseen ei oteta [&hellip;]\" \/>\n<meta property=\"og:url\" content=\"https:\/\/sites.uef.fi\/experts-in-medical-computing\/?lang=fi\" \/>\n<meta property=\"og:site_name\" content=\"Experts in Medical Computing\" \/>\n<meta property=\"article:modified_time\" content=\"2026-01-25T18:39:43+00:00\" \/>\n<meta property=\"og:image\" content=\"https:\/\/sites.uef.fi\/experts-in-medical-computing\/wp-content\/uploads\/sites\/7\/2021\/03\/shutterstock_757356445-scaled-e1615805022879.jpg\" \/>\n\t<meta property=\"og:image:width\" content=\"1000\" \/>\n\t<meta property=\"og:image:height\" content=\"543\" \/>\n\t<meta property=\"og:image:type\" content=\"image\/jpeg\" \/>\n<meta name=\"twitter:card\" content=\"summary_large_image\" \/>\n<meta name=\"twitter:label1\" content=\"Est. reading time\" \/>\n\t<meta name=\"twitter:data1\" content=\"3 minutes\" \/>\n<script type=\"application\/ld+json\" class=\"yoast-schema-graph\">{\"@context\":\"https:\/\/schema.org\",\"@graph\":[{\"@type\":\"WebPage\",\"@id\":\"https:\/\/sites.uef.fi\/experts-in-medical-computing\/?lang=fi\",\"url\":\"https:\/\/sites.uef.fi\/experts-in-medical-computing\/?lang=fi\",\"name\":\"L\u00e4\u00e4ketieteellisen tietojenk\u00e4sittelyn urapolkusi - Experts in Medical Computing\",\"isPartOf\":{\"@id\":\"https:\/\/sites.uef.fi\/experts-in-medical-computing\/?lang=fi\/#website\"},\"primaryImageOfPage\":{\"@id\":\"https:\/\/sites.uef.fi\/experts-in-medical-computing\/?lang=fi#primaryimage\"},\"image\":{\"@id\":\"https:\/\/sites.uef.fi\/experts-in-medical-computing\/?lang=fi#primaryimage\"},\"thumbnailUrl\":\"https:\/\/sites.uef.fi\/experts-in-medical-computing\/wp-content\/uploads\/sites\/7\/2021\/03\/shutterstock_757356445-scaled-e1615805022879.jpg\",\"datePublished\":\"2020-03-04T13:09:27+00:00\",\"dateModified\":\"2026-01-25T18:39:43+00:00\",\"breadcrumb\":{\"@id\":\"https:\/\/sites.uef.fi\/experts-in-medical-computing\/?lang=fi#breadcrumb\"},\"inLanguage\":\"en-US\",\"potentialAction\":[{\"@type\":\"ReadAction\",\"target\":[\"https:\/\/sites.uef.fi\/experts-in-medical-computing\/?lang=fi\"]}]},{\"@type\":\"ImageObject\",\"inLanguage\":\"en-US\",\"@id\":\"https:\/\/sites.uef.fi\/experts-in-medical-computing\/?lang=fi#primaryimage\",\"url\":\"https:\/\/sites.uef.fi\/experts-in-medical-computing\/wp-content\/uploads\/sites\/7\/2021\/03\/shutterstock_757356445-scaled-e1615805022879.jpg\",\"contentUrl\":\"https:\/\/sites.uef.fi\/experts-in-medical-computing\/wp-content\/uploads\/sites\/7\/2021\/03\/shutterstock_757356445-scaled-e1615805022879.jpg\",\"width\":1000,\"height\":543,\"caption\":\"Student browsing a medical network\"},{\"@type\":\"BreadcrumbList\",\"@id\":\"https:\/\/sites.uef.fi\/experts-in-medical-computing\/?lang=fi#breadcrumb\",\"itemListElement\":[{\"@type\":\"ListItem\",\"position\":1,\"name\":\"Home\",\"item\":\"https:\/\/sites.uef.fi\/experts-in-medical-computing\/\"},{\"@type\":\"ListItem\",\"position\":2,\"name\":\"L\u00e4\u00e4ketieteellisen tietojenk\u00e4sittelyn urapolkusi\"}]},{\"@type\":\"WebSite\",\"@id\":\"https:\/\/sites.uef.fi\/experts-in-medical-computing\/?lang=fi\/#website\",\"url\":\"https:\/\/sites.uef.fi\/experts-in-medical-computing\/?lang=fi\/\",\"name\":\"Experts in Medical Computing\",\"description\":\"\",\"potentialAction\":[{\"@type\":\"SearchAction\",\"target\":{\"@type\":\"EntryPoint\",\"urlTemplate\":\"https:\/\/sites.uef.fi\/experts-in-medical-computing\/?lang=fi\/?s={search_term_string}\"},\"query-input\":{\"@type\":\"PropertyValueSpecification\",\"valueRequired\":true,\"valueName\":\"search_term_string\"}}],\"inLanguage\":\"en-US\"}]}<\/script>\n<!-- \/ Yoast SEO plugin. -->","yoast_head_json":{"title":"L\u00e4\u00e4ketieteellisen tietojenk\u00e4sittelyn urapolkusi - Experts in Medical Computing","robots":{"index":"index","follow":"follow","max-snippet":"max-snippet:-1","max-image-preview":"max-image-preview:large","max-video-preview":"max-video-preview:-1"},"canonical":"https:\/\/sites.uef.fi\/experts-in-medical-computing\/?lang=fi","og_locale":"en_US","og_type":"article","og_title":"L\u00e4\u00e4ketieteellisen tietojenk\u00e4sittelyn urapolkusi - Experts in Medical Computing","og_description":"L\u00e4\u00e4ketieteellinen tietojenk\u00e4sittely on yksi ohjelmisto- ja laitteistokehityksen mielenkiintoisimmista ja nopeimmin kasvavista markkinoista. Menestyvimm\u00e4t l\u00e4\u00e4ketieteelliset innovaatiot pohjautuvat uusimpaan teknologiaan: teko\u00e4ly, konen\u00e4k\u00f6, bioinformatiikka, datatiede, virtuaalitodellisuus, 3D-tulostus, sensoridata sek\u00e4 robotiikka ovat tulleet mukaan terveydenhuoltoon. Kuitenkin sek\u00e4 julkinen ett\u00e4 yksityinen sektori k\u00e4rsiv\u00e4t l\u00e4\u00e4ketieteellisen tietojenk\u00e4sittelyn osaajien puutteesta. EMC-projektin tarkoitus on tarjota t\u00e4ydennyskoulutusta ja kasvattaa alan ammattilaisten m\u00e4\u00e4r\u00e4\u00e4. EMC-t\u00e4ydennyskoulutukseen ei oteta [&hellip;]","og_url":"https:\/\/sites.uef.fi\/experts-in-medical-computing\/?lang=fi","og_site_name":"Experts in Medical Computing","article_modified_time":"2026-01-25T18:39:43+00:00","og_image":[{"width":1000,"height":543,"url":"https:\/\/sites.uef.fi\/experts-in-medical-computing\/wp-content\/uploads\/sites\/7\/2021\/03\/shutterstock_757356445-scaled-e1615805022879.jpg","type":"image\/jpeg"}],"twitter_card":"summary_large_image","twitter_misc":{"Est. reading time":"3 minutes"},"schema":{"@context":"https:\/\/schema.org","@graph":[{"@type":"WebPage","@id":"https:\/\/sites.uef.fi\/experts-in-medical-computing\/?lang=fi","url":"https:\/\/sites.uef.fi\/experts-in-medical-computing\/?lang=fi","name":"L\u00e4\u00e4ketieteellisen tietojenk\u00e4sittelyn urapolkusi - Experts in Medical Computing","isPartOf":{"@id":"https:\/\/sites.uef.fi\/experts-in-medical-computing\/?lang=fi\/#website"},"primaryImageOfPage":{"@id":"https:\/\/sites.uef.fi\/experts-in-medical-computing\/?lang=fi#primaryimage"},"image":{"@id":"https:\/\/sites.uef.fi\/experts-in-medical-computing\/?lang=fi#primaryimage"},"thumbnailUrl":"https:\/\/sites.uef.fi\/experts-in-medical-computing\/wp-content\/uploads\/sites\/7\/2021\/03\/shutterstock_757356445-scaled-e1615805022879.jpg","datePublished":"2020-03-04T13:09:27+00:00","dateModified":"2026-01-25T18:39:43+00:00","breadcrumb":{"@id":"https:\/\/sites.uef.fi\/experts-in-medical-computing\/?lang=fi#breadcrumb"},"inLanguage":"en-US","potentialAction":[{"@type":"ReadAction","target":["https:\/\/sites.uef.fi\/experts-in-medical-computing\/?lang=fi"]}]},{"@type":"ImageObject","inLanguage":"en-US","@id":"https:\/\/sites.uef.fi\/experts-in-medical-computing\/?lang=fi#primaryimage","url":"https:\/\/sites.uef.fi\/experts-in-medical-computing\/wp-content\/uploads\/sites\/7\/2021\/03\/shutterstock_757356445-scaled-e1615805022879.jpg","contentUrl":"https:\/\/sites.uef.fi\/experts-in-medical-computing\/wp-content\/uploads\/sites\/7\/2021\/03\/shutterstock_757356445-scaled-e1615805022879.jpg","width":1000,"height":543,"caption":"Student browsing a medical network"},{"@type":"BreadcrumbList","@id":"https:\/\/sites.uef.fi\/experts-in-medical-computing\/?lang=fi#breadcrumb","itemListElement":[{"@type":"ListItem","position":1,"name":"Home","item":"https:\/\/sites.uef.fi\/experts-in-medical-computing\/"},{"@type":"ListItem","position":2,"name":"L\u00e4\u00e4ketieteellisen tietojenk\u00e4sittelyn urapolkusi"}]},{"@type":"WebSite","@id":"https:\/\/sites.uef.fi\/experts-in-medical-computing\/?lang=fi\/#website","url":"https:\/\/sites.uef.fi\/experts-in-medical-computing\/?lang=fi\/","name":"Experts in Medical Computing","description":"","potentialAction":[{"@type":"SearchAction","target":{"@type":"EntryPoint","urlTemplate":"https:\/\/sites.uef.fi\/experts-in-medical-computing\/?lang=fi\/?s={search_term_string}"},"query-input":{"@type":"PropertyValueSpecification","valueRequired":true,"valueName":"search_term_string"}}],"inLanguage":"en-US"}]}},"featured_image_src":"https:\/\/sites.uef.fi\/experts-in-medical-computing\/wp-content\/uploads\/sites\/7\/2021\/03\/shutterstock_757356445-scaled-e1615805022879.jpg","_links":{"self":[{"href":"https:\/\/sites.uef.fi\/experts-in-medical-computing\/wp-json\/wp\/v2\/pages\/16","targetHints":{"allow":["GET"]}}],"collection":[{"href":"https:\/\/sites.uef.fi\/experts-in-medical-computing\/wp-json\/wp\/v2\/pages"}],"about":[{"href":"https:\/\/sites.uef.fi\/experts-in-medical-computing\/wp-json\/wp\/v2\/types\/page"}],"author":[{"embeddable":true,"href":"https:\/\/sites.uef.fi\/experts-in-medical-computing\/wp-json\/wp\/v2\/users\/2"}],"replies":[{"embeddable":true,"href":"https:\/\/sites.uef.fi\/experts-in-medical-computing\/wp-json\/wp\/v2\/comments?post=16"}],"version-history":[{"count":2,"href":"https:\/\/sites.uef.fi\/experts-in-medical-computing\/wp-json\/wp\/v2\/pages\/16\/revisions"}],"predecessor-version":[{"id":5371,"href":"https:\/\/sites.uef.fi\/experts-in-medical-computing\/wp-json\/wp\/v2\/pages\/16\/revisions\/5371"}],"wp:featuredmedia":[{"embeddable":true,"href":"https:\/\/sites.uef.fi\/experts-in-medical-computing\/wp-json\/wp\/v2\/media\/3303"}],"wp:attachment":[{"href":"https:\/\/sites.uef.fi\/experts-in-medical-computing\/wp-json\/wp\/v2\/media?parent=16"}],"curies":[{"name":"wp","href":"https:\/\/api.w.org\/{rel}","templated":true}]}}