{"id":1769,"date":"2020-05-19T13:02:50","date_gmt":"2020-05-19T10:02:50","guid":{"rendered":"https:\/\/sites.uef.fi\/experts-in-medical-computing\/?page_id=1769"},"modified":"2026-01-12T00:48:35","modified_gmt":"2026-01-11T22:48:35","slug":"clinical-expert-team","status":"publish","type":"page","link":"https:\/\/sites.uef.fi\/experts-in-medical-computing\/clinical-expert-team\/","title":{"rendered":"Clinical Expert Team"},"content":{"rendered":"\n<p>A team of clinical experts from\u00a0<a href=\"https:\/\/www.psshp.fi\/etusivu\" target=\"_blank\" rel=\"noreferrer noopener\">Kuopio University Hospital<\/a>\u00a0and\u00a0<a href=\"https:\/\/www.microsurgerycenter.com\/\" target=\"_blank\" rel=\"noreferrer noopener\">KUH Microsurgery Center<\/a>\u00a0has participated in planning of the Experts in Medical Computing project. Some of the internships can be assigned to their departments. Students can also inquire internship positions from the hospitals of their area.<\/p>\n\n\n\t<div id=\"accordion-block_420b7fe01a2294d141bff89e8f79271b\" class=\"accordions\">\n\t\t\t\t\t<div class=\"accordion accordion-js\">\n\t\t\t\t<button class=\"accordion__button\" aria-controls=\"content-8906\" aria-expanded=\"false\" id=\"accordion-control-8906\">\n\t\t\t\t\t<h3 class=\"accordion__heading\" >\n\t\t\t\t\t\tMikael von und zu Fraunberg\t\t\t\t\t<\/h3>\n\t\t\t\t<\/button>\n\t\t\t\t<div class=\"accordion__content\" role=\"region\" aria-labelledby=\"accordion-control-8906\" aria-hidden=\"true\" id=\"content-8906\">\n\t\t\t\t\t<p><strong>Title : <\/strong>MD, Ph.D., Director<\/p>\n<p><strong>Department : <a class=\"external-link\" href=\"https:\/\/neurocenterfinland.fi\/\">Neurocenter Finland<\/a><\/strong><\/p>\n\t\t\t\t<\/div>\n\t\t\t<\/div>\n\t\t\t\t\t<div class=\"accordion accordion-js\">\n\t\t\t\t<button class=\"accordion__button\" aria-controls=\"content-9130\" aria-expanded=\"false\" id=\"accordion-control-9130\">\n\t\t\t\t\t<h3 class=\"accordion__heading\" >\n\t\t\t\t\t\tJuha E. J\u00e4\u00e4skel\u00e4inen\t\t\t\t\t<\/h3>\n\t\t\t\t<\/button>\n\t\t\t\t<div class=\"accordion__content\" role=\"region\" aria-labelledby=\"accordion-control-9130\" aria-hidden=\"true\" id=\"content-9130\">\n\t\t\t\t\t<p><strong>Title : <\/strong>MD, Ph.D., Professor of Neurosurgery<\/p>\n<p><strong>Department : <a class=\"external-link\" href=\"https:\/\/www.psshp.fi\/web\/en\/medical-care\/neuro-center\/neurosurgery\">Neurosurgery<\/a><\/strong><\/p>\n\t\t\t\t<\/div>\n\t\t\t<\/div>\n\t\t\t\t\t<div class=\"accordion accordion-js\">\n\t\t\t\t<button class=\"accordion__button\" aria-controls=\"content-9640\" aria-expanded=\"false\" id=\"accordion-control-9640\">\n\t\t\t\t\t<h3 class=\"accordion__heading\" >\n\t\t\t\t\t\tMaarit Anttila\t\t\t\t\t<\/h3>\n\t\t\t\t<\/button>\n\t\t\t\t<div class=\"accordion__content\" role=\"region\" aria-labelledby=\"accordion-control-9640\" aria-hidden=\"true\" id=\"content-9640\">\n\t\t\t\t\t<p><strong>Title : <\/strong>MD, Ph.D., Director<\/p>\n<p><strong>Department : <a class=\"external-link\" href=\"https:\/\/www.ficaneast.fi\/\">Fican East (Cancer treatments)<\/a><\/strong><\/p>\n\t\t\t\t<\/div>\n\t\t\t<\/div>\n\t\t\t\t\t<div class=\"accordion accordion-js\">\n\t\t\t\t<button class=\"accordion__button\" aria-controls=\"content-1452\" aria-expanded=\"false\" id=\"accordion-control-1452\">\n\t\t\t\t\t<h3 class=\"accordion__heading\" >\n\t\t\t\t\t\tAarno Dietz\t\t\t\t\t<\/h3>\n\t\t\t\t<\/button>\n\t\t\t\t<div class=\"accordion__content\" role=\"region\" aria-labelledby=\"accordion-control-1452\" aria-hidden=\"true\" id=\"content-1452\">\n\t\t\t\t\t<p><strong>Title : <\/strong>MD, Ph.D.<\/p>\n<p><strong>Department : <a class=\"external-link\" href=\"https:\/\/www.psshp.fi\/hoitopalvelut\/korva-nena-ja-kurkkutaudit\">Ear, Nose, Throat<\/a><\/strong><\/p>\n\t\t\t\t<\/div>\n\t\t\t<\/div>\n\t\t\t\t\t<div class=\"accordion accordion-js\">\n\t\t\t\t<button class=\"accordion__button\" aria-controls=\"content-362\" aria-expanded=\"false\" id=\"accordion-control-362\">\n\t\t\t\t\t<h3 class=\"accordion__heading\" >\n\t\t\t\t\t\tMikko Hakulinen\t\t\t\t\t<\/h3>\n\t\t\t\t<\/button>\n\t\t\t\t<div class=\"accordion__content\" role=\"region\" aria-labelledby=\"accordion-control-362\" aria-hidden=\"true\" id=\"content-362\">\n\t\t\t\t\t<p><strong>Title : <\/strong>Deputy Chief Physicist, Ph.D., Adj. prof.<\/p>\n<p><strong>Department : <a class=\"external-link\" href=\"https:\/\/www.psshp.fi\/hoitopalvelut\/kuvantamiskeskus\/fysiologia-ja-isotooppilaaketiede\">Clinical Physiology and Isotope Medicine<\/a><\/strong><\/p>\n\t\t\t\t<\/div>\n\t\t\t<\/div>\n\t\t\t\t\t<div class=\"accordion accordion-js\">\n\t\t\t\t<button class=\"accordion__button\" aria-controls=\"content-1431\" aria-expanded=\"false\" id=\"accordion-control-1431\">\n\t\t\t\t\t<h3 class=\"accordion__heading\" >\n\t\t\t\t\t\tMarja Hedman\t\t\t\t\t<\/h3>\n\t\t\t\t<\/button>\n\t\t\t\t<div class=\"accordion__content\" role=\"region\" aria-labelledby=\"accordion-control-1431\" aria-hidden=\"true\" id=\"content-1431\">\n\t\t\t\t\t<p><strong>Title : <\/strong>MD, Professor<\/p>\n<p><strong>Department : <a class=\"external-link\" href=\"https:\/\/www.psshp.fi\/hoitopalvelut\/sydankeskus\/sydan-ja-rintaelinkirurgia\">Heart and Lumbar Surgery<\/a><\/strong><\/p>\n\t\t\t\t<\/div>\n\t\t\t<\/div>\n\t\t\t\t\t<div class=\"accordion accordion-js\">\n\t\t\t\t<button class=\"accordion__button\" aria-controls=\"content-1703\" aria-expanded=\"false\" id=\"accordion-control-1703\">\n\t\t\t\t\t<h3 class=\"accordion__heading\" >\n\t\t\t\t\t\tOtto Jokelainen\t\t\t\t\t<\/h3>\n\t\t\t\t<\/button>\n\t\t\t\t<div class=\"accordion__content\" role=\"region\" aria-labelledby=\"accordion-control-1703\" aria-hidden=\"true\" id=\"content-1703\">\n\t\t\t\t\t<p><strong>Title : <\/strong>MD<\/p>\n<p><strong>Department : <a class=\"external-link\" href=\"https:\/\/www.psshp.fi\/hoitopalvelut\/kuvantamiskeskus\/patologia\">Pathology<\/a><\/strong><\/p>\n\t\t\t\t<\/div>\n\t\t\t<\/div>\n\t\t\t\t\t<div class=\"accordion accordion-js\">\n\t\t\t\t<button class=\"accordion__button\" aria-controls=\"content-3905\" aria-expanded=\"false\" id=\"accordion-control-3905\">\n\t\t\t\t\t<h3 class=\"accordion__heading\" >\n\t\t\t\t\t\tKirsimarja Mets\u00e4vainio\t\t\t\t\t<\/h3>\n\t\t\t\t<\/button>\n\t\t\t\t<div class=\"accordion__content\" role=\"region\" aria-labelledby=\"accordion-control-3905\" aria-hidden=\"true\" id=\"content-3905\">\n\t\t\t\t\t<p><strong>Title : <\/strong>MD<\/p>\n<p><strong>Department : <a class=\"external-link\" href=\"http:\/\/www.finnanest.fi\/files\/karjalainen_metsavainio.pdf\">Center for Clinical Training<\/a><\/strong><\/p>\n\t\t\t\t<\/div>\n\t\t\t<\/div>\n\t\t\t\t\t<div class=\"accordion accordion-js\">\n\t\t\t\t<button class=\"accordion__button\" aria-controls=\"content-4516\" aria-expanded=\"false\" id=\"accordion-control-4516\">\n\t\t\t\t\t<h3 class=\"accordion__heading\" >\n\t\t\t\t\t\tJussi Paterno\t\t\t\t\t<\/h3>\n\t\t\t\t<\/button>\n\t\t\t\t<div class=\"accordion__content\" role=\"region\" aria-labelledby=\"accordion-control-4516\" aria-hidden=\"true\" id=\"content-4516\">\n\t\t\t\t\t<p><strong>Title : <\/strong>MD<\/p>\n<p><strong>Department : <a class=\"external-link\" href=\"https:\/\/www.psshp.fi\/hoitopalvelut\/silmataudit\">Ophthalmology<\/a><\/strong><\/p>\n\t\t\t\t<\/div>\n\t\t\t<\/div>\n\t\t\t\t\t<div class=\"accordion accordion-js\">\n\t\t\t\t<button class=\"accordion__button\" aria-controls=\"content-5361\" aria-expanded=\"false\" id=\"accordion-control-5361\">\n\t\t\t\t\t<h3 class=\"accordion__heading\" >\n\t\t\t\t\t\tTuomas Rauramaa\t\t\t\t\t<\/h3>\n\t\t\t\t<\/button>\n\t\t\t\t<div class=\"accordion__content\" role=\"region\" aria-labelledby=\"accordion-control-5361\" aria-hidden=\"true\" id=\"content-5361\">\n\t\t\t\t\t<p><strong>Title : <\/strong>MD, Ph.D.<\/p>\n<p><strong>Department : <a class=\"external-link\" href=\"https:\/\/www.psshp.fi\/hoitopalvelut\/kuvantamiskeskus\/patologia\">Pathology<\/a><\/strong><\/p>\n\t\t\t\t<\/div>\n\t\t\t<\/div>\n\t\t\t\t\t<div class=\"accordion accordion-js\">\n\t\t\t\t<button class=\"accordion__button\" aria-controls=\"content-2127\" aria-expanded=\"false\" id=\"accordion-control-2127\">\n\t\t\t\t\t<h3 class=\"accordion__heading\" >\n\t\t\t\t\t\tJoonas Sirola\t\t\t\t\t<\/h3>\n\t\t\t\t<\/button>\n\t\t\t\t<div class=\"accordion__content\" role=\"region\" aria-labelledby=\"accordion-control-2127\" aria-hidden=\"true\" id=\"content-2127\">\n\t\t\t\t\t<p><strong>Title : <\/strong>MD, Ph.D., Associate professor<\/p>\n<p><strong>Department : <a class=\"external-link\" href=\"https:\/\/www.psshp.fi\/hoitopalvelut\/tuki-ja-liikuntaelinsairaudet\/ortopedia-ja-kasikirurgia\">Orthopedics and Hand Surgery<\/a><\/strong><\/p>\n\t\t\t\t<\/div>\n\t\t\t<\/div>\n\t\t\t\t\t<div class=\"accordion accordion-js\">\n\t\t\t\t<button class=\"accordion__button\" aria-controls=\"content-1518\" aria-expanded=\"false\" id=\"accordion-control-1518\">\n\t\t\t\t\t<h3 class=\"accordion__heading\" >\n\t\t\t\t\t\tMikko Taina\t\t\t\t\t<\/h3>\n\t\t\t\t<\/button>\n\t\t\t\t<div class=\"accordion__content\" role=\"region\" aria-labelledby=\"accordion-control-1518\" aria-hidden=\"true\" id=\"content-1518\">\n\t\t\t\t\t<p><strong>Title : <\/strong>MD, Ph.D.<\/p>\n<p><strong>Department : <a class=\"external-link\" href=\"https:\/\/www.psshp.fi\/hoitopalvelut\/kuvantamiskeskus\/radiologia\">Radiology<\/a><\/strong><\/p>\n\t\t\t\t<\/div>\n\t\t\t<\/div>\n\t\t\t\t\t<div class=\"accordion accordion-js\">\n\t\t\t\t<button class=\"accordion__button\" aria-controls=\"content-4496\" aria-expanded=\"false\" id=\"accordion-control-4496\">\n\t\t\t\t\t<h3 class=\"accordion__heading\" >\n\t\t\t\t\t\tJuuso Tamminen\t\t\t\t\t<\/h3>\n\t\t\t\t<\/button>\n\t\t\t\t<div class=\"accordion__content\" role=\"region\" aria-labelledby=\"accordion-control-4496\" aria-hidden=\"true\" id=\"content-4496\">\n\t\t\t\t\t<p><strong>Title : <\/strong>MD, CDP<\/p>\n<p><strong>Department : <a class=\"external-link\" href=\"https:\/\/www.psshp.fi\/hoitopalvelut\/tehohoito\">Intensive Care (ICU)<\/a><\/strong><\/p>\n\t\t\t\t<\/div>\n\t\t\t<\/div>\n\t\t\t<\/div>\n\t\n\n\n<figure class=\"wp-block-image size-full\"><img loading=\"lazy\" decoding=\"async\" width=\"1024\" height=\"276\" src=\"https:\/\/sites.uef.fi\/experts-in-medical-computing\/wp-content\/uploads\/sites\/7\/2020\/07\/Logot-2-1024x276-1.jpg\" alt=\"\" class=\"wp-image-2636\" srcset=\"https:\/\/sites.uef.fi\/experts-in-medical-computing\/wp-content\/uploads\/sites\/7\/2020\/07\/Logot-2-1024x276-1.jpg 1024w, https:\/\/sites.uef.fi\/experts-in-medical-computing\/wp-content\/uploads\/sites\/7\/2020\/07\/Logot-2-1024x276-1-300x81.jpg 300w, https:\/\/sites.uef.fi\/experts-in-medical-computing\/wp-content\/uploads\/sites\/7\/2020\/07\/Logot-2-1024x276-1-768x207.jpg 768w\" sizes=\"auto, (max-width: 1024px) 100vw, 1024px\" \/><\/figure>\n\n\n\n<p><\/p>\n","protected":false},"excerpt":{"rendered":"<p>A team of clinical experts from\u00a0Kuopio University Hospital\u00a0and\u00a0KUH Microsurgery Center\u00a0has participated in planning of the Experts in Medical Computing project. Some of the internships can be assigned to their departments. Students can also inquire internship positions from the hospitals of their area.<\/p>\n","protected":false},"author":126,"featured_media":3623,"parent":0,"menu_order":0,"comment_status":"closed","ping_status":"closed","template":"","meta":{"_acf_changed":false,"_monsterinsights_skip_tracking":false,"_monsterinsights_sitenote_active":false,"_monsterinsights_sitenote_note":"","_monsterinsights_sitenote_category":0,"footnotes":""},"class_list":["post-1769","page","type-page","status-publish","has-post-thumbnail","hentry"],"acf":[],"yoast_head":"<!-- This site is optimized with the Yoast SEO plugin v27.1.1 - https:\/\/yoast.com\/product\/yoast-seo-wordpress\/ -->\n<title>Clinical Expert Team - Experts in Medical Computing<\/title>\n<meta name=\"robots\" content=\"index, follow, max-snippet:-1, max-image-preview:large, max-video-preview:-1\" \/>\n<link rel=\"canonical\" href=\"https:\/\/sites.uef.fi\/experts-in-medical-computing\/clinical-expert-team\/\" \/>\n<meta property=\"og:locale\" content=\"en_US\" \/>\n<meta property=\"og:type\" content=\"article\" \/>\n<meta property=\"og:title\" content=\"Clinical Expert Team - Experts in Medical Computing\" \/>\n<meta property=\"og:description\" content=\"A team of clinical experts from\u00a0Kuopio University Hospital\u00a0and\u00a0KUH Microsurgery Center\u00a0has participated in planning of the Experts in Medical Computing project. Some of the internships can be assigned to their departments. Students can also inquire internship positions from the hospitals of their area.\" \/>\n<meta property=\"og:url\" content=\"https:\/\/sites.uef.fi\/experts-in-medical-computing\/clinical-expert-team\/\" \/>\n<meta property=\"og:site_name\" content=\"Experts in Medical Computing\" \/>\n<meta property=\"article:modified_time\" content=\"2026-01-11T22:48:35+00:00\" \/>\n<meta property=\"og:image\" content=\"https:\/\/sites.uef.fi\/experts-in-medical-computing\/wp-content\/uploads\/sites\/7\/2021\/03\/shutterstock_741433855-scaled-e1614874510873.jpg\" \/>\n\t<meta property=\"og:image:width\" content=\"1000\" \/>\n\t<meta property=\"og:image:height\" content=\"563\" \/>\n\t<meta property=\"og:image:type\" content=\"image\/jpeg\" \/>\n<meta name=\"twitter:card\" content=\"summary_large_image\" \/>\n<meta name=\"twitter:label1\" content=\"Est. reading time\" \/>\n\t<meta name=\"twitter:data1\" content=\"1 minute\" \/>\n<script type=\"application\/ld+json\" class=\"yoast-schema-graph\">{\"@context\":\"https:\/\/schema.org\",\"@graph\":[{\"@type\":\"WebPage\",\"@id\":\"https:\/\/sites.uef.fi\/experts-in-medical-computing\/clinical-expert-team\/\",\"url\":\"https:\/\/sites.uef.fi\/experts-in-medical-computing\/clinical-expert-team\/\",\"name\":\"Clinical Expert Team - Experts in Medical Computing\",\"isPartOf\":{\"@id\":\"https:\/\/sites.uef.fi\/experts-in-medical-computing\/?lang=fi\/#website\"},\"primaryImageOfPage\":{\"@id\":\"https:\/\/sites.uef.fi\/experts-in-medical-computing\/clinical-expert-team\/#primaryimage\"},\"image\":{\"@id\":\"https:\/\/sites.uef.fi\/experts-in-medical-computing\/clinical-expert-team\/#primaryimage\"},\"thumbnailUrl\":\"https:\/\/sites.uef.fi\/experts-in-medical-computing\/wp-content\/uploads\/sites\/7\/2021\/03\/shutterstock_741433855-scaled-e1614874510873.jpg\",\"datePublished\":\"2020-05-19T10:02:50+00:00\",\"dateModified\":\"2026-01-11T22:48:35+00:00\",\"breadcrumb\":{\"@id\":\"https:\/\/sites.uef.fi\/experts-in-medical-computing\/clinical-expert-team\/#breadcrumb\"},\"inLanguage\":\"en-US\",\"potentialAction\":[{\"@type\":\"ReadAction\",\"target\":[\"https:\/\/sites.uef.fi\/experts-in-medical-computing\/clinical-expert-team\/\"]}]},{\"@type\":\"ImageObject\",\"inLanguage\":\"en-US\",\"@id\":\"https:\/\/sites.uef.fi\/experts-in-medical-computing\/clinical-expert-team\/#primaryimage\",\"url\":\"https:\/\/sites.uef.fi\/experts-in-medical-computing\/wp-content\/uploads\/sites\/7\/2021\/03\/shutterstock_741433855-scaled-e1614874510873.jpg\",\"contentUrl\":\"https:\/\/sites.uef.fi\/experts-in-medical-computing\/wp-content\/uploads\/sites\/7\/2021\/03\/shutterstock_741433855-scaled-e1614874510873.jpg\",\"width\":1000,\"height\":563,\"caption\":\"Surgeons at work\"},{\"@type\":\"BreadcrumbList\",\"@id\":\"https:\/\/sites.uef.fi\/experts-in-medical-computing\/clinical-expert-team\/#breadcrumb\",\"itemListElement\":[{\"@type\":\"ListItem\",\"position\":1,\"name\":\"Home\",\"item\":\"https:\/\/sites.uef.fi\/experts-in-medical-computing\/\"},{\"@type\":\"ListItem\",\"position\":2,\"name\":\"Clinical Expert Team\"}]},{\"@type\":\"WebSite\",\"@id\":\"https:\/\/sites.uef.fi\/experts-in-medical-computing\/?lang=fi\/#website\",\"url\":\"https:\/\/sites.uef.fi\/experts-in-medical-computing\/?lang=fi\/\",\"name\":\"Experts in Medical Computing\",\"description\":\"\",\"potentialAction\":[{\"@type\":\"SearchAction\",\"target\":{\"@type\":\"EntryPoint\",\"urlTemplate\":\"https:\/\/sites.uef.fi\/experts-in-medical-computing\/?lang=fi\/?s={search_term_string}\"},\"query-input\":{\"@type\":\"PropertyValueSpecification\",\"valueRequired\":true,\"valueName\":\"search_term_string\"}}],\"inLanguage\":\"en-US\"}]}<\/script>\n<!-- \/ Yoast SEO plugin. -->","yoast_head_json":{"title":"Clinical Expert Team - Experts in Medical Computing","robots":{"index":"index","follow":"follow","max-snippet":"max-snippet:-1","max-image-preview":"max-image-preview:large","max-video-preview":"max-video-preview:-1"},"canonical":"https:\/\/sites.uef.fi\/experts-in-medical-computing\/clinical-expert-team\/","og_locale":"en_US","og_type":"article","og_title":"Clinical Expert Team - Experts in Medical Computing","og_description":"A team of clinical experts from\u00a0Kuopio University Hospital\u00a0and\u00a0KUH Microsurgery Center\u00a0has participated in planning of the Experts in Medical Computing project. Some of the internships can be assigned to their departments. Students can also inquire internship positions from the hospitals of their area.","og_url":"https:\/\/sites.uef.fi\/experts-in-medical-computing\/clinical-expert-team\/","og_site_name":"Experts in Medical Computing","article_modified_time":"2026-01-11T22:48:35+00:00","og_image":[{"width":1000,"height":563,"url":"https:\/\/sites.uef.fi\/experts-in-medical-computing\/wp-content\/uploads\/sites\/7\/2021\/03\/shutterstock_741433855-scaled-e1614874510873.jpg","type":"image\/jpeg"}],"twitter_card":"summary_large_image","twitter_misc":{"Est. reading time":"1 minute"},"schema":{"@context":"https:\/\/schema.org","@graph":[{"@type":"WebPage","@id":"https:\/\/sites.uef.fi\/experts-in-medical-computing\/clinical-expert-team\/","url":"https:\/\/sites.uef.fi\/experts-in-medical-computing\/clinical-expert-team\/","name":"Clinical Expert Team - Experts in Medical Computing","isPartOf":{"@id":"https:\/\/sites.uef.fi\/experts-in-medical-computing\/?lang=fi\/#website"},"primaryImageOfPage":{"@id":"https:\/\/sites.uef.fi\/experts-in-medical-computing\/clinical-expert-team\/#primaryimage"},"image":{"@id":"https:\/\/sites.uef.fi\/experts-in-medical-computing\/clinical-expert-team\/#primaryimage"},"thumbnailUrl":"https:\/\/sites.uef.fi\/experts-in-medical-computing\/wp-content\/uploads\/sites\/7\/2021\/03\/shutterstock_741433855-scaled-e1614874510873.jpg","datePublished":"2020-05-19T10:02:50+00:00","dateModified":"2026-01-11T22:48:35+00:00","breadcrumb":{"@id":"https:\/\/sites.uef.fi\/experts-in-medical-computing\/clinical-expert-team\/#breadcrumb"},"inLanguage":"en-US","potentialAction":[{"@type":"ReadAction","target":["https:\/\/sites.uef.fi\/experts-in-medical-computing\/clinical-expert-team\/"]}]},{"@type":"ImageObject","inLanguage":"en-US","@id":"https:\/\/sites.uef.fi\/experts-in-medical-computing\/clinical-expert-team\/#primaryimage","url":"https:\/\/sites.uef.fi\/experts-in-medical-computing\/wp-content\/uploads\/sites\/7\/2021\/03\/shutterstock_741433855-scaled-e1614874510873.jpg","contentUrl":"https:\/\/sites.uef.fi\/experts-in-medical-computing\/wp-content\/uploads\/sites\/7\/2021\/03\/shutterstock_741433855-scaled-e1614874510873.jpg","width":1000,"height":563,"caption":"Surgeons at work"},{"@type":"BreadcrumbList","@id":"https:\/\/sites.uef.fi\/experts-in-medical-computing\/clinical-expert-team\/#breadcrumb","itemListElement":[{"@type":"ListItem","position":1,"name":"Home","item":"https:\/\/sites.uef.fi\/experts-in-medical-computing\/"},{"@type":"ListItem","position":2,"name":"Clinical Expert Team"}]},{"@type":"WebSite","@id":"https:\/\/sites.uef.fi\/experts-in-medical-computing\/?lang=fi\/#website","url":"https:\/\/sites.uef.fi\/experts-in-medical-computing\/?lang=fi\/","name":"Experts in Medical Computing","description":"","potentialAction":[{"@type":"SearchAction","target":{"@type":"EntryPoint","urlTemplate":"https:\/\/sites.uef.fi\/experts-in-medical-computing\/?lang=fi\/?s={search_term_string}"},"query-input":{"@type":"PropertyValueSpecification","valueRequired":true,"valueName":"search_term_string"}}],"inLanguage":"en-US"}]}},"featured_image_src":"https:\/\/sites.uef.fi\/experts-in-medical-computing\/wp-content\/uploads\/sites\/7\/2021\/03\/shutterstock_741433855-scaled-e1614874510873.jpg","_links":{"self":[{"href":"https:\/\/sites.uef.fi\/experts-in-medical-computing\/wp-json\/wp\/v2\/pages\/1769","targetHints":{"allow":["GET"]}}],"collection":[{"href":"https:\/\/sites.uef.fi\/experts-in-medical-computing\/wp-json\/wp\/v2\/pages"}],"about":[{"href":"https:\/\/sites.uef.fi\/experts-in-medical-computing\/wp-json\/wp\/v2\/types\/page"}],"author":[{"embeddable":true,"href":"https:\/\/sites.uef.fi\/experts-in-medical-computing\/wp-json\/wp\/v2\/users\/126"}],"replies":[{"embeddable":true,"href":"https:\/\/sites.uef.fi\/experts-in-medical-computing\/wp-json\/wp\/v2\/comments?post=1769"}],"version-history":[{"count":1,"href":"https:\/\/sites.uef.fi\/experts-in-medical-computing\/wp-json\/wp\/v2\/pages\/1769\/revisions"}],"predecessor-version":[{"id":5300,"href":"https:\/\/sites.uef.fi\/experts-in-medical-computing\/wp-json\/wp\/v2\/pages\/1769\/revisions\/5300"}],"wp:featuredmedia":[{"embeddable":true,"href":"https:\/\/sites.uef.fi\/experts-in-medical-computing\/wp-json\/wp\/v2\/media\/3623"}],"wp:attachment":[{"href":"https:\/\/sites.uef.fi\/experts-in-medical-computing\/wp-json\/wp\/v2\/media?parent=1769"}],"curies":[{"name":"wp","href":"https:\/\/api.w.org\/{rel}","templated":true}]}}