{"id":338,"date":"2020-03-27T11:32:24","date_gmt":"2020-03-27T09:32:24","guid":{"rendered":"https:\/\/sites.uef.fi\/experts-in-medical-computing\/?page_id=338"},"modified":"2026-01-14T08:14:47","modified_gmt":"2026-01-14T06:14:47","slug":"main-page","status":"publish","type":"page","link":"https:\/\/sites.uef.fi\/experts-in-medical-computing\/","title":{"rendered":"Your Path to a Career in Medical Computing"},"content":{"rendered":"\n<figure class=\"wp-block-image size-large\"><img loading=\"lazy\" decoding=\"async\" width=\"1024\" height=\"683\" src=\"https:\/\/sites.uef.fi\/experts-in-medical-computing\/wp-content\/uploads\/sites\/7\/2021\/03\/engineer-49154251-1536x1025-1-1024x683.jpg\" alt=\"\" class=\"wp-image-3387\" srcset=\"https:\/\/sites.uef.fi\/experts-in-medical-computing\/wp-content\/uploads\/sites\/7\/2021\/03\/engineer-49154251-1536x1025-1-1024x683.jpg 1024w, https:\/\/sites.uef.fi\/experts-in-medical-computing\/wp-content\/uploads\/sites\/7\/2021\/03\/engineer-49154251-1536x1025-1-300x200.jpg 300w, https:\/\/sites.uef.fi\/experts-in-medical-computing\/wp-content\/uploads\/sites\/7\/2021\/03\/engineer-49154251-1536x1025-1-768x513.jpg 768w, https:\/\/sites.uef.fi\/experts-in-medical-computing\/wp-content\/uploads\/sites\/7\/2021\/03\/engineer-49154251-1536x1025-1.jpg 1536w\" sizes=\"auto, (max-width: 1024px) 100vw, 1024px\" \/><\/figure>\n\n\n\n<p>Medical computing is one of the most exciting and the fastest growing markets in software and hardware development. All emerging medical innovations rely on cutting-edge technologies: artificial intelligence, computational vision, bioinformatics, data science, virtual reality, 3D printing, ubiquitous sensors, and robotics fuel the medicine. However, both public and private sectors suffer from a shortage of experts in medical computing. In the EMC program, we provide re-training of professionals and expand the pool of the experts in the field.<\/p>\n\n\n\n<p>There will be no new admissions into the EMC program; instead the medical computing themes will be part of&nbsp;<a href=\"https:\/\/www.uef.fi\/en\/degree-programme\/masters-degree-programme-in-information-technology\">Master\u2019s Degree Programme in Information Technology<\/a>&nbsp;at UEF from academic year 2024-2025 onwards.<\/p>\n\n\n\n<figure class=\"wp-block-image size-large\"><img loading=\"lazy\" decoding=\"async\" width=\"1024\" height=\"395\" src=\"https:\/\/sites.uef.fi\/experts-in-medical-computing\/wp-content\/uploads\/sites\/7\/2021\/03\/engineer-4915442-1536x592-1-1024x395.jpg\" alt=\"\" class=\"wp-image-3393\" srcset=\"https:\/\/sites.uef.fi\/experts-in-medical-computing\/wp-content\/uploads\/sites\/7\/2021\/03\/engineer-4915442-1536x592-1-1024x395.jpg 1024w, https:\/\/sites.uef.fi\/experts-in-medical-computing\/wp-content\/uploads\/sites\/7\/2021\/03\/engineer-4915442-1536x592-1-300x116.jpg 300w, https:\/\/sites.uef.fi\/experts-in-medical-computing\/wp-content\/uploads\/sites\/7\/2021\/03\/engineer-4915442-1536x592-1-768x296.jpg 768w, https:\/\/sites.uef.fi\/experts-in-medical-computing\/wp-content\/uploads\/sites\/7\/2021\/03\/engineer-4915442-1536x592-1.jpg 1536w\" sizes=\"auto, (max-width: 1024px) 100vw, 1024px\" \/><\/figure>\n\n\n\n<h2 class=\"wp-block-heading\">Key information<\/h2>\n\n\n\n<ul class=\"wp-block-list\">\n<li>Level of program: Continuous advanced education<\/li>\n\n\n\n<li>Program duration: 1 year \/ 60 ECTS credits<\/li>\n\n\n\n<li>Language of instruction: English<\/li>\n\n\n\n<li>Mode of studies: Fully online<\/li>\n\n\n\n<li>Latest application period was organized: 24.5.2021 \u2013 6.6.2021<\/li>\n\n\n\n<li>Class 2021-2022 starts: 1.9.2021<\/li>\n\n\n\n<li>Degree: Certificate of attendance and recommendation from internship<\/li>\n\n\n\n<li>Tuition fee: No tuition fee<\/li>\n\n\n\n<li>Study campus: Virtually at UEF and Savonia UAS<\/li>\n\n\n\n<li><strong>The education finished in spring semester 2023<\/strong><\/li>\n<\/ul>\n\n\n\n<h2 class=\"wp-block-heading\">Why to study with us?<\/h2>\n\n\n\n<p>We invite diverse ICT-oriented professionals from all the domains connected to medical computing. Software developers, designers, engineers, programmers, IT admins, testers, technically oriented nurses, doctors, hospital technicians, sales, hospital managers, startup-ers, and graduates from one of three fields (ICT, medicine and healthcare, and business) are welcomed to join the program and expand their portfolio with complementary skills in medical computing.<\/p>\n\n\n\n<ul class=\"wp-block-list\">\n<li>Expand your horizons in medical computing<\/li>\n\n\n\n<li>Study courses with industrial relevance<\/li>\n\n\n\n<li>Advance your professional expertise<\/li>\n\n\n\n<li>Work on real industrial challenges<\/li>\n\n\n\n<li>Build networks of medical experts<\/li>\n<\/ul>\n\n\n\n<h2 class=\"wp-block-heading\">In the EMC program, we look for:<\/h2>\n\n\n\n<figure class=\"wp-block-image size-large\"><img loading=\"lazy\" decoding=\"async\" width=\"1024\" height=\"455\" src=\"https:\/\/sites.uef.fi\/experts-in-medical-computing\/wp-content\/uploads\/sites\/7\/2021\/03\/blue-and-yellow-graph-on-stock-market-monitor-159888-1024x455.jpg\" alt=\"kuvaaja n\u00e4yt\u00f6ll\u00e4\" class=\"wp-image-3408\" srcset=\"https:\/\/sites.uef.fi\/experts-in-medical-computing\/wp-content\/uploads\/sites\/7\/2021\/03\/blue-and-yellow-graph-on-stock-market-monitor-159888-1024x455.jpg 1024w, https:\/\/sites.uef.fi\/experts-in-medical-computing\/wp-content\/uploads\/sites\/7\/2021\/03\/blue-and-yellow-graph-on-stock-market-monitor-159888-300x133.jpg 300w, https:\/\/sites.uef.fi\/experts-in-medical-computing\/wp-content\/uploads\/sites\/7\/2021\/03\/blue-and-yellow-graph-on-stock-market-monitor-159888-768x341.jpg 768w, https:\/\/sites.uef.fi\/experts-in-medical-computing\/wp-content\/uploads\/sites\/7\/2021\/03\/blue-and-yellow-graph-on-stock-market-monitor-159888-1536x683.jpg 1536w, https:\/\/sites.uef.fi\/experts-in-medical-computing\/wp-content\/uploads\/sites\/7\/2021\/03\/blue-and-yellow-graph-on-stock-market-monitor-159888-2048x910.jpg 2048w\" sizes=\"auto, (max-width: 1024px) 100vw, 1024px\" \/><\/figure>\n\n\n\n<ul class=\"wp-block-list\">\n<li>Enthusiasts interested&nbsp;in&nbsp;emerging medical fields and technologies<\/li>\n\n\n\n<li>Technically oriented lifelong learners and problem solvers&nbsp;<\/li>\n\n\n\n<li>Motivated, self-driven, and organized candidates who can study fully online<\/li>\n<\/ul>\n\n\n\n<h2 class=\"wp-block-heading\">EMC in glance<\/h2>\n\n\n\n<ul class=\"wp-block-list\">\n<li>The EMC program offers&nbsp;1-year&nbsp;fully-online advanced&nbsp;education&nbsp;(60 ECTS credits) relevant to&nbsp;healthcare, medical computing, and business.&nbsp;&nbsp;<\/li>\n\n\n\n<li>In the first half, you expand your portfolio with selected courses (30 ECTS credits).&nbsp;<\/li>\n\n\n\n<li>Course&nbsp;offerings are constantly updated to reflect the needs of Finnish medical-computing&nbsp;industry and clinical&nbsp;research.&nbsp;<\/li>\n\n\n\n<li>In the second half, your studies are complemented with hands-on&nbsp;internship&nbsp;experience (30 ECTS credits)&nbsp;in medical-computing industry.<\/li>\n\n\n\n<li>Our program actively&nbsp;invites speakers from&nbsp;medical-computing industry and creates webinars with direct industrial relevance (cybersecurity, image analysis, usability engineering,&nbsp;legislation and regulations).<\/li>\n<\/ul>\n\n\n\n<h2 class=\"wp-block-heading\">EMC organization<\/h2>\n\n\n\n<p>The EMC program is jointly organized by School of Computing, University of Eastern Finland, and Savonia University of Applied Sciences. The program is funded by European Social Fund (ESF) and Centre for Economic Development, Transport and the Environment North Savo.<\/p>\n\n\n\n<figure class=\"wp-block-image size-full\"><img loading=\"lazy\" decoding=\"async\" width=\"1024\" height=\"276\" src=\"https:\/\/sites.uef.fi\/experts-in-medical-computing\/wp-content\/uploads\/sites\/7\/2021\/03\/logos_EN_png.png\" alt=\"\" class=\"wp-image-3366\" srcset=\"https:\/\/sites.uef.fi\/experts-in-medical-computing\/wp-content\/uploads\/sites\/7\/2021\/03\/logos_EN_png.png 1024w, https:\/\/sites.uef.fi\/experts-in-medical-computing\/wp-content\/uploads\/sites\/7\/2021\/03\/logos_EN_png-300x81.png 300w, https:\/\/sites.uef.fi\/experts-in-medical-computing\/wp-content\/uploads\/sites\/7\/2021\/03\/logos_EN_png-768x207.png 768w\" sizes=\"auto, (max-width: 1024px) 100vw, 1024px\" \/><\/figure>\n","protected":false},"excerpt":{"rendered":"<p>Medical computing is one of the most exciting and the fastest growing markets in software and hardware development. All emerging medical innovations rely on cutting-edge technologies: artificial intelligence, computational vision, bioinformatics, data science, virtual reality, 3D printing, ubiquitous sensors, and robotics fuel the medicine. However, both public and private sectors suffer from a shortage of [&hellip;]<\/p>\n","protected":false},"author":8,"featured_media":3300,"parent":0,"menu_order":0,"comment_status":"closed","ping_status":"closed","template":"","meta":{"_acf_changed":false,"_monsterinsights_skip_tracking":false,"_monsterinsights_sitenote_active":false,"_monsterinsights_sitenote_note":"","_monsterinsights_sitenote_category":0,"footnotes":""},"class_list":["post-338","page","type-page","status-publish","has-post-thumbnail","hentry"],"acf":[],"yoast_head":"<!-- This site is optimized with the Yoast SEO plugin v27.1.1 - https:\/\/yoast.com\/product\/yoast-seo-wordpress\/ -->\n<title>Your Path to a Career in Medical Computing - Experts in Medical Computing<\/title>\n<meta name=\"robots\" content=\"index, follow, max-snippet:-1, max-image-preview:large, max-video-preview:-1\" \/>\n<link rel=\"canonical\" href=\"https:\/\/sites.uef.fi\/experts-in-medical-computing\/\" \/>\n<meta property=\"og:locale\" content=\"en_US\" \/>\n<meta property=\"og:type\" content=\"article\" \/>\n<meta property=\"og:title\" content=\"Your Path to a Career in Medical Computing - Experts in Medical Computing\" \/>\n<meta property=\"og:description\" content=\"Medical computing is one of the most exciting and the fastest growing markets in software and hardware development. All emerging medical innovations rely on cutting-edge technologies: artificial intelligence, computational vision, bioinformatics, data science, virtual reality, 3D printing, ubiquitous sensors, and robotics fuel the medicine. However, both public and private sectors suffer from a shortage of [&hellip;]\" \/>\n<meta property=\"og:url\" content=\"https:\/\/sites.uef.fi\/experts-in-medical-computing\/\" \/>\n<meta property=\"og:site_name\" content=\"Experts in Medical Computing\" \/>\n<meta property=\"article:modified_time\" content=\"2026-01-14T06:14:47+00:00\" \/>\n<meta property=\"og:image\" content=\"https:\/\/sites.uef.fi\/experts-in-medical-computing\/wp-content\/uploads\/sites\/7\/2021\/03\/shutterstock_757356445-scaled-e1615805022879.jpg\" \/>\n\t<meta property=\"og:image:width\" content=\"1000\" \/>\n\t<meta property=\"og:image:height\" content=\"543\" \/>\n\t<meta property=\"og:image:type\" content=\"image\/jpeg\" \/>\n<meta name=\"twitter:card\" content=\"summary_large_image\" \/>\n<meta name=\"twitter:label1\" content=\"Est. reading time\" \/>\n\t<meta name=\"twitter:data1\" content=\"3 minutes\" \/>\n<script type=\"application\/ld+json\" class=\"yoast-schema-graph\">{\"@context\":\"https:\/\/schema.org\",\"@graph\":[{\"@type\":\"WebPage\",\"@id\":\"https:\/\/sites.uef.fi\/experts-in-medical-computing\/\",\"url\":\"https:\/\/sites.uef.fi\/experts-in-medical-computing\/\",\"name\":\"Your Path to a Career in Medical Computing - Experts in Medical Computing\",\"isPartOf\":{\"@id\":\"https:\/\/sites.uef.fi\/experts-in-medical-computing\/?lang=fi\/#website\"},\"primaryImageOfPage\":{\"@id\":\"https:\/\/sites.uef.fi\/experts-in-medical-computing\/#primaryimage\"},\"image\":{\"@id\":\"https:\/\/sites.uef.fi\/experts-in-medical-computing\/#primaryimage\"},\"thumbnailUrl\":\"https:\/\/sites.uef.fi\/experts-in-medical-computing\/wp-content\/uploads\/sites\/7\/2021\/03\/shutterstock_757356445-scaled-e1615805022879.jpg\",\"datePublished\":\"2020-03-27T09:32:24+00:00\",\"dateModified\":\"2026-01-14T06:14:47+00:00\",\"breadcrumb\":{\"@id\":\"https:\/\/sites.uef.fi\/experts-in-medical-computing\/#breadcrumb\"},\"inLanguage\":\"en-US\",\"potentialAction\":[{\"@type\":\"ReadAction\",\"target\":[\"https:\/\/sites.uef.fi\/experts-in-medical-computing\/\"]}]},{\"@type\":\"ImageObject\",\"inLanguage\":\"en-US\",\"@id\":\"https:\/\/sites.uef.fi\/experts-in-medical-computing\/#primaryimage\",\"url\":\"https:\/\/sites.uef.fi\/experts-in-medical-computing\/wp-content\/uploads\/sites\/7\/2021\/03\/shutterstock_757356445-scaled-e1615805022879.jpg\",\"contentUrl\":\"https:\/\/sites.uef.fi\/experts-in-medical-computing\/wp-content\/uploads\/sites\/7\/2021\/03\/shutterstock_757356445-scaled-e1615805022879.jpg\",\"width\":1000,\"height\":543,\"caption\":\"Student browsing a medical network\"},{\"@type\":\"BreadcrumbList\",\"@id\":\"https:\/\/sites.uef.fi\/experts-in-medical-computing\/#breadcrumb\",\"itemListElement\":[{\"@type\":\"ListItem\",\"position\":1,\"name\":\"Home\",\"item\":\"https:\/\/sites.uef.fi\/experts-in-medical-computing\/\"},{\"@type\":\"ListItem\",\"position\":2,\"name\":\"Your Path to a Career in Medical Computing\"}]},{\"@type\":\"WebSite\",\"@id\":\"https:\/\/sites.uef.fi\/experts-in-medical-computing\/?lang=fi\/#website\",\"url\":\"https:\/\/sites.uef.fi\/experts-in-medical-computing\/?lang=fi\/\",\"name\":\"Experts in Medical Computing\",\"description\":\"\",\"potentialAction\":[{\"@type\":\"SearchAction\",\"target\":{\"@type\":\"EntryPoint\",\"urlTemplate\":\"https:\/\/sites.uef.fi\/experts-in-medical-computing\/?lang=fi\/?s={search_term_string}\"},\"query-input\":{\"@type\":\"PropertyValueSpecification\",\"valueRequired\":true,\"valueName\":\"search_term_string\"}}],\"inLanguage\":\"en-US\"}]}<\/script>\n<!-- \/ Yoast SEO plugin. -->","yoast_head_json":{"title":"Your Path to a Career in Medical Computing - Experts in Medical Computing","robots":{"index":"index","follow":"follow","max-snippet":"max-snippet:-1","max-image-preview":"max-image-preview:large","max-video-preview":"max-video-preview:-1"},"canonical":"https:\/\/sites.uef.fi\/experts-in-medical-computing\/","og_locale":"en_US","og_type":"article","og_title":"Your Path to a Career in Medical Computing - Experts in Medical Computing","og_description":"Medical computing is one of the most exciting and the fastest growing markets in software and hardware development. All emerging medical innovations rely on cutting-edge technologies: artificial intelligence, computational vision, bioinformatics, data science, virtual reality, 3D printing, ubiquitous sensors, and robotics fuel the medicine. However, both public and private sectors suffer from a shortage of [&hellip;]","og_url":"https:\/\/sites.uef.fi\/experts-in-medical-computing\/","og_site_name":"Experts in Medical Computing","article_modified_time":"2026-01-14T06:14:47+00:00","og_image":[{"width":1000,"height":543,"url":"https:\/\/sites.uef.fi\/experts-in-medical-computing\/wp-content\/uploads\/sites\/7\/2021\/03\/shutterstock_757356445-scaled-e1615805022879.jpg","type":"image\/jpeg"}],"twitter_card":"summary_large_image","twitter_misc":{"Est. reading time":"3 minutes"},"schema":{"@context":"https:\/\/schema.org","@graph":[{"@type":"WebPage","@id":"https:\/\/sites.uef.fi\/experts-in-medical-computing\/","url":"https:\/\/sites.uef.fi\/experts-in-medical-computing\/","name":"Your Path to a Career in Medical Computing - Experts in Medical Computing","isPartOf":{"@id":"https:\/\/sites.uef.fi\/experts-in-medical-computing\/?lang=fi\/#website"},"primaryImageOfPage":{"@id":"https:\/\/sites.uef.fi\/experts-in-medical-computing\/#primaryimage"},"image":{"@id":"https:\/\/sites.uef.fi\/experts-in-medical-computing\/#primaryimage"},"thumbnailUrl":"https:\/\/sites.uef.fi\/experts-in-medical-computing\/wp-content\/uploads\/sites\/7\/2021\/03\/shutterstock_757356445-scaled-e1615805022879.jpg","datePublished":"2020-03-27T09:32:24+00:00","dateModified":"2026-01-14T06:14:47+00:00","breadcrumb":{"@id":"https:\/\/sites.uef.fi\/experts-in-medical-computing\/#breadcrumb"},"inLanguage":"en-US","potentialAction":[{"@type":"ReadAction","target":["https:\/\/sites.uef.fi\/experts-in-medical-computing\/"]}]},{"@type":"ImageObject","inLanguage":"en-US","@id":"https:\/\/sites.uef.fi\/experts-in-medical-computing\/#primaryimage","url":"https:\/\/sites.uef.fi\/experts-in-medical-computing\/wp-content\/uploads\/sites\/7\/2021\/03\/shutterstock_757356445-scaled-e1615805022879.jpg","contentUrl":"https:\/\/sites.uef.fi\/experts-in-medical-computing\/wp-content\/uploads\/sites\/7\/2021\/03\/shutterstock_757356445-scaled-e1615805022879.jpg","width":1000,"height":543,"caption":"Student browsing a medical network"},{"@type":"BreadcrumbList","@id":"https:\/\/sites.uef.fi\/experts-in-medical-computing\/#breadcrumb","itemListElement":[{"@type":"ListItem","position":1,"name":"Home","item":"https:\/\/sites.uef.fi\/experts-in-medical-computing\/"},{"@type":"ListItem","position":2,"name":"Your Path to a Career in Medical Computing"}]},{"@type":"WebSite","@id":"https:\/\/sites.uef.fi\/experts-in-medical-computing\/?lang=fi\/#website","url":"https:\/\/sites.uef.fi\/experts-in-medical-computing\/?lang=fi\/","name":"Experts in Medical Computing","description":"","potentialAction":[{"@type":"SearchAction","target":{"@type":"EntryPoint","urlTemplate":"https:\/\/sites.uef.fi\/experts-in-medical-computing\/?lang=fi\/?s={search_term_string}"},"query-input":{"@type":"PropertyValueSpecification","valueRequired":true,"valueName":"search_term_string"}}],"inLanguage":"en-US"}]}},"featured_image_src":"https:\/\/sites.uef.fi\/experts-in-medical-computing\/wp-content\/uploads\/sites\/7\/2021\/03\/shutterstock_757356445-scaled-e1615805022879.jpg","_links":{"self":[{"href":"https:\/\/sites.uef.fi\/experts-in-medical-computing\/wp-json\/wp\/v2\/pages\/338","targetHints":{"allow":["GET"]}}],"collection":[{"href":"https:\/\/sites.uef.fi\/experts-in-medical-computing\/wp-json\/wp\/v2\/pages"}],"about":[{"href":"https:\/\/sites.uef.fi\/experts-in-medical-computing\/wp-json\/wp\/v2\/types\/page"}],"author":[{"embeddable":true,"href":"https:\/\/sites.uef.fi\/experts-in-medical-computing\/wp-json\/wp\/v2\/users\/8"}],"replies":[{"embeddable":true,"href":"https:\/\/sites.uef.fi\/experts-in-medical-computing\/wp-json\/wp\/v2\/comments?post=338"}],"version-history":[{"count":4,"href":"https:\/\/sites.uef.fi\/experts-in-medical-computing\/wp-json\/wp\/v2\/pages\/338\/revisions"}],"predecessor-version":[{"id":5329,"href":"https:\/\/sites.uef.fi\/experts-in-medical-computing\/wp-json\/wp\/v2\/pages\/338\/revisions\/5329"}],"wp:featuredmedia":[{"embeddable":true,"href":"https:\/\/sites.uef.fi\/experts-in-medical-computing\/wp-json\/wp\/v2\/media\/3300"}],"wp:attachment":[{"href":"https:\/\/sites.uef.fi\/experts-in-medical-computing\/wp-json\/wp\/v2\/media?parent=338"}],"curies":[{"name":"wp","href":"https:\/\/api.w.org\/{rel}","templated":true}]}}