{"id":45,"date":"2020-03-25T15:32:57","date_gmt":"2020-03-25T13:32:57","guid":{"rendered":"https:\/\/sites.uef.fi\/experts-in-medical-computing\/?page_id=45"},"modified":"2026-01-25T20:40:20","modified_gmt":"2026-01-25T18:40:20","slug":"opintojen-sisalto","status":"publish","type":"page","link":"https:\/\/sites.uef.fi\/experts-in-medical-computing\/opintojen-sisalto\/?lang=fi","title":{"rendered":"Opinnot"},"content":{"rendered":"\n<p>EMC-t\u00e4ydennyskoulutus tarjoaa k\u00e4yt\u00e4nn\u00f6nl\u00e4heist\u00e4, ty\u00f6el\u00e4m\u00e4l\u00e4ht\u00f6ist\u00e4 opetusta. Kurssitarjontaa kehitet\u00e4\u00e4n ja p\u00e4ivitet\u00e4\u00e4n yhdess\u00e4 kliinisen asiantuntijaryhm\u00e4n sek\u00e4 yrityskumppaneiden kanssa, jotta se vastaisi mahdollisimman kattavasti l\u00e4\u00e4ketieteellisen tietojenk\u00e4sittelyn alan havaittuihin tarpeisiin.<\/p>\n\n\n\n<p>Vuoden kest\u00e4v\u00e4t opinnot koostuvat kolmesta kokonaisuudesta: UEF:n ja Savonia AMK:n tarjoamista verkkokursseista, koulutusohjelman omista webinaareista sek\u00e4 ty\u00f6harjoittelujaksosta alan yrityksess\u00e4 tai sairaalamaailmassa.<\/p>\n\n\n\n<p>EMC-t\u00e4ydennyskoulutuksen tavoite on rakentaa verkostoja, joihin kuuluu sek\u00e4 akateemisia osaajia ett\u00e4 yritysmaailman ammattilaisia: tutkijoita, sairaalaty\u00f6ntekij\u00f6it\u00e4, yritt\u00e4ji\u00e4\u2026 N\u00e4it\u00e4 verkostoja vahvistamme j\u00e4rjest\u00e4mill\u00e4mme webinaareilla, haastatteluilla ja muilla virtuaalisilla tapaamisilla, joihin osallistumme sek\u00e4 itse ett\u00e4 kutsumme yrityskumppaneita. Uskomme, ett\u00e4 t\u00e4llaiset aktiviteetit t\u00e4ydent\u00e4v\u00e4t perinteist\u00e4 yliopistokoulutusta ja vaikuttavat opiskelijoiden ty\u00f6llistymiseen positiivisesti.<\/p>\n\n\n\n<h5 class=\"wp-block-heading\"><strong>Laajuus ja aikataulu<\/strong><\/h5>\n\n\n\n<figure class=\"wp-block-image size-large\"><img loading=\"lazy\" decoding=\"async\" width=\"1024\" height=\"689\" src=\"https:\/\/sites.uef.fi\/experts-in-medical-computing\/wp-content\/uploads\/sites\/7\/2020\/03\/DSC9929-1024x689.jpg\" alt=\"\" class=\"wp-image-611\" srcset=\"https:\/\/sites.uef.fi\/experts-in-medical-computing\/wp-content\/uploads\/sites\/7\/2020\/03\/DSC9929-1024x689.jpg 1024w, https:\/\/sites.uef.fi\/experts-in-medical-computing\/wp-content\/uploads\/sites\/7\/2020\/03\/DSC9929-300x202.jpg 300w, https:\/\/sites.uef.fi\/experts-in-medical-computing\/wp-content\/uploads\/sites\/7\/2020\/03\/DSC9929-768x517.jpg 768w, https:\/\/sites.uef.fi\/experts-in-medical-computing\/wp-content\/uploads\/sites\/7\/2020\/03\/DSC9929-1536x1033.jpg 1536w, https:\/\/sites.uef.fi\/experts-in-medical-computing\/wp-content\/uploads\/sites\/7\/2020\/03\/DSC9929-2048x1378.jpg 2048w\" sizes=\"auto, (max-width: 1024px) 100vw, 1024px\" \/><\/figure>\n\n\n\n<p>EMC-t\u00e4ydennyskoulutus noudattelee suomalaisten yliopistojen lukuvuotta (1.9. \u2013 31.5.), joka koostuu&nbsp;<a href=\"https:\/\/kamu.uef.fi\/student-book\/lukuvuoden-ajankohtia\/\" target=\"_blank\" rel=\"noreferrer noopener\">nelj\u00e4st\u00e4 opintojaksosta<\/a>.<\/p>\n\n\n\n<p>Teoriaopinnot ja kurssit (30 opintopistett\u00e4) j\u00e4rjestet\u00e4\u00e4n p\u00e4\u00e4asiassa syyslukukauden aikana. Joitakin opintoja, kuten webinaareja, j\u00e4rjestet\u00e4\u00e4n my\u00f6s kev\u00e4tlukukaudella. Kaikki opinnot j\u00e4rjestet\u00e4\u00e4n verkon v\u00e4lityksell\u00e4, joten ne ovat suoritettavissa ajasta ja paikasta riippumatta. Kaikki opiskeluun tarvittavat materiaalit, palvelut ja ymp\u00e4rist\u00f6t ovat my\u00f6skin tarjolla virtuaalisesti. N\u00e4in ollen koulutusohjelma sopii sek\u00e4 kokoaikaiseen ett\u00e4 ty\u00f6noheiseen opiskeluun.<\/p>\n\n\n\n<p>Ty\u00f6harjoittelujakso (30 opintopistett\u00e4) on t\u00e4rke\u00e4 osa EMC-t\u00e4ydennyskoulutusta. Syksyn ja kev\u00e4\u00e4n aikana opiskelijat etsiv\u00e4t itselleen sopivan harjoittelupaikan yritys- tai sairaalamaailmasta. Harjoittelujakson alkamisajankohta (kev\u00e4t, kes\u00e4, syksy), ty\u00f6skentelytapa (et\u00e4ty\u00f6, osittainen et\u00e4ty\u00f6,\u2026) sek\u00e4 ty\u00f6nkuva ovat sovittavissa opiskelijan ja ty\u00f6nantajan kesken. Saadakseen 30 opintopistett\u00e4 opiskelijan olisi kuitenkin ty\u00f6skennelt\u00e4v\u00e4 3-5 kuukautta t\u00e4ysip\u00e4iv\u00e4isesti (t\u00e4h\u00e4n aikaan sis\u00e4ltyy loppuraportin kirjoittaminen).<\/p>\n\n\n\n<h5 class=\"wp-block-heading\"><strong>Opinto-oikeus<\/strong><\/h5>\n\n\n\n<p>EMC-opiskelijoiden opinto-oikeus kest\u00e4\u00e4 vuoden + kattaa puoli vuotta jatkoaikaa (1.9. \u2013 31.12. aloittamista seuraavana vuonna). Opinto-oikeus my\u00f6nnet\u00e4\u00e4n sek\u00e4 It\u00e4-Suomen yliopistoon ett\u00e4 Savonia-ammattikorkeakouluun. Opiskelijana p\u00e4\u00e4set k\u00e4ytt\u00e4m\u00e4\u00e4n molempien oppilaitosten opintopalveluja, -ymp\u00e4rist\u00f6j\u00e4 ja -materiaaleja (esimerkiksi Office365, Matlab, Tableau, PowerBI, kirjastot).<\/p>\n\n\n\n<p>T\u00e4ydennyskoulutusopiskelijat eiv\u00e4t kuitenkaan pysty liittym\u00e4\u00e4n opiskelijaj\u00e4rjest\u00f6ihin, saamaan opiskelijakorttia eiv\u00e4tk\u00e4 korttiin liittyvi\u00e4 etuja (kuten alennuksia yliopistojen ruokaloissa tai julkisessa liikenteess\u00e4).<\/p>\n\n\n\n<h5 class=\"wp-block-heading\"><strong>Taloudellinen tuki<\/strong><\/h5>\n\n\n\n<p>EMC-opiskelijat voivat hakea KELA:n&nbsp;<a href=\"https:\/\/kamu.uef.fi\/student-book\/opintotuki\/\" target=\"_blank\" rel=\"noreferrer noopener\">opintotukea<\/a>. Tuen saamiseksi vaaditaan v\u00e4hint\u00e4\u00e4n aiempi kandidaatin tutkinto sek\u00e4 j\u00e4ljell\u00e4 olevia tukikuukausia. Jos olet ty\u00f6t\u00f6n ty\u00f6nhakija, otathan yhteytt\u00e4&nbsp;<a href=\"https:\/\/www.te-palvelut.fi\/te\/fi\/\" target=\"_blank\" rel=\"noreferrer noopener\">TE-palveluihin<\/a>&nbsp;ennen koulutukseen hakeutumista tai paikan vastaanottamista.<\/p>\n\n\n\n<figure class=\"wp-block-image size-large is-resized\"><img loading=\"lazy\" decoding=\"async\" width=\"1024\" height=\"276\" src=\"https:\/\/sites.uef.fi\/experts-in-medical-computing\/wp-content\/uploads\/sites\/7\/2021\/03\/logos_EN_png-1.png\" alt=\"J\u00e4rjest\u00e4j\u00e4- ja rahoittajaorganisaatioiden logot: UEF, Savonia ja Euroopan Unioni\" class=\"wp-image-3417\" style=\"width:1024px;height:276px\" srcset=\"https:\/\/sites.uef.fi\/experts-in-medical-computing\/wp-content\/uploads\/sites\/7\/2021\/03\/logos_EN_png-1.png 1024w, https:\/\/sites.uef.fi\/experts-in-medical-computing\/wp-content\/uploads\/sites\/7\/2021\/03\/logos_EN_png-1-300x81.png 300w, https:\/\/sites.uef.fi\/experts-in-medical-computing\/wp-content\/uploads\/sites\/7\/2021\/03\/logos_EN_png-1-768x207.png 768w\" sizes=\"auto, (max-width: 1024px) 100vw, 1024px\" \/><\/figure>\n","protected":false},"excerpt":{"rendered":"<p>EMC-t\u00e4ydennyskoulutus tarjoaa k\u00e4yt\u00e4nn\u00f6nl\u00e4heist\u00e4, ty\u00f6el\u00e4m\u00e4l\u00e4ht\u00f6ist\u00e4 opetusta. Kurssitarjontaa kehitet\u00e4\u00e4n ja p\u00e4ivitet\u00e4\u00e4n yhdess\u00e4 kliinisen asiantuntijaryhm\u00e4n sek\u00e4 yrityskumppaneiden kanssa, jotta se vastaisi mahdollisimman kattavasti l\u00e4\u00e4ketieteellisen tietojenk\u00e4sittelyn alan havaittuihin tarpeisiin. Vuoden kest\u00e4v\u00e4t opinnot koostuvat kolmesta kokonaisuudesta: UEF:n ja Savonia AMK:n tarjoamista verkkokursseista, koulutusohjelman omista webinaareista sek\u00e4 ty\u00f6harjoittelujaksosta alan yrityksess\u00e4 tai sairaalamaailmassa. EMC-t\u00e4ydennyskoulutuksen tavoite on rakentaa verkostoja, joihin kuuluu sek\u00e4 akateemisia [&hellip;]<\/p>\n","protected":false},"author":8,"featured_media":2919,"parent":0,"menu_order":0,"comment_status":"closed","ping_status":"closed","template":"","meta":{"_acf_changed":false,"_monsterinsights_skip_tracking":false,"_monsterinsights_sitenote_active":false,"_monsterinsights_sitenote_note":"","_monsterinsights_sitenote_category":0,"footnotes":""},"class_list":["post-45","page","type-page","status-publish","has-post-thumbnail","hentry"],"acf":[],"yoast_head":"<!-- This site is optimized with the Yoast SEO plugin v27.1.1 - https:\/\/yoast.com\/product\/yoast-seo-wordpress\/ -->\n<title>Opinnot - Experts in Medical Computing<\/title>\n<meta name=\"robots\" content=\"index, follow, max-snippet:-1, max-image-preview:large, max-video-preview:-1\" \/>\n<link rel=\"canonical\" href=\"https:\/\/sites.uef.fi\/experts-in-medical-computing\/opintojen-sisalto\/?lang=fi\" \/>\n<meta property=\"og:locale\" content=\"en_US\" \/>\n<meta property=\"og:type\" content=\"article\" \/>\n<meta property=\"og:title\" content=\"Opinnot - Experts in Medical Computing\" \/>\n<meta property=\"og:description\" content=\"EMC-t\u00e4ydennyskoulutus tarjoaa k\u00e4yt\u00e4nn\u00f6nl\u00e4heist\u00e4, ty\u00f6el\u00e4m\u00e4l\u00e4ht\u00f6ist\u00e4 opetusta. Kurssitarjontaa kehitet\u00e4\u00e4n ja p\u00e4ivitet\u00e4\u00e4n yhdess\u00e4 kliinisen asiantuntijaryhm\u00e4n sek\u00e4 yrityskumppaneiden kanssa, jotta se vastaisi mahdollisimman kattavasti l\u00e4\u00e4ketieteellisen tietojenk\u00e4sittelyn alan havaittuihin tarpeisiin. Vuoden kest\u00e4v\u00e4t opinnot koostuvat kolmesta kokonaisuudesta: UEF:n ja Savonia AMK:n tarjoamista verkkokursseista, koulutusohjelman omista webinaareista sek\u00e4 ty\u00f6harjoittelujaksosta alan yrityksess\u00e4 tai sairaalamaailmassa. EMC-t\u00e4ydennyskoulutuksen tavoite on rakentaa verkostoja, joihin kuuluu sek\u00e4 akateemisia [&hellip;]\" \/>\n<meta property=\"og:url\" content=\"https:\/\/sites.uef.fi\/experts-in-medical-computing\/opintojen-sisalto\/?lang=fi\" \/>\n<meta property=\"og:site_name\" content=\"Experts in Medical Computing\" \/>\n<meta property=\"article:modified_time\" content=\"2026-01-25T18:40:20+00:00\" \/>\n<meta property=\"og:image\" content=\"https:\/\/sites.uef.fi\/experts-in-medical-computing\/wp-content\/uploads\/sites\/7\/2021\/02\/female-software-engineer-coding-on-computer-3861951-2-e1612542319276.jpg\" \/>\n\t<meta property=\"og:image:width\" content=\"1000\" \/>\n\t<meta property=\"og:image:height\" content=\"499\" \/>\n\t<meta property=\"og:image:type\" content=\"image\/jpeg\" \/>\n<meta name=\"twitter:card\" content=\"summary_large_image\" \/>\n<meta name=\"twitter:label1\" content=\"Est. reading time\" \/>\n\t<meta name=\"twitter:data1\" content=\"2 minutes\" \/>\n<script type=\"application\/ld+json\" class=\"yoast-schema-graph\">{\"@context\":\"https:\/\/schema.org\",\"@graph\":[{\"@type\":\"WebPage\",\"@id\":\"https:\/\/sites.uef.fi\/experts-in-medical-computing\/opintojen-sisalto\/?lang=fi\",\"url\":\"https:\/\/sites.uef.fi\/experts-in-medical-computing\/opintojen-sisalto\/?lang=fi\",\"name\":\"Opinnot - Experts in Medical Computing\",\"isPartOf\":{\"@id\":\"https:\/\/sites.uef.fi\/experts-in-medical-computing\/?lang=fi\/#website\"},\"primaryImageOfPage\":{\"@id\":\"https:\/\/sites.uef.fi\/experts-in-medical-computing\/opintojen-sisalto\/?lang=fi#primaryimage\"},\"image\":{\"@id\":\"https:\/\/sites.uef.fi\/experts-in-medical-computing\/opintojen-sisalto\/?lang=fi#primaryimage\"},\"thumbnailUrl\":\"https:\/\/sites.uef.fi\/experts-in-medical-computing\/wp-content\/uploads\/sites\/7\/2021\/02\/female-software-engineer-coding-on-computer-3861951-2-e1612542319276.jpg\",\"datePublished\":\"2020-03-25T13:32:57+00:00\",\"dateModified\":\"2026-01-25T18:40:20+00:00\",\"breadcrumb\":{\"@id\":\"https:\/\/sites.uef.fi\/experts-in-medical-computing\/opintojen-sisalto\/?lang=fi#breadcrumb\"},\"inLanguage\":\"en-US\",\"potentialAction\":[{\"@type\":\"ReadAction\",\"target\":[\"https:\/\/sites.uef.fi\/experts-in-medical-computing\/opintojen-sisalto\/?lang=fi\"]}]},{\"@type\":\"ImageObject\",\"inLanguage\":\"en-US\",\"@id\":\"https:\/\/sites.uef.fi\/experts-in-medical-computing\/opintojen-sisalto\/?lang=fi#primaryimage\",\"url\":\"https:\/\/sites.uef.fi\/experts-in-medical-computing\/wp-content\/uploads\/sites\/7\/2021\/02\/female-software-engineer-coding-on-computer-3861951-2-e1612542319276.jpg\",\"contentUrl\":\"https:\/\/sites.uef.fi\/experts-in-medical-computing\/wp-content\/uploads\/sites\/7\/2021\/02\/female-software-engineer-coding-on-computer-3861951-2-e1612542319276.jpg\",\"width\":1000,\"height\":499,\"caption\":\"Student programming\"},{\"@type\":\"BreadcrumbList\",\"@id\":\"https:\/\/sites.uef.fi\/experts-in-medical-computing\/opintojen-sisalto\/?lang=fi#breadcrumb\",\"itemListElement\":[{\"@type\":\"ListItem\",\"position\":1,\"name\":\"Home\",\"item\":\"https:\/\/sites.uef.fi\/experts-in-medical-computing\/\"},{\"@type\":\"ListItem\",\"position\":2,\"name\":\"Opinnot\"}]},{\"@type\":\"WebSite\",\"@id\":\"https:\/\/sites.uef.fi\/experts-in-medical-computing\/?lang=fi\/#website\",\"url\":\"https:\/\/sites.uef.fi\/experts-in-medical-computing\/?lang=fi\/\",\"name\":\"Experts in Medical Computing\",\"description\":\"\",\"potentialAction\":[{\"@type\":\"SearchAction\",\"target\":{\"@type\":\"EntryPoint\",\"urlTemplate\":\"https:\/\/sites.uef.fi\/experts-in-medical-computing\/?lang=fi\/?s={search_term_string}\"},\"query-input\":{\"@type\":\"PropertyValueSpecification\",\"valueRequired\":true,\"valueName\":\"search_term_string\"}}],\"inLanguage\":\"en-US\"}]}<\/script>\n<!-- \/ Yoast SEO plugin. -->","yoast_head_json":{"title":"Opinnot - Experts in Medical Computing","robots":{"index":"index","follow":"follow","max-snippet":"max-snippet:-1","max-image-preview":"max-image-preview:large","max-video-preview":"max-video-preview:-1"},"canonical":"https:\/\/sites.uef.fi\/experts-in-medical-computing\/opintojen-sisalto\/?lang=fi","og_locale":"en_US","og_type":"article","og_title":"Opinnot - Experts in Medical Computing","og_description":"EMC-t\u00e4ydennyskoulutus tarjoaa k\u00e4yt\u00e4nn\u00f6nl\u00e4heist\u00e4, ty\u00f6el\u00e4m\u00e4l\u00e4ht\u00f6ist\u00e4 opetusta. Kurssitarjontaa kehitet\u00e4\u00e4n ja p\u00e4ivitet\u00e4\u00e4n yhdess\u00e4 kliinisen asiantuntijaryhm\u00e4n sek\u00e4 yrityskumppaneiden kanssa, jotta se vastaisi mahdollisimman kattavasti l\u00e4\u00e4ketieteellisen tietojenk\u00e4sittelyn alan havaittuihin tarpeisiin. Vuoden kest\u00e4v\u00e4t opinnot koostuvat kolmesta kokonaisuudesta: UEF:n ja Savonia AMK:n tarjoamista verkkokursseista, koulutusohjelman omista webinaareista sek\u00e4 ty\u00f6harjoittelujaksosta alan yrityksess\u00e4 tai sairaalamaailmassa. EMC-t\u00e4ydennyskoulutuksen tavoite on rakentaa verkostoja, joihin kuuluu sek\u00e4 akateemisia [&hellip;]","og_url":"https:\/\/sites.uef.fi\/experts-in-medical-computing\/opintojen-sisalto\/?lang=fi","og_site_name":"Experts in Medical Computing","article_modified_time":"2026-01-25T18:40:20+00:00","og_image":[{"width":1000,"height":499,"url":"https:\/\/sites.uef.fi\/experts-in-medical-computing\/wp-content\/uploads\/sites\/7\/2021\/02\/female-software-engineer-coding-on-computer-3861951-2-e1612542319276.jpg","type":"image\/jpeg"}],"twitter_card":"summary_large_image","twitter_misc":{"Est. reading time":"2 minutes"},"schema":{"@context":"https:\/\/schema.org","@graph":[{"@type":"WebPage","@id":"https:\/\/sites.uef.fi\/experts-in-medical-computing\/opintojen-sisalto\/?lang=fi","url":"https:\/\/sites.uef.fi\/experts-in-medical-computing\/opintojen-sisalto\/?lang=fi","name":"Opinnot - Experts in Medical Computing","isPartOf":{"@id":"https:\/\/sites.uef.fi\/experts-in-medical-computing\/?lang=fi\/#website"},"primaryImageOfPage":{"@id":"https:\/\/sites.uef.fi\/experts-in-medical-computing\/opintojen-sisalto\/?lang=fi#primaryimage"},"image":{"@id":"https:\/\/sites.uef.fi\/experts-in-medical-computing\/opintojen-sisalto\/?lang=fi#primaryimage"},"thumbnailUrl":"https:\/\/sites.uef.fi\/experts-in-medical-computing\/wp-content\/uploads\/sites\/7\/2021\/02\/female-software-engineer-coding-on-computer-3861951-2-e1612542319276.jpg","datePublished":"2020-03-25T13:32:57+00:00","dateModified":"2026-01-25T18:40:20+00:00","breadcrumb":{"@id":"https:\/\/sites.uef.fi\/experts-in-medical-computing\/opintojen-sisalto\/?lang=fi#breadcrumb"},"inLanguage":"en-US","potentialAction":[{"@type":"ReadAction","target":["https:\/\/sites.uef.fi\/experts-in-medical-computing\/opintojen-sisalto\/?lang=fi"]}]},{"@type":"ImageObject","inLanguage":"en-US","@id":"https:\/\/sites.uef.fi\/experts-in-medical-computing\/opintojen-sisalto\/?lang=fi#primaryimage","url":"https:\/\/sites.uef.fi\/experts-in-medical-computing\/wp-content\/uploads\/sites\/7\/2021\/02\/female-software-engineer-coding-on-computer-3861951-2-e1612542319276.jpg","contentUrl":"https:\/\/sites.uef.fi\/experts-in-medical-computing\/wp-content\/uploads\/sites\/7\/2021\/02\/female-software-engineer-coding-on-computer-3861951-2-e1612542319276.jpg","width":1000,"height":499,"caption":"Student programming"},{"@type":"BreadcrumbList","@id":"https:\/\/sites.uef.fi\/experts-in-medical-computing\/opintojen-sisalto\/?lang=fi#breadcrumb","itemListElement":[{"@type":"ListItem","position":1,"name":"Home","item":"https:\/\/sites.uef.fi\/experts-in-medical-computing\/"},{"@type":"ListItem","position":2,"name":"Opinnot"}]},{"@type":"WebSite","@id":"https:\/\/sites.uef.fi\/experts-in-medical-computing\/?lang=fi\/#website","url":"https:\/\/sites.uef.fi\/experts-in-medical-computing\/?lang=fi\/","name":"Experts in Medical Computing","description":"","potentialAction":[{"@type":"SearchAction","target":{"@type":"EntryPoint","urlTemplate":"https:\/\/sites.uef.fi\/experts-in-medical-computing\/?lang=fi\/?s={search_term_string}"},"query-input":{"@type":"PropertyValueSpecification","valueRequired":true,"valueName":"search_term_string"}}],"inLanguage":"en-US"}]}},"featured_image_src":"https:\/\/sites.uef.fi\/experts-in-medical-computing\/wp-content\/uploads\/sites\/7\/2021\/02\/female-software-engineer-coding-on-computer-3861951-2-e1612542319276.jpg","_links":{"self":[{"href":"https:\/\/sites.uef.fi\/experts-in-medical-computing\/wp-json\/wp\/v2\/pages\/45","targetHints":{"allow":["GET"]}}],"collection":[{"href":"https:\/\/sites.uef.fi\/experts-in-medical-computing\/wp-json\/wp\/v2\/pages"}],"about":[{"href":"https:\/\/sites.uef.fi\/experts-in-medical-computing\/wp-json\/wp\/v2\/types\/page"}],"author":[{"embeddable":true,"href":"https:\/\/sites.uef.fi\/experts-in-medical-computing\/wp-json\/wp\/v2\/users\/8"}],"replies":[{"embeddable":true,"href":"https:\/\/sites.uef.fi\/experts-in-medical-computing\/wp-json\/wp\/v2\/comments?post=45"}],"version-history":[{"count":2,"href":"https:\/\/sites.uef.fi\/experts-in-medical-computing\/wp-json\/wp\/v2\/pages\/45\/revisions"}],"predecessor-version":[{"id":5372,"href":"https:\/\/sites.uef.fi\/experts-in-medical-computing\/wp-json\/wp\/v2\/pages\/45\/revisions\/5372"}],"wp:featuredmedia":[{"embeddable":true,"href":"https:\/\/sites.uef.fi\/experts-in-medical-computing\/wp-json\/wp\/v2\/media\/2919"}],"wp:attachment":[{"href":"https:\/\/sites.uef.fi\/experts-in-medical-computing\/wp-json\/wp\/v2\/media?parent=45"}],"curies":[{"name":"wp","href":"https:\/\/api.w.org\/{rel}","templated":true}]}}