{"id":51,"date":"2020-03-25T15:35:11","date_gmt":"2020-03-25T13:35:11","guid":{"rendered":"https:\/\/sites.uef.fi\/experts-in-medical-computing\/?page_id=51"},"modified":"2026-01-25T20:41:06","modified_gmt":"2026-01-25T18:41:06","slug":"opiskelijavalinta","status":"publish","type":"page","link":"https:\/\/sites.uef.fi\/experts-in-medical-computing\/opiskelijavalinta\/?lang=fi","title":{"rendered":"Opiskelijavalinta"},"content":{"rendered":"\n<p>Experts in Medical Computing sulautuu osaksi j\u00e4rjest\u00e4j\u00e4oppilaitosten muita opinto-ohjelmia, ja hakukierroksia EMC-ohjelmaan ei en\u00e4\u00e4 j\u00e4rjestet\u00e4. L\u00f6yd\u00e4t tietoa UEF:n ja Savonian muista englanninkielisist\u00e4 ohjelmista esimerkiksi alta.<br><\/p>\n\n\n\n<div class=\"links-block\">\n\n    \n    <ul class=\"link-list\">\n            <\/ul>\n<\/div>\n\n\n<div class=\"links-block\">\n\n            <h3> <\/h3>\n    \n    <ul class=\"link-list\">\n        \n            \n            <li class=\"link-list-item\">\n                <a href=\"https:\/\/www.uef.fi\/en\/international-masters-degree-programmes\" class=\"link-reset link hover-scale-down\">\n                    <svg\n        width=\"43\" height=\"25\"\n        viewBox=\"0 0 43 25\"\n        xmlns=\"http:\/\/www.w3.org\/2000\/svg\">\n    <path\n        d=\"M30.027 0 43 12.5 30.027 25 27 22.083 34.351 15H0v-5h34.351L27 2.917z\"\n        fill=\"currentColor\"\n        fill-rule=\"evenodd\"\/>\n<\/svg>                    <div>International Master\u2019s degree programs at UEF<\/div>\n                <\/a>\n                <div class=\"link-info\">\n                                    <\/div>\n            <\/li>\n\n        \n            <li class=\"link-list-item\">\n                <a href=\"https:\/\/www.savonia.fi\/en\/study-with-us\/degree-studies\/masters-in-english\/\" class=\"link-reset link hover-scale-down\">\n                    <svg\n        width=\"43\" height=\"25\"\n        viewBox=\"0 0 43 25\"\n        xmlns=\"http:\/\/www.w3.org\/2000\/svg\">\n    <path\n        d=\"M30.027 0 43 12.5 30.027 25 27 22.083 34.351 15H0v-5h34.351L27 2.917z\"\n        fill=\"currentColor\"\n        fill-rule=\"evenodd\"\/>\n<\/svg>                    <div>Online Master\u2019s degree programs at Savonia<\/div>\n                <\/a>\n                <div class=\"link-info\">\n                                    <\/div>\n            <\/li>\n\n                <\/ul>\n<\/div>\n\n\n<p><strong>Viimeisin hakukierros j\u00e4rjestettiin: <\/strong>24.5. \u2013 6.6.2021<\/p>\n\n\n\n<p><strong>Opiskelijavalinta suoritettiin: <\/strong>7.6. \u2013 20.6.2021<\/p>\n\n\n\n<p><strong>Valinnasta tiedotettiin: <\/strong>21.6.2021<\/p>\n\n\n\n<p><strong>Opiskelupaikka oli hyv\u00e4ksytt\u00e4v\u00e4: <\/strong>8.8.2021 menness\u00e4<\/p>\n\n\n\n<p>Opiskelijavalinta painotti hakijoiden koulutus- tai ty\u00f6taustaa, motivaatioita osallistua koulutusohjelmaan sek\u00e4 kyky\u00e4 opiskella ja hakea ty\u00f6harjoittelupaikkaa itsen\u00e4isesti.<\/p>\n\n\n\n<p>Jos sinulla on kysymyksi\u00e4 valintaprosessiin liittyen, ota meihin yhteytt\u00e4 s\u00e4hk\u00f6postitse <a href=\"mailto:emc@uef.fi\" target=\"_blank\" rel=\"noreferrer noopener\">emc@uef.fi<\/a>. Vilkaise my\u00f6skin <a href=\"https:\/\/sites.uef.fi\/experts-in-medical-computing\/ukk\/?lang=fi\">UKK-sivu<\/a>.<\/p>\n\n\n\n<h2 class=\"wp-block-heading\"><strong>Valintaprosessi<\/strong><\/h2>\n\n\n\n<figure class=\"wp-block-image size-large is-style-default wp-duotone-unset-1\"><img loading=\"lazy\" decoding=\"async\" width=\"1024\" height=\"411\" src=\"https:\/\/sites.uef.fi\/experts-in-medical-computing\/wp-content\/uploads\/sites\/7\/2020\/03\/teal-stethoscope-on-wooden-table-3758748-1024x411.jpg\" alt=\"Presentation with a tablet\" class=\"wp-image-4512\" srcset=\"https:\/\/sites.uef.fi\/experts-in-medical-computing\/wp-content\/uploads\/sites\/7\/2020\/03\/teal-stethoscope-on-wooden-table-3758748-1024x411.jpg 1024w, https:\/\/sites.uef.fi\/experts-in-medical-computing\/wp-content\/uploads\/sites\/7\/2020\/03\/teal-stethoscope-on-wooden-table-3758748-300x120.jpg 300w, https:\/\/sites.uef.fi\/experts-in-medical-computing\/wp-content\/uploads\/sites\/7\/2020\/03\/teal-stethoscope-on-wooden-table-3758748-768x308.jpg 768w, https:\/\/sites.uef.fi\/experts-in-medical-computing\/wp-content\/uploads\/sites\/7\/2020\/03\/teal-stethoscope-on-wooden-table-3758748-1536x617.jpg 1536w, https:\/\/sites.uef.fi\/experts-in-medical-computing\/wp-content\/uploads\/sites\/7\/2020\/03\/teal-stethoscope-on-wooden-table-3758748-2048x822.jpg 2048w\" sizes=\"auto, (max-width: 1024px) 100vw, 1024px\" \/><\/figure>\n\n\n\n<p>Hakuaika alkoi 24.5.2021 ja p\u00e4\u00e4ttyi 6.6.2021. Elektronisen hakulomakkeen viimeinen t\u00e4ytt\u00f6- ja palautusp\u00e4iv\u00e4 oli 6.6.2021. Puutteellisia ja my\u00f6h\u00e4styneit\u00e4 lomakkeita ei otettu huomioon. Ty\u00f6kokemus, osaaminen ja opiskelumotivaatio arvioitiin lomakkeen avulla. Tarkemmat hakuvaatimukset voit tarkistaa t\u00e4lt\u00e4 sivulta.<\/p>\n\n\n\t<div id=\"accordion-block_baddf33f5941baa6ecba21fd905abffe\" class=\"accordions\">\n\t\t\t\t\t<div class=\"accordion accordion-js\">\n\t\t\t\t<button class=\"accordion__button\" aria-controls=\"content-8638\" aria-expanded=\"false\" id=\"accordion-control-8638\">\n\t\t\t\t\t<h3 class=\"accordion__heading\" >\n\t\t\t\t\t\tVaatimukset\t\t\t\t\t<\/h3>\n\t\t\t\t<\/button>\n\t\t\t\t<div class=\"accordion__content\" role=\"region\" aria-labelledby=\"accordion-control-8638\" aria-hidden=\"true\" id=\"content-8638\">\n\t\t\t\t\t<p>1. <em>Asianmukaisesti t\u00e4ytetty elektroninen hakulomake<\/em><\/p>\n<p>Elektroninen hakulomake mahdollistaa tietoturvallisen ja tehokkaan valintaprosessin. Lomake voidaan tallentaa palauttamatta, joten voit jatkaa sen t\u00e4ytt\u00f6\u00e4 my\u00f6hemmin. Kaikki pakolliset liitteet voidaan l\u00e4hett\u00e4\u00e4 lomakkeen mukana (eth\u00e4n siis l\u00e4het\u00e4 liitteit\u00e4si s\u00e4hk\u00f6postitse, sill\u00e4 niit\u00e4 emme huomioi).<\/p>\n<p>2. <em>Motivaatiokirje<\/em><\/p>\n<p>Elektronisen hakulomakkeen motivaatio-osuudessa (max 200 sanaa\/kysymys) hakijan oletetaan kertovan:<\/p>\n<ul>\n<li><span style=\"font-size: 1rem\">Motivaatiostaan opiskella EMC-koulutuksessa<\/span><\/li>\n<li><span style=\"font-size: 1rem\">Koulutuksen merkityksest\u00e4 h\u00e4nen tulevaan urakehitykseens\u00e4<\/span><\/li>\n<li><span style=\"font-size: 1rem\">Tavastaan opiskella verkossa<\/span><\/li>\n<li><span style=\"font-size: 1rem\">Tavastaan hakea ty\u00f6harjoittelupaikkaa<\/span><\/li>\n<\/ul>\n<p>EMC-t\u00e4ydennyskoulutuksessa haemme itsen\u00e4isi\u00e4 opiskelijoita, joilla on vahva opiskelumotivaatio sek\u00e4 kiinnostus l\u00e4\u00e4ketieteelliseen tietojenk\u00e4sittelyyn. Jos siis aiot opiskella ty\u00f6n ohessa, kerrothan my\u00f6s ajanhallintataidoistasi sek\u00e4 mahdollisuuksistasi tasapainottaa ty\u00f6 ja opiskelu.<\/p>\n<p>3. <em>Liite: CV<\/em><\/p>\n<p>4. <em>Liite:\u00a0Tutkintotodistus tai vastaava todiste ty\u00f6kokemuksesta<\/em><\/p>\n<p><!-- wp:paragraph {\"textColor\":\"black\"} --><\/p>\n<p class=\"has-black-color has-text-color\">Jokaisella hakijalla t\u00e4ytyy olla v\u00e4hint\u00e4\u00e4n kandidaatintutkinto (tai vastaava) joltakin seuraavista aloista: tekninen ala (esim. tietojenk\u00e4sittelytiede, fysiikka, matematiikka&#8230;), terveydenhuolto (esim. terveystieteet, l\u00e4\u00e4ketiede&#8230;) tai kauppatiede (esim. kauppatiede, johtaminen, laki&#8230;). Muunkaltaisen tutkinnon suorittaneet opiskelijat voivat hakea, mik\u00e4li heill\u00e4 on riitt\u00e4v\u00e4t perustelut kiinnostukselleen ja osaamiselleen EMC-ohjelmassa.<\/p>\n<p><!-- \/wp:paragraph --> <!-- wp:paragraph {\"textColor\":\"black\"} --><\/p>\n<p class=\"has-black-color has-text-color\">Hakija, jolla tutkintoa ei ole, voi esitt\u00e4\u00e4 todistuksen vastaavasta m\u00e4\u00e4r\u00e4st\u00e4 ty\u00f6kokemusta. T\u00e4ll\u00f6in tulee l\u00e4hett\u00e4\u00e4 suosituskirje, jonka on kirjoittanut joko nykyinen tai aiempi ty\u00f6nantaja (kirjeen pituus: 1-2 sivua).<\/p>\n<p><!-- wp:paragraph {\"textColor\":\"black\"} --><\/p>\n<p class=\"has-black-color has-text-color\">5. <em>Liite:<\/em> <em>Opintosuoritusote<\/em><\/p>\n<p><!-- \/wp:paragraph --> <!-- wp:paragraph {\"textColor\":\"black\"} --><\/p>\n<p class=\"has-black-color has-text-color\">Suoritusotteesta t\u00e4ytyy k\u00e4yd\u00e4 ilmi, ett\u00e4 hakija on suorittanut v\u00e4hint\u00e4\u00e4n kolme vuotta kest\u00e4neet, t\u00e4ysip\u00e4iv\u00e4iset, akateemiset opinnot (suomalaisin yliopistotermein: 180 opintopistett\u00e4 suoritettuja kursseja). Suoritusotteen t\u00e4ytyy olla per\u00e4isin yliopistosta tai vastaavasta oppilaitoksesta. Mik\u00e4li sinulla on suoritettuna kansainv\u00e4lisi\u00e4 opintoja, maakohtaiset s\u00e4\u00e4nn\u00f6kset voit lukea It\u00e4-Suomen yliopiston <a href=\"https:\/\/www.uef.fi\/en\/country-specific-requirements\" target=\"_blank\" rel=\"noreferrer noopener\">nettisivuilta<\/a>.<\/p>\n<p><!-- \/wp:paragraph --> <!-- wp:paragraph {\"textColor\":\"black\"} --><\/p>\n<p class=\"has-black-color has-text-color\">6. <em>Liite:\u00a0Videoesittely<\/em><\/p>\n<p><!-- \/wp:paragraph --> <!-- wp:paragraph {\"textColor\":\"black\"} --><\/p>\n<p class=\"has-black-color has-text-color\">Vapaamuotoisessa videoesittelyss\u00e4\u00e4n (max 3 minuuttia) hakijan oletetaan kertovan ty\u00f6- tai opintotaustastaan, motivaatiostaan osallistua koulutukseen, muista relevanteista mielenkiinnonkohteistaan sek\u00e4 urasuunnitelmistaan.<\/p>\n<p><!-- \/wp:paragraph --><\/p>\n<!-- \/wp:paragraph -->\t\t\t\t<\/div>\n\t\t\t<\/div>\n\t\t\t\t\t<div class=\"accordion accordion-js\">\n\t\t\t\t<button class=\"accordion__button\" aria-controls=\"content-5966\" aria-expanded=\"false\" id=\"accordion-control-5966\">\n\t\t\t\t\t<h3 class=\"accordion__heading\" >\n\t\t\t\t\t\tArviointiperusteet\t\t\t\t\t<\/h3>\n\t\t\t\t<\/button>\n\t\t\t\t<div class=\"accordion__content\" role=\"region\" aria-labelledby=\"accordion-control-5966\" aria-hidden=\"true\" id=\"content-5966\">\n\t\t\t\t\t<p>Jokainen hakija pisteytet\u00e4\u00e4n seuraavien arviointiperusteiden mukaisesti:<\/p>\n<p><!-- wp:list {\"textColor\":\"black\"} --><\/p>\n<ul class=\"wp-block-list has-black-color has-text-color\">\n<li style=\"list-style-type: none\">\n<ul class=\"wp-block-list has-black-color has-text-color\"><!-- wp:list-item --><\/p>\n<li>Opiskelu- ja ty\u00f6tausta (yhteensopivuus koulutusohjelman kanssa)<\/li>\n<\/ul>\n<\/li>\n<\/ul>\n<p><!-- \/wp:list-item --> <!-- wp:list-item --><\/p>\n<ul class=\"wp-block-list has-black-color has-text-color\">\n<li style=\"list-style-type: none\">\n<ul class=\"wp-block-list has-black-color has-text-color\">\n<li>Ohjelmointitaidot<\/li>\n<\/ul>\n<\/li>\n<\/ul>\n<p><!-- \/wp:list-item --> <!-- wp:list-item --><\/p>\n<ul class=\"wp-block-list has-black-color has-text-color\">\n<li style=\"list-style-type: none\">\n<ul class=\"wp-block-list has-black-color has-text-color\">\n<li>Motivaatio ja koulutuksen merkitys urasuunnitelmien toteutumisessa<\/li>\n<\/ul>\n<\/li>\n<\/ul>\n<p><!-- \/wp:list-item --> <!-- wp:list-item --><\/p>\n<ul class=\"wp-block-list has-black-color has-text-color\">\n<li style=\"list-style-type: none\">\n<ul class=\"wp-block-list has-black-color has-text-color\">\n<li>Kokemus verkko-opiskelusta<\/li>\n<\/ul>\n<\/li>\n<\/ul>\n<p><!-- \/wp:list-item --> <!-- wp:list-item --><\/p>\n<ul class=\"wp-block-list has-black-color has-text-color\">\n<li style=\"list-style-type: none\">\n<ul class=\"wp-block-list has-black-color has-text-color\">\n<li>Aloitteellisuus ty\u00f6harjoittelupaikan hakemisessa<\/li>\n<\/ul>\n<\/li>\n<\/ul>\n<p><!-- \/wp:list-item --> <!-- wp:list-item --><\/p>\n<ul class=\"wp-block-list has-black-color has-text-color\">\n<li style=\"list-style-type: none\">\n<ul class=\"wp-block-list has-black-color has-text-color\">\n<li>Englannin kielen suullinen taito<\/li>\n<\/ul>\n<\/li>\n<\/ul>\n<p><!-- \/wp:list-item --><\/p>\n<p><!-- \/wp:list --><\/p>\n<p>Jokaisen kriteerin toteutuminen pisteytet\u00e4\u00e4n 0-3p (0 = heikko toteutuminen, 1 = v\u00e4ltt\u00e4v\u00e4 toteutuminen, 2 = hyv\u00e4 toteutuminen, 3 = kiitett\u00e4v\u00e4 toteutuminen). 60 eniten pisteit\u00e4 saanutta opiskelijaa valitaan koulutusohjelmaan. Kaikki hakijat saavat tiedon valinnan tuloksista s\u00e4hk\u00f6postitse.<\/p>\n\t\t\t\t<\/div>\n\t\t\t<\/div>\n\t\t\t<\/div>\n\t\n\n\n<figure class=\"wp-block-image size-full\"><img loading=\"lazy\" decoding=\"async\" width=\"1024\" height=\"276\" src=\"https:\/\/sites.uef.fi\/experts-in-medical-computing\/wp-content\/uploads\/sites\/7\/2021\/03\/logos_EN_png-1.png\" alt=\"\" class=\"wp-image-3417\" srcset=\"https:\/\/sites.uef.fi\/experts-in-medical-computing\/wp-content\/uploads\/sites\/7\/2021\/03\/logos_EN_png-1.png 1024w, https:\/\/sites.uef.fi\/experts-in-medical-computing\/wp-content\/uploads\/sites\/7\/2021\/03\/logos_EN_png-1-300x81.png 300w, https:\/\/sites.uef.fi\/experts-in-medical-computing\/wp-content\/uploads\/sites\/7\/2021\/03\/logos_EN_png-1-768x207.png 768w\" sizes=\"auto, (max-width: 1024px) 100vw, 1024px\" \/><\/figure>\n","protected":false},"excerpt":{"rendered":"<p>Experts in Medical Computing sulautuu osaksi j\u00e4rjest\u00e4j\u00e4oppilaitosten muita opinto-ohjelmia, ja hakukierroksia EMC-ohjelmaan ei en\u00e4\u00e4 j\u00e4rjestet\u00e4. L\u00f6yd\u00e4t tietoa UEF:n ja Savonian muista englanninkielisist\u00e4 ohjelmista esimerkiksi alta. Viimeisin hakukierros j\u00e4rjestettiin: 24.5. \u2013 6.6.2021 Opiskelijavalinta suoritettiin: 7.6. \u2013 20.6.2021 Valinnasta tiedotettiin: 21.6.2021 Opiskelupaikka oli hyv\u00e4ksytt\u00e4v\u00e4: 8.8.2021 menness\u00e4 Opiskelijavalinta painotti hakijoiden koulutus- tai ty\u00f6taustaa, motivaatioita osallistua koulutusohjelmaan sek\u00e4 kyky\u00e4 [&hellip;]<\/p>\n","protected":false},"author":8,"featured_media":3566,"parent":0,"menu_order":0,"comment_status":"closed","ping_status":"closed","template":"","meta":{"_acf_changed":false,"_monsterinsights_skip_tracking":false,"_monsterinsights_sitenote_active":false,"_monsterinsights_sitenote_note":"","_monsterinsights_sitenote_category":0,"footnotes":""},"class_list":["post-51","page","type-page","status-publish","has-post-thumbnail","hentry"],"acf":[],"yoast_head":"<!-- This site is optimized with the Yoast SEO plugin v27.1.1 - https:\/\/yoast.com\/product\/yoast-seo-wordpress\/ -->\n<title>Opiskelijavalinta - Experts in Medical Computing<\/title>\n<meta name=\"robots\" content=\"index, follow, max-snippet:-1, max-image-preview:large, max-video-preview:-1\" \/>\n<link rel=\"canonical\" href=\"https:\/\/sites.uef.fi\/experts-in-medical-computing\/opiskelijavalinta\/?lang=fi\" \/>\n<meta property=\"og:locale\" content=\"en_US\" \/>\n<meta property=\"og:type\" content=\"article\" \/>\n<meta property=\"og:title\" content=\"Opiskelijavalinta - Experts in Medical Computing\" \/>\n<meta property=\"og:description\" content=\"Experts in Medical Computing sulautuu osaksi j\u00e4rjest\u00e4j\u00e4oppilaitosten muita opinto-ohjelmia, ja hakukierroksia EMC-ohjelmaan ei en\u00e4\u00e4 j\u00e4rjestet\u00e4. L\u00f6yd\u00e4t tietoa UEF:n ja Savonian muista englanninkielisist\u00e4 ohjelmista esimerkiksi alta. Viimeisin hakukierros j\u00e4rjestettiin: 24.5. \u2013 6.6.2021 Opiskelijavalinta suoritettiin: 7.6. \u2013 20.6.2021 Valinnasta tiedotettiin: 21.6.2021 Opiskelupaikka oli hyv\u00e4ksytt\u00e4v\u00e4: 8.8.2021 menness\u00e4 Opiskelijavalinta painotti hakijoiden koulutus- tai ty\u00f6taustaa, motivaatioita osallistua koulutusohjelmaan sek\u00e4 kyky\u00e4 [&hellip;]\" \/>\n<meta property=\"og:url\" content=\"https:\/\/sites.uef.fi\/experts-in-medical-computing\/opiskelijavalinta\/?lang=fi\" \/>\n<meta property=\"og:site_name\" content=\"Experts in Medical Computing\" \/>\n<meta property=\"article:modified_time\" content=\"2026-01-25T18:41:06+00:00\" \/>\n<meta property=\"og:image\" content=\"https:\/\/sites.uef.fi\/experts-in-medical-computing\/wp-content\/uploads\/sites\/7\/2021\/03\/shutterstock_1032276190-e1614874130220.jpg\" \/>\n\t<meta property=\"og:image:width\" content=\"1000\" \/>\n\t<meta property=\"og:image:height\" content=\"666\" \/>\n\t<meta property=\"og:image:type\" content=\"image\/jpeg\" \/>\n<meta name=\"twitter:card\" content=\"summary_large_image\" \/>\n<meta name=\"twitter:label1\" content=\"Est. reading time\" \/>\n\t<meta name=\"twitter:data1\" content=\"2 minutes\" \/>\n<script type=\"application\/ld+json\" class=\"yoast-schema-graph\">{\"@context\":\"https:\/\/schema.org\",\"@graph\":[{\"@type\":\"WebPage\",\"@id\":\"https:\/\/sites.uef.fi\/experts-in-medical-computing\/opiskelijavalinta\/?lang=fi\",\"url\":\"https:\/\/sites.uef.fi\/experts-in-medical-computing\/opiskelijavalinta\/?lang=fi\",\"name\":\"Opiskelijavalinta - Experts in Medical Computing\",\"isPartOf\":{\"@id\":\"https:\/\/sites.uef.fi\/experts-in-medical-computing\/?lang=fi\/#website\"},\"primaryImageOfPage\":{\"@id\":\"https:\/\/sites.uef.fi\/experts-in-medical-computing\/opiskelijavalinta\/?lang=fi#primaryimage\"},\"image\":{\"@id\":\"https:\/\/sites.uef.fi\/experts-in-medical-computing\/opiskelijavalinta\/?lang=fi#primaryimage\"},\"thumbnailUrl\":\"https:\/\/sites.uef.fi\/experts-in-medical-computing\/wp-content\/uploads\/sites\/7\/2021\/03\/shutterstock_1032276190-e1614874130220.jpg\",\"datePublished\":\"2020-03-25T13:35:11+00:00\",\"dateModified\":\"2026-01-25T18:41:06+00:00\",\"breadcrumb\":{\"@id\":\"https:\/\/sites.uef.fi\/experts-in-medical-computing\/opiskelijavalinta\/?lang=fi#breadcrumb\"},\"inLanguage\":\"en-US\",\"potentialAction\":[{\"@type\":\"ReadAction\",\"target\":[\"https:\/\/sites.uef.fi\/experts-in-medical-computing\/opiskelijavalinta\/?lang=fi\"]}]},{\"@type\":\"ImageObject\",\"inLanguage\":\"en-US\",\"@id\":\"https:\/\/sites.uef.fi\/experts-in-medical-computing\/opiskelijavalinta\/?lang=fi#primaryimage\",\"url\":\"https:\/\/sites.uef.fi\/experts-in-medical-computing\/wp-content\/uploads\/sites\/7\/2021\/03\/shutterstock_1032276190-e1614874130220.jpg\",\"contentUrl\":\"https:\/\/sites.uef.fi\/experts-in-medical-computing\/wp-content\/uploads\/sites\/7\/2021\/03\/shutterstock_1032276190-e1614874130220.jpg\",\"width\":1000,\"height\":666,\"caption\":\"Person applying to an education online\"},{\"@type\":\"BreadcrumbList\",\"@id\":\"https:\/\/sites.uef.fi\/experts-in-medical-computing\/opiskelijavalinta\/?lang=fi#breadcrumb\",\"itemListElement\":[{\"@type\":\"ListItem\",\"position\":1,\"name\":\"Home\",\"item\":\"https:\/\/sites.uef.fi\/experts-in-medical-computing\/\"},{\"@type\":\"ListItem\",\"position\":2,\"name\":\"Opiskelijavalinta\"}]},{\"@type\":\"WebSite\",\"@id\":\"https:\/\/sites.uef.fi\/experts-in-medical-computing\/?lang=fi\/#website\",\"url\":\"https:\/\/sites.uef.fi\/experts-in-medical-computing\/?lang=fi\/\",\"name\":\"Experts in Medical Computing\",\"description\":\"\",\"potentialAction\":[{\"@type\":\"SearchAction\",\"target\":{\"@type\":\"EntryPoint\",\"urlTemplate\":\"https:\/\/sites.uef.fi\/experts-in-medical-computing\/?lang=fi\/?s={search_term_string}\"},\"query-input\":{\"@type\":\"PropertyValueSpecification\",\"valueRequired\":true,\"valueName\":\"search_term_string\"}}],\"inLanguage\":\"en-US\"}]}<\/script>\n<!-- \/ Yoast SEO plugin. -->","yoast_head_json":{"title":"Opiskelijavalinta - Experts in Medical Computing","robots":{"index":"index","follow":"follow","max-snippet":"max-snippet:-1","max-image-preview":"max-image-preview:large","max-video-preview":"max-video-preview:-1"},"canonical":"https:\/\/sites.uef.fi\/experts-in-medical-computing\/opiskelijavalinta\/?lang=fi","og_locale":"en_US","og_type":"article","og_title":"Opiskelijavalinta - Experts in Medical Computing","og_description":"Experts in Medical Computing sulautuu osaksi j\u00e4rjest\u00e4j\u00e4oppilaitosten muita opinto-ohjelmia, ja hakukierroksia EMC-ohjelmaan ei en\u00e4\u00e4 j\u00e4rjestet\u00e4. L\u00f6yd\u00e4t tietoa UEF:n ja Savonian muista englanninkielisist\u00e4 ohjelmista esimerkiksi alta. Viimeisin hakukierros j\u00e4rjestettiin: 24.5. \u2013 6.6.2021 Opiskelijavalinta suoritettiin: 7.6. \u2013 20.6.2021 Valinnasta tiedotettiin: 21.6.2021 Opiskelupaikka oli hyv\u00e4ksytt\u00e4v\u00e4: 8.8.2021 menness\u00e4 Opiskelijavalinta painotti hakijoiden koulutus- tai ty\u00f6taustaa, motivaatioita osallistua koulutusohjelmaan sek\u00e4 kyky\u00e4 [&hellip;]","og_url":"https:\/\/sites.uef.fi\/experts-in-medical-computing\/opiskelijavalinta\/?lang=fi","og_site_name":"Experts in Medical Computing","article_modified_time":"2026-01-25T18:41:06+00:00","og_image":[{"width":1000,"height":666,"url":"https:\/\/sites.uef.fi\/experts-in-medical-computing\/wp-content\/uploads\/sites\/7\/2021\/03\/shutterstock_1032276190-e1614874130220.jpg","type":"image\/jpeg"}],"twitter_card":"summary_large_image","twitter_misc":{"Est. reading time":"2 minutes"},"schema":{"@context":"https:\/\/schema.org","@graph":[{"@type":"WebPage","@id":"https:\/\/sites.uef.fi\/experts-in-medical-computing\/opiskelijavalinta\/?lang=fi","url":"https:\/\/sites.uef.fi\/experts-in-medical-computing\/opiskelijavalinta\/?lang=fi","name":"Opiskelijavalinta - Experts in Medical Computing","isPartOf":{"@id":"https:\/\/sites.uef.fi\/experts-in-medical-computing\/?lang=fi\/#website"},"primaryImageOfPage":{"@id":"https:\/\/sites.uef.fi\/experts-in-medical-computing\/opiskelijavalinta\/?lang=fi#primaryimage"},"image":{"@id":"https:\/\/sites.uef.fi\/experts-in-medical-computing\/opiskelijavalinta\/?lang=fi#primaryimage"},"thumbnailUrl":"https:\/\/sites.uef.fi\/experts-in-medical-computing\/wp-content\/uploads\/sites\/7\/2021\/03\/shutterstock_1032276190-e1614874130220.jpg","datePublished":"2020-03-25T13:35:11+00:00","dateModified":"2026-01-25T18:41:06+00:00","breadcrumb":{"@id":"https:\/\/sites.uef.fi\/experts-in-medical-computing\/opiskelijavalinta\/?lang=fi#breadcrumb"},"inLanguage":"en-US","potentialAction":[{"@type":"ReadAction","target":["https:\/\/sites.uef.fi\/experts-in-medical-computing\/opiskelijavalinta\/?lang=fi"]}]},{"@type":"ImageObject","inLanguage":"en-US","@id":"https:\/\/sites.uef.fi\/experts-in-medical-computing\/opiskelijavalinta\/?lang=fi#primaryimage","url":"https:\/\/sites.uef.fi\/experts-in-medical-computing\/wp-content\/uploads\/sites\/7\/2021\/03\/shutterstock_1032276190-e1614874130220.jpg","contentUrl":"https:\/\/sites.uef.fi\/experts-in-medical-computing\/wp-content\/uploads\/sites\/7\/2021\/03\/shutterstock_1032276190-e1614874130220.jpg","width":1000,"height":666,"caption":"Person applying to an education online"},{"@type":"BreadcrumbList","@id":"https:\/\/sites.uef.fi\/experts-in-medical-computing\/opiskelijavalinta\/?lang=fi#breadcrumb","itemListElement":[{"@type":"ListItem","position":1,"name":"Home","item":"https:\/\/sites.uef.fi\/experts-in-medical-computing\/"},{"@type":"ListItem","position":2,"name":"Opiskelijavalinta"}]},{"@type":"WebSite","@id":"https:\/\/sites.uef.fi\/experts-in-medical-computing\/?lang=fi\/#website","url":"https:\/\/sites.uef.fi\/experts-in-medical-computing\/?lang=fi\/","name":"Experts in Medical Computing","description":"","potentialAction":[{"@type":"SearchAction","target":{"@type":"EntryPoint","urlTemplate":"https:\/\/sites.uef.fi\/experts-in-medical-computing\/?lang=fi\/?s={search_term_string}"},"query-input":{"@type":"PropertyValueSpecification","valueRequired":true,"valueName":"search_term_string"}}],"inLanguage":"en-US"}]}},"featured_image_src":"https:\/\/sites.uef.fi\/experts-in-medical-computing\/wp-content\/uploads\/sites\/7\/2021\/03\/shutterstock_1032276190-e1614874130220.jpg","_links":{"self":[{"href":"https:\/\/sites.uef.fi\/experts-in-medical-computing\/wp-json\/wp\/v2\/pages\/51","targetHints":{"allow":["GET"]}}],"collection":[{"href":"https:\/\/sites.uef.fi\/experts-in-medical-computing\/wp-json\/wp\/v2\/pages"}],"about":[{"href":"https:\/\/sites.uef.fi\/experts-in-medical-computing\/wp-json\/wp\/v2\/types\/page"}],"author":[{"embeddable":true,"href":"https:\/\/sites.uef.fi\/experts-in-medical-computing\/wp-json\/wp\/v2\/users\/8"}],"replies":[{"embeddable":true,"href":"https:\/\/sites.uef.fi\/experts-in-medical-computing\/wp-json\/wp\/v2\/comments?post=51"}],"version-history":[{"count":2,"href":"https:\/\/sites.uef.fi\/experts-in-medical-computing\/wp-json\/wp\/v2\/pages\/51\/revisions"}],"predecessor-version":[{"id":5373,"href":"https:\/\/sites.uef.fi\/experts-in-medical-computing\/wp-json\/wp\/v2\/pages\/51\/revisions\/5373"}],"wp:featuredmedia":[{"embeddable":true,"href":"https:\/\/sites.uef.fi\/experts-in-medical-computing\/wp-json\/wp\/v2\/media\/3566"}],"wp:attachment":[{"href":"https:\/\/sites.uef.fi\/experts-in-medical-computing\/wp-json\/wp\/v2\/media?parent=51"}],"curies":[{"name":"wp","href":"https:\/\/api.w.org\/{rel}","templated":true}]}}