{"id":1766,"date":"2023-02-23T12:42:35","date_gmt":"2023-02-23T10:42:35","guid":{"rendered":"https:\/\/sites.uef.fi\/farmakokinetiikka\/?page_id=1766"},"modified":"2023-02-23T12:49:30","modified_gmt":"2023-02-23T10:49:30","slug":"tekijat-2","status":"publish","type":"page","link":"https:\/\/sites.uef.fi\/farmakokinetiikka\/simulaatiotehtava-1\/tekijat-2\/","title":{"rendered":"Tekij\u00e4t"},"content":{"rendered":"\n<p><strong>Teht\u00e4v\u00e4t <\/strong><br><em>Marika Ruponen<br>Veli-Pekka Ranta<br>Kati-Sisko Vellonen<\/em><br>It\u00e4-Suomen yliopisto<br>Farmasian laitos<\/p>\n\n\n\n<p><strong>Nettisivut<\/strong><br><em>Annika Valtari<\/em><br>It\u00e4-Suomen yliopisto<br>Farmasian laitos<\/p>\n\n\n\n<p><br>Kiitokset anestesiologian ja tehohoidon erikoisl\u00e4\u00e4k\u00e4ri Hannu Kokille osallistumisesta teht\u00e4vien suunnitteluun sek\u00e4 arvokkaista kommenteista.<\/p>\n\n\n\n<p><\/p>\n","protected":false},"excerpt":{"rendered":"<p>Teht\u00e4v\u00e4t Marika RuponenVeli-Pekka RantaKati-Sisko VellonenIt\u00e4-Suomen yliopistoFarmasian laitos NettisivutAnnika ValtariIt\u00e4-Suomen yliopistoFarmasian laitos Kiitokset anestesiologian ja tehohoidon erikoisl\u00e4\u00e4k\u00e4ri Hannu Kokille osallistumisesta teht\u00e4vien suunnitteluun sek\u00e4 arvokkaista kommenteista.<\/p>\n","protected":false},"author":348,"featured_media":0,"parent":33,"menu_order":6,"comment_status":"closed","ping_status":"closed","template":"","meta":{"_acf_changed":false,"footnotes":""},"class_list":["post-1766","page","type-page","status-publish","hentry"],"acf":[],"yoast_head":"<!-- This site is optimized with the Yoast SEO plugin v27.1.1 - https:\/\/yoast.com\/product\/yoast-seo-wordpress\/ -->\n<title>Tekij\u00e4t - L\u00e4\u00e4kkeiden antoreitit ja farmakokinetiikka \u2013kurssi Oppimisteht\u00e4v\u00e4t<\/title>\n<meta name=\"robots\" content=\"index, follow, max-snippet:-1, max-image-preview:large, max-video-preview:-1\" \/>\n<link rel=\"canonical\" href=\"https:\/\/sites.uef.fi\/farmakokinetiikka\/simulaatiotehtava-1\/tekijat-2\/\" \/>\n<meta property=\"og:locale\" content=\"fi_FI\" \/>\n<meta property=\"og:type\" content=\"article\" \/>\n<meta property=\"og:title\" content=\"Tekij\u00e4t - L\u00e4\u00e4kkeiden antoreitit ja farmakokinetiikka \u2013kurssi Oppimisteht\u00e4v\u00e4t\" \/>\n<meta property=\"og:description\" content=\"Teht\u00e4v\u00e4t Marika RuponenVeli-Pekka RantaKati-Sisko VellonenIt\u00e4-Suomen yliopistoFarmasian laitos NettisivutAnnika ValtariIt\u00e4-Suomen yliopistoFarmasian laitos Kiitokset anestesiologian ja tehohoidon erikoisl\u00e4\u00e4k\u00e4ri Hannu Kokille osallistumisesta teht\u00e4vien suunnitteluun sek\u00e4 arvokkaista kommenteista.\" \/>\n<meta property=\"og:url\" content=\"https:\/\/sites.uef.fi\/farmakokinetiikka\/simulaatiotehtava-1\/tekijat-2\/\" \/>\n<meta property=\"og:site_name\" content=\"L\u00e4\u00e4kkeiden antoreitit ja farmakokinetiikka \u2013kurssi Oppimisteht\u00e4v\u00e4t\" \/>\n<meta property=\"article:modified_time\" content=\"2023-02-23T10:49:30+00:00\" \/>\n<meta name=\"twitter:card\" content=\"summary_large_image\" \/>\n<script type=\"application\/ld+json\" class=\"yoast-schema-graph\">{\"@context\":\"https:\/\/schema.org\",\"@graph\":[{\"@type\":\"WebPage\",\"@id\":\"https:\/\/sites.uef.fi\/farmakokinetiikka\/simulaatiotehtava-1\/tekijat-2\/\",\"url\":\"https:\/\/sites.uef.fi\/farmakokinetiikka\/simulaatiotehtava-1\/tekijat-2\/\",\"name\":\"Tekij\u00e4t - L\u00e4\u00e4kkeiden antoreitit ja farmakokinetiikka \u2013kurssi Oppimisteht\u00e4v\u00e4t\",\"isPartOf\":{\"@id\":\"https:\/\/sites.uef.fi\/farmakokinetiikka\/#website\"},\"datePublished\":\"2023-02-23T10:42:35+00:00\",\"dateModified\":\"2023-02-23T10:49:30+00:00\",\"breadcrumb\":{\"@id\":\"https:\/\/sites.uef.fi\/farmakokinetiikka\/simulaatiotehtava-1\/tekijat-2\/#breadcrumb\"},\"inLanguage\":\"fi\",\"potentialAction\":[{\"@type\":\"ReadAction\",\"target\":[\"https:\/\/sites.uef.fi\/farmakokinetiikka\/simulaatiotehtava-1\/tekijat-2\/\"]}]},{\"@type\":\"BreadcrumbList\",\"@id\":\"https:\/\/sites.uef.fi\/farmakokinetiikka\/simulaatiotehtava-1\/tekijat-2\/#breadcrumb\",\"itemListElement\":[{\"@type\":\"ListItem\",\"position\":1,\"name\":\"Home\",\"item\":\"https:\/\/sites.uef.fi\/farmakokinetiikka\/\"},{\"@type\":\"ListItem\",\"position\":2,\"name\":\"Osa 2\",\"item\":\"https:\/\/sites.uef.fi\/farmakokinetiikka\/simulaatiotehtava-1\/\"},{\"@type\":\"ListItem\",\"position\":3,\"name\":\"Tekij\u00e4t\"}]},{\"@type\":\"WebSite\",\"@id\":\"https:\/\/sites.uef.fi\/farmakokinetiikka\/#website\",\"url\":\"https:\/\/sites.uef.fi\/farmakokinetiikka\/\",\"name\":\"L\u00e4\u00e4kkeiden antoreitit ja farmakokinetiikka \u2013kurssi Oppimisteht\u00e4v\u00e4t\",\"description\":\"\",\"publisher\":{\"@id\":\"https:\/\/sites.uef.fi\/farmakokinetiikka\/#organization\"},\"potentialAction\":[{\"@type\":\"SearchAction\",\"target\":{\"@type\":\"EntryPoint\",\"urlTemplate\":\"https:\/\/sites.uef.fi\/farmakokinetiikka\/?s={search_term_string}\"},\"query-input\":{\"@type\":\"PropertyValueSpecification\",\"valueRequired\":true,\"valueName\":\"search_term_string\"}}],\"inLanguage\":\"fi\"},{\"@type\":\"Organization\",\"@id\":\"https:\/\/sites.uef.fi\/farmakokinetiikka\/#organization\",\"name\":\"L\u00e4\u00e4kkeiden antoreitit ja farmakokinetiikka \u2013kurssi Oppimisteht\u00e4v\u00e4t\",\"url\":\"https:\/\/sites.uef.fi\/farmakokinetiikka\/\",\"logo\":{\"@type\":\"ImageObject\",\"inLanguage\":\"fi\",\"@id\":\"https:\/\/sites.uef.fi\/farmakokinetiikka\/#\/schema\/logo\/image\/\",\"url\":\"https:\/\/sites.uef.fi\/farmakokinetiikka\/wp-content\/uploads\/sites\/226\/2020\/11\/cropped-UEF_wordpress_white.png\",\"contentUrl\":\"https:\/\/sites.uef.fi\/farmakokinetiikka\/wp-content\/uploads\/sites\/226\/2020\/11\/cropped-UEF_wordpress_white.png\",\"width\":250,\"height\":250,\"caption\":\"L\u00e4\u00e4kkeiden antoreitit ja farmakokinetiikka \u2013kurssi Oppimisteht\u00e4v\u00e4t\"},\"image\":{\"@id\":\"https:\/\/sites.uef.fi\/farmakokinetiikka\/#\/schema\/logo\/image\/\"}}]}<\/script>\n<!-- \/ Yoast SEO plugin. -->","yoast_head_json":{"title":"Tekij\u00e4t - L\u00e4\u00e4kkeiden antoreitit ja farmakokinetiikka \u2013kurssi Oppimisteht\u00e4v\u00e4t","robots":{"index":"index","follow":"follow","max-snippet":"max-snippet:-1","max-image-preview":"max-image-preview:large","max-video-preview":"max-video-preview:-1"},"canonical":"https:\/\/sites.uef.fi\/farmakokinetiikka\/simulaatiotehtava-1\/tekijat-2\/","og_locale":"fi_FI","og_type":"article","og_title":"Tekij\u00e4t - L\u00e4\u00e4kkeiden antoreitit ja farmakokinetiikka \u2013kurssi Oppimisteht\u00e4v\u00e4t","og_description":"Teht\u00e4v\u00e4t Marika RuponenVeli-Pekka RantaKati-Sisko VellonenIt\u00e4-Suomen yliopistoFarmasian laitos NettisivutAnnika ValtariIt\u00e4-Suomen yliopistoFarmasian laitos Kiitokset anestesiologian ja tehohoidon erikoisl\u00e4\u00e4k\u00e4ri Hannu Kokille osallistumisesta teht\u00e4vien suunnitteluun sek\u00e4 arvokkaista kommenteista.","og_url":"https:\/\/sites.uef.fi\/farmakokinetiikka\/simulaatiotehtava-1\/tekijat-2\/","og_site_name":"L\u00e4\u00e4kkeiden antoreitit ja farmakokinetiikka \u2013kurssi Oppimisteht\u00e4v\u00e4t","article_modified_time":"2023-02-23T10:49:30+00:00","twitter_card":"summary_large_image","schema":{"@context":"https:\/\/schema.org","@graph":[{"@type":"WebPage","@id":"https:\/\/sites.uef.fi\/farmakokinetiikka\/simulaatiotehtava-1\/tekijat-2\/","url":"https:\/\/sites.uef.fi\/farmakokinetiikka\/simulaatiotehtava-1\/tekijat-2\/","name":"Tekij\u00e4t - L\u00e4\u00e4kkeiden antoreitit ja farmakokinetiikka \u2013kurssi Oppimisteht\u00e4v\u00e4t","isPartOf":{"@id":"https:\/\/sites.uef.fi\/farmakokinetiikka\/#website"},"datePublished":"2023-02-23T10:42:35+00:00","dateModified":"2023-02-23T10:49:30+00:00","breadcrumb":{"@id":"https:\/\/sites.uef.fi\/farmakokinetiikka\/simulaatiotehtava-1\/tekijat-2\/#breadcrumb"},"inLanguage":"fi","potentialAction":[{"@type":"ReadAction","target":["https:\/\/sites.uef.fi\/farmakokinetiikka\/simulaatiotehtava-1\/tekijat-2\/"]}]},{"@type":"BreadcrumbList","@id":"https:\/\/sites.uef.fi\/farmakokinetiikka\/simulaatiotehtava-1\/tekijat-2\/#breadcrumb","itemListElement":[{"@type":"ListItem","position":1,"name":"Home","item":"https:\/\/sites.uef.fi\/farmakokinetiikka\/"},{"@type":"ListItem","position":2,"name":"Osa 2","item":"https:\/\/sites.uef.fi\/farmakokinetiikka\/simulaatiotehtava-1\/"},{"@type":"ListItem","position":3,"name":"Tekij\u00e4t"}]},{"@type":"WebSite","@id":"https:\/\/sites.uef.fi\/farmakokinetiikka\/#website","url":"https:\/\/sites.uef.fi\/farmakokinetiikka\/","name":"L\u00e4\u00e4kkeiden antoreitit ja farmakokinetiikka \u2013kurssi Oppimisteht\u00e4v\u00e4t","description":"","publisher":{"@id":"https:\/\/sites.uef.fi\/farmakokinetiikka\/#organization"},"potentialAction":[{"@type":"SearchAction","target":{"@type":"EntryPoint","urlTemplate":"https:\/\/sites.uef.fi\/farmakokinetiikka\/?s={search_term_string}"},"query-input":{"@type":"PropertyValueSpecification","valueRequired":true,"valueName":"search_term_string"}}],"inLanguage":"fi"},{"@type":"Organization","@id":"https:\/\/sites.uef.fi\/farmakokinetiikka\/#organization","name":"L\u00e4\u00e4kkeiden antoreitit ja farmakokinetiikka \u2013kurssi Oppimisteht\u00e4v\u00e4t","url":"https:\/\/sites.uef.fi\/farmakokinetiikka\/","logo":{"@type":"ImageObject","inLanguage":"fi","@id":"https:\/\/sites.uef.fi\/farmakokinetiikka\/#\/schema\/logo\/image\/","url":"https:\/\/sites.uef.fi\/farmakokinetiikka\/wp-content\/uploads\/sites\/226\/2020\/11\/cropped-UEF_wordpress_white.png","contentUrl":"https:\/\/sites.uef.fi\/farmakokinetiikka\/wp-content\/uploads\/sites\/226\/2020\/11\/cropped-UEF_wordpress_white.png","width":250,"height":250,"caption":"L\u00e4\u00e4kkeiden antoreitit ja farmakokinetiikka \u2013kurssi Oppimisteht\u00e4v\u00e4t"},"image":{"@id":"https:\/\/sites.uef.fi\/farmakokinetiikka\/#\/schema\/logo\/image\/"}}]}},"_links":{"self":[{"href":"https:\/\/sites.uef.fi\/farmakokinetiikka\/wp-json\/wp\/v2\/pages\/1766","targetHints":{"allow":["GET"]}}],"collection":[{"href":"https:\/\/sites.uef.fi\/farmakokinetiikka\/wp-json\/wp\/v2\/pages"}],"about":[{"href":"https:\/\/sites.uef.fi\/farmakokinetiikka\/wp-json\/wp\/v2\/types\/page"}],"author":[{"embeddable":true,"href":"https:\/\/sites.uef.fi\/farmakokinetiikka\/wp-json\/wp\/v2\/users\/348"}],"replies":[{"embeddable":true,"href":"https:\/\/sites.uef.fi\/farmakokinetiikka\/wp-json\/wp\/v2\/comments?post=1766"}],"version-history":[{"count":1,"href":"https:\/\/sites.uef.fi\/farmakokinetiikka\/wp-json\/wp\/v2\/pages\/1766\/revisions"}],"predecessor-version":[{"id":1772,"href":"https:\/\/sites.uef.fi\/farmakokinetiikka\/wp-json\/wp\/v2\/pages\/1766\/revisions\/1772"}],"up":[{"embeddable":true,"href":"https:\/\/sites.uef.fi\/farmakokinetiikka\/wp-json\/wp\/v2\/pages\/33"}],"wp:attachment":[{"href":"https:\/\/sites.uef.fi\/farmakokinetiikka\/wp-json\/wp\/v2\/media?parent=1766"}],"curies":[{"name":"wp","href":"https:\/\/api.w.org\/{rel}","templated":true}]}}