{"id":199,"date":"2020-12-04T08:03:47","date_gmt":"2020-12-04T06:03:47","guid":{"rendered":"https:\/\/sites.uef.fi\/farmakokinetiikka\/?page_id=199"},"modified":"2023-02-23T12:49:15","modified_gmt":"2023-02-23T10:49:15","slug":"pk-pd-mallinnus","status":"publish","type":"page","link":"https:\/\/sites.uef.fi\/farmakokinetiikka\/simulaatiotehtava-1\/pk-pd-mallinnus\/","title":{"rendered":"PK\/PD-mallinnus"},"content":{"rendered":"\n<p>Farmakodynaamisessa mallinnuksessa kuvataan farmakologisen vasteen ja plasmapitoisuuden v\u00e4list\u00e4 yhteytt\u00e4. Kun farmakodynaaminen mallinnus kytket\u00e4\u00e4n l\u00e4\u00e4keaineen farmakokinetiikkaan on kyseess\u00e4 PK\/PD-mallinnus, jonka tavoitteena on selitt\u00e4\u00e4 samanaikaisesti farmakologisen vasteen ja pitoisuuden muutoksia ajan suhteen. Lis\u00e4\u00e4 tietoa PK\/PD-mallinnuksesta l\u00f6yd\u00e4t Farmakokinetiikan perusteet -kirjan kappaleesta 15.<\/p>\n\n\n\n<p>Maksimivasteen malli: Farmakologisen vasteen ja pitoisuuden v\u00e4list\u00e4 yhteytt\u00e4 kuvataan usein maksimivasteen mallilla, joka vastaa matemaattisesti Michaelis-Mentenin kinetiikkaa (Kuva 1):<\/p>\n\n\n\n<div class=\"wp-block-image\"><figure class=\"aligncenter size-full is-resized\"><img loading=\"lazy\" decoding=\"async\" src=\"https:\/\/sites.uef.fi\/farmakokinetiikka\/wp-content\/uploads\/sites\/226\/2021\/03\/PKPD-Kuva-1.png\" alt=\"\" class=\"wp-image-1200\" width=\"464\" height=\"330\" srcset=\"https:\/\/sites.uef.fi\/farmakokinetiikka\/wp-content\/uploads\/sites\/226\/2021\/03\/PKPD-Kuva-1.png 928w, https:\/\/sites.uef.fi\/farmakokinetiikka\/wp-content\/uploads\/sites\/226\/2021\/03\/PKPD-Kuva-1-300x213.png 300w, https:\/\/sites.uef.fi\/farmakokinetiikka\/wp-content\/uploads\/sites\/226\/2021\/03\/PKPD-Kuva-1-768x546.png 768w\" sizes=\"auto, (max-width: 464px) 100vw, 464px\" \/><figcaption><em>Kuva 1. Maksimivasteen malli noudattaa Michaelis-Menten kinetiikkaa, jolloin E = E<sub>max<\/sub> x C \/ (EC50 + C). E = Vasteen suuruus, E<sub>max<\/sub> = Maksimivaste, EC50 = Pitoisuus, jossa vaste on puolet maksimivasteesta ja C = Pitoisuus.<\/em><\/figcaption><\/figure><\/div>\n\n\n\n<p>Sigmoidaalinen maksimivasteen malli: Jos vastek\u00e4yr\u00e4n muoto ei vastaa maksimivasteen mallia, voidaan malliin lis\u00e4t\u00e4 muototekij\u00e4, joka m\u00e4\u00e4ritet\u00e4\u00e4n tutkimusaineiston pohjalta. Kun muototekij\u00e4 on yli 1, vastek\u00e4yr\u00e4 muuttuu jyrkemm\u00e4ksi ja sigmoidaaliseksi (s-kirjaimen muotoiseksi) (Kuva 2). Muototekij\u00e4n ollessa pienempi kuin 1 vaste kasvaa aluksi jyrk\u00e4sti, mutta nousu loivenee jo varsin pienill\u00e4 pitoisuuksilla. Muototekij\u00e4\u00e4 kutsutaan my\u00f6s Hillin kertoimeksi ja yht\u00e4l\u00f6\u00e4 Hillin yht\u00e4l\u00f6ksi sen keksij\u00e4n mukaan.<\/p>\n\n\n\n<div class=\"wp-block-image\"><figure class=\"aligncenter size-full is-resized\"><img loading=\"lazy\" decoding=\"async\" src=\"https:\/\/sites.uef.fi\/farmakokinetiikka\/wp-content\/uploads\/sites\/226\/2021\/03\/PKPD-Kuva-2.png\" alt=\"\" class=\"wp-image-1203\" width=\"464\" height=\"331\" srcset=\"https:\/\/sites.uef.fi\/farmakokinetiikka\/wp-content\/uploads\/sites\/226\/2021\/03\/PKPD-Kuva-2.png 928w, https:\/\/sites.uef.fi\/farmakokinetiikka\/wp-content\/uploads\/sites\/226\/2021\/03\/PKPD-Kuva-2-300x214.png 300w, https:\/\/sites.uef.fi\/farmakokinetiikka\/wp-content\/uploads\/sites\/226\/2021\/03\/PKPD-Kuva-2-768x547.png 768w\" sizes=\"auto, (max-width: 464px) 100vw, 464px\" \/><figcaption><em>Kuva 2. Sigmoidaalinen maksimivasteen malli ja muototekij\u00e4n (0,5 \u2013 5) vaikutus vastek\u00e4yr\u00e4\u00e4n.<\/em><\/figcaption><\/figure><\/div>\n\n\n\n<p>Semiopioidin vastetta voidaan arvioida \u201dkipuindeksin\u201d asteikolla 0-10 eli mit\u00e4 kovempi kipu sen suurempi arvo. T\u00e4ss\u00e4 teht\u00e4v\u00e4ss\u00e4 potilaalla oli l\u00e4ht\u00f6tilanteessa leikkauksen j\u00e4lkeinen keskivahva kipu, joka vastaa kipuindeksin arvoa 5\/10.<\/p>\n\n\n\n<hr class=\"wp-block-separator has-text-color has-background has-cyan-bluish-gray-background-color has-cyan-bluish-gray-color is-style-wide\" \/>\n\n\n\n<p><strong><span class=\"has-inline-color has-vivid-red-color\">Simulaatio 3.<\/span><span style=\"color:#3d0ad6\" class=\"has-inline-color\"> <\/span><\/strong>Simuloi semiopioidin plasmapitoisuus ja vaste nen\u00e4sumutteen ottamisen j\u00e4lkeen. Vertaa huippupitoisuuden ja maksimivasteen ajankohtia. Linkki simulaatiomalliin: <a href=\"https:\/\/exchange.iseesystems.com\/public\/katisiskovellonen\/semiopioidi-simulaatio-3\" target=\"_blank\" rel=\"noreferrer noopener\">Simulaatio 3<\/a><\/p>\n\n\n<div id=\"accordions-964\" class=\"accordions-964 accordions\" data-accordions={&quot;lazyLoad&quot;:true,&quot;id&quot;:&quot;964&quot;,&quot;event&quot;:&quot;click&quot;,&quot;collapsible&quot;:&quot;true&quot;,&quot;heightStyle&quot;:&quot;content&quot;,&quot;animateStyle&quot;:&quot;swing&quot;,&quot;animateDelay&quot;:1000,&quot;navigation&quot;:true,&quot;active&quot;:999,&quot;expandedOther&quot;:&quot;no&quot;}>\r\n                <div id=\"accordions-lazy-964\" class=\"accordions-lazy\" accordionsId=\"964\">\r\n                    <\/div>\r\n\r\n    <div class=\"items\"  style=\"display:none\" >\r\n    \r\n            <div post_id=\"964\" itemcount=\"0\"  header_id=\"header-1611909635313\" id=\"header-1611909635313\" style=\"\" class=\"accordions-head head1611909635313 border-none\" toggle-text=\"\" main-text=\"Mallisimulaatio\">\r\n                                    <span id=\"accordion-icons-1611909635313\" class=\"accordion-icons\">\r\n                        <span class=\"accordion-icon-active accordion-plus\"><i class=\"fas fa-chevron-up\"><\/i><\/span>\r\n                        <span class=\"accordion-icon-inactive accordion-minus\"><i class=\"fas fa-chevron-right\"><\/i><\/span>\r\n                    <\/span>\r\n                    <span id=\"header-text-1611909635313\" class=\"accordions-head-title\">Mallisimulaatio<\/span>\r\n                            <\/div>\r\n            <div class=\"accordion-content content1611909635313 \">\r\n                <p>Simulaatiotulos 50 \u00b5g:n annoksella:<\/p>\n<p><img loading=\"lazy\" decoding=\"async\" class=\"alignnone wp-image-660 size-full\" src=\"https:\/\/sites.uef.fi\/farmakokinetiikka\/wp-content\/uploads\/sites\/226\/2020\/12\/semiopioidi_vastaukset_kuva2.png\" alt=\"\" width=\"1012\" height=\"666\" srcset=\"https:\/\/sites.uef.fi\/farmakokinetiikka\/wp-content\/uploads\/sites\/226\/2020\/12\/semiopioidi_vastaukset_kuva2.png 1012w, https:\/\/sites.uef.fi\/farmakokinetiikka\/wp-content\/uploads\/sites\/226\/2020\/12\/semiopioidi_vastaukset_kuva2-300x197.png 300w, https:\/\/sites.uef.fi\/farmakokinetiikka\/wp-content\/uploads\/sites\/226\/2020\/12\/semiopioidi_vastaukset_kuva2-768x505.png 768w\" sizes=\"auto, (max-width: 767px) 89vw, (max-width: 1000px) 54vw, (max-width: 1071px) 543px, 580px\" \/><\/p>\n<p>Simulaatiotulos 100 \u00b5g:n annoksella:<\/p>\n<p><img loading=\"lazy\" decoding=\"async\" class=\"alignnone wp-image-666 size-full\" src=\"https:\/\/sites.uef.fi\/farmakokinetiikka\/wp-content\/uploads\/sites\/226\/2020\/12\/semiopioidi_vastaukset_kuva3.png\" alt=\"\" width=\"697\" height=\"400\" srcset=\"https:\/\/sites.uef.fi\/farmakokinetiikka\/wp-content\/uploads\/sites\/226\/2020\/12\/semiopioidi_vastaukset_kuva3.png 697w, https:\/\/sites.uef.fi\/farmakokinetiikka\/wp-content\/uploads\/sites\/226\/2020\/12\/semiopioidi_vastaukset_kuva3-300x172.png 300w\" sizes=\"auto, (max-width: 697px) 100vw, 697px\" \/><\/p>\n<p>Simulaatiotulos 200 \u00b5g:n annoksella:<\/p>\n<p><img loading=\"lazy\" decoding=\"async\" class=\"alignnone wp-image-669 size-full\" src=\"https:\/\/sites.uef.fi\/farmakokinetiikka\/wp-content\/uploads\/sites\/226\/2020\/12\/semiopioidi_vastaukset_kuva4.png\" alt=\"\" width=\"691\" height=\"391\" srcset=\"https:\/\/sites.uef.fi\/farmakokinetiikka\/wp-content\/uploads\/sites\/226\/2020\/12\/semiopioidi_vastaukset_kuva4.png 691w, https:\/\/sites.uef.fi\/farmakokinetiikka\/wp-content\/uploads\/sites\/226\/2020\/12\/semiopioidi_vastaukset_kuva4-300x170.png 300w\" sizes=\"auto, (max-width: 691px) 100vw, 691px\" \/><\/p>\n            <\/div>\r\n    <\/div>\r\n\r\n\r\n\r\n            <\/div>\n\n\n\n<hr class=\"wp-block-separator has-text-color has-background has-white-background-color has-white-color\" \/>\n\n\n\n<p><strong>Teht\u00e4v\u00e4 12. <\/strong>Valitse oikea vaihtoehto:<\/p>\n\n\n\n<p>A) Maksimivaste ja huippupitoisuus ovat samanaikaisia eli vaste tulee ilman viivett\u00e4<br>B) Huippupitoisuuden ja maksimivasteen v\u00e4lill\u00e4 on noin 0,1 tunnin viive<br>C) Huippupitoisuuden ja maksimivasteen v\u00e4lill\u00e4 on noin 1 tunnin viive<\/p>\n\n\n\n<div class=\"wp-block-group\"><div class=\"wp-block-group__inner-container is-layout-flow wp-block-group-is-layout-flow\"><div id=\"accordions-862\" class=\"accordions-862 accordions\" data-accordions={&quot;lazyLoad&quot;:true,&quot;id&quot;:&quot;862&quot;,&quot;event&quot;:&quot;click&quot;,&quot;collapsible&quot;:&quot;true&quot;,&quot;heightStyle&quot;:&quot;content&quot;,&quot;animateStyle&quot;:&quot;swing&quot;,&quot;animateDelay&quot;:1000,&quot;navigation&quot;:true,&quot;active&quot;:999,&quot;expandedOther&quot;:&quot;no&quot;}>\r\n                <div id=\"accordions-lazy-862\" class=\"accordions-lazy\" accordionsId=\"862\">\r\n                    <\/div>\r\n\r\n    <div class=\"items\"  style=\"display:none\" >\r\n    \r\n            <div post_id=\"862\" itemcount=\"0\"  header_id=\"header-1611905700509\" id=\"header-1611905700509\" style=\"\" class=\"accordions-head head1611905700509 border-none\" toggle-text=\"\" main-text=\"Vastaus\">\r\n                                    <span id=\"accordion-icons-1611905700509\" class=\"accordion-icons\">\r\n                        <span class=\"accordion-icon-active accordion-plus\"><i class=\"fas fa-chevron-up\"><\/i><\/span>\r\n                        <span class=\"accordion-icon-inactive accordion-minus\"><i class=\"fas fa-chevron-right\"><\/i><\/span>\r\n                    <\/span>\r\n                    <span id=\"header-text-1611905700509\" class=\"accordions-head-title\">Vastaus<\/span>\r\n                            <\/div>\r\n            <div class=\"accordion-content content1611905700509 \">\r\n                <p>Vaihtoehto B, vaste tulee pienell\u00e4 viiveell\u00e4 plasmapitoisuuteen n\u00e4hden.<\/p>\n            <\/div>\r\n    <\/div>\r\n\r\n\r\n\r\n            <\/div>\n\n\n\n<hr class=\"wp-block-separator is-style-wide\" \/>\n<\/div><\/div>\n\n\n\n<p><strong>Teht\u00e4v\u00e4 13. <\/strong>Kasvaako semiopioidin vaste samassa suhteessa annoksen kanssa simulaatiotulosten perusteella? Perustele lyhyesti l\u00e4\u00e4keaineen ja reseptoreiden v\u00e4lisen vuorovaikutuksen n\u00e4k\u00f6kulmasta.<\/p>\n\n\n<div id=\"accordions-868\" class=\"accordions-868 accordions\" data-accordions={&quot;lazyLoad&quot;:true,&quot;id&quot;:&quot;868&quot;,&quot;event&quot;:&quot;click&quot;,&quot;collapsible&quot;:&quot;true&quot;,&quot;heightStyle&quot;:&quot;content&quot;,&quot;animateStyle&quot;:&quot;swing&quot;,&quot;animateDelay&quot;:1000,&quot;navigation&quot;:true,&quot;active&quot;:999,&quot;expandedOther&quot;:&quot;no&quot;}>\r\n                <div id=\"accordions-lazy-868\" class=\"accordions-lazy\" accordionsId=\"868\">\r\n                    <\/div>\r\n\r\n    <div class=\"items\"  style=\"display:none\" >\r\n    \r\n            <div post_id=\"868\" itemcount=\"0\"  header_id=\"header-1611905792458\" id=\"header-1611905792458\" style=\"\" class=\"accordions-head head1611905792458 border-none\" toggle-text=\"\" main-text=\"Vastaus\">\r\n                                    <span id=\"accordion-icons-1611905792458\" class=\"accordion-icons\">\r\n                        <span class=\"accordion-icon-active accordion-plus\"><i class=\"fas fa-chevron-up\"><\/i><\/span>\r\n                        <span class=\"accordion-icon-inactive accordion-minus\"><i class=\"fas fa-chevron-right\"><\/i><\/span>\r\n                    <\/span>\r\n                    <span id=\"header-text-1611905792458\" class=\"accordions-head-title\">Vastaus<\/span>\r\n                            <\/div>\r\n            <div class=\"accordion-content content1611905792458 \">\r\n                <p>Ei. Nen\u00e4sumutteen annoksella 50 \u00b5g kipuindeksi saa arvon 3, 100 \u00b5g annoksella 1 ja 200 \u00b5g annoksella 0, joten kipuindeksi ei laske samassa suhteessa annoksen kanssa. Semiopioidin vaste syntyy sen sitoutumisesta myy-reseptoreihin, joita on rajallinen m\u00e4\u00e4r\u00e4. Kun kaikki reseptorit on miehitetty, vaste ei en\u00e4\u00e4 kasva. Semiopioidin vastetta voidaan kuvata matemaattisesti sigmoidaalisen maksimivasteen mallilla. N\u00e4m\u00e4 simulaatiot esitt\u00e4v\u00e4t keskim\u00e4\u00e4r\u00e4isen trendin. On aina muistettava potilaiden v\u00e4liset erot, joiden vuoksi osa potilaista tarvitsee suuremman l\u00e4\u00e4keannoksen kuin toiset.<\/p>\n            <\/div>\r\n    <\/div>\r\n\r\n\r\n\r\n            <\/div>\n\n\n\n<hr class=\"wp-block-separator has-text-color has-background has-white-background-color has-white-color\" \/>\n\n\n\n<p><\/p>\n","protected":false},"excerpt":{"rendered":"<p>Farmakodynaamisessa mallinnuksessa kuvataan farmakologisen vasteen ja plasmapitoisuuden v\u00e4list\u00e4 yhteytt\u00e4. Kun farmakodynaaminen mallinnus kytket\u00e4\u00e4n l\u00e4\u00e4keaineen farmakokinetiikkaan on kyseess\u00e4 PK\/PD-mallinnus, jonka tavoitteena on selitt\u00e4\u00e4 samanaikaisesti farmakologisen vasteen ja pitoisuuden muutoksia ajan suhteen. Lis\u00e4\u00e4 tietoa PK\/PD-mallinnuksesta l\u00f6yd\u00e4t Farmakokinetiikan perusteet -kirjan kappaleesta 15. Maksimivasteen malli: Farmakologisen vasteen ja pitoisuuden v\u00e4list\u00e4 yhteytt\u00e4 kuvataan usein maksimivasteen mallilla, joka vastaa matemaattisesti Michaelis-Mentenin &hellip; <\/p>\n<p class=\"link-more\"><a href=\"https:\/\/sites.uef.fi\/farmakokinetiikka\/simulaatiotehtava-1\/pk-pd-mallinnus\/\" class=\"more-link\">Jatka lukemista<span class=\"screen-reader-text\"> &#8221;PK\/PD-mallinnus&#8221;<\/span><\/a><\/p>\n","protected":false},"author":348,"featured_media":0,"parent":33,"menu_order":4,"comment_status":"closed","ping_status":"closed","template":"","meta":{"_acf_changed":false,"footnotes":""},"class_list":["post-199","page","type-page","status-publish","hentry"],"acf":[],"yoast_head":"<!-- This site is optimized with the Yoast SEO plugin v27.1.1 - https:\/\/yoast.com\/product\/yoast-seo-wordpress\/ -->\n<title>PK\/PD-mallinnus - L\u00e4\u00e4kkeiden antoreitit ja farmakokinetiikka \u2013kurssi Oppimisteht\u00e4v\u00e4t<\/title>\n<meta name=\"robots\" content=\"index, follow, max-snippet:-1, max-image-preview:large, max-video-preview:-1\" \/>\n<link rel=\"canonical\" href=\"https:\/\/sites.uef.fi\/farmakokinetiikka\/simulaatiotehtava-1\/pk-pd-mallinnus\/\" \/>\n<meta property=\"og:locale\" content=\"fi_FI\" \/>\n<meta property=\"og:type\" content=\"article\" \/>\n<meta property=\"og:title\" content=\"PK\/PD-mallinnus - L\u00e4\u00e4kkeiden antoreitit ja farmakokinetiikka \u2013kurssi Oppimisteht\u00e4v\u00e4t\" \/>\n<meta property=\"og:description\" content=\"Farmakodynaamisessa mallinnuksessa kuvataan farmakologisen vasteen ja plasmapitoisuuden v\u00e4list\u00e4 yhteytt\u00e4. Kun farmakodynaaminen mallinnus kytket\u00e4\u00e4n l\u00e4\u00e4keaineen farmakokinetiikkaan on kyseess\u00e4 PK\/PD-mallinnus, jonka tavoitteena on selitt\u00e4\u00e4 samanaikaisesti farmakologisen vasteen ja pitoisuuden muutoksia ajan suhteen. Lis\u00e4\u00e4 tietoa PK\/PD-mallinnuksesta l\u00f6yd\u00e4t Farmakokinetiikan perusteet -kirjan kappaleesta 15. Maksimivasteen malli: Farmakologisen vasteen ja pitoisuuden v\u00e4list\u00e4 yhteytt\u00e4 kuvataan usein maksimivasteen mallilla, joka vastaa matemaattisesti Michaelis-Mentenin &hellip; Jatka lukemista &quot;PK\/PD-mallinnus&quot;\" \/>\n<meta property=\"og:url\" content=\"https:\/\/sites.uef.fi\/farmakokinetiikka\/simulaatiotehtava-1\/pk-pd-mallinnus\/\" \/>\n<meta property=\"og:site_name\" content=\"L\u00e4\u00e4kkeiden antoreitit ja farmakokinetiikka \u2013kurssi Oppimisteht\u00e4v\u00e4t\" \/>\n<meta property=\"article:modified_time\" content=\"2023-02-23T10:49:15+00:00\" \/>\n<meta property=\"og:image\" content=\"https:\/\/sites.uef.fi\/farmakokinetiikka\/wp-content\/uploads\/sites\/226\/2021\/03\/PKPD-Kuva-1.png\" \/>\n<meta name=\"twitter:card\" content=\"summary_large_image\" \/>\n<meta name=\"twitter:label1\" content=\"Arvioitu lukuaika\" \/>\n\t<meta name=\"twitter:data1\" content=\"1 minuutti\" \/>\n<script type=\"application\/ld+json\" class=\"yoast-schema-graph\">{\"@context\":\"https:\/\/schema.org\",\"@graph\":[{\"@type\":\"WebPage\",\"@id\":\"https:\/\/sites.uef.fi\/farmakokinetiikka\/simulaatiotehtava-1\/pk-pd-mallinnus\/\",\"url\":\"https:\/\/sites.uef.fi\/farmakokinetiikka\/simulaatiotehtava-1\/pk-pd-mallinnus\/\",\"name\":\"PK\/PD-mallinnus - L\u00e4\u00e4kkeiden antoreitit ja farmakokinetiikka \u2013kurssi Oppimisteht\u00e4v\u00e4t\",\"isPartOf\":{\"@id\":\"https:\/\/sites.uef.fi\/farmakokinetiikka\/#website\"},\"primaryImageOfPage\":{\"@id\":\"https:\/\/sites.uef.fi\/farmakokinetiikka\/simulaatiotehtava-1\/pk-pd-mallinnus\/#primaryimage\"},\"image\":{\"@id\":\"https:\/\/sites.uef.fi\/farmakokinetiikka\/simulaatiotehtava-1\/pk-pd-mallinnus\/#primaryimage\"},\"thumbnailUrl\":\"https:\/\/sites.uef.fi\/farmakokinetiikka\/wp-content\/uploads\/sites\/226\/2021\/03\/PKPD-Kuva-1.png\",\"datePublished\":\"2020-12-04T06:03:47+00:00\",\"dateModified\":\"2023-02-23T10:49:15+00:00\",\"breadcrumb\":{\"@id\":\"https:\/\/sites.uef.fi\/farmakokinetiikka\/simulaatiotehtava-1\/pk-pd-mallinnus\/#breadcrumb\"},\"inLanguage\":\"fi\",\"potentialAction\":[{\"@type\":\"ReadAction\",\"target\":[\"https:\/\/sites.uef.fi\/farmakokinetiikka\/simulaatiotehtava-1\/pk-pd-mallinnus\/\"]}]},{\"@type\":\"ImageObject\",\"inLanguage\":\"fi\",\"@id\":\"https:\/\/sites.uef.fi\/farmakokinetiikka\/simulaatiotehtava-1\/pk-pd-mallinnus\/#primaryimage\",\"url\":\"https:\/\/sites.uef.fi\/farmakokinetiikka\/wp-content\/uploads\/sites\/226\/2021\/03\/PKPD-Kuva-1.png\",\"contentUrl\":\"https:\/\/sites.uef.fi\/farmakokinetiikka\/wp-content\/uploads\/sites\/226\/2021\/03\/PKPD-Kuva-1.png\",\"width\":928,\"height\":660},{\"@type\":\"BreadcrumbList\",\"@id\":\"https:\/\/sites.uef.fi\/farmakokinetiikka\/simulaatiotehtava-1\/pk-pd-mallinnus\/#breadcrumb\",\"itemListElement\":[{\"@type\":\"ListItem\",\"position\":1,\"name\":\"Home\",\"item\":\"https:\/\/sites.uef.fi\/farmakokinetiikka\/\"},{\"@type\":\"ListItem\",\"position\":2,\"name\":\"Osa 2\",\"item\":\"https:\/\/sites.uef.fi\/farmakokinetiikka\/simulaatiotehtava-1\/\"},{\"@type\":\"ListItem\",\"position\":3,\"name\":\"PK\/PD-mallinnus\"}]},{\"@type\":\"WebSite\",\"@id\":\"https:\/\/sites.uef.fi\/farmakokinetiikka\/#website\",\"url\":\"https:\/\/sites.uef.fi\/farmakokinetiikka\/\",\"name\":\"L\u00e4\u00e4kkeiden antoreitit ja farmakokinetiikka \u2013kurssi Oppimisteht\u00e4v\u00e4t\",\"description\":\"\",\"publisher\":{\"@id\":\"https:\/\/sites.uef.fi\/farmakokinetiikka\/#organization\"},\"potentialAction\":[{\"@type\":\"SearchAction\",\"target\":{\"@type\":\"EntryPoint\",\"urlTemplate\":\"https:\/\/sites.uef.fi\/farmakokinetiikka\/?s={search_term_string}\"},\"query-input\":{\"@type\":\"PropertyValueSpecification\",\"valueRequired\":true,\"valueName\":\"search_term_string\"}}],\"inLanguage\":\"fi\"},{\"@type\":\"Organization\",\"@id\":\"https:\/\/sites.uef.fi\/farmakokinetiikka\/#organization\",\"name\":\"L\u00e4\u00e4kkeiden antoreitit ja farmakokinetiikka \u2013kurssi Oppimisteht\u00e4v\u00e4t\",\"url\":\"https:\/\/sites.uef.fi\/farmakokinetiikka\/\",\"logo\":{\"@type\":\"ImageObject\",\"inLanguage\":\"fi\",\"@id\":\"https:\/\/sites.uef.fi\/farmakokinetiikka\/#\/schema\/logo\/image\/\",\"url\":\"https:\/\/sites.uef.fi\/farmakokinetiikka\/wp-content\/uploads\/sites\/226\/2020\/11\/cropped-UEF_wordpress_white.png\",\"contentUrl\":\"https:\/\/sites.uef.fi\/farmakokinetiikka\/wp-content\/uploads\/sites\/226\/2020\/11\/cropped-UEF_wordpress_white.png\",\"width\":250,\"height\":250,\"caption\":\"L\u00e4\u00e4kkeiden antoreitit ja farmakokinetiikka \u2013kurssi Oppimisteht\u00e4v\u00e4t\"},\"image\":{\"@id\":\"https:\/\/sites.uef.fi\/farmakokinetiikka\/#\/schema\/logo\/image\/\"}}]}<\/script>\n<!-- \/ Yoast SEO plugin. -->","yoast_head_json":{"title":"PK\/PD-mallinnus - L\u00e4\u00e4kkeiden antoreitit ja farmakokinetiikka \u2013kurssi Oppimisteht\u00e4v\u00e4t","robots":{"index":"index","follow":"follow","max-snippet":"max-snippet:-1","max-image-preview":"max-image-preview:large","max-video-preview":"max-video-preview:-1"},"canonical":"https:\/\/sites.uef.fi\/farmakokinetiikka\/simulaatiotehtava-1\/pk-pd-mallinnus\/","og_locale":"fi_FI","og_type":"article","og_title":"PK\/PD-mallinnus - L\u00e4\u00e4kkeiden antoreitit ja farmakokinetiikka \u2013kurssi Oppimisteht\u00e4v\u00e4t","og_description":"Farmakodynaamisessa mallinnuksessa kuvataan farmakologisen vasteen ja plasmapitoisuuden v\u00e4list\u00e4 yhteytt\u00e4. Kun farmakodynaaminen mallinnus kytket\u00e4\u00e4n l\u00e4\u00e4keaineen farmakokinetiikkaan on kyseess\u00e4 PK\/PD-mallinnus, jonka tavoitteena on selitt\u00e4\u00e4 samanaikaisesti farmakologisen vasteen ja pitoisuuden muutoksia ajan suhteen. Lis\u00e4\u00e4 tietoa PK\/PD-mallinnuksesta l\u00f6yd\u00e4t Farmakokinetiikan perusteet -kirjan kappaleesta 15. Maksimivasteen malli: Farmakologisen vasteen ja pitoisuuden v\u00e4list\u00e4 yhteytt\u00e4 kuvataan usein maksimivasteen mallilla, joka vastaa matemaattisesti Michaelis-Mentenin &hellip; Jatka lukemista \"PK\/PD-mallinnus\"","og_url":"https:\/\/sites.uef.fi\/farmakokinetiikka\/simulaatiotehtava-1\/pk-pd-mallinnus\/","og_site_name":"L\u00e4\u00e4kkeiden antoreitit ja farmakokinetiikka \u2013kurssi Oppimisteht\u00e4v\u00e4t","article_modified_time":"2023-02-23T10:49:15+00:00","og_image":[{"url":"https:\/\/sites.uef.fi\/farmakokinetiikka\/wp-content\/uploads\/sites\/226\/2021\/03\/PKPD-Kuva-1.png","type":"","width":"","height":""}],"twitter_card":"summary_large_image","twitter_misc":{"Arvioitu lukuaika":"1 minuutti"},"schema":{"@context":"https:\/\/schema.org","@graph":[{"@type":"WebPage","@id":"https:\/\/sites.uef.fi\/farmakokinetiikka\/simulaatiotehtava-1\/pk-pd-mallinnus\/","url":"https:\/\/sites.uef.fi\/farmakokinetiikka\/simulaatiotehtava-1\/pk-pd-mallinnus\/","name":"PK\/PD-mallinnus - L\u00e4\u00e4kkeiden antoreitit ja farmakokinetiikka \u2013kurssi Oppimisteht\u00e4v\u00e4t","isPartOf":{"@id":"https:\/\/sites.uef.fi\/farmakokinetiikka\/#website"},"primaryImageOfPage":{"@id":"https:\/\/sites.uef.fi\/farmakokinetiikka\/simulaatiotehtava-1\/pk-pd-mallinnus\/#primaryimage"},"image":{"@id":"https:\/\/sites.uef.fi\/farmakokinetiikka\/simulaatiotehtava-1\/pk-pd-mallinnus\/#primaryimage"},"thumbnailUrl":"https:\/\/sites.uef.fi\/farmakokinetiikka\/wp-content\/uploads\/sites\/226\/2021\/03\/PKPD-Kuva-1.png","datePublished":"2020-12-04T06:03:47+00:00","dateModified":"2023-02-23T10:49:15+00:00","breadcrumb":{"@id":"https:\/\/sites.uef.fi\/farmakokinetiikka\/simulaatiotehtava-1\/pk-pd-mallinnus\/#breadcrumb"},"inLanguage":"fi","potentialAction":[{"@type":"ReadAction","target":["https:\/\/sites.uef.fi\/farmakokinetiikka\/simulaatiotehtava-1\/pk-pd-mallinnus\/"]}]},{"@type":"ImageObject","inLanguage":"fi","@id":"https:\/\/sites.uef.fi\/farmakokinetiikka\/simulaatiotehtava-1\/pk-pd-mallinnus\/#primaryimage","url":"https:\/\/sites.uef.fi\/farmakokinetiikka\/wp-content\/uploads\/sites\/226\/2021\/03\/PKPD-Kuva-1.png","contentUrl":"https:\/\/sites.uef.fi\/farmakokinetiikka\/wp-content\/uploads\/sites\/226\/2021\/03\/PKPD-Kuva-1.png","width":928,"height":660},{"@type":"BreadcrumbList","@id":"https:\/\/sites.uef.fi\/farmakokinetiikka\/simulaatiotehtava-1\/pk-pd-mallinnus\/#breadcrumb","itemListElement":[{"@type":"ListItem","position":1,"name":"Home","item":"https:\/\/sites.uef.fi\/farmakokinetiikka\/"},{"@type":"ListItem","position":2,"name":"Osa 2","item":"https:\/\/sites.uef.fi\/farmakokinetiikka\/simulaatiotehtava-1\/"},{"@type":"ListItem","position":3,"name":"PK\/PD-mallinnus"}]},{"@type":"WebSite","@id":"https:\/\/sites.uef.fi\/farmakokinetiikka\/#website","url":"https:\/\/sites.uef.fi\/farmakokinetiikka\/","name":"L\u00e4\u00e4kkeiden antoreitit ja farmakokinetiikka \u2013kurssi Oppimisteht\u00e4v\u00e4t","description":"","publisher":{"@id":"https:\/\/sites.uef.fi\/farmakokinetiikka\/#organization"},"potentialAction":[{"@type":"SearchAction","target":{"@type":"EntryPoint","urlTemplate":"https:\/\/sites.uef.fi\/farmakokinetiikka\/?s={search_term_string}"},"query-input":{"@type":"PropertyValueSpecification","valueRequired":true,"valueName":"search_term_string"}}],"inLanguage":"fi"},{"@type":"Organization","@id":"https:\/\/sites.uef.fi\/farmakokinetiikka\/#organization","name":"L\u00e4\u00e4kkeiden antoreitit ja farmakokinetiikka \u2013kurssi Oppimisteht\u00e4v\u00e4t","url":"https:\/\/sites.uef.fi\/farmakokinetiikka\/","logo":{"@type":"ImageObject","inLanguage":"fi","@id":"https:\/\/sites.uef.fi\/farmakokinetiikka\/#\/schema\/logo\/image\/","url":"https:\/\/sites.uef.fi\/farmakokinetiikka\/wp-content\/uploads\/sites\/226\/2020\/11\/cropped-UEF_wordpress_white.png","contentUrl":"https:\/\/sites.uef.fi\/farmakokinetiikka\/wp-content\/uploads\/sites\/226\/2020\/11\/cropped-UEF_wordpress_white.png","width":250,"height":250,"caption":"L\u00e4\u00e4kkeiden antoreitit ja farmakokinetiikka \u2013kurssi Oppimisteht\u00e4v\u00e4t"},"image":{"@id":"https:\/\/sites.uef.fi\/farmakokinetiikka\/#\/schema\/logo\/image\/"}}]}},"_links":{"self":[{"href":"https:\/\/sites.uef.fi\/farmakokinetiikka\/wp-json\/wp\/v2\/pages\/199","targetHints":{"allow":["GET"]}}],"collection":[{"href":"https:\/\/sites.uef.fi\/farmakokinetiikka\/wp-json\/wp\/v2\/pages"}],"about":[{"href":"https:\/\/sites.uef.fi\/farmakokinetiikka\/wp-json\/wp\/v2\/types\/page"}],"author":[{"embeddable":true,"href":"https:\/\/sites.uef.fi\/farmakokinetiikka\/wp-json\/wp\/v2\/users\/348"}],"replies":[{"embeddable":true,"href":"https:\/\/sites.uef.fi\/farmakokinetiikka\/wp-json\/wp\/v2\/comments?post=199"}],"version-history":[{"count":2,"href":"https:\/\/sites.uef.fi\/farmakokinetiikka\/wp-json\/wp\/v2\/pages\/199\/revisions"}],"predecessor-version":[{"id":1247,"href":"https:\/\/sites.uef.fi\/farmakokinetiikka\/wp-json\/wp\/v2\/pages\/199\/revisions\/1247"}],"up":[{"embeddable":true,"href":"https:\/\/sites.uef.fi\/farmakokinetiikka\/wp-json\/wp\/v2\/pages\/33"}],"wp:attachment":[{"href":"https:\/\/sites.uef.fi\/farmakokinetiikka\/wp-json\/wp\/v2\/media?parent=199"}],"curies":[{"name":"wp","href":"https:\/\/api.w.org\/{rel}","templated":true}]}}