{"id":235,"date":"2020-12-04T08:18:01","date_gmt":"2020-12-04T06:18:01","guid":{"rendered":"https:\/\/sites.uef.fi\/farmakokinetiikka\/?page_id=235"},"modified":"2023-02-23T13:16:07","modified_gmt":"2023-02-23T11:16:07","slug":"lahteet","status":"publish","type":"page","link":"https:\/\/sites.uef.fi\/farmakokinetiikka\/simulaatiotehtava-1\/lahteet\/","title":{"rendered":"L\u00e4hteet"},"content":{"rendered":"\n<p>Semiopioidi on kuvitteellinen l\u00e4\u00e4keaine, joka muistuttaa jonkin verran fentanyyli\u00e4. N\u00e4iss\u00e4 semiopioiditeht\u00e4viss\u00e4 mukaillaan kirjallisuudessa esitettyj\u00e4 tutkimustuloksia fentanyylin farmakokinetiikasta.<\/p>\n\n\n\n<hr class=\"wp-block-separator has-css-opacity is-style-wide\" \/>\n\n\n\n<p><strong>Kirjallisuus<\/strong><\/p>\n\n\n\n<p>Davies A, Mundin G, Vriens J, Webber K, Buchanan A, Waghorn M: <a href=\"https:\/\/pubmed.ncbi.nlm.nih.gov\/26706627\/\" data-type=\"URL\" data-id=\"https:\/\/pubmed.ncbi.nlm.nih.gov\/26706627\/\">The Influence of Low Salivary<\/a> Flow Rates on the Absorption of a Sublingual Fentanyl Citrate Formulation for Breakthrough Cancer Pain. J Pain Symptom Manage 51(3):538-45, 2016.<\/p>\n\n\n\n<p>Foster D, Upton R, Christrup L, Popper L: <a href=\"https:\/\/pubmed.ncbi.nlm.nih.gov\/18728103\/\" data-type=\"URL\" data-id=\"https:\/\/pubmed.ncbi.nlm.nih.gov\/18728103\/\">Pharmacokinetics and pharmacodynamics<\/a> of intranasal versus intravenous fentanyl in patients with pain after oral surgery. Ann Pharmacother 42(10):1380-1387, 2008.<\/p>\n\n\n\n<p>Streisand JB, Varvel JR, Stanski DR, Le Maire L, Ashburn MA, Hague BI, Tarver SD, Stanley TH: <a href=\"https:\/\/pubmed.ncbi.nlm.nih.gov\/1859010\/\" data-type=\"URL\" data-id=\"https:\/\/pubmed.ncbi.nlm.nih.gov\/1859010\/\">Absorption and bioavailability <\/a>of oral transmucosal fentanyl citrate. Anesthesiology 75(2):223-229, 1991<\/p>\n\n\n\n<p>Zecca E, Manzoni A, Centurioni F, Farina A, Bonizzoni E, Seiler D, Perrone T, Caraceni A: <a href=\"https:\/\/pubmed.ncbi.nlm.nih.gov\/25612845\/\" data-type=\"URL\" data-id=\"https:\/\/pubmed.ncbi.nlm.nih.gov\/25612845\/\">Pharmacokinetic study<\/a> between a bilayer matrix fentalyl patch and a monolayer matrix fentanyl patch: single dose administration in healthy volunteers. Br J Clin Pharmacol 80(1):110-115, 2015.<\/p>\n\n\n\n<p>Vasisht et al.: <a href=\"https:\/\/pubmed.ncbi.nlm.nih.gov\/20492573\/\" data-type=\"URL\" data-id=\"https:\/\/pubmed.ncbi.nlm.nih.gov\/20492573\/\">Single-dose Pharmacokinetics of fentanyl <\/a>buccal soluble film. Pain Medicine 11:1017-1023, 2010<\/p>\n","protected":false},"excerpt":{"rendered":"<p>Semiopioidi on kuvitteellinen l\u00e4\u00e4keaine, joka muistuttaa jonkin verran fentanyyli\u00e4. N\u00e4iss\u00e4 semiopioiditeht\u00e4viss\u00e4 mukaillaan kirjallisuudessa esitettyj\u00e4 tutkimustuloksia fentanyylin farmakokinetiikasta. Kirjallisuus Davies A, Mundin G, Vriens J, Webber K, Buchanan A, Waghorn M: The Influence of Low Salivary Flow Rates on the Absorption of a Sublingual Fentanyl Citrate Formulation for Breakthrough Cancer Pain. J Pain Symptom Manage 51(3):538-45, &hellip; <\/p>\n<p class=\"link-more\"><a href=\"https:\/\/sites.uef.fi\/farmakokinetiikka\/simulaatiotehtava-1\/lahteet\/\" class=\"more-link\">Jatka lukemista<span class=\"screen-reader-text\"> &#8221;L\u00e4hteet&#8221;<\/span><\/a><\/p>\n","protected":false},"author":348,"featured_media":0,"parent":33,"menu_order":5,"comment_status":"closed","ping_status":"closed","template":"","meta":{"_acf_changed":false,"footnotes":""},"class_list":["post-235","page","type-page","status-publish","hentry"],"acf":[],"yoast_head":"<!-- This site is optimized with the Yoast SEO plugin v27.1.1 - https:\/\/yoast.com\/product\/yoast-seo-wordpress\/ -->\n<title>L\u00e4hteet - L\u00e4\u00e4kkeiden antoreitit ja farmakokinetiikka \u2013kurssi Oppimisteht\u00e4v\u00e4t<\/title>\n<meta name=\"robots\" content=\"index, follow, max-snippet:-1, max-image-preview:large, max-video-preview:-1\" \/>\n<link rel=\"canonical\" href=\"https:\/\/sites.uef.fi\/farmakokinetiikka\/simulaatiotehtava-1\/lahteet\/\" \/>\n<meta property=\"og:locale\" content=\"fi_FI\" \/>\n<meta property=\"og:type\" content=\"article\" \/>\n<meta property=\"og:title\" content=\"L\u00e4hteet - L\u00e4\u00e4kkeiden antoreitit ja farmakokinetiikka \u2013kurssi Oppimisteht\u00e4v\u00e4t\" \/>\n<meta property=\"og:description\" content=\"Semiopioidi on kuvitteellinen l\u00e4\u00e4keaine, joka muistuttaa jonkin verran fentanyyli\u00e4. N\u00e4iss\u00e4 semiopioiditeht\u00e4viss\u00e4 mukaillaan kirjallisuudessa esitettyj\u00e4 tutkimustuloksia fentanyylin farmakokinetiikasta. Kirjallisuus Davies A, Mundin G, Vriens J, Webber K, Buchanan A, Waghorn M: The Influence of Low Salivary Flow Rates on the Absorption of a Sublingual Fentanyl Citrate Formulation for Breakthrough Cancer Pain. J Pain Symptom Manage 51(3):538-45, &hellip; Jatka lukemista &quot;L\u00e4hteet&quot;\" \/>\n<meta property=\"og:url\" content=\"https:\/\/sites.uef.fi\/farmakokinetiikka\/simulaatiotehtava-1\/lahteet\/\" \/>\n<meta property=\"og:site_name\" content=\"L\u00e4\u00e4kkeiden antoreitit ja farmakokinetiikka \u2013kurssi Oppimisteht\u00e4v\u00e4t\" \/>\n<meta property=\"article:modified_time\" content=\"2023-02-23T11:16:07+00:00\" \/>\n<meta name=\"twitter:card\" content=\"summary_large_image\" \/>\n<meta name=\"twitter:label1\" content=\"Arvioitu lukuaika\" \/>\n\t<meta name=\"twitter:data1\" content=\"1 minuutti\" \/>\n<script type=\"application\/ld+json\" class=\"yoast-schema-graph\">{\"@context\":\"https:\/\/schema.org\",\"@graph\":[{\"@type\":\"WebPage\",\"@id\":\"https:\/\/sites.uef.fi\/farmakokinetiikka\/simulaatiotehtava-1\/lahteet\/\",\"url\":\"https:\/\/sites.uef.fi\/farmakokinetiikka\/simulaatiotehtava-1\/lahteet\/\",\"name\":\"L\u00e4hteet - L\u00e4\u00e4kkeiden antoreitit ja farmakokinetiikka \u2013kurssi Oppimisteht\u00e4v\u00e4t\",\"isPartOf\":{\"@id\":\"https:\/\/sites.uef.fi\/farmakokinetiikka\/#website\"},\"datePublished\":\"2020-12-04T06:18:01+00:00\",\"dateModified\":\"2023-02-23T11:16:07+00:00\",\"breadcrumb\":{\"@id\":\"https:\/\/sites.uef.fi\/farmakokinetiikka\/simulaatiotehtava-1\/lahteet\/#breadcrumb\"},\"inLanguage\":\"fi\",\"potentialAction\":[{\"@type\":\"ReadAction\",\"target\":[\"https:\/\/sites.uef.fi\/farmakokinetiikka\/simulaatiotehtava-1\/lahteet\/\"]}]},{\"@type\":\"BreadcrumbList\",\"@id\":\"https:\/\/sites.uef.fi\/farmakokinetiikka\/simulaatiotehtava-1\/lahteet\/#breadcrumb\",\"itemListElement\":[{\"@type\":\"ListItem\",\"position\":1,\"name\":\"Home\",\"item\":\"https:\/\/sites.uef.fi\/farmakokinetiikka\/\"},{\"@type\":\"ListItem\",\"position\":2,\"name\":\"Osa 2\",\"item\":\"https:\/\/sites.uef.fi\/farmakokinetiikka\/simulaatiotehtava-1\/\"},{\"@type\":\"ListItem\",\"position\":3,\"name\":\"L\u00e4hteet\"}]},{\"@type\":\"WebSite\",\"@id\":\"https:\/\/sites.uef.fi\/farmakokinetiikka\/#website\",\"url\":\"https:\/\/sites.uef.fi\/farmakokinetiikka\/\",\"name\":\"L\u00e4\u00e4kkeiden antoreitit ja farmakokinetiikka \u2013kurssi Oppimisteht\u00e4v\u00e4t\",\"description\":\"\",\"publisher\":{\"@id\":\"https:\/\/sites.uef.fi\/farmakokinetiikka\/#organization\"},\"potentialAction\":[{\"@type\":\"SearchAction\",\"target\":{\"@type\":\"EntryPoint\",\"urlTemplate\":\"https:\/\/sites.uef.fi\/farmakokinetiikka\/?s={search_term_string}\"},\"query-input\":{\"@type\":\"PropertyValueSpecification\",\"valueRequired\":true,\"valueName\":\"search_term_string\"}}],\"inLanguage\":\"fi\"},{\"@type\":\"Organization\",\"@id\":\"https:\/\/sites.uef.fi\/farmakokinetiikka\/#organization\",\"name\":\"L\u00e4\u00e4kkeiden antoreitit ja farmakokinetiikka \u2013kurssi Oppimisteht\u00e4v\u00e4t\",\"url\":\"https:\/\/sites.uef.fi\/farmakokinetiikka\/\",\"logo\":{\"@type\":\"ImageObject\",\"inLanguage\":\"fi\",\"@id\":\"https:\/\/sites.uef.fi\/farmakokinetiikka\/#\/schema\/logo\/image\/\",\"url\":\"https:\/\/sites.uef.fi\/farmakokinetiikka\/wp-content\/uploads\/sites\/226\/2020\/11\/cropped-UEF_wordpress_white.png\",\"contentUrl\":\"https:\/\/sites.uef.fi\/farmakokinetiikka\/wp-content\/uploads\/sites\/226\/2020\/11\/cropped-UEF_wordpress_white.png\",\"width\":250,\"height\":250,\"caption\":\"L\u00e4\u00e4kkeiden antoreitit ja farmakokinetiikka \u2013kurssi Oppimisteht\u00e4v\u00e4t\"},\"image\":{\"@id\":\"https:\/\/sites.uef.fi\/farmakokinetiikka\/#\/schema\/logo\/image\/\"}}]}<\/script>\n<!-- \/ Yoast SEO plugin. -->","yoast_head_json":{"title":"L\u00e4hteet - L\u00e4\u00e4kkeiden antoreitit ja farmakokinetiikka \u2013kurssi Oppimisteht\u00e4v\u00e4t","robots":{"index":"index","follow":"follow","max-snippet":"max-snippet:-1","max-image-preview":"max-image-preview:large","max-video-preview":"max-video-preview:-1"},"canonical":"https:\/\/sites.uef.fi\/farmakokinetiikka\/simulaatiotehtava-1\/lahteet\/","og_locale":"fi_FI","og_type":"article","og_title":"L\u00e4hteet - L\u00e4\u00e4kkeiden antoreitit ja farmakokinetiikka \u2013kurssi Oppimisteht\u00e4v\u00e4t","og_description":"Semiopioidi on kuvitteellinen l\u00e4\u00e4keaine, joka muistuttaa jonkin verran fentanyyli\u00e4. N\u00e4iss\u00e4 semiopioiditeht\u00e4viss\u00e4 mukaillaan kirjallisuudessa esitettyj\u00e4 tutkimustuloksia fentanyylin farmakokinetiikasta. Kirjallisuus Davies A, Mundin G, Vriens J, Webber K, Buchanan A, Waghorn M: The Influence of Low Salivary Flow Rates on the Absorption of a Sublingual Fentanyl Citrate Formulation for Breakthrough Cancer Pain. J Pain Symptom Manage 51(3):538-45, &hellip; Jatka lukemista \"L\u00e4hteet\"","og_url":"https:\/\/sites.uef.fi\/farmakokinetiikka\/simulaatiotehtava-1\/lahteet\/","og_site_name":"L\u00e4\u00e4kkeiden antoreitit ja farmakokinetiikka \u2013kurssi Oppimisteht\u00e4v\u00e4t","article_modified_time":"2023-02-23T11:16:07+00:00","twitter_card":"summary_large_image","twitter_misc":{"Arvioitu lukuaika":"1 minuutti"},"schema":{"@context":"https:\/\/schema.org","@graph":[{"@type":"WebPage","@id":"https:\/\/sites.uef.fi\/farmakokinetiikka\/simulaatiotehtava-1\/lahteet\/","url":"https:\/\/sites.uef.fi\/farmakokinetiikka\/simulaatiotehtava-1\/lahteet\/","name":"L\u00e4hteet - L\u00e4\u00e4kkeiden antoreitit ja farmakokinetiikka \u2013kurssi Oppimisteht\u00e4v\u00e4t","isPartOf":{"@id":"https:\/\/sites.uef.fi\/farmakokinetiikka\/#website"},"datePublished":"2020-12-04T06:18:01+00:00","dateModified":"2023-02-23T11:16:07+00:00","breadcrumb":{"@id":"https:\/\/sites.uef.fi\/farmakokinetiikka\/simulaatiotehtava-1\/lahteet\/#breadcrumb"},"inLanguage":"fi","potentialAction":[{"@type":"ReadAction","target":["https:\/\/sites.uef.fi\/farmakokinetiikka\/simulaatiotehtava-1\/lahteet\/"]}]},{"@type":"BreadcrumbList","@id":"https:\/\/sites.uef.fi\/farmakokinetiikka\/simulaatiotehtava-1\/lahteet\/#breadcrumb","itemListElement":[{"@type":"ListItem","position":1,"name":"Home","item":"https:\/\/sites.uef.fi\/farmakokinetiikka\/"},{"@type":"ListItem","position":2,"name":"Osa 2","item":"https:\/\/sites.uef.fi\/farmakokinetiikka\/simulaatiotehtava-1\/"},{"@type":"ListItem","position":3,"name":"L\u00e4hteet"}]},{"@type":"WebSite","@id":"https:\/\/sites.uef.fi\/farmakokinetiikka\/#website","url":"https:\/\/sites.uef.fi\/farmakokinetiikka\/","name":"L\u00e4\u00e4kkeiden antoreitit ja farmakokinetiikka \u2013kurssi Oppimisteht\u00e4v\u00e4t","description":"","publisher":{"@id":"https:\/\/sites.uef.fi\/farmakokinetiikka\/#organization"},"potentialAction":[{"@type":"SearchAction","target":{"@type":"EntryPoint","urlTemplate":"https:\/\/sites.uef.fi\/farmakokinetiikka\/?s={search_term_string}"},"query-input":{"@type":"PropertyValueSpecification","valueRequired":true,"valueName":"search_term_string"}}],"inLanguage":"fi"},{"@type":"Organization","@id":"https:\/\/sites.uef.fi\/farmakokinetiikka\/#organization","name":"L\u00e4\u00e4kkeiden antoreitit ja farmakokinetiikka \u2013kurssi Oppimisteht\u00e4v\u00e4t","url":"https:\/\/sites.uef.fi\/farmakokinetiikka\/","logo":{"@type":"ImageObject","inLanguage":"fi","@id":"https:\/\/sites.uef.fi\/farmakokinetiikka\/#\/schema\/logo\/image\/","url":"https:\/\/sites.uef.fi\/farmakokinetiikka\/wp-content\/uploads\/sites\/226\/2020\/11\/cropped-UEF_wordpress_white.png","contentUrl":"https:\/\/sites.uef.fi\/farmakokinetiikka\/wp-content\/uploads\/sites\/226\/2020\/11\/cropped-UEF_wordpress_white.png","width":250,"height":250,"caption":"L\u00e4\u00e4kkeiden antoreitit ja farmakokinetiikka \u2013kurssi Oppimisteht\u00e4v\u00e4t"},"image":{"@id":"https:\/\/sites.uef.fi\/farmakokinetiikka\/#\/schema\/logo\/image\/"}}]}},"_links":{"self":[{"href":"https:\/\/sites.uef.fi\/farmakokinetiikka\/wp-json\/wp\/v2\/pages\/235","targetHints":{"allow":["GET"]}}],"collection":[{"href":"https:\/\/sites.uef.fi\/farmakokinetiikka\/wp-json\/wp\/v2\/pages"}],"about":[{"href":"https:\/\/sites.uef.fi\/farmakokinetiikka\/wp-json\/wp\/v2\/types\/page"}],"author":[{"embeddable":true,"href":"https:\/\/sites.uef.fi\/farmakokinetiikka\/wp-json\/wp\/v2\/users\/348"}],"replies":[{"embeddable":true,"href":"https:\/\/sites.uef.fi\/farmakokinetiikka\/wp-json\/wp\/v2\/comments?post=235"}],"version-history":[{"count":2,"href":"https:\/\/sites.uef.fi\/farmakokinetiikka\/wp-json\/wp\/v2\/pages\/235\/revisions"}],"predecessor-version":[{"id":1781,"href":"https:\/\/sites.uef.fi\/farmakokinetiikka\/wp-json\/wp\/v2\/pages\/235\/revisions\/1781"}],"up":[{"embeddable":true,"href":"https:\/\/sites.uef.fi\/farmakokinetiikka\/wp-json\/wp\/v2\/pages\/33"}],"wp:attachment":[{"href":"https:\/\/sites.uef.fi\/farmakokinetiikka\/wp-json\/wp\/v2\/media?parent=235"}],"curies":[{"name":"wp","href":"https:\/\/api.w.org\/{rel}","templated":true}]}}