{"id":28,"date":"2020-11-02T13:11:34","date_gmt":"2020-11-02T11:11:34","guid":{"rendered":"https:\/\/sites.uef.fi\/farmakokinetiikka\/?page_id=28"},"modified":"2023-02-24T13:13:41","modified_gmt":"2023-02-24T11:13:41","slug":"etusivu","status":"publish","type":"page","link":"https:\/\/sites.uef.fi\/farmakokinetiikka\/","title":{"rendered":"Etusivu"},"content":{"rendered":"\n<p>N\u00e4iden farmakokineettisi\u00e4 simulaatioita sis\u00e4lt\u00e4vien teht\u00e4vien tarkoituksena on havainnollistaa miten antoreitti ja l\u00e4\u00e4kemuoto vaikuttavat l\u00e4\u00e4keaineen plasmapitoisuuteen. Oppimisteht\u00e4v\u00e4t liittyv\u00e4t kahteen kuvitteelliseen l\u00e4\u00e4keaineeseen. Taustatietoa aiheeseen ja apua teht\u00e4vien ratkaisuun saat kirjoista Farmakokinetiikan perusteet (Ranta ja Honkakoski 2017) ja Biofarmasian perusteet (Ruponen ym. 2018).<\/p>\n\n\n\n<p><strong><a href=\"https:\/\/sites.uef.fi\/farmakokinetiikka\/osa-1\/\">OSA 1<\/a><\/strong><\/p>\n\n\n\n<p>Semikodoni (kuvitteellinen l\u00e4\u00e4keaine) on voimakas kipul\u00e4\u00e4ke. Se annetaan laskimoon bolusinjektiona tai infuusiona. Suun kautta semikodonia voidaan ottaa erilaisina tablettivalmisteina. T\u00e4ss\u00e4 teht\u00e4v\u00e4ss\u00e4 tavoitteena on ymm\u00e4rt\u00e4\u00e4:<\/p>\n\n\n\n<ul class=\"wp-block-list\">\n<li>Miten antoreitti, antotapa ja l\u00e4\u00e4kemuoto vaikuttavat l\u00e4\u00e4keaineen pitoisuuteen plasmassa kerta-annoksella ja pitk\u00e4aikaisessa l\u00e4\u00e4kityksess\u00e4<\/li>\n\n\n\n<li>Miten l\u00e4\u00e4keannos lasketaan halutun tavoitepitoisuuden saavuttamiseksi<\/li>\n\n\n\n<li>Miten l\u00e4\u00e4keaineiden v\u00e4liset yhteisvaikutukset (metabolian inhibitio ja induktio) vaikuttavat l\u00e4\u00e4keaineen pitoisuuteen plasmassa<\/li>\n<\/ul>\n\n\n\n<p><strong><a href=\"https:\/\/sites.uef.fi\/farmakokinetiikka\/simulaatiotehtava-1\/\">OSA 2<\/a><\/strong><\/p>\n\n\n\n<p>Semiopioidi (kuvitteellinen l\u00e4\u00e4keaine) on voimakas kipul\u00e4\u00e4ke, jota voidaan antaa useita eri antoreittej\u00e4 pitkin. T\u00e4ss\u00e4 teht\u00e4v\u00e4ss\u00e4 tavoitteena on oppia:<\/p>\n\n\n\n<ul class=\"wp-block-list\">\n<li>Antoreitin ja l\u00e4\u00e4kemuodon vaikutus l\u00e4\u00e4keaineen plasmapitoisuusk\u00e4yr\u00e4\u00e4n<\/li>\n\n\n\n<li>Eri antoreittien ja valmistetyyppien yhteisk\u00e4ytt\u00f6<\/li>\n\n\n\n<li>L\u00e4\u00e4keaineen plasmapitoisuuden ja vasteen v\u00e4lisen yhteyden mallinnus<\/li>\n<\/ul>\n\n\n\n<p><strong><a href=\"https:\/\/sites.uef.fi\/farmakokinetiikka\/simulaatiotehtava-2\/\">OSA 3<\/a><\/strong><\/p>\n\n\n\n<p>Semifenaakki (kuvitteellinen l\u00e4\u00e4keaine) on anti-inflammatorinen kipul\u00e4\u00e4ke, josta tarkastellaan suun kautta otettavia l\u00e4\u00e4kemuotoja. T\u00e4ss\u00e4 teht\u00e4v\u00e4ss\u00e4 tavoitteena on oppia:<\/p>\n\n\n\n<ul class=\"wp-block-list\">\n<li>L\u00e4\u00e4kemuodon vaikutus l\u00e4\u00e4keaineen imeytymiseen ja plasmapitoisuusk\u00e4yr\u00e4\u00e4n<\/li>\n\n\n\n<li>Ruoan vaikutus l\u00e4\u00e4keaineen imeytymiseen eri valmisteista<\/li>\n<\/ul>\n\n\n\n<p><\/p>\n","protected":false},"excerpt":{"rendered":"<p>N\u00e4iden farmakokineettisi\u00e4 simulaatioita sis\u00e4lt\u00e4vien teht\u00e4vien tarkoituksena on havainnollistaa miten antoreitti ja l\u00e4\u00e4kemuoto vaikuttavat l\u00e4\u00e4keaineen plasmapitoisuuteen. Oppimisteht\u00e4v\u00e4t liittyv\u00e4t kahteen kuvitteelliseen l\u00e4\u00e4keaineeseen. Taustatietoa aiheeseen ja apua teht\u00e4vien ratkaisuun saat kirjoista Farmakokinetiikan perusteet (Ranta ja Honkakoski 2017) ja Biofarmasian perusteet (Ruponen ym. 2018). OSA 1 Semikodoni (kuvitteellinen l\u00e4\u00e4keaine) on voimakas kipul\u00e4\u00e4ke. Se annetaan laskimoon bolusinjektiona tai infuusiona. Suun &hellip; <\/p>\n<p class=\"link-more\"><a href=\"https:\/\/sites.uef.fi\/farmakokinetiikka\/\" class=\"more-link\">Jatka lukemista<span class=\"screen-reader-text\"> &#8221;Etusivu&#8221;<\/span><\/a><\/p>\n","protected":false},"author":2,"featured_media":0,"parent":0,"menu_order":0,"comment_status":"closed","ping_status":"closed","template":"","meta":{"_acf_changed":false,"footnotes":""},"class_list":["post-28","page","type-page","status-publish","hentry"],"acf":[],"yoast_head":"<!-- This site is optimized with the Yoast SEO plugin v27.1.1 - https:\/\/yoast.com\/product\/yoast-seo-wordpress\/ -->\n<title>Etusivu - L\u00e4\u00e4kkeiden antoreitit ja farmakokinetiikka \u2013kurssi Oppimisteht\u00e4v\u00e4t<\/title>\n<meta name=\"robots\" content=\"index, follow, max-snippet:-1, max-image-preview:large, max-video-preview:-1\" \/>\n<link rel=\"canonical\" href=\"https:\/\/sites.uef.fi\/farmakokinetiikka\/\" \/>\n<meta property=\"og:locale\" content=\"fi_FI\" \/>\n<meta property=\"og:type\" content=\"article\" \/>\n<meta property=\"og:title\" content=\"Etusivu - L\u00e4\u00e4kkeiden antoreitit ja farmakokinetiikka \u2013kurssi Oppimisteht\u00e4v\u00e4t\" \/>\n<meta property=\"og:description\" content=\"N\u00e4iden farmakokineettisi\u00e4 simulaatioita sis\u00e4lt\u00e4vien teht\u00e4vien tarkoituksena on havainnollistaa miten antoreitti ja l\u00e4\u00e4kemuoto vaikuttavat l\u00e4\u00e4keaineen plasmapitoisuuteen. Oppimisteht\u00e4v\u00e4t liittyv\u00e4t kahteen kuvitteelliseen l\u00e4\u00e4keaineeseen. Taustatietoa aiheeseen ja apua teht\u00e4vien ratkaisuun saat kirjoista Farmakokinetiikan perusteet (Ranta ja Honkakoski 2017) ja Biofarmasian perusteet (Ruponen ym. 2018). OSA 1 Semikodoni (kuvitteellinen l\u00e4\u00e4keaine) on voimakas kipul\u00e4\u00e4ke. Se annetaan laskimoon bolusinjektiona tai infuusiona. Suun &hellip; Jatka lukemista &quot;Etusivu&quot;\" \/>\n<meta property=\"og:url\" content=\"https:\/\/sites.uef.fi\/farmakokinetiikka\/\" \/>\n<meta property=\"og:site_name\" content=\"L\u00e4\u00e4kkeiden antoreitit ja farmakokinetiikka \u2013kurssi Oppimisteht\u00e4v\u00e4t\" \/>\n<meta property=\"article:modified_time\" content=\"2023-02-24T11:13:41+00:00\" \/>\n<meta name=\"twitter:card\" content=\"summary_large_image\" \/>\n<meta name=\"twitter:label1\" content=\"Arvioitu lukuaika\" \/>\n\t<meta name=\"twitter:data1\" content=\"1 minuutti\" \/>\n<script type=\"application\/ld+json\" class=\"yoast-schema-graph\">{\"@context\":\"https:\/\/schema.org\",\"@graph\":[{\"@type\":\"WebPage\",\"@id\":\"https:\/\/sites.uef.fi\/farmakokinetiikka\/\",\"url\":\"https:\/\/sites.uef.fi\/farmakokinetiikka\/\",\"name\":\"Etusivu - L\u00e4\u00e4kkeiden antoreitit ja farmakokinetiikka \u2013kurssi Oppimisteht\u00e4v\u00e4t\",\"isPartOf\":{\"@id\":\"https:\/\/sites.uef.fi\/farmakokinetiikka\/#website\"},\"datePublished\":\"2020-11-02T11:11:34+00:00\",\"dateModified\":\"2023-02-24T11:13:41+00:00\",\"breadcrumb\":{\"@id\":\"https:\/\/sites.uef.fi\/farmakokinetiikka\/#breadcrumb\"},\"inLanguage\":\"fi\",\"potentialAction\":[{\"@type\":\"ReadAction\",\"target\":[\"https:\/\/sites.uef.fi\/farmakokinetiikka\/\"]}]},{\"@type\":\"BreadcrumbList\",\"@id\":\"https:\/\/sites.uef.fi\/farmakokinetiikka\/#breadcrumb\",\"itemListElement\":[{\"@type\":\"ListItem\",\"position\":1,\"name\":\"Home\",\"item\":\"https:\/\/sites.uef.fi\/farmakokinetiikka\/\"},{\"@type\":\"ListItem\",\"position\":2,\"name\":\"Etusivu\"}]},{\"@type\":\"WebSite\",\"@id\":\"https:\/\/sites.uef.fi\/farmakokinetiikka\/#website\",\"url\":\"https:\/\/sites.uef.fi\/farmakokinetiikka\/\",\"name\":\"L\u00e4\u00e4kkeiden antoreitit ja farmakokinetiikka \u2013kurssi Oppimisteht\u00e4v\u00e4t\",\"description\":\"\",\"publisher\":{\"@id\":\"https:\/\/sites.uef.fi\/farmakokinetiikka\/#organization\"},\"potentialAction\":[{\"@type\":\"SearchAction\",\"target\":{\"@type\":\"EntryPoint\",\"urlTemplate\":\"https:\/\/sites.uef.fi\/farmakokinetiikka\/?s={search_term_string}\"},\"query-input\":{\"@type\":\"PropertyValueSpecification\",\"valueRequired\":true,\"valueName\":\"search_term_string\"}}],\"inLanguage\":\"fi\"},{\"@type\":\"Organization\",\"@id\":\"https:\/\/sites.uef.fi\/farmakokinetiikka\/#organization\",\"name\":\"L\u00e4\u00e4kkeiden antoreitit ja farmakokinetiikka \u2013kurssi Oppimisteht\u00e4v\u00e4t\",\"url\":\"https:\/\/sites.uef.fi\/farmakokinetiikka\/\",\"logo\":{\"@type\":\"ImageObject\",\"inLanguage\":\"fi\",\"@id\":\"https:\/\/sites.uef.fi\/farmakokinetiikka\/#\/schema\/logo\/image\/\",\"url\":\"https:\/\/sites.uef.fi\/farmakokinetiikka\/wp-content\/uploads\/sites\/226\/2020\/11\/cropped-UEF_wordpress_white.png\",\"contentUrl\":\"https:\/\/sites.uef.fi\/farmakokinetiikka\/wp-content\/uploads\/sites\/226\/2020\/11\/cropped-UEF_wordpress_white.png\",\"width\":250,\"height\":250,\"caption\":\"L\u00e4\u00e4kkeiden antoreitit ja farmakokinetiikka \u2013kurssi Oppimisteht\u00e4v\u00e4t\"},\"image\":{\"@id\":\"https:\/\/sites.uef.fi\/farmakokinetiikka\/#\/schema\/logo\/image\/\"}}]}<\/script>\n<!-- \/ Yoast SEO plugin. -->","yoast_head_json":{"title":"Etusivu - L\u00e4\u00e4kkeiden antoreitit ja farmakokinetiikka \u2013kurssi Oppimisteht\u00e4v\u00e4t","robots":{"index":"index","follow":"follow","max-snippet":"max-snippet:-1","max-image-preview":"max-image-preview:large","max-video-preview":"max-video-preview:-1"},"canonical":"https:\/\/sites.uef.fi\/farmakokinetiikka\/","og_locale":"fi_FI","og_type":"article","og_title":"Etusivu - L\u00e4\u00e4kkeiden antoreitit ja farmakokinetiikka \u2013kurssi Oppimisteht\u00e4v\u00e4t","og_description":"N\u00e4iden farmakokineettisi\u00e4 simulaatioita sis\u00e4lt\u00e4vien teht\u00e4vien tarkoituksena on havainnollistaa miten antoreitti ja l\u00e4\u00e4kemuoto vaikuttavat l\u00e4\u00e4keaineen plasmapitoisuuteen. Oppimisteht\u00e4v\u00e4t liittyv\u00e4t kahteen kuvitteelliseen l\u00e4\u00e4keaineeseen. Taustatietoa aiheeseen ja apua teht\u00e4vien ratkaisuun saat kirjoista Farmakokinetiikan perusteet (Ranta ja Honkakoski 2017) ja Biofarmasian perusteet (Ruponen ym. 2018). OSA 1 Semikodoni (kuvitteellinen l\u00e4\u00e4keaine) on voimakas kipul\u00e4\u00e4ke. Se annetaan laskimoon bolusinjektiona tai infuusiona. Suun &hellip; Jatka lukemista \"Etusivu\"","og_url":"https:\/\/sites.uef.fi\/farmakokinetiikka\/","og_site_name":"L\u00e4\u00e4kkeiden antoreitit ja farmakokinetiikka \u2013kurssi Oppimisteht\u00e4v\u00e4t","article_modified_time":"2023-02-24T11:13:41+00:00","twitter_card":"summary_large_image","twitter_misc":{"Arvioitu lukuaika":"1 minuutti"},"schema":{"@context":"https:\/\/schema.org","@graph":[{"@type":"WebPage","@id":"https:\/\/sites.uef.fi\/farmakokinetiikka\/","url":"https:\/\/sites.uef.fi\/farmakokinetiikka\/","name":"Etusivu - L\u00e4\u00e4kkeiden antoreitit ja farmakokinetiikka \u2013kurssi Oppimisteht\u00e4v\u00e4t","isPartOf":{"@id":"https:\/\/sites.uef.fi\/farmakokinetiikka\/#website"},"datePublished":"2020-11-02T11:11:34+00:00","dateModified":"2023-02-24T11:13:41+00:00","breadcrumb":{"@id":"https:\/\/sites.uef.fi\/farmakokinetiikka\/#breadcrumb"},"inLanguage":"fi","potentialAction":[{"@type":"ReadAction","target":["https:\/\/sites.uef.fi\/farmakokinetiikka\/"]}]},{"@type":"BreadcrumbList","@id":"https:\/\/sites.uef.fi\/farmakokinetiikka\/#breadcrumb","itemListElement":[{"@type":"ListItem","position":1,"name":"Home","item":"https:\/\/sites.uef.fi\/farmakokinetiikka\/"},{"@type":"ListItem","position":2,"name":"Etusivu"}]},{"@type":"WebSite","@id":"https:\/\/sites.uef.fi\/farmakokinetiikka\/#website","url":"https:\/\/sites.uef.fi\/farmakokinetiikka\/","name":"L\u00e4\u00e4kkeiden antoreitit ja farmakokinetiikka \u2013kurssi Oppimisteht\u00e4v\u00e4t","description":"","publisher":{"@id":"https:\/\/sites.uef.fi\/farmakokinetiikka\/#organization"},"potentialAction":[{"@type":"SearchAction","target":{"@type":"EntryPoint","urlTemplate":"https:\/\/sites.uef.fi\/farmakokinetiikka\/?s={search_term_string}"},"query-input":{"@type":"PropertyValueSpecification","valueRequired":true,"valueName":"search_term_string"}}],"inLanguage":"fi"},{"@type":"Organization","@id":"https:\/\/sites.uef.fi\/farmakokinetiikka\/#organization","name":"L\u00e4\u00e4kkeiden antoreitit ja farmakokinetiikka \u2013kurssi Oppimisteht\u00e4v\u00e4t","url":"https:\/\/sites.uef.fi\/farmakokinetiikka\/","logo":{"@type":"ImageObject","inLanguage":"fi","@id":"https:\/\/sites.uef.fi\/farmakokinetiikka\/#\/schema\/logo\/image\/","url":"https:\/\/sites.uef.fi\/farmakokinetiikka\/wp-content\/uploads\/sites\/226\/2020\/11\/cropped-UEF_wordpress_white.png","contentUrl":"https:\/\/sites.uef.fi\/farmakokinetiikka\/wp-content\/uploads\/sites\/226\/2020\/11\/cropped-UEF_wordpress_white.png","width":250,"height":250,"caption":"L\u00e4\u00e4kkeiden antoreitit ja farmakokinetiikka \u2013kurssi Oppimisteht\u00e4v\u00e4t"},"image":{"@id":"https:\/\/sites.uef.fi\/farmakokinetiikka\/#\/schema\/logo\/image\/"}}]}},"_links":{"self":[{"href":"https:\/\/sites.uef.fi\/farmakokinetiikka\/wp-json\/wp\/v2\/pages\/28","targetHints":{"allow":["GET"]}}],"collection":[{"href":"https:\/\/sites.uef.fi\/farmakokinetiikka\/wp-json\/wp\/v2\/pages"}],"about":[{"href":"https:\/\/sites.uef.fi\/farmakokinetiikka\/wp-json\/wp\/v2\/types\/page"}],"author":[{"embeddable":true,"href":"https:\/\/sites.uef.fi\/farmakokinetiikka\/wp-json\/wp\/v2\/users\/2"}],"replies":[{"embeddable":true,"href":"https:\/\/sites.uef.fi\/farmakokinetiikka\/wp-json\/wp\/v2\/comments?post=28"}],"version-history":[{"count":2,"href":"https:\/\/sites.uef.fi\/farmakokinetiikka\/wp-json\/wp\/v2\/pages\/28\/revisions"}],"predecessor-version":[{"id":1797,"href":"https:\/\/sites.uef.fi\/farmakokinetiikka\/wp-json\/wp\/v2\/pages\/28\/revisions\/1797"}],"wp:attachment":[{"href":"https:\/\/sites.uef.fi\/farmakokinetiikka\/wp-json\/wp\/v2\/media?parent=28"}],"curies":[{"name":"wp","href":"https:\/\/api.w.org\/{rel}","templated":true}]}}